{"id":2696,"date":"2024-11-10T22:10:16","date_gmt":"2024-11-10T22:10:16","guid":{"rendered":"https:\/\/www.oncolifestyle.com\/?page_id=2696"},"modified":"2024-12-03T10:51:15","modified_gmt":"2024-12-03T10:51:15","slug":"ernaehrung","status":"publish","type":"page","link":"https:\/\/www.oncolifestyle.com\/de\/ernaehrung\/","title":{"rendered":"Ern\u00e4hrung"},"content":{"rendered":"<div class=\"wpb-content-wrapper\"><p>[vc_row full_width=&#8220;stretch_row&#8220; css=&#8220;.vc_custom_1731276601809{background-image: url(https:\/\/www.oncolifestyle.com\/wp-content\/uploads\/2024\/11\/nutrition-banner.jpg?id=2349) !important;background-position: center !important;background-repeat: no-repeat !important;background-size: cover !important;}&#8220; el_class=&#8220;page-banner&#8220;][vc_column width=&#8220;1\/12&#8243;][\/vc_column][vc_column width=&#8220;7\/12&#8243;][vc_empty_space height=&#8220;17vw&#8220;][vc_custom_heading text=&#8220;Ern\u00e4hrung&#8220; font_container=&#8220;tag:h1|text_align:left|color:%23ffffff&#8220; use_theme_fonts=&#8220;yes&#8220; css=&#8220;.vc_custom_1733222768687{margin-top: 0px !important;}&#8220;][vc_empty_space height=&#8220;5vw&#8220;][\/vc_column][vc_column width=&#8220;3\/12&#8243;][\/vc_column][vc_column width=&#8220;1\/12&#8243;][\/vc_column][\/vc_row][vc_row][vc_column width=&#8220;1\/12&#8243;][\/vc_column][vc_column width=&#8220;1\/2&#8243;][vc_column_text el_class=&#8220;breadcrumbs&#8220;]<!-- Breadcrumb NavXT 7.3.1 -->\n<span property=\"itemListElement\" typeof=\"ListItem\"><a property=\"item\" typeof=\"WebPage\" title=\"Gehe zu Oncolifestyle.\" href=\"https:\/\/www.oncolifestyle.com\/de\/\" class=\"home\" aria-current=\"page\"><span property=\"name\">Oncolifestyle<\/span><\/a><meta property=\"position\" content=\"1\"><\/span>[\/vc_column_text][vc_column_text css=&#8220;.vc_custom_1733222845739{margin-top: 50px !important;}&#8220;]<\/p>\n<h6 class=\"green-pill\">Nach ihrer diagnose<\/h6>\n<h2>Die Kraft einer gesunden Ern\u00e4hrung nutzen<\/h2>\n<p>Gutes Essen unterst\u00fctzt das Wohlbefinden. Nach einer Krebsdiagnose kann Ihnen eine gesunde Ern\u00e4hrung helfen, besser und l\u00e4nger zu leben und mit einigen unerw\u00fcnschten Nebenwirkungen der Krebsbehandlung fertig zu werden.<\/p>\n<p>Ganz gleich, ob Sie f\u00fcr sich selbst oder im Namen eines geliebten Menschen hier sind, es ist nie zu sp\u00e4t, etwas zu \u00e4ndern. Das bedeutet nicht, dass Sie einen Ern\u00e4hrungsplan ben\u00f6tigen. Stattdessen m\u00f6chten wir Ihnen helfen herauszufinden, wie sich die von Ihnen konsumierten Lebensmittel auf Ihre Lebensqualit\u00e4t auswirken k\u00f6nnen \u2013 und Sie dazu inspirieren, kleine, aber dauerhafte, zu Gewohnheiten werdende \u00c4nderungen vorzunehmen. Schlie\u00dflich soll gutes Essen Freude bereiten und keine Vorschrift sein![\/vc_column_text][\/vc_column][vc_column width=&#8220;5\/12&#8243;][vc_single_image image=&#8220;2355&#8243; img_size=&#8220;large&#8220; el_class=&#8220;page-circle-image&#8220;][\/vc_column][\/vc_row][vc_row][vc_column][vc_custom_heading text=&#8220;Entdecken Sie die Neuigkeiten &#8220; font_container=&#8220;tag:h2|text_align:center&#8220; use_theme_fonts=&#8220;yes&#8220; el_class=&#8220;accent-line center&#8220; css=&#8220;.vc_custom_1733222866113{margin-top: 100px !important;margin-bottom: 100px !important;}&#8220;][\/vc_column][\/vc_row][vc_row][vc_column][vc_column_text]<div class=\"category-filter-bar\" data-container-id=\"ajax-posts-container-3645232801\" data-posts-per-page=\"5\" data-limit=\"100\"><span>Filtern nach:<\/span> <a href=\"#\" class=\"filter-link active\" data-category=\"71,48,36\">Alle<\/a> <a href=\"#\" class=\"filter-link\" data-category=\"48\">Ern\u00e4hrungstipps<\/a> <a href=\"#\" class=\"filter-link\" data-category=\"36\">Rezepte<\/a> <\/div><div class=\"ajax-posts-container feature-first\" id=\"ajax-posts-container-3645232801\" data-feature-first=\"true\"><div class=\"custom-post-grid\" data-categories=\"71,48,36\" data-active-categories=\"71,48,36\" data-posts-per-page=\"5\" data-limit=\"100\" data-paged=\"1\">\t\t\t<div class=\"custom-post-card\">\n\t\t\t\t\t\t\t\t\t<a class=\"post-thumbnail-wrapper\" href=\"https:\/\/www.oncolifestyle.com\/de\/nutrition-de\/wie-beeinflusst-die-nahrung-die-sie-zu-sich-nehmen-ihre-gesundheit\/\">\n\t\t\t\t\t\t<img decoding=\"async\" src=\"https:\/\/www.oncolifestyle.com\/wp-content\/uploads\/2024\/11\/shutterstock_1450969046.jpg\" alt=\"Wie beeinflusst die Nahrung, die Sie zu sich nehmen, Ihre Gesundheit?\" class=\"post-thumbnail\" \/>\n\t\t\t\t\t<\/a>\n\t\t\t\t\t\t\t\t<div class=\"post-content\">\n\t\t\t\t\t\t\t\t\t\t\t<span class=\"post-category green-pill\">Gut essen, um gut zu leben<\/span>\n\t\t\t\t\t\t\t\t\t\n\t\t\t\t\t<h2 class=\"post-title\"><a href=\"https:\/\/www.oncolifestyle.com\/de\/nutrition-de\/wie-beeinflusst-die-nahrung-die-sie-zu-sich-nehmen-ihre-gesundheit\/\">Wie beeinflusst die Nahrung, die Sie zu sich nehmen, Ihre Gesundheit?<\/a><\/h2>\n\t\t\t\t\t<a href=\"https:\/\/www.oncolifestyle.com\/de\/nutrition-de\/wie-beeinflusst-die-nahrung-die-sie-zu-sich-nehmen-ihre-gesundheit\/\" class=\"read-more\">Mehr erfahren<\/a>\n\t\t\t\t<\/div>\n\t\t\t<\/div>\n\t\t\t\t\t\t<div class=\"custom-post-card\">\n\t\t\t\t\t\t\t\t\t<a class=\"post-thumbnail-wrapper\" href=\"https:\/\/www.oncolifestyle.com\/de\/ernahrungstipps\/what-to-do-when-you-have-no-appetite\/\">\n\t\t\t\t\t\t<img decoding=\"async\" src=\"https:\/\/www.oncolifestyle.com\/wp-content\/uploads\/2024\/11\/shutterstock_1050118058.jpg\" alt=\"Was kannst Du gegen Appetitlosigkeit tun?\" class=\"post-thumbnail\" \/>\n\t\t\t\t\t<\/a>\n\t\t\t\t\t\t\t\t<div class=\"post-content\">\n\t\t\t\t\t\t\t\t\t\t\t<span class=\"post-category green-pill\">Ern\u00e4hrungstipps<\/span>\n\t\t\t\t\t\t\t\t\t\n\t\t\t\t\t<h2 class=\"post-title\"><a href=\"https:\/\/www.oncolifestyle.com\/de\/ernahrungstipps\/what-to-do-when-you-have-no-appetite\/\">Was kannst Du gegen Appetitlosigkeit tun?<\/a><\/h2>\n\t\t\t\t\t<a href=\"https:\/\/www.oncolifestyle.com\/de\/ernahrungstipps\/what-to-do-when-you-have-no-appetite\/\" class=\"read-more\">Mehr erfahren<\/a>\n\t\t\t\t<\/div>\n\t\t\t<\/div>\n\t\t\t\t\t\t<div class=\"custom-post-card\">\n\t\t\t\t\t\t\t\t\t<a class=\"post-thumbnail-wrapper\" href=\"https:\/\/www.oncolifestyle.com\/de\/ernahrungstipps\/dietary-tips-for-nausea-and-vomiting\/\">\n\t\t\t\t\t\t<img decoding=\"async\" src=\"https:\/\/www.oncolifestyle.com\/wp-content\/uploads\/2024\/11\/woman-bowing-her-head-toilet-bathroom-top-view.jpg\" alt=\"Ern\u00e4hrungstipps, die bei \u00dcbelkeit und Erbrechen helfen k\u00f6nnen\" class=\"post-thumbnail\" \/>\n\t\t\t\t\t<\/a>\n\t\t\t\t\t\t\t\t<div class=\"post-content\">\n\t\t\t\t\t\t\t\t\t\t\t<span class=\"post-category green-pill\">Ern\u00e4hrungstipps<\/span>\n\t\t\t\t\t\t\t\t\t\n\t\t\t\t\t<h2 class=\"post-title\"><a href=\"https:\/\/www.oncolifestyle.com\/de\/ernahrungstipps\/dietary-tips-for-nausea-and-vomiting\/\">Ern\u00e4hrungstipps, die bei \u00dcbelkeit und Erbrechen helfen k\u00f6nnen<\/a><\/h2>\n\t\t\t\t\t<a href=\"https:\/\/www.oncolifestyle.com\/de\/ernahrungstipps\/dietary-tips-for-nausea-and-vomiting\/\" class=\"read-more\">Mehr erfahren<\/a>\n\t\t\t\t<\/div>\n\t\t\t<\/div>\n\t\t\t\t\t\t<div class=\"custom-post-card\">\n\t\t\t\t\t\t\t\t\t<a class=\"post-thumbnail-wrapper\" href=\"https:\/\/www.oncolifestyle.com\/de\/ernahrungstipps\/why-getting-enough-protein-is-important\/\">\n\t\t\t\t\t\t<img decoding=\"async\" src=\"https:\/\/www.oncolifestyle.com\/wp-content\/uploads\/2024\/11\/fresh-tuna-eggs.jpg\" alt=\"Achte auf eine ausreichende Eiwei\u00dfzufuhr\" class=\"post-thumbnail\" \/>\n\t\t\t\t\t<\/a>\n\t\t\t\t\t\t\t\t<div class=\"post-content\">\n\t\t\t\t\t\t\t\t\t\t\t<span class=\"post-category green-pill\">Ern\u00e4hrungstipps<\/span>\n\t\t\t\t\t\t\t\t\t\n\t\t\t\t\t<h2 class=\"post-title\"><a href=\"https:\/\/www.oncolifestyle.com\/de\/ernahrungstipps\/why-getting-enough-protein-is-important\/\">Achte auf eine ausreichende Eiwei\u00dfzufuhr<\/a><\/h2>\n\t\t\t\t\t<a href=\"https:\/\/www.oncolifestyle.com\/de\/ernahrungstipps\/why-getting-enough-protein-is-important\/\" class=\"read-more\">Mehr erfahren<\/a>\n\t\t\t\t<\/div>\n\t\t\t<\/div>\n\t\t\t\t\t\t<div class=\"custom-post-card\">\n\t\t\t\t\t\t\t\t\t<a class=\"post-thumbnail-wrapper\" href=\"https:\/\/www.oncolifestyle.com\/de\/ernahrungstipps\/sizilianische-rezepte\/\">\n\t\t\t\t\t\t<img decoding=\"async\" src=\"https:\/\/www.oncolifestyle.com\/wp-content\/uploads\/2024\/11\/fresh-tuna-eggs.jpg\" alt=\"Sizilianische Rezepte\" class=\"post-thumbnail\" \/>\n\t\t\t\t\t<\/a>\n\t\t\t\t\t\t\t\t<div class=\"post-content\">\n\t\t\t\t\t\t\t\t\t\t\t<span class=\"post-category green-pill\">Ern\u00e4hrungstipps<\/span>\n\t\t\t\t\t\t\t\t\t\n\t\t\t\t\t<h2 class=\"post-title\"><a href=\"https:\/\/www.oncolifestyle.com\/de\/ernahrungstipps\/sizilianische-rezepte\/\">Sizilianische Rezepte<\/a><\/h2>\n\t\t\t\t\t<a href=\"https:\/\/www.oncolifestyle.com\/de\/ernahrungstipps\/sizilianische-rezepte\/\" class=\"read-more\">Mehr erfahren<\/a>\n\t\t\t\t<\/div>\n\t\t\t<\/div>\n\t\t\t<\/div>\n\t\t<div class=\"vc_btn3-container  view-more-articles vc_btn3-center\" style=\"margin-top: 20px;\">\n\t\t\t<button class=\"load-more vc_general vc_btn3 vc_btn3-size-md vc_btn3-shape-round vc_btn3-style-classic vc_btn3-color-danger\" data-paged=\"2\">Weitere Artikel ansehen<\/button>\n\t\t<\/div> <\/div>[\/vc_column_text][\/vc_column][\/vc_row][vc_row][vc_column][vc_custom_heading text=&#8220;Mehr entdecken&#8220; font_container=&#8220;tag:h2|text_align:center&#8220; use_theme_fonts=&#8220;yes&#8220; el_class=&#8220;accent-line center&#8220; css=&#8220;.vc_custom_1733222887089{margin-top: 130px !important;padding-bottom: 150px !important;}&#8220;][\/vc_column][\/vc_row][vc_row gap=&#8220;30&#8243; equal_height=&#8220;yes&#8220; css=&#8220;.vc_custom_1731312530635{padding-bottom: 100px !important;background-image: url(https:\/\/www.oncolifestyle.com\/wp-content\/uploads\/2022\/08\/news-bg.jpg?id=148) !important;background-position: 0 0 !important;background-repeat: no-repeat !important;}&#8220; el_class=&#8220;explore-cards&#8220;][vc_column width=&#8220;1\/2&#8243; css=&#8220;.vc_custom_1731312481077{margin-top: -100px !important;background-image: url(https:\/\/www.oncolifestyle.com\/wp-content\/uploads\/2024\/11\/physical-activity-card-bg.jpg?id=2721) !important;background-position: center !important;background-repeat: no-repeat !important;background-size: cover !important;}&#8220; el_class=&#8220;home-cards&#8220;][vc_single_image image=&#8220;2739&#8243; img_size=&#8220;200&#215;220&#8243; alignment=&#8220;right&#8220;][vc_column_text]<\/p>\n<h4>K\u00d6RPERLICHE AKTIVIT\u00c4T<\/h4>\n<p class=\"p1\">Erfahren Sie, wie regelm\u00e4\u00dfige Bewegung Ihr k\u00f6rperliches, mentales und soziales Wohlbefinden f\u00f6rdern kann.<\/p>\n<p>[\/vc_column_text][vc_btn title=&#8220;Mehr erfahren&#8220; style=&#8220;classic&#8220; shape=&#8220;square&#8220; color=&#8220;white&#8220; link=&#8220;url:https%3A%2F%2Fwww.oncolifestyle.com%2Fde%2Fprostatakrebs%2Fkoerperliche-aktivitaeten%2F|title:K%C3%B6rperliche%20Aktivit%C3%A4ten&#8220;][\/vc_column][vc_column width=&#8220;1\/2&#8243; css=&#8220;.vc_custom_1731312500410{margin-top: -100px !important;background-image: url(https:\/\/www.oncolifestyle.com\/wp-content\/uploads\/2024\/11\/mental-health-card-bg.jpg?id=2709) !important;}&#8220; el_class=&#8220;home-cards&#8220;][vc_single_image image=&#8220;2727&#8243; img_size=&#8220;210&#215;240&#8243; alignment=&#8220;right&#8220;][vc_column_text]<\/p>\n<h4>MENTALE GESUNDHEIT<\/h4>\n<p>Verstehen Sie, wie Krebs Ihre kognitive und emotionale Gesundheit beeinflusst \u2013 und wie Sie Ihr mentales Wohlbefinden sch\u00fctzen k\u00f6nnen.[\/vc_column_text][vc_btn title=&#8220;Mehr erfahren&#8220; style=&#8220;classic&#8220; shape=&#8220;square&#8220; color=&#8220;white&#8220; link=&#8220;url:https%3A%2F%2Fwww.oncolifestyle.com%2Fde%2Fprostatakrebs%2Fmentale-leistungsfaehigkeit%2F|title:Mental%20Health&#8220;][\/vc_column][\/vc_row][vc_row css=&#8220;.vc_custom_1731277799166{padding-top: 100px !important;padding-bottom: 100px !important;}&#8220;][vc_column width=&#8220;1\/12&#8243;][\/vc_column][vc_column width=&#8220;10\/12&#8243;][vc_custom_heading text=&#8220;Verl\u00e4ssliche Informationen&#8220; font_container=&#8220;tag:h2|text_align:center&#8220; use_theme_fonts=&#8220;yes&#8220; el_class=&#8220;accent-line center size-sm&#8220;][vc_column_text]<\/p>\n<p style=\"text-align: center;\">Bei so vielen Meinungen kann es schwierig sein, zu wissen, wem man vertrauen sollte. Bei Oncolifestyle bem\u00fchen wir uns, Ihnen evidenzbasierte Informationen bereitzustellen, die sorgf\u00e4ltig mit Blick auf Ihre Gesundheit recherchiert wurden.<\/p>\n<p>[\/vc_column_text][\/vc_column][vc_column width=&#8220;1\/12&#8243;][\/vc_column][\/vc_row]<\/p>\n<\/div>","protected":false},"excerpt":{"rendered":"<p>[vc_row full_width=&#8220;stretch_row&#8220; css=&#8220;.vc_custom_1731276601809{background-image: url(https:\/\/www.oncolifestyle.com\/wp-content\/uploads\/2024\/11\/nutrition-banner.jpg?id=2349) !important;background-position: center !important;background-repeat: no-repeat !important;background-size: cover !important;}&#8220; el_class=&#8220;page-banner&#8220;][vc_column width=&#8220;1\/12&#8243;][\/vc_column][vc_column width=&#8220;7\/12&#8243;][vc_empty_space height=&#8220;17vw&#8220;][vc_custom_heading text=&#8220;Ern\u00e4hrung&#8220; font_container=&#8220;tag:h1|text_align:left|color:%23ffffff&#8220; use_theme_fonts=&#8220;yes&#8220; css=&#8220;.vc_custom_1733222768687{margin-top: 0px [&hellip;]<\/p>\n","protected":false},"author":1,"featured_media":0,"parent":0,"menu_order":0,"comment_status":"closed","ping_status":"closed","template":"template-fullwidth.php","meta":{"_acf_changed":false,"inline_featured_image":false,"footnotes":""},"class_list":["post-2696","page","type-page","status-publish","hentry"],"acf":[],"yoast_head":"<!-- This site is optimized with the Yoast SEO plugin v23.8 - https:\/\/yoast.com\/wordpress\/plugins\/seo\/ -->\n<title>Ern\u00e4hrung w\u00e4hrend und nach einer Krebserkrankung | Oncolifestyle<\/title>\n<meta name=\"description\" content=\"Erfahren Sie, wie Ern\u00e4hrung und gesunde Lebensgewohnheiten das Wohlbefinden w\u00e4hrend und nach einer Krebserkrankung unterst\u00fctzen k\u00f6nnen.\" \/>\n<meta name=\"robots\" content=\"index, follow, max-snippet:-1, max-image-preview:large, max-video-preview:-1\" \/>\n<link rel=\"canonical\" href=\"https:\/\/www.oncolifestyle.com\/de\/ernaehrung\/\" \/>\n<meta property=\"og:locale\" content=\"de_DE\" \/>\n<meta property=\"og:type\" content=\"article\" \/>\n<meta property=\"og:title\" content=\"Ern\u00e4hrung w\u00e4hrend und nach einer Krebserkrankung | Oncolifestyle\" \/>\n<meta property=\"og:description\" content=\"Erfahren Sie, wie Ern\u00e4hrung und gesunde Lebensgewohnheiten das Wohlbefinden w\u00e4hrend und nach einer Krebserkrankung unterst\u00fctzen k\u00f6nnen.\" \/>\n<meta property=\"og:url\" content=\"https:\/\/www.oncolifestyle.com\/de\/ernaehrung\/\" \/>\n<meta property=\"og:site_name\" content=\"Oncolifestyle\" \/>\n<meta property=\"article:modified_time\" content=\"2024-12-03T10:51:15+00:00\" \/>\n<meta name=\"twitter:card\" content=\"summary_large_image\" \/>\n<meta name=\"twitter:label1\" content=\"Gesch\u00e4tzte Lesezeit\" \/>\n\t<meta name=\"twitter:data1\" content=\"2\u00a0Minuten\" \/>\n<script type=\"application\/ld+json\" class=\"yoast-schema-graph\">{\"@context\":\"https:\/\/schema.org\",\"@graph\":[{\"@type\":\"WebPage\",\"@id\":\"https:\/\/www.oncolifestyle.com\/de\/ernaehrung\/\",\"url\":\"https:\/\/www.oncolifestyle.com\/de\/ernaehrung\/\",\"name\":\"Ern\u00e4hrung w\u00e4hrend und nach einer Krebserkrankung | Oncolifestyle\",\"isPartOf\":{\"@id\":\"https:\/\/www.oncolifestyle.com\/de\/#website\"},\"datePublished\":\"2024-11-10T22:10:16+00:00\",\"dateModified\":\"2024-12-03T10:51:15+00:00\",\"description\":\"Erfahren Sie, wie Ern\u00e4hrung und gesunde Lebensgewohnheiten das Wohlbefinden w\u00e4hrend und nach einer Krebserkrankung unterst\u00fctzen k\u00f6nnen.\",\"breadcrumb\":{\"@id\":\"https:\/\/www.oncolifestyle.com\/de\/ernaehrung\/#breadcrumb\"},\"inLanguage\":\"de\",\"potentialAction\":[{\"@type\":\"ReadAction\",\"target\":[\"https:\/\/www.oncolifestyle.com\/de\/ernaehrung\/\"]}]},{\"@type\":\"BreadcrumbList\",\"@id\":\"https:\/\/www.oncolifestyle.com\/de\/ernaehrung\/#breadcrumb\",\"itemListElement\":[{\"@type\":\"ListItem\",\"position\":1,\"name\":\"Home\",\"item\":\"https:\/\/www.oncolifestyle.com\/de\/\"},{\"@type\":\"ListItem\",\"position\":2,\"name\":\"Ern\u00e4hrung\"}]},{\"@type\":\"WebSite\",\"@id\":\"https:\/\/www.oncolifestyle.com\/de\/#website\",\"url\":\"https:\/\/www.oncolifestyle.com\/de\/\",\"name\":\"Oncolifestyle\",\"description\":\"Helping people with cancer live well\",\"publisher\":{\"@id\":\"https:\/\/www.oncolifestyle.com\/de\/#organization\"},\"potentialAction\":[{\"@type\":\"SearchAction\",\"target\":{\"@type\":\"EntryPoint\",\"urlTemplate\":\"https:\/\/www.oncolifestyle.com\/de\/?s={search_term_string}\"},\"query-input\":{\"@type\":\"PropertyValueSpecification\",\"valueRequired\":true,\"valueName\":\"search_term_string\"}}],\"inLanguage\":\"de\"},{\"@type\":\"Organization\",\"@id\":\"https:\/\/www.oncolifestyle.com\/de\/#organization\",\"name\":\"Oncolifestyle\",\"url\":\"https:\/\/www.oncolifestyle.com\/de\/\",\"logo\":{\"@type\":\"ImageObject\",\"inLanguage\":\"de\",\"@id\":\"https:\/\/www.oncolifestyle.com\/de\/#\/schema\/logo\/image\/\",\"url\":\"https:\/\/www.oncolifestyle.com\/wp-content\/uploads\/2022\/08\/ONCO_LOGO_RGB_horizontal.png\",\"contentUrl\":\"https:\/\/www.oncolifestyle.com\/wp-content\/uploads\/2022\/08\/ONCO_LOGO_RGB_horizontal.png\",\"width\":2062,\"height\":434,\"caption\":\"Oncolifestyle\"},\"image\":{\"@id\":\"https:\/\/www.oncolifestyle.com\/de\/#\/schema\/logo\/image\/\"}}]}<\/script>\n<!-- \/ Yoast SEO plugin. -->","yoast_head_json":{"title":"Ern\u00e4hrung w\u00e4hrend und nach einer Krebserkrankung | Oncolifestyle","description":"Erfahren Sie, wie Ern\u00e4hrung und gesunde Lebensgewohnheiten das Wohlbefinden w\u00e4hrend und nach einer Krebserkrankung unterst\u00fctzen k\u00f6nnen.","robots":{"index":"index","follow":"follow","max-snippet":"max-snippet:-1","max-image-preview":"max-image-preview:large","max-video-preview":"max-video-preview:-1"},"canonical":"https:\/\/www.oncolifestyle.com\/de\/ernaehrung\/","og_locale":"de_DE","og_type":"article","og_title":"Ern\u00e4hrung w\u00e4hrend und nach einer Krebserkrankung | Oncolifestyle","og_description":"Erfahren Sie, wie Ern\u00e4hrung und gesunde Lebensgewohnheiten das Wohlbefinden w\u00e4hrend und nach einer Krebserkrankung unterst\u00fctzen k\u00f6nnen.","og_url":"https:\/\/www.oncolifestyle.com\/de\/ernaehrung\/","og_site_name":"Oncolifestyle","article_modified_time":"2024-12-03T10:51:15+00:00","twitter_card":"summary_large_image","twitter_misc":{"Gesch\u00e4tzte Lesezeit":"2\u00a0Minuten"},"schema":{"@context":"https:\/\/schema.org","@graph":[{"@type":"WebPage","@id":"https:\/\/www.oncolifestyle.com\/de\/ernaehrung\/","url":"https:\/\/www.oncolifestyle.com\/de\/ernaehrung\/","name":"Ern\u00e4hrung w\u00e4hrend und nach einer Krebserkrankung | Oncolifestyle","isPartOf":{"@id":"https:\/\/www.oncolifestyle.com\/de\/#website"},"datePublished":"2024-11-10T22:10:16+00:00","dateModified":"2024-12-03T10:51:15+00:00","description":"Erfahren Sie, wie Ern\u00e4hrung und gesunde Lebensgewohnheiten das Wohlbefinden w\u00e4hrend und nach einer Krebserkrankung unterst\u00fctzen k\u00f6nnen.","breadcrumb":{"@id":"https:\/\/www.oncolifestyle.com\/de\/ernaehrung\/#breadcrumb"},"inLanguage":"de","potentialAction":[{"@type":"ReadAction","target":["https:\/\/www.oncolifestyle.com\/de\/ernaehrung\/"]}]},{"@type":"BreadcrumbList","@id":"https:\/\/www.oncolifestyle.com\/de\/ernaehrung\/#breadcrumb","itemListElement":[{"@type":"ListItem","position":1,"name":"Home","item":"https:\/\/www.oncolifestyle.com\/de\/"},{"@type":"ListItem","position":2,"name":"Ern\u00e4hrung"}]},{"@type":"WebSite","@id":"https:\/\/www.oncolifestyle.com\/de\/#website","url":"https:\/\/www.oncolifestyle.com\/de\/","name":"Oncolifestyle","description":"Helping people with cancer live well","publisher":{"@id":"https:\/\/www.oncolifestyle.com\/de\/#organization"},"potentialAction":[{"@type":"SearchAction","target":{"@type":"EntryPoint","urlTemplate":"https:\/\/www.oncolifestyle.com\/de\/?s={search_term_string}"},"query-input":{"@type":"PropertyValueSpecification","valueRequired":true,"valueName":"search_term_string"}}],"inLanguage":"de"},{"@type":"Organization","@id":"https:\/\/www.oncolifestyle.com\/de\/#organization","name":"Oncolifestyle","url":"https:\/\/www.oncolifestyle.com\/de\/","logo":{"@type":"ImageObject","inLanguage":"de","@id":"https:\/\/www.oncolifestyle.com\/de\/#\/schema\/logo\/image\/","url":"https:\/\/www.oncolifestyle.com\/wp-content\/uploads\/2022\/08\/ONCO_LOGO_RGB_horizontal.png","contentUrl":"https:\/\/www.oncolifestyle.com\/wp-content\/uploads\/2022\/08\/ONCO_LOGO_RGB_horizontal.png","width":2062,"height":434,"caption":"Oncolifestyle"},"image":{"@id":"https:\/\/www.oncolifestyle.com\/de\/#\/schema\/logo\/image\/"}}]}},"_links":{"self":[{"href":"https:\/\/www.oncolifestyle.com\/de\/wp-json\/wp\/v2\/pages\/2696","targetHints":{"allow":["GET"]}}],"collection":[{"href":"https:\/\/www.oncolifestyle.com\/de\/wp-json\/wp\/v2\/pages"}],"about":[{"href":"https:\/\/www.oncolifestyle.com\/de\/wp-json\/wp\/v2\/types\/page"}],"author":[{"embeddable":true,"href":"https:\/\/www.oncolifestyle.com\/de\/wp-json\/wp\/v2\/users\/1"}],"replies":[{"embeddable":true,"href":"https:\/\/www.oncolifestyle.com\/de\/wp-json\/wp\/v2\/comments?post=2696"}],"version-history":[{"count":3,"href":"https:\/\/www.oncolifestyle.com\/de\/wp-json\/wp\/v2\/pages\/2696\/revisions"}],"predecessor-version":[{"id":3431,"href":"https:\/\/www.oncolifestyle.com\/de\/wp-json\/wp\/v2\/pages\/2696\/revisions\/3431"}],"wp:attachment":[{"href":"https:\/\/www.oncolifestyle.com\/de\/wp-json\/wp\/v2\/media?parent=2696"}],"curies":[{"name":"wp","href":"https:\/\/api.w.org\/{rel}","templated":true}]}}