{"id":2760,"date":"2024-11-11T12:03:32","date_gmt":"2024-11-11T12:03:32","guid":{"rendered":"https:\/\/www.oncolifestyle.com\/?page_id=2760"},"modified":"2024-12-06T11:55:22","modified_gmt":"2024-12-06T11:55:22","slug":"koerperliche-aktivitaeten","status":"publish","type":"page","link":"https:\/\/www.oncolifestyle.com\/de\/koerperliche-aktivitaeten\/","title":{"rendered":"K\u00f6rperliche Aktivit\u00e4ten"},"content":{"rendered":"<div class=\"wpb-content-wrapper\"><p>[vc_row full_width=&#8220;stretch_row&#8220; css=&#8220;.vc_custom_1731326548535{background-image: url(https:\/\/www.oncolifestyle.com\/wp-content\/uploads\/2024\/11\/phisical-activity-banner.jpg?id=2361) !important;background-position: center !important;background-repeat: no-repeat !important;background-size: cover !important;}&#8220; el_class=&#8220;page-banner&#8220;][vc_column width=&#8220;1\/12&#8243;][\/vc_column][vc_column width=&#8220;7\/12&#8243;][vc_empty_space height=&#8220;17vw&#8220;][vc_custom_heading text=&#8220;K\u00f6rperliche Aktivit\u00e4ten&#8220; font_container=&#8220;tag:h1|text_align:left|color:%23ffffff&#8220; use_theme_fonts=&#8220;yes&#8220; css=&#8220;.vc_custom_1733485759148{margin-top: 0px !important;}&#8220;][vc_empty_space height=&#8220;5vw&#8220;][\/vc_column][vc_column width=&#8220;3\/12&#8243;][\/vc_column][vc_column width=&#8220;1\/12&#8243;][\/vc_column][\/vc_row][vc_row][vc_column width=&#8220;1\/12&#8243;][\/vc_column][vc_column width=&#8220;1\/2&#8243;][vc_column_text el_class=&#8220;breadcrumbs&#8220;]<!-- Breadcrumb NavXT 7.3.1 -->\n<span property=\"itemListElement\" typeof=\"ListItem\"><a property=\"item\" typeof=\"WebPage\" title=\"Gehe zu Oncolifestyle.\" href=\"https:\/\/www.oncolifestyle.com\/de\/\" class=\"home\" aria-current=\"page\"><span property=\"name\">Oncolifestyle<\/span><\/a><meta property=\"position\" content=\"1\"><\/span>[\/vc_column_text][vc_column_text css=&#8220;.vc_custom_1733485916618{margin-top: 50px !important;}&#8220;]<\/p>\n<h6 class=\"green-pill\">Nach ihrer diagnose<\/h6>\n<h2>Nutzen Sie den positiven Effekt von Bewegung auf den Krankheitsverlauf<\/h2>\n<p>K\u00f6rperliche Aktivit\u00e4t ist f\u00fcr K\u00f6rper und Geist wichtig, besonders wenn Sie mit Krebs leben. Aktiv werden (oder bleiben) ist integraler Bestandteil eines gesunden Lebensstils. Dies kann dazu beitragen, Sie k\u00f6rperlich ges\u00fcnder zu machen und sogar einige der Nebenwirkungen Ihrer Behandlung zu lindern. Das ist noch nicht alles. Bei Krebs kann sportliche Bewegung dazu beitragen, das geistige, emotionale und soziale Wohlbefinden zu steigern. Sie kann auch die Grundlage daf\u00fcr schaffen, um vor, w\u00e4hrend und nach der Behandlung stark zu sein.<\/p>\n<p>Die gute Nachricht ist, dass Sie kein Sportler sein m\u00fcssen, um aktiv zu sein. Was auch immer Ihr Fitnessniveau ist, wir sind hier, um Ihnen \u2013 oder Ihren Lieben \u2013 dabei zu helfen, den n\u00e4chsten Schritt zu tun und die Vorteile k\u00f6rperlicher Aktivit\u00e4t f\u00fcr Menschen mit Krebs zu entdecken.[\/vc_column_text][\/vc_column][vc_column width=&#8220;5\/12&#8243;][vc_single_image image=&#8220;2367&#8243; img_size=&#8220;large&#8220; el_class=&#8220;page-circle-image&#8220;][\/vc_column][\/vc_row][vc_row][vc_column][vc_custom_heading text=&#8220;Entdecken Sie die Neuigkeiten&#8220; font_container=&#8220;tag:h2|text_align:center&#8220; use_theme_fonts=&#8220;yes&#8220; el_class=&#8220;accent-line center&#8220; css=&#8220;.vc_custom_1733485936042{margin-top: 100px !important;margin-bottom: 100px !important;}&#8220;][\/vc_column][\/vc_row][vc_row][vc_column][vc_column_text]<div class=\"category-filter-bar\" data-container-id=\"ajax-posts-container-2106420981\" data-posts-per-page=\"5\" data-limit=\"100\"><span>Filtern nach:<\/span> <a href=\"#\" class=\"filter-link active\" data-category=\"97,99,98\">Alle<\/a> <a href=\"#\" class=\"filter-link\" data-category=\"99\">Tipps, um aktiv zu bleiben<\/a> <a href=\"#\" class=\"filter-link\" data-category=\"98\">\u00dcbungen<\/a> <\/div><div class=\"ajax-posts-container feature-first\" id=\"ajax-posts-container-2106420981\" data-feature-first=\"true\"><div class=\"custom-post-grid\" data-categories=\"97,99,98\" data-active-categories=\"97,99,98\" data-posts-per-page=\"5\" data-limit=\"100\" data-paged=\"1\">\t\t\t<div class=\"custom-post-card\">\n\t\t\t\t\t\t\t\t\t<a class=\"post-thumbnail-wrapper\" href=\"https:\/\/www.oncolifestyle.com\/de\/physical-activity-general-de\/bewegung-mit-krebs\/\">\n\t\t\t\t\t\t<img decoding=\"async\" src=\"https:\/\/www.oncolifestyle.com\/wp-content\/uploads\/2024\/11\/shutterstock_1098363824.jpg\" alt=\"Bewegung mit Krebs\" class=\"post-thumbnail\" \/>\n\t\t\t\t\t<\/a>\n\t\t\t\t\t\t\t\t<div class=\"post-content\">\n\t\t\t\t\t\t\t\t\t\t\t<span class=\"post-category green-pill\">GESUNDE ALTERNATIVEN<\/span>\n\t\t\t\t\t\t\t\t\t\n\t\t\t\t\t<h2 class=\"post-title\"><a href=\"https:\/\/www.oncolifestyle.com\/de\/physical-activity-general-de\/bewegung-mit-krebs\/\">Bewegung mit Krebs<\/a><\/h2>\n\t\t\t\t\t<a href=\"https:\/\/www.oncolifestyle.com\/de\/physical-activity-general-de\/bewegung-mit-krebs\/\" class=\"read-more\">Mehr erfahren<\/a>\n\t\t\t\t<\/div>\n\t\t\t<\/div>\n\t\t\t\t\t\t<div class=\"custom-post-card\">\n\t\t\t\t\t\t\t\t\t<a class=\"post-thumbnail-wrapper\" href=\"https:\/\/www.oncolifestyle.com\/de\/physical-activity-general-de\/wie-sie-mehr-aktivitaet-in-ihren-alltag-integrieren-koennen\/\">\n\t\t\t\t\t\t<img decoding=\"async\" src=\"https:\/\/www.oncolifestyle.com\/wp-content\/uploads\/2024\/11\/full-shot-men-with-canoes-outdoors.jpg\" alt=\"Wie Sie mehr Aktivit\u00e4t in Ihren Alltag integrieren k\u00f6nnen\" class=\"post-thumbnail\" \/>\n\t\t\t\t\t<\/a>\n\t\t\t\t\t\t\t\t<div class=\"post-content\">\n\t\t\t\t\t\t\t\t\t\t\t<span class=\"post-category green-pill\">Tipps, um aktiv zu bleiben<\/span>\n\t\t\t\t\t\t\t\t\t\n\t\t\t\t\t<h2 class=\"post-title\"><a href=\"https:\/\/www.oncolifestyle.com\/de\/physical-activity-general-de\/wie-sie-mehr-aktivitaet-in-ihren-alltag-integrieren-koennen\/\">Wie Sie mehr Aktivit\u00e4t in Ihren Alltag integrieren k\u00f6nnen<\/a><\/h2>\n\t\t\t\t\t<a href=\"https:\/\/www.oncolifestyle.com\/de\/physical-activity-general-de\/wie-sie-mehr-aktivitaet-in-ihren-alltag-integrieren-koennen\/\" class=\"read-more\">Mehr erfahren<\/a>\n\t\t\t\t<\/div>\n\t\t\t<\/div>\n\t\t\t\t\t\t<div class=\"custom-post-card\">\n\t\t\t\t\t\t\t\t\t<a class=\"post-thumbnail-wrapper\" href=\"https:\/\/www.oncolifestyle.com\/de\/tips-to-stay-active-de\/unsere-tipps-um-die-motivation-zum-sport-aufrechtzuerhalten\/\">\n\t\t\t\t\t\t<img decoding=\"async\" src=\"https:\/\/www.oncolifestyle.com\/wp-content\/uploads\/2024\/11\/outdoor-summer-portrait-handsome-charismatic-unshaven-elderly-man-wearing-shorts-t-shirt-smiling-keeping-feet-stump-while-tying-laces-running-shoes.jpg\" alt=\"Unsere Tipps, um die Motivation zum Sport aufrechtzuerhalten:\" class=\"post-thumbnail\" \/>\n\t\t\t\t\t<\/a>\n\t\t\t\t\t\t\t\t<div class=\"post-content\">\n\t\t\t\t\t\t\t\t\t\t\t<span class=\"post-category green-pill\">Tipps, um aktiv zu bleiben<\/span>\n\t\t\t\t\t\t\t\t\t\n\t\t\t\t\t<h2 class=\"post-title\"><a href=\"https:\/\/www.oncolifestyle.com\/de\/tips-to-stay-active-de\/unsere-tipps-um-die-motivation-zum-sport-aufrechtzuerhalten\/\">Unsere Tipps, um die Motivation zum Sport aufrechtzuerhalten:<\/a><\/h2>\n\t\t\t\t\t<a href=\"https:\/\/www.oncolifestyle.com\/de\/tips-to-stay-active-de\/unsere-tipps-um-die-motivation-zum-sport-aufrechtzuerhalten\/\" class=\"read-more\">Mehr erfahren<\/a>\n\t\t\t\t<\/div>\n\t\t\t<\/div>\n\t\t\t\t\t\t<div class=\"custom-post-card\">\n\t\t\t\t\t\t\t\t\t<a class=\"post-thumbnail-wrapper\" href=\"https:\/\/www.oncolifestyle.com\/de\/bewegung\/so-bleibst-du-aktiv-2\/\">\n\t\t\t\t\t\t<img decoding=\"async\" src=\"https:\/\/www.oncolifestyle.com\/wp-content\/uploads\/2024\/11\/low-section-fitness-young-woman-jogging-staircase.jpg\" alt=\"So bleibst Du aktiv\" class=\"post-thumbnail\" \/>\n\t\t\t\t\t<\/a>\n\t\t\t\t\t\t\t\t<div class=\"post-content\">\n\t\t\t\t\t\t\t\t\t\t\t<span class=\"post-category green-pill\">\u00dcbungen<\/span>\n\t\t\t\t\t\t\t\t\t\n\t\t\t\t\t<h2 class=\"post-title\"><a href=\"https:\/\/www.oncolifestyle.com\/de\/bewegung\/so-bleibst-du-aktiv-2\/\">So bleibst Du aktiv<\/a><\/h2>\n\t\t\t\t\t<a href=\"https:\/\/www.oncolifestyle.com\/de\/bewegung\/so-bleibst-du-aktiv-2\/\" class=\"read-more\">Mehr erfahren<\/a>\n\t\t\t\t<\/div>\n\t\t\t<\/div>\n\t\t\t\t\t\t<div class=\"custom-post-card\">\n\t\t\t\t\t\t\t\t\t<a class=\"post-thumbnail-wrapper\" href=\"https:\/\/www.oncolifestyle.com\/de\/exercise-de\/sollte-ich-sport-treiben-waehrend-ich-mich-einer-behandlung-gegen-krebs-unterziehe\/\">\n\t\t\t\t\t\t<img decoding=\"async\" src=\"https:\/\/www.oncolifestyle.com\/wp-content\/uploads\/2024\/11\/full-length-portrait-handsome-mature-man-running-towards-camera-outdoors-park-city-area-copy-s.jpg\" alt=\"Sollte ich Sport treiben, w\u00e4hrend ich mich einer Behandlung gegen Krebs unterziehe?\" class=\"post-thumbnail\" \/>\n\t\t\t\t\t<\/a>\n\t\t\t\t\t\t\t\t<div class=\"post-content\">\n\t\t\t\t\t\t\t\t\t\t\t<span class=\"post-category green-pill\">\u00dcbungen<\/span>\n\t\t\t\t\t\t\t\t\t\n\t\t\t\t\t<h2 class=\"post-title\"><a href=\"https:\/\/www.oncolifestyle.com\/de\/exercise-de\/sollte-ich-sport-treiben-waehrend-ich-mich-einer-behandlung-gegen-krebs-unterziehe\/\">Sollte ich Sport treiben, w\u00e4hrend ich mich einer Behandlung gegen Krebs unterziehe?<\/a><\/h2>\n\t\t\t\t\t<a href=\"https:\/\/www.oncolifestyle.com\/de\/exercise-de\/sollte-ich-sport-treiben-waehrend-ich-mich-einer-behandlung-gegen-krebs-unterziehe\/\" class=\"read-more\">Mehr erfahren<\/a>\n\t\t\t\t<\/div>\n\t\t\t<\/div>\n\t\t\t<\/div>\n\t\t<div class=\"vc_btn3-container  view-more-articles vc_btn3-center\" style=\"margin-top: 20px;\">\n\t\t\t<button class=\"load-more vc_general vc_btn3 vc_btn3-size-md vc_btn3-shape-round vc_btn3-style-classic vc_btn3-color-danger\" data-paged=\"2\">Weitere Artikel ansehen<\/button>\n\t\t<\/div> <\/div>[\/vc_column_text][\/vc_column][\/vc_row][vc_row][vc_column][vc_custom_heading text=&#8220;Mehr entdecken&#8220; font_container=&#8220;tag:h2|text_align:center&#8220; use_theme_fonts=&#8220;yes&#8220; el_class=&#8220;accent-line center&#8220; css=&#8220;.vc_custom_1733485956624{margin-top: 130px !important;padding-bottom: 150px !important;}&#8220;][\/vc_column][\/vc_row][vc_row gap=&#8220;30&#8243; equal_height=&#8220;yes&#8220; css=&#8220;.vc_custom_1731338135175{padding-bottom: 100px !important;background-image: url(https:\/\/www.oncolifestyle.com\/wp-content\/uploads\/2022\/08\/news-bg.jpg?id=148) !important;background-position: center !important;background-repeat: no-repeat !important;background-size: cover !important;}&#8220; el_class=&#8220;explore-cards&#8220;][vc_column width=&#8220;1\/2&#8243; css=&#8220;.vc_custom_1731331812381{margin-top: -100px !important;background-image: url(https:\/\/www.oncolifestyle.com\/wp-content\/uploads\/2024\/11\/nutrition-card-bg.jpg?id=2715) !important;background-position: center !important;background-repeat: no-repeat !important;background-size: cover !important;}&#8220; el_class=&#8220;home-cards&#8220;][vc_single_image image=&#8220;2733&#8243; img_size=&#8220;210&#215;270&#8243; alignment=&#8220;right&#8220;][vc_column_text]<\/p>\n<h4>ERN\u00c4HRUNG<\/h4>\n<p>Erfahren Sie, wie Ern\u00e4hrung und bewusste Lebensmittelauswahl Ihnen helfen k\u00f6nnen, gut mit Krebs zu leben.[\/vc_column_text][vc_btn title=&#8220;Mehr erfahren&#8220; style=&#8220;classic&#8220; shape=&#8220;square&#8220; color=&#8220;white&#8220; link=&#8220;url:https%3A%2F%2Fwww.oncolifestyle.com%2Fde%2Fernaehrung%2F|title:Nutrition&#8220;][\/vc_column][vc_column width=&#8220;1\/2&#8243; css=&#8220;.vc_custom_1731331823581{margin-top: -100px !important;background-image: url(https:\/\/www.oncolifestyle.com\/wp-content\/uploads\/2024\/11\/mental-health-card-bg.jpg?id=2709) !important;}&#8220; el_class=&#8220;home-cards&#8220;][vc_single_image image=&#8220;2727&#8243; img_size=&#8220;210&#215;240&#8243; alignment=&#8220;right&#8220;][vc_column_text]<\/p>\n<h4>MENTALE GESUNDHEIT<\/h4>\n<p>Verstehen Sie, wie Krebs Ihre kognitive und emotionale Gesundheit beeinflusst \u2013 und wie Sie Ihr mentales Wohlbefinden sch\u00fctzen k\u00f6nnen.[\/vc_column_text][vc_btn title=&#8220;Mehr erfahren&#8220; style=&#8220;classic&#8220; shape=&#8220;square&#8220; color=&#8220;white&#8220; link=&#8220;url:https%3A%2F%2Fwww.oncolifestyle.com%2Fde%2Fprostatakrebs%2Fkoerperliche-aktivitaeten%2F|title:Mental%20health&#8220;][\/vc_column][\/vc_row][vc_row css=&#8220;.vc_custom_1731277799166{padding-top: 100px !important;padding-bottom: 100px !important;}&#8220;][vc_column width=&#8220;1\/12&#8243;][\/vc_column][vc_column width=&#8220;10\/12&#8243;][vc_custom_heading text=&#8220;Verl\u00e4ssliche Informationen&#8220; font_container=&#8220;tag:h2|text_align:center&#8220; use_theme_fonts=&#8220;yes&#8220; el_class=&#8220;accent-line center size-sm&#8220;][vc_column_text]<\/p>\n<p style=\"text-align: center;\">Bei so vielen Meinungen kann es schwierig sein, zu wissen, wem man vertrauen sollte. Bei Oncolifestyle bem\u00fchen wir uns, Ihnen evidenzbasierte Informationen bereitzustellen, die sorgf\u00e4ltig mit Blick auf Ihre Gesundheit recherchiert wurden.<\/p>\n<p>[\/vc_column_text][\/vc_column][vc_column width=&#8220;1\/12&#8243;][\/vc_column][\/vc_row]<\/p>\n<\/div>","protected":false},"excerpt":{"rendered":"<p>[vc_row full_width=&#8220;stretch_row&#8220; css=&#8220;.vc_custom_1731326548535{background-image: url(https:\/\/www.oncolifestyle.com\/wp-content\/uploads\/2024\/11\/phisical-activity-banner.jpg?id=2361) !important;background-position: center !important;background-repeat: no-repeat !important;background-size: cover !important;}&#8220; el_class=&#8220;page-banner&#8220;][vc_column width=&#8220;1\/12&#8243;][\/vc_column][vc_column width=&#8220;7\/12&#8243;][vc_empty_space height=&#8220;17vw&#8220;][vc_custom_heading text=&#8220;K\u00f6rperliche Aktivit\u00e4ten&#8220; font_container=&#8220;tag:h1|text_align:left|color:%23ffffff&#8220; use_theme_fonts=&#8220;yes&#8220; css=&#8220;.vc_custom_1733485759148{margin-top: [&hellip;]<\/p>\n","protected":false},"author":1,"featured_media":0,"parent":0,"menu_order":0,"comment_status":"closed","ping_status":"closed","template":"template-fullwidth.php","meta":{"_acf_changed":false,"inline_featured_image":false,"footnotes":""},"class_list":["post-2760","page","type-page","status-publish","hentry"],"acf":[],"yoast_head":"<!-- This site is optimized with the Yoast SEO plugin v23.8 - https:\/\/yoast.com\/wordpress\/plugins\/seo\/ -->\n<title>K\u00f6rperliche Aktivit\u00e4t w\u00e4hrend und nach einer Krebserkrankung | Oncolifestyle<\/title>\n<meta name=\"description\" content=\"Erfahren Sie, wie k\u00f6rperliche Aktivit\u00e4t w\u00e4hrend und nach einer Krebserkrankung Kraft, Wohlbefinden und Lebensqualit\u00e4t unterst\u00fctzen kann.\" \/>\n<meta name=\"robots\" content=\"index, follow, max-snippet:-1, max-image-preview:large, max-video-preview:-1\" \/>\n<link rel=\"canonical\" href=\"https:\/\/www.oncolifestyle.com\/de\/koerperliche-aktivitaeten\/\" \/>\n<meta property=\"og:locale\" content=\"de_DE\" \/>\n<meta property=\"og:type\" content=\"article\" \/>\n<meta property=\"og:title\" content=\"K\u00f6rperliche Aktivit\u00e4t w\u00e4hrend und nach einer Krebserkrankung | Oncolifestyle\" \/>\n<meta property=\"og:description\" content=\"Erfahren Sie, wie k\u00f6rperliche Aktivit\u00e4t w\u00e4hrend und nach einer Krebserkrankung Kraft, Wohlbefinden und Lebensqualit\u00e4t unterst\u00fctzen kann.\" \/>\n<meta property=\"og:url\" content=\"https:\/\/www.oncolifestyle.com\/de\/koerperliche-aktivitaeten\/\" \/>\n<meta property=\"og:site_name\" content=\"Oncolifestyle\" \/>\n<meta property=\"article:modified_time\" content=\"2024-12-06T11:55:22+00:00\" \/>\n<meta name=\"twitter:card\" content=\"summary_large_image\" \/>\n<meta name=\"twitter:label1\" content=\"Gesch\u00e4tzte Lesezeit\" \/>\n\t<meta name=\"twitter:data1\" content=\"3\u00a0Minuten\" \/>\n<script type=\"application\/ld+json\" class=\"yoast-schema-graph\">{\"@context\":\"https:\/\/schema.org\",\"@graph\":[{\"@type\":\"WebPage\",\"@id\":\"https:\/\/www.oncolifestyle.com\/de\/koerperliche-aktivitaeten\/\",\"url\":\"https:\/\/www.oncolifestyle.com\/de\/koerperliche-aktivitaeten\/\",\"name\":\"K\u00f6rperliche Aktivit\u00e4t w\u00e4hrend und nach einer Krebserkrankung | Oncolifestyle\",\"isPartOf\":{\"@id\":\"https:\/\/www.oncolifestyle.com\/de\/#website\"},\"datePublished\":\"2024-11-11T12:03:32+00:00\",\"dateModified\":\"2024-12-06T11:55:22+00:00\",\"description\":\"Erfahren Sie, wie k\u00f6rperliche Aktivit\u00e4t w\u00e4hrend und nach einer Krebserkrankung Kraft, Wohlbefinden und Lebensqualit\u00e4t unterst\u00fctzen kann.\",\"breadcrumb\":{\"@id\":\"https:\/\/www.oncolifestyle.com\/de\/koerperliche-aktivitaeten\/#breadcrumb\"},\"inLanguage\":\"de\",\"potentialAction\":[{\"@type\":\"ReadAction\",\"target\":[\"https:\/\/www.oncolifestyle.com\/de\/koerperliche-aktivitaeten\/\"]}]},{\"@type\":\"BreadcrumbList\",\"@id\":\"https:\/\/www.oncolifestyle.com\/de\/koerperliche-aktivitaeten\/#breadcrumb\",\"itemListElement\":[{\"@type\":\"ListItem\",\"position\":1,\"name\":\"Home\",\"item\":\"https:\/\/www.oncolifestyle.com\/de\/\"},{\"@type\":\"ListItem\",\"position\":2,\"name\":\"K\u00f6rperliche Aktivit\u00e4ten\"}]},{\"@type\":\"WebSite\",\"@id\":\"https:\/\/www.oncolifestyle.com\/de\/#website\",\"url\":\"https:\/\/www.oncolifestyle.com\/de\/\",\"name\":\"Oncolifestyle\",\"description\":\"Helping people with cancer live well\",\"publisher\":{\"@id\":\"https:\/\/www.oncolifestyle.com\/de\/#organization\"},\"potentialAction\":[{\"@type\":\"SearchAction\",\"target\":{\"@type\":\"EntryPoint\",\"urlTemplate\":\"https:\/\/www.oncolifestyle.com\/de\/?s={search_term_string}\"},\"query-input\":{\"@type\":\"PropertyValueSpecification\",\"valueRequired\":true,\"valueName\":\"search_term_string\"}}],\"inLanguage\":\"de\"},{\"@type\":\"Organization\",\"@id\":\"https:\/\/www.oncolifestyle.com\/de\/#organization\",\"name\":\"Oncolifestyle\",\"url\":\"https:\/\/www.oncolifestyle.com\/de\/\",\"logo\":{\"@type\":\"ImageObject\",\"inLanguage\":\"de\",\"@id\":\"https:\/\/www.oncolifestyle.com\/de\/#\/schema\/logo\/image\/\",\"url\":\"https:\/\/www.oncolifestyle.com\/wp-content\/uploads\/2022\/08\/ONCO_LOGO_RGB_horizontal.png\",\"contentUrl\":\"https:\/\/www.oncolifestyle.com\/wp-content\/uploads\/2022\/08\/ONCO_LOGO_RGB_horizontal.png\",\"width\":2062,\"height\":434,\"caption\":\"Oncolifestyle\"},\"image\":{\"@id\":\"https:\/\/www.oncolifestyle.com\/de\/#\/schema\/logo\/image\/\"}}]}<\/script>\n<!-- \/ Yoast SEO plugin. -->","yoast_head_json":{"title":"K\u00f6rperliche Aktivit\u00e4t w\u00e4hrend und nach einer Krebserkrankung | Oncolifestyle","description":"Erfahren Sie, wie k\u00f6rperliche Aktivit\u00e4t w\u00e4hrend und nach einer Krebserkrankung Kraft, Wohlbefinden und Lebensqualit\u00e4t unterst\u00fctzen kann.","robots":{"index":"index","follow":"follow","max-snippet":"max-snippet:-1","max-image-preview":"max-image-preview:large","max-video-preview":"max-video-preview:-1"},"canonical":"https:\/\/www.oncolifestyle.com\/de\/koerperliche-aktivitaeten\/","og_locale":"de_DE","og_type":"article","og_title":"K\u00f6rperliche Aktivit\u00e4t w\u00e4hrend und nach einer Krebserkrankung | Oncolifestyle","og_description":"Erfahren Sie, wie k\u00f6rperliche Aktivit\u00e4t w\u00e4hrend und nach einer Krebserkrankung Kraft, Wohlbefinden und Lebensqualit\u00e4t unterst\u00fctzen kann.","og_url":"https:\/\/www.oncolifestyle.com\/de\/koerperliche-aktivitaeten\/","og_site_name":"Oncolifestyle","article_modified_time":"2024-12-06T11:55:22+00:00","twitter_card":"summary_large_image","twitter_misc":{"Gesch\u00e4tzte Lesezeit":"3\u00a0Minuten"},"schema":{"@context":"https:\/\/schema.org","@graph":[{"@type":"WebPage","@id":"https:\/\/www.oncolifestyle.com\/de\/koerperliche-aktivitaeten\/","url":"https:\/\/www.oncolifestyle.com\/de\/koerperliche-aktivitaeten\/","name":"K\u00f6rperliche Aktivit\u00e4t w\u00e4hrend und nach einer Krebserkrankung | Oncolifestyle","isPartOf":{"@id":"https:\/\/www.oncolifestyle.com\/de\/#website"},"datePublished":"2024-11-11T12:03:32+00:00","dateModified":"2024-12-06T11:55:22+00:00","description":"Erfahren Sie, wie k\u00f6rperliche Aktivit\u00e4t w\u00e4hrend und nach einer Krebserkrankung Kraft, Wohlbefinden und Lebensqualit\u00e4t unterst\u00fctzen kann.","breadcrumb":{"@id":"https:\/\/www.oncolifestyle.com\/de\/koerperliche-aktivitaeten\/#breadcrumb"},"inLanguage":"de","potentialAction":[{"@type":"ReadAction","target":["https:\/\/www.oncolifestyle.com\/de\/koerperliche-aktivitaeten\/"]}]},{"@type":"BreadcrumbList","@id":"https:\/\/www.oncolifestyle.com\/de\/koerperliche-aktivitaeten\/#breadcrumb","itemListElement":[{"@type":"ListItem","position":1,"name":"Home","item":"https:\/\/www.oncolifestyle.com\/de\/"},{"@type":"ListItem","position":2,"name":"K\u00f6rperliche Aktivit\u00e4ten"}]},{"@type":"WebSite","@id":"https:\/\/www.oncolifestyle.com\/de\/#website","url":"https:\/\/www.oncolifestyle.com\/de\/","name":"Oncolifestyle","description":"Helping people with cancer live well","publisher":{"@id":"https:\/\/www.oncolifestyle.com\/de\/#organization"},"potentialAction":[{"@type":"SearchAction","target":{"@type":"EntryPoint","urlTemplate":"https:\/\/www.oncolifestyle.com\/de\/?s={search_term_string}"},"query-input":{"@type":"PropertyValueSpecification","valueRequired":true,"valueName":"search_term_string"}}],"inLanguage":"de"},{"@type":"Organization","@id":"https:\/\/www.oncolifestyle.com\/de\/#organization","name":"Oncolifestyle","url":"https:\/\/www.oncolifestyle.com\/de\/","logo":{"@type":"ImageObject","inLanguage":"de","@id":"https:\/\/www.oncolifestyle.com\/de\/#\/schema\/logo\/image\/","url":"https:\/\/www.oncolifestyle.com\/wp-content\/uploads\/2022\/08\/ONCO_LOGO_RGB_horizontal.png","contentUrl":"https:\/\/www.oncolifestyle.com\/wp-content\/uploads\/2022\/08\/ONCO_LOGO_RGB_horizontal.png","width":2062,"height":434,"caption":"Oncolifestyle"},"image":{"@id":"https:\/\/www.oncolifestyle.com\/de\/#\/schema\/logo\/image\/"}}]}},"_links":{"self":[{"href":"https:\/\/www.oncolifestyle.com\/de\/wp-json\/wp\/v2\/pages\/2760","targetHints":{"allow":["GET"]}}],"collection":[{"href":"https:\/\/www.oncolifestyle.com\/de\/wp-json\/wp\/v2\/pages"}],"about":[{"href":"https:\/\/www.oncolifestyle.com\/de\/wp-json\/wp\/v2\/types\/page"}],"author":[{"embeddable":true,"href":"https:\/\/www.oncolifestyle.com\/de\/wp-json\/wp\/v2\/users\/1"}],"replies":[{"embeddable":true,"href":"https:\/\/www.oncolifestyle.com\/de\/wp-json\/wp\/v2\/comments?post=2760"}],"version-history":[{"count":3,"href":"https:\/\/www.oncolifestyle.com\/de\/wp-json\/wp\/v2\/pages\/2760\/revisions"}],"predecessor-version":[{"id":3545,"href":"https:\/\/www.oncolifestyle.com\/de\/wp-json\/wp\/v2\/pages\/2760\/revisions\/3545"}],"wp:attachment":[{"href":"https:\/\/www.oncolifestyle.com\/de\/wp-json\/wp\/v2\/media?parent=2760"}],"curies":[{"name":"wp","href":"https:\/\/api.w.org\/{rel}","templated":true}]}}