{"id":2767,"date":"2024-11-11T12:10:20","date_gmt":"2024-11-11T12:10:20","guid":{"rendered":"https:\/\/www.oncolifestyle.com\/?page_id=2767"},"modified":"2024-12-05T11:15:42","modified_gmt":"2024-12-05T11:15:42","slug":"mentale-leistungsfaehigkeit","status":"publish","type":"page","link":"https:\/\/www.oncolifestyle.com\/de\/mentale-leistungsfaehigkeit\/","title":{"rendered":"Mentale Leistungsf\u00e4higkeit"},"content":{"rendered":"<div class=\"wpb-content-wrapper\"><p>[vc_row full_width=&#8220;stretch_row&#8220; css=&#8220;.vc_custom_1731326984151{background-image: url(https:\/\/www.oncolifestyle.com\/wp-content\/uploads\/2024\/11\/mental-health-banner.jpg?id=2778) !important;background-position: center !important;background-repeat: no-repeat !important;background-size: cover !important;}&#8220; el_class=&#8220;page-banner&#8220;][vc_column width=&#8220;1\/12&#8243;][\/vc_column][vc_column width=&#8220;7\/12&#8243;][vc_empty_space height=&#8220;17vw&#8220;][vc_custom_heading text=&#8220;Mentale Leistungsf\u00e4higkeit&#8220; font_container=&#8220;tag:h1|text_align:left|color:%23ffffff&#8220; use_theme_fonts=&#8220;yes&#8220; css=&#8220;.vc_custom_1733397071433{margin-top: 0px !important;}&#8220;][vc_empty_space height=&#8220;5vw&#8220;][\/vc_column][vc_column width=&#8220;3\/12&#8243;][\/vc_column][vc_column width=&#8220;1\/12&#8243;][\/vc_column][\/vc_row][vc_row][vc_column width=&#8220;1\/12&#8243;][\/vc_column][vc_column width=&#8220;1\/2&#8243;][vc_column_text el_class=&#8220;breadcrumbs&#8220;]<!-- Breadcrumb NavXT 7.3.1 -->\n<span property=\"itemListElement\" typeof=\"ListItem\"><a property=\"item\" typeof=\"WebPage\" title=\"Gehe zu Oncolifestyle.\" href=\"https:\/\/www.oncolifestyle.com\/de\/\" class=\"home\" aria-current=\"page\"><span property=\"name\">Oncolifestyle<\/span><\/a><meta property=\"position\" content=\"1\"><\/span>[\/vc_column_text][vc_column_text css=&#8220;.vc_custom_1733397142919{margin-top: 50px !important;}&#8220;]<\/p>\n<h6 class=\"green-pill\">Nach Ihrer Diagnose<\/h6>\n<h2>Ihre mentale Leistungsf\u00e4higkeit aufrecht erhalten<\/h2>\n<p>Sie m\u00fcssen Ihr Gehirn in Form halten. Es ist Ihr Kontrollzentrum \u2013 die Quelle von allem, was Sie denken, f\u00fchlen und tun \u2013 und es bestimmt Ihr allgemeines Wohlbefinden. Wenn man mit Krebs lebt, kann die mentale Leistungsf\u00e4higkeit gegen\u00fcber der k\u00f6rperlichen Gesundheit leicht in den Hintergrund treten. Aber beides ist wichtig. Tats\u00e4chlich sind Gehirn und K\u00f6rper so eng miteinander verbunden, dass Handlungen, die dem einen gut tun, in der Regel auch dem anderen gut tun.<\/p>\n<p>Egal, ob Sie f\u00fcr sich selbst oder f\u00fcr jemand anderen hier sind, es ist wichtig zu verstehen, wie sich Krebs und Krebsbehandlung auf das Gehirn und das t\u00e4gliche Leben auswirken k\u00f6nnen. Von den kognitiven Nebenwirkungen bestimmter Behandlungen bis hin zu den emotionalen Herausforderungen im Umgang mit Krebs \u2013 wir sind hier, um Ihnen zu helfen, aktiv zu werden und neue Wege zu finden, positiv zu leben.[\/vc_column_text][\/vc_column][vc_column width=&#8220;5\/12&#8243;][vc_single_image image=&#8220;2772&#8243; img_size=&#8220;large&#8220; el_class=&#8220;page-circle-image&#8220;][\/vc_column][\/vc_row][vc_row][vc_column][vc_custom_heading text=&#8220;Entdecken Sie die Neuigkeiten &#8220; font_container=&#8220;tag:h2|text_align:center&#8220; use_theme_fonts=&#8220;yes&#8220; el_class=&#8220;accent-line center&#8220; css=&#8220;.vc_custom_1733397162619{margin-top: 100px !important;margin-bottom: 100px !important;}&#8220;][\/vc_column][\/vc_row][vc_row][vc_column][vc_column_text]<div class=\"category-filter-bar\" data-container-id=\"ajax-posts-container-596488620\" data-posts-per-page=\"5\" data-limit=\"100\"><span>Filtern nach:<\/span> <a href=\"#\" class=\"filter-link active\" data-category=\"60,59,80\">Alle<\/a> <a href=\"#\" class=\"filter-link\" data-category=\"60\">Emotionale Gesundheit<\/a> <a href=\"#\" class=\"filter-link\" data-category=\"59\">Kognitive Gesundheit<\/a> <\/div><div class=\"ajax-posts-container feature-first\" id=\"ajax-posts-container-596488620\" data-feature-first=\"true\"><div class=\"custom-post-grid\" data-categories=\"60,59,80\" data-active-categories=\"60,59,80\" data-posts-per-page=\"5\" data-limit=\"100\" data-paged=\"1\">\t\t\t<div class=\"custom-post-card\">\n\t\t\t\t\t\t\t\t\t<a class=\"post-thumbnail-wrapper\" href=\"https:\/\/www.oncolifestyle.com\/de\/mental-health-general-de\/mit-krebs-umgehen\/\">\n\t\t\t\t\t\t<img decoding=\"async\" src=\"https:\/\/www.oncolifestyle.com\/wp-content\/uploads\/2024\/11\/shutterstock_2476888627.jpg\" alt=\"Mit Krebs umgehen\" class=\"post-thumbnail\" \/>\n\t\t\t\t\t<\/a>\n\t\t\t\t\t\t\t\t<div class=\"post-content\">\n\t\t\t\t\t\t\t\t\t\t\t<span class=\"post-category green-pill\">HANDELN SIE<\/span>\n\t\t\t\t\t\t\t\t\t\n\t\t\t\t\t<h2 class=\"post-title\"><a href=\"https:\/\/www.oncolifestyle.com\/de\/mental-health-general-de\/mit-krebs-umgehen\/\">Mit Krebs umgehen<\/a><\/h2>\n\t\t\t\t\t<a href=\"https:\/\/www.oncolifestyle.com\/de\/mental-health-general-de\/mit-krebs-umgehen\/\" class=\"read-more\">Mehr erfahren<\/a>\n\t\t\t\t<\/div>\n\t\t\t<\/div>\n\t\t\t\t\t\t<div class=\"custom-post-card\">\n\t\t\t\t\t\t\t\t\t<a class=\"post-thumbnail-wrapper\" href=\"https:\/\/www.oncolifestyle.com\/de\/kognitive-gesundheit\/9-tipps-fuer-mehr-konzentration\/\">\n\t\t\t\t\t\t<img decoding=\"async\" src=\"https:\/\/www.oncolifestyle.com\/wp-content\/uploads\/2024\/11\/happy-lady-seated-sofa-indoors.jpg\" alt=\"9 Tipps f\u00fcr mehr Konzentration\" class=\"post-thumbnail\" \/>\n\t\t\t\t\t<\/a>\n\t\t\t\t\t\t\t\t<div class=\"post-content\">\n\t\t\t\t\t\t\t\t\t\t\t<span class=\"post-category green-pill\">Kognitive Gesundheit<\/span>\n\t\t\t\t\t\t\t\t\t\n\t\t\t\t\t<h2 class=\"post-title\"><a href=\"https:\/\/www.oncolifestyle.com\/de\/kognitive-gesundheit\/9-tipps-fuer-mehr-konzentration\/\">9 Tipps f\u00fcr mehr Konzentration<\/a><\/h2>\n\t\t\t\t\t<a href=\"https:\/\/www.oncolifestyle.com\/de\/kognitive-gesundheit\/9-tipps-fuer-mehr-konzentration\/\" class=\"read-more\">Mehr erfahren<\/a>\n\t\t\t\t<\/div>\n\t\t\t<\/div>\n\t\t\t\t\t\t<div class=\"custom-post-card\">\n\t\t\t\t\t\t\t\t\t<a class=\"post-thumbnail-wrapper\" href=\"https:\/\/www.oncolifestyle.com\/de\/kognitive-gesundheit\/was-kannst-du-gegen-vergesslichkeit-tun\/\">\n\t\t\t\t\t\t<img decoding=\"async\" src=\"https:\/\/www.oncolifestyle.com\/wp-content\/uploads\/2024\/11\/old-couple-spending-leisure-time-home.jpg\" alt=\"Was kannst Du gegen Vergesslichkeit tun?\" class=\"post-thumbnail\" \/>\n\t\t\t\t\t<\/a>\n\t\t\t\t\t\t\t\t<div class=\"post-content\">\n\t\t\t\t\t\t\t\t\t\t\t<span class=\"post-category green-pill\">Kognitive Gesundheit<\/span>\n\t\t\t\t\t\t\t\t\t\n\t\t\t\t\t<h2 class=\"post-title\"><a href=\"https:\/\/www.oncolifestyle.com\/de\/kognitive-gesundheit\/was-kannst-du-gegen-vergesslichkeit-tun\/\">Was kannst Du gegen Vergesslichkeit tun?<\/a><\/h2>\n\t\t\t\t\t<a href=\"https:\/\/www.oncolifestyle.com\/de\/kognitive-gesundheit\/was-kannst-du-gegen-vergesslichkeit-tun\/\" class=\"read-more\">Mehr erfahren<\/a>\n\t\t\t\t<\/div>\n\t\t\t<\/div>\n\t\t\t\t\t\t<div class=\"custom-post-card\">\n\t\t\t\t\t\t\t\t\t<a class=\"post-thumbnail-wrapper\" href=\"https:\/\/www.oncolifestyle.com\/de\/emotionale-gesundheit\/wie-dir-eine-beratung-helfen-kann\/\">\n\t\t\t\t\t\t<img decoding=\"async\" src=\"https:\/\/www.oncolifestyle.com\/wp-content\/uploads\/2024\/08\/man-sitting-psychologist-s-office-talking-about-problems.jpg\" alt=\"Wie Dir eine Beratung helfen kann\" class=\"post-thumbnail\" \/>\n\t\t\t\t\t<\/a>\n\t\t\t\t\t\t\t\t<div class=\"post-content\">\n\t\t\t\t\t\t\t\t\t\t\t<span class=\"post-category green-pill\">Emotionale Gesundheit<\/span>\n\t\t\t\t\t\t\t\t\t\n\t\t\t\t\t<h2 class=\"post-title\"><a href=\"https:\/\/www.oncolifestyle.com\/de\/emotionale-gesundheit\/wie-dir-eine-beratung-helfen-kann\/\">Wie Dir eine Beratung helfen kann<\/a><\/h2>\n\t\t\t\t\t<a href=\"https:\/\/www.oncolifestyle.com\/de\/emotionale-gesundheit\/wie-dir-eine-beratung-helfen-kann\/\" class=\"read-more\">Mehr erfahren<\/a>\n\t\t\t\t<\/div>\n\t\t\t<\/div>\n\t\t\t\t\t\t<div class=\"custom-post-card\">\n\t\t\t\t\t\t\t\t\t<a class=\"post-thumbnail-wrapper\" href=\"https:\/\/www.oncolifestyle.com\/de\/emotionale-gesundheit\/vorteile-von-entspannungsuebungen\/\">\n\t\t\t\t\t\t<img decoding=\"async\" src=\"https:\/\/www.oncolifestyle.com\/wp-content\/uploads\/2024\/08\/group-young-sporty-people-sitting-sukhasana-close-up.jpg\" alt=\"Vorteile von Entspannungs\u00fcbungen\" class=\"post-thumbnail\" \/>\n\t\t\t\t\t<\/a>\n\t\t\t\t\t\t\t\t<div class=\"post-content\">\n\t\t\t\t\t\t\t\t\t\t\t<span class=\"post-category green-pill\">Emotionale Gesundheit<\/span>\n\t\t\t\t\t\t\t\t\t\n\t\t\t\t\t<h2 class=\"post-title\"><a href=\"https:\/\/www.oncolifestyle.com\/de\/emotionale-gesundheit\/vorteile-von-entspannungsuebungen\/\">Vorteile von Entspannungs\u00fcbungen<\/a><\/h2>\n\t\t\t\t\t<a href=\"https:\/\/www.oncolifestyle.com\/de\/emotionale-gesundheit\/vorteile-von-entspannungsuebungen\/\" class=\"read-more\">Mehr erfahren<\/a>\n\t\t\t\t<\/div>\n\t\t\t<\/div>\n\t\t\t<\/div>\n\t\t<div class=\"vc_btn3-container  view-more-articles vc_btn3-center\" style=\"margin-top: 20px;\">\n\t\t\t<button class=\"load-more vc_general vc_btn3 vc_btn3-size-md vc_btn3-shape-round vc_btn3-style-classic vc_btn3-color-danger\" data-paged=\"2\">Weitere Artikel ansehen<\/button>\n\t\t<\/div> <\/div>[\/vc_column_text][\/vc_column][\/vc_row][vc_row][vc_column][vc_custom_heading text=&#8220;Mehr entdecken&#8220; font_container=&#8220;tag:h2|text_align:center&#8220; use_theme_fonts=&#8220;yes&#8220; el_class=&#8220;accent-line center&#8220; css=&#8220;.vc_custom_1733397181554{margin-top: 130px !important;padding-bottom: 150px !important;}&#8220;][\/vc_column][\/vc_row][vc_row gap=&#8220;30&#8243; equal_height=&#8220;yes&#8220; css=&#8220;.vc_custom_1731312530635{padding-bottom: 100px !important;background-image: url(https:\/\/www.oncolifestyle.com\/wp-content\/uploads\/2022\/08\/news-bg.jpg?id=148) !important;background-position: 0 0 !important;background-repeat: no-repeat !important;}&#8220; el_class=&#8220;explore-cards&#8220;][vc_column width=&#8220;1\/2&#8243; css=&#8220;.vc_custom_1731331520245{margin-top: -100px !important;background-image: url(https:\/\/www.oncolifestyle.com\/wp-content\/uploads\/2024\/11\/nutrition-card-bg.jpg?id=2715) !important;background-position: center !important;background-repeat: no-repeat !important;background-size: cover !important;}&#8220; el_class=&#8220;home-cards&#8220;][vc_single_image image=&#8220;2733&#8243; img_size=&#8220;210&#215;270&#8243; alignment=&#8220;right&#8220;][vc_column_text]<\/p>\n<h4>ERN\u00c4HRUNG<\/h4>\n<p>Erfahren Sie, wie Ern\u00e4hrung und bewusste Lebensmittelauswahl Ihnen helfen k\u00f6nnen, gut mit Krebs zu leben.[\/vc_column_text][vc_btn title=&#8220;Mehr erfahren&#8220; style=&#8220;classic&#8220; shape=&#8220;square&#8220; color=&#8220;white&#8220; link=&#8220;url:https%3A%2F%2Fwww.oncolifestyle.com%2Fde%2Fernaehrung%2F|title:Nutrition&#8220;][\/vc_column][vc_column width=&#8220;1\/2&#8243; css=&#8220;.vc_custom_1731331607590{margin-top: -100px !important;background-image: url(https:\/\/www.oncolifestyle.com\/wp-content\/uploads\/2024\/11\/physical-activity-card-bg.jpg?id=2721) !important;background-position: center !important;background-repeat: no-repeat !important;background-size: cover !important;}&#8220; el_class=&#8220;home-cards&#8220;][vc_single_image image=&#8220;2739&#8243; img_size=&#8220;200&#215;220&#8243; alignment=&#8220;right&#8220;][vc_column_text]<\/p>\n<h4>K\u00d6RPERLICHE AKTIVIT\u00c4T<\/h4>\n<p>Erfahren Sie, wie regelm\u00e4\u00dfige Bewegung Ihr k\u00f6rperliches, mentales und soziales Wohlbefinden f\u00f6rdern kann.[\/vc_column_text][vc_btn title=&#8220;Mehr erfahren&#8220; style=&#8220;classic&#8220; shape=&#8220;square&#8220; color=&#8220;white&#8220; link=&#8220;url:https%3A%2F%2Fwww.oncolifestyle.com%2Fde%2Fprostatakrebs%2Fkoerperliche-aktivitaeten%2F|title:Physical%20activity&#8220;][\/vc_column][\/vc_row][vc_row css=&#8220;.vc_custom_1731277799166{padding-top: 100px !important;padding-bottom: 100px !important;}&#8220;][vc_column width=&#8220;1\/12&#8243;][\/vc_column][vc_column width=&#8220;10\/12&#8243;][vc_custom_heading text=&#8220;Verl\u00e4ssliche Informationen&#8220; font_container=&#8220;tag:h2|text_align:center&#8220; use_theme_fonts=&#8220;yes&#8220; el_class=&#8220;accent-line center size-sm&#8220;][vc_column_text]<\/p>\n<p style=\"text-align: center;\">Bei so vielen Meinungen kann es schwierig sein, zu wissen, wem man vertrauen sollte. Bei Oncolifestyle bem\u00fchen wir uns, Ihnen evidenzbasierte Informationen bereitzustellen, die sorgf\u00e4ltig mit Blick auf Ihre Gesundheit recherchiert wurden.<\/p>\n<p>[\/vc_column_text][\/vc_column][vc_column width=&#8220;1\/12&#8243;][\/vc_column][\/vc_row]<\/p>\n<\/div>","protected":false},"excerpt":{"rendered":"<p>[vc_row full_width=&#8220;stretch_row&#8220; css=&#8220;.vc_custom_1731326984151{background-image: url(https:\/\/www.oncolifestyle.com\/wp-content\/uploads\/2024\/11\/mental-health-banner.jpg?id=2778) !important;background-position: center !important;background-repeat: no-repeat !important;background-size: cover !important;}&#8220; el_class=&#8220;page-banner&#8220;][vc_column width=&#8220;1\/12&#8243;][\/vc_column][vc_column width=&#8220;7\/12&#8243;][vc_empty_space height=&#8220;17vw&#8220;][vc_custom_heading text=&#8220;Mentale Leistungsf\u00e4higkeit&#8220; font_container=&#8220;tag:h1|text_align:left|color:%23ffffff&#8220; use_theme_fonts=&#8220;yes&#8220; css=&#8220;.vc_custom_1733397071433{margin-top: [&hellip;]<\/p>\n","protected":false},"author":1,"featured_media":0,"parent":0,"menu_order":0,"comment_status":"closed","ping_status":"closed","template":"template-fullwidth.php","meta":{"_acf_changed":false,"inline_featured_image":false,"footnotes":""},"class_list":["post-2767","page","type-page","status-publish","hentry"],"acf":[],"yoast_head":"<!-- This site is optimized with the Yoast SEO plugin v23.8 - https:\/\/yoast.com\/wordpress\/plugins\/seo\/ -->\n<title>Mentale Leistungsf\u00e4higkeit w\u00e4hrend und nach einer Krebserkrankung | Oncolifestyle<\/title>\n<meta name=\"description\" content=\"Erfahren Sie, wie mentale Leistungsf\u00e4higkeit, Konzentration und emotionale St\u00e4rke w\u00e4hrend und nach Krebs unterst\u00fctzt werden k\u00f6nnen.\" \/>\n<meta name=\"robots\" content=\"index, follow, max-snippet:-1, max-image-preview:large, max-video-preview:-1\" \/>\n<link rel=\"canonical\" href=\"https:\/\/www.oncolifestyle.com\/de\/mentale-leistungsfaehigkeit\/\" \/>\n<meta property=\"og:locale\" content=\"de_DE\" \/>\n<meta property=\"og:type\" content=\"article\" \/>\n<meta property=\"og:title\" content=\"Mentale Leistungsf\u00e4higkeit w\u00e4hrend und nach einer Krebserkrankung | Oncolifestyle\" \/>\n<meta property=\"og:description\" content=\"Erfahren Sie, wie mentale Leistungsf\u00e4higkeit, Konzentration und emotionale St\u00e4rke w\u00e4hrend und nach Krebs unterst\u00fctzt werden k\u00f6nnen.\" \/>\n<meta property=\"og:url\" content=\"https:\/\/www.oncolifestyle.com\/de\/mentale-leistungsfaehigkeit\/\" \/>\n<meta property=\"og:site_name\" content=\"Oncolifestyle\" \/>\n<meta property=\"article:modified_time\" content=\"2024-12-05T11:15:42+00:00\" \/>\n<meta name=\"twitter:card\" content=\"summary_large_image\" \/>\n<meta name=\"twitter:label1\" content=\"Gesch\u00e4tzte Lesezeit\" \/>\n\t<meta name=\"twitter:data1\" content=\"3\u00a0Minuten\" \/>\n<script type=\"application\/ld+json\" class=\"yoast-schema-graph\">{\"@context\":\"https:\/\/schema.org\",\"@graph\":[{\"@type\":\"WebPage\",\"@id\":\"https:\/\/www.oncolifestyle.com\/de\/mentale-leistungsfaehigkeit\/\",\"url\":\"https:\/\/www.oncolifestyle.com\/de\/mentale-leistungsfaehigkeit\/\",\"name\":\"Mentale Leistungsf\u00e4higkeit w\u00e4hrend und nach einer Krebserkrankung | Oncolifestyle\",\"isPartOf\":{\"@id\":\"https:\/\/www.oncolifestyle.com\/de\/#website\"},\"datePublished\":\"2024-11-11T12:10:20+00:00\",\"dateModified\":\"2024-12-05T11:15:42+00:00\",\"description\":\"Erfahren Sie, wie mentale Leistungsf\u00e4higkeit, Konzentration und emotionale St\u00e4rke w\u00e4hrend und nach Krebs unterst\u00fctzt werden k\u00f6nnen.\",\"breadcrumb\":{\"@id\":\"https:\/\/www.oncolifestyle.com\/de\/mentale-leistungsfaehigkeit\/#breadcrumb\"},\"inLanguage\":\"de\",\"potentialAction\":[{\"@type\":\"ReadAction\",\"target\":[\"https:\/\/www.oncolifestyle.com\/de\/mentale-leistungsfaehigkeit\/\"]}]},{\"@type\":\"BreadcrumbList\",\"@id\":\"https:\/\/www.oncolifestyle.com\/de\/mentale-leistungsfaehigkeit\/#breadcrumb\",\"itemListElement\":[{\"@type\":\"ListItem\",\"position\":1,\"name\":\"Home\",\"item\":\"https:\/\/www.oncolifestyle.com\/de\/\"},{\"@type\":\"ListItem\",\"position\":2,\"name\":\"Mentale Leistungsf\u00e4higkeit\"}]},{\"@type\":\"WebSite\",\"@id\":\"https:\/\/www.oncolifestyle.com\/de\/#website\",\"url\":\"https:\/\/www.oncolifestyle.com\/de\/\",\"name\":\"Oncolifestyle\",\"description\":\"Helping people with cancer live well\",\"publisher\":{\"@id\":\"https:\/\/www.oncolifestyle.com\/de\/#organization\"},\"potentialAction\":[{\"@type\":\"SearchAction\",\"target\":{\"@type\":\"EntryPoint\",\"urlTemplate\":\"https:\/\/www.oncolifestyle.com\/de\/?s={search_term_string}\"},\"query-input\":{\"@type\":\"PropertyValueSpecification\",\"valueRequired\":true,\"valueName\":\"search_term_string\"}}],\"inLanguage\":\"de\"},{\"@type\":\"Organization\",\"@id\":\"https:\/\/www.oncolifestyle.com\/de\/#organization\",\"name\":\"Oncolifestyle\",\"url\":\"https:\/\/www.oncolifestyle.com\/de\/\",\"logo\":{\"@type\":\"ImageObject\",\"inLanguage\":\"de\",\"@id\":\"https:\/\/www.oncolifestyle.com\/de\/#\/schema\/logo\/image\/\",\"url\":\"https:\/\/www.oncolifestyle.com\/wp-content\/uploads\/2022\/08\/ONCO_LOGO_RGB_horizontal.png\",\"contentUrl\":\"https:\/\/www.oncolifestyle.com\/wp-content\/uploads\/2022\/08\/ONCO_LOGO_RGB_horizontal.png\",\"width\":2062,\"height\":434,\"caption\":\"Oncolifestyle\"},\"image\":{\"@id\":\"https:\/\/www.oncolifestyle.com\/de\/#\/schema\/logo\/image\/\"}}]}<\/script>\n<!-- \/ Yoast SEO plugin. -->","yoast_head_json":{"title":"Mentale Leistungsf\u00e4higkeit w\u00e4hrend und nach einer Krebserkrankung | Oncolifestyle","description":"Erfahren Sie, wie mentale Leistungsf\u00e4higkeit, Konzentration und emotionale St\u00e4rke w\u00e4hrend und nach Krebs unterst\u00fctzt werden k\u00f6nnen.","robots":{"index":"index","follow":"follow","max-snippet":"max-snippet:-1","max-image-preview":"max-image-preview:large","max-video-preview":"max-video-preview:-1"},"canonical":"https:\/\/www.oncolifestyle.com\/de\/mentale-leistungsfaehigkeit\/","og_locale":"de_DE","og_type":"article","og_title":"Mentale Leistungsf\u00e4higkeit w\u00e4hrend und nach einer Krebserkrankung | Oncolifestyle","og_description":"Erfahren Sie, wie mentale Leistungsf\u00e4higkeit, Konzentration und emotionale St\u00e4rke w\u00e4hrend und nach Krebs unterst\u00fctzt werden k\u00f6nnen.","og_url":"https:\/\/www.oncolifestyle.com\/de\/mentale-leistungsfaehigkeit\/","og_site_name":"Oncolifestyle","article_modified_time":"2024-12-05T11:15:42+00:00","twitter_card":"summary_large_image","twitter_misc":{"Gesch\u00e4tzte Lesezeit":"3\u00a0Minuten"},"schema":{"@context":"https:\/\/schema.org","@graph":[{"@type":"WebPage","@id":"https:\/\/www.oncolifestyle.com\/de\/mentale-leistungsfaehigkeit\/","url":"https:\/\/www.oncolifestyle.com\/de\/mentale-leistungsfaehigkeit\/","name":"Mentale Leistungsf\u00e4higkeit w\u00e4hrend und nach einer Krebserkrankung | Oncolifestyle","isPartOf":{"@id":"https:\/\/www.oncolifestyle.com\/de\/#website"},"datePublished":"2024-11-11T12:10:20+00:00","dateModified":"2024-12-05T11:15:42+00:00","description":"Erfahren Sie, wie mentale Leistungsf\u00e4higkeit, Konzentration und emotionale St\u00e4rke w\u00e4hrend und nach Krebs unterst\u00fctzt werden k\u00f6nnen.","breadcrumb":{"@id":"https:\/\/www.oncolifestyle.com\/de\/mentale-leistungsfaehigkeit\/#breadcrumb"},"inLanguage":"de","potentialAction":[{"@type":"ReadAction","target":["https:\/\/www.oncolifestyle.com\/de\/mentale-leistungsfaehigkeit\/"]}]},{"@type":"BreadcrumbList","@id":"https:\/\/www.oncolifestyle.com\/de\/mentale-leistungsfaehigkeit\/#breadcrumb","itemListElement":[{"@type":"ListItem","position":1,"name":"Home","item":"https:\/\/www.oncolifestyle.com\/de\/"},{"@type":"ListItem","position":2,"name":"Mentale Leistungsf\u00e4higkeit"}]},{"@type":"WebSite","@id":"https:\/\/www.oncolifestyle.com\/de\/#website","url":"https:\/\/www.oncolifestyle.com\/de\/","name":"Oncolifestyle","description":"Helping people with cancer live well","publisher":{"@id":"https:\/\/www.oncolifestyle.com\/de\/#organization"},"potentialAction":[{"@type":"SearchAction","target":{"@type":"EntryPoint","urlTemplate":"https:\/\/www.oncolifestyle.com\/de\/?s={search_term_string}"},"query-input":{"@type":"PropertyValueSpecification","valueRequired":true,"valueName":"search_term_string"}}],"inLanguage":"de"},{"@type":"Organization","@id":"https:\/\/www.oncolifestyle.com\/de\/#organization","name":"Oncolifestyle","url":"https:\/\/www.oncolifestyle.com\/de\/","logo":{"@type":"ImageObject","inLanguage":"de","@id":"https:\/\/www.oncolifestyle.com\/de\/#\/schema\/logo\/image\/","url":"https:\/\/www.oncolifestyle.com\/wp-content\/uploads\/2022\/08\/ONCO_LOGO_RGB_horizontal.png","contentUrl":"https:\/\/www.oncolifestyle.com\/wp-content\/uploads\/2022\/08\/ONCO_LOGO_RGB_horizontal.png","width":2062,"height":434,"caption":"Oncolifestyle"},"image":{"@id":"https:\/\/www.oncolifestyle.com\/de\/#\/schema\/logo\/image\/"}}]}},"_links":{"self":[{"href":"https:\/\/www.oncolifestyle.com\/de\/wp-json\/wp\/v2\/pages\/2767","targetHints":{"allow":["GET"]}}],"collection":[{"href":"https:\/\/www.oncolifestyle.com\/de\/wp-json\/wp\/v2\/pages"}],"about":[{"href":"https:\/\/www.oncolifestyle.com\/de\/wp-json\/wp\/v2\/types\/page"}],"author":[{"embeddable":true,"href":"https:\/\/www.oncolifestyle.com\/de\/wp-json\/wp\/v2\/users\/1"}],"replies":[{"embeddable":true,"href":"https:\/\/www.oncolifestyle.com\/de\/wp-json\/wp\/v2\/comments?post=2767"}],"version-history":[{"count":5,"href":"https:\/\/www.oncolifestyle.com\/de\/wp-json\/wp\/v2\/pages\/2767\/revisions"}],"predecessor-version":[{"id":3468,"href":"https:\/\/www.oncolifestyle.com\/de\/wp-json\/wp\/v2\/pages\/2767\/revisions\/3468"}],"wp:attachment":[{"href":"https:\/\/www.oncolifestyle.com\/de\/wp-json\/wp\/v2\/media?parent=2767"}],"curies":[{"name":"wp","href":"https:\/\/api.w.org\/{rel}","templated":true}]}}