{"id":374,"date":"2022-07-27T23:10:25","date_gmt":"2022-07-27T23:10:25","guid":{"rendered":"https:\/\/oncolifestyle-com.orientedhosting.com\/home\/"},"modified":"2024-12-02T12:56:07","modified_gmt":"2024-12-02T12:56:07","slug":"home","status":"publish","type":"page","link":"https:\/\/www.oncolifestyle.com\/de\/","title":{"rendered":"Home"},"content":{"rendered":"<div class=\"wpb-content-wrapper\"><p>[vc_row full_width=&#8220;stretch_row&#8220; css=&#8220;.vc_custom_1731243703204{background-image: url(https:\/\/www.oncolifestyle.com\/wp-content\/uploads\/2024\/11\/home-banner.jpg?id=2337) !important;background-position: center !important;background-repeat: no-repeat !important;background-size: cover !important;}&#8220; el_class=&#8220;page-banner&#8220;][vc_column width=&#8220;1\/12&#8243;][\/vc_column][vc_column width=&#8220;7\/12&#8243;][vc_empty_space height=&#8220;17vw&#8220;][vc_custom_heading text=&#8220;Hilfe f\u00fcr ein gutes Leben mit Krebs&#8220; font_container=&#8220;tag:h1|text_align:left|color:%23ffffff&#8220; use_theme_fonts=&#8220;yes&#8220; css=&#8220;.vc_custom_1733142411573{margin-top: 0px !important;}&#8220;][vc_empty_space height=&#8220;5vw&#8220;][\/vc_column][vc_column width=&#8220;3\/12&#8243;][\/vc_column][vc_column width=&#8220;1\/12&#8243;][\/vc_column][\/vc_row][vc_row][vc_column width=&#8220;1\/12&#8243;][\/vc_column][vc_column width=&#8220;1\/2&#8243;][vc_column_text css=&#8220;.vc_custom_1733142498521{margin-top: 50px !important;}&#8220;]<\/p>\n<h6 class=\"green-pill\">Mission<\/h6>\n<h2>Hilfe f\u00fcr ein gutes Leben mit Krebs<\/h2>\n<p>&nbsp;<\/p>\n<p>Krebs beeinflusst jeden Bereich Ihres Lebens. Egal, ob Sie selbst mit einer Diagnose leben oder jemand in Ihrer N\u00e4he betroffen ist \u2013 wir sind hier, um Ihnen zu helfen, mit den Ver\u00e4nderungen umzugehen.<\/p>\n<p>Bei Oncolifestyle finden Sie zug\u00e4ngliche, evidenzbasierte Informationen, um eine aktive Rolle im Umgang mit Krebs einzunehmen, positive Lebensstilentscheidungen zu treffen und neue Wege zu finden, die Lebensqualit\u00e4t zu verbessern.[\/vc_column_text][\/vc_column][vc_column width=&#8220;5\/12&#8243;][vc_single_image image=&#8220;2343&#8243; img_size=&#8220;large&#8220; el_class=&#8220;page-circle-image&#8220;][\/vc_column][\/vc_row][vc_row css=&#8220;.vc_custom_1731265418453{padding-bottom: 150px !important;}&#8220;][vc_column][vc_custom_heading text=&#8220;Was gibt&#8217;s neues&#8220; font_container=&#8220;tag:h2|text_align:center&#8220; use_theme_fonts=&#8220;yes&#8220; el_class=&#8220;accent-line center&#8220; css=&#8220;.vc_custom_1733142524037{margin-top: 100px !important;margin-bottom: 100px !important;}&#8220;][\/vc_column][\/vc_row][vc_row css=&#8220;.vc_custom_1731265407035{background-image: url(https:\/\/www.oncolifestyle.com\/wp-content\/uploads\/2022\/11\/news-bg.jpg?id=677) !important;}&#8220;][vc_column][vc_column_text css=&#8220;.vc_custom_1731404795383{margin-top: -200px !important;margin-bottom: 80px !important;}&#8220;]<div class=\"ajax-posts-container \" id=\"ajax-posts-container-2226752622\" data-feature-first=\"false\"><div class=\"custom-post-grid\" data-categories=\"157\" data-active-categories=\"157\" data-posts-per-page=\"3\" data-limit=\"3\" data-paged=\"1\">\t\t\t<div class=\"custom-post-card\">\n\t\t\t\t\t\t\t\t\t<a class=\"post-thumbnail-wrapper\" href=\"https:\/\/www.oncolifestyle.com\/de\/emotionale-gesundheit\/wie-dir-eine-beratung-helfen-kann\/\">\n\t\t\t\t\t\t<img decoding=\"async\" src=\"https:\/\/www.oncolifestyle.com\/wp-content\/uploads\/2024\/08\/man-sitting-psychologist-s-office-talking-about-problems.jpg\" alt=\"Wie Dir eine Beratung helfen kann\" class=\"post-thumbnail\" \/>\n\t\t\t\t\t<\/a>\n\t\t\t\t\t\t\t\t<div class=\"post-content\">\n\t\t\t\t\t\t\t\t\t\t\t<span class=\"post-category green-pill\">Emotionale Gesundheit<\/span>\n\t\t\t\t\t\t\t\t\t\n\t\t\t\t\t<h2 class=\"post-title\"><a href=\"https:\/\/www.oncolifestyle.com\/de\/emotionale-gesundheit\/wie-dir-eine-beratung-helfen-kann\/\">Wie Dir eine Beratung helfen kann<\/a><\/h2>\n\t\t\t\t\t<a href=\"https:\/\/www.oncolifestyle.com\/de\/emotionale-gesundheit\/wie-dir-eine-beratung-helfen-kann\/\" class=\"read-more\">Mehr erfahren<\/a>\n\t\t\t\t<\/div>\n\t\t\t<\/div>\n\t\t\t\t\t\t<div class=\"custom-post-card\">\n\t\t\t\t\t\t\t\t\t<a class=\"post-thumbnail-wrapper\" href=\"https:\/\/www.oncolifestyle.com\/de\/emotionale-gesundheit\/vorteile-von-entspannungsuebungen\/\">\n\t\t\t\t\t\t<img decoding=\"async\" src=\"https:\/\/www.oncolifestyle.com\/wp-content\/uploads\/2024\/08\/group-young-sporty-people-sitting-sukhasana-close-up.jpg\" alt=\"Vorteile von Entspannungs\u00fcbungen\" class=\"post-thumbnail\" \/>\n\t\t\t\t\t<\/a>\n\t\t\t\t\t\t\t\t<div class=\"post-content\">\n\t\t\t\t\t\t\t\t\t\t\t<span class=\"post-category green-pill\">Emotionale Gesundheit<\/span>\n\t\t\t\t\t\t\t\t\t\n\t\t\t\t\t<h2 class=\"post-title\"><a href=\"https:\/\/www.oncolifestyle.com\/de\/emotionale-gesundheit\/vorteile-von-entspannungsuebungen\/\">Vorteile von Entspannungs\u00fcbungen<\/a><\/h2>\n\t\t\t\t\t<a href=\"https:\/\/www.oncolifestyle.com\/de\/emotionale-gesundheit\/vorteile-von-entspannungsuebungen\/\" class=\"read-more\">Mehr erfahren<\/a>\n\t\t\t\t<\/div>\n\t\t\t<\/div>\n\t\t\t\t\t\t<div class=\"custom-post-card\">\n\t\t\t\t\t\t\t\t\t<a class=\"post-thumbnail-wrapper\" href=\"https:\/\/www.oncolifestyle.com\/de\/emotionale-gesundheit\/10-tipps-fuer-den-umgang-mit-deinen-gefuehlen\/\">\n\t\t\t\t\t\t<img decoding=\"async\" src=\"https:\/\/www.oncolifestyle.com\/wp-content\/uploads\/2024\/08\/tranquil-retreat-middleaged-asian-woman-finds-serenity-comfort-her-home.jpg\" alt=\"10 Tipps f\u00fcr den Umgang mit Deinen Gef\u00fchlen\" class=\"post-thumbnail\" \/>\n\t\t\t\t\t<\/a>\n\t\t\t\t\t\t\t\t<div class=\"post-content\">\n\t\t\t\t\t\t\t\t\t\t\t<span class=\"post-category green-pill\">Emotionale Gesundheit<\/span>\n\t\t\t\t\t\t\t\t\t\n\t\t\t\t\t<h2 class=\"post-title\"><a href=\"https:\/\/www.oncolifestyle.com\/de\/emotionale-gesundheit\/10-tipps-fuer-den-umgang-mit-deinen-gefuehlen\/\">10 Tipps f\u00fcr den Umgang mit Deinen Gef\u00fchlen<\/a><\/h2>\n\t\t\t\t\t<a href=\"https:\/\/www.oncolifestyle.com\/de\/emotionale-gesundheit\/10-tipps-fuer-den-umgang-mit-deinen-gefuehlen\/\" class=\"read-more\">Mehr erfahren<\/a>\n\t\t\t\t<\/div>\n\t\t\t<\/div>\n\t\t\t<\/div><\/div>[\/vc_column_text][\/vc_column][\/vc_row][vc_row][vc_column][vc_custom_heading text=&#8220;Alles, was Sie wissen m\u00fcssen&#8220; font_container=&#8220;tag:h2|text_align:center&#8220; use_theme_fonts=&#8220;yes&#8220; el_class=&#8220;accent-line center&#8220; css=&#8220;.vc_custom_1733142568861{margin-top: 130px !important;margin-bottom: 50px !important;}&#8220;][\/vc_column][\/vc_row][vc_row][vc_column][vc_column_text css=&#8220;.vc_custom_1733142601750{padding-right: 5% !important;padding-left: 5% !important;}&#8220;]<\/p>\n<p style=\"text-align: center;\">Ein gesunder Lebensstil kann dazu beitragen, Krebs vorzubeugen, aber es ist genauso wichtig, diese Gewohnheiten w\u00e4hrend einer Krebserkrankung beizubehalten. Dies kann Ihnen helfen, sich besser zu f\u00fchlen, Ihr Energieniveau zu steigern und sogar das Fortschreiten des Krebses zu verlangsamen. Durch gesunde Lebensstilentscheidungen k\u00f6nnen Sie Ihre Lebensqualit\u00e4t verbessern und ein gewisses Ma\u00df an Kontrolle \u00fcber Ihren Umgang mit Krebs zur\u00fcckgewinnen.<\/p>\n<p>[\/vc_column_text][\/vc_column][\/vc_row][vc_row gap=&#8220;30&#8243; equal_height=&#8220;yes&#8220;][vc_column width=&#8220;1\/3&#8243; css=&#8220;.vc_custom_1731311533950{background-image: url(https:\/\/www.oncolifestyle.com\/wp-content\/uploads\/2024\/11\/nutrition-card-bg.jpg?id=2715) !important;background-position: center !important;background-repeat: no-repeat !important;background-size: cover !important;}&#8220; el_class=&#8220;home-cards&#8220;][vc_single_image image=&#8220;2733&#8243; img_size=&#8220;210&#215;270&#8243; alignment=&#8220;right&#8220;][vc_column_text]<\/p>\n<h4>ERN\u00c4HRUNG<\/h4>\n<p class=\"p1\">Entdecken Sie, wie Ern\u00e4hrung und bewusste Ern\u00e4hrungsentscheidungen Ihnen helfen k\u00f6nnen, mit Krebs gut zu leben.<\/p>\n<p>[\/vc_column_text][vc_btn title=&#8220;Erfahren Sie mehr&#8220; style=&#8220;classic&#8220; shape=&#8220;square&#8220; color=&#8220;white&#8220; link=&#8220;url:https%3A%2F%2Fwww.oncolifestyle.com%2Fde%2Fprostate-cancer%2Fernaehrung%2F|title:Nutrition&#8220;][\/vc_column][vc_column width=&#8220;1\/3&#8243; css=&#8220;.vc_custom_1731311592120{background-image: url(https:\/\/www.oncolifestyle.com\/wp-content\/uploads\/2024\/11\/physical-activity-card-bg.jpg?id=2721) !important;background-position: center !important;background-repeat: no-repeat !important;background-size: cover !important;}&#8220; el_class=&#8220;home-cards&#8220;][vc_single_image image=&#8220;2739&#8243; img_size=&#8220;200&#215;220&#8243; alignment=&#8220;right&#8220;][vc_column_text]<\/p>\n<h4>K\u00d6RPERLICHE AKTIVIT\u00c4T<\/h4>\n<p class=\"p1\">Erfahren Sie, wie regelm\u00e4\u00dfige Bewegung Ihr k\u00f6rperliches, mentales und soziales Wohlbefinden f\u00f6rdern kann.<\/p>\n<p>[\/vc_column_text][vc_btn title=&#8220;Erfahren Sie mehr&#8220; style=&#8220;classic&#8220; shape=&#8220;square&#8220; color=&#8220;white&#8220; link=&#8220;url:https%3A%2F%2Fwww.oncolifestyle.com%2Fde%2Fprostate-cancer%2Fkoerperliche-aktivitaeten%2F|title:Physical%20Activity&#8220;][\/vc_column][vc_column width=&#8220;1\/3&#8243; css=&#8220;.vc_custom_1731311637708{background-image: url(https:\/\/www.oncolifestyle.com\/wp-content\/uploads\/2024\/11\/mental-health-card-bg.jpg?id=2709) !important;}&#8220; el_class=&#8220;home-cards&#8220;][vc_single_image image=&#8220;2727&#8243; img_size=&#8220;210&#215;240&#8243; alignment=&#8220;right&#8220;][vc_column_text]<\/p>\n<h4>MENTALE GESUNDHEIT<\/h4>\n<p class=\"p1\">Verstehen Sie, wie Krebs Ihre kognitive und emotionale Gesundheit beeinflusst \u2013 und wie Sie Ihr mentales Wohlbefinden sch\u00fctzen k\u00f6nnen.<\/p>\n<p>[\/vc_column_text][vc_btn title=&#8220;Erfahren Sie mehr&#8220; style=&#8220;classic&#8220; shape=&#8220;square&#8220; color=&#8220;white&#8220; link=&#8220;url:https%3A%2F%2Fwww.oncolifestyle.com%2Fde%2Fprostate-cancer%2Fmentale-leistungsfaehigkeit%2F|title:Mental%20Health&#8220;][\/vc_column][\/vc_row][vc_row][vc_column][vc_custom_heading text=&#8220;Entdecken Sie mehr&#8220; font_container=&#8220;tag:h2|text_align:center&#8220; use_theme_fonts=&#8220;yes&#8220; el_class=&#8220;accent-line center&#8220; css=&#8220;.vc_custom_1733143210647{margin-top: 130px !important;margin-bottom: 50px !important;}&#8220;][\/vc_column][\/vc_row][vc_row css=&#8220;.vc_custom_1731270200621{padding-right: 10% !important;padding-left: 10% !important;}&#8220;][vc_column][vc_column_text el_class=&#8220;box-shadow&#8220; css=&#8220;.vc_custom_1733143317507{padding-top: 50px !important;padding-right: 30px !important;padding-bottom: 50px !important;padding-left: 30px !important;}&#8220;]<\/p>\n<p style=\"text-align: center; font-size: 24px;\"><strong>Entdecken Sie spezifische Informationen und Ratschl\u00e4ge f\u00fcr Ihre Krebsart:<\/strong><\/p>\n<p style=\"text-align: center;\"><span class=\"disease-wrapper disease-pc\"><a class=\"\" href=\"https:\/\/www.oncolifestyle.com\/de\/prostatakrebs\/\">Prostatakrebs<\/a><\/span><\/p>\n<p style=\"text-align: center; font-size: 14px; color: #7b7474;\">*Weitere Krebsarten werden hinzugef\u00fcgt<\/p>\n<p>[\/vc_column_text][\/vc_column][\/vc_row][vc_row css=&#8220;.vc_custom_1731271119296{padding-top: 100px !important;}&#8220;][vc_column width=&#8220;1\/12&#8243;][\/vc_column][vc_column width=&#8220;10\/12&#8243;][vc_custom_heading text=&#8220;Verl\u00e4ssliche Informationen&#8220; font_container=&#8220;tag:h2|text_align:center&#8220; use_theme_fonts=&#8220;yes&#8220; el_class=&#8220;accent-line center size-sm&#8220;][vc_column_text]<\/p>\n<p style=\"text-align: center;\">Bei so vielen unterschiedlichen Meinungen kann es schwierig sein, zu wissen, wem man vertrauen sollte. Bei Oncolifestyle tun wir unser Bestes, um Ihnen evidenzbasierte Informationen bereitzustellen, die sorgf\u00e4ltig recherchiert wurden und Ihre Gesundheit im Fokus haben.<\/p>\n<p>[\/vc_column_text][\/vc_column][vc_column width=&#8220;1\/12&#8243;][\/vc_column][\/vc_row][vc_row css=&#8220;.vc_custom_1731272629304{padding-top: 50px !important;padding-bottom: 100px !important;}&#8220;][vc_column][vc_column_text]<\/p>\n<h6 style=\"text-align: center;\">Unsere quellen<\/h6>\n<p style=\"text-align: center;\"><span class=\"sources-btn show-source\">Woher stammen diese Informationen?<br \/>\n<\/span><\/p>\n<p>[\/vc_column_text][\/vc_column][\/vc_row][vc_row full_width=&#8220;stretch_row&#8220; el_class=&#8220;source&#8220;][vc_column][vc_raw_html]JTNDZGl2JTIwY2xhc3MlM0QlMjJzdmdfX3dyYXBwZXIlMjBjbG9zZS1zb3VyY2UlMjIlM0UlMEElM0NzdmclMjBjbGFzcyUzRCUyMmljb24lMjBpY29uLS1jbG9zZSUyMiUyMGFyaWEtaGlkZGVuJTNEJTIydHJ1ZSUyMiUyMHJvbGUlM0QlMjJpbWclMjIlM0UlM0N1c2UlMjB4bGluayUzQWhyZWYlM0QlMjIlMjNpY29uLWNsb3NlJTIyJTNFJTNDJTJGdXNlJTNFJTNDJTJGc3ZnJTNFJTBBJTNDJTJGZGl2JTNFJTBB[\/vc_raw_html][vc_column_text]<\/p>\n<h6 class=\"accent-line green-pill\">Unsere quellen<\/h6>\n<h4>Woher stammen diese Informationen?<\/h4>\n<ol>\n<li>Zhang, Y.-B. et al. Combined lifestyle factors, incident cancer, and cancer mortality: a systematic review and meta-analysis of prospective cohort studies.<\/li>\n<li>British Journal of Cancer 122, 1085\u20131093 (2020).<\/li>\n<li>Loibl, S. et al. Early breast cancer: ESMO Clinical Practice Guideline for diagnosis, treatment and follow-up. Annals of Oncology 35, 159\u2013182 (2024).<\/li>\n<li>Oaknin, A. et al. Endometrial cancer: ESMO Clinical Practice Guideline for diagnosis, treatment and follow-up\u2606. Annals of Oncology 33, 860\u2013877 (2022).<\/li>\n<li>Parker, C. et al. Prostate cancer: ESMO Clinical Practice Guidelines for diagnosis, treatment and follow-up\u2020. Annals of Oncology 31, 1119\u20131134 (2020).<\/li>\n<li>Mass General Brigham. Lifestyle Medicine in Cancer Care. https:\/\/www.massgeneralbrigham.org\/en\/about\/newsroom\/articles\/cancer-holistic-lifestyle-management.<\/li>\n<\/ol>\n<p>[\/vc_column_text][\/vc_column][\/vc_row]<\/p>\n<\/div>","protected":false},"excerpt":{"rendered":"<p>[vc_row full_width=&#8220;stretch_row&#8220; css=&#8220;.vc_custom_1731243703204{background-image: url(https:\/\/www.oncolifestyle.com\/wp-content\/uploads\/2024\/11\/home-banner.jpg?id=2337) !important;background-position: center !important;background-repeat: no-repeat !important;background-size: cover !important;}&#8220; el_class=&#8220;page-banner&#8220;][vc_column width=&#8220;1\/12&#8243;][\/vc_column][vc_column width=&#8220;7\/12&#8243;][vc_empty_space height=&#8220;17vw&#8220;][vc_custom_heading text=&#8220;Hilfe f\u00fcr ein gutes Leben [&hellip;]<\/p>\n","protected":false},"author":1,"featured_media":0,"parent":0,"menu_order":0,"comment_status":"closed","ping_status":"closed","template":"template-fullwidth.php","meta":{"_acf_changed":false,"inline_featured_image":false,"footnotes":""},"class_list":["post-374","page","type-page","status-publish","hentry"],"acf":[],"yoast_head":"<!-- This site is optimized with the Yoast SEO plugin v23.8 - https:\/\/yoast.com\/wordpress\/plugins\/seo\/ -->\n<title>Gut leben mit Krebs: evidenzbasierte Lebensstil-Unterst\u00fctzung | Oncolifestyle<\/title>\n<meta name=\"description\" content=\"Evidenzbasierte Lebensstil-Begleitung f\u00fcr Menschen mit und nach Krebs. Praktische Tipps zu Ern\u00e4hrung, Bewegung und Wohlbefinden.\" \/>\n<meta name=\"robots\" content=\"index, follow, max-snippet:-1, max-image-preview:large, max-video-preview:-1\" \/>\n<link rel=\"canonical\" href=\"https:\/\/www.oncolifestyle.com\/de\/\" \/>\n<meta property=\"og:locale\" content=\"de_DE\" \/>\n<meta property=\"og:type\" content=\"article\" \/>\n<meta property=\"og:title\" content=\"Gut leben mit Krebs: evidenzbasierte Lebensstil-Unterst\u00fctzung | Oncolifestyle\" \/>\n<meta property=\"og:description\" content=\"Evidenzbasierte Lebensstil-Begleitung f\u00fcr Menschen mit und nach Krebs. Praktische Tipps zu Ern\u00e4hrung, Bewegung und Wohlbefinden.\" \/>\n<meta property=\"og:url\" content=\"https:\/\/www.oncolifestyle.com\/de\/\" \/>\n<meta property=\"og:site_name\" content=\"Oncolifestyle\" \/>\n<meta property=\"article:modified_time\" content=\"2024-12-02T12:56:07+00:00\" \/>\n<meta name=\"twitter:card\" content=\"summary_large_image\" \/>\n<meta name=\"twitter:label1\" content=\"Gesch\u00e4tzte Lesezeit\" \/>\n\t<meta name=\"twitter:data1\" content=\"4\u00a0Minuten\" \/>\n<script type=\"application\/ld+json\" class=\"yoast-schema-graph\">{\"@context\":\"https:\/\/schema.org\",\"@graph\":[{\"@type\":\"WebPage\",\"@id\":\"https:\/\/www.oncolifestyle.com\/de\/\",\"url\":\"https:\/\/www.oncolifestyle.com\/de\/\",\"name\":\"Gut leben mit Krebs: evidenzbasierte Lebensstil-Unterst\u00fctzung | Oncolifestyle\",\"isPartOf\":{\"@id\":\"https:\/\/www.oncolifestyle.com\/de\/#website\"},\"datePublished\":\"2022-07-27T23:10:25+00:00\",\"dateModified\":\"2024-12-02T12:56:07+00:00\",\"description\":\"Evidenzbasierte Lebensstil-Begleitung f\u00fcr Menschen mit und nach Krebs. Praktische Tipps zu Ern\u00e4hrung, Bewegung und Wohlbefinden.\",\"breadcrumb\":{\"@id\":\"https:\/\/www.oncolifestyle.com\/de\/#breadcrumb\"},\"inLanguage\":\"de\",\"potentialAction\":[{\"@type\":\"ReadAction\",\"target\":[\"https:\/\/www.oncolifestyle.com\/de\/\"]}]},{\"@type\":\"BreadcrumbList\",\"@id\":\"https:\/\/www.oncolifestyle.com\/de\/#breadcrumb\",\"itemListElement\":[{\"@type\":\"ListItem\",\"position\":1,\"name\":\"Home\",\"item\":\"https:\/\/www.oncolifestyle.com\/de\/\"},{\"@type\":\"ListItem\",\"position\":2,\"name\":\"Home\"}]},{\"@type\":\"WebSite\",\"@id\":\"https:\/\/www.oncolifestyle.com\/de\/#website\",\"url\":\"https:\/\/www.oncolifestyle.com\/de\/\",\"name\":\"Oncolifestyle\",\"description\":\"Helping people with cancer live well\",\"publisher\":{\"@id\":\"https:\/\/www.oncolifestyle.com\/de\/#organization\"},\"potentialAction\":[{\"@type\":\"SearchAction\",\"target\":{\"@type\":\"EntryPoint\",\"urlTemplate\":\"https:\/\/www.oncolifestyle.com\/de\/?s={search_term_string}\"},\"query-input\":{\"@type\":\"PropertyValueSpecification\",\"valueRequired\":true,\"valueName\":\"search_term_string\"}}],\"inLanguage\":\"de\"},{\"@type\":\"Organization\",\"@id\":\"https:\/\/www.oncolifestyle.com\/de\/#organization\",\"name\":\"Oncolifestyle\",\"url\":\"https:\/\/www.oncolifestyle.com\/de\/\",\"logo\":{\"@type\":\"ImageObject\",\"inLanguage\":\"de\",\"@id\":\"https:\/\/www.oncolifestyle.com\/de\/#\/schema\/logo\/image\/\",\"url\":\"https:\/\/www.oncolifestyle.com\/wp-content\/uploads\/2022\/08\/ONCO_LOGO_RGB_horizontal.png\",\"contentUrl\":\"https:\/\/www.oncolifestyle.com\/wp-content\/uploads\/2022\/08\/ONCO_LOGO_RGB_horizontal.png\",\"width\":2062,\"height\":434,\"caption\":\"Oncolifestyle\"},\"image\":{\"@id\":\"https:\/\/www.oncolifestyle.com\/de\/#\/schema\/logo\/image\/\"}}]}<\/script>\n<!-- \/ Yoast SEO plugin. -->","yoast_head_json":{"title":"Gut leben mit Krebs: evidenzbasierte Lebensstil-Unterst\u00fctzung | Oncolifestyle","description":"Evidenzbasierte Lebensstil-Begleitung f\u00fcr Menschen mit und nach Krebs. Praktische Tipps zu Ern\u00e4hrung, Bewegung und Wohlbefinden.","robots":{"index":"index","follow":"follow","max-snippet":"max-snippet:-1","max-image-preview":"max-image-preview:large","max-video-preview":"max-video-preview:-1"},"canonical":"https:\/\/www.oncolifestyle.com\/de\/","og_locale":"de_DE","og_type":"article","og_title":"Gut leben mit Krebs: evidenzbasierte Lebensstil-Unterst\u00fctzung | Oncolifestyle","og_description":"Evidenzbasierte Lebensstil-Begleitung f\u00fcr Menschen mit und nach Krebs. Praktische Tipps zu Ern\u00e4hrung, Bewegung und Wohlbefinden.","og_url":"https:\/\/www.oncolifestyle.com\/de\/","og_site_name":"Oncolifestyle","article_modified_time":"2024-12-02T12:56:07+00:00","twitter_card":"summary_large_image","twitter_misc":{"Gesch\u00e4tzte Lesezeit":"4\u00a0Minuten"},"schema":{"@context":"https:\/\/schema.org","@graph":[{"@type":"WebPage","@id":"https:\/\/www.oncolifestyle.com\/de\/","url":"https:\/\/www.oncolifestyle.com\/de\/","name":"Gut leben mit Krebs: evidenzbasierte Lebensstil-Unterst\u00fctzung | Oncolifestyle","isPartOf":{"@id":"https:\/\/www.oncolifestyle.com\/de\/#website"},"datePublished":"2022-07-27T23:10:25+00:00","dateModified":"2024-12-02T12:56:07+00:00","description":"Evidenzbasierte Lebensstil-Begleitung f\u00fcr Menschen mit und nach Krebs. Praktische Tipps zu Ern\u00e4hrung, Bewegung und Wohlbefinden.","breadcrumb":{"@id":"https:\/\/www.oncolifestyle.com\/de\/#breadcrumb"},"inLanguage":"de","potentialAction":[{"@type":"ReadAction","target":["https:\/\/www.oncolifestyle.com\/de\/"]}]},{"@type":"BreadcrumbList","@id":"https:\/\/www.oncolifestyle.com\/de\/#breadcrumb","itemListElement":[{"@type":"ListItem","position":1,"name":"Home","item":"https:\/\/www.oncolifestyle.com\/de\/"},{"@type":"ListItem","position":2,"name":"Home"}]},{"@type":"WebSite","@id":"https:\/\/www.oncolifestyle.com\/de\/#website","url":"https:\/\/www.oncolifestyle.com\/de\/","name":"Oncolifestyle","description":"Helping people with cancer live well","publisher":{"@id":"https:\/\/www.oncolifestyle.com\/de\/#organization"},"potentialAction":[{"@type":"SearchAction","target":{"@type":"EntryPoint","urlTemplate":"https:\/\/www.oncolifestyle.com\/de\/?s={search_term_string}"},"query-input":{"@type":"PropertyValueSpecification","valueRequired":true,"valueName":"search_term_string"}}],"inLanguage":"de"},{"@type":"Organization","@id":"https:\/\/www.oncolifestyle.com\/de\/#organization","name":"Oncolifestyle","url":"https:\/\/www.oncolifestyle.com\/de\/","logo":{"@type":"ImageObject","inLanguage":"de","@id":"https:\/\/www.oncolifestyle.com\/de\/#\/schema\/logo\/image\/","url":"https:\/\/www.oncolifestyle.com\/wp-content\/uploads\/2022\/08\/ONCO_LOGO_RGB_horizontal.png","contentUrl":"https:\/\/www.oncolifestyle.com\/wp-content\/uploads\/2022\/08\/ONCO_LOGO_RGB_horizontal.png","width":2062,"height":434,"caption":"Oncolifestyle"},"image":{"@id":"https:\/\/www.oncolifestyle.com\/de\/#\/schema\/logo\/image\/"}}]}},"_links":{"self":[{"href":"https:\/\/www.oncolifestyle.com\/de\/wp-json\/wp\/v2\/pages\/374","targetHints":{"allow":["GET"]}}],"collection":[{"href":"https:\/\/www.oncolifestyle.com\/de\/wp-json\/wp\/v2\/pages"}],"about":[{"href":"https:\/\/www.oncolifestyle.com\/de\/wp-json\/wp\/v2\/types\/page"}],"author":[{"embeddable":true,"href":"https:\/\/www.oncolifestyle.com\/de\/wp-json\/wp\/v2\/users\/1"}],"replies":[{"embeddable":true,"href":"https:\/\/www.oncolifestyle.com\/de\/wp-json\/wp\/v2\/comments?post=374"}],"version-history":[{"count":9,"href":"https:\/\/www.oncolifestyle.com\/de\/wp-json\/wp\/v2\/pages\/374\/revisions"}],"predecessor-version":[{"id":3402,"href":"https:\/\/www.oncolifestyle.com\/de\/wp-json\/wp\/v2\/pages\/374\/revisions\/3402"}],"wp:attachment":[{"href":"https:\/\/www.oncolifestyle.com\/de\/wp-json\/wp\/v2\/media?parent=374"}],"curies":[{"name":"wp","href":"https:\/\/api.w.org\/{rel}","templated":true}]}}