{"id":380,"date":"2022-08-08T09:31:23","date_gmt":"2022-08-08T09:31:23","guid":{"rendered":"https:\/\/oncolifestyle-com.orientedhosting.com\/prostate-cancer\/"},"modified":"2024-12-02T14:16:27","modified_gmt":"2024-12-02T14:16:27","slug":"prostatakrebs","status":"publish","type":"page","link":"https:\/\/www.oncolifestyle.com\/de\/prostatakrebs\/","title":{"rendered":"Prostatakrebs"},"content":{"rendered":"<div class=\"wpb-content-wrapper\"><p>[vc_row full_width=&#8220;stretch_row&#8220; css=&#8220;.vc_custom_1731339146710{background-image: url(https:\/\/www.oncolifestyle.com\/wp-content\/uploads\/2022\/08\/banner-prostate.jpg?id=106) !important;background-position: center !important;background-repeat: no-repeat !important;background-size: cover !important;}&#8220; el_class=&#8220;page-banner&#8220;][vc_column width=&#8220;1\/12&#8243;][\/vc_column][vc_column width=&#8220;10\/12&#8243;][vc_empty_space height=&#8220;23vw&#8220;][vc_custom_heading text=&#8220;Prostatakrebs&#8220; font_container=&#8220;tag:h1|text_align:left|color:%23ffffff&#8220; use_theme_fonts=&#8220;yes&#8220; css=&#8220;.vc_custom_1733144282668{margin-top: 0px !important;}&#8220;][vc_empty_space height=&#8220;5vw&#8220;][\/vc_column][vc_column width=&#8220;1\/12&#8243;][\/vc_column][\/vc_row][vc_row][vc_column width=&#8220;1\/12&#8243;][\/vc_column][vc_column width=&#8220;1\/2&#8243;][vc_column_text el_class=&#8220;breadcrumbs&#8220;]<!-- Breadcrumb NavXT 7.3.1 -->\n<span property=\"itemListElement\" typeof=\"ListItem\"><a property=\"item\" typeof=\"WebPage\" title=\"Gehe zu Oncolifestyle.\" href=\"https:\/\/www.oncolifestyle.com\/de\/\" class=\"home\" aria-current=\"page\"><span property=\"name\">Oncolifestyle<\/span><\/a><meta property=\"position\" content=\"1\"><\/span>[\/vc_column_text][vc_column_text css=&#8220;.vc_custom_1733144395057{margin-top: 50px !important;}&#8220;]<\/p>\n<h6 class=\"green-pill\">\u00dcber Prostatakrebs<\/h6>\n<h2>Das Leben nach Ihrer Prostatakrebs-diagnose<\/h2>\n<p>&nbsp;<\/p>\n<p class=\"p1\">Auch wenn Sie bei Ihrer Diagnose m\u00f6glicherweise Schock oder Angst empfinden, gibt es dennoch Raum f\u00fcr Optimismus. In den meisten F\u00e4llen schreitet Prostatakrebs langsam voran, und Sie k\u00f6nnen \u00fcber viele Jahre hinweg eine gute Lebensqualit\u00e4t genie\u00dfen.<\/p>\n<p class=\"p1\">Bei Oncolifestyle sind wir hier, um Ihnen zu helfen, neue Wege zu finden, w\u00e4hrend und nach Ihrem Prostatakrebs gut zu leben.<\/p>\n<p>[\/vc_column_text][\/vc_column][vc_column width=&#8220;5\/12&#8243;][vc_single_image image=&#8220;114&#8243; img_size=&#8220;large&#8220; el_class=&#8220;page-circle-image&#8220;][\/vc_column][\/vc_row][vc_row css=&#8220;.vc_custom_1731416741759{padding-top: 100px !important;padding-bottom: 100px !important;}&#8220;][vc_column width=&#8220;2\/12&#8243;][\/vc_column][vc_column width=&#8220;8\/12&#8243;][vc_custom_heading text=&#8220;Genie\u00dfen Sie die Vorteile eines aktiven Umgangs mit Krebs&#8220; font_container=&#8220;tag:h2|text_align:center&#8220; use_theme_fonts=&#8220;yes&#8220; el_class=&#8220;accent-line center&#8220;][vc_column_text]<\/p>\n<p style=\"text-align: center;\">Ein Gespr\u00e4ch \u00fcber Prostatakrebs zu beginnen, ist nicht einfach. Egal, ob Sie sich entscheiden, sich testen zu lassen, oder einfach mehr dar\u00fcber erfahren m\u00f6chten \u2013 wir sind hier, um Ihnen die Informationen bereitzustellen, die Sie auf Ihrem Weg ben\u00f6tigen.\u2028Je mehr Informationen Sie haben, desto besser sind Sie darauf vorbereitet, positiv zu leben und ein Leben nach der Diagnose von Prostatakrebs zu entdecken.[\/vc_column_text][vc_btn title=&#8220;ERFAHREN SIE MEHR \u00dcBER PROSTATAKREBS&#8220; style=&#8220;classic&#8220; shape=&#8220;round&#8220; color=&#8220;success&#8220; align=&#8220;center&#8220; link=&#8220;url:https%3A%2F%2Fwww.oncolifestyle.com%2Fde%2Fueber-prostatakrebs%2F|title:%C3%9Cber%20prostatakrebs&#8220; el_class=&#8220;view-more-articles&#8220;][\/vc_column][vc_column width=&#8220;2\/12&#8243;][\/vc_column][\/vc_row][vc_row][vc_column][vc_custom_heading text=&#8220;Alles, was Sie wissen m\u00fcssen&#8220; font_container=&#8220;tag:h2|text_align:center&#8220; use_theme_fonts=&#8220;yes&#8220; el_class=&#8220;accent-line center&#8220; css=&#8220;.vc_custom_1733144500210{margin-top: 100px !important;padding-bottom: 150px !important;}&#8220;][\/vc_column][\/vc_row][vc_row gap=&#8220;30&#8243; equal_height=&#8220;yes&#8220; css=&#8220;.vc_custom_1731338135175{padding-bottom: 100px !important;background-image: url(https:\/\/www.oncolifestyle.com\/wp-content\/uploads\/2022\/08\/news-bg.jpg?id=148) !important;background-position: center !important;background-repeat: no-repeat !important;background-size: cover !important;}&#8220; el_class=&#8220;explore-cards&#8220;][vc_column width=&#8220;1\/4&#8243; css=&#8220;.vc_custom_1731343083504{margin-top: -100px !important;background-image: url(https:\/\/www.oncolifestyle.com\/wp-content\/uploads\/2024\/11\/pc-nutrition-card-bg-1.jpg?id=2860) !important;background-position: center !important;background-repeat: no-repeat !important;background-size: cover !important;}&#8220; el_class=&#8220;home-cards&#8220;][vc_single_image image=&#8220;2880&#8243; img_size=&#8220;full&#8220; alignment=&#8220;right&#8220;][vc_column_text]<\/p>\n<h4>ERN\u00c4HRUNG<\/h4>\n<p class=\"p1\">Essen Sie gut, um besser zu leben<\/p>\n<p>[\/vc_column_text][vc_btn title=&#8220;Erfahren Sie mehr&#8220; style=&#8220;classic&#8220; shape=&#8220;square&#8220; color=&#8220;white&#8220; link=&#8220;url:https%3A%2F%2Fwww.oncolifestyle.com%2Fde%2Fprostate-cancer%2Fernaehrung%2F|title:Nutrition&#8220;][\/vc_column][vc_column width=&#8220;1\/4&#8243; css=&#8220;.vc_custom_1731343110118{margin-top: -100px !important;background-image: url(https:\/\/www.oncolifestyle.com\/wp-content\/uploads\/2024\/11\/pc-physical-activity-card-bg-1.jpg?id=2866) !important;}&#8220; el_class=&#8220;home-cards&#8220;][vc_single_image image=&#8220;2886&#8243; img_size=&#8220;full&#8220; alignment=&#8220;right&#8220;][vc_column_text]<\/p>\n<h4>K\u00d6RPERLICHE AKTIVIT\u00c4T<\/h4>\n<p class=\"p1\">Wie Bewegung Ihnen helfen kann, mit Ihrer Behandlung umzugehen<\/p>\n<p>[\/vc_column_text][vc_btn title=&#8220;Erfahren Sie mehr&#8220; style=&#8220;classic&#8220; shape=&#8220;square&#8220; color=&#8220;white&#8220; link=&#8220;url:https%3A%2F%2Fwww.oncolifestyle.com%2Fde%2Fprostate-cancer%2Fkoerperliche-aktivitaeten%2F|title:Mental%20health&#8220;][\/vc_column][vc_column width=&#8220;1\/4&#8243; el_class=&#8220;home-cards&#8220; css=&#8220;.vc_custom_1731343123769{margin-top: -100px !important;background-image: url(https:\/\/www.oncolifestyle.com\/wp-content\/uploads\/2024\/11\/pc-mental-health-card-bg-1.jpg?id=2854) !important;background-position: center !important;background-repeat: no-repeat !important;background-size: cover !important;}&#8220;][vc_single_image image=&#8220;2812&#8243; img_size=&#8220;210&#215;240&#8243; alignment=&#8220;right&#8220;][vc_column_text]<\/p>\n<h4>MENTALE GESUNDHEIT<\/h4>\n<p class=\"p1\">Wie k\u00f6nnen Prostatakrebs und seine Behandlung Ihr Gehirn beeinflussen?<\/p>\n<p>[\/vc_column_text][vc_btn title=&#8220;Erfahren Sie mehr&#8220; style=&#8220;classic&#8220; shape=&#8220;square&#8220; color=&#8220;white&#8220; link=&#8220;url:https%3A%2F%2Fwww.oncolifestyle.com%2Fde%2Fprostate-cancer%2Fmentale-leistungsfaehigkeit%2F|title:Mental%20health&#8220;][\/vc_column][vc_column width=&#8220;1\/4&#8243; el_class=&#8220;home-cards&#8220; css=&#8220;.vc_custom_1731343135903{margin-top: -100px !important;background-image: url(https:\/\/www.oncolifestyle.com\/wp-content\/uploads\/2024\/11\/pc-sexual-health-card-bg-1.jpg?id=2872) !important;background-position: center !important;background-repeat: no-repeat !important;background-size: cover !important;}&#8220;][vc_single_image image=&#8220;2848&#8243; img_size=&#8220;210&#215;240&#8243; alignment=&#8220;right&#8220;][vc_column_text]<\/p>\n<h4>SEXUELLE GESUNDHEIT<\/h4>\n<p class=\"p1\">Prostatakrebs und ein gesundes Sexualleben<\/p>\n<p>[\/vc_column_text][vc_btn title=&#8220;Erfahren Sie mehr&#8220; style=&#8220;classic&#8220; shape=&#8220;square&#8220; color=&#8220;white&#8220; link=&#8220;url:https%3A%2F%2Fwww.oncolifestyle.com%2Fde%2Fprostate-cancer%2Fsexuelle-gesundheit%2F|title:Mental%20health&#8220;][\/vc_column][\/vc_row][vc_row][vc_column][vc_custom_heading text=&#8220;Entdecken Sie die Neuigkeiten&#8220; font_container=&#8220;tag:h2|text_align:center&#8220; use_theme_fonts=&#8220;yes&#8220; el_class=&#8220;accent-line center&#8220; css=&#8220;.vc_custom_1733144898504{margin-top: 100px !important;margin-bottom: 100px !important;}&#8220;][\/vc_column][\/vc_row][vc_row][vc_column][vc_column_text]<div class=\"category-filter-bar\" data-container-id=\"ajax-posts-container-3531218269\" data-posts-per-page=\"5\" data-limit=\"100\"><span>Filtern nach:<\/span> <a href=\"#\" class=\"filter-link active\" data-category=\"71,58,80,144,61\">Alle<\/a> <a href=\"#\" class=\"filter-link\" data-category=\"71\">Ern\u00e4hrung<\/a> <a href=\"#\" class=\"filter-link\" data-category=\"58\">K\u00f6rperliche Aktivit\u00e4t<\/a> <a href=\"#\" class=\"filter-link\" data-category=\"80\">Mentale Leistungsf\u00e4higkeit<\/a> <a href=\"#\" class=\"filter-link\" data-category=\"61\">Sexuelle Gesundheit<\/a> <\/div><div class=\"ajax-posts-container feature-first\" id=\"ajax-posts-container-3531218269\" data-feature-first=\"true\"><div class=\"custom-post-grid\" data-categories=\"71,58,80,144,61\" data-active-categories=\"71,58,80,144,61\" data-posts-per-page=\"5\" data-limit=\"100\" data-paged=\"1\">\t\t\t<div class=\"custom-post-card\">\n\t\t\t\t\t\t\t\t\t<a class=\"post-thumbnail-wrapper\" href=\"https:\/\/www.oncolifestyle.com\/de\/prostatakrebs\/understanding-prostate-cancer-in-9-questions\/\">\n\t\t\t\t\t\t<img decoding=\"async\" src=\"https:\/\/www.oncolifestyle.com\/wp-content\/uploads\/2022\/11\/banner-about.jpg\" alt=\"Prostatakrebs verstehen in 9 Fragen\" class=\"post-thumbnail\" \/>\n\t\t\t\t\t<\/a>\n\t\t\t\t\t\t\t\t<div class=\"post-content\">\n\t\t\t\t\t\t\t\t\t\t\t<span class=\"post-category green-pill\">Prostate cancer<\/span>\n\t\t\t\t\t\t\t\t\t\n\t\t\t\t\t<h2 class=\"post-title\"><a href=\"https:\/\/www.oncolifestyle.com\/de\/prostatakrebs\/understanding-prostate-cancer-in-9-questions\/\">Prostatakrebs verstehen in 9 Fragen<\/a><\/h2>\n\t\t\t\t\t<a href=\"https:\/\/www.oncolifestyle.com\/de\/prostatakrebs\/understanding-prostate-cancer-in-9-questions\/\" class=\"read-more\">Mehr erfahren<\/a>\n\t\t\t\t<\/div>\n\t\t\t<\/div>\n\t\t\t\t\t\t<div class=\"custom-post-card\">\n\t\t\t\t\t\t\t\t\t<a class=\"post-thumbnail-wrapper\" href=\"https:\/\/www.oncolifestyle.com\/de\/sexuelle-gesundheit\/beratung-und-unterstuetzung-finden\/\">\n\t\t\t\t\t\t<img decoding=\"async\" src=\"https:\/\/www.oncolifestyle.com\/wp-content\/uploads\/2024\/11\/marriage-counselor-taking-notes-while-having-meeting-with-couple-office.jpg\" alt=\"Beratung und Unterst\u00fctzung finden\" class=\"post-thumbnail\" \/>\n\t\t\t\t\t<\/a>\n\t\t\t\t\t\t\t\t<div class=\"post-content\">\n\t\t\t\t\t\t\t\t\t\t\t<span class=\"post-category green-pill\">Sexuelle Gesundheit<\/span>\n\t\t\t\t\t\t\t\t\t\n\t\t\t\t\t<h2 class=\"post-title\"><a href=\"https:\/\/www.oncolifestyle.com\/de\/sexuelle-gesundheit\/beratung-und-unterstuetzung-finden\/\">Beratung und Unterst\u00fctzung finden<\/a><\/h2>\n\t\t\t\t\t<a href=\"https:\/\/www.oncolifestyle.com\/de\/sexuelle-gesundheit\/beratung-und-unterstuetzung-finden\/\" class=\"read-more\">Mehr erfahren<\/a>\n\t\t\t\t<\/div>\n\t\t\t<\/div>\n\t\t\t\t\t\t<div class=\"custom-post-card\">\n\t\t\t\t\t\t\t\t\t<a class=\"post-thumbnail-wrapper\" href=\"https:\/\/www.oncolifestyle.com\/de\/sexuelle-gesundheit\/intimitaet-in-der-partnerschaft-staerken\/\">\n\t\t\t\t\t\t<img decoding=\"async\" src=\"https:\/\/www.oncolifestyle.com\/wp-content\/uploads\/2024\/11\/couple-sits-bench-park-smiling-looking-each-other.jpg\" alt=\"Intimit\u00e4t in der Partnerschaft st\u00e4rken\" class=\"post-thumbnail\" \/>\n\t\t\t\t\t<\/a>\n\t\t\t\t\t\t\t\t<div class=\"post-content\">\n\t\t\t\t\t\t\t\t\t\t\t<span class=\"post-category green-pill\">Sexuelle Gesundheit<\/span>\n\t\t\t\t\t\t\t\t\t\n\t\t\t\t\t<h2 class=\"post-title\"><a href=\"https:\/\/www.oncolifestyle.com\/de\/sexuelle-gesundheit\/intimitaet-in-der-partnerschaft-staerken\/\">Intimit\u00e4t in der Partnerschaft st\u00e4rken<\/a><\/h2>\n\t\t\t\t\t<a href=\"https:\/\/www.oncolifestyle.com\/de\/sexuelle-gesundheit\/intimitaet-in-der-partnerschaft-staerken\/\" class=\"read-more\">Mehr erfahren<\/a>\n\t\t\t\t<\/div>\n\t\t\t<\/div>\n\t\t\t\t\t\t<div class=\"custom-post-card\">\n\t\t\t\t\t\t\t\t\t<a class=\"post-thumbnail-wrapper\" href=\"https:\/\/www.oncolifestyle.com\/de\/sexuelle-gesundheit\/behandlung-von-erektiler-dysfunktion\/\">\n\t\t\t\t\t\t<img decoding=\"async\" src=\"https:\/\/www.oncolifestyle.com\/wp-content\/uploads\/2024\/11\/medium-shot-smiley-people-hugging.jpg\" alt=\"Behandlung von erektiler Dysfunktion\" class=\"post-thumbnail\" \/>\n\t\t\t\t\t<\/a>\n\t\t\t\t\t\t\t\t<div class=\"post-content\">\n\t\t\t\t\t\t\t\t\t\t\t<span class=\"post-category green-pill\">Sexuelle Gesundheit<\/span>\n\t\t\t\t\t\t\t\t\t\n\t\t\t\t\t<h2 class=\"post-title\"><a href=\"https:\/\/www.oncolifestyle.com\/de\/sexuelle-gesundheit\/behandlung-von-erektiler-dysfunktion\/\">Behandlung von erektiler Dysfunktion<\/a><\/h2>\n\t\t\t\t\t<a href=\"https:\/\/www.oncolifestyle.com\/de\/sexuelle-gesundheit\/behandlung-von-erektiler-dysfunktion\/\" class=\"read-more\">Mehr erfahren<\/a>\n\t\t\t\t<\/div>\n\t\t\t<\/div>\n\t\t\t\t\t\t<div class=\"custom-post-card\">\n\t\t\t\t\t\t\t\t\t<a class=\"post-thumbnail-wrapper\" href=\"https:\/\/www.oncolifestyle.com\/de\/mental-health-general-de\/mit-krebs-umgehen\/\">\n\t\t\t\t\t\t<img decoding=\"async\" src=\"https:\/\/www.oncolifestyle.com\/wp-content\/uploads\/2024\/11\/shutterstock_2476888627.jpg\" alt=\"Mit Krebs umgehen\" class=\"post-thumbnail\" \/>\n\t\t\t\t\t<\/a>\n\t\t\t\t\t\t\t\t<div class=\"post-content\">\n\t\t\t\t\t\t\t\t\t\t\t<span class=\"post-category green-pill\">HANDELN SIE<\/span>\n\t\t\t\t\t\t\t\t\t\n\t\t\t\t\t<h2 class=\"post-title\"><a href=\"https:\/\/www.oncolifestyle.com\/de\/mental-health-general-de\/mit-krebs-umgehen\/\">Mit Krebs umgehen<\/a><\/h2>\n\t\t\t\t\t<a href=\"https:\/\/www.oncolifestyle.com\/de\/mental-health-general-de\/mit-krebs-umgehen\/\" class=\"read-more\">Mehr erfahren<\/a>\n\t\t\t\t<\/div>\n\t\t\t<\/div>\n\t\t\t<\/div>\n\t\t<div class=\"vc_btn3-container  view-more-articles vc_btn3-center\" style=\"margin-top: 20px;\">\n\t\t\t<button class=\"load-more vc_general vc_btn3 vc_btn3-size-md vc_btn3-shape-round vc_btn3-style-classic vc_btn3-color-danger\" data-paged=\"2\">Weitere Artikel ansehen<\/button>\n\t\t<\/div> <\/div>[\/vc_column_text][\/vc_column][\/vc_row][vc_row css=&#8220;.vc_custom_1731277799166{padding-top: 100px !important;padding-bottom: 100px !important;}&#8220;][vc_column width=&#8220;1\/12&#8243;][\/vc_column][vc_column width=&#8220;10\/12&#8243;][vc_custom_heading text=&#8220;Verl\u00e4ssliche Informationen&#8220; font_container=&#8220;tag:h2|text_align:center&#8220; use_theme_fonts=&#8220;yes&#8220; el_class=&#8220;accent-line center size-sm&#8220;][vc_column_text]<\/p>\n<p class=\"p1\" style=\"text-align: center;\">Bei so vielen Meinungen kann es schwierig sein, zu wissen, wem man vertrauen sollte. Bei Oncolifestyle bem\u00fchen wir uns, Ihnen evidenzbasierte Informationen bereitzustellen, die sorgf\u00e4ltig mit Blick auf Ihre Gesundheit recherchiert wurden.<\/p>\n<p>[\/vc_column_text][\/vc_column][vc_column width=&#8220;1\/12&#8243;][\/vc_column][\/vc_row]<\/p>\n<\/div>","protected":false},"excerpt":{"rendered":"<p>[vc_row full_width=&#8220;stretch_row&#8220; css=&#8220;.vc_custom_1731339146710{background-image: url(https:\/\/www.oncolifestyle.com\/wp-content\/uploads\/2022\/08\/banner-prostate.jpg?id=106) !important;background-position: center !important;background-repeat: no-repeat !important;background-size: cover !important;}&#8220; el_class=&#8220;page-banner&#8220;][vc_column width=&#8220;1\/12&#8243;][\/vc_column][vc_column width=&#8220;10\/12&#8243;][vc_empty_space height=&#8220;23vw&#8220;][vc_custom_heading text=&#8220;Prostatakrebs&#8220; font_container=&#8220;tag:h1|text_align:left|color:%23ffffff&#8220; use_theme_fonts=&#8220;yes&#8220; css=&#8220;.vc_custom_1733144282668{margin-top: 0px [&hellip;]<\/p>\n","protected":false},"author":1,"featured_media":0,"parent":0,"menu_order":0,"comment_status":"closed","ping_status":"closed","template":"template-fullwidth.php","meta":{"_acf_changed":false,"inline_featured_image":false,"footnotes":""},"class_list":["post-380","page","type-page","status-publish","hentry"],"acf":[],"yoast_head":"<!-- This site is optimized with the Yoast SEO plugin v23.8 - https:\/\/yoast.com\/wordpress\/plugins\/seo\/ -->\n<title>Prostatakrebs: Informationen, Unterst\u00fctzung und Lebensqualit\u00e4t | Oncolifestyle<\/title>\n<meta name=\"description\" content=\"Accessible, evidence-based information to help you take an active role in your cancer journey, make positive lifestyle choices, and improve your quality of life.\" \/>\n<meta name=\"robots\" content=\"index, follow, max-snippet:-1, max-image-preview:large, max-video-preview:-1\" \/>\n<link rel=\"canonical\" href=\"https:\/\/www.oncolifestyle.com\/de\/prostatakrebs\/\" \/>\n<meta property=\"og:locale\" content=\"de_DE\" \/>\n<meta property=\"og:type\" content=\"article\" \/>\n<meta property=\"og:title\" content=\"Prostatakrebs: Informationen, Unterst\u00fctzung und Lebensqualit\u00e4t | Oncolifestyle\" \/>\n<meta property=\"og:description\" content=\"Accessible, evidence-based information to help you take an active role in your cancer journey, make positive lifestyle choices, and improve your quality of life.\" \/>\n<meta property=\"og:url\" content=\"https:\/\/www.oncolifestyle.com\/de\/prostatakrebs\/\" \/>\n<meta property=\"og:site_name\" content=\"Oncolifestyle\" \/>\n<meta property=\"article:modified_time\" content=\"2024-12-02T14:16:27+00:00\" \/>\n<meta property=\"og:image\" content=\"https:\/\/www.oncolifestyle.com\/wp-content\/uploads\/2023\/07\/Oncolifestyle_Social-media-tile_1.png\" \/>\n\t<meta property=\"og:image:width\" content=\"2400\" \/>\n\t<meta property=\"og:image:height\" content=\"1254\" \/>\n\t<meta property=\"og:image:type\" content=\"image\/png\" \/>\n<meta name=\"twitter:card\" content=\"summary_large_image\" \/>\n<meta name=\"twitter:image\" content=\"https:\/\/www.oncolifestyle.com\/wp-content\/uploads\/2023\/07\/Oncolifestyle_Social-media-tile_1.png\" \/>\n<meta name=\"twitter:label1\" content=\"Gesch\u00e4tzte Lesezeit\" \/>\n\t<meta name=\"twitter:data1\" content=\"3\u00a0Minuten\" \/>\n<script type=\"application\/ld+json\" class=\"yoast-schema-graph\">{\"@context\":\"https:\/\/schema.org\",\"@graph\":[{\"@type\":\"WebPage\",\"@id\":\"https:\/\/www.oncolifestyle.com\/de\/prostatakrebs\/\",\"url\":\"https:\/\/www.oncolifestyle.com\/de\/prostatakrebs\/\",\"name\":\"Prostatakrebs: Informationen, Unterst\u00fctzung und Lebensqualit\u00e4t | Oncolifestyle\",\"isPartOf\":{\"@id\":\"https:\/\/www.oncolifestyle.com\/de\/#website\"},\"datePublished\":\"2022-08-08T09:31:23+00:00\",\"dateModified\":\"2024-12-02T14:16:27+00:00\",\"description\":\"Accessible, evidence-based information to help you take an active role in your cancer journey, make positive lifestyle choices, and improve your quality of life.\",\"breadcrumb\":{\"@id\":\"https:\/\/www.oncolifestyle.com\/de\/prostatakrebs\/#breadcrumb\"},\"inLanguage\":\"de\",\"potentialAction\":[{\"@type\":\"ReadAction\",\"target\":[\"https:\/\/www.oncolifestyle.com\/de\/prostatakrebs\/\"]}]},{\"@type\":\"BreadcrumbList\",\"@id\":\"https:\/\/www.oncolifestyle.com\/de\/prostatakrebs\/#breadcrumb\",\"itemListElement\":[{\"@type\":\"ListItem\",\"position\":1,\"name\":\"Home\",\"item\":\"https:\/\/www.oncolifestyle.com\/de\/\"},{\"@type\":\"ListItem\",\"position\":2,\"name\":\"Prostatakrebs\"}]},{\"@type\":\"WebSite\",\"@id\":\"https:\/\/www.oncolifestyle.com\/de\/#website\",\"url\":\"https:\/\/www.oncolifestyle.com\/de\/\",\"name\":\"Oncolifestyle\",\"description\":\"Helping people with cancer live well\",\"publisher\":{\"@id\":\"https:\/\/www.oncolifestyle.com\/de\/#organization\"},\"potentialAction\":[{\"@type\":\"SearchAction\",\"target\":{\"@type\":\"EntryPoint\",\"urlTemplate\":\"https:\/\/www.oncolifestyle.com\/de\/?s={search_term_string}\"},\"query-input\":{\"@type\":\"PropertyValueSpecification\",\"valueRequired\":true,\"valueName\":\"search_term_string\"}}],\"inLanguage\":\"de\"},{\"@type\":\"Organization\",\"@id\":\"https:\/\/www.oncolifestyle.com\/de\/#organization\",\"name\":\"Oncolifestyle\",\"url\":\"https:\/\/www.oncolifestyle.com\/de\/\",\"logo\":{\"@type\":\"ImageObject\",\"inLanguage\":\"de\",\"@id\":\"https:\/\/www.oncolifestyle.com\/de\/#\/schema\/logo\/image\/\",\"url\":\"https:\/\/www.oncolifestyle.com\/wp-content\/uploads\/2022\/08\/ONCO_LOGO_RGB_horizontal.png\",\"contentUrl\":\"https:\/\/www.oncolifestyle.com\/wp-content\/uploads\/2022\/08\/ONCO_LOGO_RGB_horizontal.png\",\"width\":2062,\"height\":434,\"caption\":\"Oncolifestyle\"},\"image\":{\"@id\":\"https:\/\/www.oncolifestyle.com\/de\/#\/schema\/logo\/image\/\"}}]}<\/script>\n<!-- \/ Yoast SEO plugin. -->","yoast_head_json":{"title":"Prostatakrebs: Informationen, Unterst\u00fctzung und Lebensqualit\u00e4t | Oncolifestyle","description":"Accessible, evidence-based information to help you take an active role in your cancer journey, make positive lifestyle choices, and improve your quality of life.","robots":{"index":"index","follow":"follow","max-snippet":"max-snippet:-1","max-image-preview":"max-image-preview:large","max-video-preview":"max-video-preview:-1"},"canonical":"https:\/\/www.oncolifestyle.com\/de\/prostatakrebs\/","og_locale":"de_DE","og_type":"article","og_title":"Prostatakrebs: Informationen, Unterst\u00fctzung und Lebensqualit\u00e4t | Oncolifestyle","og_description":"Accessible, evidence-based information to help you take an active role in your cancer journey, make positive lifestyle choices, and improve your quality of life.","og_url":"https:\/\/www.oncolifestyle.com\/de\/prostatakrebs\/","og_site_name":"Oncolifestyle","article_modified_time":"2024-12-02T14:16:27+00:00","og_image":[{"width":2400,"height":1254,"url":"https:\/\/www.oncolifestyle.com\/wp-content\/uploads\/2023\/07\/Oncolifestyle_Social-media-tile_1.png","type":"image\/png"}],"twitter_card":"summary_large_image","twitter_image":"https:\/\/www.oncolifestyle.com\/wp-content\/uploads\/2023\/07\/Oncolifestyle_Social-media-tile_1.png","twitter_misc":{"Gesch\u00e4tzte Lesezeit":"3\u00a0Minuten"},"schema":{"@context":"https:\/\/schema.org","@graph":[{"@type":"WebPage","@id":"https:\/\/www.oncolifestyle.com\/de\/prostatakrebs\/","url":"https:\/\/www.oncolifestyle.com\/de\/prostatakrebs\/","name":"Prostatakrebs: Informationen, Unterst\u00fctzung und Lebensqualit\u00e4t | Oncolifestyle","isPartOf":{"@id":"https:\/\/www.oncolifestyle.com\/de\/#website"},"datePublished":"2022-08-08T09:31:23+00:00","dateModified":"2024-12-02T14:16:27+00:00","description":"Accessible, evidence-based information to help you take an active role in your cancer journey, make positive lifestyle choices, and improve your quality of life.","breadcrumb":{"@id":"https:\/\/www.oncolifestyle.com\/de\/prostatakrebs\/#breadcrumb"},"inLanguage":"de","potentialAction":[{"@type":"ReadAction","target":["https:\/\/www.oncolifestyle.com\/de\/prostatakrebs\/"]}]},{"@type":"BreadcrumbList","@id":"https:\/\/www.oncolifestyle.com\/de\/prostatakrebs\/#breadcrumb","itemListElement":[{"@type":"ListItem","position":1,"name":"Home","item":"https:\/\/www.oncolifestyle.com\/de\/"},{"@type":"ListItem","position":2,"name":"Prostatakrebs"}]},{"@type":"WebSite","@id":"https:\/\/www.oncolifestyle.com\/de\/#website","url":"https:\/\/www.oncolifestyle.com\/de\/","name":"Oncolifestyle","description":"Helping people with cancer live well","publisher":{"@id":"https:\/\/www.oncolifestyle.com\/de\/#organization"},"potentialAction":[{"@type":"SearchAction","target":{"@type":"EntryPoint","urlTemplate":"https:\/\/www.oncolifestyle.com\/de\/?s={search_term_string}"},"query-input":{"@type":"PropertyValueSpecification","valueRequired":true,"valueName":"search_term_string"}}],"inLanguage":"de"},{"@type":"Organization","@id":"https:\/\/www.oncolifestyle.com\/de\/#organization","name":"Oncolifestyle","url":"https:\/\/www.oncolifestyle.com\/de\/","logo":{"@type":"ImageObject","inLanguage":"de","@id":"https:\/\/www.oncolifestyle.com\/de\/#\/schema\/logo\/image\/","url":"https:\/\/www.oncolifestyle.com\/wp-content\/uploads\/2022\/08\/ONCO_LOGO_RGB_horizontal.png","contentUrl":"https:\/\/www.oncolifestyle.com\/wp-content\/uploads\/2022\/08\/ONCO_LOGO_RGB_horizontal.png","width":2062,"height":434,"caption":"Oncolifestyle"},"image":{"@id":"https:\/\/www.oncolifestyle.com\/de\/#\/schema\/logo\/image\/"}}]}},"_links":{"self":[{"href":"https:\/\/www.oncolifestyle.com\/de\/wp-json\/wp\/v2\/pages\/380","targetHints":{"allow":["GET"]}}],"collection":[{"href":"https:\/\/www.oncolifestyle.com\/de\/wp-json\/wp\/v2\/pages"}],"about":[{"href":"https:\/\/www.oncolifestyle.com\/de\/wp-json\/wp\/v2\/types\/page"}],"author":[{"embeddable":true,"href":"https:\/\/www.oncolifestyle.com\/de\/wp-json\/wp\/v2\/users\/1"}],"replies":[{"embeddable":true,"href":"https:\/\/www.oncolifestyle.com\/de\/wp-json\/wp\/v2\/comments?post=380"}],"version-history":[{"count":10,"href":"https:\/\/www.oncolifestyle.com\/de\/wp-json\/wp\/v2\/pages\/380\/revisions"}],"predecessor-version":[{"id":3418,"href":"https:\/\/www.oncolifestyle.com\/de\/wp-json\/wp\/v2\/pages\/380\/revisions\/3418"}],"wp:attachment":[{"href":"https:\/\/www.oncolifestyle.com\/de\/wp-json\/wp\/v2\/media?parent=380"}],"curies":[{"name":"wp","href":"https:\/\/api.w.org\/{rel}","templated":true}]}}