{"id":383,"date":"2022-08-08T09:32:09","date_gmt":"2022-08-08T09:32:09","guid":{"rendered":"https:\/\/oncolifestyle-com.orientedhosting.com\/prostate-cancer\/brain-health\/"},"modified":"2024-12-18T12:09:19","modified_gmt":"2024-12-18T12:09:19","slug":"mentale-leistungsfaehigkeit","status":"publish","type":"page","link":"https:\/\/www.oncolifestyle.com\/de\/prostatakrebs\/mentale-leistungsfaehigkeit\/","title":{"rendered":"Mentale Leistungsf\u00e4higkeit"},"content":{"rendered":"<div class=\"wpb-content-wrapper\"><p>[vc_row full_width=&#8220;stretch_row&#8220; css=&#8220;.vc_custom_1660926214848{background-image: url(https:\/\/www.oncolifestyle.com\/wp-content\/uploads\/2022\/08\/banner-brain-health.jpg?id=90) !important;background-position: center !important;background-repeat: no-repeat !important;background-size: cover !important;}&#8220;][vc_column width=&#8220;1\/12&#8243;][\/vc_column][vc_column width=&#8220;7\/12&#8243;][vc_empty_space height=&#8220;20vw&#8220;][vc_custom_heading source=&#8220;post_title&#8220; font_container=&#8220;tag:h1|text_align:left|color:%23ffffff&#8220; use_theme_fonts=&#8220;yes&#8220; css=&#8220;.vc_custom_1688375912759{margin-top: 0px !important;margin-bottom: 100px !important;}&#8220; el_class=&#8220;page-title&#8220;][\/vc_column][vc_column width=&#8220;4\/12&#8243;][\/vc_column][\/vc_row][vc_row][vc_column width=&#8220;1\/12&#8243;][\/vc_column][vc_column width=&#8220;1\/2&#8243;][vc_column_text el_class=&#8220;breadcrumbs&#8220;]<!-- Breadcrumb NavXT 7.3.1 -->\n<span property=\"itemListElement\" typeof=\"ListItem\"><a property=\"item\" typeof=\"WebPage\" title=\"Gehe zu Oncolifestyle.\" href=\"https:\/\/www.oncolifestyle.com\/de\/\" class=\"home\" aria-current=\"page\"><span property=\"name\">Oncolifestyle<\/span><\/a><meta property=\"position\" content=\"1\"><\/span>[\/vc_column_text][vc_column_text]<\/p>\n<h6 class=\"green-pill\">GESUNDE ALTERNATIVEN<\/h6>\n<h2>Welche Auswirkungen k\u00f6nnen Prostatakrebs und die Behandlung auf Ihr Gehirn haben?<\/h2>\n<p><strong class=\"text-red\">Kognitive Leistungsf\u00e4higkeit<\/strong><\/p>\n<p><strong>Ihre kognitive Leistungsf\u00e4higkeit ist Ihre F\u00e4higkeit, klar zu denken, komplexe Aufgaben auszuf\u00fchren, zu lernen und sich zu erinnern<\/strong><\/p>\n<p>Wir alle kennen die Anzeichen dieser \u201eBrain Fog\u201c genannten Benommenheit. Bei manchen M\u00e4nnern, die sich einer <a href=\"https:\/\/www.oncolifestyle.com\/de\/ueber-prostatakrebs\/\">Androgendeprivationstherapie (ADT)<\/a> unterziehen, k\u00f6nnen diese kognitiven Symptome regelm\u00e4\u00dfiger werden.<sup>1<\/sup> ADT wurde auch mit einem (marginalen) Anstieg des Risikos f\u00fcr Alzheimer und Demenz in Verbindung gebracht<sup>2<\/sup> \u2013 obwohl der langfristige Nutzen dieses Risiko \u00fcberwiegt. Dar\u00fcber hinaus treten die kognitiven Nebenwirkungen einer ADT nur bei einigen M\u00e4nnern auf. Bei vielen zeigen sich \u00fcberhaupt keine Ver\u00e4nderungen.<\/p>\n<p><strong class=\"text-red\">Emotionale Gesundheit<\/strong><\/p>\n<p><strong>Die emotionale Gesundheit ist eine wichtige St\u00fctze Ihrer allgemeinen psychischen Gesundheit und h\u00e4ngt eng mit Ihren Gedanken, Ihrer Stimmung und Ihrer Belastbarkeit zusammen<\/strong><\/p>\n<p>Es kann herausfordernd sein, mit einer Prostatakrebsdiagnose und den damit zusammenh\u00e4ngenden Konsequenzen positiv umzugehen. Wahrscheinlich versp\u00fcren Sie ein ganzes B\u00fcndel an Emotionen wie Schock, Unsicherheit, Angst, Benommenheit und Wut. Es ist ganz nat\u00fcrlich, sich so zu f\u00fchlen, aber mit der Zeit k\u00f6nnen sich diese Emotionen negativ auf Ihre psychische Gesundheit und Ihr Wohlbefinden auswirken. Bei einer Person mit Prostatakrebs ist die Wahrscheinlichkeit einer Depression leider h\u00f6her als bei einer Person ohne diese Diagnose<sup>3<\/sup> \u2013 dies gilt umso mehr, wenn Sie sich einer ADT unterziehen.<sup>4<\/sup> Daher ist es wichtig, Ihrer psychischen Gesundheit die gleiche Priorit\u00e4t zu geben wie Ihrem k\u00f6rperlichen Wohlbefinden.[\/vc_column_text][\/vc_column][vc_column width=&#8220;5\/12&#8243;][vc_single_image image=&#8220;2969&#8243; img_size=&#8220;large&#8220; alignment=&#8220;center&#8220; el_class=&#8220;page-circle-image&#8220;][\/vc_column][\/vc_row][vc_row][vc_column width=&#8220;1\/12&#8243;][\/vc_column][vc_column width=&#8220;10\/12&#8243;][vc_custom_heading text=&#8220;Wussten Sie schon?&#8220; font_container=&#8220;tag:h2|text_align:center&#8220; use_theme_fonts=&#8220;yes&#8220; el_class=&#8220;accent-line center size-sm&#8220; css=&#8220;.vc_custom_1688376133164{margin-top: 100px !important;margin-bottom: 50px !important;}&#8220;][vc_column_text]<\/p>\n<p style=\"text-align: center;\">Was gut f\u00fcr Ihr Herz ist, ist auch gut f\u00fcr Ihr Gehirn. Kardiovaskul\u00e4re Gesundheit und kognitive Leistungsf\u00e4higkeit sind eng miteinander verbunden<sup>5-7<\/sup>. Deshalb erzeugen <a href=\"https:\/\/www.oncolifestyle.com\/de\/das-abc-der-herz-und-prostatagesundheit\/\">Aktivit\u00e4ten, die Ihrem Herzen zugutekommen<\/a> (wie Bewegung und gesunde Ern\u00e4hrung), eine Win-Win-Situation.<\/p>\n<p>[\/vc_column_text][\/vc_column][vc_column width=&#8220;1\/12&#8243;][\/vc_column][\/vc_row][vc_row content_placement=&#8220;middle&#8220; el_class=&#8220;health-tab health-tab-cognitive reverse-xs&#8220;][vc_column width=&#8220;6\/12&#8243; el_class=&#8220;overlap&#8220;][vc_column_text el_class=&#8220;box-shadow&#8220; css=&#8220;.vc_custom_1734523714543{margin-bottom: 0px !important;padding-top: 50px !important;padding-right: 50px !important;padding-bottom: 50px !important;padding-left: 50px !important;}&#8220;]<\/p>\n<h6>HANDELN SIE<\/h6>\n<p><strong class=\"text-red\">Trainieren Sie Ihr Gehirn<\/strong><\/p>\n<p>Ihre kognitive und emotionale Gesundheit sch\u00fctzen Sie am besten dadurch, dass Sie Ihr Gehirn aktiv halten. Alle Aktivit\u00e4ten, die Ihr Gehirn beanspruchen, k\u00f6nnen dazu beitragen, einen kognitiven Abbau w\u00e4hrend der ADT zu verhindern. Um Ihr Gehirn in Topform zu halten, versuchen Sie Folgendes:<\/p>\n<ul class=\"bh-offset-list\">\n<li>Treffen Sie sich mit Freunden oder nehmen Sie an gesellschaftlichen Aktivit\u00e4ten teil \u2013 soziale Aktivit\u00e4ten sind eine gro\u00dfartige Form der geistigen Stimulation.<sup>8<\/sup><\/li>\n<li>Ob es sich um Basteln, Puzzlen, Computernutzung oder Spiele handelt, all diese Aktivit\u00e4ten halten Ihren Geist in Bewegung.<sup>1<\/sup><\/li>\n<li>Verbessern Sie sowohl Ihre kardiovaskul\u00e4re als auch Ihre mentale Leistungsf\u00e4higkeit, indem Sie <a style=\"background-color: #ffffff;\" href=\"https:\/\/www.oncolifestyle.com\/de\/prostatakrebs\/koerperliche-aktivitaeten\/\">k\u00f6rperliche Aktivit\u00e4ten<\/a> in Ihren Alltag integrieren<sup>9-11<\/sup> und sich <a href=\"https:\/\/www.oncolifestyle.com\/de\/prostatakrebs\/ernaehrung\/\">mediterran<\/a><sup>12,13 <\/sup>ern\u00e4hren.<\/li>\n<\/ul>\n<p>[\/vc_column_text][vc_single_image image=&#8220;316&#8243; img_size=&#8220;full&#8220; alignment=&#8220;right&#8220; el_id=&#8220;floating-image&#8220;][\/vc_column][vc_column width=&#8220;5\/12&#8243;][vc_single_image image=&#8220;495&#8243; img_size=&#8220;full&#8220;][\/vc_column][vc_column width=&#8220;1\/12&#8243;][\/vc_column][\/vc_row][vc_row][vc_column][vc_btn title=&#8220;Erfahren Sie mehr \u00fcber psychische Gesundheit und Krebs&#8220; style=&#8220;classic&#8220; shape=&#8220;round&#8220; color=&#8220;success&#8220; align=&#8220;center&#8220; el_class=&#8220;view-more-articles&#8220; link=&#8220;url:https%3A%2F%2Fwww.oncolifestyle.com%2Fde%2Fmentale-leistungsfaehigkeit%2F&#8220;][\/vc_column][\/vc_row][vc_row][vc_column width=&#8220;1\/12&#8243;][\/vc_column][vc_column width=&#8220;10\/12&#8243;][vc_custom_heading text=&#8220;Informationen, denen Sie vertrauen k\u00f6nnen&#8220; font_container=&#8220;tag:h2|text_align:center&#8220; use_theme_fonts=&#8220;yes&#8220; el_class=&#8220;accent-line center size-sm&#8220;][vc_column_text]<\/p>\n<p style=\"text-align: center;\">Wie soll man bei so vielen Meinungen wissen, wem man glauben soll? Bei Oncolifestyle setzen wir alles daran, Ihnen evidenzbasierte zu Informationen liefern, die mit Blick auf Ihre Gesundheit sorgf\u00e4ltig recherchiert wurden.<\/p>\n<p>[\/vc_column_text][\/vc_column][vc_column width=&#8220;1\/12&#8243;][\/vc_column][\/vc_row][vc_row css=&#8220;.vc_custom_1660737759822{margin-top: 50px !important;margin-bottom: 50px !important;}&#8220;][vc_column][vc_column_text]<\/p>\n<h6 style=\"text-align: center;\">UNSERE QUELLEN<\/h6>\n<p style=\"text-align: center;\"><span class=\"sources-btn show-source\">Woher stammen diese Informationen?<\/span><\/p>\n<p>[\/vc_column_text][\/vc_column][\/vc_row][vc_row full_width=&#8220;stretch_row&#8220; el_class=&#8220;source&#8220;][vc_column][vc_raw_html]JTNDZGl2JTIwY2xhc3MlM0QlMjJzdmdfX3dyYXBwZXIlMjBjbG9zZS1zb3VyY2UlMjIlM0UlMEElM0NzdmclMjBjbGFzcyUzRCUyMmljb24lMjBpY29uLS1jbG9zZSUyMiUyMGFyaWEtaGlkZGVuJTNEJTIydHJ1ZSUyMiUyMHJvbGUlM0QlMjJpbWclMjIlM0UlM0N1c2UlMjB4bGluayUzQWhyZWYlM0QlMjIlMjNpY29uLWNsb3NlJTIyJTNFJTNDJTJGdXNlJTNFJTNDJTJGc3ZnJTNFJTBBJTNDJTJGZGl2JTNFJTBB[\/vc_raw_html][vc_column_text]<\/p>\n<h6 class=\"accent-line\">UNSERE QUELLEN<\/h6>\n<h4><strong>Woher stammen diese Informationen?<\/strong><\/h4>\n<ol>\n<li>Cherrier, M. M. &amp; Higano, C. S. Impact of androgen deprivation therapy on mood, cognition, and risk for AD. Urol. Oncol. Semin. Orig. Investig. 38, 53\u201361 (2020).<\/li>\n<li>Jayadevappa, R. et al. Association Between Androgen Deprivation Therapy Use and Diagnosis of Dementia in Men With Prostate Cancer. JAMA Netw. Open 2, e196562 (2019).<\/li>\n<li>Fervaha, G. et al. Psychological morbidity associated with prostate cancer: Rates and predictors of depression in the RADICAL PC study. Can. Urol. Assoc. J. 15, (2020).<\/li>\n<li>Dinh, K. T. et al. Association of Androgen Deprivation Therapy With Depression in Localized Prostate Cancer. J. Clin. Oncol. 34, 1905\u20131912 (2016).<\/li>\n<li>Chang, Y. K., Labban, J. D., Gapin, J. I. &amp; Etnier, J. L. The effects of acute exercise on cognitive performance: A meta-analysis. Brain Res. 1453, 87\u2013101 (2012).<\/li>\n<li>Northey, J. M., Cherbuin, N., Pumpa, K. L., Smee, D. J. &amp; Rattray, B. Exercise interventions for cognitive function in adults older than 50: a systematic review with meta-analysis. Br. J. Sports Med. 52, 154\u2013160 (2018).<\/li>\n<li>Fondell, E. et al. Physical activity across adulthood and subjective cognitive function in older men. Eur. J. Epidemiol. 33, 79\u201387 (2018).<\/li>\n<li>Elwood, P. et al. Healthy Lifestyles Reduce the Incidence of Chronic Diseases and Dementia: Evidence from the Caerphilly Cohort Study. PLoS ONE 8, e81877 (2013).<\/li>\n<li>Chang, Y. K., Labban, J. D., Gapin, J. I. &amp; Etnier, J. L. The effects of acute exercise on cognitive performance: A meta-analysis. Brain Res. 1453, 87\u2013101 (2012).<\/li>\n<li>Northey, J. M., Cherbuin, N., Pumpa, K. L., Smee, D. J. &amp; Rattray, B. Exercise interventions for cognitive function in adults older than 50: a systematic review with meta-analysis. Br. J. Sports Med. 52, 154\u2013160 (2018).<\/li>\n<li>Fondell, E. et al. Physical activity across adulthood and subjective cognitive function in older men. Eur. J. Epidemiol. 33, 79\u201387 (2018).<\/li>\n<li>Kl\u00edmov\u00e1, B. &amp; Vali\u0161, M. Nutritional Interventions as Beneficial Strategies to Delay Cognitive Decline in Healthy Older Individuals. Nutrients 10, 905 (2018).<\/li>\n<li>Anastasiou, C. et al. Mediterranean Lifestyle in Relation to Cognitive Health: Results from the HELIAD Study. Nutrients 10, 1557 (2018).<\/li>\n<\/ol>\n<p>[\/vc_column_text][\/vc_column][\/vc_row]<\/p>\n<\/div>","protected":false},"excerpt":{"rendered":"<p>[vc_row full_width=&#8220;stretch_row&#8220; css=&#8220;.vc_custom_1660926214848{background-image: url(https:\/\/www.oncolifestyle.com\/wp-content\/uploads\/2022\/08\/banner-brain-health.jpg?id=90) !important;background-position: center !important;background-repeat: no-repeat !important;background-size: cover !important;}&#8220;][vc_column width=&#8220;1\/12&#8243;][\/vc_column][vc_column width=&#8220;7\/12&#8243;][vc_empty_space height=&#8220;20vw&#8220;][vc_custom_heading source=&#8220;post_title&#8220; font_container=&#8220;tag:h1|text_align:left|color:%23ffffff&#8220; use_theme_fonts=&#8220;yes&#8220; css=&#8220;.vc_custom_1688375912759{margin-top: 0px !important;margin-bottom: [&hellip;]<\/p>\n","protected":false},"author":1,"featured_media":0,"parent":380,"menu_order":0,"comment_status":"closed","ping_status":"closed","template":"template-fullwidth.php","meta":{"_acf_changed":false,"inline_featured_image":false,"footnotes":""},"class_list":["post-383","page","type-page","status-publish","hentry"],"acf":[],"yoast_head":"<!-- This site is optimized with the Yoast SEO plugin v23.8 - https:\/\/yoast.com\/wordpress\/plugins\/seo\/ -->\n<title>Mentale Gesundheit bei Prostatakrebs: Klarheit, Fokus und Resilienz | Oncolifestyle<\/title>\n<meta name=\"description\" content=\"Verstehen Sie, wie sich Prostatakrebs auf die emotionale und kognitive Gesundheit auswirkt und was Sie tun k\u00f6nnen, um positiv zu leben.\" \/>\n<meta name=\"robots\" content=\"index, follow, max-snippet:-1, max-image-preview:large, max-video-preview:-1\" \/>\n<link rel=\"canonical\" href=\"https:\/\/www.oncolifestyle.com\/de\/prostatakrebs\/mentale-leistungsfaehigkeit\/\" \/>\n<meta property=\"og:locale\" content=\"de_DE\" \/>\n<meta property=\"og:type\" content=\"article\" \/>\n<meta property=\"og:title\" content=\"Mentale Gesundheit bei Prostatakrebs: Klarheit, Fokus und Resilienz | Oncolifestyle\" \/>\n<meta property=\"og:description\" content=\"Verstehen Sie, wie sich Prostatakrebs auf die emotionale und kognitive Gesundheit auswirkt und was Sie tun k\u00f6nnen, um positiv zu leben.\" \/>\n<meta property=\"og:url\" content=\"https:\/\/www.oncolifestyle.com\/de\/prostatakrebs\/mentale-leistungsfaehigkeit\/\" \/>\n<meta property=\"og:site_name\" content=\"Oncolifestyle\" \/>\n<meta property=\"article:modified_time\" content=\"2024-12-18T12:09:19+00:00\" \/>\n<meta name=\"twitter:card\" content=\"summary_large_image\" \/>\n<meta name=\"twitter:label1\" content=\"Gesch\u00e4tzte Lesezeit\" \/>\n\t<meta name=\"twitter:data1\" content=\"5\u00a0Minuten\" \/>\n<script type=\"application\/ld+json\" class=\"yoast-schema-graph\">{\"@context\":\"https:\/\/schema.org\",\"@graph\":[{\"@type\":\"WebPage\",\"@id\":\"https:\/\/www.oncolifestyle.com\/de\/prostatakrebs\/mentale-leistungsfaehigkeit\/\",\"url\":\"https:\/\/www.oncolifestyle.com\/de\/prostatakrebs\/mentale-leistungsfaehigkeit\/\",\"name\":\"Mentale Gesundheit bei Prostatakrebs: Klarheit, Fokus und Resilienz | Oncolifestyle\",\"isPartOf\":{\"@id\":\"https:\/\/www.oncolifestyle.com\/de\/#website\"},\"datePublished\":\"2022-08-08T09:32:09+00:00\",\"dateModified\":\"2024-12-18T12:09:19+00:00\",\"description\":\"Verstehen Sie, wie sich Prostatakrebs auf die emotionale und kognitive Gesundheit auswirkt und was Sie tun k\u00f6nnen, um positiv zu leben.\",\"breadcrumb\":{\"@id\":\"https:\/\/www.oncolifestyle.com\/de\/prostatakrebs\/mentale-leistungsfaehigkeit\/#breadcrumb\"},\"inLanguage\":\"de\",\"potentialAction\":[{\"@type\":\"ReadAction\",\"target\":[\"https:\/\/www.oncolifestyle.com\/de\/prostatakrebs\/mentale-leistungsfaehigkeit\/\"]}]},{\"@type\":\"BreadcrumbList\",\"@id\":\"https:\/\/www.oncolifestyle.com\/de\/prostatakrebs\/mentale-leistungsfaehigkeit\/#breadcrumb\",\"itemListElement\":[{\"@type\":\"ListItem\",\"position\":1,\"name\":\"Home\",\"item\":\"https:\/\/www.oncolifestyle.com\/de\/\"},{\"@type\":\"ListItem\",\"position\":2,\"name\":\"Prostatakrebs\",\"item\":\"https:\/\/www.oncolifestyle.com\/de\/prostatakrebs\/\"},{\"@type\":\"ListItem\",\"position\":3,\"name\":\"Mentale Leistungsf\u00e4higkeit\"}]},{\"@type\":\"WebSite\",\"@id\":\"https:\/\/www.oncolifestyle.com\/de\/#website\",\"url\":\"https:\/\/www.oncolifestyle.com\/de\/\",\"name\":\"Oncolifestyle\",\"description\":\"Helping people with cancer live well\",\"publisher\":{\"@id\":\"https:\/\/www.oncolifestyle.com\/de\/#organization\"},\"potentialAction\":[{\"@type\":\"SearchAction\",\"target\":{\"@type\":\"EntryPoint\",\"urlTemplate\":\"https:\/\/www.oncolifestyle.com\/de\/?s={search_term_string}\"},\"query-input\":{\"@type\":\"PropertyValueSpecification\",\"valueRequired\":true,\"valueName\":\"search_term_string\"}}],\"inLanguage\":\"de\"},{\"@type\":\"Organization\",\"@id\":\"https:\/\/www.oncolifestyle.com\/de\/#organization\",\"name\":\"Oncolifestyle\",\"url\":\"https:\/\/www.oncolifestyle.com\/de\/\",\"logo\":{\"@type\":\"ImageObject\",\"inLanguage\":\"de\",\"@id\":\"https:\/\/www.oncolifestyle.com\/de\/#\/schema\/logo\/image\/\",\"url\":\"https:\/\/www.oncolifestyle.com\/wp-content\/uploads\/2022\/08\/ONCO_LOGO_RGB_horizontal.png\",\"contentUrl\":\"https:\/\/www.oncolifestyle.com\/wp-content\/uploads\/2022\/08\/ONCO_LOGO_RGB_horizontal.png\",\"width\":2062,\"height\":434,\"caption\":\"Oncolifestyle\"},\"image\":{\"@id\":\"https:\/\/www.oncolifestyle.com\/de\/#\/schema\/logo\/image\/\"}}]}<\/script>\n<!-- \/ Yoast SEO plugin. -->","yoast_head_json":{"title":"Mentale Gesundheit bei Prostatakrebs: Klarheit, Fokus und Resilienz | Oncolifestyle","description":"Verstehen Sie, wie sich Prostatakrebs auf die emotionale und kognitive Gesundheit auswirkt und was Sie tun k\u00f6nnen, um positiv zu leben.","robots":{"index":"index","follow":"follow","max-snippet":"max-snippet:-1","max-image-preview":"max-image-preview:large","max-video-preview":"max-video-preview:-1"},"canonical":"https:\/\/www.oncolifestyle.com\/de\/prostatakrebs\/mentale-leistungsfaehigkeit\/","og_locale":"de_DE","og_type":"article","og_title":"Mentale Gesundheit bei Prostatakrebs: Klarheit, Fokus und Resilienz | Oncolifestyle","og_description":"Verstehen Sie, wie sich Prostatakrebs auf die emotionale und kognitive Gesundheit auswirkt und was Sie tun k\u00f6nnen, um positiv zu leben.","og_url":"https:\/\/www.oncolifestyle.com\/de\/prostatakrebs\/mentale-leistungsfaehigkeit\/","og_site_name":"Oncolifestyle","article_modified_time":"2024-12-18T12:09:19+00:00","twitter_card":"summary_large_image","twitter_misc":{"Gesch\u00e4tzte Lesezeit":"5\u00a0Minuten"},"schema":{"@context":"https:\/\/schema.org","@graph":[{"@type":"WebPage","@id":"https:\/\/www.oncolifestyle.com\/de\/prostatakrebs\/mentale-leistungsfaehigkeit\/","url":"https:\/\/www.oncolifestyle.com\/de\/prostatakrebs\/mentale-leistungsfaehigkeit\/","name":"Mentale Gesundheit bei Prostatakrebs: Klarheit, Fokus und Resilienz | Oncolifestyle","isPartOf":{"@id":"https:\/\/www.oncolifestyle.com\/de\/#website"},"datePublished":"2022-08-08T09:32:09+00:00","dateModified":"2024-12-18T12:09:19+00:00","description":"Verstehen Sie, wie sich Prostatakrebs auf die emotionale und kognitive Gesundheit auswirkt und was Sie tun k\u00f6nnen, um positiv zu leben.","breadcrumb":{"@id":"https:\/\/www.oncolifestyle.com\/de\/prostatakrebs\/mentale-leistungsfaehigkeit\/#breadcrumb"},"inLanguage":"de","potentialAction":[{"@type":"ReadAction","target":["https:\/\/www.oncolifestyle.com\/de\/prostatakrebs\/mentale-leistungsfaehigkeit\/"]}]},{"@type":"BreadcrumbList","@id":"https:\/\/www.oncolifestyle.com\/de\/prostatakrebs\/mentale-leistungsfaehigkeit\/#breadcrumb","itemListElement":[{"@type":"ListItem","position":1,"name":"Home","item":"https:\/\/www.oncolifestyle.com\/de\/"},{"@type":"ListItem","position":2,"name":"Prostatakrebs","item":"https:\/\/www.oncolifestyle.com\/de\/prostatakrebs\/"},{"@type":"ListItem","position":3,"name":"Mentale Leistungsf\u00e4higkeit"}]},{"@type":"WebSite","@id":"https:\/\/www.oncolifestyle.com\/de\/#website","url":"https:\/\/www.oncolifestyle.com\/de\/","name":"Oncolifestyle","description":"Helping people with cancer live well","publisher":{"@id":"https:\/\/www.oncolifestyle.com\/de\/#organization"},"potentialAction":[{"@type":"SearchAction","target":{"@type":"EntryPoint","urlTemplate":"https:\/\/www.oncolifestyle.com\/de\/?s={search_term_string}"},"query-input":{"@type":"PropertyValueSpecification","valueRequired":true,"valueName":"search_term_string"}}],"inLanguage":"de"},{"@type":"Organization","@id":"https:\/\/www.oncolifestyle.com\/de\/#organization","name":"Oncolifestyle","url":"https:\/\/www.oncolifestyle.com\/de\/","logo":{"@type":"ImageObject","inLanguage":"de","@id":"https:\/\/www.oncolifestyle.com\/de\/#\/schema\/logo\/image\/","url":"https:\/\/www.oncolifestyle.com\/wp-content\/uploads\/2022\/08\/ONCO_LOGO_RGB_horizontal.png","contentUrl":"https:\/\/www.oncolifestyle.com\/wp-content\/uploads\/2022\/08\/ONCO_LOGO_RGB_horizontal.png","width":2062,"height":434,"caption":"Oncolifestyle"},"image":{"@id":"https:\/\/www.oncolifestyle.com\/de\/#\/schema\/logo\/image\/"}}]}},"_links":{"self":[{"href":"https:\/\/www.oncolifestyle.com\/de\/wp-json\/wp\/v2\/pages\/383","targetHints":{"allow":["GET"]}}],"collection":[{"href":"https:\/\/www.oncolifestyle.com\/de\/wp-json\/wp\/v2\/pages"}],"about":[{"href":"https:\/\/www.oncolifestyle.com\/de\/wp-json\/wp\/v2\/types\/page"}],"author":[{"embeddable":true,"href":"https:\/\/www.oncolifestyle.com\/de\/wp-json\/wp\/v2\/users\/1"}],"replies":[{"embeddable":true,"href":"https:\/\/www.oncolifestyle.com\/de\/wp-json\/wp\/v2\/comments?post=383"}],"version-history":[{"count":8,"href":"https:\/\/www.oncolifestyle.com\/de\/wp-json\/wp\/v2\/pages\/383\/revisions"}],"predecessor-version":[{"id":3941,"href":"https:\/\/www.oncolifestyle.com\/de\/wp-json\/wp\/v2\/pages\/383\/revisions\/3941"}],"up":[{"embeddable":true,"href":"https:\/\/www.oncolifestyle.com\/de\/wp-json\/wp\/v2\/pages\/380"}],"wp:attachment":[{"href":"https:\/\/www.oncolifestyle.com\/de\/wp-json\/wp\/v2\/media?parent=383"}],"curies":[{"name":"wp","href":"https:\/\/api.w.org\/{rel}","templated":true}]}}