{"id":386,"date":"2022-08-08T09:31:43","date_gmt":"2022-08-08T09:31:43","guid":{"rendered":"https:\/\/oncolifestyle-com.orientedhosting.com\/prostate-cancer\/nutrition\/"},"modified":"2024-12-15T21:45:57","modified_gmt":"2024-12-15T21:45:57","slug":"ernaehrung","status":"publish","type":"page","link":"https:\/\/www.oncolifestyle.com\/de\/prostatakrebs\/ernaehrung\/","title":{"rendered":"Ern\u00e4hrung"},"content":{"rendered":"<div class=\"wpb-content-wrapper\"><p>[vc_row full_width=&#8220;stretch_row&#8220; css=&#8220;.vc_custom_1660728718307{background-image: url(https:\/\/www.oncolifestyle.com\/wp-content\/uploads\/2022\/08\/banner-nutrition.jpg?id=98) !important;background-position: center !important;background-repeat: no-repeat !important;background-size: cover !important;}&#8220;][vc_column width=&#8220;1\/12&#8243;][\/vc_column][vc_column width=&#8220;10\/12&#8243;][vc_empty_space height=&#8220;22vw&#8220;][vc_custom_heading source=&#8220;post_title&#8220; font_container=&#8220;tag:h1|text_align:left|color:%23ffffff&#8220; use_theme_fonts=&#8220;yes&#8220; css=&#8220;.vc_custom_1688375090439{margin-top: 0px !important;margin-bottom: 100px !important;}&#8220; el_class=&#8220;page-title&#8220;][\/vc_column][vc_column width=&#8220;1\/12&#8243;][\/vc_column][\/vc_row][vc_row][vc_column width=&#8220;1\/12&#8243;][\/vc_column][vc_column width=&#8220;1\/2&#8243;][vc_column_text el_class=&#8220;breadcrumbs&#8220;]<!-- Breadcrumb NavXT 7.3.1 -->\n<span property=\"itemListElement\" typeof=\"ListItem\"><a property=\"item\" typeof=\"WebPage\" title=\"Gehe zu Oncolifestyle.\" href=\"https:\/\/www.oncolifestyle.com\/de\/\" class=\"home\" aria-current=\"page\"><span property=\"name\">Oncolifestyle<\/span><\/a><meta property=\"position\" content=\"1\"><\/span>[\/vc_column_text][vc_column_text]<\/p>\n<h6 class=\"green-pill\">GESUNDE ALTERNATIVEN<\/h6>\n<h2>Gut essen, um gut zu leben<\/h2>\n<p>Es spielt keine Rolle, wie lange Sie bereits mit Prostatakrebs leben. Eine gesunde Lebensweise und eine gute Ern\u00e4hrung k\u00f6nnen bei Prostatakrebs hilfreich sein:<\/p>\n<ul id=\"nt-icon-list\">\n<li>Ihre Vitalit\u00e4t, Ihre allgemeine Gesundheit und Ihr Wohlbefinden zu steigern<sup>1<\/sup>.<\/li>\n<li>Ein normales K\u00f6rpergewicht zu halten und dadurch das Risiko f\u00fcr andere Krankheiten wie Diabetes<sup>2<\/sup>, Schlaganfall<sup>3<\/sup>, Bluthochdruck<sup>3<\/sup>, Schlafapnoe<sup>4<\/sup> und anderen Krebsarten<sup>5<\/sup> zu reduzieren.<\/li>\n<li>Das Fortschreiten der Krankheit zu verlangsamen und die Wahrscheinlichkeit eines aggressiven Prostatakrebses zu verringern.<sup>6,7<\/sup><\/li>\n<li><a href=\"https:\/\/www.oncolifestyle.com\/de\/das-abc-der-herz-und-prostatagesundheit\/\">Herz und Kreislauf<\/a> zu st\u00e4rken<sup>8<\/sup> und sich vor Erkrankungen wie Bluthochdruck und Herzerkrankungen zu sch\u00fctzen.<\/li>\n<li>Ihre Lebensqualit\u00e4t zu verbessern <sup>10<\/sup> und sogar Ihre Lebenserwartung zu erh\u00f6hen<sup>9<\/sup>.<\/li>\n<\/ul>\n<ul id=\"nt-icon-list\"><\/ul>\n<p>[\/vc_column_text][\/vc_column][vc_column width=&#8220;5\/12&#8243;][vc_single_image image=&#8220;2925&#8243; img_size=&#8220;large&#8220; alignment=&#8220;center&#8220; el_class=&#8220;page-circle-image&#8220;][\/vc_column][\/vc_row][vc_row][vc_column width=&#8220;1\/6&#8243;][\/vc_column][vc_column width=&#8220;4\/6&#8243;][vc_custom_heading text=&#8220;Wussten Sie schon?&#8220; font_container=&#8220;tag:h2|text_align:center&#8220; use_theme_fonts=&#8220;yes&#8220; el_class=&#8220;accent-line center size-sm&#8220;][\/vc_column][vc_column width=&#8220;1\/6&#8243;][\/vc_column][\/vc_row][vc_row][vc_column width=&#8220;1\/12&#8243;][\/vc_column][vc_column width=&#8220;10\/12&#8243;][vc_column_text]<\/p>\n<p style=\"text-align: center;\">Studien haben ergeben, dass M\u00e4nner, die sich nach einer Prostatakrebsdiagnose gesund ern\u00e4hren l\u00e4nger leben \u2013 und auch eine h\u00f6here Lebensqualit\u00e4t<sup>10<\/sup> genie\u00dfen k\u00f6nnen \u2013 als diejenigen, die sich an die in den westlichen L\u00e4ndern vorherrschende Ern\u00e4hrung halten<sup>9<\/sup>. Eine gesunde Ern\u00e4hrung besteht haupts\u00e4chlich aus Gem\u00fcse, Obst, Vollkornprodukten, N\u00fcssen und Fisch (und nicht aus rotem und verarbeitetem Fleisch, fettreichen Milchprodukten und raffiniertem Getreide wie wei\u00dfem Reis und Mehl, welche die \u201ewestliche\u201c Ern\u00e4hrung ausmachen).<\/p>\n<p>[\/vc_column_text][\/vc_column][vc_column width=&#8220;1\/12&#8243;][\/vc_column][\/vc_row][vc_row content_placement=&#8220;middle&#8220;][vc_column width=&#8220;1\/12&#8243;][\/vc_column][vc_column width=&#8220;1\/2&#8243; el_class=&#8220;overlap&#8220;][vc_column_text el_class=&#8220;box-shadow&#8220; el_id=&#8220;take-action&#8220;]M\u00f6chten wir Ihnen helfen herauszufinden, wie sich die von Ihnen konsumierten Lebensmittel auf Ihre Lebensqualit\u00e4t auswirken k\u00f6nnen \u2013 und Sie dazu inspirieren, kleine, aber dauerhafte, zu Gewohnheiten werdende \u00c4nderungen vorzunehmen. Schlie\u00dflich soll gutes Essen Freude bereiten und keine Vorschrift sein![\/vc_column_text][vc_single_image image=&#8220;2931&#8243; img_size=&#8220;full&#8220; alignment=&#8220;center&#8220; el_id=&#8220;floating-image&#8220;][\/vc_column][vc_column width=&#8220;5\/12&#8243;][vc_single_image image=&#8220;2937&#8243; img_size=&#8220;full&#8220;][\/vc_column][\/vc_row][vc_row][vc_column width=&#8220;1\/12&#8243;][\/vc_column][vc_column width=&#8220;10\/12&#8243;][vc_custom_heading text=&#8220;Informationen, denen Sie vertrauen k\u00f6nnen&#8220; font_container=&#8220;tag:h2|text_align:center&#8220; use_theme_fonts=&#8220;yes&#8220; el_class=&#8220;accent-line center size-sm&#8220;][vc_column_text]<\/p>\n<p style=\"text-align: center;\">Wie soll man bei so vielen Meinungen wissen, wem man glauben soll? Bei Oncolifestyle setzen wir alles daran, Ihnen evidenzbasierte Informationen zu liefern, die mit Blick auf Ihre Gesundheit sorgf\u00e4ltig recherchiert wurden.<\/p>\n<p>[\/vc_column_text][\/vc_column][vc_column width=&#8220;1\/12&#8243;][\/vc_column][\/vc_row][vc_row css=&#8220;.vc_custom_1660737759822{margin-top: 50px !important;margin-bottom: 50px !important;}&#8220;][vc_column][vc_column_text]<\/p>\n<h6 style=\"text-align: center;\">UNSERE QUELLEN<\/h6>\n<p style=\"text-align: center;\"><span class=\"sources-btn show-source\">Woher stammen diese Informationen?<\/span><\/p>\n<p>[\/vc_column_text][\/vc_column][\/vc_row][vc_row full_width=&#8220;stretch_row&#8220; el_class=&#8220;source&#8220;][vc_column][vc_raw_html]JTNDZGl2JTIwY2xhc3MlM0QlMjJzdmdfX3dyYXBwZXIlMjBjbG9zZS1zb3VyY2UlMjIlM0UlMEElM0NzdmclMjBjbGFzcyUzRCUyMmljb24lMjBpY29uLS1jbG9zZSUyMiUyMGFyaWEtaGlkZGVuJTNEJTIydHJ1ZSUyMiUyMHJvbGUlM0QlMjJpbWclMjIlM0UlM0N1c2UlMjB4bGluayUzQWhyZWYlM0QlMjIlMjNpY29uLWNsb3NlJTIyJTNFJTNDJTJGdXNlJTNFJTNDJTJGc3ZnJTNFJTBBJTNDJTJGZGl2JTNFJTBB[\/vc_raw_html][vc_column_text]<\/p>\n<h6 class=\"accent-line\">UNSERE QUELLEN<\/h6>\n<h4><strong>Woher stammen diese Informationen?<\/strong><\/h4>\n<ol>\n<li style=\"list-style-type: none;\">\n<ol>\n<li>Baguley, B., Bolam, K., Wright, O. &amp; Skinner, T. The Effect of Nutrition Therapy and Exercise on Cancer-Related Fatigue and Quality of Life in Men with Prostate Cancer: A Systematic Review. Nutrients 9, 1003 (2017).<\/li>\n<li>Wilding, J. P. H. The importance of weight management in type 2 diabetes mellitus. Int. J. Clin. Pract. 68, 682\u2013691 (2014).<\/li>\n<li>Akil, L. &amp; Ahmad, H. A. Relationships between Obesity and Cardiovascular Diseases in Four Southern States and Colorado. J. Health Care Poor Underserved 22, 61\u201372 (2011).<\/li>\n<li>Young, T., Peppard, P. E. &amp; Taheri, S. Excess weight and sleep-disordered breathing. J. Appl. Physiol. 99, 1592\u20131599 (2005).<\/li>\n<li>Islami, F., Goding Sauer, A., Gapstur, S. M. &amp; Jemal, A. Proportion of Cancer Cases Attributable to Excess Body Weight by US State, 2011-2015. JAMA Oncol. 5, 384 (2019).<\/li>\n<li>Castell\u00f3, A. et al. Mediterranean Dietary Pattern is Associated with Low Risk of Aggressive Prostate Cancer: MCC-Spain Study. J. Urol. 199, 430\u2013437 (2018).<\/li>\n<li>Gregg, J. R. et al. Adherence to the Mediterranean diet and grade group progression in localized prostate cancer: An active surveillance cohort. Cancer 127, 720\u2013728 (2021).<\/li>\n<li>Mart\u00ednez-Gonz\u00e1lez, M. A., Gea, A. &amp; Ruiz-Canela, M. The Mediterranean Diet and Cardiovascular Health: A Critical Review. Circ. Res. 124, 779\u2013798 (2019).<\/li>\n<li>Yang, M. et al. Dietary Patterns after Prostate Cancer Diagnosis in Relation to Disease-Specific and Total Mortality. Cancer Prev. Res. (Phila. Pa.) 8, 545\u2013551 (2015).<\/li>\n<\/ol>\n<\/li>\n<\/ol>\n<p>[\/vc_column_text][\/vc_column][\/vc_row]<\/p>\n<\/div>","protected":false},"excerpt":{"rendered":"<p>[vc_row full_width=&#8220;stretch_row&#8220; css=&#8220;.vc_custom_1660728718307{background-image: url(https:\/\/www.oncolifestyle.com\/wp-content\/uploads\/2022\/08\/banner-nutrition.jpg?id=98) !important;background-position: center !important;background-repeat: no-repeat !important;background-size: cover !important;}&#8220;][vc_column width=&#8220;1\/12&#8243;][\/vc_column][vc_column width=&#8220;10\/12&#8243;][vc_empty_space height=&#8220;22vw&#8220;][vc_custom_heading source=&#8220;post_title&#8220; font_container=&#8220;tag:h1|text_align:left|color:%23ffffff&#8220; use_theme_fonts=&#8220;yes&#8220; css=&#8220;.vc_custom_1688375090439{margin-top: 0px !important;margin-bottom: [&hellip;]<\/p>\n","protected":false},"author":1,"featured_media":0,"parent":380,"menu_order":0,"comment_status":"closed","ping_status":"closed","template":"template-fullwidth.php","meta":{"_acf_changed":false,"inline_featured_image":false,"footnotes":""},"class_list":["post-386","page","type-page","status-publish","hentry"],"acf":[],"yoast_head":"<!-- This site is optimized with the Yoast SEO plugin v23.8 - https:\/\/yoast.com\/wordpress\/plugins\/seo\/ -->\n<title>Ern\u00e4hrung bei Prostatakrebs: was gut tut und unterst\u00fctzt | Oncolifestyle<\/title>\n<meta name=\"description\" content=\"Es ist nie zu sp\u00e4t, etwas zu \u00e4ndern. Entdecken Sie, wie sich eine gesunde Lebensweise und Ern\u00e4hrung bei Prostatakrebs auf Ihre Lebensqualit\u00e4t auswirken k\u00f6nnen.\" \/>\n<meta name=\"robots\" content=\"index, follow, max-snippet:-1, max-image-preview:large, max-video-preview:-1\" \/>\n<link rel=\"canonical\" href=\"https:\/\/www.oncolifestyle.com\/de\/prostatakrebs\/ernaehrung\/\" \/>\n<meta property=\"og:locale\" content=\"de_DE\" \/>\n<meta property=\"og:type\" content=\"article\" \/>\n<meta property=\"og:title\" content=\"Ern\u00e4hrung bei Prostatakrebs: was gut tut und unterst\u00fctzt | Oncolifestyle\" \/>\n<meta property=\"og:description\" content=\"Es ist nie zu sp\u00e4t, etwas zu \u00e4ndern. Entdecken Sie, wie sich eine gesunde Lebensweise und Ern\u00e4hrung bei Prostatakrebs auf Ihre Lebensqualit\u00e4t auswirken k\u00f6nnen.\" \/>\n<meta property=\"og:url\" content=\"https:\/\/www.oncolifestyle.com\/de\/prostatakrebs\/ernaehrung\/\" \/>\n<meta property=\"og:site_name\" content=\"Oncolifestyle\" \/>\n<meta property=\"article:modified_time\" content=\"2024-12-15T21:45:57+00:00\" \/>\n<meta name=\"twitter:card\" content=\"summary_large_image\" \/>\n<meta name=\"twitter:label1\" content=\"Gesch\u00e4tzte Lesezeit\" \/>\n\t<meta name=\"twitter:data1\" content=\"3\u00a0Minuten\" \/>\n<script type=\"application\/ld+json\" class=\"yoast-schema-graph\">{\"@context\":\"https:\/\/schema.org\",\"@graph\":[{\"@type\":\"WebPage\",\"@id\":\"https:\/\/www.oncolifestyle.com\/de\/prostatakrebs\/ernaehrung\/\",\"url\":\"https:\/\/www.oncolifestyle.com\/de\/prostatakrebs\/ernaehrung\/\",\"name\":\"Ern\u00e4hrung bei Prostatakrebs: was gut tut und unterst\u00fctzt | Oncolifestyle\",\"isPartOf\":{\"@id\":\"https:\/\/www.oncolifestyle.com\/de\/#website\"},\"datePublished\":\"2022-08-08T09:31:43+00:00\",\"dateModified\":\"2024-12-15T21:45:57+00:00\",\"description\":\"Es ist nie zu sp\u00e4t, etwas zu \u00e4ndern. Entdecken Sie, wie sich eine gesunde Lebensweise und Ern\u00e4hrung bei Prostatakrebs auf Ihre Lebensqualit\u00e4t auswirken k\u00f6nnen.\",\"breadcrumb\":{\"@id\":\"https:\/\/www.oncolifestyle.com\/de\/prostatakrebs\/ernaehrung\/#breadcrumb\"},\"inLanguage\":\"de\",\"potentialAction\":[{\"@type\":\"ReadAction\",\"target\":[\"https:\/\/www.oncolifestyle.com\/de\/prostatakrebs\/ernaehrung\/\"]}]},{\"@type\":\"BreadcrumbList\",\"@id\":\"https:\/\/www.oncolifestyle.com\/de\/prostatakrebs\/ernaehrung\/#breadcrumb\",\"itemListElement\":[{\"@type\":\"ListItem\",\"position\":1,\"name\":\"Home\",\"item\":\"https:\/\/www.oncolifestyle.com\/de\/\"},{\"@type\":\"ListItem\",\"position\":2,\"name\":\"Prostatakrebs\",\"item\":\"https:\/\/www.oncolifestyle.com\/de\/prostatakrebs\/\"},{\"@type\":\"ListItem\",\"position\":3,\"name\":\"Ern\u00e4hrung\"}]},{\"@type\":\"WebSite\",\"@id\":\"https:\/\/www.oncolifestyle.com\/de\/#website\",\"url\":\"https:\/\/www.oncolifestyle.com\/de\/\",\"name\":\"Oncolifestyle\",\"description\":\"Helping people with cancer live well\",\"publisher\":{\"@id\":\"https:\/\/www.oncolifestyle.com\/de\/#organization\"},\"potentialAction\":[{\"@type\":\"SearchAction\",\"target\":{\"@type\":\"EntryPoint\",\"urlTemplate\":\"https:\/\/www.oncolifestyle.com\/de\/?s={search_term_string}\"},\"query-input\":{\"@type\":\"PropertyValueSpecification\",\"valueRequired\":true,\"valueName\":\"search_term_string\"}}],\"inLanguage\":\"de\"},{\"@type\":\"Organization\",\"@id\":\"https:\/\/www.oncolifestyle.com\/de\/#organization\",\"name\":\"Oncolifestyle\",\"url\":\"https:\/\/www.oncolifestyle.com\/de\/\",\"logo\":{\"@type\":\"ImageObject\",\"inLanguage\":\"de\",\"@id\":\"https:\/\/www.oncolifestyle.com\/de\/#\/schema\/logo\/image\/\",\"url\":\"https:\/\/www.oncolifestyle.com\/wp-content\/uploads\/2022\/08\/ONCO_LOGO_RGB_horizontal.png\",\"contentUrl\":\"https:\/\/www.oncolifestyle.com\/wp-content\/uploads\/2022\/08\/ONCO_LOGO_RGB_horizontal.png\",\"width\":2062,\"height\":434,\"caption\":\"Oncolifestyle\"},\"image\":{\"@id\":\"https:\/\/www.oncolifestyle.com\/de\/#\/schema\/logo\/image\/\"}}]}<\/script>\n<!-- \/ Yoast SEO plugin. -->","yoast_head_json":{"title":"Ern\u00e4hrung bei Prostatakrebs: was gut tut und unterst\u00fctzt | Oncolifestyle","description":"Es ist nie zu sp\u00e4t, etwas zu \u00e4ndern. Entdecken Sie, wie sich eine gesunde Lebensweise und Ern\u00e4hrung bei Prostatakrebs auf Ihre Lebensqualit\u00e4t auswirken k\u00f6nnen.","robots":{"index":"index","follow":"follow","max-snippet":"max-snippet:-1","max-image-preview":"max-image-preview:large","max-video-preview":"max-video-preview:-1"},"canonical":"https:\/\/www.oncolifestyle.com\/de\/prostatakrebs\/ernaehrung\/","og_locale":"de_DE","og_type":"article","og_title":"Ern\u00e4hrung bei Prostatakrebs: was gut tut und unterst\u00fctzt | Oncolifestyle","og_description":"Es ist nie zu sp\u00e4t, etwas zu \u00e4ndern. Entdecken Sie, wie sich eine gesunde Lebensweise und Ern\u00e4hrung bei Prostatakrebs auf Ihre Lebensqualit\u00e4t auswirken k\u00f6nnen.","og_url":"https:\/\/www.oncolifestyle.com\/de\/prostatakrebs\/ernaehrung\/","og_site_name":"Oncolifestyle","article_modified_time":"2024-12-15T21:45:57+00:00","twitter_card":"summary_large_image","twitter_misc":{"Gesch\u00e4tzte Lesezeit":"3\u00a0Minuten"},"schema":{"@context":"https:\/\/schema.org","@graph":[{"@type":"WebPage","@id":"https:\/\/www.oncolifestyle.com\/de\/prostatakrebs\/ernaehrung\/","url":"https:\/\/www.oncolifestyle.com\/de\/prostatakrebs\/ernaehrung\/","name":"Ern\u00e4hrung bei Prostatakrebs: was gut tut und unterst\u00fctzt | Oncolifestyle","isPartOf":{"@id":"https:\/\/www.oncolifestyle.com\/de\/#website"},"datePublished":"2022-08-08T09:31:43+00:00","dateModified":"2024-12-15T21:45:57+00:00","description":"Es ist nie zu sp\u00e4t, etwas zu \u00e4ndern. Entdecken Sie, wie sich eine gesunde Lebensweise und Ern\u00e4hrung bei Prostatakrebs auf Ihre Lebensqualit\u00e4t auswirken k\u00f6nnen.","breadcrumb":{"@id":"https:\/\/www.oncolifestyle.com\/de\/prostatakrebs\/ernaehrung\/#breadcrumb"},"inLanguage":"de","potentialAction":[{"@type":"ReadAction","target":["https:\/\/www.oncolifestyle.com\/de\/prostatakrebs\/ernaehrung\/"]}]},{"@type":"BreadcrumbList","@id":"https:\/\/www.oncolifestyle.com\/de\/prostatakrebs\/ernaehrung\/#breadcrumb","itemListElement":[{"@type":"ListItem","position":1,"name":"Home","item":"https:\/\/www.oncolifestyle.com\/de\/"},{"@type":"ListItem","position":2,"name":"Prostatakrebs","item":"https:\/\/www.oncolifestyle.com\/de\/prostatakrebs\/"},{"@type":"ListItem","position":3,"name":"Ern\u00e4hrung"}]},{"@type":"WebSite","@id":"https:\/\/www.oncolifestyle.com\/de\/#website","url":"https:\/\/www.oncolifestyle.com\/de\/","name":"Oncolifestyle","description":"Helping people with cancer live well","publisher":{"@id":"https:\/\/www.oncolifestyle.com\/de\/#organization"},"potentialAction":[{"@type":"SearchAction","target":{"@type":"EntryPoint","urlTemplate":"https:\/\/www.oncolifestyle.com\/de\/?s={search_term_string}"},"query-input":{"@type":"PropertyValueSpecification","valueRequired":true,"valueName":"search_term_string"}}],"inLanguage":"de"},{"@type":"Organization","@id":"https:\/\/www.oncolifestyle.com\/de\/#organization","name":"Oncolifestyle","url":"https:\/\/www.oncolifestyle.com\/de\/","logo":{"@type":"ImageObject","inLanguage":"de","@id":"https:\/\/www.oncolifestyle.com\/de\/#\/schema\/logo\/image\/","url":"https:\/\/www.oncolifestyle.com\/wp-content\/uploads\/2022\/08\/ONCO_LOGO_RGB_horizontal.png","contentUrl":"https:\/\/www.oncolifestyle.com\/wp-content\/uploads\/2022\/08\/ONCO_LOGO_RGB_horizontal.png","width":2062,"height":434,"caption":"Oncolifestyle"},"image":{"@id":"https:\/\/www.oncolifestyle.com\/de\/#\/schema\/logo\/image\/"}}]}},"_links":{"self":[{"href":"https:\/\/www.oncolifestyle.com\/de\/wp-json\/wp\/v2\/pages\/386","targetHints":{"allow":["GET"]}}],"collection":[{"href":"https:\/\/www.oncolifestyle.com\/de\/wp-json\/wp\/v2\/pages"}],"about":[{"href":"https:\/\/www.oncolifestyle.com\/de\/wp-json\/wp\/v2\/types\/page"}],"author":[{"embeddable":true,"href":"https:\/\/www.oncolifestyle.com\/de\/wp-json\/wp\/v2\/users\/1"}],"replies":[{"embeddable":true,"href":"https:\/\/www.oncolifestyle.com\/de\/wp-json\/wp\/v2\/comments?post=386"}],"version-history":[{"count":7,"href":"https:\/\/www.oncolifestyle.com\/de\/wp-json\/wp\/v2\/pages\/386\/revisions"}],"predecessor-version":[{"id":3909,"href":"https:\/\/www.oncolifestyle.com\/de\/wp-json\/wp\/v2\/pages\/386\/revisions\/3909"}],"up":[{"embeddable":true,"href":"https:\/\/www.oncolifestyle.com\/de\/wp-json\/wp\/v2\/pages\/380"}],"wp:attachment":[{"href":"https:\/\/www.oncolifestyle.com\/de\/wp-json\/wp\/v2\/media?parent=386"}],"curies":[{"name":"wp","href":"https:\/\/api.w.org\/{rel}","templated":true}]}}