{"id":392,"date":"2022-08-08T09:32:21","date_gmt":"2022-08-08T09:32:21","guid":{"rendered":"https:\/\/oncolifestyle-com.orientedhosting.com\/prostate-cancer\/sexual-health\/"},"modified":"2025-09-11T11:53:19","modified_gmt":"2025-09-11T11:53:19","slug":"sexuelle-gesundheit","status":"publish","type":"page","link":"https:\/\/www.oncolifestyle.com\/de\/prostatakrebs\/sexuelle-gesundheit\/","title":{"rendered":"Sexuelle Gesundheit"},"content":{"rendered":"<div class=\"wpb-content-wrapper\"><p>[vc_row full_width=&#8220;stretch_row&#8220; css=&#8220;.vc_custom_1660927072894{background-image: url(https:\/\/www.oncolifestyle.com\/wp-content\/uploads\/2022\/08\/banner-sexual-health.jpg?id=110) !important;background-position: center !important;background-repeat: no-repeat !important;background-size: cover !important;}&#8220;][vc_column width=&#8220;1\/12&#8243;][\/vc_column][vc_column width=&#8220;10\/12&#8243;][vc_empty_space height=&#8220;22vw&#8220;][vc_custom_heading source=&#8220;post_title&#8220; font_container=&#8220;tag:h1|text_align:left|color:%23ffffff&#8220; use_theme_fonts=&#8220;yes&#8220; css=&#8220;.vc_custom_1688378840107{margin-top: 0px !important;margin-bottom: 100px !important;}&#8220; el_class=&#8220;page-title&#8220;][\/vc_column][vc_column width=&#8220;1\/12&#8243;][\/vc_column][\/vc_row][vc_row][vc_column width=&#8220;1\/12&#8243;][\/vc_column][vc_column width=&#8220;1\/2&#8243;][vc_column_text el_class=&#8220;breadcrumbs&#8220;]<!-- Breadcrumb NavXT 7.3.1 -->\n<span property=\"itemListElement\" typeof=\"ListItem\"><a property=\"item\" typeof=\"WebPage\" title=\"Gehe zu Oncolifestyle.\" href=\"https:\/\/www.oncolifestyle.com\/de\/\" class=\"home\" aria-current=\"page\"><span property=\"name\">Oncolifestyle<\/span><\/a><meta property=\"position\" content=\"1\"><\/span>[\/vc_column_text][vc_column_text]<\/p>\n<h6 class=\"green-pill\">GESUNDE ALTERNATIVEN<\/h6>\n<h2>Prostatakrebs und ein gesundes Sexualleben<\/h2>\n<p>F\u00fcr viele von uns geh\u00f6rt Sex zum Leben. Er gibt uns ein gutes Gef\u00fchl. Es schafft Intimit\u00e4t, st\u00e4rkt Beziehungen und bringt uns mehr Lebensfreude.<sup>1<\/sup> Er kann sogar Ihrer k\u00f6rperlichen Gesundheit zugutekommen!<sup>2<\/sup><\/p>\n<p>Leider kann eine Prostatakrebsbehandlung erhebliche Auswirkungen auf Ihre sexuelle Gesundheit haben. Erektile Dysfunktion und geringe Libido (Sexualtrieb) sind keine Seltenheit \u2013 und dies kann sich negativ auf Sie selbst und Ihre Beziehungen auswirken. Aber es gibt Licht am Ende des Tunnels. Gleich, ob Sie f\u00fcr sich selbst oder Ihren Partner hier sind, m\u00f6chten wir Ihnen helfen zu verstehen, wie sich eine Prostatakrebsbehandlung auf die sexuelle Gesundheit auswirkt, und Ihnen helfen, neue Wege zur Bew\u00e4ltigung unerw\u00fcnschter Nebenwirkungen zu finden. Mit Geduld und einigen hervorragenden M\u00f6glichkeiten zur Steigerung der Erektionsf\u00e4higkeit k\u00f6nnen Sie w\u00e4hrend und nach Prostatakrebserkrankung zu einem gesunden Sexualleben zur\u00fcckfinden.[\/vc_column_text][\/vc_column][vc_column width=&#8220;5\/12&#8243;][vc_single_image image=&#8220;2963&#8243; img_size=&#8220;large&#8220; el_class=&#8220;page-circle-image&#8220;][\/vc_column][\/vc_row][vc_row css=&#8220;.vc_custom_1731416878868{padding-bottom: 50px !important;}&#8220;][vc_column width=&#8220;1\/12&#8243;][\/vc_column][vc_column width=&#8220;10\/12&#8243;][vc_video link=&#8220;https:\/\/player.vimeo.com\/video\/1115761880&#8243;][\/vc_column][vc_column width=&#8220;1\/12&#8243;][\/vc_column][\/vc_row][vc_row][vc_column width=&#8220;1\/12&#8243;][\/vc_column][vc_column width=&#8220;10\/12&#8243;][vc_custom_heading text=&#8220;Informieren Sie sich \u00fcber Ihre Behandlungsoptionen&#8220; font_container=&#8220;tag:h2|text_align:center&#8220; use_theme_fonts=&#8220;yes&#8220; el_class=&#8220;accent-line center size-sm&#8220; css=&#8220;.vc_custom_1733922322751{margin-top: 100px !important;margin-bottom: 50px !important;}&#8220;][vc_column_text]<\/p>\n<p style=\"text-align: center;\">Bevor Sie sich f\u00fcr eine bestimmte Behandlung entscheiden, sollten Sie wissen, welche Auswirkungen diese auf Ihr Sexualleben und Ihre Beziehungen haben k\u00f6nnte. Wurde bei Ihnen beispielsweise ein lokal begrenzter Prostatakrebs diagnostiziert, m\u00f6chten Sie ihn vielleicht mit einer aggressiven Behandlungsmethode wie einer Prostataoperation oder Strahlentherapie direkt bek\u00e4mpfen. Leider verursachen beide Behandlungsformen h\u00e4ufig eine erektile Dysfunktion. F\u00fcr viele Menschen kann dies gro\u00dfe Auswirkungen auf ihre Lebensqualit\u00e4t haben<sup>3<\/sup> und eine aktive \u00dcberwachung k\u00f6nnte die bessere Wahl sein.<sup>3<\/sup><\/p>\n<p>[\/vc_column_text][\/vc_column][vc_column width=&#8220;1\/12&#8243;][\/vc_column][\/vc_row][vc_row equal_height=&#8220;yes&#8220; css=&#8220;.vc_custom_1731374027941{padding-bottom: 100px !important;}&#8220;][vc_column width=&#8220;1\/12&#8243;][\/vc_column][vc_column width=&#8220;10\/12&#8243;][vc_column_text el_class=&#8220;box-shadow&#8220; css=&#8220;.vc_custom_1733922571641{padding-top: 30px !important;padding-right: 50px !important;padding-bottom: 30px !important;padding-left: 50px !important;}&#8220;]<\/p>\n<h6>verschiedene Behandlungsoptionen<\/h6>\n<p><span style=\"color: #69bfa8;\"><strong>Wenn Sie verschiedene Behandlungsoptionen haben, m\u00fcssen Sie Ihre Priorit\u00e4ten und Werte ber\u00fccksichtigen und pr\u00fcfen, ob die vorgeschlagene Behandlungsmethode mit diesen im Einklang steht.<\/strong><\/span><\/p>\n<p>Legen Sie Wert auf ein langes Leben, in dem Sie mit schwierigen Nebenwirkungen zu k\u00e4mpfen haben, oder tauschen Sie lieber ein paar Lebensjahre f\u00fcr mehr Lebensqualit\u00e4t? Dies ist eine sehr pers\u00f6nliche Entscheidung und sollte mit Hilfe eines Arztes sorgf\u00e4ltig abgewogen werden. Vielleicht finden Sie auch diese<\/p>\n<h6>Tipps als hilfreich:<\/h6>\n<ul id=\"sh-icon-list\">\n<li>Fragen Sie Ihren Arzt, wie sich die Behandlung von Prostatakrebs auf Ihre sexuelle Gesundheit auswirkt<\/li>\n<li>Treten Sie einer lokalen Selbsthilfegruppe bei und erhalten Ratschl\u00e4ge aus erster Hand<\/li>\n<li>Besprechen Sie Ihre Gedanken mit einem Therapeuten<\/li>\n<li>Tauschen Sie sich \u00fcber Podcasts, Artikel und Foren mit anderen \u00dcberlebenden von Prostatakrebs aus<\/li>\n<\/ul>\n<p>[\/vc_column_text][\/vc_column][vc_column width=&#8220;1\/12&#8243;][\/vc_column][\/vc_row][vc_row][vc_column width=&#8220;1\/12&#8243;][\/vc_column][vc_column width=&#8220;10\/12&#8243;][vc_custom_heading text=&#8220;Wussten Sie schon?&#8220; font_container=&#8220;tag:h2|text_align:center&#8220; use_theme_fonts=&#8220;yes&#8220; el_class=&#8220;accent-line center size-sm&#8220; css=&#8220;.vc_custom_1688379011694{margin-top: 100px !important;margin-bottom: 50px !important;}&#8220;][vc_column_text]<\/p>\n<p style=\"text-align: center;\">Menschen, die m\u00f6gliche Nebenwirkungen untersch\u00e4tzt haben, bedauern die Wahl der Prostatakrebsbehandlung fast sechsmal h\u00e4ufiger.<sup>4<\/sup> Wenn Sie mit Ihrem Arzt sprechen, sich \u00fcber Ihre Behandlungsm\u00f6glichkeiten informieren und mehr dar\u00fcber erfahren, werden Ihre Erwartungen realistischer und Sie k\u00f6nnen eine fundierte Entscheidung treffen.<\/p>\n<p>[\/vc_column_text][\/vc_column][vc_column width=&#8220;1\/12&#8243;][\/vc_column][\/vc_row][vc_row content_placement=&#8220;middle&#8220; css=&#8220;.vc_custom_1661956823642{background-image: url(https:\/\/www.oncolifestyle.com\/wp-content\/uploads\/2022\/08\/sh-bg.jpeg?id=351) !important;background-position: center !important;background-repeat: no-repeat !important;background-size: contain !important;}&#8220;][vc_column width=&#8220;2\/12&#8243;][\/vc_column][vc_column width=&#8220;4\/12&#8243; el_class=&#8220;overlap&#8220;][vc_single_image image=&#8220;483&#8243; img_size=&#8220;full&#8220; alignment=&#8220;right&#8220;][\/vc_column][vc_column width=&#8220;6\/12&#8243;][\/vc_column][\/vc_row][vc_row css=&#8220;.vc_custom_1731373434427{padding-bottom: 250px !important;}&#8220;][vc_column width=&#8220;1\/12&#8243;][\/vc_column][vc_column width=&#8220;10\/12&#8243;][vc_custom_heading text=&#8220;Entdecken Sie die Neuigkeiten&#8220; font_container=&#8220;tag:h2|text_align:center&#8220; use_theme_fonts=&#8220;yes&#8220; el_class=&#8220;accent-line center size-sm&#8220; css=&#8220;.vc_custom_1733920958049{margin-top: 100px !important;margin-bottom: 50px !important;}&#8220;][\/vc_column][vc_column width=&#8220;1\/12&#8243;][\/vc_column][\/vc_row][vc_row css=&#8220;.vc_custom_1732191381652{background-image: url(https:\/\/www.oncolifestyle.com\/wp-content\/uploads\/2022\/11\/news-bg.jpg?id=677) !important;}&#8220; el_id=&#8220;articles-row-wrapper&#8220;][vc_column][vc_column_text css=&#8220;.vc_custom_1732191298854{margin-top: -200px !important;margin-bottom: 80px !important;}&#8220;]<div class=\"ajax-posts-container \" id=\"ajax-posts-container-2500018958\" data-feature-first=\"false\"><div class=\"custom-post-grid\" data-categories=\"61\" data-active-categories=\"61\" data-posts-per-page=\"3\" data-limit=\"100\" data-paged=\"1\">\t\t\t<div class=\"custom-post-card\">\n\t\t\t\t\t\t\t\t\t<a class=\"post-thumbnail-wrapper\" href=\"https:\/\/www.oncolifestyle.com\/de\/sexuelle-gesundheit\/beratung-und-unterstuetzung-finden\/\">\n\t\t\t\t\t\t<img decoding=\"async\" src=\"https:\/\/www.oncolifestyle.com\/wp-content\/uploads\/2024\/11\/marriage-counselor-taking-notes-while-having-meeting-with-couple-office.jpg\" alt=\"Beratung und Unterst\u00fctzung finden\" class=\"post-thumbnail\" \/>\n\t\t\t\t\t<\/a>\n\t\t\t\t\t\t\t\t<div class=\"post-content\">\n\t\t\t\t\t\t\t\t\t\t\t<span class=\"post-category green-pill\">Sexuelle Gesundheit<\/span>\n\t\t\t\t\t\t\t\t\t\n\t\t\t\t\t<h2 class=\"post-title\"><a href=\"https:\/\/www.oncolifestyle.com\/de\/sexuelle-gesundheit\/beratung-und-unterstuetzung-finden\/\">Beratung und Unterst\u00fctzung finden<\/a><\/h2>\n\t\t\t\t\t<a href=\"https:\/\/www.oncolifestyle.com\/de\/sexuelle-gesundheit\/beratung-und-unterstuetzung-finden\/\" class=\"read-more\">Mehr erfahren<\/a>\n\t\t\t\t<\/div>\n\t\t\t<\/div>\n\t\t\t\t\t\t<div class=\"custom-post-card\">\n\t\t\t\t\t\t\t\t\t<a class=\"post-thumbnail-wrapper\" href=\"https:\/\/www.oncolifestyle.com\/de\/sexuelle-gesundheit\/intimitaet-in-der-partnerschaft-staerken\/\">\n\t\t\t\t\t\t<img decoding=\"async\" src=\"https:\/\/www.oncolifestyle.com\/wp-content\/uploads\/2024\/11\/couple-sits-bench-park-smiling-looking-each-other.jpg\" alt=\"Intimit\u00e4t in der Partnerschaft st\u00e4rken\" class=\"post-thumbnail\" \/>\n\t\t\t\t\t<\/a>\n\t\t\t\t\t\t\t\t<div class=\"post-content\">\n\t\t\t\t\t\t\t\t\t\t\t<span class=\"post-category green-pill\">Sexuelle Gesundheit<\/span>\n\t\t\t\t\t\t\t\t\t\n\t\t\t\t\t<h2 class=\"post-title\"><a href=\"https:\/\/www.oncolifestyle.com\/de\/sexuelle-gesundheit\/intimitaet-in-der-partnerschaft-staerken\/\">Intimit\u00e4t in der Partnerschaft st\u00e4rken<\/a><\/h2>\n\t\t\t\t\t<a href=\"https:\/\/www.oncolifestyle.com\/de\/sexuelle-gesundheit\/intimitaet-in-der-partnerschaft-staerken\/\" class=\"read-more\">Mehr erfahren<\/a>\n\t\t\t\t<\/div>\n\t\t\t<\/div>\n\t\t\t\t\t\t<div class=\"custom-post-card\">\n\t\t\t\t\t\t\t\t\t<a class=\"post-thumbnail-wrapper\" href=\"https:\/\/www.oncolifestyle.com\/de\/sexuelle-gesundheit\/behandlung-von-erektiler-dysfunktion\/\">\n\t\t\t\t\t\t<img decoding=\"async\" src=\"https:\/\/www.oncolifestyle.com\/wp-content\/uploads\/2024\/11\/medium-shot-smiley-people-hugging.jpg\" alt=\"Behandlung von erektiler Dysfunktion\" class=\"post-thumbnail\" \/>\n\t\t\t\t\t<\/a>\n\t\t\t\t\t\t\t\t<div class=\"post-content\">\n\t\t\t\t\t\t\t\t\t\t\t<span class=\"post-category green-pill\">Sexuelle Gesundheit<\/span>\n\t\t\t\t\t\t\t\t\t\n\t\t\t\t\t<h2 class=\"post-title\"><a href=\"https:\/\/www.oncolifestyle.com\/de\/sexuelle-gesundheit\/behandlung-von-erektiler-dysfunktion\/\">Behandlung von erektiler Dysfunktion<\/a><\/h2>\n\t\t\t\t\t<a href=\"https:\/\/www.oncolifestyle.com\/de\/sexuelle-gesundheit\/behandlung-von-erektiler-dysfunktion\/\" class=\"read-more\">Mehr erfahren<\/a>\n\t\t\t\t<\/div>\n\t\t\t<\/div>\n\t\t\t<\/div>\n\t\t<div class=\"vc_btn3-container  view-more-articles vc_btn3-center\" style=\"margin-top: 20px;\">\n\t\t\t<button class=\"load-more vc_general vc_btn3 vc_btn3-size-md vc_btn3-shape-round vc_btn3-style-classic vc_btn3-color-danger\" data-paged=\"2\">Weitere Artikel ansehen<\/button>\n\t\t<\/div> <\/div>[\/vc_column_text][\/vc_column][\/vc_row][vc_row css=&#8220;.vc_custom_1660737759822{margin-top: 50px !important;margin-bottom: 50px !important;}&#8220;][vc_column][vc_column_text]<\/p>\n<h6 style=\"text-align: center;\">UNSERE QUELLEN<\/h6>\n<p style=\"text-align: center;\"><span class=\"sources-btn show-source\">Woher stammen diese Informationen?<\/span><\/p>\n<p>[\/vc_column_text][\/vc_column][\/vc_row][vc_row full_width=&#8220;stretch_row&#8220; el_class=&#8220;source&#8220;][vc_column][vc_raw_html]JTNDZGl2JTIwY2xhc3MlM0QlMjJzdmdfX3dyYXBwZXIlMjBjbG9zZS1zb3VyY2UlMjIlM0UlMEElM0NzdmclMjBjbGFzcyUzRCUyMmljb24lMjBpY29uLS1jbG9zZSUyMiUyMGFyaWEtaGlkZGVuJTNEJTIydHJ1ZSUyMiUyMHJvbGUlM0QlMjJpbWclMjIlM0UlM0N1c2UlMjB4bGluayUzQWhyZWYlM0QlMjIlMjNpY29uLWNsb3NlJTIyJTNFJTNDJTJGdXNlJTNFJTNDJTJGc3ZnJTNFJTBBJTNDJTJGZGl2JTNFJTBB[\/vc_raw_html][vc_column_text]<\/p>\n<h6 class=\"accent-line\">UNSERE QUELLEN<\/h6>\n<h4><strong>Woher stammen diese Informationen?<\/strong><\/h4>\n<ol>\n<li style=\"list-style-type: none;\">\n<ol>\n<li>Smith, L. et al. Sexual Activity is Associated with Greater Enjoyment of Life in Older Adults. Sex. Med. 7, 11\u201318 (2019).<\/li>\n<li>Brody, S. The Relative Health Benefits of Different Sexual Activities. J. Sex. Med. 7, 1336\u20131361 (2010).<\/li>\n<li>EUPROMS. Europa Uomo\u2019s study on quality of life after prostate cancer treatment: summary of findings. https:\/\/www.europa-uomo.org\/wp-content\/uploads\/2021\/07\/EU_booklet_5July_web.pdf.<\/li>\n<li>Wallis, C. J. D. et al. Association of Treatment Modality, Functional Outcomes, and Baseline Characteristics With Treatment-Related Regret Among Men With Localized Prostate Cancer. JAMA Oncol. 8, 50 (2022).<\/li>\n<\/ol>\n<\/li>\n<\/ol>\n<p>[\/vc_column_text][\/vc_column][\/vc_row]<\/p>\n<\/div>","protected":false},"excerpt":{"rendered":"<p>[vc_row full_width=&#8220;stretch_row&#8220; css=&#8220;.vc_custom_1660927072894{background-image: url(https:\/\/www.oncolifestyle.com\/wp-content\/uploads\/2022\/08\/banner-sexual-health.jpg?id=110) !important;background-position: center !important;background-repeat: no-repeat !important;background-size: cover !important;}&#8220;][vc_column width=&#8220;1\/12&#8243;][\/vc_column][vc_column width=&#8220;10\/12&#8243;][vc_empty_space height=&#8220;22vw&#8220;][vc_custom_heading source=&#8220;post_title&#8220; font_container=&#8220;tag:h1|text_align:left|color:%23ffffff&#8220; use_theme_fonts=&#8220;yes&#8220; css=&#8220;.vc_custom_1688378840107{margin-top: 0px !important;margin-bottom: [&hellip;]<\/p>\n","protected":false},"author":1,"featured_media":0,"parent":380,"menu_order":0,"comment_status":"closed","ping_status":"closed","template":"template-fullwidth.php","meta":{"_acf_changed":false,"inline_featured_image":false,"footnotes":""},"class_list":["post-392","page","type-page","status-publish","hentry"],"acf":[],"yoast_head":"<!-- This site is optimized with the Yoast SEO plugin v23.8 - https:\/\/yoast.com\/wordpress\/plugins\/seo\/ -->\n<title>Sexuelle Gesundheit nach Prostatakrebs: N\u00e4he und Lebensqualit\u00e4t | Oncolifestyle<\/title>\n<meta name=\"description\" content=\"Erfahren Sie, wie Prostatakrebsbehandlungen Ihre sexuelle Gesundheit beeinflussen k\u00f6nnen und entdecken Sie Wege, um zu einem gesunden Sexualleben zur\u00fcckzukehren.\" \/>\n<meta name=\"robots\" content=\"index, follow, max-snippet:-1, max-image-preview:large, max-video-preview:-1\" \/>\n<link rel=\"canonical\" href=\"https:\/\/www.oncolifestyle.com\/de\/prostatakrebs\/sexuelle-gesundheit\/\" \/>\n<meta property=\"og:locale\" content=\"de_DE\" \/>\n<meta property=\"og:type\" content=\"article\" \/>\n<meta property=\"og:title\" content=\"Sexuelle Gesundheit nach Prostatakrebs: N\u00e4he und Lebensqualit\u00e4t | Oncolifestyle\" \/>\n<meta property=\"og:description\" content=\"Erfahren Sie, wie Prostatakrebsbehandlungen Ihre sexuelle Gesundheit beeinflussen k\u00f6nnen und entdecken Sie Wege, um zu einem gesunden Sexualleben zur\u00fcckzukehren.\" \/>\n<meta property=\"og:url\" content=\"https:\/\/www.oncolifestyle.com\/de\/prostatakrebs\/sexuelle-gesundheit\/\" \/>\n<meta property=\"og:site_name\" content=\"Oncolifestyle\" \/>\n<meta property=\"article:modified_time\" content=\"2025-09-11T11:53:19+00:00\" \/>\n<meta name=\"twitter:card\" content=\"summary_large_image\" \/>\n<meta name=\"twitter:label1\" content=\"Gesch\u00e4tzte Lesezeit\" \/>\n\t<meta name=\"twitter:data1\" content=\"4\u00a0Minuten\" \/>\n<script type=\"application\/ld+json\" class=\"yoast-schema-graph\">{\"@context\":\"https:\/\/schema.org\",\"@graph\":[{\"@type\":\"WebPage\",\"@id\":\"https:\/\/www.oncolifestyle.com\/de\/prostatakrebs\/sexuelle-gesundheit\/\",\"url\":\"https:\/\/www.oncolifestyle.com\/de\/prostatakrebs\/sexuelle-gesundheit\/\",\"name\":\"Sexuelle Gesundheit nach Prostatakrebs: N\u00e4he und Lebensqualit\u00e4t | Oncolifestyle\",\"isPartOf\":{\"@id\":\"https:\/\/www.oncolifestyle.com\/de\/#website\"},\"datePublished\":\"2022-08-08T09:32:21+00:00\",\"dateModified\":\"2025-09-11T11:53:19+00:00\",\"description\":\"Erfahren Sie, wie Prostatakrebsbehandlungen Ihre sexuelle Gesundheit beeinflussen k\u00f6nnen und entdecken Sie Wege, um zu einem gesunden Sexualleben zur\u00fcckzukehren.\",\"breadcrumb\":{\"@id\":\"https:\/\/www.oncolifestyle.com\/de\/prostatakrebs\/sexuelle-gesundheit\/#breadcrumb\"},\"inLanguage\":\"de\",\"potentialAction\":[{\"@type\":\"ReadAction\",\"target\":[\"https:\/\/www.oncolifestyle.com\/de\/prostatakrebs\/sexuelle-gesundheit\/\"]}]},{\"@type\":\"BreadcrumbList\",\"@id\":\"https:\/\/www.oncolifestyle.com\/de\/prostatakrebs\/sexuelle-gesundheit\/#breadcrumb\",\"itemListElement\":[{\"@type\":\"ListItem\",\"position\":1,\"name\":\"Home\",\"item\":\"https:\/\/www.oncolifestyle.com\/de\/\"},{\"@type\":\"ListItem\",\"position\":2,\"name\":\"Prostatakrebs\",\"item\":\"https:\/\/www.oncolifestyle.com\/de\/prostatakrebs\/\"},{\"@type\":\"ListItem\",\"position\":3,\"name\":\"Sexuelle Gesundheit\"}]},{\"@type\":\"WebSite\",\"@id\":\"https:\/\/www.oncolifestyle.com\/de\/#website\",\"url\":\"https:\/\/www.oncolifestyle.com\/de\/\",\"name\":\"Oncolifestyle\",\"description\":\"Helping people with cancer live well\",\"publisher\":{\"@id\":\"https:\/\/www.oncolifestyle.com\/de\/#organization\"},\"potentialAction\":[{\"@type\":\"SearchAction\",\"target\":{\"@type\":\"EntryPoint\",\"urlTemplate\":\"https:\/\/www.oncolifestyle.com\/de\/?s={search_term_string}\"},\"query-input\":{\"@type\":\"PropertyValueSpecification\",\"valueRequired\":true,\"valueName\":\"search_term_string\"}}],\"inLanguage\":\"de\"},{\"@type\":\"Organization\",\"@id\":\"https:\/\/www.oncolifestyle.com\/de\/#organization\",\"name\":\"Oncolifestyle\",\"url\":\"https:\/\/www.oncolifestyle.com\/de\/\",\"logo\":{\"@type\":\"ImageObject\",\"inLanguage\":\"de\",\"@id\":\"https:\/\/www.oncolifestyle.com\/de\/#\/schema\/logo\/image\/\",\"url\":\"https:\/\/www.oncolifestyle.com\/wp-content\/uploads\/2022\/08\/ONCO_LOGO_RGB_horizontal.png\",\"contentUrl\":\"https:\/\/www.oncolifestyle.com\/wp-content\/uploads\/2022\/08\/ONCO_LOGO_RGB_horizontal.png\",\"width\":2062,\"height\":434,\"caption\":\"Oncolifestyle\"},\"image\":{\"@id\":\"https:\/\/www.oncolifestyle.com\/de\/#\/schema\/logo\/image\/\"}}]}<\/script>\n<!-- \/ Yoast SEO plugin. -->","yoast_head_json":{"title":"Sexuelle Gesundheit nach Prostatakrebs: N\u00e4he und Lebensqualit\u00e4t | Oncolifestyle","description":"Erfahren Sie, wie Prostatakrebsbehandlungen Ihre sexuelle Gesundheit beeinflussen k\u00f6nnen und entdecken Sie Wege, um zu einem gesunden Sexualleben zur\u00fcckzukehren.","robots":{"index":"index","follow":"follow","max-snippet":"max-snippet:-1","max-image-preview":"max-image-preview:large","max-video-preview":"max-video-preview:-1"},"canonical":"https:\/\/www.oncolifestyle.com\/de\/prostatakrebs\/sexuelle-gesundheit\/","og_locale":"de_DE","og_type":"article","og_title":"Sexuelle Gesundheit nach Prostatakrebs: N\u00e4he und Lebensqualit\u00e4t | Oncolifestyle","og_description":"Erfahren Sie, wie Prostatakrebsbehandlungen Ihre sexuelle Gesundheit beeinflussen k\u00f6nnen und entdecken Sie Wege, um zu einem gesunden Sexualleben zur\u00fcckzukehren.","og_url":"https:\/\/www.oncolifestyle.com\/de\/prostatakrebs\/sexuelle-gesundheit\/","og_site_name":"Oncolifestyle","article_modified_time":"2025-09-11T11:53:19+00:00","twitter_card":"summary_large_image","twitter_misc":{"Gesch\u00e4tzte Lesezeit":"4\u00a0Minuten"},"schema":{"@context":"https:\/\/schema.org","@graph":[{"@type":"WebPage","@id":"https:\/\/www.oncolifestyle.com\/de\/prostatakrebs\/sexuelle-gesundheit\/","url":"https:\/\/www.oncolifestyle.com\/de\/prostatakrebs\/sexuelle-gesundheit\/","name":"Sexuelle Gesundheit nach Prostatakrebs: N\u00e4he und Lebensqualit\u00e4t | Oncolifestyle","isPartOf":{"@id":"https:\/\/www.oncolifestyle.com\/de\/#website"},"datePublished":"2022-08-08T09:32:21+00:00","dateModified":"2025-09-11T11:53:19+00:00","description":"Erfahren Sie, wie Prostatakrebsbehandlungen Ihre sexuelle Gesundheit beeinflussen k\u00f6nnen und entdecken Sie Wege, um zu einem gesunden Sexualleben zur\u00fcckzukehren.","breadcrumb":{"@id":"https:\/\/www.oncolifestyle.com\/de\/prostatakrebs\/sexuelle-gesundheit\/#breadcrumb"},"inLanguage":"de","potentialAction":[{"@type":"ReadAction","target":["https:\/\/www.oncolifestyle.com\/de\/prostatakrebs\/sexuelle-gesundheit\/"]}]},{"@type":"BreadcrumbList","@id":"https:\/\/www.oncolifestyle.com\/de\/prostatakrebs\/sexuelle-gesundheit\/#breadcrumb","itemListElement":[{"@type":"ListItem","position":1,"name":"Home","item":"https:\/\/www.oncolifestyle.com\/de\/"},{"@type":"ListItem","position":2,"name":"Prostatakrebs","item":"https:\/\/www.oncolifestyle.com\/de\/prostatakrebs\/"},{"@type":"ListItem","position":3,"name":"Sexuelle Gesundheit"}]},{"@type":"WebSite","@id":"https:\/\/www.oncolifestyle.com\/de\/#website","url":"https:\/\/www.oncolifestyle.com\/de\/","name":"Oncolifestyle","description":"Helping people with cancer live well","publisher":{"@id":"https:\/\/www.oncolifestyle.com\/de\/#organization"},"potentialAction":[{"@type":"SearchAction","target":{"@type":"EntryPoint","urlTemplate":"https:\/\/www.oncolifestyle.com\/de\/?s={search_term_string}"},"query-input":{"@type":"PropertyValueSpecification","valueRequired":true,"valueName":"search_term_string"}}],"inLanguage":"de"},{"@type":"Organization","@id":"https:\/\/www.oncolifestyle.com\/de\/#organization","name":"Oncolifestyle","url":"https:\/\/www.oncolifestyle.com\/de\/","logo":{"@type":"ImageObject","inLanguage":"de","@id":"https:\/\/www.oncolifestyle.com\/de\/#\/schema\/logo\/image\/","url":"https:\/\/www.oncolifestyle.com\/wp-content\/uploads\/2022\/08\/ONCO_LOGO_RGB_horizontal.png","contentUrl":"https:\/\/www.oncolifestyle.com\/wp-content\/uploads\/2022\/08\/ONCO_LOGO_RGB_horizontal.png","width":2062,"height":434,"caption":"Oncolifestyle"},"image":{"@id":"https:\/\/www.oncolifestyle.com\/de\/#\/schema\/logo\/image\/"}}]}},"_links":{"self":[{"href":"https:\/\/www.oncolifestyle.com\/de\/wp-json\/wp\/v2\/pages\/392","targetHints":{"allow":["GET"]}}],"collection":[{"href":"https:\/\/www.oncolifestyle.com\/de\/wp-json\/wp\/v2\/pages"}],"about":[{"href":"https:\/\/www.oncolifestyle.com\/de\/wp-json\/wp\/v2\/types\/page"}],"author":[{"embeddable":true,"href":"https:\/\/www.oncolifestyle.com\/de\/wp-json\/wp\/v2\/users\/1"}],"replies":[{"embeddable":true,"href":"https:\/\/www.oncolifestyle.com\/de\/wp-json\/wp\/v2\/comments?post=392"}],"version-history":[{"count":13,"href":"https:\/\/www.oncolifestyle.com\/de\/wp-json\/wp\/v2\/pages\/392\/revisions"}],"predecessor-version":[{"id":3991,"href":"https:\/\/www.oncolifestyle.com\/de\/wp-json\/wp\/v2\/pages\/392\/revisions\/3991"}],"up":[{"embeddable":true,"href":"https:\/\/www.oncolifestyle.com\/de\/wp-json\/wp\/v2\/pages\/380"}],"wp:attachment":[{"href":"https:\/\/www.oncolifestyle.com\/de\/wp-json\/wp\/v2\/media?parent=392"}],"curies":[{"name":"wp","href":"https:\/\/api.w.org\/{rel}","templated":true}]}}