{"id":965,"date":"2022-07-26T12:58:38","date_gmt":"2022-07-26T12:58:38","guid":{"rendered":"https:\/\/www.oncolifestyle.com\/privacy-policy\/"},"modified":"2024-05-15T09:41:24","modified_gmt":"2024-05-15T09:41:24","slug":"privacy-policy","status":"publish","type":"page","link":"https:\/\/www.oncolifestyle.com\/de\/privacy-policy\/","title":{"rendered":"Privacy Policy"},"content":{"rendered":"<div class=\"wpb-content-wrapper\"><p>[vc_row full_width=&#8220;stretch_row&#8220; css=&#8220;.vc_custom_1668678132816{background-image: url(https:\/\/www.oncolifestyle.com\/wp-content\/uploads\/2022\/11\/banner-1.jpg?id=450) !important;background-position: center !important;background-repeat: no-repeat !important;background-size: cover !important;}&#8220;][vc_column width=&#8220;1\/3&#8243;][vc_custom_heading text=&#8220;Privacy policy&#8220; font_container=&#8220;tag:h1|font_size:72px|text_align:center|color:%23ffffff|line_height:72px&#8220; use_theme_fonts=&#8220;yes&#8220; css=&#8220;.vc_custom_1668677986521{margin-top: 145px !important;margin-bottom: 200px !important;padding-top: 10px !important;padding-right: 20px !important;padding-bottom: 20px !important;padding-left: 20px !important;background-color: #064c78 !important;}&#8220;][\/vc_column][vc_column width=&#8220;2\/3&#8243;][\/vc_column][\/vc_row][vc_row][vc_column][vc_column_text el_class=&#8220;breadcrumbs&#8220;]<span><span><a href=\"https:\/\/www.oncolifestyle.com\/de\/\">Home<\/a><\/span><\/span>[\/vc_column_text][\/vc_column][\/vc_row][vc_row][vc_column][vc_row_inner][vc_column_inner width=&#8220;1\/12&#8243;][\/vc_column_inner][vc_column_inner width=&#8220;10\/12&#8243;][vc_column_text]<strong>G\u00fcltig ab dem 1. Juli 2023<\/strong><\/p>\n<p>Diese Datenschutzerkl\u00e4rung gilt f\u00fcr Informationen, die gesammelt werden, wenn Sie die Website von Debiopharm unter [Oncolifestyle] https:\/\/www.oncolifestyle.com\/ (die \u00abWebsite\u00bb) besuchen, unsere Publikationen anfordern oder uns \u00fcber die Website kontaktieren. Debiopharm mit Hauptsitz in der Schweiz stellt diese Datenschutzerkl\u00e4rung zur Verf\u00fcgung im Wissen, dass es Ihnen wichtig ist, wie Ihre Daten (Verkehrsdaten) erfasst, verwendet, weitergegeben und gespeichert werden.<\/p>\n<p>Durch den Besuch unserer Website erkl\u00e4ren Sie sich mit den Bedingungen dieser Datenschutzerkl\u00e4rung und den dazugeh\u00f6rigen Nutzungsbedingungen einverstanden.<\/p>\n<p><strong>Welche Informationen wir sammeln; Zweck der Sammlung und Verwendung<\/strong><\/p>\n<p>Wir sammeln die folgenden Kategorien von Informationen.<\/p>\n<p><strong>1 \u2013 Google Analytics<\/strong><\/p>\n<p>Wie die meisten Organisationen nutzen wir die automatische Datenerfassungstechnologie (Google Analytics 4 [GA4]), wenn Sie unsere Website besuchen. Dies erm\u00f6glicht es uns, Ihr Web-Erlebnis zu optimieren, die Nutzung der Website zu analysieren und technische Probleme zu erkennen und zu beheben. Dies sind berechtigte Interessen. Google Analytics 4 kann Tracking-Technologien wie z. B. Cookies verwenden, um in unserem Namen Informationen wie Ihre IP-Adresse, den Standort (basierend auf der IP-Adresse), den Internetdienstanbieter, den Browsertyp, das Betriebssystem und die Sprache, Verweis-, Ausgangsseiten und URLs, Datum und Uhrzeit, die auf bestimmten Seiten verbrachte Zeit, die von Ihnen besuchten Abschnitte der Website, die Anzahl der von Ihnen auf der Website angeklickten Links, Suchbegriffe und andere Daten zu erfassen. Die gewonnenen Informationen werden an Google \u00fcbertragen und von Google auf Servern in verschiedenen L\u00e4ndern, einschliesslich der Vereinigten Staaten, gespeichert. Durch die Nutzung der Website erkl\u00e4ren Sie sich mit der Bearbeitung der \u00fcber Sie erhobenen Daten durch Google Analytics in der in dieser Datenschutzerkl\u00e4rung beschriebenen Art und Weise und zu dem dort genannten Zweck einverstanden. Weitere Informationen zu Google Analytics, einschliesslich der M\u00f6glichkeit, die Erfassung bestimmter Daten abzulehnen, finden Sie unter https:\/\/www.google.com\/analytics. Bitte beachten Sie, dass Sie m\u00f6glicherweise nicht die volle Funktionalit\u00e4t der Website nutzen k\u00f6nnen, wenn Sie die Zustimmung zu einem Dienst bzw. einer Funktion verweigern.<\/p>\n<p><strong>2 \u2013 Cookies<\/strong><\/p>\n<p>Cookies sind kleine Datenpakete, die eine Website auf der Festplatte Ihres Computers speichert, damit sich Ihr Computer Informationen \u00fcber Ihre Besuche auf unserer Website und anderen Websites \u00abmerkt\u00bb, wie oben unter \u00abGoogle Analytics 4\u00bb beschrieben. Wenn Sie nicht m\u00f6chten, dass wir, Google Analytics\u00a04 oder die Website ein Cookie auf Ihrer Festplatte ablegen, k\u00f6nnen Sie diese Funktion auf Ihrem Ger\u00e4t deaktivieren. Bitte konsultieren Sie die Dokumentation Ihres Internetbrowsers, um zu erfahren, wie Sie dies tun k\u00f6nnen, z. B. indem Sie Ihren Browser im privaten Modus verwenden, um Cookies zu blockieren. Wenn Sie sich jedoch entscheiden, keine Cookies von unserer Website zu akzeptieren, kann es sein, dass die Website nicht ordnungsgem\u00e4ss funktioniert oder dass Sie einige Funktionen unserer Website oder spezielle Seiten in sozialen Medien nicht nutzen k\u00f6nnen. F\u00fcr Werbe- oder Social-Media-Cookies ben\u00f6tigen wir Ihre Zustimmung. Sie k\u00f6nnen diese Cookies zulassen oder ablehnen, indem Sie in der Fusszeile unserer Website auf \u00abCookies verwalten\u00bb klicken.<\/p>\n<p><strong>3 \u2013 Aggregierte Daten<\/strong><\/p>\n<p>In unserem st\u00e4ndigen Bem\u00fchen, unsere Nutzer und die Website besser zu verstehen, k\u00f6nnen wir Ihre Daten (Verkehrsdaten) in zusammengefasster Form analysieren, um die Website zu betreiben, zu warten, zu verwalten und zu verbessern. Diese aggregierten Daten lassen keine R\u00fcckschl\u00fcsse auf Ihre Person zu. Wir k\u00f6nnen diese aggregierten Daten an unsere Tochtergesellschaften, Vertreter, Lizenznehmer und andere Auftragnehmer innerhalb und ausserhalb des Europ\u00e4ischen Wirtschaftsraums (\u00abEWR\u00bb) und der Schweiz weitergeben. Wir k\u00f6nnen auch aggregierte Nutzerstatistiken offenlegen, um die Website aktuellen und potenziellen Lizenznehmern zu beschreiben, sowie an Dritte zu anderen rechtm\u00e4ssigen Zwecken weitergeben.<\/p>\n<p><strong>Einbeziehung von Dritten in die Verarbeitung personenbezogener Daten<\/strong><\/p>\n<p>Wie viele andere Unternehmen beauftragen wir andere Unternehmen mit der Erbringung bestimmter gesch\u00e4fts- und forschungsbezogener Dienstleistungen. Die Arten von Unternehmen, die jetzt oder in Zukunft personenbezogene Daten verarbeiten k\u00f6nnen, und ihre Funktionen sind: Kommunikations- und Webentwicklungsagenturen. Alle diese Dritten fungieren als unsere Auftragsverarbeiter, die auf unsere Anweisung und in unserem Namen Dienstleistungen gem\u00e4ss Vertr\u00e4gen erbringen, die verlangen, dass sie mindestens das gleiche Mass an Datenschutz bieten, wie es in dieser Datenschutzerkl\u00e4rung vorgeschrieben ist und von Debiopharm umgesetzt wird; eine der diesbez\u00fcglich relevanten Massnahmen ist das Erfordernis einer Verarbeitervereinbarung. Wenn die Verarbeitung ausserhalb des EWR stattfindet, ergreift Debiopharm geeignete Massnahmen, um das Schweizer Bundesgesetz \u00fcber den Datenschutz (DSG) und die Verordnung (EU) 2016\/679 (Allgemeine Datenschutzverordnung) einzuhalten. Insbesondere \u00fcbermitteln wir personenbezogene Daten nur in L\u00e4nder, f\u00fcr die die Europ\u00e4ische Kommission ein angemessenes Datenschutzniveau festgelegt hat, oder verwenden zus\u00e4tzliche Sicherheitsvorkehrungen wie von der Europ\u00e4ischen Kommission genehmigte Standardvertragsklauseln.<\/p>\n<p><strong>Ausdr\u00fcckliche Zustimmung zu Weiter\u00fcbermittlungen<\/strong><\/p>\n<p>Wir werden Ihre pers\u00f6nlichen Daten nicht an Dritte \u00fcbermitteln, ohne zuvor Ihre Zustimmung einzuholen, es sei denn, wir sind durch geltendes Recht dazu verpflichtet. Sie k\u00f6nnen Ihre Zustimmung jederzeit widerrufen, indem Sie uns eine E-Mail an\u00a0<a href=\"mailto:privacy@debiopharm.com\">privacy@debiopharm.com<\/a>\u00a0schicken.<\/p>\n<p>Bitte gew\u00e4hren Sie uns in jedem Fall eine angemessene Frist zur Bearbeitung Ihrer Antwort.<\/p>\n<p><strong>Unternehmens\u00fcbertragungen<\/strong><\/p>\n<p>Im Falle eines Zusammenschlusses, einer Aufl\u00f6sung oder eines \u00e4hnlichen Unternehmensereignisses oder des Verkaufs aller oder wesentlicher Teile unserer Verm\u00f6genswerte gehen wir davon aus, dass die von uns gesammelten Daten, einschliesslich personenbezogener Daten, an das \u00fcberlebende Unternehmen bei einem Zusammenschluss oder an das \u00fcbernehmende Unternehmen \u00fcbertragen werden. Alle derartigen \u00dcbertragungen unterliegen unseren Verpflichtungen in Bezug auf den Datenschutz und die Vertraulichkeit dieser personenbezogenen Daten, wie in dieser Datenschutzerkl\u00e4rung dargelegt.<\/p>\n<p><strong>Offenlegung gegen\u00fcber \u00f6ffentlichen Beh\u00f6rden<\/strong><\/p>\n<p>Wir sind verpflichtet, personenbezogene Daten auf rechtm\u00e4ssige Anfragen von Beh\u00f6rden hin offenzulegen, auch zur Erf\u00fcllung von Anforderungen der nationalen Sicherheit oder der Strafverfolgung. Wir k\u00f6nnen personenbezogene Daten auch an andere Dritte weitergeben, wenn wir von staatlichen Beh\u00f6rden dazu gezwungen werden oder dies gesetzlich oder durch Vorschriften vorgeschrieben ist, unter anderem als Reaktion auf gerichtliche Anordnungen und Vorladungen.<\/p>\n<p><strong>Wie wir personenbezogene Daten sch\u00fctzen; Ihre Rechte in Bezug auf Ihre Daten<\/strong><\/p>\n<p><strong>Zugang zu pers\u00f6nlichen Informationen<\/strong><\/p>\n<p>Auf Anfrage an\u00a0<a href=\"mailto:privacy@debiopharm.com\">privacy@debiopharm.com<\/a>\u00a0werden wir Ihnen best\u00e4tigen, ob wir Ihre personenbezogenen Daten verarbeiten, und Ihnen die Daten innerhalb eines angemessenen Zeitraums \u00fcbermitteln. In Ausnahmef\u00e4llen k\u00f6nnen wir die Zahlung einer Geb\u00fchr verlangen, um unsere Kosten f\u00fcr die Bereitstellung dieser Informationen zu decken.<\/p>\n<p><strong>Ihre Rechte<\/strong><\/p>\n<p>Sie haben das Recht, auf Ihre personenbezogenen Daten zuzugreifen, sie zu berichtigen, zu erg\u00e4nzen oder zu l\u00f6schen, wenn sie ungenau sind oder unter Verstoss gegen diese Datenschutzerkl\u00e4rung verarbeitet wurden. Sie haben auch das Recht, eine Kopie Ihrer personenbezogenen Daten in allgemein verst\u00e4ndlicher Form anzufordern und die Einschr\u00e4nkung der Verarbeitung Ihrer personenbezogenen Daten zu verlangen, wenn deren Richtigkeit oder Rechtm\u00e4ssigkeit bestritten wird.<\/p>\n<p>Wenden Sie sich bitte an <a href=\"mailto:privacy@debiopharm.com\">privacy@debiopharm.com<\/a> f\u00fcr Ihre Anfrage und gew\u00e4hren Sie uns eine angemessene Frist, um Ihre Anfragen und W\u00fcnsche zu beantworten.<\/p>\n<p><strong>Aufbewahrung von personenbezogenen Informationen<\/strong><\/p>\n<p>Wir bewahren Ihre personenbezogenen Daten in einer Form auf, die Sie identifiziert, jedoch nur so lange, wie es dem Zweck (den Zwecken) dient, f\u00fcr den (die) sie urspr\u00fcnglich, wie in dieser Datenschutzerkl\u00e4rung angegeben, erhoben wurden oder wie nachtr\u00e4glich genehmigt. Wir k\u00f6nnen Ihre personenbezogenen Daten f\u00fcr l\u00e4ngere Zeitr\u00e4ume weiterverarbeiten, jedoch nur f\u00fcr die Zeit und in dem Umfang, in dem eine solche Verarbeitung vern\u00fcnftigerweise den Zwecken der Archivierung im \u00f6ffentlichen Interesse \u2013 Journalismus, Literatur und Kunst, wissenschaftliche oder historische Forschung und statistische Analyse \u2013 dient und vorbehaltlich des Schutzes durch diese Datenschutzerkl\u00e4rung. Nach Ablauf dieser Fristen k\u00f6nnen wir Ihre personenbezogenen Daten entweder l\u00f6schen oder in einer Form aufbewahren, die keine R\u00fcckschl\u00fcsse auf Ihre Person zul\u00e4sst.<\/p>\n<p><strong>Wie wir Ihre Informationen sch\u00fctzen<\/strong><\/p>\n<p>Debiopharm nimmt die Sicherheit und den Schutz der personenbezogenen Daten, die sie gem\u00e4ss dieser Datenschutzerkl\u00e4rung erhebt, sehr ernst. Dementsprechend werden wir angemessene und geeignete Sicherheitsmassnahmen ergreifen, um Ihre personenbezogenen Daten vor Verlust, Missbrauch und unbefugtem Zugriff, Offenlegung, \u00c4nderung und Zerst\u00f6rung zu sch\u00fctzen, wobei die mit der Verarbeitung verbundenen Risiken und die Art dieser Daten ber\u00fccksichtigt werden, und die geltenden Gesetze und Vorschriften einhalten.<\/p>\n<p><strong>Kinder<\/strong><\/p>\n<p>Wir sammeln nicht wissentlich pers\u00f6nliche Daten von Kindern unter 16 Jahren \u00fcber die Website. Wenn Sie unter 16 sind, geben Sie uns bitte keine pers\u00f6nlichen Daten. Wir ermutigen Eltern und Erziehungsberechtigte, die Internetnutzung ihrer Kinder zu \u00fcberwachen und zur Durchsetzung unserer Datenschutzerkl\u00e4rung beizutragen, indem sie ihre Kinder anweisen, uns niemals ohne ihre Erlaubnis pers\u00f6nliche Daten zu \u00fcbermitteln. Wenn Sie Grund zu der Annahme haben, dass ein Kind unter 16 Jahren uns personenbezogene Daten zur Verf\u00fcgung gestellt hat, wenden Sie sich bitte an privacy@debiopharm.com, und wir werden uns bem\u00fchen, diese Daten aus unseren Datenbanken zu l\u00f6schen. Wenn wir Grund zu der Annahme haben, dass wir Daten von Kindern erfasst haben, werden wir geeignete Massnahmen ergreifen, um entweder die Zustimmung des Inhabers der elterlichen Verantwortung f\u00fcr das Kind einzuholen oder die Daten zu l\u00f6schen.<\/p>\n<p><strong>Links zu externen Websites<\/strong><\/p>\n<p>Die Website kann Links zu Websites von Dritten (\u00abexterne Websites\u00bb) enthalten. Debiopharm hat keine Kontrolle \u00fcber die Datenschutzpraktiken dieser externen Websites. Daher sind wir nicht f\u00fcr die Datenschutzrichtlinien dieser externen Websites verantwortlich. Sie sollten die jeweiligen Datenschutzerkl\u00e4rungen und Nutzungsbedingungen von Dritten pr\u00fcfen, wenn Sie externe Websites besuchen und bevor Sie pers\u00f6nliche Daten an diese externen Websites \u00fcbermitteln.<\/p>\n<p><strong>Wichtiger Hinweis f\u00fcr Einwohner des Europ\u00e4ischen Wirtschaftsraums und der Schweiz<\/strong><\/p>\n<p>Debiopharm h\u00e4lt sich an das Schweizerische Bundesgesetz \u00fcber den Datenschutz (DSG) und die Verordnung (EU) 2016\/679 (Datenschutz-Grundverordnung [GDPR]) bez\u00fcglich der Erhebung, Verwendung und Aufbewahrung personenbezogener Daten aus den Mitgliedstaaten der Europ\u00e4ischen Union sowie aus Island, Liechtenstein, Norwegen und der Schweiz. Wir bleiben haftbar, wenn unser Beauftragter solche personenbezogenen Daten in einer Weise verarbeitet, die nicht mit der GDPR vereinbar ist, es sei denn, wir weisen nach, dass wir nicht verantwortlich sind. Im Falle eines Widerspruchs zwischen dieser Datenschutzerkl\u00e4rung und der GDPR und\/oder dem DSG hat die GDPR und\/oder das DSG Vorrang.<\/p>\n<p>Debiopharm- verpflichtet sich, Beschwerden \u00fcber Ihre Privatsph\u00e4re und die Erhebung oder Verwendung Ihrer pers\u00f6nlichen Daten zu kl\u00e4ren.<\/p>\n<p>Wenn Sie mit der Art und Weise, wie Debiopharm mit Ihren personenbezogenen Daten umgeht, nicht zufrieden sind, k\u00f6nnen Sie eine Beschwerde bei der zust\u00e4ndigen Aufsichtsbeh\u00f6rde einreichen.<\/p>\n<p><strong>\u00c4nderungen an dieser Erkl\u00e4rung zum Datenschutz<\/strong><\/p>\n<p>Diese Datenschutzerkl\u00e4rung gilt ab dem Datum, das oben in dieser Datenschutzerkl\u00e4rung angegeben ist. Wir k\u00f6nnen diese Datenschutzerkl\u00e4rung von Zeit zu Zeit \u00e4ndern und werden alle \u00c4nderungen auf der Website ver\u00f6ffentlichen, sobald sie in Kraft treten. Durch den Zugriff auf die Website nach einer solchen \u00c4nderung dieser Datenschutzerkl\u00e4rung erkl\u00e4ren Sie sich mit den \u00c4nderungen einverstanden. Im Falle gr\u00f6sserer \u00c4nderungen werden wir Sie um eine zus\u00e4tzliche Zustimmung bitten. Bitte schauen Sie sich diese Datenschutzerkl\u00e4rung regelm\u00e4ssig an.<\/p>\n<p><strong>Wie Sie uns kontaktieren k\u00f6nnen<\/strong><\/p>\n<p>Wenn Sie Fragen zu dieser Datenschutzerkl\u00e4rung haben, senden Sie uns bitte eine E-Mail an privacy@debiopharm.com.<\/p>\n<p>Personen, die in eine von Debiopharm gesponserte klinische Studie eingeschrieben sind oder daran teilnehmen und ihren Wohnsitz in der Europ\u00e4ischen Union haben, k\u00f6nnen sich an Vivenics Consultancy B.V. wenden, die in Zusammenarbeit mit ihrem Partner AssureMore der Datenschutzbeauftragte von Debiopharm in der Europ\u00e4ischen Union sowie im Vereinigten K\u00f6nigreich ist. Vivenics Consultancy B.V. und AssureMore k\u00f6nnen in allen Fragen des Datenschutzes kontaktiert werden, auch um Auskunft \u00fcber personenbezogene Daten oder die Berichtigung personenbezogener Daten zu beantragen oder eine Einwilligung zu widerrufen.<\/p>\n<p><strong>Ansprechpartner in der Europ\u00e4ischen Union<\/strong><\/p>\n<p>Vivenics Consultancy B.V.<br \/>\nWethouder van Eschstraat 46<br \/>\n5342 AT Oss<br \/>\nNiederlande<br \/>\nE-Mail:\u00a0<a href=\"mailto:representative@vivenics.com\">representative@vivenics.com<\/a><\/p>\n<p>&nbsp;<\/p>\n<p><strong>Ansprechpartner<\/strong>\u00a0<strong>im Vereinigten K\u00f6nigreich<\/strong><\/p>\n<p>AssureMore<br \/>\n3 Diamond Avenue<br \/>\nBelfast BT10 0HG<br \/>\nNordirland, Vereinigtes K\u00f6nigreich<br \/>\nE-Mail: representative@assuremore.com<\/p>\n<p>Debiopharm kann in allen Fragen bez\u00fcglich des Datenschutzes kontaktiert werden unter:\u00a0<a href=\"mailto:privacy@debiopharm.com\">privacy@debiopharm.com<\/a>[\/vc_column_text][\/vc_column_inner][vc_column_inner width=&#8220;1\/12&#8243;][\/vc_column_inner][\/vc_row_inner][\/vc_column][\/vc_row]<\/p>\n<\/div>","protected":false},"excerpt":{"rendered":"<p>[vc_row full_width=&#8220;stretch_row&#8220; css=&#8220;.vc_custom_1668678132816{background-image: url(https:\/\/www.oncolifestyle.com\/wp-content\/uploads\/2022\/11\/banner-1.jpg?id=450) !important;background-position: center !important;background-repeat: no-repeat !important;background-size: cover !important;}&#8220;][vc_column width=&#8220;1\/3&#8243;][vc_custom_heading text=&#8220;Privacy policy&#8220; font_container=&#8220;tag:h1|font_size:72px|text_align:center|color:%23ffffff|line_height:72px&#8220; use_theme_fonts=&#8220;yes&#8220; css=&#8220;.vc_custom_1668677986521{margin-top: 145px !important;margin-bottom: 200px [&hellip;]<\/p>\n","protected":false},"author":1,"featured_media":0,"parent":0,"menu_order":0,"comment_status":"closed","ping_status":"open","template":"","meta":{"_acf_changed":false,"inline_featured_image":false,"footnotes":""},"class_list":["post-965","page","type-page","status-publish","hentry"],"acf":[],"yoast_head":"<!-- This site is optimized with the Yoast SEO plugin v23.8 - https:\/\/yoast.com\/wordpress\/plugins\/seo\/ -->\n<title>Datenschutzerkl\u00e4rung | Oncolifestyle<\/title>\n<meta name=\"description\" content=\"Erfahren Sie, wie Ihre personenbezogenen Daten erhoben, verwendet und gesch\u00fctzt werden und welche Datenschutzrechte Sie haben.\" \/>\n<meta name=\"robots\" content=\"index, follow, max-snippet:-1, max-image-preview:large, max-video-preview:-1\" \/>\n<link rel=\"canonical\" href=\"https:\/\/www.oncolifestyle.com\/de\/privacy-policy\/\" \/>\n<meta property=\"og:locale\" content=\"de_DE\" \/>\n<meta property=\"og:type\" content=\"article\" \/>\n<meta property=\"og:title\" content=\"Datenschutzerkl\u00e4rung | Oncolifestyle\" \/>\n<meta property=\"og:description\" content=\"Erfahren Sie, wie Ihre personenbezogenen Daten erhoben, verwendet und gesch\u00fctzt werden und welche Datenschutzrechte Sie haben.\" \/>\n<meta property=\"og:url\" content=\"https:\/\/www.oncolifestyle.com\/de\/privacy-policy\/\" \/>\n<meta property=\"og:site_name\" content=\"Oncolifestyle\" \/>\n<meta property=\"article:modified_time\" content=\"2024-05-15T09:41:24+00:00\" \/>\n<meta name=\"twitter:card\" content=\"summary_large_image\" \/>\n<meta name=\"twitter:label1\" content=\"Gesch\u00e4tzte Lesezeit\" \/>\n\t<meta name=\"twitter:data1\" content=\"3\u00a0Minuten\" \/>\n<script type=\"application\/ld+json\" class=\"yoast-schema-graph\">{\"@context\":\"https:\/\/schema.org\",\"@graph\":[{\"@type\":\"WebPage\",\"@id\":\"https:\/\/www.oncolifestyle.com\/de\/privacy-policy\/\",\"url\":\"https:\/\/www.oncolifestyle.com\/de\/privacy-policy\/\",\"name\":\"Datenschutzerkl\u00e4rung | Oncolifestyle\",\"isPartOf\":{\"@id\":\"https:\/\/www.oncolifestyle.com\/de\/#website\"},\"datePublished\":\"2022-07-26T12:58:38+00:00\",\"dateModified\":\"2024-05-15T09:41:24+00:00\",\"description\":\"Erfahren Sie, wie Ihre personenbezogenen Daten erhoben, verwendet und gesch\u00fctzt werden und welche Datenschutzrechte Sie haben.\",\"breadcrumb\":{\"@id\":\"https:\/\/www.oncolifestyle.com\/de\/privacy-policy\/#breadcrumb\"},\"inLanguage\":\"de\",\"potentialAction\":[{\"@type\":\"ReadAction\",\"target\":[\"https:\/\/www.oncolifestyle.com\/de\/privacy-policy\/\"]}]},{\"@type\":\"BreadcrumbList\",\"@id\":\"https:\/\/www.oncolifestyle.com\/de\/privacy-policy\/#breadcrumb\",\"itemListElement\":[{\"@type\":\"ListItem\",\"position\":1,\"name\":\"Home\",\"item\":\"https:\/\/www.oncolifestyle.com\/de\/\"},{\"@type\":\"ListItem\",\"position\":2,\"name\":\"Privacy Policy\"}]},{\"@type\":\"WebSite\",\"@id\":\"https:\/\/www.oncolifestyle.com\/de\/#website\",\"url\":\"https:\/\/www.oncolifestyle.com\/de\/\",\"name\":\"Oncolifestyle\",\"description\":\"Helping people with cancer live well\",\"publisher\":{\"@id\":\"https:\/\/www.oncolifestyle.com\/de\/#organization\"},\"potentialAction\":[{\"@type\":\"SearchAction\",\"target\":{\"@type\":\"EntryPoint\",\"urlTemplate\":\"https:\/\/www.oncolifestyle.com\/de\/?s={search_term_string}\"},\"query-input\":{\"@type\":\"PropertyValueSpecification\",\"valueRequired\":true,\"valueName\":\"search_term_string\"}}],\"inLanguage\":\"de\"},{\"@type\":\"Organization\",\"@id\":\"https:\/\/www.oncolifestyle.com\/de\/#organization\",\"name\":\"Oncolifestyle\",\"url\":\"https:\/\/www.oncolifestyle.com\/de\/\",\"logo\":{\"@type\":\"ImageObject\",\"inLanguage\":\"de\",\"@id\":\"https:\/\/www.oncolifestyle.com\/de\/#\/schema\/logo\/image\/\",\"url\":\"https:\/\/www.oncolifestyle.com\/wp-content\/uploads\/2022\/08\/ONCO_LOGO_RGB_horizontal.png\",\"contentUrl\":\"https:\/\/www.oncolifestyle.com\/wp-content\/uploads\/2022\/08\/ONCO_LOGO_RGB_horizontal.png\",\"width\":2062,\"height\":434,\"caption\":\"Oncolifestyle\"},\"image\":{\"@id\":\"https:\/\/www.oncolifestyle.com\/de\/#\/schema\/logo\/image\/\"}}]}<\/script>\n<!-- \/ Yoast SEO plugin. -->","yoast_head_json":{"title":"Datenschutzerkl\u00e4rung | Oncolifestyle","description":"Erfahren Sie, wie Ihre personenbezogenen Daten erhoben, verwendet und gesch\u00fctzt werden und welche Datenschutzrechte Sie haben.","robots":{"index":"index","follow":"follow","max-snippet":"max-snippet:-1","max-image-preview":"max-image-preview:large","max-video-preview":"max-video-preview:-1"},"canonical":"https:\/\/www.oncolifestyle.com\/de\/privacy-policy\/","og_locale":"de_DE","og_type":"article","og_title":"Datenschutzerkl\u00e4rung | Oncolifestyle","og_description":"Erfahren Sie, wie Ihre personenbezogenen Daten erhoben, verwendet und gesch\u00fctzt werden und welche Datenschutzrechte Sie haben.","og_url":"https:\/\/www.oncolifestyle.com\/de\/privacy-policy\/","og_site_name":"Oncolifestyle","article_modified_time":"2024-05-15T09:41:24+00:00","twitter_card":"summary_large_image","twitter_misc":{"Gesch\u00e4tzte Lesezeit":"3\u00a0Minuten"},"schema":{"@context":"https:\/\/schema.org","@graph":[{"@type":"WebPage","@id":"https:\/\/www.oncolifestyle.com\/de\/privacy-policy\/","url":"https:\/\/www.oncolifestyle.com\/de\/privacy-policy\/","name":"Datenschutzerkl\u00e4rung | Oncolifestyle","isPartOf":{"@id":"https:\/\/www.oncolifestyle.com\/de\/#website"},"datePublished":"2022-07-26T12:58:38+00:00","dateModified":"2024-05-15T09:41:24+00:00","description":"Erfahren Sie, wie Ihre personenbezogenen Daten erhoben, verwendet und gesch\u00fctzt werden und welche Datenschutzrechte Sie haben.","breadcrumb":{"@id":"https:\/\/www.oncolifestyle.com\/de\/privacy-policy\/#breadcrumb"},"inLanguage":"de","potentialAction":[{"@type":"ReadAction","target":["https:\/\/www.oncolifestyle.com\/de\/privacy-policy\/"]}]},{"@type":"BreadcrumbList","@id":"https:\/\/www.oncolifestyle.com\/de\/privacy-policy\/#breadcrumb","itemListElement":[{"@type":"ListItem","position":1,"name":"Home","item":"https:\/\/www.oncolifestyle.com\/de\/"},{"@type":"ListItem","position":2,"name":"Privacy Policy"}]},{"@type":"WebSite","@id":"https:\/\/www.oncolifestyle.com\/de\/#website","url":"https:\/\/www.oncolifestyle.com\/de\/","name":"Oncolifestyle","description":"Helping people with cancer live well","publisher":{"@id":"https:\/\/www.oncolifestyle.com\/de\/#organization"},"potentialAction":[{"@type":"SearchAction","target":{"@type":"EntryPoint","urlTemplate":"https:\/\/www.oncolifestyle.com\/de\/?s={search_term_string}"},"query-input":{"@type":"PropertyValueSpecification","valueRequired":true,"valueName":"search_term_string"}}],"inLanguage":"de"},{"@type":"Organization","@id":"https:\/\/www.oncolifestyle.com\/de\/#organization","name":"Oncolifestyle","url":"https:\/\/www.oncolifestyle.com\/de\/","logo":{"@type":"ImageObject","inLanguage":"de","@id":"https:\/\/www.oncolifestyle.com\/de\/#\/schema\/logo\/image\/","url":"https:\/\/www.oncolifestyle.com\/wp-content\/uploads\/2022\/08\/ONCO_LOGO_RGB_horizontal.png","contentUrl":"https:\/\/www.oncolifestyle.com\/wp-content\/uploads\/2022\/08\/ONCO_LOGO_RGB_horizontal.png","width":2062,"height":434,"caption":"Oncolifestyle"},"image":{"@id":"https:\/\/www.oncolifestyle.com\/de\/#\/schema\/logo\/image\/"}}]}},"_links":{"self":[{"href":"https:\/\/www.oncolifestyle.com\/de\/wp-json\/wp\/v2\/pages\/965","targetHints":{"allow":["GET"]}}],"collection":[{"href":"https:\/\/www.oncolifestyle.com\/de\/wp-json\/wp\/v2\/pages"}],"about":[{"href":"https:\/\/www.oncolifestyle.com\/de\/wp-json\/wp\/v2\/types\/page"}],"author":[{"embeddable":true,"href":"https:\/\/www.oncolifestyle.com\/de\/wp-json\/wp\/v2\/users\/1"}],"replies":[{"embeddable":true,"href":"https:\/\/www.oncolifestyle.com\/de\/wp-json\/wp\/v2\/comments?post=965"}],"version-history":[{"count":6,"href":"https:\/\/www.oncolifestyle.com\/de\/wp-json\/wp\/v2\/pages\/965\/revisions"}],"predecessor-version":[{"id":1994,"href":"https:\/\/www.oncolifestyle.com\/de\/wp-json\/wp\/v2\/pages\/965\/revisions\/1994"}],"wp:attachment":[{"href":"https:\/\/www.oncolifestyle.com\/de\/wp-json\/wp\/v2\/media?parent=965"}],"curies":[{"name":"wp","href":"https:\/\/api.w.org\/{rel}","templated":true}]}}