{"id":1692,"date":"2022-08-08T09:31:23","date_gmt":"2022-08-08T09:31:23","guid":{"rendered":"https:\/\/www.oncolifestyle.com\/prostate-cancer\/"},"modified":"2024-12-02T13:45:07","modified_gmt":"2024-12-02T13:45:07","slug":"cancer-de-prostata","status":"publish","type":"page","link":"https:\/\/www.oncolifestyle.com\/es\/cancer-de-prostata\/","title":{"rendered":"C\u00e1ncer de Pr\u00f3stata"},"content":{"rendered":"<div class=\"wpb-content-wrapper\"><p>[vc_row full_width=\u00bbstretch_row\u00bb css=\u00bb.vc_custom_1731339146710{background-image: url(https:\/\/www.oncolifestyle.com\/wp-content\/uploads\/2022\/08\/banner-prostate.jpg?id=106) !important;background-position: center !important;background-repeat: no-repeat !important;background-size: cover !important;}\u00bb el_class=\u00bbpage-banner\u00bb][vc_column width=\u00bb1\/12&#8243;][\/vc_column][vc_column width=\u00bb10\/12&#8243;][vc_empty_space height=\u00bb23vw\u00bb][vc_custom_heading text=\u00bbC\u00e1ncer de Pr\u00f3stata\u00bb font_container=\u00bbtag:h1|text_align:left|color:%23ffffff\u00bb use_theme_fonts=\u00bbyes\u00bb css=\u00bb.vc_custom_1733146480609{margin-top: 0px !important;}\u00bb][vc_empty_space height=\u00bb5vw\u00bb][\/vc_column][vc_column width=\u00bb1\/12&#8243;][\/vc_column][\/vc_row][vc_row][vc_column width=\u00bb1\/12&#8243;][\/vc_column][vc_column width=\u00bb1\/2&#8243;][vc_column_text el_class=\u00bbbreadcrumbs\u00bb]<!-- Breadcrumb NavXT 7.3.1 -->\n<span property=\"itemListElement\" typeof=\"ListItem\"><a property=\"item\" typeof=\"WebPage\" title=\"Ir a Oncolifestyle.\" href=\"https:\/\/www.oncolifestyle.com\/es\/\" class=\"home\" aria-current=\"page\"><span property=\"name\">Oncolifestyle<\/span><\/a><meta property=\"position\" content=\"1\"><\/span>[\/vc_column_text][vc_column_text css=\u00bb.vc_custom_1733146592285{margin-top: 50px !important;}\u00bb]<\/p>\n<h6 class=\"green-pill\">Sobre el C\u00e1ncer de Pr\u00f3stata<\/h6>\n<h2>La vida m\u00e1s all\u00e1 de su diagn\u00f3stico de c\u00e1ncer de pr\u00f3stata<\/h2>\n<p>&nbsp;<\/p>\n<p>Aunque es posible que experimente conmoci\u00f3n o angustia ante su diagn\u00f3stico, a\u00fan hay lugar para el optimismo. En la mayor\u00eda de los casos, el c\u00e1ncer de pr\u00f3stata progresa lentamente y puede disfrutar de una buena calidad de vida durante muchos a\u00f1os.<\/p>\n<p>En Oncolifestyle, estamos aqu\u00ed para ayudarle a encontrar nuevas formas de vivir bien mientras convive con c\u00e1ncer de pr\u00f3stata y despu\u00e9s.[\/vc_column_text][\/vc_column][vc_column width=\u00bb5\/12&#8243;][vc_single_image image=\u00bb114&#8243; img_size=\u00bblarge\u00bb el_class=\u00bbpage-circle-image\u00bb][\/vc_column][\/vc_row][vc_row css=\u00bb.vc_custom_1731416741759{padding-top: 100px !important;padding-bottom: 100px !important;}\u00bb][vc_column width=\u00bb2\/12&#8243;][\/vc_column][vc_column width=\u00bb8\/12&#8243;][vc_custom_heading text=\u00bbDisfrute de los beneficios de un viaje activo contra el c\u00e1ncer\u00bb font_container=\u00bbtag:h2|text_align:center\u00bb use_theme_fonts=\u00bbyes\u00bb el_class=\u00bbaccent-line center\u00bb][vc_column_text]<\/p>\n<p style=\"text-align: center;\">Iniciar una conversaci\u00f3n sobre el c\u00e1ncer de pr\u00f3stata no es f\u00e1cil. Tanto si est\u00e1 decidiendo someterse a un examen de detecci\u00f3n como si simplemente quiere saber m\u00e1s, estamos aqu\u00ed para ayudarle a encontrar la informaci\u00f3n que necesita para apoyarle a convivir con el c\u00e1ncer.<br \/>\nCuanta m\u00e1s informaci\u00f3n tenga, mejor preparado estar\u00e1 para vivir positivamente y descubrir la vida despu\u00e9s de su diagn\u00f3stico de c\u00e1ncer de pr\u00f3stata.<\/p>\n<p>[\/vc_column_text][vc_btn title=\u00bbM\u00c1S INFORMACI\u00d3N SOBRE EL C\u00c1NCER DE PR\u00d3STATA\u00bb style=\u00bbclassic\u00bb shape=\u00bbround\u00bb color=\u00bbsuccess\u00bb align=\u00bbcenter\u00bb link=\u00bburl:https%3A%2F%2Fwww.oncolifestyle.com%2Fes%2Facerca-del-cancer-de-prostata%2F|title:Acerca%20del%20c%C3%A1ncer%20de%20pr%C3%B3stata\u00bb el_class=\u00bbview-more-articles\u00bb][\/vc_column][vc_column width=\u00bb2\/12&#8243;][\/vc_column][\/vc_row][vc_row][vc_column][vc_custom_heading text=\u00bbTodo lo que necesita saber\u00bb font_container=\u00bbtag:h2|text_align:center\u00bb use_theme_fonts=\u00bbyes\u00bb el_class=\u00bbaccent-line center\u00bb css=\u00bb.vc_custom_1733146705505{margin-top: 100px !important;padding-bottom: 150px !important;}\u00bb][\/vc_column][\/vc_row][vc_row gap=\u00bb30&#8243; equal_height=\u00bbyes\u00bb css=\u00bb.vc_custom_1731338135175{padding-bottom: 100px !important;background-image: url(https:\/\/www.oncolifestyle.com\/wp-content\/uploads\/2022\/08\/news-bg.jpg?id=148) !important;background-position: center !important;background-repeat: no-repeat !important;background-size: cover !important;}\u00bb el_class=\u00bbexplore-cards\u00bb][vc_column width=\u00bb1\/4&#8243; css=\u00bb.vc_custom_1731343083504{margin-top: -100px !important;background-image: url(https:\/\/www.oncolifestyle.com\/wp-content\/uploads\/2024\/11\/pc-nutrition-card-bg-1.jpg?id=2860) !important;background-position: center !important;background-repeat: no-repeat !important;background-size: cover !important;}\u00bb el_class=\u00bbhome-cards\u00bb][vc_single_image image=\u00bb2880&#8243; img_size=\u00bbfull\u00bb alignment=\u00bbright\u00bb][vc_column_text]<\/p>\n<h4>NUTRICI\u00d3N<\/h4>\n<p class=\"p1\">Comer bien para vivir bien<\/p>\n<p>[\/vc_column_text][vc_btn title=\u00bbM\u00e1s informaci\u00f3n\u00bb style=\u00bbclassic\u00bb shape=\u00bbsquare\u00bb color=\u00bbwhite\u00bb link=\u00bburl:https%3A%2F%2Fwww.oncolifestyle.com%2Fes%2Fprostate-cancer%2Fnutricion%2F|title:Nutrition\u00bb][\/vc_column][vc_column width=\u00bb1\/4&#8243; css=\u00bb.vc_custom_1731343110118{margin-top: -100px !important;background-image: url(https:\/\/www.oncolifestyle.com\/wp-content\/uploads\/2024\/11\/pc-physical-activity-card-bg-1.jpg?id=2866) !important;}\u00bb el_class=\u00bbhome-cards\u00bb][vc_single_image image=\u00bb2886&#8243; img_size=\u00bbfull\u00bb alignment=\u00bbright\u00bb][vc_column_text]<\/p>\n<h4>ACTIVIDAD F\u00cdSICA<\/h4>\n<p>\u00bfC\u00f3mo le ayuda el ejercicio f\u00edsico a afrontar su tratamiento?[\/vc_column_text][vc_btn title=\u00bbM\u00e1s informaci\u00f3n\u00bb style=\u00bbclassic\u00bb shape=\u00bbsquare\u00bb color=\u00bbwhite\u00bb link=\u00bburl:https%3A%2F%2Fwww.oncolifestyle.com%2Fes%2Fprostate-cancer%2Factividad-fisica%2F|title:Mental%20health\u00bb][\/vc_column][vc_column width=\u00bb1\/4&#8243; el_class=\u00bbhome-cards\u00bb css=\u00bb.vc_custom_1731343123769{margin-top: -100px !important;background-image: url(https:\/\/www.oncolifestyle.com\/wp-content\/uploads\/2024\/11\/pc-mental-health-card-bg-1.jpg?id=2854) !important;background-position: center !important;background-repeat: no-repeat !important;background-size: cover !important;}\u00bb][vc_single_image image=\u00bb2812&#8243; img_size=\u00bb210&#215;240&#8243; alignment=\u00bbright\u00bb][vc_column_text]<\/p>\n<h4>SALUD MENTAL<\/h4>\n<p class=\"p1\">\u00bfC\u00f3mo pueden el c\u00e1ncer de pr\u00f3stata y el tratamiento afectar a su cerebro?<\/p>\n<p>[\/vc_column_text][vc_btn title=\u00bbM\u00e1s informaci\u00f3n\u00bb style=\u00bbclassic\u00bb shape=\u00bbsquare\u00bb color=\u00bbwhite\u00bb link=\u00bburl:https%3A%2F%2Fwww.oncolifestyle.com%2Fes%2Fprostate-cancer%2Fsalud-mental%2F|title:Mental%20health\u00bb][\/vc_column][vc_column width=\u00bb1\/4&#8243; el_class=\u00bbhome-cards\u00bb css=\u00bb.vc_custom_1731343135903{margin-top: -100px !important;background-image: url(https:\/\/www.oncolifestyle.com\/wp-content\/uploads\/2024\/11\/pc-sexual-health-card-bg-1.jpg?id=2872) !important;background-position: center !important;background-repeat: no-repeat !important;background-size: cover !important;}\u00bb][vc_single_image image=\u00bb2848&#8243; img_size=\u00bb210&#215;240&#8243; alignment=\u00bbright\u00bb][vc_column_text]<\/p>\n<h4>SALUD SEXUAL<\/h4>\n<p class=\"p1\">El c\u00e1ncer de pr\u00f3stata y una vida sexual sana<\/p>\n<p>[\/vc_column_text][vc_btn title=\u00bbM\u00e1s informaci\u00f3n\u00bb style=\u00bbclassic\u00bb shape=\u00bbsquare\u00bb color=\u00bbwhite\u00bb link=\u00bburl:https%3A%2F%2Fwww.oncolifestyle.com%2Fes%2Fprostate-cancer%2Fsalud-sexual%2F|title:Mental%20health\u00bb][\/vc_column][\/vc_row][vc_row][vc_column][vc_custom_heading text=\u00bbDescubra las novedades\u00bb font_container=\u00bbtag:h2|text_align:center\u00bb use_theme_fonts=\u00bbyes\u00bb el_class=\u00bbaccent-line center\u00bb css=\u00bb.vc_custom_1733147039887{margin-top: 100px !important;margin-bottom: 100px !important;}\u00bb][\/vc_column][\/vc_row][vc_row][vc_column][vc_column_text]<div class=\"category-filter-bar\" data-container-id=\"ajax-posts-container-2196129522\" data-posts-per-page=\"5\" data-limit=\"100\"><span>Filtrar por:<\/span> <a href=\"#\" class=\"filter-link active\" data-category=\"76,153,74,79,155\">Todos<\/a> <a href=\"#\" class=\"filter-link\" data-category=\"76\">Actividad f\u00edsica<\/a> <a href=\"#\" class=\"filter-link\" data-category=\"74\">Nutrici\u00f3n<\/a> <a href=\"#\" class=\"filter-link\" data-category=\"79\">Salud mental<\/a> <a href=\"#\" class=\"filter-link\" data-category=\"155\">Salud sexual<\/a> <\/div><div class=\"ajax-posts-container feature-first\" id=\"ajax-posts-container-2196129522\" data-feature-first=\"true\"><div class=\"custom-post-grid\" data-categories=\"76,153,74,79,155\" data-active-categories=\"76,153,74,79,155\" data-posts-per-page=\"5\" data-limit=\"100\" data-paged=\"1\">\t\t\t<div class=\"custom-post-card\">\n\t\t\t\t\t\t\t\t\t<a class=\"post-thumbnail-wrapper\" href=\"https:\/\/www.oncolifestyle.com\/es\/cancer-de-prostata\/understanding-prostate-cancer-in-9-questions\/\">\n\t\t\t\t\t\t<img decoding=\"async\" src=\"https:\/\/www.oncolifestyle.com\/wp-content\/uploads\/2022\/11\/banner-about.jpg\" alt=\"Entender el c\u00e1ncer de pr\u00f3stata en 9 preguntas\" class=\"post-thumbnail\" \/>\n\t\t\t\t\t<\/a>\n\t\t\t\t\t\t\t\t<div class=\"post-content\">\n\t\t\t\t\t\t\t\t\t\t\t<span class=\"post-category green-pill\">Prostate cancer<\/span>\n\t\t\t\t\t\t\t\t\t\n\t\t\t\t\t<h2 class=\"post-title\"><a href=\"https:\/\/www.oncolifestyle.com\/es\/cancer-de-prostata\/understanding-prostate-cancer-in-9-questions\/\">Entender el c\u00e1ncer de pr\u00f3stata en 9 preguntas<\/a><\/h2>\n\t\t\t\t\t<a href=\"https:\/\/www.oncolifestyle.com\/es\/cancer-de-prostata\/understanding-prostate-cancer-in-9-questions\/\" class=\"read-more\">Aprender m\u00e1s<\/a>\n\t\t\t\t<\/div>\n\t\t\t<\/div>\n\t\t\t\t\t\t<div class=\"custom-post-card\">\n\t\t\t\t\t\t\t\t\t<a class=\"post-thumbnail-wrapper\" href=\"https:\/\/www.oncolifestyle.com\/es\/salud-sexual\/orientacion-y-ayuda\/\">\n\t\t\t\t\t\t<img decoding=\"async\" src=\"https:\/\/www.oncolifestyle.com\/wp-content\/uploads\/2024\/11\/marriage-counselor-taking-notes-while-having-meeting-with-couple-office.jpg\" alt=\"Orientaci\u00f3n y ayuda\" class=\"post-thumbnail\" \/>\n\t\t\t\t\t<\/a>\n\t\t\t\t\t\t\t\t<div class=\"post-content\">\n\t\t\t\t\t\t\t\t\t\t\t<span class=\"post-category green-pill\">Salud sexual<\/span>\n\t\t\t\t\t\t\t\t\t\n\t\t\t\t\t<h2 class=\"post-title\"><a href=\"https:\/\/www.oncolifestyle.com\/es\/salud-sexual\/orientacion-y-ayuda\/\">Orientaci\u00f3n y ayuda<\/a><\/h2>\n\t\t\t\t\t<a href=\"https:\/\/www.oncolifestyle.com\/es\/salud-sexual\/orientacion-y-ayuda\/\" class=\"read-more\">Aprender m\u00e1s<\/a>\n\t\t\t\t<\/div>\n\t\t\t<\/div>\n\t\t\t\t\t\t<div class=\"custom-post-card\">\n\t\t\t\t\t\t\t\t\t<a class=\"post-thumbnail-wrapper\" href=\"https:\/\/www.oncolifestyle.com\/es\/salud-sexual\/ten-mas-intimidad-con-tu-pareja\/\">\n\t\t\t\t\t\t<img decoding=\"async\" src=\"https:\/\/www.oncolifestyle.com\/wp-content\/uploads\/2024\/11\/couple-sits-bench-park-smiling-looking-each-other.jpg\" alt=\"Ten m\u00e1s intimidad con tu pareja\" class=\"post-thumbnail\" \/>\n\t\t\t\t\t<\/a>\n\t\t\t\t\t\t\t\t<div class=\"post-content\">\n\t\t\t\t\t\t\t\t\t\t\t<span class=\"post-category green-pill\">Salud sexual<\/span>\n\t\t\t\t\t\t\t\t\t\n\t\t\t\t\t<h2 class=\"post-title\"><a href=\"https:\/\/www.oncolifestyle.com\/es\/salud-sexual\/ten-mas-intimidad-con-tu-pareja\/\">Ten m\u00e1s intimidad con tu pareja<\/a><\/h2>\n\t\t\t\t\t<a href=\"https:\/\/www.oncolifestyle.com\/es\/salud-sexual\/ten-mas-intimidad-con-tu-pareja\/\" class=\"read-more\">Aprender m\u00e1s<\/a>\n\t\t\t\t<\/div>\n\t\t\t<\/div>\n\t\t\t\t\t\t<div class=\"custom-post-card\">\n\t\t\t\t\t\t\t\t\t<a class=\"post-thumbnail-wrapper\" href=\"https:\/\/www.oncolifestyle.com\/es\/salud-sexual\/tratamiento-de-la-disfuncion-erectil\/\">\n\t\t\t\t\t\t<img decoding=\"async\" src=\"https:\/\/www.oncolifestyle.com\/wp-content\/uploads\/2024\/11\/medium-shot-smiley-people-hugging.jpg\" alt=\"Tratamiento de la disfunci\u00f3n er\u00e9ctil\" class=\"post-thumbnail\" \/>\n\t\t\t\t\t<\/a>\n\t\t\t\t\t\t\t\t<div class=\"post-content\">\n\t\t\t\t\t\t\t\t\t\t\t<span class=\"post-category green-pill\">Salud sexual<\/span>\n\t\t\t\t\t\t\t\t\t\n\t\t\t\t\t<h2 class=\"post-title\"><a href=\"https:\/\/www.oncolifestyle.com\/es\/salud-sexual\/tratamiento-de-la-disfuncion-erectil\/\">Tratamiento de la disfunci\u00f3n er\u00e9ctil<\/a><\/h2>\n\t\t\t\t\t<a href=\"https:\/\/www.oncolifestyle.com\/es\/salud-sexual\/tratamiento-de-la-disfuncion-erectil\/\" class=\"read-more\">Aprender m\u00e1s<\/a>\n\t\t\t\t<\/div>\n\t\t\t<\/div>\n\t\t\t\t\t\t<div class=\"custom-post-card\">\n\t\t\t\t\t\t\t\t\t<a class=\"post-thumbnail-wrapper\" href=\"https:\/\/www.oncolifestyle.com\/es\/salud-mental-es\/hacer-frente-al-cancer\/\">\n\t\t\t\t\t\t<img decoding=\"async\" src=\"https:\/\/www.oncolifestyle.com\/wp-content\/uploads\/2024\/11\/shutterstock_2476888627.jpg\" alt=\"Hacer frente al c\u00e1ncer\" class=\"post-thumbnail\" \/>\n\t\t\t\t\t<\/a>\n\t\t\t\t\t\t\t\t<div class=\"post-content\">\n\t\t\t\t\t\t\t\t\t\t\t<span class=\"post-category green-pill\">Act\u00fae<\/span>\n\t\t\t\t\t\t\t\t\t\n\t\t\t\t\t<h2 class=\"post-title\"><a href=\"https:\/\/www.oncolifestyle.com\/es\/salud-mental-es\/hacer-frente-al-cancer\/\">Hacer frente al c\u00e1ncer<\/a><\/h2>\n\t\t\t\t\t<a href=\"https:\/\/www.oncolifestyle.com\/es\/salud-mental-es\/hacer-frente-al-cancer\/\" class=\"read-more\">Aprender m\u00e1s<\/a>\n\t\t\t\t<\/div>\n\t\t\t<\/div>\n\t\t\t<\/div>\n\t\t<div class=\"vc_btn3-container  view-more-articles vc_btn3-center\" style=\"margin-top: 20px;\">\n\t\t\t<button class=\"load-more vc_general vc_btn3 vc_btn3-size-md vc_btn3-shape-round vc_btn3-style-classic vc_btn3-color-danger\" data-paged=\"2\">Ver m\u00e1s art\u00edculos<\/button>\n\t\t<\/div> <\/div>[\/vc_column_text][\/vc_column][\/vc_row][vc_row css=\u00bb.vc_custom_1731277799166{padding-top: 100px !important;padding-bottom: 100px !important;}\u00bb][vc_column width=\u00bb1\/12&#8243;][\/vc_column][vc_column width=\u00bb10\/12&#8243;][vc_custom_heading text=\u00bbInformaci\u00f3n fiable\u00bb font_container=\u00bbtag:h2|text_align:center\u00bb use_theme_fonts=\u00bbyes\u00bb el_class=\u00bbaccent-line center size-sm\u00bb][vc_column_text]<\/p>\n<p style=\"text-align: center;\">Con tantas opiniones disponibles, puede ser dif\u00edcil saber a qui\u00e9n seguir. En Oncolifestyle hacemos todo lo posible por ofrecerle informaci\u00f3n basada en pruebas que se ha investigado cuidadosamente pensando en su salud.<\/p>\n<p>[\/vc_column_text][\/vc_column][vc_column width=\u00bb1\/12&#8243;][\/vc_column][\/vc_row]<\/p>\n<\/div>","protected":false},"excerpt":{"rendered":"<p>[vc_row full_width=\u00bbstretch_row\u00bb css=\u00bb.vc_custom_1731339146710{background-image: url(https:\/\/www.oncolifestyle.com\/wp-content\/uploads\/2022\/08\/banner-prostate.jpg?id=106) !important;background-position: center !important;background-repeat: no-repeat !important;background-size: cover !important;}\u00bb el_class=\u00bbpage-banner\u00bb][vc_column width=\u00bb1\/12&#8243;][\/vc_column][vc_column width=\u00bb10\/12&#8243;][vc_empty_space height=\u00bb23vw\u00bb][vc_custom_heading text=\u00bbC\u00e1ncer de Pr\u00f3stata\u00bb font_container=\u00bbtag:h1|text_align:left|color:%23ffffff\u00bb use_theme_fonts=\u00bbyes\u00bb [&hellip;]<\/p>\n","protected":false},"author":1,"featured_media":0,"parent":0,"menu_order":0,"comment_status":"closed","ping_status":"closed","template":"template-fullwidth.php","meta":{"_acf_changed":false,"inline_featured_image":false,"footnotes":""},"class_list":["post-1692","page","type-page","status-publish","hentry"],"acf":[],"yoast_head":"<!-- This site is optimized with the Yoast SEO plugin v23.8 - https:\/\/yoast.com\/wordpress\/plugins\/seo\/ -->\n<title>C\u00e1ncer de pr\u00f3stata: informaci\u00f3n, apoyo y calidad de vida | Oncolifestyle<\/title>\n<meta name=\"description\" content=\"Accessible, evidence-based information to help you take an active role in your cancer journey, make positive lifestyle choices, and improve your quality of life.\" \/>\n<meta name=\"robots\" content=\"index, follow, max-snippet:-1, max-image-preview:large, max-video-preview:-1\" \/>\n<link rel=\"canonical\" href=\"https:\/\/www.oncolifestyle.com\/es\/cancer-de-prostata\/\" \/>\n<meta property=\"og:locale\" content=\"es_ES\" \/>\n<meta property=\"og:type\" content=\"article\" \/>\n<meta property=\"og:title\" content=\"C\u00e1ncer de pr\u00f3stata: informaci\u00f3n, apoyo y calidad de vida | Oncolifestyle\" \/>\n<meta property=\"og:description\" content=\"Accessible, evidence-based information to help you take an active role in your cancer journey, make positive lifestyle choices, and improve your quality of life.\" \/>\n<meta property=\"og:url\" content=\"https:\/\/www.oncolifestyle.com\/es\/cancer-de-prostata\/\" \/>\n<meta property=\"og:site_name\" content=\"Oncolifestyle\" \/>\n<meta property=\"article:modified_time\" content=\"2024-12-02T13:45:07+00:00\" \/>\n<meta property=\"og:image\" content=\"https:\/\/www.oncolifestyle.com\/wp-content\/uploads\/2023\/07\/Oncolifestyle_Social-media-tile_1.png\" \/>\n\t<meta property=\"og:image:width\" content=\"2400\" \/>\n\t<meta property=\"og:image:height\" content=\"1254\" \/>\n\t<meta property=\"og:image:type\" content=\"image\/png\" \/>\n<meta name=\"twitter:card\" content=\"summary_large_image\" \/>\n<meta name=\"twitter:image\" content=\"https:\/\/www.oncolifestyle.com\/wp-content\/uploads\/2023\/07\/Oncolifestyle_Social-media-tile_1.png\" \/>\n<meta name=\"twitter:label1\" content=\"Tiempo de lectura\" \/>\n\t<meta name=\"twitter:data1\" content=\"3 minutos\" \/>\n<script type=\"application\/ld+json\" class=\"yoast-schema-graph\">{\"@context\":\"https:\/\/schema.org\",\"@graph\":[{\"@type\":\"WebPage\",\"@id\":\"https:\/\/www.oncolifestyle.com\/es\/cancer-de-prostata\/\",\"url\":\"https:\/\/www.oncolifestyle.com\/es\/cancer-de-prostata\/\",\"name\":\"C\u00e1ncer de pr\u00f3stata: informaci\u00f3n, apoyo y calidad de vida | Oncolifestyle\",\"isPartOf\":{\"@id\":\"https:\/\/www.oncolifestyle.com\/es\/#website\"},\"datePublished\":\"2022-08-08T09:31:23+00:00\",\"dateModified\":\"2024-12-02T13:45:07+00:00\",\"description\":\"Accessible, evidence-based information to help you take an active role in your cancer journey, make positive lifestyle choices, and improve your quality of life.\",\"breadcrumb\":{\"@id\":\"https:\/\/www.oncolifestyle.com\/es\/cancer-de-prostata\/#breadcrumb\"},\"inLanguage\":\"es\",\"potentialAction\":[{\"@type\":\"ReadAction\",\"target\":[\"https:\/\/www.oncolifestyle.com\/es\/cancer-de-prostata\/\"]}]},{\"@type\":\"BreadcrumbList\",\"@id\":\"https:\/\/www.oncolifestyle.com\/es\/cancer-de-prostata\/#breadcrumb\",\"itemListElement\":[{\"@type\":\"ListItem\",\"position\":1,\"name\":\"Home\",\"item\":\"https:\/\/www.oncolifestyle.com\/es\/\"},{\"@type\":\"ListItem\",\"position\":2,\"name\":\"C\u00e1ncer de Pr\u00f3stata\"}]},{\"@type\":\"WebSite\",\"@id\":\"https:\/\/www.oncolifestyle.com\/es\/#website\",\"url\":\"https:\/\/www.oncolifestyle.com\/es\/\",\"name\":\"Oncolifestyle\",\"description\":\"Helping people with cancer live well\",\"publisher\":{\"@id\":\"https:\/\/www.oncolifestyle.com\/es\/#organization\"},\"potentialAction\":[{\"@type\":\"SearchAction\",\"target\":{\"@type\":\"EntryPoint\",\"urlTemplate\":\"https:\/\/www.oncolifestyle.com\/es\/?s={search_term_string}\"},\"query-input\":{\"@type\":\"PropertyValueSpecification\",\"valueRequired\":true,\"valueName\":\"search_term_string\"}}],\"inLanguage\":\"es\"},{\"@type\":\"Organization\",\"@id\":\"https:\/\/www.oncolifestyle.com\/es\/#organization\",\"name\":\"Oncolifestyle\",\"url\":\"https:\/\/www.oncolifestyle.com\/es\/\",\"logo\":{\"@type\":\"ImageObject\",\"inLanguage\":\"es\",\"@id\":\"https:\/\/www.oncolifestyle.com\/es\/#\/schema\/logo\/image\/\",\"url\":\"https:\/\/www.oncolifestyle.com\/wp-content\/uploads\/2022\/08\/ONCO_LOGO_RGB_horizontal.png\",\"contentUrl\":\"https:\/\/www.oncolifestyle.com\/wp-content\/uploads\/2022\/08\/ONCO_LOGO_RGB_horizontal.png\",\"width\":2062,\"height\":434,\"caption\":\"Oncolifestyle\"},\"image\":{\"@id\":\"https:\/\/www.oncolifestyle.com\/es\/#\/schema\/logo\/image\/\"}}]}<\/script>\n<!-- \/ Yoast SEO plugin. -->","yoast_head_json":{"title":"C\u00e1ncer de pr\u00f3stata: informaci\u00f3n, apoyo y calidad de vida | Oncolifestyle","description":"Accessible, evidence-based information to help you take an active role in your cancer journey, make positive lifestyle choices, and improve your quality of life.","robots":{"index":"index","follow":"follow","max-snippet":"max-snippet:-1","max-image-preview":"max-image-preview:large","max-video-preview":"max-video-preview:-1"},"canonical":"https:\/\/www.oncolifestyle.com\/es\/cancer-de-prostata\/","og_locale":"es_ES","og_type":"article","og_title":"C\u00e1ncer de pr\u00f3stata: informaci\u00f3n, apoyo y calidad de vida | Oncolifestyle","og_description":"Accessible, evidence-based information to help you take an active role in your cancer journey, make positive lifestyle choices, and improve your quality of life.","og_url":"https:\/\/www.oncolifestyle.com\/es\/cancer-de-prostata\/","og_site_name":"Oncolifestyle","article_modified_time":"2024-12-02T13:45:07+00:00","og_image":[{"width":2400,"height":1254,"url":"https:\/\/www.oncolifestyle.com\/wp-content\/uploads\/2023\/07\/Oncolifestyle_Social-media-tile_1.png","type":"image\/png"}],"twitter_card":"summary_large_image","twitter_image":"https:\/\/www.oncolifestyle.com\/wp-content\/uploads\/2023\/07\/Oncolifestyle_Social-media-tile_1.png","twitter_misc":{"Tiempo de lectura":"3 minutos"},"schema":{"@context":"https:\/\/schema.org","@graph":[{"@type":"WebPage","@id":"https:\/\/www.oncolifestyle.com\/es\/cancer-de-prostata\/","url":"https:\/\/www.oncolifestyle.com\/es\/cancer-de-prostata\/","name":"C\u00e1ncer de pr\u00f3stata: informaci\u00f3n, apoyo y calidad de vida | Oncolifestyle","isPartOf":{"@id":"https:\/\/www.oncolifestyle.com\/es\/#website"},"datePublished":"2022-08-08T09:31:23+00:00","dateModified":"2024-12-02T13:45:07+00:00","description":"Accessible, evidence-based information to help you take an active role in your cancer journey, make positive lifestyle choices, and improve your quality of life.","breadcrumb":{"@id":"https:\/\/www.oncolifestyle.com\/es\/cancer-de-prostata\/#breadcrumb"},"inLanguage":"es","potentialAction":[{"@type":"ReadAction","target":["https:\/\/www.oncolifestyle.com\/es\/cancer-de-prostata\/"]}]},{"@type":"BreadcrumbList","@id":"https:\/\/www.oncolifestyle.com\/es\/cancer-de-prostata\/#breadcrumb","itemListElement":[{"@type":"ListItem","position":1,"name":"Home","item":"https:\/\/www.oncolifestyle.com\/es\/"},{"@type":"ListItem","position":2,"name":"C\u00e1ncer de Pr\u00f3stata"}]},{"@type":"WebSite","@id":"https:\/\/www.oncolifestyle.com\/es\/#website","url":"https:\/\/www.oncolifestyle.com\/es\/","name":"Oncolifestyle","description":"Helping people with cancer live well","publisher":{"@id":"https:\/\/www.oncolifestyle.com\/es\/#organization"},"potentialAction":[{"@type":"SearchAction","target":{"@type":"EntryPoint","urlTemplate":"https:\/\/www.oncolifestyle.com\/es\/?s={search_term_string}"},"query-input":{"@type":"PropertyValueSpecification","valueRequired":true,"valueName":"search_term_string"}}],"inLanguage":"es"},{"@type":"Organization","@id":"https:\/\/www.oncolifestyle.com\/es\/#organization","name":"Oncolifestyle","url":"https:\/\/www.oncolifestyle.com\/es\/","logo":{"@type":"ImageObject","inLanguage":"es","@id":"https:\/\/www.oncolifestyle.com\/es\/#\/schema\/logo\/image\/","url":"https:\/\/www.oncolifestyle.com\/wp-content\/uploads\/2022\/08\/ONCO_LOGO_RGB_horizontal.png","contentUrl":"https:\/\/www.oncolifestyle.com\/wp-content\/uploads\/2022\/08\/ONCO_LOGO_RGB_horizontal.png","width":2062,"height":434,"caption":"Oncolifestyle"},"image":{"@id":"https:\/\/www.oncolifestyle.com\/es\/#\/schema\/logo\/image\/"}}]}},"_links":{"self":[{"href":"https:\/\/www.oncolifestyle.com\/es\/wp-json\/wp\/v2\/pages\/1692","targetHints":{"allow":["GET"]}}],"collection":[{"href":"https:\/\/www.oncolifestyle.com\/es\/wp-json\/wp\/v2\/pages"}],"about":[{"href":"https:\/\/www.oncolifestyle.com\/es\/wp-json\/wp\/v2\/types\/page"}],"author":[{"embeddable":true,"href":"https:\/\/www.oncolifestyle.com\/es\/wp-json\/wp\/v2\/users\/1"}],"replies":[{"embeddable":true,"href":"https:\/\/www.oncolifestyle.com\/es\/wp-json\/wp\/v2\/comments?post=1692"}],"version-history":[{"count":9,"href":"https:\/\/www.oncolifestyle.com\/es\/wp-json\/wp\/v2\/pages\/1692\/revisions"}],"predecessor-version":[{"id":3410,"href":"https:\/\/www.oncolifestyle.com\/es\/wp-json\/wp\/v2\/pages\/1692\/revisions\/3410"}],"wp:attachment":[{"href":"https:\/\/www.oncolifestyle.com\/es\/wp-json\/wp\/v2\/media?parent=1692"}],"curies":[{"name":"wp","href":"https:\/\/api.w.org\/{rel}","templated":true}]}}