{"id":1696,"date":"2022-08-08T09:31:43","date_gmt":"2022-08-08T09:31:43","guid":{"rendered":"https:\/\/www.oncolifestyle.com\/prostate-cancer\/nutrition\/"},"modified":"2024-12-15T21:46:01","modified_gmt":"2024-12-15T21:46:01","slug":"nutricion","status":"publish","type":"page","link":"https:\/\/www.oncolifestyle.com\/es\/cancer-de-prostata\/nutricion\/","title":{"rendered":"Nutrici\u00f3n"},"content":{"rendered":"<div class=\"wpb-content-wrapper\"><p>[vc_row full_width=\u00bbstretch_row\u00bb css=\u00bb.vc_custom_1660728718307{background-image: url(https:\/\/www.oncolifestyle.com\/wp-content\/uploads\/2022\/08\/banner-nutrition.jpg?id=98) !important;background-position: center !important;background-repeat: no-repeat !important;background-size: cover !important;}\u00bb][vc_column width=\u00bb1\/12&#8243;][\/vc_column][vc_column width=\u00bb10\/12&#8243;][vc_empty_space height=\u00bb22vw\u00bb][vc_custom_heading source=\u00bbpost_title\u00bb font_container=\u00bbtag:h1|text_align:left|color:%23ffffff\u00bb use_theme_fonts=\u00bbyes\u00bb css=\u00bb.vc_custom_1713872303594{margin-top: 0px !important;margin-bottom: 100px !important;}\u00bb el_class=\u00bbpage-title\u00bb][\/vc_column][vc_column width=\u00bb1\/12&#8243;][\/vc_column][\/vc_row][vc_row][vc_column width=\u00bb1\/12&#8243;][\/vc_column][vc_column width=\u00bb1\/2&#8243;][vc_column_text el_class=\u00bbbreadcrumbs\u00bb]<!-- Breadcrumb NavXT 7.3.1 -->\n<span property=\"itemListElement\" typeof=\"ListItem\"><a property=\"item\" typeof=\"WebPage\" title=\"Ir a Oncolifestyle.\" href=\"https:\/\/www.oncolifestyle.com\/es\/\" class=\"home\" aria-current=\"page\"><span property=\"name\">Oncolifestyle<\/span><\/a><meta property=\"position\" content=\"1\"><\/span>[\/vc_column_text][vc_column_text]<\/p>\n<h6 class=\"green-pill\">ELECCIONES SALUDABLES<\/h6>\n<h2>Comer bien para vivir bien<\/h2>\n<p>No importa en qu\u00e9 punto de su afecci\u00f3n se encuentre, tomar decisiones saludables sobre su estilo de vida y comer bien con c\u00e1ncer de pr\u00f3stata puede ayudarle a lo siguiente:<\/p>\n<ul id=\"nt-icon-list\">\n<li>Aumentar sus niveles de energ\u00eda e incrementar su salud y bienestar general<sup>1<\/sup>.<\/li>\n<li>Mantener un peso saludable y, en consecuencia, reducir el riesgo de padecer otras enfermedades como diabetes<sup>2<\/sup>, ictus<sup>3<\/sup>, hipertensi\u00f3n arterial<sup>3<\/sup>, apnea del sue\u00f1o<sup>4<\/sup> y otros tipos de c\u00e1ncer<sup>5<\/sup>.<\/li>\n<li>Ralentizar la progresi\u00f3n de la enfermedad y reducir la probabilidad de padecer un c\u00e1ncer de pr\u00f3stata agresivo<sup>6,7<\/sup>.<\/li>\n<li>Mejorar su salud cardiovascular<sup>8<\/sup>, protegi\u00e9ndole de la hipertensi\u00f3n y las enfermedades cardiacas.<\/li>\n<li>Mejorar su calidad de vida<sup>1<\/sup> e incluso su esperanza de vida<sup>9<\/sup>.<\/li>\n<\/ul>\n<ul id=\"nt-icon-list\"><\/ul>\n<p>[\/vc_column_text][\/vc_column][vc_column width=\u00bb5\/12&#8243;][vc_single_image image=\u00bb2925&#8243; img_size=\u00bblarge\u00bb alignment=\u00bbcenter\u00bb el_class=\u00bbpage-circle-image\u00bb][\/vc_column][\/vc_row][vc_row][vc_column width=\u00bb1\/6&#8243;][\/vc_column][vc_column width=\u00bb4\/6&#8243;][vc_custom_heading text=\u00bb\u00bfLo sab\u00eda?\u00bb font_container=\u00bbtag:h2|text_align:center\u00bb use_theme_fonts=\u00bbyes\u00bb el_class=\u00bbaccent-line center size-sm\u00bb][\/vc_column][vc_column width=\u00bb1\/6&#8243;][\/vc_column][\/vc_row][vc_row][vc_column width=\u00bb1\/12&#8243;][\/vc_column][vc_column width=\u00bb10\/12&#8243;][vc_column_text]<\/p>\n<p style=\"text-align: center;\">Los estudios han descubierto que los hombres que adoptan una dieta sana tras un diagn\u00f3stico de c\u00e1ncer de pr\u00f3stata viven m\u00e1s tiempo que los que consumen una dieta \u00aboccidental\u00bb<sup>9<\/sup>, y tambi\u00e9n disfrutan de una mejor calidad de vida<sup>1<\/sup>. Una dieta sana se compone principalmente de verduras, frutas, cereales integrales, frutos secos y pescado (en contraposici\u00f3n a carnes rojas y procesadas, l\u00e1cteos ricos en grasa y cereales refinados como el arroz blanco y la harina, que conforman una dieta \u00aboccidental\u00bb).<\/p>\n<p>[\/vc_column_text][\/vc_column][vc_column width=\u00bb1\/12&#8243;][\/vc_column][\/vc_row][vc_row content_placement=\u00bbmiddle\u00bb][vc_column width=\u00bb1\/12&#8243;][\/vc_column][vc_column width=\u00bb1\/2&#8243; el_class=\u00bboverlap\u00bb][vc_column_text el_class=\u00bbbox-shadow\u00bb el_id=\u00bbtake-action\u00bb]Queremos ayudarle a descubrir c\u00f3mo los alimentos que come pueden influir en su calidad de vida, e inspirarle a hacer cambios peque\u00f1os pero duraderos que creen h\u00e1bitos que pueda mantener. Al fin y al cabo, \u00a1la comida saludable deber\u00eda ser una fuente de alegr\u00eda, no una prescripci\u00f3n m\u00e9dica![\/vc_column_text][vc_single_image image=\u00bb2931&#8243; img_size=\u00bbfull\u00bb alignment=\u00bbcenter\u00bb el_id=\u00bbfloating-image\u00bb][\/vc_column][vc_column width=\u00bb5\/12&#8243;][vc_single_image image=\u00bb2937&#8243; img_size=\u00bbfull\u00bb][\/vc_column][\/vc_row][vc_row][vc_column width=\u00bb1\/12&#8243;][\/vc_column][vc_column width=\u00bb10\/12&#8243;][vc_custom_heading text=\u00bbInformaci\u00f3n en la que puede confiar\u00bb font_container=\u00bbtag:h2|text_align:center\u00bb use_theme_fonts=\u00bbyes\u00bb el_class=\u00bbaccent-line center size-sm\u00bb][vc_column_text]<\/p>\n<p style=\"text-align: center;\">Se escuchan y leen tantas opiniones, que puede ser dif\u00edcil saber a qui\u00e9n seguir. En Oncolifestyle hacemos todo lo posible por ofrecerle informaci\u00f3n basada en la evidencia que se ha seleccionado cuidadosamente pensando en su salud.<\/p>\n<p>[\/vc_column_text][\/vc_column][vc_column width=\u00bb1\/12&#8243;][\/vc_column][\/vc_row][vc_row css=\u00bb.vc_custom_1660737759822{margin-top: 50px !important;margin-bottom: 50px !important;}\u00bb][vc_column][vc_column_text]<\/p>\n<h6 style=\"text-align: center;\">NUESTRAS FUENTES<\/h6>\n<p style=\"text-align: center;\"><span class=\"sources-btn show-source\">\u00bfDe d\u00f3nde procede esta informaci\u00f3n?<\/span><\/p>\n<p>[\/vc_column_text][\/vc_column][\/vc_row][vc_row full_width=\u00bbstretch_row\u00bb el_class=\u00bbsource\u00bb][vc_column][vc_raw_html]JTNDZGl2JTIwY2xhc3MlM0QlMjJzdmdfX3dyYXBwZXIlMjBjbG9zZS1zb3VyY2UlMjIlM0UlMEElM0NzdmclMjBjbGFzcyUzRCUyMmljb24lMjBpY29uLS1jbG9zZSUyMiUyMGFyaWEtaGlkZGVuJTNEJTIydHJ1ZSUyMiUyMHJvbGUlM0QlMjJpbWclMjIlM0UlM0N1c2UlMjB4bGluayUzQWhyZWYlM0QlMjIlMjNpY29uLWNsb3NlJTIyJTNFJTNDJTJGdXNlJTNFJTNDJTJGc3ZnJTNFJTBBJTNDJTJGZGl2JTNFJTBB[\/vc_raw_html][vc_column_text]<\/p>\n<h6 class=\"accent-line\">NUESTRAS FUENTES<\/h6>\n<h4><strong>\u00bfDe d\u00f3nde procede esta informaci\u00f3n?<\/strong><\/h4>\n<ol>\n<li style=\"list-style-type: none;\">\n<ol>\n<li>Baguley, B., Bolam, K., Wright, O. &amp; Skinner, T. The Effect of Nutrition Therapy and Exercise on Cancer-Related Fatigue and Quality of Life in Men with Prostate Cancer: A Systematic Review. Nutrients 9, 1003 (2017).<\/li>\n<li>Wilding, J. P. H. The importance of weight management in type 2 diabetes mellitus. Int. J. Clin. Pract. 68, 682\u2013691 (2014).<\/li>\n<li>Akil, L. &amp; Ahmad, H. A. Relationships between Obesity and Cardiovascular Diseases in Four Southern States and Colorado. J. Health Care Poor Underserved 22, 61\u201372 (2011).<\/li>\n<li>Young, T., Peppard, P. E. &amp; Taheri, S. Excess weight and sleep-disordered breathing. J. Appl. Physiol. 99, 1592\u20131599 (2005).<\/li>\n<li>Islami, F., Goding Sauer, A., Gapstur, S. M. &amp; Jemal, A. Proportion of Cancer Cases Attributable to Excess Body Weight by US State, 2011-2015. JAMA Oncol. 5, 384 (2019).<\/li>\n<li>Castell\u00f3, A. et al. Mediterranean Dietary Pattern is Associated with Low Risk of Aggressive Prostate Cancer: MCC-Spain Study. J. Urol. 199, 430\u2013437 (2018).<\/li>\n<li>Gregg, J. R. et al. Adherence to the Mediterranean diet and grade group progression in localized prostate cancer: An active surveillance cohort. Cancer 127, 720\u2013728 (2021).<\/li>\n<li>Mart\u00ednez-Gonz\u00e1lez, M. A., Gea, A. &amp; Ruiz-Canela, M. The Mediterranean Diet and Cardiovascular Health: A Critical Review. Circ. Res. 124, 779\u2013798 (2019).<\/li>\n<li>Yang, M. et al. Dietary Patterns after Prostate Cancer Diagnosis in Relation to Disease-Specific and Total Mortality. Cancer Prev. Res. (Phila. Pa.) 8, 545\u2013551 (2015).<\/li>\n<\/ol>\n<\/li>\n<\/ol>\n<p>[\/vc_column_text][\/vc_column][\/vc_row]<\/p>\n<\/div>","protected":false},"excerpt":{"rendered":"<p>[vc_row full_width=\u00bbstretch_row\u00bb css=\u00bb.vc_custom_1660728718307{background-image: url(https:\/\/www.oncolifestyle.com\/wp-content\/uploads\/2022\/08\/banner-nutrition.jpg?id=98) !important;background-position: center !important;background-repeat: no-repeat !important;background-size: cover !important;}\u00bb][vc_column width=\u00bb1\/12&#8243;][\/vc_column][vc_column width=\u00bb10\/12&#8243;][vc_empty_space height=\u00bb22vw\u00bb][vc_custom_heading source=\u00bbpost_title\u00bb font_container=\u00bbtag:h1|text_align:left|color:%23ffffff\u00bb use_theme_fonts=\u00bbyes\u00bb css=\u00bb.vc_custom_1713872303594{margin-top: 0px !important;margin-bottom: [&hellip;]<\/p>\n","protected":false},"author":1,"featured_media":0,"parent":1692,"menu_order":0,"comment_status":"closed","ping_status":"closed","template":"template-fullwidth.php","meta":{"_acf_changed":false,"inline_featured_image":false,"footnotes":""},"class_list":["post-1696","page","type-page","status-publish","hentry"],"acf":[],"yoast_head":"<!-- This site is optimized with the Yoast SEO plugin v23.8 - https:\/\/yoast.com\/wordpress\/plugins\/seo\/ -->\n<title>Nutrici\u00f3n tras el c\u00e1ncer de pr\u00f3stata: dieta y bienestar | Oncolifestyle<\/title>\n<meta name=\"description\" content=\"Nunca es tarde para cambiar. Descubra c\u00f3mo adoptar un estilo de vida saludable y llevar una buena alimentaci\u00f3n pueden influir en su calidad de vida con c\u00e1ncer de pr\u00f3stata.\" \/>\n<meta name=\"robots\" content=\"index, follow, max-snippet:-1, max-image-preview:large, max-video-preview:-1\" \/>\n<link rel=\"canonical\" href=\"https:\/\/www.oncolifestyle.com\/es\/cancer-de-prostata\/nutricion\/\" \/>\n<meta property=\"og:locale\" content=\"es_ES\" \/>\n<meta property=\"og:type\" content=\"article\" \/>\n<meta property=\"og:title\" content=\"Nutrici\u00f3n tras el c\u00e1ncer de pr\u00f3stata: dieta y bienestar | Oncolifestyle\" \/>\n<meta property=\"og:description\" content=\"Nunca es tarde para cambiar. Descubra c\u00f3mo adoptar un estilo de vida saludable y llevar una buena alimentaci\u00f3n pueden influir en su calidad de vida con c\u00e1ncer de pr\u00f3stata.\" \/>\n<meta property=\"og:url\" content=\"https:\/\/www.oncolifestyle.com\/es\/cancer-de-prostata\/nutricion\/\" \/>\n<meta property=\"og:site_name\" content=\"Oncolifestyle\" \/>\n<meta property=\"article:modified_time\" content=\"2024-12-15T21:46:01+00:00\" \/>\n<meta name=\"twitter:card\" content=\"summary_large_image\" \/>\n<meta name=\"twitter:label1\" content=\"Tiempo de lectura\" \/>\n\t<meta name=\"twitter:data1\" content=\"5 minutos\" \/>\n<script type=\"application\/ld+json\" class=\"yoast-schema-graph\">{\"@context\":\"https:\/\/schema.org\",\"@graph\":[{\"@type\":\"WebPage\",\"@id\":\"https:\/\/www.oncolifestyle.com\/es\/cancer-de-prostata\/nutricion\/\",\"url\":\"https:\/\/www.oncolifestyle.com\/es\/cancer-de-prostata\/nutricion\/\",\"name\":\"Nutrici\u00f3n tras el c\u00e1ncer de pr\u00f3stata: dieta y bienestar | Oncolifestyle\",\"isPartOf\":{\"@id\":\"https:\/\/www.oncolifestyle.com\/es\/#website\"},\"datePublished\":\"2022-08-08T09:31:43+00:00\",\"dateModified\":\"2024-12-15T21:46:01+00:00\",\"description\":\"Nunca es tarde para cambiar. Descubra c\u00f3mo adoptar un estilo de vida saludable y llevar una buena alimentaci\u00f3n pueden influir en su calidad de vida con c\u00e1ncer de pr\u00f3stata.\",\"breadcrumb\":{\"@id\":\"https:\/\/www.oncolifestyle.com\/es\/cancer-de-prostata\/nutricion\/#breadcrumb\"},\"inLanguage\":\"es\",\"potentialAction\":[{\"@type\":\"ReadAction\",\"target\":[\"https:\/\/www.oncolifestyle.com\/es\/cancer-de-prostata\/nutricion\/\"]}]},{\"@type\":\"BreadcrumbList\",\"@id\":\"https:\/\/www.oncolifestyle.com\/es\/cancer-de-prostata\/nutricion\/#breadcrumb\",\"itemListElement\":[{\"@type\":\"ListItem\",\"position\":1,\"name\":\"Home\",\"item\":\"https:\/\/www.oncolifestyle.com\/es\/\"},{\"@type\":\"ListItem\",\"position\":2,\"name\":\"C\u00e1ncer de Pr\u00f3stata\",\"item\":\"https:\/\/www.oncolifestyle.com\/es\/cancer-de-prostata\/\"},{\"@type\":\"ListItem\",\"position\":3,\"name\":\"Nutrici\u00f3n\"}]},{\"@type\":\"WebSite\",\"@id\":\"https:\/\/www.oncolifestyle.com\/es\/#website\",\"url\":\"https:\/\/www.oncolifestyle.com\/es\/\",\"name\":\"Oncolifestyle\",\"description\":\"Helping people with cancer live well\",\"publisher\":{\"@id\":\"https:\/\/www.oncolifestyle.com\/es\/#organization\"},\"potentialAction\":[{\"@type\":\"SearchAction\",\"target\":{\"@type\":\"EntryPoint\",\"urlTemplate\":\"https:\/\/www.oncolifestyle.com\/es\/?s={search_term_string}\"},\"query-input\":{\"@type\":\"PropertyValueSpecification\",\"valueRequired\":true,\"valueName\":\"search_term_string\"}}],\"inLanguage\":\"es\"},{\"@type\":\"Organization\",\"@id\":\"https:\/\/www.oncolifestyle.com\/es\/#organization\",\"name\":\"Oncolifestyle\",\"url\":\"https:\/\/www.oncolifestyle.com\/es\/\",\"logo\":{\"@type\":\"ImageObject\",\"inLanguage\":\"es\",\"@id\":\"https:\/\/www.oncolifestyle.com\/es\/#\/schema\/logo\/image\/\",\"url\":\"https:\/\/www.oncolifestyle.com\/wp-content\/uploads\/2022\/08\/ONCO_LOGO_RGB_horizontal.png\",\"contentUrl\":\"https:\/\/www.oncolifestyle.com\/wp-content\/uploads\/2022\/08\/ONCO_LOGO_RGB_horizontal.png\",\"width\":2062,\"height\":434,\"caption\":\"Oncolifestyle\"},\"image\":{\"@id\":\"https:\/\/www.oncolifestyle.com\/es\/#\/schema\/logo\/image\/\"}}]}<\/script>\n<!-- \/ Yoast SEO plugin. -->","yoast_head_json":{"title":"Nutrici\u00f3n tras el c\u00e1ncer de pr\u00f3stata: dieta y bienestar | Oncolifestyle","description":"Nunca es tarde para cambiar. Descubra c\u00f3mo adoptar un estilo de vida saludable y llevar una buena alimentaci\u00f3n pueden influir en su calidad de vida con c\u00e1ncer de pr\u00f3stata.","robots":{"index":"index","follow":"follow","max-snippet":"max-snippet:-1","max-image-preview":"max-image-preview:large","max-video-preview":"max-video-preview:-1"},"canonical":"https:\/\/www.oncolifestyle.com\/es\/cancer-de-prostata\/nutricion\/","og_locale":"es_ES","og_type":"article","og_title":"Nutrici\u00f3n tras el c\u00e1ncer de pr\u00f3stata: dieta y bienestar | Oncolifestyle","og_description":"Nunca es tarde para cambiar. Descubra c\u00f3mo adoptar un estilo de vida saludable y llevar una buena alimentaci\u00f3n pueden influir en su calidad de vida con c\u00e1ncer de pr\u00f3stata.","og_url":"https:\/\/www.oncolifestyle.com\/es\/cancer-de-prostata\/nutricion\/","og_site_name":"Oncolifestyle","article_modified_time":"2024-12-15T21:46:01+00:00","twitter_card":"summary_large_image","twitter_misc":{"Tiempo de lectura":"5 minutos"},"schema":{"@context":"https:\/\/schema.org","@graph":[{"@type":"WebPage","@id":"https:\/\/www.oncolifestyle.com\/es\/cancer-de-prostata\/nutricion\/","url":"https:\/\/www.oncolifestyle.com\/es\/cancer-de-prostata\/nutricion\/","name":"Nutrici\u00f3n tras el c\u00e1ncer de pr\u00f3stata: dieta y bienestar | Oncolifestyle","isPartOf":{"@id":"https:\/\/www.oncolifestyle.com\/es\/#website"},"datePublished":"2022-08-08T09:31:43+00:00","dateModified":"2024-12-15T21:46:01+00:00","description":"Nunca es tarde para cambiar. Descubra c\u00f3mo adoptar un estilo de vida saludable y llevar una buena alimentaci\u00f3n pueden influir en su calidad de vida con c\u00e1ncer de pr\u00f3stata.","breadcrumb":{"@id":"https:\/\/www.oncolifestyle.com\/es\/cancer-de-prostata\/nutricion\/#breadcrumb"},"inLanguage":"es","potentialAction":[{"@type":"ReadAction","target":["https:\/\/www.oncolifestyle.com\/es\/cancer-de-prostata\/nutricion\/"]}]},{"@type":"BreadcrumbList","@id":"https:\/\/www.oncolifestyle.com\/es\/cancer-de-prostata\/nutricion\/#breadcrumb","itemListElement":[{"@type":"ListItem","position":1,"name":"Home","item":"https:\/\/www.oncolifestyle.com\/es\/"},{"@type":"ListItem","position":2,"name":"C\u00e1ncer de Pr\u00f3stata","item":"https:\/\/www.oncolifestyle.com\/es\/cancer-de-prostata\/"},{"@type":"ListItem","position":3,"name":"Nutrici\u00f3n"}]},{"@type":"WebSite","@id":"https:\/\/www.oncolifestyle.com\/es\/#website","url":"https:\/\/www.oncolifestyle.com\/es\/","name":"Oncolifestyle","description":"Helping people with cancer live well","publisher":{"@id":"https:\/\/www.oncolifestyle.com\/es\/#organization"},"potentialAction":[{"@type":"SearchAction","target":{"@type":"EntryPoint","urlTemplate":"https:\/\/www.oncolifestyle.com\/es\/?s={search_term_string}"},"query-input":{"@type":"PropertyValueSpecification","valueRequired":true,"valueName":"search_term_string"}}],"inLanguage":"es"},{"@type":"Organization","@id":"https:\/\/www.oncolifestyle.com\/es\/#organization","name":"Oncolifestyle","url":"https:\/\/www.oncolifestyle.com\/es\/","logo":{"@type":"ImageObject","inLanguage":"es","@id":"https:\/\/www.oncolifestyle.com\/es\/#\/schema\/logo\/image\/","url":"https:\/\/www.oncolifestyle.com\/wp-content\/uploads\/2022\/08\/ONCO_LOGO_RGB_horizontal.png","contentUrl":"https:\/\/www.oncolifestyle.com\/wp-content\/uploads\/2022\/08\/ONCO_LOGO_RGB_horizontal.png","width":2062,"height":434,"caption":"Oncolifestyle"},"image":{"@id":"https:\/\/www.oncolifestyle.com\/es\/#\/schema\/logo\/image\/"}}]}},"_links":{"self":[{"href":"https:\/\/www.oncolifestyle.com\/es\/wp-json\/wp\/v2\/pages\/1696","targetHints":{"allow":["GET"]}}],"collection":[{"href":"https:\/\/www.oncolifestyle.com\/es\/wp-json\/wp\/v2\/pages"}],"about":[{"href":"https:\/\/www.oncolifestyle.com\/es\/wp-json\/wp\/v2\/types\/page"}],"author":[{"embeddable":true,"href":"https:\/\/www.oncolifestyle.com\/es\/wp-json\/wp\/v2\/users\/1"}],"replies":[{"embeddable":true,"href":"https:\/\/www.oncolifestyle.com\/es\/wp-json\/wp\/v2\/comments?post=1696"}],"version-history":[{"count":6,"href":"https:\/\/www.oncolifestyle.com\/es\/wp-json\/wp\/v2\/pages\/1696\/revisions"}],"predecessor-version":[{"id":3911,"href":"https:\/\/www.oncolifestyle.com\/es\/wp-json\/wp\/v2\/pages\/1696\/revisions\/3911"}],"up":[{"embeddable":true,"href":"https:\/\/www.oncolifestyle.com\/es\/wp-json\/wp\/v2\/pages\/1692"}],"wp:attachment":[{"href":"https:\/\/www.oncolifestyle.com\/es\/wp-json\/wp\/v2\/media?parent=1696"}],"curies":[{"name":"wp","href":"https:\/\/api.w.org\/{rel}","templated":true}]}}