{"id":1700,"date":"2022-08-08T09:32:09","date_gmt":"2022-08-08T09:32:09","guid":{"rendered":"https:\/\/www.oncolifestyle.com\/prostate-cancer\/brain-health\/"},"modified":"2024-12-18T12:13:51","modified_gmt":"2024-12-18T12:13:51","slug":"salud-mental","status":"publish","type":"page","link":"https:\/\/www.oncolifestyle.com\/es\/cancer-de-prostata\/salud-mental\/","title":{"rendered":"Salud mental"},"content":{"rendered":"<div class=\"wpb-content-wrapper\"><p>[vc_row full_width=\u00bbstretch_row\u00bb css=\u00bb.vc_custom_1660926214848{background-image: url(https:\/\/www.oncolifestyle.com\/wp-content\/uploads\/2022\/08\/banner-brain-health.jpg?id=90) !important;background-position: center !important;background-repeat: no-repeat !important;background-size: cover !important;}\u00bb][vc_column width=\u00bb1\/12&#8243;][\/vc_column][vc_column width=\u00bb10\/12&#8243;][vc_empty_space height=\u00bb22vw\u00bb][vc_custom_heading source=\u00bbpost_title\u00bb font_container=\u00bbtag:h1|text_align:left|color:%23ffffff\u00bb use_theme_fonts=\u00bbyes\u00bb css=\u00bb.vc_custom_1713872258982{margin-top: 0px !important;margin-bottom: 100px !important;}\u00bb el_class=\u00bbpage-title\u00bb][\/vc_column][vc_column width=\u00bb1\/12&#8243;][\/vc_column][\/vc_row][vc_row][vc_column width=\u00bb1\/12&#8243;][\/vc_column][vc_column width=\u00bb1\/2&#8243;][vc_column_text el_class=\u00bbbreadcrumbs\u00bb]<!-- Breadcrumb NavXT 7.3.1 -->\n<span property=\"itemListElement\" typeof=\"ListItem\"><a property=\"item\" typeof=\"WebPage\" title=\"Ir a Oncolifestyle.\" href=\"https:\/\/www.oncolifestyle.com\/es\/\" class=\"home\" aria-current=\"page\"><span property=\"name\">Oncolifestyle<\/span><\/a><meta property=\"position\" content=\"1\"><\/span>[\/vc_column_text][vc_column_text]<\/p>\n<h6 class=\"green-pill\">ELECCIONES SALUDABLES<\/h6>\n<h2>\u00bfC\u00f3mo pueden el c\u00e1ncer de pr\u00f3stata y su tratamiento afectar al cerebro?<\/h2>\n<p><strong class=\"text-red\">Salud cognitiva<\/strong><\/p>\n<p><strong>Su salud cognitiva es su capacidad para pensar con claridad, realizar tareas complejas, aprender y recordar.<\/strong><\/p>\n<p>Todos hemos experimentado los signos de \u00abestar espeso\u00bb. Algunos hombres que se someten a\u00a0<a href=\"https:\/\/www.oncolifestyle.com\/about-prostate-cancer\/\">terapia de deprivaci\u00f3n androg\u00e9nica (TDA)<\/a>\u00a0pueden ver c\u00f3mo estos s\u00edntomas cognitivos se vuelven m\u00e1s regulares<sup>1<\/sup>. La TDA tambi\u00e9n se ha relacionado con un aumento (marginal) del riesgo de padecer la enfermedad de Alzheimer y demencia<sup>2<\/sup>, aunque en general se considera que los beneficios a largo plazo superan este riesgo. Adem\u00e1s, los efectos secundarios cognitivos de la TDA solo son aparentes en algunos hombres. Muchos no experimentan ning\u00fan cambio.<\/p>\n<p><strong class=\"text-red\">Salud emocional<\/strong><\/p>\n<p><strong>Pilar clave de su salud mental en general, la salud emocional tiene que ver con sus pensamientos, su estado de \u00e1nimo y su capacidad para afrontar las situaciones<\/strong><\/p>\n<p>Enterarse de que tiene c\u00e1ncer de pr\u00f3stata y vivir positivamente con la realidad de ese diagn\u00f3stico puede ser dif\u00edcil. Es posible que experimente toda una serie de emociones, como shock, incertidumbre, ansiedad, entumecimiento emocional e ira. Es natural sentirse as\u00ed, pero con el tiempo estas emociones pueden tener un impacto negativo en su salud mental y su bienestar. Desgraciadamente, alguien que vive con c\u00e1ncer de pr\u00f3stata tiene m\u00e1s probabilidades de sufrir depresi\u00f3n que alguien que no lo padece<sup>3<\/sup>, e incluso m\u00e1s si se est\u00e1 sometiendo a TDA.<sup>4 <\/sup>Por lo tanto, dar prioridad a su salud mental es tan importante como su bienestar f\u00edsico.[\/vc_column_text][\/vc_column][vc_column width=\u00bb5\/12&#8243;][vc_single_image image=\u00bb2969&#8243; img_size=\u00bblarge\u00bb alignment=\u00bbcenter\u00bb el_class=\u00bbpage-circle-image\u00bb][\/vc_column][\/vc_row][vc_row][vc_column width=\u00bb1\/12&#8243;][\/vc_column][vc_column width=\u00bb10\/12&#8243;][vc_custom_heading text=\u00bb\u00bfLo sab\u00eda?\u00bb font_container=\u00bbtag:h2|text_align:center\u00bb use_theme_fonts=\u00bbyes\u00bb el_class=\u00bbaccent-line center size-sm\u00bb css=\u00bb.vc_custom_1713529333794{margin-top: 100px !important;margin-bottom: 50px !important;}\u00bb][vc_column_text]<\/p>\n<p style=\"text-align: center;\">Lo que es bueno para su coraz\u00f3n es bueno para su cerebro. La salud cardiovascular est\u00e1 \u00edntimamente ligada a la salud cognitiva<sup>5-7<\/sup>, por lo que las actividades que benefician a su coraz\u00f3n (como el ejercicio y una alimentaci\u00f3n sana), son beneficiosas en general.<\/p>\n<p>[\/vc_column_text][\/vc_column][vc_column width=\u00bb1\/12&#8243;][\/vc_column][\/vc_row][vc_row content_placement=\u00bbmiddle\u00bb el_class=\u00bbhealth-tab health-tab-cognitive reverse-xs\u00bb][vc_column width=\u00bb6\/12&#8243; el_class=\u00bboverlap\u00bb][vc_column_text el_class=\u00bbbox-shadow\u00bb css=\u00bb.vc_custom_1734524025078{margin-bottom: 0px !important;padding-top: 50px !important;padding-right: 50px !important;padding-bottom: 50px !important;padding-left: 50px !important;}\u00bb]<\/p>\n<h6>ACT\u00daE<\/h6>\n<p><strong class=\"text-red\">Ejercite su cerebro<\/strong><\/p>\n<p>La mejor forma de proteger su salud cognitiva y emocional es mantener su cerebro activo. Cualquier actividad que involucre a su cerebro puede ayudar a prevenir el deterioro cognitivo durante la TDA. Para mantener su cerebro en plena forma, \u00bfpor qu\u00e9 no prueba lo siguiente?<\/p>\n<ul class=\"bh-offset-list\">\n<li>Quedar con amigos o formar parte de un grupo social: la actividad social es una gran forma de estimulaci\u00f3n mental<sup>8<\/sup>.<\/li>\n<li>Actividades como las manualidades, rompecabezas, el uso de un ordenador y juegos, que son formas estupendas de mantener la mente en movimiento<sup>1<\/sup>.<\/li>\n<li>Mejorar tanto su salud cardiovascular como su salud mental incorporando la\u00a0<a href=\"https:\/\/www.oncolifestyle.com\/prostate-cancer\/physical-activity\/\">actividad f\u00edsica<\/a> a su rutina diaria<sup>9-11<\/sup>\u00a0y nutri\u00e9ndose con una\u00a0<a href=\"https:\/\/www.oncolifestyle.com\/prostate-cancer\/nutrition\/\">dieta mediterr\u00e1nea<\/a><sup>\u00a012,13<\/sup>.<\/li>\n<\/ul>\n<p>[\/vc_column_text][vc_single_image image=\u00bb316&#8243; img_size=\u00bbfull\u00bb alignment=\u00bbright\u00bb el_id=\u00bbfloating-image\u00bb][\/vc_column][vc_column width=\u00bb5\/12&#8243;][vc_single_image image=\u00bb495&#8243; img_size=\u00bbfull\u00bb][\/vc_column][vc_column width=\u00bb1\/12&#8243;][\/vc_column][\/vc_row][vc_row][vc_column][vc_btn title=\u00bbAprenda m\u00e1s sobre la salud mental y el c\u00e1ncer\u00bb style=\u00bbclassic\u00bb shape=\u00bbround\u00bb color=\u00bbsuccess\u00bb align=\u00bbcenter\u00bb el_class=\u00bbview-more-articles\u00bb link=\u00bburl:https%3A%2F%2Fwww.oncolifestyle.com%2Fes%2Fsalud-mental%2F\u00bb][\/vc_column][\/vc_row][vc_row][vc_column width=\u00bb1\/12&#8243;][\/vc_column][vc_column width=\u00bb10\/12&#8243;][vc_custom_heading text=\u00bbInformaci\u00f3n en la que puede confiar\u00bb font_container=\u00bbtag:h2|text_align:center\u00bb use_theme_fonts=\u00bbyes\u00bb el_class=\u00bbaccent-line center size-sm\u00bb][vc_column_text]<\/p>\n<p style=\"text-align: center;\">Se escuchan y leen tantas opiniones, que puede ser dif\u00edcil saber a qui\u00e9n seguir. En Oncolifestyle hacemos todo lo posible por ofrecerle informaci\u00f3n basada en la evidencia que se ha seleccionado cuidadosamente pensando en su salud.<\/p>\n<p>[\/vc_column_text][\/vc_column][vc_column width=\u00bb1\/12&#8243;][\/vc_column][\/vc_row][vc_row css=\u00bb.vc_custom_1660737759822{margin-top: 50px !important;margin-bottom: 50px !important;}\u00bb][vc_column][vc_column_text]<\/p>\n<h6 style=\"text-align: center;\">NUESTRAS FUENTES<\/h6>\n<p style=\"text-align: center;\"><span class=\"sources-btn show-source\">\u00bfDe d\u00f3nde procede esta informaci\u00f3n?<\/span><\/p>\n<p>[\/vc_column_text][\/vc_column][\/vc_row][vc_row full_width=\u00bbstretch_row\u00bb el_class=\u00bbsource\u00bb][vc_column][vc_raw_html]JTNDZGl2JTIwY2xhc3MlM0QlMjJzdmdfX3dyYXBwZXIlMjBjbG9zZS1zb3VyY2UlMjIlM0UlMEElM0NzdmclMjBjbGFzcyUzRCUyMmljb24lMjBpY29uLS1jbG9zZSUyMiUyMGFyaWEtaGlkZGVuJTNEJTIydHJ1ZSUyMiUyMHJvbGUlM0QlMjJpbWclMjIlM0UlM0N1c2UlMjB4bGluayUzQWhyZWYlM0QlMjIlMjNpY29uLWNsb3NlJTIyJTNFJTNDJTJGdXNlJTNFJTNDJTJGc3ZnJTNFJTBBJTNDJTJGZGl2JTNFJTBB[\/vc_raw_html][vc_column_text]<\/p>\n<h6 class=\"accent-line\">NUESTRAS FUENTES<\/h6>\n<h4><strong>\u00bfDe d\u00f3nde procede esta informaci\u00f3n?<\/strong><\/h4>\n<ol>\n<li>Cherrier, M. M. &amp; Higano, C. S. Impact of androgen deprivation therapy on mood, cognition, and risk for AD. Urol. Oncol. Semin. Orig. Investig. 38, 53\u201361 (2020).<\/li>\n<li>Jayadevappa, R. et al. Association Between Androgen Deprivation Therapy Use and Diagnosis of Dementia in Men With Prostate Cancer. JAMA Netw. Open 2, e196562 (2019).<\/li>\n<li>Fervaha, G. et al. Psychological morbidity associated with prostate cancer: Rates and predictors of depression in the RADICAL PC study. Can. Urol. Assoc. J. 15, (2020).<\/li>\n<li>Dinh, K. T. et al. Association of Androgen Deprivation Therapy With Depression in Localized Prostate Cancer. J. Clin. Oncol. 34, 1905\u20131912 (2016).<\/li>\n<li>Chang, Y. K., Labban, J. D., Gapin, J. I. &amp; Etnier, J. L. The effects of acute exercise on cognitive performance: A meta-analysis. Brain Res. 1453, 87\u2013101 (2012).<\/li>\n<li>Northey, J. M., Cherbuin, N., Pumpa, K. L., Smee, D. J. &amp; Rattray, B. Exercise interventions for cognitive function in adults older than 50: a systematic review with meta-analysis. Br. J. Sports Med. 52, 154\u2013160 (2018).<\/li>\n<li>Fondell, E. et al. Physical activity across adulthood and subjective cognitive function in older men. Eur. J. Epidemiol. 33, 79\u201387 (2018).<\/li>\n<li>Elwood, P. et al. Healthy Lifestyles Reduce the Incidence of Chronic Diseases and Dementia: Evidence from the Caerphilly Cohort Study. PLoS ONE 8, e81877 (2013).<\/li>\n<li>Chang, Y. K., Labban, J. D., Gapin, J. I. &amp; Etnier, J. L. The effects of acute exercise on cognitive performance: A meta-analysis. Brain Res. 1453, 87\u2013101 (2012).<\/li>\n<li>Northey, J. M., Cherbuin, N., Pumpa, K. L., Smee, D. J. &amp; Rattray, B. Exercise interventions for cognitive function in adults older than 50: a systematic review with meta-analysis. Br. J. Sports Med. 52, 154\u2013160 (2018).<\/li>\n<li>Fondell, E. et al. Physical activity across adulthood and subjective cognitive function in older men. Eur. J. Epidemiol. 33, 79\u201387 (2018).<\/li>\n<li>Kl\u00edmov\u00e1, B. &amp; Vali\u0161, M. Nutritional Interventions as Beneficial Strategies to Delay Cognitive Decline in Healthy Older Individuals. Nutrients 10, 905 (2018).<\/li>\n<li>Anastasiou, C. et al. Mediterranean Lifestyle in Relation to Cognitive Health: Results from the HELIAD Study. Nutrients 10, 1557 (2018).<\/li>\n<\/ol>\n<p>[\/vc_column_text][\/vc_column][\/vc_row]<\/p>\n<\/div>","protected":false},"excerpt":{"rendered":"<p>[vc_row full_width=\u00bbstretch_row\u00bb css=\u00bb.vc_custom_1660926214848{background-image: url(https:\/\/www.oncolifestyle.com\/wp-content\/uploads\/2022\/08\/banner-brain-health.jpg?id=90) !important;background-position: center !important;background-repeat: no-repeat !important;background-size: cover !important;}\u00bb][vc_column width=\u00bb1\/12&#8243;][\/vc_column][vc_column width=\u00bb10\/12&#8243;][vc_empty_space height=\u00bb22vw\u00bb][vc_custom_heading source=\u00bbpost_title\u00bb font_container=\u00bbtag:h1|text_align:left|color:%23ffffff\u00bb use_theme_fonts=\u00bbyes\u00bb css=\u00bb.vc_custom_1713872258982{margin-top: 0px !important;margin-bottom: [&hellip;]<\/p>\n","protected":false},"author":1,"featured_media":0,"parent":1692,"menu_order":0,"comment_status":"closed","ping_status":"closed","template":"template-fullwidth.php","meta":{"_acf_changed":false,"inline_featured_image":false,"footnotes":""},"class_list":["post-1700","page","type-page","status-publish","hentry"],"acf":[],"yoast_head":"<!-- This site is optimized with the Yoast SEO plugin v23.8 - https:\/\/yoast.com\/wordpress\/plugins\/seo\/ -->\n<title>Salud mental tras el c\u00e1ncer de pr\u00f3stata: apoyo emocional | Oncolifestyle<\/title>\n<meta name=\"description\" content=\"Comprenda c\u00f3mo afecta el c\u00e1ncer de pr\u00f3stata a la salud emocional y cognitiva, y qu\u00e9 puede hacer para vivir de forma positiva.\" \/>\n<meta name=\"robots\" content=\"index, follow, max-snippet:-1, max-image-preview:large, max-video-preview:-1\" \/>\n<link rel=\"canonical\" href=\"https:\/\/www.oncolifestyle.com\/es\/cancer-de-prostata\/salud-mental\/\" \/>\n<meta property=\"og:locale\" content=\"es_ES\" \/>\n<meta property=\"og:type\" content=\"article\" \/>\n<meta property=\"og:title\" content=\"Salud mental tras el c\u00e1ncer de pr\u00f3stata: apoyo emocional | Oncolifestyle\" \/>\n<meta property=\"og:description\" content=\"Comprenda c\u00f3mo afecta el c\u00e1ncer de pr\u00f3stata a la salud emocional y cognitiva, y qu\u00e9 puede hacer para vivir de forma positiva.\" \/>\n<meta property=\"og:url\" content=\"https:\/\/www.oncolifestyle.com\/es\/cancer-de-prostata\/salud-mental\/\" \/>\n<meta property=\"og:site_name\" content=\"Oncolifestyle\" \/>\n<meta property=\"article:modified_time\" content=\"2024-12-18T12:13:51+00:00\" \/>\n<meta name=\"twitter:card\" content=\"summary_large_image\" \/>\n<meta name=\"twitter:label1\" content=\"Tiempo de lectura\" \/>\n\t<meta name=\"twitter:data1\" content=\"5 minutos\" \/>\n<script type=\"application\/ld+json\" class=\"yoast-schema-graph\">{\"@context\":\"https:\/\/schema.org\",\"@graph\":[{\"@type\":\"WebPage\",\"@id\":\"https:\/\/www.oncolifestyle.com\/es\/cancer-de-prostata\/salud-mental\/\",\"url\":\"https:\/\/www.oncolifestyle.com\/es\/cancer-de-prostata\/salud-mental\/\",\"name\":\"Salud mental tras el c\u00e1ncer de pr\u00f3stata: apoyo emocional | Oncolifestyle\",\"isPartOf\":{\"@id\":\"https:\/\/www.oncolifestyle.com\/es\/#website\"},\"datePublished\":\"2022-08-08T09:32:09+00:00\",\"dateModified\":\"2024-12-18T12:13:51+00:00\",\"description\":\"Comprenda c\u00f3mo afecta el c\u00e1ncer de pr\u00f3stata a la salud emocional y cognitiva, y qu\u00e9 puede hacer para vivir de forma positiva.\",\"breadcrumb\":{\"@id\":\"https:\/\/www.oncolifestyle.com\/es\/cancer-de-prostata\/salud-mental\/#breadcrumb\"},\"inLanguage\":\"es\",\"potentialAction\":[{\"@type\":\"ReadAction\",\"target\":[\"https:\/\/www.oncolifestyle.com\/es\/cancer-de-prostata\/salud-mental\/\"]}]},{\"@type\":\"BreadcrumbList\",\"@id\":\"https:\/\/www.oncolifestyle.com\/es\/cancer-de-prostata\/salud-mental\/#breadcrumb\",\"itemListElement\":[{\"@type\":\"ListItem\",\"position\":1,\"name\":\"Home\",\"item\":\"https:\/\/www.oncolifestyle.com\/es\/\"},{\"@type\":\"ListItem\",\"position\":2,\"name\":\"C\u00e1ncer de Pr\u00f3stata\",\"item\":\"https:\/\/www.oncolifestyle.com\/es\/cancer-de-prostata\/\"},{\"@type\":\"ListItem\",\"position\":3,\"name\":\"Salud mental\"}]},{\"@type\":\"WebSite\",\"@id\":\"https:\/\/www.oncolifestyle.com\/es\/#website\",\"url\":\"https:\/\/www.oncolifestyle.com\/es\/\",\"name\":\"Oncolifestyle\",\"description\":\"Helping people with cancer live well\",\"publisher\":{\"@id\":\"https:\/\/www.oncolifestyle.com\/es\/#organization\"},\"potentialAction\":[{\"@type\":\"SearchAction\",\"target\":{\"@type\":\"EntryPoint\",\"urlTemplate\":\"https:\/\/www.oncolifestyle.com\/es\/?s={search_term_string}\"},\"query-input\":{\"@type\":\"PropertyValueSpecification\",\"valueRequired\":true,\"valueName\":\"search_term_string\"}}],\"inLanguage\":\"es\"},{\"@type\":\"Organization\",\"@id\":\"https:\/\/www.oncolifestyle.com\/es\/#organization\",\"name\":\"Oncolifestyle\",\"url\":\"https:\/\/www.oncolifestyle.com\/es\/\",\"logo\":{\"@type\":\"ImageObject\",\"inLanguage\":\"es\",\"@id\":\"https:\/\/www.oncolifestyle.com\/es\/#\/schema\/logo\/image\/\",\"url\":\"https:\/\/www.oncolifestyle.com\/wp-content\/uploads\/2022\/08\/ONCO_LOGO_RGB_horizontal.png\",\"contentUrl\":\"https:\/\/www.oncolifestyle.com\/wp-content\/uploads\/2022\/08\/ONCO_LOGO_RGB_horizontal.png\",\"width\":2062,\"height\":434,\"caption\":\"Oncolifestyle\"},\"image\":{\"@id\":\"https:\/\/www.oncolifestyle.com\/es\/#\/schema\/logo\/image\/\"}}]}<\/script>\n<!-- \/ Yoast SEO plugin. -->","yoast_head_json":{"title":"Salud mental tras el c\u00e1ncer de pr\u00f3stata: apoyo emocional | Oncolifestyle","description":"Comprenda c\u00f3mo afecta el c\u00e1ncer de pr\u00f3stata a la salud emocional y cognitiva, y qu\u00e9 puede hacer para vivir de forma positiva.","robots":{"index":"index","follow":"follow","max-snippet":"max-snippet:-1","max-image-preview":"max-image-preview:large","max-video-preview":"max-video-preview:-1"},"canonical":"https:\/\/www.oncolifestyle.com\/es\/cancer-de-prostata\/salud-mental\/","og_locale":"es_ES","og_type":"article","og_title":"Salud mental tras el c\u00e1ncer de pr\u00f3stata: apoyo emocional | Oncolifestyle","og_description":"Comprenda c\u00f3mo afecta el c\u00e1ncer de pr\u00f3stata a la salud emocional y cognitiva, y qu\u00e9 puede hacer para vivir de forma positiva.","og_url":"https:\/\/www.oncolifestyle.com\/es\/cancer-de-prostata\/salud-mental\/","og_site_name":"Oncolifestyle","article_modified_time":"2024-12-18T12:13:51+00:00","twitter_card":"summary_large_image","twitter_misc":{"Tiempo de lectura":"5 minutos"},"schema":{"@context":"https:\/\/schema.org","@graph":[{"@type":"WebPage","@id":"https:\/\/www.oncolifestyle.com\/es\/cancer-de-prostata\/salud-mental\/","url":"https:\/\/www.oncolifestyle.com\/es\/cancer-de-prostata\/salud-mental\/","name":"Salud mental tras el c\u00e1ncer de pr\u00f3stata: apoyo emocional | Oncolifestyle","isPartOf":{"@id":"https:\/\/www.oncolifestyle.com\/es\/#website"},"datePublished":"2022-08-08T09:32:09+00:00","dateModified":"2024-12-18T12:13:51+00:00","description":"Comprenda c\u00f3mo afecta el c\u00e1ncer de pr\u00f3stata a la salud emocional y cognitiva, y qu\u00e9 puede hacer para vivir de forma positiva.","breadcrumb":{"@id":"https:\/\/www.oncolifestyle.com\/es\/cancer-de-prostata\/salud-mental\/#breadcrumb"},"inLanguage":"es","potentialAction":[{"@type":"ReadAction","target":["https:\/\/www.oncolifestyle.com\/es\/cancer-de-prostata\/salud-mental\/"]}]},{"@type":"BreadcrumbList","@id":"https:\/\/www.oncolifestyle.com\/es\/cancer-de-prostata\/salud-mental\/#breadcrumb","itemListElement":[{"@type":"ListItem","position":1,"name":"Home","item":"https:\/\/www.oncolifestyle.com\/es\/"},{"@type":"ListItem","position":2,"name":"C\u00e1ncer de Pr\u00f3stata","item":"https:\/\/www.oncolifestyle.com\/es\/cancer-de-prostata\/"},{"@type":"ListItem","position":3,"name":"Salud mental"}]},{"@type":"WebSite","@id":"https:\/\/www.oncolifestyle.com\/es\/#website","url":"https:\/\/www.oncolifestyle.com\/es\/","name":"Oncolifestyle","description":"Helping people with cancer live well","publisher":{"@id":"https:\/\/www.oncolifestyle.com\/es\/#organization"},"potentialAction":[{"@type":"SearchAction","target":{"@type":"EntryPoint","urlTemplate":"https:\/\/www.oncolifestyle.com\/es\/?s={search_term_string}"},"query-input":{"@type":"PropertyValueSpecification","valueRequired":true,"valueName":"search_term_string"}}],"inLanguage":"es"},{"@type":"Organization","@id":"https:\/\/www.oncolifestyle.com\/es\/#organization","name":"Oncolifestyle","url":"https:\/\/www.oncolifestyle.com\/es\/","logo":{"@type":"ImageObject","inLanguage":"es","@id":"https:\/\/www.oncolifestyle.com\/es\/#\/schema\/logo\/image\/","url":"https:\/\/www.oncolifestyle.com\/wp-content\/uploads\/2022\/08\/ONCO_LOGO_RGB_horizontal.png","contentUrl":"https:\/\/www.oncolifestyle.com\/wp-content\/uploads\/2022\/08\/ONCO_LOGO_RGB_horizontal.png","width":2062,"height":434,"caption":"Oncolifestyle"},"image":{"@id":"https:\/\/www.oncolifestyle.com\/es\/#\/schema\/logo\/image\/"}}]}},"_links":{"self":[{"href":"https:\/\/www.oncolifestyle.com\/es\/wp-json\/wp\/v2\/pages\/1700","targetHints":{"allow":["GET"]}}],"collection":[{"href":"https:\/\/www.oncolifestyle.com\/es\/wp-json\/wp\/v2\/pages"}],"about":[{"href":"https:\/\/www.oncolifestyle.com\/es\/wp-json\/wp\/v2\/types\/page"}],"author":[{"embeddable":true,"href":"https:\/\/www.oncolifestyle.com\/es\/wp-json\/wp\/v2\/users\/1"}],"replies":[{"embeddable":true,"href":"https:\/\/www.oncolifestyle.com\/es\/wp-json\/wp\/v2\/comments?post=1700"}],"version-history":[{"count":8,"href":"https:\/\/www.oncolifestyle.com\/es\/wp-json\/wp\/v2\/pages\/1700\/revisions"}],"predecessor-version":[{"id":3944,"href":"https:\/\/www.oncolifestyle.com\/es\/wp-json\/wp\/v2\/pages\/1700\/revisions\/3944"}],"up":[{"embeddable":true,"href":"https:\/\/www.oncolifestyle.com\/es\/wp-json\/wp\/v2\/pages\/1692"}],"wp:attachment":[{"href":"https:\/\/www.oncolifestyle.com\/es\/wp-json\/wp\/v2\/media?parent=1700"}],"curies":[{"name":"wp","href":"https:\/\/api.w.org\/{rel}","templated":true}]}}