{"id":1702,"date":"2022-08-08T09:32:21","date_gmt":"2022-08-08T09:32:21","guid":{"rendered":"https:\/\/www.oncolifestyle.com\/prostate-cancer\/sexual-health\/"},"modified":"2025-09-11T11:58:40","modified_gmt":"2025-09-11T11:58:40","slug":"salud-sexual","status":"publish","type":"page","link":"https:\/\/www.oncolifestyle.com\/es\/cancer-de-prostata\/salud-sexual\/","title":{"rendered":"Salud sexual"},"content":{"rendered":"<div class=\"wpb-content-wrapper\"><p>[vc_row full_width=\u00bbstretch_row\u00bb css=\u00bb.vc_custom_1660927072894{background-image: url(https:\/\/www.oncolifestyle.com\/wp-content\/uploads\/2022\/08\/banner-sexual-health.jpg?id=110) !important;background-position: center !important;background-repeat: no-repeat !important;background-size: cover !important;}\u00bb][vc_column width=\u00bb1\/12&#8243;][\/vc_column][vc_column width=\u00bb10\/12&#8243;][vc_empty_space height=\u00bb22vw\u00bb][vc_custom_heading source=\u00bbpost_title\u00bb font_container=\u00bbtag:h1|text_align:left|color:%23ffffff\u00bb use_theme_fonts=\u00bbyes\u00bb css=\u00bb.vc_custom_1713782569900{margin-top: 0px !important;margin-bottom: 100px !important;}\u00bb el_class=\u00bbpage-title\u00bb][\/vc_column][vc_column width=\u00bb1\/12&#8243;][\/vc_column][\/vc_row][vc_row][vc_column width=\u00bb1\/12&#8243;][\/vc_column][vc_column width=\u00bb1\/2&#8243;][vc_column_text el_class=\u00bbbreadcrumbs\u00bb]<!-- Breadcrumb NavXT 7.3.1 -->\n<span property=\"itemListElement\" typeof=\"ListItem\"><a property=\"item\" typeof=\"WebPage\" title=\"Ir a Oncolifestyle.\" href=\"https:\/\/www.oncolifestyle.com\/es\/\" class=\"home\" aria-current=\"page\"><span property=\"name\">Oncolifestyle<\/span><\/a><meta property=\"position\" content=\"1\"><\/span>[\/vc_column_text][vc_column_text]<\/p>\n<h6 class=\"green-pill\">ELECCIONES SALUDABLES<\/h6>\n<h2>El c\u00e1ncer de pr\u00f3stata y una vida sexual sana<\/h2>\n<p>Para muchos de nosotros, el sexo forma parte de la vida. Nos hace sentir bien. Crea intimidad, fortalece las relaciones y nos aporta un mayor disfrute de la vida<sup>1<\/sup>. \u00a1Incluso puede beneficiar a su salud f\u00edsica<sup>2<\/sup>!<\/p>\n<p>Por desgracia, el tratamiento del c\u00e1ncer de pr\u00f3stata puede tener un impacto muy real en su salud sexual. La disfunci\u00f3n er\u00e9ctil y la reducci\u00f3n de la libido (deseo sexual) \u00a0no son infrecuentes, y esto puede pasarle factura a usted y a sus relaciones. Pero hay luz al final del t\u00fanel. Tanto si est\u00e1 aqu\u00ed por usted como por un ser querido, queremos ayudarle a comprender c\u00f3mo afecta el tratamiento del c\u00e1ncer de pr\u00f3stata a la salud sexual, y ayudarle a encontrar nuevas formas de controlar los efectos secundarios no deseados. Con paciencia y algunas opciones excelentes para controlar y mejorar la funci\u00f3n er\u00e9ctil, podr\u00e1 volver a disfrutar de una vida sexual sana durante -y despu\u00e9s- del c\u00e1ncer de pr\u00f3stata.[\/vc_column_text][\/vc_column][vc_column width=\u00bb5\/12&#8243;][vc_single_image image=\u00bb2963&#8243; img_size=\u00bblarge\u00bb el_class=\u00bbpage-circle-image\u00bb][\/vc_column][\/vc_row][vc_row css=\u00bb.vc_custom_1731416878868{padding-bottom: 50px !important;}\u00bb][vc_column width=\u00bb1\/12&#8243;][\/vc_column][vc_column width=\u00bb10\/12&#8243;][vc_video link=\u00bbhttps:\/\/player.vimeo.com\/video\/1115761615&#8243;][\/vc_column][vc_column width=\u00bb1\/12&#8243;][\/vc_column][\/vc_row][vc_row][vc_column width=\u00bb1\/12&#8243;][\/vc_column][vc_column width=\u00bb10\/12&#8243;][vc_custom_heading text=\u00bbExplore sus opciones de tratamiento\u00bb font_container=\u00bbtag:h2|text_align:center\u00bb use_theme_fonts=\u00bbyes\u00bb el_class=\u00bbaccent-line center size-sm\u00bb css=\u00bb.vc_custom_1733923303964{margin-top: 100px !important;margin-bottom: 50px !important;}\u00bb][vc_column_text]<\/p>\n<p style=\"text-align: center;\">Antes de comprometerse con un tratamiento, debe comprender c\u00f3mo puede afectar a su vida sexual y a sus relaciones. Por ejemplo, si le han diagnosticado un c\u00e1ncer de pr\u00f3stata localizado, es posible que quiera hacerle frente con un tratamiento agresivo como una cirug\u00eda de pr\u00f3stata o radioterapia. Por desgracia, ambos tratamientos suelen provocar disfunci\u00f3n er\u00e9ctil. Para muchas personas esto puede tener un gran impacto en su calidad de vida<sup>3<\/sup>, por lo que \u00a0la vigilancia activa puede ser una opci\u00f3n m\u00e1s adecuada<sup>3<\/sup>.<\/p>\n<p>[\/vc_column_text][\/vc_column][vc_column width=\u00bb1\/12&#8243;][\/vc_column][\/vc_row][vc_row equal_height=\u00bbyes\u00bb css=\u00bb.vc_custom_1731374027941{padding-bottom: 100px !important;}\u00bb][vc_column width=\u00bb1\/12&#8243;][\/vc_column][vc_column width=\u00bb10\/12&#8243;][vc_column_text el_class=\u00bbbox-shadow\u00bb css=\u00bb.vc_custom_1733923702941{padding-top: 30px !important;padding-right: 50px !important;padding-bottom: 30px !important;padding-left: 50px !important;}\u00bb]<\/p>\n<h6>diferentes opciones de tratamiento<\/h6>\n<p><span style=\"color: #69bfa8;\"><strong>Al enfrentarse a diferentes opciones de tratamiento, es importante que tenga en cuenta sus prioridades y valores, y si el tratamiento propuesto se ajusta a ellos.<\/strong><\/span><\/p>\n<p>\u00bfLe da valor a una vida larga, durante la cual tendr\u00e1 que lidiar con efectos secundarios complicados, o valora una mayor calidad de vida a cambio de potencialmente menos a\u00f1os? Se trata de una decisi\u00f3n muy personal que debe sopesarse detenidamente con la ayuda de un profesional m\u00e9dico.<\/p>\n<h6>Tambi\u00e9n puede resultarle \u00fatil lo siguiente:<\/h6>\n<ul id=\"sh-icon-list\">\n<li>Preguntar a su m\u00e9dico c\u00f3mo afectar\u00e1n los tratamientos del c\u00e1ncer de pr\u00f3stata a su salud sexual<\/li>\n<li>Unirse a un grupo de apoyo local para escuchar consejos de primera mano<\/li>\n<li>Discutir sus ideas con un consejero<\/li>\n<li>Conocer historias de otros supervivientes de c\u00e1ncer de pr\u00f3stata a trav\u00e9s de podcasts, art\u00edculos y foros<\/li>\n<\/ul>\n<ul id=\"sh-icon-list\"><\/ul>\n<p>[\/vc_column_text][\/vc_column][vc_column width=\u00bb1\/12&#8243;][\/vc_column][\/vc_row][vc_row][vc_column width=\u00bb1\/12&#8243;][\/vc_column][vc_column width=\u00bb10\/12&#8243;][vc_custom_heading text=\u00bb\u00bfLo sab\u00eda?\u00bb font_container=\u00bbtag:h2|text_align:center\u00bb use_theme_fonts=\u00bbyes\u00bb el_class=\u00bbaccent-line center size-sm\u00bb css=\u00bb.vc_custom_1713782409466{margin-top: 100px !important;margin-bottom: 50px !important;}\u00bb][vc_column_text]<\/p>\n<p style=\"text-align: center;\">Arrepentirse de la elecci\u00f3n de un tratamiento para el c\u00e1ncer de pr\u00f3stata es casi seis veces m\u00e1s frecuente en las personas que subestimaron los posibles efectos secundarios<sup>4<\/sup>. Hablar con su m\u00e9dico, leer y aprender m\u00e1s sobre sus opciones de tratamiento es una excelente ayuda para gestionar sus expectativas y tomar una decisi\u00f3n informada.<\/p>\n<p>[\/vc_column_text][\/vc_column][vc_column width=\u00bb1\/12&#8243;][\/vc_column][\/vc_row][vc_row content_placement=\u00bbmiddle\u00bb css=\u00bb.vc_custom_1661956823642{background-image: url(https:\/\/www.oncolifestyle.com\/wp-content\/uploads\/2022\/08\/sh-bg.jpeg?id=351) !important;background-position: center !important;background-repeat: no-repeat !important;background-size: contain !important;}\u00bb][vc_column width=\u00bb2\/12&#8243;][\/vc_column][vc_column width=\u00bb4\/12&#8243; el_class=\u00bboverlap\u00bb][vc_single_image image=\u00bb483&#8243; img_size=\u00bbfull\u00bb alignment=\u00bbright\u00bb][\/vc_column][vc_column width=\u00bb6\/12&#8243;][\/vc_column][\/vc_row][vc_row css=\u00bb.vc_custom_1731373434427{padding-bottom: 250px !important;}\u00bb][vc_column width=\u00bb1\/12&#8243;][\/vc_column][vc_column width=\u00bb10\/12&#8243;][vc_custom_heading text=\u00bbDescubra las novedades\u00bb font_container=\u00bbtag:h2|text_align:center\u00bb use_theme_fonts=\u00bbyes\u00bb el_class=\u00bbaccent-line center size-sm\u00bb css=\u00bb.vc_custom_1733920991471{margin-top: 100px !important;margin-bottom: 50px !important;}\u00bb][\/vc_column][vc_column width=\u00bb1\/12&#8243;][\/vc_column][\/vc_row][vc_row css=\u00bb.vc_custom_1732191381652{background-image: url(https:\/\/www.oncolifestyle.com\/wp-content\/uploads\/2022\/11\/news-bg.jpg?id=677) !important;}\u00bb el_id=\u00bbarticles-row-wrapper\u00bb][vc_column][vc_column_text css=\u00bb.vc_custom_1732191298854{margin-top: -200px !important;margin-bottom: 80px !important;}\u00bb]<div class=\"ajax-posts-container \" id=\"ajax-posts-container-2340001152\" data-feature-first=\"false\"><div class=\"custom-post-grid\" data-categories=\"155\" data-active-categories=\"155\" data-posts-per-page=\"3\" data-limit=\"100\" data-paged=\"1\">\t\t\t<div class=\"custom-post-card\">\n\t\t\t\t\t\t\t\t\t<a class=\"post-thumbnail-wrapper\" href=\"https:\/\/www.oncolifestyle.com\/es\/salud-sexual\/orientacion-y-ayuda\/\">\n\t\t\t\t\t\t<img decoding=\"async\" src=\"https:\/\/www.oncolifestyle.com\/wp-content\/uploads\/2024\/11\/marriage-counselor-taking-notes-while-having-meeting-with-couple-office.jpg\" alt=\"Orientaci\u00f3n y ayuda\" class=\"post-thumbnail\" \/>\n\t\t\t\t\t<\/a>\n\t\t\t\t\t\t\t\t<div class=\"post-content\">\n\t\t\t\t\t\t\t\t\t\t\t<span class=\"post-category green-pill\">Salud sexual<\/span>\n\t\t\t\t\t\t\t\t\t\n\t\t\t\t\t<h2 class=\"post-title\"><a href=\"https:\/\/www.oncolifestyle.com\/es\/salud-sexual\/orientacion-y-ayuda\/\">Orientaci\u00f3n y ayuda<\/a><\/h2>\n\t\t\t\t\t<a href=\"https:\/\/www.oncolifestyle.com\/es\/salud-sexual\/orientacion-y-ayuda\/\" class=\"read-more\">Aprender m\u00e1s<\/a>\n\t\t\t\t<\/div>\n\t\t\t<\/div>\n\t\t\t\t\t\t<div class=\"custom-post-card\">\n\t\t\t\t\t\t\t\t\t<a class=\"post-thumbnail-wrapper\" href=\"https:\/\/www.oncolifestyle.com\/es\/salud-sexual\/ten-mas-intimidad-con-tu-pareja\/\">\n\t\t\t\t\t\t<img decoding=\"async\" src=\"https:\/\/www.oncolifestyle.com\/wp-content\/uploads\/2024\/11\/couple-sits-bench-park-smiling-looking-each-other.jpg\" alt=\"Ten m\u00e1s intimidad con tu pareja\" class=\"post-thumbnail\" \/>\n\t\t\t\t\t<\/a>\n\t\t\t\t\t\t\t\t<div class=\"post-content\">\n\t\t\t\t\t\t\t\t\t\t\t<span class=\"post-category green-pill\">Salud sexual<\/span>\n\t\t\t\t\t\t\t\t\t\n\t\t\t\t\t<h2 class=\"post-title\"><a href=\"https:\/\/www.oncolifestyle.com\/es\/salud-sexual\/ten-mas-intimidad-con-tu-pareja\/\">Ten m\u00e1s intimidad con tu pareja<\/a><\/h2>\n\t\t\t\t\t<a href=\"https:\/\/www.oncolifestyle.com\/es\/salud-sexual\/ten-mas-intimidad-con-tu-pareja\/\" class=\"read-more\">Aprender m\u00e1s<\/a>\n\t\t\t\t<\/div>\n\t\t\t<\/div>\n\t\t\t\t\t\t<div class=\"custom-post-card\">\n\t\t\t\t\t\t\t\t\t<a class=\"post-thumbnail-wrapper\" href=\"https:\/\/www.oncolifestyle.com\/es\/salud-sexual\/tratamiento-de-la-disfuncion-erectil\/\">\n\t\t\t\t\t\t<img decoding=\"async\" src=\"https:\/\/www.oncolifestyle.com\/wp-content\/uploads\/2024\/11\/medium-shot-smiley-people-hugging.jpg\" alt=\"Tratamiento de la disfunci\u00f3n er\u00e9ctil\" class=\"post-thumbnail\" \/>\n\t\t\t\t\t<\/a>\n\t\t\t\t\t\t\t\t<div class=\"post-content\">\n\t\t\t\t\t\t\t\t\t\t\t<span class=\"post-category green-pill\">Salud sexual<\/span>\n\t\t\t\t\t\t\t\t\t\n\t\t\t\t\t<h2 class=\"post-title\"><a href=\"https:\/\/www.oncolifestyle.com\/es\/salud-sexual\/tratamiento-de-la-disfuncion-erectil\/\">Tratamiento de la disfunci\u00f3n er\u00e9ctil<\/a><\/h2>\n\t\t\t\t\t<a href=\"https:\/\/www.oncolifestyle.com\/es\/salud-sexual\/tratamiento-de-la-disfuncion-erectil\/\" class=\"read-more\">Aprender m\u00e1s<\/a>\n\t\t\t\t<\/div>\n\t\t\t<\/div>\n\t\t\t<\/div>\n\t\t<div class=\"vc_btn3-container  view-more-articles vc_btn3-center\" style=\"margin-top: 20px;\">\n\t\t\t<button class=\"load-more vc_general vc_btn3 vc_btn3-size-md vc_btn3-shape-round vc_btn3-style-classic vc_btn3-color-danger\" data-paged=\"2\">Ver m\u00e1s art\u00edculos<\/button>\n\t\t<\/div> <\/div>[\/vc_column_text][\/vc_column][\/vc_row][vc_row css=\u00bb.vc_custom_1660737759822{margin-top: 50px !important;margin-bottom: 50px !important;}\u00bb][vc_column][vc_column_text]<\/p>\n<h6 style=\"text-align: center;\">NUESTRAS FUENTES<\/h6>\n<p style=\"text-align: center;\"><span class=\"sources-btn show-source\">\u00bfDe d\u00f3nde procede esta informaci\u00f3n?<\/span><\/p>\n<p>[\/vc_column_text][\/vc_column][\/vc_row][vc_row full_width=\u00bbstretch_row\u00bb el_class=\u00bbsource\u00bb][vc_column][vc_raw_html]JTNDZGl2JTIwY2xhc3MlM0QlMjJzdmdfX3dyYXBwZXIlMjBjbG9zZS1zb3VyY2UlMjIlM0UlMEElM0NzdmclMjBjbGFzcyUzRCUyMmljb24lMjBpY29uLS1jbG9zZSUyMiUyMGFyaWEtaGlkZGVuJTNEJTIydHJ1ZSUyMiUyMHJvbGUlM0QlMjJpbWclMjIlM0UlM0N1c2UlMjB4bGluayUzQWhyZWYlM0QlMjIlMjNpY29uLWNsb3NlJTIyJTNFJTNDJTJGdXNlJTNFJTNDJTJGc3ZnJTNFJTBBJTNDJTJGZGl2JTNFJTBB[\/vc_raw_html][vc_column_text]<\/p>\n<h6 class=\"accent-line\">NUESTRAS FUENTES<\/h6>\n<h4><strong>\u00bfDe d\u00f3nde procede esta informaci\u00f3n?<\/strong><\/h4>\n<ol>\n<li style=\"list-style-type: none;\">\n<ol>\n<li>Smith, L. et al. Sexual Activity is Associated with Greater Enjoyment of Life in Older Adults. Sex. Med. 7, 11\u201318 (2019).<\/li>\n<li>Brody, S. The Relative Health Benefits of Different Sexual Activities. J. Sex. Med. 7, 1336\u20131361 (2010).<\/li>\n<li>EUPROMS. Europa Uomo\u2019s study on quality of life after prostate cancer treatment: summary of findings. https:\/\/www.europa-uomo.org\/wp-content\/uploads\/2021\/07\/EU_booklet_5July_web.pdf.<\/li>\n<li>Wallis, C. J. D. et al. Association of Treatment Modality, Functional Outcomes, and Baseline Characteristics With Treatment-Related Regret Among Men With Localized Prostate Cancer. JAMA Oncol. 8, 50 (2022).<\/li>\n<\/ol>\n<\/li>\n<\/ol>\n<p>[\/vc_column_text][\/vc_column][\/vc_row]<\/p>\n<\/div>","protected":false},"excerpt":{"rendered":"<p>[vc_row full_width=\u00bbstretch_row\u00bb css=\u00bb.vc_custom_1660927072894{background-image: url(https:\/\/www.oncolifestyle.com\/wp-content\/uploads\/2022\/08\/banner-sexual-health.jpg?id=110) !important;background-position: center !important;background-repeat: no-repeat !important;background-size: cover !important;}\u00bb][vc_column width=\u00bb1\/12&#8243;][\/vc_column][vc_column width=\u00bb10\/12&#8243;][vc_empty_space height=\u00bb22vw\u00bb][vc_custom_heading source=\u00bbpost_title\u00bb font_container=\u00bbtag:h1|text_align:left|color:%23ffffff\u00bb use_theme_fonts=\u00bbyes\u00bb css=\u00bb.vc_custom_1713782569900{margin-top: 0px !important;margin-bottom: [&hellip;]<\/p>\n","protected":false},"author":1,"featured_media":0,"parent":1692,"menu_order":0,"comment_status":"closed","ping_status":"closed","template":"template-fullwidth.php","meta":{"_acf_changed":false,"inline_featured_image":false,"footnotes":""},"class_list":["post-1702","page","type-page","status-publish","hentry"],"acf":[],"yoast_head":"<!-- This site is optimized with the Yoast SEO plugin v23.8 - https:\/\/yoast.com\/wordpress\/plugins\/seo\/ -->\n<title>Salud sexual tras el c\u00e1ncer de pr\u00f3stata: intimidad y bienestar | Oncolifestyle<\/title>\n<meta name=\"description\" content=\"Lea sobre c\u00f3mo pueden afectar distintos tratamientos contra el c\u00e1ncer de pr\u00f3stata a su salud sexual y descubra c\u00f3mo recuperar una vida sexual saludable.\" \/>\n<meta name=\"robots\" content=\"index, follow, max-snippet:-1, max-image-preview:large, max-video-preview:-1\" \/>\n<link rel=\"canonical\" href=\"https:\/\/www.oncolifestyle.com\/es\/cancer-de-prostata\/salud-sexual\/\" \/>\n<meta property=\"og:locale\" content=\"es_ES\" \/>\n<meta property=\"og:type\" content=\"article\" \/>\n<meta property=\"og:title\" content=\"Salud sexual tras el c\u00e1ncer de pr\u00f3stata: intimidad y bienestar | Oncolifestyle\" \/>\n<meta property=\"og:description\" content=\"Lea sobre c\u00f3mo pueden afectar distintos tratamientos contra el c\u00e1ncer de pr\u00f3stata a su salud sexual y descubra c\u00f3mo recuperar una vida sexual saludable.\" \/>\n<meta property=\"og:url\" content=\"https:\/\/www.oncolifestyle.com\/es\/cancer-de-prostata\/salud-sexual\/\" \/>\n<meta property=\"og:site_name\" content=\"Oncolifestyle\" \/>\n<meta property=\"article:modified_time\" content=\"2025-09-11T11:58:40+00:00\" \/>\n<meta name=\"twitter:card\" content=\"summary_large_image\" \/>\n<meta name=\"twitter:label1\" content=\"Tiempo de lectura\" \/>\n\t<meta name=\"twitter:data1\" content=\"4 minutos\" \/>\n<script type=\"application\/ld+json\" class=\"yoast-schema-graph\">{\"@context\":\"https:\/\/schema.org\",\"@graph\":[{\"@type\":\"WebPage\",\"@id\":\"https:\/\/www.oncolifestyle.com\/es\/cancer-de-prostata\/salud-sexual\/\",\"url\":\"https:\/\/www.oncolifestyle.com\/es\/cancer-de-prostata\/salud-sexual\/\",\"name\":\"Salud sexual tras el c\u00e1ncer de pr\u00f3stata: intimidad y bienestar | Oncolifestyle\",\"isPartOf\":{\"@id\":\"https:\/\/www.oncolifestyle.com\/es\/#website\"},\"datePublished\":\"2022-08-08T09:32:21+00:00\",\"dateModified\":\"2025-09-11T11:58:40+00:00\",\"description\":\"Lea sobre c\u00f3mo pueden afectar distintos tratamientos contra el c\u00e1ncer de pr\u00f3stata a su salud sexual y descubra c\u00f3mo recuperar una vida sexual saludable.\",\"breadcrumb\":{\"@id\":\"https:\/\/www.oncolifestyle.com\/es\/cancer-de-prostata\/salud-sexual\/#breadcrumb\"},\"inLanguage\":\"es\",\"potentialAction\":[{\"@type\":\"ReadAction\",\"target\":[\"https:\/\/www.oncolifestyle.com\/es\/cancer-de-prostata\/salud-sexual\/\"]}]},{\"@type\":\"BreadcrumbList\",\"@id\":\"https:\/\/www.oncolifestyle.com\/es\/cancer-de-prostata\/salud-sexual\/#breadcrumb\",\"itemListElement\":[{\"@type\":\"ListItem\",\"position\":1,\"name\":\"Home\",\"item\":\"https:\/\/www.oncolifestyle.com\/es\/\"},{\"@type\":\"ListItem\",\"position\":2,\"name\":\"C\u00e1ncer de Pr\u00f3stata\",\"item\":\"https:\/\/www.oncolifestyle.com\/es\/cancer-de-prostata\/\"},{\"@type\":\"ListItem\",\"position\":3,\"name\":\"Salud sexual\"}]},{\"@type\":\"WebSite\",\"@id\":\"https:\/\/www.oncolifestyle.com\/es\/#website\",\"url\":\"https:\/\/www.oncolifestyle.com\/es\/\",\"name\":\"Oncolifestyle\",\"description\":\"Helping people with cancer live well\",\"publisher\":{\"@id\":\"https:\/\/www.oncolifestyle.com\/es\/#organization\"},\"potentialAction\":[{\"@type\":\"SearchAction\",\"target\":{\"@type\":\"EntryPoint\",\"urlTemplate\":\"https:\/\/www.oncolifestyle.com\/es\/?s={search_term_string}\"},\"query-input\":{\"@type\":\"PropertyValueSpecification\",\"valueRequired\":true,\"valueName\":\"search_term_string\"}}],\"inLanguage\":\"es\"},{\"@type\":\"Organization\",\"@id\":\"https:\/\/www.oncolifestyle.com\/es\/#organization\",\"name\":\"Oncolifestyle\",\"url\":\"https:\/\/www.oncolifestyle.com\/es\/\",\"logo\":{\"@type\":\"ImageObject\",\"inLanguage\":\"es\",\"@id\":\"https:\/\/www.oncolifestyle.com\/es\/#\/schema\/logo\/image\/\",\"url\":\"https:\/\/www.oncolifestyle.com\/wp-content\/uploads\/2022\/08\/ONCO_LOGO_RGB_horizontal.png\",\"contentUrl\":\"https:\/\/www.oncolifestyle.com\/wp-content\/uploads\/2022\/08\/ONCO_LOGO_RGB_horizontal.png\",\"width\":2062,\"height\":434,\"caption\":\"Oncolifestyle\"},\"image\":{\"@id\":\"https:\/\/www.oncolifestyle.com\/es\/#\/schema\/logo\/image\/\"}}]}<\/script>\n<!-- \/ Yoast SEO plugin. -->","yoast_head_json":{"title":"Salud sexual tras el c\u00e1ncer de pr\u00f3stata: intimidad y bienestar | Oncolifestyle","description":"Lea sobre c\u00f3mo pueden afectar distintos tratamientos contra el c\u00e1ncer de pr\u00f3stata a su salud sexual y descubra c\u00f3mo recuperar una vida sexual saludable.","robots":{"index":"index","follow":"follow","max-snippet":"max-snippet:-1","max-image-preview":"max-image-preview:large","max-video-preview":"max-video-preview:-1"},"canonical":"https:\/\/www.oncolifestyle.com\/es\/cancer-de-prostata\/salud-sexual\/","og_locale":"es_ES","og_type":"article","og_title":"Salud sexual tras el c\u00e1ncer de pr\u00f3stata: intimidad y bienestar | Oncolifestyle","og_description":"Lea sobre c\u00f3mo pueden afectar distintos tratamientos contra el c\u00e1ncer de pr\u00f3stata a su salud sexual y descubra c\u00f3mo recuperar una vida sexual saludable.","og_url":"https:\/\/www.oncolifestyle.com\/es\/cancer-de-prostata\/salud-sexual\/","og_site_name":"Oncolifestyle","article_modified_time":"2025-09-11T11:58:40+00:00","twitter_card":"summary_large_image","twitter_misc":{"Tiempo de lectura":"4 minutos"},"schema":{"@context":"https:\/\/schema.org","@graph":[{"@type":"WebPage","@id":"https:\/\/www.oncolifestyle.com\/es\/cancer-de-prostata\/salud-sexual\/","url":"https:\/\/www.oncolifestyle.com\/es\/cancer-de-prostata\/salud-sexual\/","name":"Salud sexual tras el c\u00e1ncer de pr\u00f3stata: intimidad y bienestar | Oncolifestyle","isPartOf":{"@id":"https:\/\/www.oncolifestyle.com\/es\/#website"},"datePublished":"2022-08-08T09:32:21+00:00","dateModified":"2025-09-11T11:58:40+00:00","description":"Lea sobre c\u00f3mo pueden afectar distintos tratamientos contra el c\u00e1ncer de pr\u00f3stata a su salud sexual y descubra c\u00f3mo recuperar una vida sexual saludable.","breadcrumb":{"@id":"https:\/\/www.oncolifestyle.com\/es\/cancer-de-prostata\/salud-sexual\/#breadcrumb"},"inLanguage":"es","potentialAction":[{"@type":"ReadAction","target":["https:\/\/www.oncolifestyle.com\/es\/cancer-de-prostata\/salud-sexual\/"]}]},{"@type":"BreadcrumbList","@id":"https:\/\/www.oncolifestyle.com\/es\/cancer-de-prostata\/salud-sexual\/#breadcrumb","itemListElement":[{"@type":"ListItem","position":1,"name":"Home","item":"https:\/\/www.oncolifestyle.com\/es\/"},{"@type":"ListItem","position":2,"name":"C\u00e1ncer de Pr\u00f3stata","item":"https:\/\/www.oncolifestyle.com\/es\/cancer-de-prostata\/"},{"@type":"ListItem","position":3,"name":"Salud sexual"}]},{"@type":"WebSite","@id":"https:\/\/www.oncolifestyle.com\/es\/#website","url":"https:\/\/www.oncolifestyle.com\/es\/","name":"Oncolifestyle","description":"Helping people with cancer live well","publisher":{"@id":"https:\/\/www.oncolifestyle.com\/es\/#organization"},"potentialAction":[{"@type":"SearchAction","target":{"@type":"EntryPoint","urlTemplate":"https:\/\/www.oncolifestyle.com\/es\/?s={search_term_string}"},"query-input":{"@type":"PropertyValueSpecification","valueRequired":true,"valueName":"search_term_string"}}],"inLanguage":"es"},{"@type":"Organization","@id":"https:\/\/www.oncolifestyle.com\/es\/#organization","name":"Oncolifestyle","url":"https:\/\/www.oncolifestyle.com\/es\/","logo":{"@type":"ImageObject","inLanguage":"es","@id":"https:\/\/www.oncolifestyle.com\/es\/#\/schema\/logo\/image\/","url":"https:\/\/www.oncolifestyle.com\/wp-content\/uploads\/2022\/08\/ONCO_LOGO_RGB_horizontal.png","contentUrl":"https:\/\/www.oncolifestyle.com\/wp-content\/uploads\/2022\/08\/ONCO_LOGO_RGB_horizontal.png","width":2062,"height":434,"caption":"Oncolifestyle"},"image":{"@id":"https:\/\/www.oncolifestyle.com\/es\/#\/schema\/logo\/image\/"}}]}},"_links":{"self":[{"href":"https:\/\/www.oncolifestyle.com\/es\/wp-json\/wp\/v2\/pages\/1702","targetHints":{"allow":["GET"]}}],"collection":[{"href":"https:\/\/www.oncolifestyle.com\/es\/wp-json\/wp\/v2\/pages"}],"about":[{"href":"https:\/\/www.oncolifestyle.com\/es\/wp-json\/wp\/v2\/types\/page"}],"author":[{"embeddable":true,"href":"https:\/\/www.oncolifestyle.com\/es\/wp-json\/wp\/v2\/users\/1"}],"replies":[{"embeddable":true,"href":"https:\/\/www.oncolifestyle.com\/es\/wp-json\/wp\/v2\/comments?post=1702"}],"version-history":[{"count":10,"href":"https:\/\/www.oncolifestyle.com\/es\/wp-json\/wp\/v2\/pages\/1702\/revisions"}],"predecessor-version":[{"id":4000,"href":"https:\/\/www.oncolifestyle.com\/es\/wp-json\/wp\/v2\/pages\/1702\/revisions\/4000"}],"up":[{"embeddable":true,"href":"https:\/\/www.oncolifestyle.com\/es\/wp-json\/wp\/v2\/pages\/1692"}],"wp:attachment":[{"href":"https:\/\/www.oncolifestyle.com\/es\/wp-json\/wp\/v2\/media?parent=1702"}],"curies":[{"name":"wp","href":"https:\/\/api.w.org\/{rel}","templated":true}]}}