{"id":1985,"date":"2022-07-27T23:10:25","date_gmt":"2022-07-27T23:10:25","guid":{"rendered":"https:\/\/www.oncolifestyle.com\/blog\/"},"modified":"2022-07-27T23:10:25","modified_gmt":"2022-07-27T23:10:25","slug":"blog","status":"publish","type":"page","link":"https:\/\/www.oncolifestyle.com\/es\/blog\/","title":{"rendered":"Blog"},"content":{"rendered":"<div class=\"wpb-content-wrapper\"><p>[vc_row full_width=\u00bbstretch_row\u00bb css=\u00bb.vc_custom_1712004797680{background-image: url(https:\/\/www.oncolifestyle.com\/wp-content\/uploads\/2024\/04\/news-banner-1.jpg?id=1388) !important;background-position: center !important;background-repeat: no-repeat !important;background-size: cover !important;}\u00bb][vc_column width=\u00bb1\/12&#8243;][\/vc_column][vc_column width=\u00bb10\/12&#8243;][vc_empty_space height=\u00bb15vw\u00bb][vc_custom_heading text=\u00bbNews\u00bb font_container=\u00bbtag:h1|text_align:left|color:%23ffffff\u00bb use_theme_fonts=\u00bbyes\u00bb css=\u00bb.vc_custom_1712004873675{margin-top: 0px !important;}\u00bb][vc_empty_space height=\u00bb5vw\u00bb][\/vc_column][vc_column width=\u00bb1\/12&#8243;][\/vc_column][\/vc_row][vc_row full_width=\u00bbstretch_row\u00bb css=\u00bb.vc_custom_1712004572330{background-image: url(https:\/\/www.oncolifestyle.com\/wp-content\/uploads\/2022\/11\/news-bg.jpg?id=677) !important;background-position: center !important;background-repeat: no-repeat !important;background-size: contain !important;}\u00bb el_id=\u00bbblog-wrapper\u00bb][vc_column][vc_row_inner][vc_column_inner width=\u00bb1\/12&#8243;][\/vc_column_inner][vc_column_inner width=\u00bb10\/12&#8243;][vc_column_text el_class=\u00bbbreadcrumbs\u00bb]<span><span><a href=\"https:\/\/www.oncolifestyle.com\/es\/\">Home<\/a><\/span><\/span>[\/vc_column_text][vc_column_text]<\/p>\n<h2>Explore and discover<\/h2>\n<p>[\/vc_column_text][vc_basic_grid post_type=\u00bbpost\u00bb max_items=\u00bb-1&#8243; show_filter=\u00bbyes\u00bb item=\u00bb1369&#8243; grid_id=\u00bbvc_gid:1712321663309-8c385b55d15051ab43314cf96c497a8b-5&#8243; filter_source=\u00bbcategory\u00bb][\/vc_column_inner][vc_column_inner width=\u00bb1\/12&#8243;][\/vc_column_inner][\/vc_row_inner][\/vc_column][\/vc_row]<\/p>\n<\/div>","protected":false},"excerpt":{"rendered":"<p>[vc_row full_width=\u00bbstretch_row\u00bb css=\u00bb.vc_custom_1712004797680{background-image: url(https:\/\/www.oncolifestyle.com\/wp-content\/uploads\/2024\/04\/news-banner-1.jpg?id=1388) !important;background-position: center !important;background-repeat: no-repeat !important;background-size: cover !important;}\u00bb][vc_column width=\u00bb1\/12&#8243;][\/vc_column][vc_column width=\u00bb10\/12&#8243;][vc_empty_space height=\u00bb15vw\u00bb][vc_custom_heading text=\u00bbNews\u00bb font_container=\u00bbtag:h1|text_align:left|color:%23ffffff\u00bb use_theme_fonts=\u00bbyes\u00bb css=\u00bb.vc_custom_1712004873675{margin-top: 0px !important;}\u00bb][vc_empty_space [&hellip;]<\/p>\n","protected":false},"author":1,"featured_media":1676,"parent":0,"menu_order":0,"comment_status":"closed","ping_status":"closed","template":"","meta":{"_acf_changed":false,"inline_featured_image":false,"footnotes":""},"class_list":["post-1985","page","type-page","status-publish","has-post-thumbnail","hentry"],"acf":[],"yoast_head":"<!-- This site is optimized with the Yoast SEO plugin v23.8 - https:\/\/yoast.com\/wordpress\/plugins\/seo\/ -->\n<title>Vivir bien con y despu\u00e9s del c\u00e1ncer \u2013 Blog | Oncolifestyle<\/title>\n<meta name=\"description\" content=\"Art\u00edculos basados en evidencia y experiencias para vivir bien durante y despu\u00e9s del c\u00e1ncer.\" \/>\n<meta name=\"robots\" content=\"index, follow, max-snippet:-1, max-image-preview:large, max-video-preview:-1\" \/>\n<link rel=\"canonical\" href=\"https:\/\/www.oncolifestyle.com\/es\/blog\/\" \/>\n<meta property=\"og:locale\" content=\"es_ES\" \/>\n<meta property=\"og:type\" content=\"article\" \/>\n<meta property=\"og:title\" content=\"Vivir bien con y despu\u00e9s del c\u00e1ncer \u2013 Blog | Oncolifestyle\" \/>\n<meta property=\"og:description\" content=\"Art\u00edculos basados en evidencia y experiencias para vivir bien durante y despu\u00e9s del c\u00e1ncer.\" \/>\n<meta property=\"og:url\" content=\"https:\/\/www.oncolifestyle.com\/es\/blog\/\" \/>\n<meta property=\"og:site_name\" content=\"Oncolifestyle\" \/>\n<meta property=\"og:image\" content=\"https:\/\/www.oncolifestyle.com\/wp-content\/uploads\/2024\/04\/news-banner-1.jpg\" \/>\n\t<meta property=\"og:image:width\" content=\"1920\" \/>\n\t<meta property=\"og:image:height\" content=\"669\" \/>\n\t<meta property=\"og:image:type\" content=\"image\/jpeg\" \/>\n<meta name=\"twitter:card\" content=\"summary_large_image\" \/>\n<meta name=\"twitter:label1\" content=\"Tiempo de lectura\" \/>\n\t<meta name=\"twitter:data1\" content=\"1 minuto\" \/>\n<script type=\"application\/ld+json\" class=\"yoast-schema-graph\">{\"@context\":\"https:\/\/schema.org\",\"@graph\":[{\"@type\":\"WebPage\",\"@id\":\"https:\/\/www.oncolifestyle.com\/es\/blog\/\",\"url\":\"https:\/\/www.oncolifestyle.com\/es\/blog\/\",\"name\":\"Vivir bien con y despu\u00e9s del c\u00e1ncer \u2013 Blog | Oncolifestyle\",\"isPartOf\":{\"@id\":\"https:\/\/www.oncolifestyle.com\/es\/#website\"},\"primaryImageOfPage\":{\"@id\":\"https:\/\/www.oncolifestyle.com\/es\/blog\/#primaryimage\"},\"image\":{\"@id\":\"https:\/\/www.oncolifestyle.com\/es\/blog\/#primaryimage\"},\"thumbnailUrl\":\"https:\/\/www.oncolifestyle.com\/wp-content\/uploads\/2024\/04\/news-banner-1.jpg\",\"datePublished\":\"2022-07-27T23:10:25+00:00\",\"dateModified\":\"2022-07-27T23:10:25+00:00\",\"description\":\"Art\u00edculos basados en evidencia y experiencias para vivir bien durante y despu\u00e9s del c\u00e1ncer.\",\"breadcrumb\":{\"@id\":\"https:\/\/www.oncolifestyle.com\/es\/blog\/#breadcrumb\"},\"inLanguage\":\"es\",\"potentialAction\":[{\"@type\":\"ReadAction\",\"target\":[\"https:\/\/www.oncolifestyle.com\/es\/blog\/\"]}]},{\"@type\":\"ImageObject\",\"inLanguage\":\"es\",\"@id\":\"https:\/\/www.oncolifestyle.com\/es\/blog\/#primaryimage\",\"url\":\"https:\/\/www.oncolifestyle.com\/wp-content\/uploads\/2024\/04\/news-banner-1.jpg\",\"contentUrl\":\"https:\/\/www.oncolifestyle.com\/wp-content\/uploads\/2024\/04\/news-banner-1.jpg\",\"width\":1920,\"height\":669},{\"@type\":\"BreadcrumbList\",\"@id\":\"https:\/\/www.oncolifestyle.com\/es\/blog\/#breadcrumb\",\"itemListElement\":[{\"@type\":\"ListItem\",\"position\":1,\"name\":\"Home\",\"item\":\"https:\/\/www.oncolifestyle.com\/es\/\"},{\"@type\":\"ListItem\",\"position\":2,\"name\":\"Blog\"}]},{\"@type\":\"WebSite\",\"@id\":\"https:\/\/www.oncolifestyle.com\/es\/#website\",\"url\":\"https:\/\/www.oncolifestyle.com\/es\/\",\"name\":\"Oncolifestyle\",\"description\":\"Helping people with cancer live well\",\"publisher\":{\"@id\":\"https:\/\/www.oncolifestyle.com\/es\/#organization\"},\"potentialAction\":[{\"@type\":\"SearchAction\",\"target\":{\"@type\":\"EntryPoint\",\"urlTemplate\":\"https:\/\/www.oncolifestyle.com\/es\/?s={search_term_string}\"},\"query-input\":{\"@type\":\"PropertyValueSpecification\",\"valueRequired\":true,\"valueName\":\"search_term_string\"}}],\"inLanguage\":\"es\"},{\"@type\":\"Organization\",\"@id\":\"https:\/\/www.oncolifestyle.com\/es\/#organization\",\"name\":\"Oncolifestyle\",\"url\":\"https:\/\/www.oncolifestyle.com\/es\/\",\"logo\":{\"@type\":\"ImageObject\",\"inLanguage\":\"es\",\"@id\":\"https:\/\/www.oncolifestyle.com\/es\/#\/schema\/logo\/image\/\",\"url\":\"https:\/\/www.oncolifestyle.com\/wp-content\/uploads\/2022\/08\/ONCO_LOGO_RGB_horizontal.png\",\"contentUrl\":\"https:\/\/www.oncolifestyle.com\/wp-content\/uploads\/2022\/08\/ONCO_LOGO_RGB_horizontal.png\",\"width\":2062,\"height\":434,\"caption\":\"Oncolifestyle\"},\"image\":{\"@id\":\"https:\/\/www.oncolifestyle.com\/es\/#\/schema\/logo\/image\/\"}}]}<\/script>\n<!-- \/ Yoast SEO plugin. -->","yoast_head_json":{"title":"Vivir bien con y despu\u00e9s del c\u00e1ncer \u2013 Blog | Oncolifestyle","description":"Art\u00edculos basados en evidencia y experiencias para vivir bien durante y despu\u00e9s del c\u00e1ncer.","robots":{"index":"index","follow":"follow","max-snippet":"max-snippet:-1","max-image-preview":"max-image-preview:large","max-video-preview":"max-video-preview:-1"},"canonical":"https:\/\/www.oncolifestyle.com\/es\/blog\/","og_locale":"es_ES","og_type":"article","og_title":"Vivir bien con y despu\u00e9s del c\u00e1ncer \u2013 Blog | Oncolifestyle","og_description":"Art\u00edculos basados en evidencia y experiencias para vivir bien durante y despu\u00e9s del c\u00e1ncer.","og_url":"https:\/\/www.oncolifestyle.com\/es\/blog\/","og_site_name":"Oncolifestyle","og_image":[{"width":1920,"height":669,"url":"https:\/\/www.oncolifestyle.com\/wp-content\/uploads\/2024\/04\/news-banner-1.jpg","type":"image\/jpeg"}],"twitter_card":"summary_large_image","twitter_misc":{"Tiempo de lectura":"1 minuto"},"schema":{"@context":"https:\/\/schema.org","@graph":[{"@type":"WebPage","@id":"https:\/\/www.oncolifestyle.com\/es\/blog\/","url":"https:\/\/www.oncolifestyle.com\/es\/blog\/","name":"Vivir bien con y despu\u00e9s del c\u00e1ncer \u2013 Blog | Oncolifestyle","isPartOf":{"@id":"https:\/\/www.oncolifestyle.com\/es\/#website"},"primaryImageOfPage":{"@id":"https:\/\/www.oncolifestyle.com\/es\/blog\/#primaryimage"},"image":{"@id":"https:\/\/www.oncolifestyle.com\/es\/blog\/#primaryimage"},"thumbnailUrl":"https:\/\/www.oncolifestyle.com\/wp-content\/uploads\/2024\/04\/news-banner-1.jpg","datePublished":"2022-07-27T23:10:25+00:00","dateModified":"2022-07-27T23:10:25+00:00","description":"Art\u00edculos basados en evidencia y experiencias para vivir bien durante y despu\u00e9s del c\u00e1ncer.","breadcrumb":{"@id":"https:\/\/www.oncolifestyle.com\/es\/blog\/#breadcrumb"},"inLanguage":"es","potentialAction":[{"@type":"ReadAction","target":["https:\/\/www.oncolifestyle.com\/es\/blog\/"]}]},{"@type":"ImageObject","inLanguage":"es","@id":"https:\/\/www.oncolifestyle.com\/es\/blog\/#primaryimage","url":"https:\/\/www.oncolifestyle.com\/wp-content\/uploads\/2024\/04\/news-banner-1.jpg","contentUrl":"https:\/\/www.oncolifestyle.com\/wp-content\/uploads\/2024\/04\/news-banner-1.jpg","width":1920,"height":669},{"@type":"BreadcrumbList","@id":"https:\/\/www.oncolifestyle.com\/es\/blog\/#breadcrumb","itemListElement":[{"@type":"ListItem","position":1,"name":"Home","item":"https:\/\/www.oncolifestyle.com\/es\/"},{"@type":"ListItem","position":2,"name":"Blog"}]},{"@type":"WebSite","@id":"https:\/\/www.oncolifestyle.com\/es\/#website","url":"https:\/\/www.oncolifestyle.com\/es\/","name":"Oncolifestyle","description":"Helping people with cancer live well","publisher":{"@id":"https:\/\/www.oncolifestyle.com\/es\/#organization"},"potentialAction":[{"@type":"SearchAction","target":{"@type":"EntryPoint","urlTemplate":"https:\/\/www.oncolifestyle.com\/es\/?s={search_term_string}"},"query-input":{"@type":"PropertyValueSpecification","valueRequired":true,"valueName":"search_term_string"}}],"inLanguage":"es"},{"@type":"Organization","@id":"https:\/\/www.oncolifestyle.com\/es\/#organization","name":"Oncolifestyle","url":"https:\/\/www.oncolifestyle.com\/es\/","logo":{"@type":"ImageObject","inLanguage":"es","@id":"https:\/\/www.oncolifestyle.com\/es\/#\/schema\/logo\/image\/","url":"https:\/\/www.oncolifestyle.com\/wp-content\/uploads\/2022\/08\/ONCO_LOGO_RGB_horizontal.png","contentUrl":"https:\/\/www.oncolifestyle.com\/wp-content\/uploads\/2022\/08\/ONCO_LOGO_RGB_horizontal.png","width":2062,"height":434,"caption":"Oncolifestyle"},"image":{"@id":"https:\/\/www.oncolifestyle.com\/es\/#\/schema\/logo\/image\/"}}]}},"_links":{"self":[{"href":"https:\/\/www.oncolifestyle.com\/es\/wp-json\/wp\/v2\/pages\/1985","targetHints":{"allow":["GET"]}}],"collection":[{"href":"https:\/\/www.oncolifestyle.com\/es\/wp-json\/wp\/v2\/pages"}],"about":[{"href":"https:\/\/www.oncolifestyle.com\/es\/wp-json\/wp\/v2\/types\/page"}],"author":[{"embeddable":true,"href":"https:\/\/www.oncolifestyle.com\/es\/wp-json\/wp\/v2\/users\/1"}],"replies":[{"embeddable":true,"href":"https:\/\/www.oncolifestyle.com\/es\/wp-json\/wp\/v2\/comments?post=1985"}],"version-history":[{"count":0,"href":"https:\/\/www.oncolifestyle.com\/es\/wp-json\/wp\/v2\/pages\/1985\/revisions"}],"wp:featuredmedia":[{"embeddable":true,"href":"https:\/\/www.oncolifestyle.com\/es\/wp-json\/wp\/v2\/media\/1676"}],"wp:attachment":[{"href":"https:\/\/www.oncolifestyle.com\/es\/wp-json\/wp\/v2\/media?parent=1985"}],"curies":[{"name":"wp","href":"https:\/\/api.w.org\/{rel}","templated":true}]}}