{"id":2382,"date":"2022-07-27T23:10:25","date_gmt":"2022-07-27T23:10:25","guid":{"rendered":"https:\/\/www.oncolifestyle.com\/home\/"},"modified":"2024-12-02T13:33:34","modified_gmt":"2024-12-02T13:33:34","slug":"home","status":"publish","type":"page","link":"https:\/\/www.oncolifestyle.com\/es\/","title":{"rendered":"Home"},"content":{"rendered":"<div class=\"wpb-content-wrapper\"><p>[vc_row full_width=\u00bbstretch_row\u00bb css=\u00bb.vc_custom_1731243703204{background-image: url(https:\/\/www.oncolifestyle.com\/wp-content\/uploads\/2024\/11\/home-banner.jpg?id=2337) !important;background-position: center !important;background-repeat: no-repeat !important;background-size: cover !important;}\u00bb el_class=\u00bbpage-banner\u00bb][vc_column width=\u00bb1\/12&#8243;][\/vc_column][vc_column width=\u00bb7\/12&#8243;][vc_empty_space height=\u00bb17vw\u00bb][vc_custom_heading text=\u00bbAyud\u00e1ndote a vivir bien con el c\u00e1ncer\u00bb font_container=\u00bbtag:h1|text_align:left|color:%23ffffff\u00bb use_theme_fonts=\u00bbyes\u00bb css=\u00bb.vc_custom_1733145341632{margin-top: 0px !important;}\u00bb][vc_empty_space height=\u00bb5vw\u00bb][\/vc_column][vc_column width=\u00bb3\/12&#8243;][\/vc_column][vc_column width=\u00bb1\/12&#8243;][\/vc_column][\/vc_row][vc_row][vc_column width=\u00bb1\/12&#8243;][\/vc_column][vc_column width=\u00bb1\/2&#8243;][vc_column_text css=\u00bb.vc_custom_1733145486779{margin-top: 50px !important;}\u00bb]<\/p>\n<h6 class=\"green-pill\">DECLARACI\u00d3N DE MISI\u00d3N<\/h6>\n<h2><strong>Ayud\u00e1ndote a vivir bien con el c\u00e1ncer<\/strong><\/h2>\n<p>&nbsp;<\/p>\n<p>El c\u00e1ncer afecta a todas las \u00e1reas de su vida. Tanto si le ha sido diagnosticado a usted, o a alguien cercano, estamos aqu\u00ed para ayudarle a navegar por los cambios.<\/p>\n<p>En Oncolifestyle encontrar\u00e1 informaci\u00f3n accesible y factual para asumir un papel activo a la hora de convivir con el c\u00e1ncer, tomar decisiones positivas sobre su estilo de vida y encontrar nuevas formas de mejorar su calidad de vida.[\/vc_column_text][\/vc_column][vc_column width=\u00bb5\/12&#8243;][vc_single_image image=\u00bb2343&#8243; img_size=\u00bblarge\u00bb el_class=\u00bbpage-circle-image\u00bb][\/vc_column][\/vc_row][vc_row css=\u00bb.vc_custom_1731265418453{padding-bottom: 150px !important;}\u00bb][vc_column][vc_custom_heading text=\u00bbNovedades\u00bb font_container=\u00bbtag:h2|text_align:center\u00bb use_theme_fonts=\u00bbyes\u00bb el_class=\u00bbaccent-line center\u00bb css=\u00bb.vc_custom_1733145511280{margin-top: 100px !important;margin-bottom: 100px !important;}\u00bb][\/vc_column][\/vc_row][vc_row css=\u00bb.vc_custom_1731265407035{background-image: url(https:\/\/www.oncolifestyle.com\/wp-content\/uploads\/2022\/11\/news-bg.jpg?id=677) !important;}\u00bb][vc_column][vc_column_text css=\u00bb.vc_custom_1731404795383{margin-top: -200px !important;margin-bottom: 80px !important;}\u00bb]<div class=\"ajax-posts-container \" id=\"ajax-posts-container-3616309830\" data-feature-first=\"false\"><div class=\"custom-post-grid\" data-categories=\"87\" data-active-categories=\"87\" data-posts-per-page=\"3\" data-limit=\"3\" data-paged=\"1\">\t\t\t<div class=\"custom-post-card\">\n\t\t\t\t\t\t\t\t\t<a class=\"post-thumbnail-wrapper\" href=\"https:\/\/www.oncolifestyle.com\/es\/salud-mental\/que-puede-hacer-un-consejero-por-ti\/\">\n\t\t\t\t\t\t<img decoding=\"async\" src=\"https:\/\/www.oncolifestyle.com\/wp-content\/uploads\/2024\/08\/man-sitting-psychologist-s-office-talking-about-problems.jpg\" alt=\"\u00bfQu\u00e9 puede hacer un consejero por ti?\" class=\"post-thumbnail\" \/>\n\t\t\t\t\t<\/a>\n\t\t\t\t\t\t\t\t<div class=\"post-content\">\n\t\t\t\t\t\t\t\t\t\t\t<span class=\"post-category green-pill\">Salud mental<\/span>\n\t\t\t\t\t\t\t\t\t\n\t\t\t\t\t<h2 class=\"post-title\"><a href=\"https:\/\/www.oncolifestyle.com\/es\/salud-mental\/que-puede-hacer-un-consejero-por-ti\/\">\u00bfQu\u00e9 puede hacer un consejero por ti?<\/a><\/h2>\n\t\t\t\t\t<a href=\"https:\/\/www.oncolifestyle.com\/es\/salud-mental\/que-puede-hacer-un-consejero-por-ti\/\" class=\"read-more\">Aprender m\u00e1s<\/a>\n\t\t\t\t<\/div>\n\t\t\t<\/div>\n\t\t\t\t\t\t<div class=\"custom-post-card\">\n\t\t\t\t\t\t\t\t\t<a class=\"post-thumbnail-wrapper\" href=\"https:\/\/www.oncolifestyle.com\/es\/salud-mental\/los-beneficios-de-los-ejercicios-de-relajacion\/\">\n\t\t\t\t\t\t<img decoding=\"async\" src=\"https:\/\/www.oncolifestyle.com\/wp-content\/uploads\/2024\/08\/group-young-sporty-people-sitting-sukhasana-close-up.jpg\" alt=\"Los beneficios de los ejercicios de relajaci\u00f3n\" class=\"post-thumbnail\" \/>\n\t\t\t\t\t<\/a>\n\t\t\t\t\t\t\t\t<div class=\"post-content\">\n\t\t\t\t\t\t\t\t\t\t\t<span class=\"post-category green-pill\">Salud emocional<\/span>\n\t\t\t\t\t\t\t\t\t\n\t\t\t\t\t<h2 class=\"post-title\"><a href=\"https:\/\/www.oncolifestyle.com\/es\/salud-mental\/los-beneficios-de-los-ejercicios-de-relajacion\/\">Los beneficios de los ejercicios de relajaci\u00f3n<\/a><\/h2>\n\t\t\t\t\t<a href=\"https:\/\/www.oncolifestyle.com\/es\/salud-mental\/los-beneficios-de-los-ejercicios-de-relajacion\/\" class=\"read-more\">Aprender m\u00e1s<\/a>\n\t\t\t\t<\/div>\n\t\t\t<\/div>\n\t\t\t\t\t\t<div class=\"custom-post-card\">\n\t\t\t\t\t\t\t\t\t<a class=\"post-thumbnail-wrapper\" href=\"https:\/\/www.oncolifestyle.com\/es\/salud-mental\/10-consejos-para-manejar-tus-emociones\/\">\n\t\t\t\t\t\t<img decoding=\"async\" src=\"https:\/\/www.oncolifestyle.com\/wp-content\/uploads\/2024\/08\/tranquil-retreat-middleaged-asian-woman-finds-serenity-comfort-her-home.jpg\" alt=\"10 consejos para manejar tus emociones\" class=\"post-thumbnail\" \/>\n\t\t\t\t\t<\/a>\n\t\t\t\t\t\t\t\t<div class=\"post-content\">\n\t\t\t\t\t\t\t\t\t\t\t<span class=\"post-category green-pill\">Salud mental<\/span>\n\t\t\t\t\t\t\t\t\t\n\t\t\t\t\t<h2 class=\"post-title\"><a href=\"https:\/\/www.oncolifestyle.com\/es\/salud-mental\/10-consejos-para-manejar-tus-emociones\/\">10 consejos para manejar tus emociones<\/a><\/h2>\n\t\t\t\t\t<a href=\"https:\/\/www.oncolifestyle.com\/es\/salud-mental\/10-consejos-para-manejar-tus-emociones\/\" class=\"read-more\">Aprender m\u00e1s<\/a>\n\t\t\t\t<\/div>\n\t\t\t<\/div>\n\t\t\t<\/div><\/div>[\/vc_column_text][\/vc_column][\/vc_row][vc_row][vc_column][vc_custom_heading text=\u00bbTodo lo que necesita saber\u00bb font_container=\u00bbtag:h2|text_align:center\u00bb use_theme_fonts=\u00bbyes\u00bb el_class=\u00bbaccent-line center\u00bb css=\u00bb.vc_custom_1733145537601{margin-top: 130px !important;margin-bottom: 50px !important;}\u00bb][\/vc_column][\/vc_row][vc_row][vc_column][vc_column_text css=\u00bb.vc_custom_1733145564223{padding-right: 5% !important;padding-left: 5% !important;}\u00bb]<\/p>\n<p style=\"text-align: center;\">Se ha demostrado que un estilo de vida saludable ayuda a prevenir el c\u00e1ncer, pero tambi\u00e9n es igualmente importante mantener estos h\u00e1bitos mientras viven con c\u00e1ncer.<br \/>\nEsto puede ayudarle a sentirse mejor, mejorar sus niveles de energ\u00eda e incluso ralentizar la progresi\u00f3n del c\u00e1ncer. Si elige un estilo de vida saludable, podr\u00e1 mejorar su calidad de vida y recuperar el control de su enfermedad.<\/p>\n<p>[\/vc_column_text][\/vc_column][\/vc_row][vc_row gap=\u00bb30&#8243; equal_height=\u00bbyes\u00bb][vc_column width=\u00bb1\/3&#8243; css=\u00bb.vc_custom_1731311533950{background-image: url(https:\/\/www.oncolifestyle.com\/wp-content\/uploads\/2024\/11\/nutrition-card-bg.jpg?id=2715) !important;background-position: center !important;background-repeat: no-repeat !important;background-size: cover !important;}\u00bb el_class=\u00bbhome-cards\u00bb][vc_single_image image=\u00bb2733&#8243; img_size=\u00bb210&#215;270&#8243; alignment=\u00bbright\u00bb][vc_column_text]<\/p>\n<h4>NUTRICI\u00d3N<\/h4>\n<p>Descubra c\u00f3mo la dieta y las elecciones nutricionales pueden ayudarle a vivir bien con c\u00e1ncer.[\/vc_column_text][vc_btn title=\u00bbM\u00e1s informaci\u00f3n\u00bb style=\u00bbclassic\u00bb shape=\u00bbsquare\u00bb color=\u00bbwhite\u00bb link=\u00bburl:https%3A%2F%2Fwww.oncolifestyle.com%2Fes%2Fprostate-cancer%2Fnutricion%2F|title:Nutrition\u00bb][\/vc_column][vc_column width=\u00bb1\/3&#8243; css=\u00bb.vc_custom_1731311592120{background-image: url(https:\/\/www.oncolifestyle.com\/wp-content\/uploads\/2024\/11\/physical-activity-card-bg.jpg?id=2721) !important;background-position: center !important;background-repeat: no-repeat !important;background-size: cover !important;}\u00bb el_class=\u00bbhome-cards\u00bb][vc_single_image image=\u00bb2739&#8243; img_size=\u00bb200&#215;220&#8243; alignment=\u00bbright\u00bb][vc_column_text]<\/p>\n<h4>ACTIVIDAD F\u00cdSICA<\/h4>\n<p class=\"p1\">Descubra c\u00f3mo mantenerse f\u00edsicamente activo puede ayudarle a mejorar su bienestar f\u00edsico, mental y social.<\/p>\n<p>[\/vc_column_text][vc_btn title=\u00bbM\u00e1s informaci\u00f3n\u00bb style=\u00bbclassic\u00bb shape=\u00bbsquare\u00bb color=\u00bbwhite\u00bb link=\u00bburl:https%3A%2F%2Fwww.oncolifestyle.com%2Fes%2Fprostate-cancer%2Factividad-fisica%2F|title:Physical%20Activity\u00bb][\/vc_column][vc_column width=\u00bb1\/3&#8243; css=\u00bb.vc_custom_1731311637708{background-image: url(https:\/\/www.oncolifestyle.com\/wp-content\/uploads\/2024\/11\/mental-health-card-bg.jpg?id=2709) !important;}\u00bb el_class=\u00bbhome-cards\u00bb][vc_single_image image=\u00bb2727&#8243; img_size=\u00bb210&#215;240&#8243; alignment=\u00bbright\u00bb][vc_column_text]<\/p>\n<h4>SALUD MENTAL<\/h4>\n<p>Comprenda c\u00f3mo afecta el c\u00e1ncer a su salud cognitiva y emocional, y c\u00f3mo puede proteger su bienestar mental.[\/vc_column_text][vc_btn title=\u00bbM\u00e1s informaci\u00f3n\u00bb style=\u00bbclassic\u00bb shape=\u00bbsquare\u00bb color=\u00bbwhite\u00bb link=\u00bburl:https%3A%2F%2Fwww.oncolifestyle.com%2Fes%2Fprostate-cancer%2Fsalud-mental%2F|title:Mental%20Health\u00bb][\/vc_column][\/vc_row][vc_row][vc_column][vc_custom_heading text=\u00bbExplora m\u00e1s\u00bb font_container=\u00bbtag:h2|text_align:center\u00bb use_theme_fonts=\u00bbyes\u00bb el_class=\u00bbaccent-line center\u00bb css=\u00bb.vc_custom_1733146181760{margin-top: 130px !important;margin-bottom: 50px !important;}\u00bb][\/vc_column][\/vc_row][vc_row css=\u00bb.vc_custom_1731270200621{padding-right: 10% !important;padding-left: 10% !important;}\u00bb][vc_column][vc_column_text el_class=\u00bbbox-shadow\u00bb css=\u00bb.vc_custom_1733146279022{padding-top: 50px !important;padding-right: 30px !important;padding-bottom: 50px !important;padding-left: 30px !important;}\u00bb]<\/p>\n<p style=\"text-align: center; font-size: 24px;\"><strong>Explore informaci\u00f3n y consejos espec\u00edficos para su tipo de c\u00e1ncer:<\/strong><\/p>\n<p style=\"text-align: center;\"><span class=\"disease-wrapper disease-pc\"><a class=\"\" href=\"https:\/\/www.oncolifestyle.com\/es\/prostate-cancer\/\">C\u00e1ncer de Pr\u00f3stata<\/a><\/span><\/p>\n<p style=\"text-align: center; font-size: 14px; color: #7b7474;\">*Se agregar\u00e1n m\u00e1s tipos de c\u00e1ncer<\/p>\n<p>[\/vc_column_text][\/vc_column][\/vc_row][vc_row css=\u00bb.vc_custom_1731271119296{padding-top: 100px !important;}\u00bb][vc_column width=\u00bb1\/12&#8243;][\/vc_column][vc_column width=\u00bb10\/12&#8243;][vc_custom_heading text=\u00bbInformaci\u00f3n fiable\u00bb font_container=\u00bbtag:h2|text_align:center\u00bb use_theme_fonts=\u00bbyes\u00bb el_class=\u00bbaccent-line center size-sm\u00bb][vc_column_text]<\/p>\n<p style=\"text-align: center;\">Con tantas opiniones disponibles, puede ser dif\u00edcil saber a qui\u00e9n seguir. En Oncolifestyle hacemos todo lo posible por ofrecerle informaci\u00f3n basada en pruebas que se ha investigado cuidadosamente pensando en su salud.<\/p>\n<p>[\/vc_column_text][\/vc_column][vc_column width=\u00bb1\/12&#8243;][\/vc_column][\/vc_row][vc_row css=\u00bb.vc_custom_1731272629304{padding-top: 50px !important;padding-bottom: 100px !important;}\u00bb][vc_column][vc_column_text]<\/p>\n<h6 style=\"text-align: center;\">Nuestras fuentes<\/h6>\n<p style=\"text-align: center;\"><span class=\"sources-btn show-source\">\u00bfDe d\u00f3nde procede esta informaci\u00f3n?<br \/>\n<\/span><\/p>\n<p>[\/vc_column_text][\/vc_column][\/vc_row][vc_row full_width=\u00bbstretch_row\u00bb el_class=\u00bbsource\u00bb][vc_column][vc_raw_html]JTNDZGl2JTIwY2xhc3MlM0QlMjJzdmdfX3dyYXBwZXIlMjBjbG9zZS1zb3VyY2UlMjIlM0UlMEElM0NzdmclMjBjbGFzcyUzRCUyMmljb24lMjBpY29uLS1jbG9zZSUyMiUyMGFyaWEtaGlkZGVuJTNEJTIydHJ1ZSUyMiUyMHJvbGUlM0QlMjJpbWclMjIlM0UlM0N1c2UlMjB4bGluayUzQWhyZWYlM0QlMjIlMjNpY29uLWNsb3NlJTIyJTNFJTNDJTJGdXNlJTNFJTNDJTJGc3ZnJTNFJTBBJTNDJTJGZGl2JTNFJTBB[\/vc_raw_html][vc_column_text]<\/p>\n<h6 class=\"accent-line green-pill\">Nuestras fuentes<\/h6>\n<h4><strong>\u00bfDe d\u00f3nde procede esta informaci\u00f3n?<\/strong><\/h4>\n<ol>\n<li>Zhang, Y.-B. et al. Combined lifestyle factors, incident cancer, and cancer mortality: a systematic review and meta-analysis of prospective cohort studies.<\/li>\n<li>British Journal of Cancer 122, 1085\u20131093 (2020).<\/li>\n<li>Loibl, S. et al. Early breast cancer: ESMO Clinical Practice Guideline for diagnosis, treatment and follow-up. Annals of Oncology 35, 159\u2013182 (2024).<\/li>\n<li>Oaknin, A. et al. Endometrial cancer: ESMO Clinical Practice Guideline for diagnosis, treatment and follow-up\u2606. Annals of Oncology 33, 860\u2013877 (2022).<\/li>\n<li>Parker, C. et al. Prostate cancer: ESMO Clinical Practice Guidelines for diagnosis, treatment and follow-up\u2020. Annals of Oncology 31, 1119\u20131134 (2020).<\/li>\n<li>Mass General Brigham. Lifestyle Medicine in Cancer Care. https:\/\/www.massgeneralbrigham.org\/en\/about\/newsroom\/articles\/cancer-holistic-lifestyle-management.<\/li>\n<\/ol>\n<p>[\/vc_column_text][\/vc_column][\/vc_row]<\/p>\n<\/div>","protected":false},"excerpt":{"rendered":"<p>[vc_row full_width=\u00bbstretch_row\u00bb css=\u00bb.vc_custom_1731243703204{background-image: url(https:\/\/www.oncolifestyle.com\/wp-content\/uploads\/2024\/11\/home-banner.jpg?id=2337) !important;background-position: center !important;background-repeat: no-repeat !important;background-size: cover !important;}\u00bb el_class=\u00bbpage-banner\u00bb][vc_column width=\u00bb1\/12&#8243;][\/vc_column][vc_column width=\u00bb7\/12&#8243;][vc_empty_space height=\u00bb17vw\u00bb][vc_custom_heading text=\u00bbAyud\u00e1ndote a vivir bien con [&hellip;]<\/p>\n","protected":false},"author":1,"featured_media":0,"parent":0,"menu_order":0,"comment_status":"closed","ping_status":"closed","template":"template-fullwidth.php","meta":{"_acf_changed":false,"inline_featured_image":false,"footnotes":""},"class_list":["post-2382","page","type-page","status-publish","hentry"],"acf":[],"yoast_head":"<!-- This site is optimized with the Yoast SEO plugin v23.8 - https:\/\/yoast.com\/wordpress\/plugins\/seo\/ -->\n<title>Vivir bien con c\u00e1ncer: apoyo basado en evidencia | Oncolifestyle<\/title>\n<meta name=\"description\" content=\"Orientaci\u00f3n sobre estilo de vida basada en evidencia para vivir bien durante y despu\u00e9s del c\u00e1ncer, con consejos pr\u00e1cticos y de apoyo.\" \/>\n<meta name=\"robots\" content=\"index, follow, max-snippet:-1, max-image-preview:large, max-video-preview:-1\" \/>\n<link rel=\"canonical\" href=\"https:\/\/www.oncolifestyle.com\/es\/\" \/>\n<meta property=\"og:locale\" content=\"es_ES\" \/>\n<meta property=\"og:type\" content=\"article\" \/>\n<meta property=\"og:title\" content=\"Vivir bien con c\u00e1ncer: apoyo basado en evidencia | Oncolifestyle\" \/>\n<meta property=\"og:description\" content=\"Orientaci\u00f3n sobre estilo de vida basada en evidencia para vivir bien durante y despu\u00e9s del c\u00e1ncer, con consejos pr\u00e1cticos y de apoyo.\" \/>\n<meta property=\"og:url\" content=\"https:\/\/www.oncolifestyle.com\/es\/\" \/>\n<meta property=\"og:site_name\" content=\"Oncolifestyle\" \/>\n<meta property=\"article:modified_time\" content=\"2024-12-02T13:33:34+00:00\" \/>\n<meta name=\"twitter:card\" content=\"summary_large_image\" \/>\n<meta name=\"twitter:label1\" content=\"Tiempo de lectura\" \/>\n\t<meta name=\"twitter:data1\" content=\"4 minutos\" \/>\n<script type=\"application\/ld+json\" class=\"yoast-schema-graph\">{\"@context\":\"https:\/\/schema.org\",\"@graph\":[{\"@type\":\"WebPage\",\"@id\":\"https:\/\/www.oncolifestyle.com\/es\/\",\"url\":\"https:\/\/www.oncolifestyle.com\/es\/\",\"name\":\"Vivir bien con c\u00e1ncer: apoyo basado en evidencia | Oncolifestyle\",\"isPartOf\":{\"@id\":\"https:\/\/www.oncolifestyle.com\/es\/#website\"},\"datePublished\":\"2022-07-27T23:10:25+00:00\",\"dateModified\":\"2024-12-02T13:33:34+00:00\",\"description\":\"Orientaci\u00f3n sobre estilo de vida basada en evidencia para vivir bien durante y despu\u00e9s del c\u00e1ncer, con consejos pr\u00e1cticos y de apoyo.\",\"breadcrumb\":{\"@id\":\"https:\/\/www.oncolifestyle.com\/es\/#breadcrumb\"},\"inLanguage\":\"es\",\"potentialAction\":[{\"@type\":\"ReadAction\",\"target\":[\"https:\/\/www.oncolifestyle.com\/es\/\"]}]},{\"@type\":\"BreadcrumbList\",\"@id\":\"https:\/\/www.oncolifestyle.com\/es\/#breadcrumb\",\"itemListElement\":[{\"@type\":\"ListItem\",\"position\":1,\"name\":\"Home\",\"item\":\"https:\/\/www.oncolifestyle.com\/es\/\"},{\"@type\":\"ListItem\",\"position\":2,\"name\":\"Home\"}]},{\"@type\":\"WebSite\",\"@id\":\"https:\/\/www.oncolifestyle.com\/es\/#website\",\"url\":\"https:\/\/www.oncolifestyle.com\/es\/\",\"name\":\"Oncolifestyle\",\"description\":\"Helping people with cancer live well\",\"publisher\":{\"@id\":\"https:\/\/www.oncolifestyle.com\/es\/#organization\"},\"potentialAction\":[{\"@type\":\"SearchAction\",\"target\":{\"@type\":\"EntryPoint\",\"urlTemplate\":\"https:\/\/www.oncolifestyle.com\/es\/?s={search_term_string}\"},\"query-input\":{\"@type\":\"PropertyValueSpecification\",\"valueRequired\":true,\"valueName\":\"search_term_string\"}}],\"inLanguage\":\"es\"},{\"@type\":\"Organization\",\"@id\":\"https:\/\/www.oncolifestyle.com\/es\/#organization\",\"name\":\"Oncolifestyle\",\"url\":\"https:\/\/www.oncolifestyle.com\/es\/\",\"logo\":{\"@type\":\"ImageObject\",\"inLanguage\":\"es\",\"@id\":\"https:\/\/www.oncolifestyle.com\/es\/#\/schema\/logo\/image\/\",\"url\":\"https:\/\/www.oncolifestyle.com\/wp-content\/uploads\/2022\/08\/ONCO_LOGO_RGB_horizontal.png\",\"contentUrl\":\"https:\/\/www.oncolifestyle.com\/wp-content\/uploads\/2022\/08\/ONCO_LOGO_RGB_horizontal.png\",\"width\":2062,\"height\":434,\"caption\":\"Oncolifestyle\"},\"image\":{\"@id\":\"https:\/\/www.oncolifestyle.com\/es\/#\/schema\/logo\/image\/\"}}]}<\/script>\n<!-- \/ Yoast SEO plugin. -->","yoast_head_json":{"title":"Vivir bien con c\u00e1ncer: apoyo basado en evidencia | Oncolifestyle","description":"Orientaci\u00f3n sobre estilo de vida basada en evidencia para vivir bien durante y despu\u00e9s del c\u00e1ncer, con consejos pr\u00e1cticos y de apoyo.","robots":{"index":"index","follow":"follow","max-snippet":"max-snippet:-1","max-image-preview":"max-image-preview:large","max-video-preview":"max-video-preview:-1"},"canonical":"https:\/\/www.oncolifestyle.com\/es\/","og_locale":"es_ES","og_type":"article","og_title":"Vivir bien con c\u00e1ncer: apoyo basado en evidencia | Oncolifestyle","og_description":"Orientaci\u00f3n sobre estilo de vida basada en evidencia para vivir bien durante y despu\u00e9s del c\u00e1ncer, con consejos pr\u00e1cticos y de apoyo.","og_url":"https:\/\/www.oncolifestyle.com\/es\/","og_site_name":"Oncolifestyle","article_modified_time":"2024-12-02T13:33:34+00:00","twitter_card":"summary_large_image","twitter_misc":{"Tiempo de lectura":"4 minutos"},"schema":{"@context":"https:\/\/schema.org","@graph":[{"@type":"WebPage","@id":"https:\/\/www.oncolifestyle.com\/es\/","url":"https:\/\/www.oncolifestyle.com\/es\/","name":"Vivir bien con c\u00e1ncer: apoyo basado en evidencia | Oncolifestyle","isPartOf":{"@id":"https:\/\/www.oncolifestyle.com\/es\/#website"},"datePublished":"2022-07-27T23:10:25+00:00","dateModified":"2024-12-02T13:33:34+00:00","description":"Orientaci\u00f3n sobre estilo de vida basada en evidencia para vivir bien durante y despu\u00e9s del c\u00e1ncer, con consejos pr\u00e1cticos y de apoyo.","breadcrumb":{"@id":"https:\/\/www.oncolifestyle.com\/es\/#breadcrumb"},"inLanguage":"es","potentialAction":[{"@type":"ReadAction","target":["https:\/\/www.oncolifestyle.com\/es\/"]}]},{"@type":"BreadcrumbList","@id":"https:\/\/www.oncolifestyle.com\/es\/#breadcrumb","itemListElement":[{"@type":"ListItem","position":1,"name":"Home","item":"https:\/\/www.oncolifestyle.com\/es\/"},{"@type":"ListItem","position":2,"name":"Home"}]},{"@type":"WebSite","@id":"https:\/\/www.oncolifestyle.com\/es\/#website","url":"https:\/\/www.oncolifestyle.com\/es\/","name":"Oncolifestyle","description":"Helping people with cancer live well","publisher":{"@id":"https:\/\/www.oncolifestyle.com\/es\/#organization"},"potentialAction":[{"@type":"SearchAction","target":{"@type":"EntryPoint","urlTemplate":"https:\/\/www.oncolifestyle.com\/es\/?s={search_term_string}"},"query-input":{"@type":"PropertyValueSpecification","valueRequired":true,"valueName":"search_term_string"}}],"inLanguage":"es"},{"@type":"Organization","@id":"https:\/\/www.oncolifestyle.com\/es\/#organization","name":"Oncolifestyle","url":"https:\/\/www.oncolifestyle.com\/es\/","logo":{"@type":"ImageObject","inLanguage":"es","@id":"https:\/\/www.oncolifestyle.com\/es\/#\/schema\/logo\/image\/","url":"https:\/\/www.oncolifestyle.com\/wp-content\/uploads\/2022\/08\/ONCO_LOGO_RGB_horizontal.png","contentUrl":"https:\/\/www.oncolifestyle.com\/wp-content\/uploads\/2022\/08\/ONCO_LOGO_RGB_horizontal.png","width":2062,"height":434,"caption":"Oncolifestyle"},"image":{"@id":"https:\/\/www.oncolifestyle.com\/es\/#\/schema\/logo\/image\/"}}]}},"_links":{"self":[{"href":"https:\/\/www.oncolifestyle.com\/es\/wp-json\/wp\/v2\/pages\/2382","targetHints":{"allow":["GET"]}}],"collection":[{"href":"https:\/\/www.oncolifestyle.com\/es\/wp-json\/wp\/v2\/pages"}],"about":[{"href":"https:\/\/www.oncolifestyle.com\/es\/wp-json\/wp\/v2\/types\/page"}],"author":[{"embeddable":true,"href":"https:\/\/www.oncolifestyle.com\/es\/wp-json\/wp\/v2\/users\/1"}],"replies":[{"embeddable":true,"href":"https:\/\/www.oncolifestyle.com\/es\/wp-json\/wp\/v2\/comments?post=2382"}],"version-history":[{"count":8,"href":"https:\/\/www.oncolifestyle.com\/es\/wp-json\/wp\/v2\/pages\/2382\/revisions"}],"predecessor-version":[{"id":3408,"href":"https:\/\/www.oncolifestyle.com\/es\/wp-json\/wp\/v2\/pages\/2382\/revisions\/3408"}],"wp:attachment":[{"href":"https:\/\/www.oncolifestyle.com\/es\/wp-json\/wp\/v2\/media?parent=2382"}],"curies":[{"name":"wp","href":"https:\/\/api.w.org\/{rel}","templated":true}]}}