{"id":2697,"date":"2024-11-10T22:10:16","date_gmt":"2024-11-10T22:10:16","guid":{"rendered":"https:\/\/www.oncolifestyle.com\/?page_id=2697"},"modified":"2024-12-03T10:57:41","modified_gmt":"2024-12-03T10:57:41","slug":"nutricion","status":"publish","type":"page","link":"https:\/\/www.oncolifestyle.com\/es\/nutricion\/","title":{"rendered":"Nutrici\u00f3n"},"content":{"rendered":"<div class=\"wpb-content-wrapper\"><p>[vc_row full_width=\u00bbstretch_row\u00bb css=\u00bb.vc_custom_1731276601809{background-image: url(https:\/\/www.oncolifestyle.com\/wp-content\/uploads\/2024\/11\/nutrition-banner.jpg?id=2349) !important;background-position: center !important;background-repeat: no-repeat !important;background-size: cover !important;}\u00bb el_class=\u00bbpage-banner\u00bb][vc_column width=\u00bb1\/12&#8243;][\/vc_column][vc_column width=\u00bb7\/12&#8243;][vc_empty_space height=\u00bb17vw\u00bb][vc_custom_heading text=\u00bbNutrici\u00f3n\u00bb font_container=\u00bbtag:h1|text_align:left|color:%23ffffff\u00bb use_theme_fonts=\u00bbyes\u00bb css=\u00bb.vc_custom_1733223176808{margin-top: 0px !important;}\u00bb][vc_empty_space height=\u00bb5vw\u00bb][\/vc_column][vc_column width=\u00bb3\/12&#8243;][\/vc_column][vc_column width=\u00bb1\/12&#8243;][\/vc_column][\/vc_row][vc_row][vc_column width=\u00bb1\/12&#8243;][\/vc_column][vc_column width=\u00bb1\/2&#8243;][vc_column_text el_class=\u00bbbreadcrumbs\u00bb]<!-- Breadcrumb NavXT 7.3.1 -->\n<span property=\"itemListElement\" typeof=\"ListItem\"><a property=\"item\" typeof=\"WebPage\" title=\"Ir a Oncolifestyle.\" href=\"https:\/\/www.oncolifestyle.com\/es\/\" class=\"home\" aria-current=\"page\"><span property=\"name\">Oncolifestyle<\/span><\/a><meta property=\"position\" content=\"1\"><\/span>[\/vc_column_text][vc_column_text css=\u00bb.vc_custom_1733223247420{margin-top: 50px !important;}\u00bb]<\/p>\n<h6 class=\"green-pill\">M\u00e1s all\u00e1 de su diagn\u00f3stico<\/h6>\n<h2>Aprovechar el poder de una dieta sana<\/h2>\n<p class=\"p1\">Una buena alimentaci\u00f3n puede hacerle sentir muy bien. Adoptar una dieta sana despu\u00e9s de su diagn\u00f3stico de c\u00e1ncer de pr\u00f3stata tambi\u00e9n puede ayudarle a vivir bien, a vivir m\u00e1s tiempo y a combatir algunos de los efectos no deseados de su tratamiento contra el c\u00e1ncer.<\/p>\n<p class=\"p1\">Ya sea por usted mismo o por un ser querido, nunca es demasiado tarde para hacer un cambio. Eso no significa que necesite un plan diet\u00e9tico. En su lugar, queremos ayudarle a descubrir c\u00f3mo los alimentos que come pueden influir en su calidad de vida, e inspirarle a hacer cambios peque\u00f1os pero duraderos que creen h\u00e1bitos que pueda mantener. Al fin y al cabo, \u00a1la buena comida deber\u00eda ser una fuente de alegr\u00eda, no una prescripci\u00f3n m\u00e9dica!<\/p>\n<p>[\/vc_column_text][\/vc_column][vc_column width=\u00bb5\/12&#8243;][vc_single_image image=\u00bb2355&#8243; img_size=\u00bblarge\u00bb el_class=\u00bbpage-circle-image\u00bb][\/vc_column][\/vc_row][vc_row][vc_column][vc_custom_heading text=\u00bbDescubra las novedades\u00bb font_container=\u00bbtag:h2|text_align:center\u00bb use_theme_fonts=\u00bbyes\u00bb el_class=\u00bbaccent-line center\u00bb css=\u00bb.vc_custom_1733223272338{margin-top: 100px !important;margin-bottom: 100px !important;}\u00bb][\/vc_column][\/vc_row][vc_row][vc_column][vc_column_text]<div class=\"category-filter-bar\" data-container-id=\"ajax-posts-container-3152345027\" data-posts-per-page=\"5\" data-limit=\"100\"><span>Filtrar por:<\/span> <a href=\"#\" class=\"filter-link active\" data-category=\"151,74,154\">Todos<\/a> <a href=\"#\" class=\"filter-link\" data-category=\"151\">Consejos alimentarios<\/a> <a href=\"#\" class=\"filter-link\" data-category=\"154\">Recetas<\/a> <\/div><div class=\"ajax-posts-container feature-first\" id=\"ajax-posts-container-3152345027\" data-feature-first=\"true\"><div class=\"custom-post-grid\" data-categories=\"151,74,154\" data-active-categories=\"151,74,154\" data-posts-per-page=\"5\" data-limit=\"100\" data-paged=\"1\">\t\t\t<div class=\"custom-post-card\">\n\t\t\t\t\t\t\t\t\t<a class=\"post-thumbnail-wrapper\" href=\"https:\/\/www.oncolifestyle.com\/es\/nutricion\/como-influyen-los-alimentos-que-consumen-en-su-salud\/\">\n\t\t\t\t\t\t<img decoding=\"async\" src=\"https:\/\/www.oncolifestyle.com\/wp-content\/uploads\/2024\/11\/shutterstock_1450969046.jpg\" alt=\"\u00bfC\u00f3mo influyen los alimentos que consumen en su salud?\" class=\"post-thumbnail\" \/>\n\t\t\t\t\t<\/a>\n\t\t\t\t\t\t\t\t<div class=\"post-content\">\n\t\t\t\t\t\t\t\t\t\t\t<span class=\"post-category green-pill\">Comer bien para vivir bien<\/span>\n\t\t\t\t\t\t\t\t\t\n\t\t\t\t\t<h2 class=\"post-title\"><a href=\"https:\/\/www.oncolifestyle.com\/es\/nutricion\/como-influyen-los-alimentos-que-consumen-en-su-salud\/\">\u00bfC\u00f3mo influyen los alimentos que consumen en su salud?<\/a><\/h2>\n\t\t\t\t\t<a href=\"https:\/\/www.oncolifestyle.com\/es\/nutricion\/como-influyen-los-alimentos-que-consumen-en-su-salud\/\" class=\"read-more\">Aprender m\u00e1s<\/a>\n\t\t\t\t<\/div>\n\t\t\t<\/div>\n\t\t\t\t\t\t<div class=\"custom-post-card\">\n\t\t\t\t\t\t\t\t\t<a class=\"post-thumbnail-wrapper\" href=\"https:\/\/www.oncolifestyle.com\/es\/consejos-alimentarios\/que-hago-si-no-tengo-apetito\/\">\n\t\t\t\t\t\t<img decoding=\"async\" src=\"https:\/\/www.oncolifestyle.com\/wp-content\/uploads\/2024\/11\/shutterstock_1050118058.jpg\" alt=\"\u00bfQu\u00e9 hago si no tengo apetito?\" class=\"post-thumbnail\" \/>\n\t\t\t\t\t<\/a>\n\t\t\t\t\t\t\t\t<div class=\"post-content\">\n\t\t\t\t\t\t\t\t\t\t\t<span class=\"post-category green-pill\">Consejos alimentarios<\/span>\n\t\t\t\t\t\t\t\t\t\n\t\t\t\t\t<h2 class=\"post-title\"><a href=\"https:\/\/www.oncolifestyle.com\/es\/consejos-alimentarios\/que-hago-si-no-tengo-apetito\/\">\u00bfQu\u00e9 hago si no tengo apetito?<\/a><\/h2>\n\t\t\t\t\t<a href=\"https:\/\/www.oncolifestyle.com\/es\/consejos-alimentarios\/que-hago-si-no-tengo-apetito\/\" class=\"read-more\">Aprender m\u00e1s<\/a>\n\t\t\t\t<\/div>\n\t\t\t<\/div>\n\t\t\t\t\t\t<div class=\"custom-post-card\">\n\t\t\t\t\t\t\t\t\t<a class=\"post-thumbnail-wrapper\" href=\"https:\/\/www.oncolifestyle.com\/es\/consejos-alimentarios\/consejos-dieteticos-para-las-nauseas-y-los-vomitos\/\">\n\t\t\t\t\t\t<img decoding=\"async\" src=\"https:\/\/www.oncolifestyle.com\/wp-content\/uploads\/2024\/11\/woman-bowing-her-head-toilet-bathroom-top-view.jpg\" alt=\"Consejos diet\u00e9ticos para las n\u00e1useas y los v\u00f3mitos\" class=\"post-thumbnail\" \/>\n\t\t\t\t\t<\/a>\n\t\t\t\t\t\t\t\t<div class=\"post-content\">\n\t\t\t\t\t\t\t\t\t\t\t<span class=\"post-category green-pill\">Consejos alimentarios<\/span>\n\t\t\t\t\t\t\t\t\t\n\t\t\t\t\t<h2 class=\"post-title\"><a href=\"https:\/\/www.oncolifestyle.com\/es\/consejos-alimentarios\/consejos-dieteticos-para-las-nauseas-y-los-vomitos\/\">Consejos diet\u00e9ticos para las n\u00e1useas y los v\u00f3mitos<\/a><\/h2>\n\t\t\t\t\t<a href=\"https:\/\/www.oncolifestyle.com\/es\/consejos-alimentarios\/consejos-dieteticos-para-las-nauseas-y-los-vomitos\/\" class=\"read-more\">Aprender m\u00e1s<\/a>\n\t\t\t\t<\/div>\n\t\t\t<\/div>\n\t\t\t\t\t\t<div class=\"custom-post-card\">\n\t\t\t\t\t\t\t\t\t<a class=\"post-thumbnail-wrapper\" href=\"https:\/\/www.oncolifestyle.com\/es\/consejos-alimentarios\/por-que-es-importante-consumir-proteinas\/\">\n\t\t\t\t\t\t<img decoding=\"async\" src=\"https:\/\/www.oncolifestyle.com\/wp-content\/uploads\/2024\/11\/fresh-tuna-eggs.jpg\" alt=\"\u00bfPor qu\u00e9 es importante consumir prote\u00ednas?\" class=\"post-thumbnail\" \/>\n\t\t\t\t\t<\/a>\n\t\t\t\t\t\t\t\t<div class=\"post-content\">\n\t\t\t\t\t\t\t\t\t\t\t<span class=\"post-category green-pill\">Consejos alimentarios<\/span>\n\t\t\t\t\t\t\t\t\t\n\t\t\t\t\t<h2 class=\"post-title\"><a href=\"https:\/\/www.oncolifestyle.com\/es\/consejos-alimentarios\/por-que-es-importante-consumir-proteinas\/\">\u00bfPor qu\u00e9 es importante consumir prote\u00ednas?<\/a><\/h2>\n\t\t\t\t\t<a href=\"https:\/\/www.oncolifestyle.com\/es\/consejos-alimentarios\/por-que-es-importante-consumir-proteinas\/\" class=\"read-more\">Aprender m\u00e1s<\/a>\n\t\t\t\t<\/div>\n\t\t\t<\/div>\n\t\t\t\t\t\t<div class=\"custom-post-card\">\n\t\t\t\t\t\t\t\t\t<a class=\"post-thumbnail-wrapper\" href=\"https:\/\/www.oncolifestyle.com\/es\/consejos-alimentarios\/recetas-sicilianas\/\">\n\t\t\t\t\t\t<img decoding=\"async\" src=\"https:\/\/www.oncolifestyle.com\/wp-content\/uploads\/2024\/11\/fresh-tuna-eggs.jpg\" alt=\"Recetas sicilianas\" class=\"post-thumbnail\" \/>\n\t\t\t\t\t<\/a>\n\t\t\t\t\t\t\t\t<div class=\"post-content\">\n\t\t\t\t\t\t\t\t\t\t\t<span class=\"post-category green-pill\">Consejos alimentarios<\/span>\n\t\t\t\t\t\t\t\t\t\n\t\t\t\t\t<h2 class=\"post-title\"><a href=\"https:\/\/www.oncolifestyle.com\/es\/consejos-alimentarios\/recetas-sicilianas\/\">Recetas sicilianas<\/a><\/h2>\n\t\t\t\t\t<a href=\"https:\/\/www.oncolifestyle.com\/es\/consejos-alimentarios\/recetas-sicilianas\/\" class=\"read-more\">Aprender m\u00e1s<\/a>\n\t\t\t\t<\/div>\n\t\t\t<\/div>\n\t\t\t<\/div>\n\t\t<div class=\"vc_btn3-container  view-more-articles vc_btn3-center\" style=\"margin-top: 20px;\">\n\t\t\t<button class=\"load-more vc_general vc_btn3 vc_btn3-size-md vc_btn3-shape-round vc_btn3-style-classic vc_btn3-color-danger\" data-paged=\"2\">Ver m\u00e1s art\u00edculos<\/button>\n\t\t<\/div> <\/div>[\/vc_column_text][\/vc_column][\/vc_row][vc_row][vc_column][vc_custom_heading text=\u00bbDescubra m\u00e1s\u00bb font_container=\u00bbtag:h2|text_align:center\u00bb use_theme_fonts=\u00bbyes\u00bb el_class=\u00bbaccent-line center\u00bb css=\u00bb.vc_custom_1733223287580{margin-top: 130px !important;padding-bottom: 150px !important;}\u00bb][\/vc_column][\/vc_row][vc_row gap=\u00bb30&#8243; equal_height=\u00bbyes\u00bb css=\u00bb.vc_custom_1731312530635{padding-bottom: 100px !important;background-image: url(https:\/\/www.oncolifestyle.com\/wp-content\/uploads\/2022\/08\/news-bg.jpg?id=148) !important;background-position: 0 0 !important;background-repeat: no-repeat !important;}\u00bb el_class=\u00bbexplore-cards\u00bb][vc_column width=\u00bb1\/2&#8243; css=\u00bb.vc_custom_1731312481077{margin-top: -100px !important;background-image: url(https:\/\/www.oncolifestyle.com\/wp-content\/uploads\/2024\/11\/physical-activity-card-bg.jpg?id=2721) !important;background-position: center !important;background-repeat: no-repeat !important;background-size: cover !important;}\u00bb el_class=\u00bbhome-cards\u00bb][vc_single_image image=\u00bb2739&#8243; img_size=\u00bb200&#215;220&#8243; alignment=\u00bbright\u00bb][vc_column_text]<\/p>\n<h4>ACTIVIDAD F\u00cdSICA<\/h4>\n<p>Descubra c\u00f3mo mantenerse f\u00edsicamente activo puede mejorar su bienestar f\u00edsico, mental y social.[\/vc_column_text][vc_btn title=\u00bbAprender m\u00e1s\u00bb style=\u00bbclassic\u00bb shape=\u00bbsquare\u00bb color=\u00bbwhite\u00bb link=\u00bburl:https%3A%2F%2Fwww.oncolifestyle.com%2Fes%2Fcancer-de-prostata%2Factividad-fisica%2F|title:Actividad%20f%C3%ADsica\u00bb][\/vc_column][vc_column width=\u00bb1\/2&#8243; css=\u00bb.vc_custom_1731312500410{margin-top: -100px !important;background-image: url(https:\/\/www.oncolifestyle.com\/wp-content\/uploads\/2024\/11\/mental-health-card-bg.jpg?id=2709) !important;}\u00bb el_class=\u00bbhome-cards\u00bb][vc_single_image image=\u00bb2727&#8243; img_size=\u00bb210&#215;240&#8243; alignment=\u00bbright\u00bb][vc_column_text]<\/p>\n<h4>SALUD MENTAL<\/h4>\n<p>Comprenda c\u00f3mo el c\u00e1ncer afecta su salud cognitiva y emocional, y c\u00f3mo puede proteger su bienestar mental.[\/vc_column_text][vc_btn title=\u00bbAprender m\u00e1s\u00bb style=\u00bbclassic\u00bb shape=\u00bbsquare\u00bb color=\u00bbwhite\u00bb link=\u00bburl:https%3A%2F%2Fwww.oncolifestyle.com%2Fes%2Fcancer-de-prostata%2Fsalud-mental%2F|title:Mental%20Health\u00bb][\/vc_column][\/vc_row][vc_row css=\u00bb.vc_custom_1731277799166{padding-top: 100px !important;padding-bottom: 100px !important;}\u00bb][vc_column width=\u00bb1\/12&#8243;][\/vc_column][vc_column width=\u00bb10\/12&#8243;][vc_custom_heading text=\u00bbInformaci\u00f3n fiable\u00bb font_container=\u00bbtag:h2|text_align:center\u00bb use_theme_fonts=\u00bbyes\u00bb el_class=\u00bbaccent-line center size-sm\u00bb][vc_column_text]<\/p>\n<p style=\"text-align: center;\">Con tantas opiniones disponibles, puede ser dif\u00edcil saber a qui\u00e9n seguir. En Oncolifestyle hacemos todo lo posible por ofrecerle informaci\u00f3n basada en pruebas que se ha investigado cuidadosamente pensando en su salud.<\/p>\n<p>[\/vc_column_text][\/vc_column][vc_column width=\u00bb1\/12&#8243;][\/vc_column][\/vc_row]<\/p>\n<\/div>","protected":false},"excerpt":{"rendered":"<p>[vc_row full_width=\u00bbstretch_row\u00bb css=\u00bb.vc_custom_1731276601809{background-image: url(https:\/\/www.oncolifestyle.com\/wp-content\/uploads\/2024\/11\/nutrition-banner.jpg?id=2349) !important;background-position: center !important;background-repeat: no-repeat !important;background-size: cover !important;}\u00bb el_class=\u00bbpage-banner\u00bb][vc_column width=\u00bb1\/12&#8243;][\/vc_column][vc_column width=\u00bb7\/12&#8243;][vc_empty_space height=\u00bb17vw\u00bb][vc_custom_heading text=\u00bbNutrici\u00f3n\u00bb font_container=\u00bbtag:h1|text_align:left|color:%23ffffff\u00bb use_theme_fonts=\u00bbyes\u00bb css=\u00bb.vc_custom_1733223176808{margin-top: 0px [&hellip;]<\/p>\n","protected":false},"author":1,"featured_media":0,"parent":0,"menu_order":0,"comment_status":"closed","ping_status":"closed","template":"template-fullwidth.php","meta":{"_acf_changed":false,"inline_featured_image":false,"footnotes":""},"class_list":["post-2697","page","type-page","status-publish","hentry"],"acf":[],"yoast_head":"<!-- This site is optimized with the Yoast SEO plugin v23.8 - https:\/\/yoast.com\/wordpress\/plugins\/seo\/ -->\n<title>Nutrici\u00f3n durante y despu\u00e9s del c\u00e1ncer | Oncolifestyle<\/title>\n<meta name=\"description\" content=\"Descubra c\u00f3mo la nutrici\u00f3n puede apoyar la salud y el bienestar durante y despu\u00e9s del c\u00e1ncer, con orientaci\u00f3n pr\u00e1ctica y basada en evidencia.\" \/>\n<meta name=\"robots\" content=\"index, follow, max-snippet:-1, max-image-preview:large, max-video-preview:-1\" \/>\n<link rel=\"canonical\" href=\"https:\/\/www.oncolifestyle.com\/es\/nutricion\/\" \/>\n<meta property=\"og:locale\" content=\"es_ES\" \/>\n<meta property=\"og:type\" content=\"article\" \/>\n<meta property=\"og:title\" content=\"Nutrici\u00f3n durante y despu\u00e9s del c\u00e1ncer | Oncolifestyle\" \/>\n<meta property=\"og:description\" content=\"Descubra c\u00f3mo la nutrici\u00f3n puede apoyar la salud y el bienestar durante y despu\u00e9s del c\u00e1ncer, con orientaci\u00f3n pr\u00e1ctica y basada en evidencia.\" \/>\n<meta property=\"og:url\" content=\"https:\/\/www.oncolifestyle.com\/es\/nutricion\/\" \/>\n<meta property=\"og:site_name\" content=\"Oncolifestyle\" \/>\n<meta property=\"article:modified_time\" content=\"2024-12-03T10:57:41+00:00\" \/>\n<meta name=\"twitter:card\" content=\"summary_large_image\" \/>\n<meta name=\"twitter:label1\" content=\"Tiempo de lectura\" \/>\n\t<meta name=\"twitter:data1\" content=\"3 minutos\" \/>\n<script type=\"application\/ld+json\" class=\"yoast-schema-graph\">{\"@context\":\"https:\/\/schema.org\",\"@graph\":[{\"@type\":\"WebPage\",\"@id\":\"https:\/\/www.oncolifestyle.com\/es\/nutricion\/\",\"url\":\"https:\/\/www.oncolifestyle.com\/es\/nutricion\/\",\"name\":\"Nutrici\u00f3n durante y despu\u00e9s del c\u00e1ncer | Oncolifestyle\",\"isPartOf\":{\"@id\":\"https:\/\/www.oncolifestyle.com\/es\/#website\"},\"datePublished\":\"2024-11-10T22:10:16+00:00\",\"dateModified\":\"2024-12-03T10:57:41+00:00\",\"description\":\"Descubra c\u00f3mo la nutrici\u00f3n puede apoyar la salud y el bienestar durante y despu\u00e9s del c\u00e1ncer, con orientaci\u00f3n pr\u00e1ctica y basada en evidencia.\",\"breadcrumb\":{\"@id\":\"https:\/\/www.oncolifestyle.com\/es\/nutricion\/#breadcrumb\"},\"inLanguage\":\"es\",\"potentialAction\":[{\"@type\":\"ReadAction\",\"target\":[\"https:\/\/www.oncolifestyle.com\/es\/nutricion\/\"]}]},{\"@type\":\"BreadcrumbList\",\"@id\":\"https:\/\/www.oncolifestyle.com\/es\/nutricion\/#breadcrumb\",\"itemListElement\":[{\"@type\":\"ListItem\",\"position\":1,\"name\":\"Home\",\"item\":\"https:\/\/www.oncolifestyle.com\/es\/\"},{\"@type\":\"ListItem\",\"position\":2,\"name\":\"Nutrici\u00f3n\"}]},{\"@type\":\"WebSite\",\"@id\":\"https:\/\/www.oncolifestyle.com\/es\/#website\",\"url\":\"https:\/\/www.oncolifestyle.com\/es\/\",\"name\":\"Oncolifestyle\",\"description\":\"Helping people with cancer live well\",\"publisher\":{\"@id\":\"https:\/\/www.oncolifestyle.com\/es\/#organization\"},\"potentialAction\":[{\"@type\":\"SearchAction\",\"target\":{\"@type\":\"EntryPoint\",\"urlTemplate\":\"https:\/\/www.oncolifestyle.com\/es\/?s={search_term_string}\"},\"query-input\":{\"@type\":\"PropertyValueSpecification\",\"valueRequired\":true,\"valueName\":\"search_term_string\"}}],\"inLanguage\":\"es\"},{\"@type\":\"Organization\",\"@id\":\"https:\/\/www.oncolifestyle.com\/es\/#organization\",\"name\":\"Oncolifestyle\",\"url\":\"https:\/\/www.oncolifestyle.com\/es\/\",\"logo\":{\"@type\":\"ImageObject\",\"inLanguage\":\"es\",\"@id\":\"https:\/\/www.oncolifestyle.com\/es\/#\/schema\/logo\/image\/\",\"url\":\"https:\/\/www.oncolifestyle.com\/wp-content\/uploads\/2022\/08\/ONCO_LOGO_RGB_horizontal.png\",\"contentUrl\":\"https:\/\/www.oncolifestyle.com\/wp-content\/uploads\/2022\/08\/ONCO_LOGO_RGB_horizontal.png\",\"width\":2062,\"height\":434,\"caption\":\"Oncolifestyle\"},\"image\":{\"@id\":\"https:\/\/www.oncolifestyle.com\/es\/#\/schema\/logo\/image\/\"}}]}<\/script>\n<!-- \/ Yoast SEO plugin. -->","yoast_head_json":{"title":"Nutrici\u00f3n durante y despu\u00e9s del c\u00e1ncer | Oncolifestyle","description":"Descubra c\u00f3mo la nutrici\u00f3n puede apoyar la salud y el bienestar durante y despu\u00e9s del c\u00e1ncer, con orientaci\u00f3n pr\u00e1ctica y basada en evidencia.","robots":{"index":"index","follow":"follow","max-snippet":"max-snippet:-1","max-image-preview":"max-image-preview:large","max-video-preview":"max-video-preview:-1"},"canonical":"https:\/\/www.oncolifestyle.com\/es\/nutricion\/","og_locale":"es_ES","og_type":"article","og_title":"Nutrici\u00f3n durante y despu\u00e9s del c\u00e1ncer | Oncolifestyle","og_description":"Descubra c\u00f3mo la nutrici\u00f3n puede apoyar la salud y el bienestar durante y despu\u00e9s del c\u00e1ncer, con orientaci\u00f3n pr\u00e1ctica y basada en evidencia.","og_url":"https:\/\/www.oncolifestyle.com\/es\/nutricion\/","og_site_name":"Oncolifestyle","article_modified_time":"2024-12-03T10:57:41+00:00","twitter_card":"summary_large_image","twitter_misc":{"Tiempo de lectura":"3 minutos"},"schema":{"@context":"https:\/\/schema.org","@graph":[{"@type":"WebPage","@id":"https:\/\/www.oncolifestyle.com\/es\/nutricion\/","url":"https:\/\/www.oncolifestyle.com\/es\/nutricion\/","name":"Nutrici\u00f3n durante y despu\u00e9s del c\u00e1ncer | Oncolifestyle","isPartOf":{"@id":"https:\/\/www.oncolifestyle.com\/es\/#website"},"datePublished":"2024-11-10T22:10:16+00:00","dateModified":"2024-12-03T10:57:41+00:00","description":"Descubra c\u00f3mo la nutrici\u00f3n puede apoyar la salud y el bienestar durante y despu\u00e9s del c\u00e1ncer, con orientaci\u00f3n pr\u00e1ctica y basada en evidencia.","breadcrumb":{"@id":"https:\/\/www.oncolifestyle.com\/es\/nutricion\/#breadcrumb"},"inLanguage":"es","potentialAction":[{"@type":"ReadAction","target":["https:\/\/www.oncolifestyle.com\/es\/nutricion\/"]}]},{"@type":"BreadcrumbList","@id":"https:\/\/www.oncolifestyle.com\/es\/nutricion\/#breadcrumb","itemListElement":[{"@type":"ListItem","position":1,"name":"Home","item":"https:\/\/www.oncolifestyle.com\/es\/"},{"@type":"ListItem","position":2,"name":"Nutrici\u00f3n"}]},{"@type":"WebSite","@id":"https:\/\/www.oncolifestyle.com\/es\/#website","url":"https:\/\/www.oncolifestyle.com\/es\/","name":"Oncolifestyle","description":"Helping people with cancer live well","publisher":{"@id":"https:\/\/www.oncolifestyle.com\/es\/#organization"},"potentialAction":[{"@type":"SearchAction","target":{"@type":"EntryPoint","urlTemplate":"https:\/\/www.oncolifestyle.com\/es\/?s={search_term_string}"},"query-input":{"@type":"PropertyValueSpecification","valueRequired":true,"valueName":"search_term_string"}}],"inLanguage":"es"},{"@type":"Organization","@id":"https:\/\/www.oncolifestyle.com\/es\/#organization","name":"Oncolifestyle","url":"https:\/\/www.oncolifestyle.com\/es\/","logo":{"@type":"ImageObject","inLanguage":"es","@id":"https:\/\/www.oncolifestyle.com\/es\/#\/schema\/logo\/image\/","url":"https:\/\/www.oncolifestyle.com\/wp-content\/uploads\/2022\/08\/ONCO_LOGO_RGB_horizontal.png","contentUrl":"https:\/\/www.oncolifestyle.com\/wp-content\/uploads\/2022\/08\/ONCO_LOGO_RGB_horizontal.png","width":2062,"height":434,"caption":"Oncolifestyle"},"image":{"@id":"https:\/\/www.oncolifestyle.com\/es\/#\/schema\/logo\/image\/"}}]}},"_links":{"self":[{"href":"https:\/\/www.oncolifestyle.com\/es\/wp-json\/wp\/v2\/pages\/2697","targetHints":{"allow":["GET"]}}],"collection":[{"href":"https:\/\/www.oncolifestyle.com\/es\/wp-json\/wp\/v2\/pages"}],"about":[{"href":"https:\/\/www.oncolifestyle.com\/es\/wp-json\/wp\/v2\/types\/page"}],"author":[{"embeddable":true,"href":"https:\/\/www.oncolifestyle.com\/es\/wp-json\/wp\/v2\/users\/1"}],"replies":[{"embeddable":true,"href":"https:\/\/www.oncolifestyle.com\/es\/wp-json\/wp\/v2\/comments?post=2697"}],"version-history":[{"count":3,"href":"https:\/\/www.oncolifestyle.com\/es\/wp-json\/wp\/v2\/pages\/2697\/revisions"}],"predecessor-version":[{"id":3433,"href":"https:\/\/www.oncolifestyle.com\/es\/wp-json\/wp\/v2\/pages\/2697\/revisions\/3433"}],"wp:attachment":[{"href":"https:\/\/www.oncolifestyle.com\/es\/wp-json\/wp\/v2\/media?parent=2697"}],"curies":[{"name":"wp","href":"https:\/\/api.w.org\/{rel}","templated":true}]}}