{"id":2698,"date":"2024-11-10T22:10:16","date_gmt":"2024-11-10T22:10:16","guid":{"rendered":"https:\/\/www.oncolifestyle.com\/?page_id=2698"},"modified":"2024-12-03T10:43:21","modified_gmt":"2024-12-03T10:43:21","slug":"nutrition","status":"publish","type":"page","link":"https:\/\/www.oncolifestyle.com\/fr\/nutrition\/","title":{"rendered":"Nutrition"},"content":{"rendered":"<div class=\"wpb-content-wrapper\"><p>[vc_row full_width=\u00a0\u00bbstretch_row\u00a0\u00bb css=\u00a0\u00bb.vc_custom_1731276601809{background-image: url(https:\/\/www.oncolifestyle.com\/wp-content\/uploads\/2024\/11\/nutrition-banner.jpg?id=2349) !important;background-position: center !important;background-repeat: no-repeat !important;background-size: cover !important;}\u00a0\u00bb el_class=\u00a0\u00bbpage-banner\u00a0\u00bb][vc_column width=\u00a0\u00bb1\/12&Prime;][\/vc_column][vc_column width=\u00a0\u00bb7\/12&Prime;][vc_empty_space height=\u00a0\u00bb17vw\u00a0\u00bb][vc_custom_heading text=\u00a0\u00bbNutrition\u00a0\u00bb font_container=\u00a0\u00bbtag:h1|text_align:left|color:%23ffffff\u00a0\u00bb use_theme_fonts=\u00a0\u00bbyes\u00a0\u00bb css=\u00a0\u00bb.vc_custom_1733222262946{margin-top: 0px !important;}\u00a0\u00bb][vc_empty_space height=\u00a0\u00bb5vw\u00a0\u00bb][\/vc_column][vc_column width=\u00a0\u00bb3\/12&Prime;][\/vc_column][vc_column width=\u00a0\u00bb1\/12&Prime;][\/vc_column][\/vc_row][vc_row][vc_column width=\u00a0\u00bb1\/12&Prime;][\/vc_column][vc_column width=\u00a0\u00bb1\/2&Prime;][vc_column_text el_class=\u00a0\u00bbbreadcrumbs\u00a0\u00bb]<!-- Breadcrumb NavXT 7.3.1 -->\n<span property=\"itemListElement\" typeof=\"ListItem\"><a property=\"item\" typeof=\"WebPage\" title=\"Aller \u00e0 Oncolifestyle.\" href=\"https:\/\/www.oncolifestyle.com\/fr\/\" class=\"home\" aria-current=\"page\"><span property=\"name\">Oncolifestyle<\/span><\/a><meta property=\"position\" content=\"1\"><\/span>[\/vc_column_text][vc_column_text css=\u00a0\u00bb.vc_custom_1733222371131{margin-top: 50px !important;}\u00a0\u00bb]<\/p>\n<h6 class=\"green-pill\">Au-del\u00e0 du diagnostic<\/h6>\n<h2>Exp\u00e9rimenter les bienfaits d\u2019une alimentation saine<\/h2>\n<p class=\"p1\">Une bonne alimentation peut vous aider \u00e0 vous sentir bien. En adoptant une alimentation saine apr\u00e8s le diagnostic de votre cancer, vous aurez davantage de chances de vivre bien et plus longtemps et serez mieux arm\u00e9 pour combattre certains des effets ind\u00e9sirables de votre traitement anticanc\u00e9reux.<\/p>\n<p class=\"p1\">Que vous soyez ici pour vous-m\u00eame ou pour l\u2019un de vos proches, il n\u2019est jamais trop tard pour changer les choses. Cela ne signifie pas que vous ayez besoin de faire un r\u00e9gime. Nous voulons plut\u00f4t vous aider \u00e0 d\u00e9couvrir comment les aliments que vous consommez peuvent avoir un impact sur votre qualit\u00e9 de vie \u2013 et vous inciter \u00e0 op\u00e9rer des changements simples mais durables de fa\u00e7on \u00e0 adopter de nouvelles habitudes sur le long terme. Apr\u00e8s tout, bien manger est un r\u00e9el plaisir et ne se d\u00e9livre pas sur prescription m\u00e9dicale!<\/p>\n<p>[\/vc_column_text][\/vc_column][vc_column width=\u00a0\u00bb5\/12&Prime;][vc_single_image image=\u00a0\u00bb2355&Prime; img_size=\u00a0\u00bblarge\u00a0\u00bb el_class=\u00a0\u00bbpage-circle-image\u00a0\u00bb][\/vc_column][\/vc_row][vc_row][vc_column][vc_custom_heading text=\u00a0\u00bbD\u00e9couvrez les nouveaut\u00e9s\u00a0\u00bb font_container=\u00a0\u00bbtag:h2|text_align:center\u00a0\u00bb use_theme_fonts=\u00a0\u00bbyes\u00a0\u00bb el_class=\u00a0\u00bbaccent-line center\u00a0\u00bb css=\u00a0\u00bb.vc_custom_1733222397666{margin-top: 100px !important;margin-bottom: 100px !important;}\u00a0\u00bb][\/vc_column][\/vc_row][vc_row][vc_column][vc_column_text]<div class=\"category-filter-bar\" data-container-id=\"ajax-posts-container-3766343948\" data-posts-per-page=\"5\" data-limit=\"100\"><span>Filtrer par:<\/span> <a href=\"#\" class=\"filter-link active\" data-category=\"47,70,35\">Tous<\/a> <a href=\"#\" class=\"filter-link\" data-category=\"47\">Nutrition<\/a> <a href=\"#\" class=\"filter-link\" data-category=\"35\">Recettes<\/a> <\/div><div class=\"ajax-posts-container feature-first\" id=\"ajax-posts-container-3766343948\" data-feature-first=\"true\"><div class=\"custom-post-grid\" data-categories=\"47,70,35\" data-active-categories=\"47,70,35\" data-posts-per-page=\"5\" data-limit=\"100\" data-paged=\"1\">\t\t\t<div class=\"custom-post-card\">\n\t\t\t\t\t\t\t\t\t<a class=\"post-thumbnail-wrapper\" href=\"https:\/\/www.oncolifestyle.com\/fr\/nutrition-fr-2\/comment-les-aliments-que-vous-consommez-influencent-ils-votre-sante\/\">\n\t\t\t\t\t\t<img decoding=\"async\" src=\"https:\/\/www.oncolifestyle.com\/wp-content\/uploads\/2024\/11\/shutterstock_1450969046.jpg\" alt=\"Comment les aliments que vous consommez influencent-ils votre sant\u00e9?\" class=\"post-thumbnail\" \/>\n\t\t\t\t\t<\/a>\n\t\t\t\t\t\t\t\t<div class=\"post-content\">\n\t\t\t\t\t\t\t\t\t\t\t<span class=\"post-category green-pill\">Bien manger pour vivre mieux<\/span>\n\t\t\t\t\t\t\t\t\t\n\t\t\t\t\t<h2 class=\"post-title\"><a href=\"https:\/\/www.oncolifestyle.com\/fr\/nutrition-fr-2\/comment-les-aliments-que-vous-consommez-influencent-ils-votre-sante\/\">Comment les aliments que vous consommez influencent-ils votre sant\u00e9?<\/a><\/h2>\n\t\t\t\t\t<a href=\"https:\/\/www.oncolifestyle.com\/fr\/nutrition-fr-2\/comment-les-aliments-que-vous-consommez-influencent-ils-votre-sante\/\" class=\"read-more\">En savoir plus<\/a>\n\t\t\t\t<\/div>\n\t\t\t<\/div>\n\t\t\t\t\t\t<div class=\"custom-post-card\">\n\t\t\t\t\t\t\t\t\t<a class=\"post-thumbnail-wrapper\" href=\"https:\/\/www.oncolifestyle.com\/fr\/nutrition-fr\/what-to-do-when-you-have-no-appetite\/\">\n\t\t\t\t\t\t<img decoding=\"async\" src=\"https:\/\/www.oncolifestyle.com\/wp-content\/uploads\/2024\/11\/shutterstock_1050118058.jpg\" alt=\"Que faire quand on n\u2019a pas d\u2019app\u00e9tit\" class=\"post-thumbnail\" \/>\n\t\t\t\t\t<\/a>\n\t\t\t\t\t\t\t\t<div class=\"post-content\">\n\t\t\t\t\t\t\t\t\t\t\t<span class=\"post-category green-pill\">Nutrition<\/span>\n\t\t\t\t\t\t\t\t\t\n\t\t\t\t\t<h2 class=\"post-title\"><a href=\"https:\/\/www.oncolifestyle.com\/fr\/nutrition-fr\/what-to-do-when-you-have-no-appetite\/\">Que faire quand on n\u2019a pas d\u2019app\u00e9tit<\/a><\/h2>\n\t\t\t\t\t<a href=\"https:\/\/www.oncolifestyle.com\/fr\/nutrition-fr\/what-to-do-when-you-have-no-appetite\/\" class=\"read-more\">En savoir plus<\/a>\n\t\t\t\t<\/div>\n\t\t\t<\/div>\n\t\t\t\t\t\t<div class=\"custom-post-card\">\n\t\t\t\t\t\t\t\t\t<a class=\"post-thumbnail-wrapper\" href=\"https:\/\/www.oncolifestyle.com\/fr\/nutrition-fr\/dietary-tips-for-nausea-and-vomiting\/\">\n\t\t\t\t\t\t<img decoding=\"async\" src=\"https:\/\/www.oncolifestyle.com\/wp-content\/uploads\/2024\/11\/woman-bowing-her-head-toilet-bathroom-top-view.jpg\" alt=\"Astuces en cas de naus\u00e9es ou vomissements\" class=\"post-thumbnail\" \/>\n\t\t\t\t\t<\/a>\n\t\t\t\t\t\t\t\t<div class=\"post-content\">\n\t\t\t\t\t\t\t\t\t\t\t<span class=\"post-category green-pill\">Nutrition<\/span>\n\t\t\t\t\t\t\t\t\t\n\t\t\t\t\t<h2 class=\"post-title\"><a href=\"https:\/\/www.oncolifestyle.com\/fr\/nutrition-fr\/dietary-tips-for-nausea-and-vomiting\/\">Astuces en cas de naus\u00e9es ou vomissements<\/a><\/h2>\n\t\t\t\t\t<a href=\"https:\/\/www.oncolifestyle.com\/fr\/nutrition-fr\/dietary-tips-for-nausea-and-vomiting\/\" class=\"read-more\">En savoir plus<\/a>\n\t\t\t\t<\/div>\n\t\t\t<\/div>\n\t\t\t\t\t\t<div class=\"custom-post-card\">\n\t\t\t\t\t\t\t\t\t<a class=\"post-thumbnail-wrapper\" href=\"https:\/\/www.oncolifestyle.com\/fr\/nutrition-fr\/why-getting-enough-protein-is-important\/\">\n\t\t\t\t\t\t<img decoding=\"async\" src=\"https:\/\/www.oncolifestyle.com\/wp-content\/uploads\/2024\/11\/fresh-tuna-eggs.jpg\" alt=\"Pourquoi il est important de consommer une quantit\u00e9 suffisante de prot\u00e9ines\" class=\"post-thumbnail\" \/>\n\t\t\t\t\t<\/a>\n\t\t\t\t\t\t\t\t<div class=\"post-content\">\n\t\t\t\t\t\t\t\t\t\t\t<span class=\"post-category green-pill\">Nutrition<\/span>\n\t\t\t\t\t\t\t\t\t\n\t\t\t\t\t<h2 class=\"post-title\"><a href=\"https:\/\/www.oncolifestyle.com\/fr\/nutrition-fr\/why-getting-enough-protein-is-important\/\">Pourquoi il est important de consommer une quantit\u00e9 suffisante de prot\u00e9ines<\/a><\/h2>\n\t\t\t\t\t<a href=\"https:\/\/www.oncolifestyle.com\/fr\/nutrition-fr\/why-getting-enough-protein-is-important\/\" class=\"read-more\">En savoir plus<\/a>\n\t\t\t\t<\/div>\n\t\t\t<\/div>\n\t\t\t\t\t\t<div class=\"custom-post-card\">\n\t\t\t\t\t\t\t\t\t<a class=\"post-thumbnail-wrapper\" href=\"https:\/\/www.oncolifestyle.com\/fr\/nutrition-fr\/recettes-siciliennes\/\">\n\t\t\t\t\t\t<img decoding=\"async\" src=\"https:\/\/www.oncolifestyle.com\/wp-content\/uploads\/2024\/11\/fresh-tuna-eggs.jpg\" alt=\"Recettes siciliennes\" class=\"post-thumbnail\" \/>\n\t\t\t\t\t<\/a>\n\t\t\t\t\t\t\t\t<div class=\"post-content\">\n\t\t\t\t\t\t\t\t\t\t\t<span class=\"post-category green-pill\">Nutrition<\/span>\n\t\t\t\t\t\t\t\t\t\n\t\t\t\t\t<h2 class=\"post-title\"><a href=\"https:\/\/www.oncolifestyle.com\/fr\/nutrition-fr\/recettes-siciliennes\/\">Recettes siciliennes<\/a><\/h2>\n\t\t\t\t\t<a href=\"https:\/\/www.oncolifestyle.com\/fr\/nutrition-fr\/recettes-siciliennes\/\" class=\"read-more\">En savoir plus<\/a>\n\t\t\t\t<\/div>\n\t\t\t<\/div>\n\t\t\t<\/div>\n\t\t<div class=\"vc_btn3-container  view-more-articles vc_btn3-center\" style=\"margin-top: 20px;\">\n\t\t\t<button class=\"load-more vc_general vc_btn3 vc_btn3-size-md vc_btn3-shape-round vc_btn3-style-classic vc_btn3-color-danger\" data-paged=\"2\">Afficher plus d'articles<\/button>\n\t\t<\/div> <\/div>[\/vc_column_text][\/vc_column][\/vc_row][vc_row][vc_column][vc_custom_heading text=\u00a0\u00bbEn savoir plus\u00a0\u00bb font_container=\u00a0\u00bbtag:h2|text_align:center\u00a0\u00bb use_theme_fonts=\u00a0\u00bbyes\u00a0\u00bb el_class=\u00a0\u00bbaccent-line center\u00a0\u00bb css=\u00a0\u00bb.vc_custom_1733222419292{margin-top: 130px !important;padding-bottom: 150px !important;}\u00a0\u00bb][\/vc_column][\/vc_row][vc_row gap=\u00a0\u00bb30&Prime; equal_height=\u00a0\u00bbyes\u00a0\u00bb css=\u00a0\u00bb.vc_custom_1731312530635{padding-bottom: 100px !important;background-image: url(https:\/\/www.oncolifestyle.com\/wp-content\/uploads\/2022\/08\/news-bg.jpg?id=148) !important;background-position: 0 0 !important;background-repeat: no-repeat !important;}\u00a0\u00bb el_class=\u00a0\u00bbexplore-cards\u00a0\u00bb][vc_column width=\u00a0\u00bb1\/2&Prime; css=\u00a0\u00bb.vc_custom_1731312481077{margin-top: -100px !important;background-image: url(https:\/\/www.oncolifestyle.com\/wp-content\/uploads\/2024\/11\/physical-activity-card-bg.jpg?id=2721) !important;background-position: center !important;background-repeat: no-repeat !important;background-size: cover !important;}\u00a0\u00bb el_class=\u00a0\u00bbhome-cards\u00a0\u00bb][vc_single_image image=\u00a0\u00bb2739&Prime; img_size=\u00a0\u00bb200&#215;220&Prime; alignment=\u00a0\u00bbright\u00a0\u00bb][vc_column_text]<\/p>\n<h4>ACTIVIT\u00c9 PHYSIQUE<\/h4>\n<p>D\u00e9couvrez comment rester physiquement actif peut am\u00e9liorer votre bien-\u00eatre physique, mental et social.[\/vc_column_text][vc_btn title=\u00a0\u00bbEn savoir plus\u00a0\u00bb style=\u00a0\u00bbclassic\u00a0\u00bb shape=\u00a0\u00bbsquare\u00a0\u00bb color=\u00a0\u00bbwhite\u00a0\u00bb link=\u00a0\u00bburl:https%3A%2F%2Fwww.oncolifestyle.com%2Ffr%2Fcancer-de-la-prostate%2Factivite-physique%2F|title:Activit%C3%A9%20physique\u00a0\u00bb][\/vc_column][vc_column width=\u00a0\u00bb1\/2&Prime; css=\u00a0\u00bb.vc_custom_1731312500410{margin-top: -100px !important;background-image: url(https:\/\/www.oncolifestyle.com\/wp-content\/uploads\/2024\/11\/mental-health-card-bg.jpg?id=2709) !important;}\u00a0\u00bb el_class=\u00a0\u00bbhome-cards\u00a0\u00bb][vc_single_image image=\u00a0\u00bb2727&Prime; img_size=\u00a0\u00bb210&#215;240&Prime; alignment=\u00a0\u00bbright\u00a0\u00bb][vc_column_text]<\/p>\n<h4>SANT\u00c9 MENTALE<\/h4>\n<p>Comprenez comment le cancer affecte votre sant\u00e9 cognitive et \u00e9motionnelle \u2013 et comment vous pouvez prot\u00e9ger votre bien-\u00eatre mental.[\/vc_column_text][vc_btn title=\u00a0\u00bbEn savoir plus\u00a0\u00bb style=\u00a0\u00bbclassic\u00a0\u00bb shape=\u00a0\u00bbsquare\u00a0\u00bb color=\u00a0\u00bbwhite\u00a0\u00bb link=\u00a0\u00bburl:https%3A%2F%2Fwww.oncolifestyle.com%2Ffr%2Fcancer-de-la-prostate%2Fsante-cerebrale%2F|title:Mental%20Health\u00a0\u00bb][\/vc_column][\/vc_row][vc_row css=\u00a0\u00bb.vc_custom_1731277799166{padding-top: 100px !important;padding-bottom: 100px !important;}\u00a0\u00bb][vc_column width=\u00a0\u00bb1\/12&Prime;][\/vc_column][vc_column width=\u00a0\u00bb10\/12&Prime;][vc_custom_heading text=\u00a0\u00bbDes informations fiables\u00a0\u00bb font_container=\u00a0\u00bbtag:h2|text_align:center\u00a0\u00bb use_theme_fonts=\u00a0\u00bbyes\u00a0\u00bb el_class=\u00a0\u00bbaccent-line center size-sm\u00a0\u00bb][vc_column_text]<\/p>\n<p style=\"text-align: center;\">Avec tant d&rsquo;opinions divergentes, il peut \u00eatre difficile de savoir qui suivre. Oncolifestyle veille \u00e0 vous fournir des informations fond\u00e9es sur des donn\u00e9es probantes qui ont fait l&rsquo;objet de recherches approfondies dans l&rsquo;optique de votre sant\u00e9.<\/p>\n<p>[\/vc_column_text][\/vc_column][vc_column width=\u00a0\u00bb1\/12&Prime;][\/vc_column][\/vc_row]<\/p>\n<\/div>","protected":false},"excerpt":{"rendered":"<p>[vc_row full_width=\u00a0\u00bbstretch_row\u00a0\u00bb css=\u00a0\u00bb.vc_custom_1731276601809{background-image: url(https:\/\/www.oncolifestyle.com\/wp-content\/uploads\/2024\/11\/nutrition-banner.jpg?id=2349) !important;background-position: center !important;background-repeat: no-repeat !important;background-size: cover !important;}\u00a0\u00bb el_class=\u00a0\u00bbpage-banner\u00a0\u00bb][vc_column width=\u00a0\u00bb1\/12&Prime;][\/vc_column][vc_column width=\u00a0\u00bb7\/12&Prime;][vc_empty_space height=\u00a0\u00bb17vw\u00a0\u00bb][vc_custom_heading text=\u00a0\u00bbNutrition\u00a0\u00bb font_container=\u00a0\u00bbtag:h1|text_align:left|color:%23ffffff\u00a0\u00bb use_theme_fonts=\u00a0\u00bbyes\u00a0\u00bb css=\u00a0\u00bb.vc_custom_1733222262946{margin-top: 0px [&hellip;]<\/p>\n","protected":false},"author":1,"featured_media":0,"parent":0,"menu_order":0,"comment_status":"closed","ping_status":"closed","template":"template-fullwidth.php","meta":{"_acf_changed":false,"inline_featured_image":false,"footnotes":""},"class_list":["post-2698","page","type-page","status-publish","hentry"],"acf":[],"yoast_head":"<!-- This site is optimized with the Yoast SEO plugin v23.8 - https:\/\/yoast.com\/wordpress\/plugins\/seo\/ -->\n<title>Nutrition pendant et apr\u00e8s le cancer | Oncolifestyle<\/title>\n<meta name=\"description\" content=\"D\u00e9couvrez comment la nutrition peut soutenir la sant\u00e9 et le bien-\u00eatre pendant et apr\u00e8s le cancer, avec des conseils pratiques fond\u00e9s sur les preuves.\" \/>\n<meta name=\"robots\" content=\"index, follow, max-snippet:-1, max-image-preview:large, max-video-preview:-1\" \/>\n<link rel=\"canonical\" href=\"https:\/\/www.oncolifestyle.com\/fr\/nutrition\/\" \/>\n<meta property=\"og:locale\" content=\"fr_FR\" \/>\n<meta property=\"og:type\" content=\"article\" \/>\n<meta property=\"og:title\" content=\"Nutrition pendant et apr\u00e8s le cancer | Oncolifestyle\" \/>\n<meta property=\"og:description\" content=\"D\u00e9couvrez comment la nutrition peut soutenir la sant\u00e9 et le bien-\u00eatre pendant et apr\u00e8s le cancer, avec des conseils pratiques fond\u00e9s sur les preuves.\" \/>\n<meta property=\"og:url\" content=\"https:\/\/www.oncolifestyle.com\/fr\/nutrition\/\" \/>\n<meta property=\"og:site_name\" content=\"Oncolifestyle\" \/>\n<meta property=\"article:modified_time\" content=\"2024-12-03T10:43:21+00:00\" \/>\n<meta name=\"twitter:card\" content=\"summary_large_image\" \/>\n<meta name=\"twitter:label1\" content=\"Dur\u00e9e de lecture estim\u00e9e\" \/>\n\t<meta name=\"twitter:data1\" content=\"3 minutes\" \/>\n<script type=\"application\/ld+json\" class=\"yoast-schema-graph\">{\"@context\":\"https:\/\/schema.org\",\"@graph\":[{\"@type\":\"WebPage\",\"@id\":\"https:\/\/www.oncolifestyle.com\/fr\/nutrition\/\",\"url\":\"https:\/\/www.oncolifestyle.com\/fr\/nutrition\/\",\"name\":\"Nutrition pendant et apr\u00e8s le cancer | Oncolifestyle\",\"isPartOf\":{\"@id\":\"https:\/\/www.oncolifestyle.com\/fr\/#website\"},\"datePublished\":\"2024-11-10T22:10:16+00:00\",\"dateModified\":\"2024-12-03T10:43:21+00:00\",\"description\":\"D\u00e9couvrez comment la nutrition peut soutenir la sant\u00e9 et le bien-\u00eatre pendant et apr\u00e8s le cancer, avec des conseils pratiques fond\u00e9s sur les preuves.\",\"breadcrumb\":{\"@id\":\"https:\/\/www.oncolifestyle.com\/fr\/nutrition\/#breadcrumb\"},\"inLanguage\":\"fr-FR\",\"potentialAction\":[{\"@type\":\"ReadAction\",\"target\":[\"https:\/\/www.oncolifestyle.com\/fr\/nutrition\/\"]}]},{\"@type\":\"BreadcrumbList\",\"@id\":\"https:\/\/www.oncolifestyle.com\/fr\/nutrition\/#breadcrumb\",\"itemListElement\":[{\"@type\":\"ListItem\",\"position\":1,\"name\":\"Home\",\"item\":\"https:\/\/www.oncolifestyle.com\/fr\/\"},{\"@type\":\"ListItem\",\"position\":2,\"name\":\"Nutrition\"}]},{\"@type\":\"WebSite\",\"@id\":\"https:\/\/www.oncolifestyle.com\/fr\/#website\",\"url\":\"https:\/\/www.oncolifestyle.com\/fr\/\",\"name\":\"Oncolifestyle\",\"description\":\"Helping people with cancer live well\",\"publisher\":{\"@id\":\"https:\/\/www.oncolifestyle.com\/fr\/#organization\"},\"potentialAction\":[{\"@type\":\"SearchAction\",\"target\":{\"@type\":\"EntryPoint\",\"urlTemplate\":\"https:\/\/www.oncolifestyle.com\/fr\/?s={search_term_string}\"},\"query-input\":{\"@type\":\"PropertyValueSpecification\",\"valueRequired\":true,\"valueName\":\"search_term_string\"}}],\"inLanguage\":\"fr-FR\"},{\"@type\":\"Organization\",\"@id\":\"https:\/\/www.oncolifestyle.com\/fr\/#organization\",\"name\":\"Oncolifestyle\",\"url\":\"https:\/\/www.oncolifestyle.com\/fr\/\",\"logo\":{\"@type\":\"ImageObject\",\"inLanguage\":\"fr-FR\",\"@id\":\"https:\/\/www.oncolifestyle.com\/fr\/#\/schema\/logo\/image\/\",\"url\":\"https:\/\/www.oncolifestyle.com\/wp-content\/uploads\/2022\/08\/ONCO_LOGO_RGB_horizontal.png\",\"contentUrl\":\"https:\/\/www.oncolifestyle.com\/wp-content\/uploads\/2022\/08\/ONCO_LOGO_RGB_horizontal.png\",\"width\":2062,\"height\":434,\"caption\":\"Oncolifestyle\"},\"image\":{\"@id\":\"https:\/\/www.oncolifestyle.com\/fr\/#\/schema\/logo\/image\/\"}}]}<\/script>\n<!-- \/ Yoast SEO plugin. -->","yoast_head_json":{"title":"Nutrition pendant et apr\u00e8s le cancer | Oncolifestyle","description":"D\u00e9couvrez comment la nutrition peut soutenir la sant\u00e9 et le bien-\u00eatre pendant et apr\u00e8s le cancer, avec des conseils pratiques fond\u00e9s sur les preuves.","robots":{"index":"index","follow":"follow","max-snippet":"max-snippet:-1","max-image-preview":"max-image-preview:large","max-video-preview":"max-video-preview:-1"},"canonical":"https:\/\/www.oncolifestyle.com\/fr\/nutrition\/","og_locale":"fr_FR","og_type":"article","og_title":"Nutrition pendant et apr\u00e8s le cancer | Oncolifestyle","og_description":"D\u00e9couvrez comment la nutrition peut soutenir la sant\u00e9 et le bien-\u00eatre pendant et apr\u00e8s le cancer, avec des conseils pratiques fond\u00e9s sur les preuves.","og_url":"https:\/\/www.oncolifestyle.com\/fr\/nutrition\/","og_site_name":"Oncolifestyle","article_modified_time":"2024-12-03T10:43:21+00:00","twitter_card":"summary_large_image","twitter_misc":{"Dur\u00e9e de lecture estim\u00e9e":"3 minutes"},"schema":{"@context":"https:\/\/schema.org","@graph":[{"@type":"WebPage","@id":"https:\/\/www.oncolifestyle.com\/fr\/nutrition\/","url":"https:\/\/www.oncolifestyle.com\/fr\/nutrition\/","name":"Nutrition pendant et apr\u00e8s le cancer | Oncolifestyle","isPartOf":{"@id":"https:\/\/www.oncolifestyle.com\/fr\/#website"},"datePublished":"2024-11-10T22:10:16+00:00","dateModified":"2024-12-03T10:43:21+00:00","description":"D\u00e9couvrez comment la nutrition peut soutenir la sant\u00e9 et le bien-\u00eatre pendant et apr\u00e8s le cancer, avec des conseils pratiques fond\u00e9s sur les preuves.","breadcrumb":{"@id":"https:\/\/www.oncolifestyle.com\/fr\/nutrition\/#breadcrumb"},"inLanguage":"fr-FR","potentialAction":[{"@type":"ReadAction","target":["https:\/\/www.oncolifestyle.com\/fr\/nutrition\/"]}]},{"@type":"BreadcrumbList","@id":"https:\/\/www.oncolifestyle.com\/fr\/nutrition\/#breadcrumb","itemListElement":[{"@type":"ListItem","position":1,"name":"Home","item":"https:\/\/www.oncolifestyle.com\/fr\/"},{"@type":"ListItem","position":2,"name":"Nutrition"}]},{"@type":"WebSite","@id":"https:\/\/www.oncolifestyle.com\/fr\/#website","url":"https:\/\/www.oncolifestyle.com\/fr\/","name":"Oncolifestyle","description":"Helping people with cancer live well","publisher":{"@id":"https:\/\/www.oncolifestyle.com\/fr\/#organization"},"potentialAction":[{"@type":"SearchAction","target":{"@type":"EntryPoint","urlTemplate":"https:\/\/www.oncolifestyle.com\/fr\/?s={search_term_string}"},"query-input":{"@type":"PropertyValueSpecification","valueRequired":true,"valueName":"search_term_string"}}],"inLanguage":"fr-FR"},{"@type":"Organization","@id":"https:\/\/www.oncolifestyle.com\/fr\/#organization","name":"Oncolifestyle","url":"https:\/\/www.oncolifestyle.com\/fr\/","logo":{"@type":"ImageObject","inLanguage":"fr-FR","@id":"https:\/\/www.oncolifestyle.com\/fr\/#\/schema\/logo\/image\/","url":"https:\/\/www.oncolifestyle.com\/wp-content\/uploads\/2022\/08\/ONCO_LOGO_RGB_horizontal.png","contentUrl":"https:\/\/www.oncolifestyle.com\/wp-content\/uploads\/2022\/08\/ONCO_LOGO_RGB_horizontal.png","width":2062,"height":434,"caption":"Oncolifestyle"},"image":{"@id":"https:\/\/www.oncolifestyle.com\/fr\/#\/schema\/logo\/image\/"}}]}},"_links":{"self":[{"href":"https:\/\/www.oncolifestyle.com\/fr\/wp-json\/wp\/v2\/pages\/2698","targetHints":{"allow":["GET"]}}],"collection":[{"href":"https:\/\/www.oncolifestyle.com\/fr\/wp-json\/wp\/v2\/pages"}],"about":[{"href":"https:\/\/www.oncolifestyle.com\/fr\/wp-json\/wp\/v2\/types\/page"}],"author":[{"embeddable":true,"href":"https:\/\/www.oncolifestyle.com\/fr\/wp-json\/wp\/v2\/users\/1"}],"replies":[{"embeddable":true,"href":"https:\/\/www.oncolifestyle.com\/fr\/wp-json\/wp\/v2\/comments?post=2698"}],"version-history":[{"count":2,"href":"https:\/\/www.oncolifestyle.com\/fr\/wp-json\/wp\/v2\/pages\/2698\/revisions"}],"predecessor-version":[{"id":3429,"href":"https:\/\/www.oncolifestyle.com\/fr\/wp-json\/wp\/v2\/pages\/2698\/revisions\/3429"}],"wp:attachment":[{"href":"https:\/\/www.oncolifestyle.com\/fr\/wp-json\/wp\/v2\/media?parent=2698"}],"curies":[{"name":"wp","href":"https:\/\/api.w.org\/{rel}","templated":true}]}}