{"id":373,"date":"2022-07-27T23:10:25","date_gmt":"2022-07-27T23:10:25","guid":{"rendered":"https:\/\/oncolifestyle-com.orientedhosting.com\/home\/"},"modified":"2024-12-02T12:48:38","modified_gmt":"2024-12-02T12:48:38","slug":"home","status":"publish","type":"page","link":"https:\/\/www.oncolifestyle.com\/fr\/","title":{"rendered":"Home"},"content":{"rendered":"<div class=\"wpb-content-wrapper\"><p>[vc_row full_width=\u00a0\u00bbstretch_row\u00a0\u00bb css=\u00a0\u00bb.vc_custom_1731243703204{background-image: url(https:\/\/www.oncolifestyle.com\/wp-content\/uploads\/2024\/11\/home-banner.jpg?id=2337) !important;background-position: center !important;background-repeat: no-repeat !important;background-size: cover !important;}\u00a0\u00bb el_class=\u00a0\u00bbpage-banner\u00a0\u00bb][vc_column width=\u00a0\u00bb1\/12&Prime;][\/vc_column][vc_column width=\u00a0\u00bb7\/12&Prime;][vc_empty_space height=\u00a0\u00bb17vw\u00a0\u00bb][vc_custom_heading text=\u00a0\u00bbVous aidez \u00e0 bien vivre avec le cancer\u00a0\u00bb font_container=\u00a0\u00bbtag:h1|text_align:left|color:%23ffffff\u00a0\u00bb use_theme_fonts=\u00a0\u00bbyes\u00a0\u00bb css=\u00a0\u00bb.vc_custom_1733135517213{margin-top: 0px !important;}\u00a0\u00bb][vc_empty_space height=\u00a0\u00bb5vw\u00a0\u00bb][\/vc_column][vc_column width=\u00a0\u00bb3\/12&Prime;][\/vc_column][vc_column width=\u00a0\u00bb1\/12&Prime;][\/vc_column][\/vc_row][vc_row][vc_column width=\u00a0\u00bb1\/12&Prime;][\/vc_column][vc_column width=\u00a0\u00bb1\/2&Prime;][vc_column_text css=\u00a0\u00bb.vc_custom_1733132450592{margin-top: 50px !important;}\u00a0\u00bb]<\/p>\n<h6 class=\"green-pill\">NOTRE OBJECTIF<\/h6>\n<h2 class=\"p1\">Vous aidez \u00e0 bien vivre avec le cancer<\/h2>\n<p class=\"p1\">Le cancer impacte chaque aspect de votre vie. Que vous viviez avec un diagnostic \u2013 ou que quelqu&rsquo;un proche de vous le fasse \u2013 nous sommes l\u00e0 pour vous aider \u00e0 traverser ces changements.<\/p>\n<p class=\"p1\">Dans Oncolifestyle, vous trouverez des informations accessibles et bas\u00e9es sur des preuves pour jouer un r\u00f4le actif dans votre parcours avec le cancer, faire des choix de vie positifs et d\u00e9couvrir de nouvelles fa\u00e7ons d&rsquo;am\u00e9liorer votre qualit\u00e9 de vie.<\/p>\n<p>[\/vc_column_text][\/vc_column][vc_column width=\u00a0\u00bb5\/12&Prime;][vc_single_image image=\u00a0\u00bb2343&Prime; img_size=\u00a0\u00bblarge\u00a0\u00bb el_class=\u00a0\u00bbpage-circle-image\u00a0\u00bb][\/vc_column][\/vc_row][vc_row css=\u00a0\u00bb.vc_custom_1731265418453{padding-bottom: 150px !important;}\u00a0\u00bb][vc_column][vc_custom_heading text=\u00a0\u00bbQuoi de neuf\u00a0\u00bb font_container=\u00a0\u00bbtag:h2|text_align:center\u00a0\u00bb use_theme_fonts=\u00a0\u00bbyes\u00a0\u00bb el_class=\u00a0\u00bbaccent-line center\u00a0\u00bb css=\u00a0\u00bb.vc_custom_1733132485047{margin-top: 100px !important;margin-bottom: 100px !important;}\u00a0\u00bb][\/vc_column][\/vc_row][vc_row css=\u00a0\u00bb.vc_custom_1731265407035{background-image: url(https:\/\/www.oncolifestyle.com\/wp-content\/uploads\/2022\/11\/news-bg.jpg?id=677) !important;}\u00a0\u00bb][vc_column][vc_column_text css=\u00a0\u00bb.vc_custom_1731404795383{margin-top: -200px !important;margin-bottom: 80px !important;}\u00a0\u00bb]<div class=\"ajax-posts-container \" id=\"ajax-posts-container-2456483924\" data-feature-first=\"false\"><div class=\"custom-post-grid\" data-categories=\"156\" data-active-categories=\"156\" data-posts-per-page=\"3\" data-limit=\"3\" data-paged=\"1\">\t\t\t<div class=\"custom-post-card\">\n\t\t\t\t\t\t\t\t\t<a class=\"post-thumbnail-wrapper\" href=\"https:\/\/www.oncolifestyle.com\/fr\/sante-emotionnelle\/quest-ce-quun-therapeute-peut-faire-pour-vous\/\">\n\t\t\t\t\t\t<img decoding=\"async\" src=\"https:\/\/www.oncolifestyle.com\/wp-content\/uploads\/2024\/08\/man-sitting-psychologist-s-office-talking-about-problems.jpg\" alt=\"Qu\u2019est-ce qu\u2019un th\u00e9rapeute peut faire pour vous ?\" class=\"post-thumbnail\" \/>\n\t\t\t\t\t<\/a>\n\t\t\t\t\t\t\t\t<div class=\"post-content\">\n\t\t\t\t\t\t\t\t\t\t\t<span class=\"post-category green-pill\">Sant\u00e9 \u00e9motionnelle<\/span>\n\t\t\t\t\t\t\t\t\t\n\t\t\t\t\t<h2 class=\"post-title\"><a href=\"https:\/\/www.oncolifestyle.com\/fr\/sante-emotionnelle\/quest-ce-quun-therapeute-peut-faire-pour-vous\/\">Qu\u2019est-ce qu\u2019un th\u00e9rapeute peut faire pour vous ?<\/a><\/h2>\n\t\t\t\t\t<a href=\"https:\/\/www.oncolifestyle.com\/fr\/sante-emotionnelle\/quest-ce-quun-therapeute-peut-faire-pour-vous\/\" class=\"read-more\">En savoir plus<\/a>\n\t\t\t\t<\/div>\n\t\t\t<\/div>\n\t\t\t\t\t\t<div class=\"custom-post-card\">\n\t\t\t\t\t\t\t\t\t<a class=\"post-thumbnail-wrapper\" href=\"https:\/\/www.oncolifestyle.com\/fr\/sante-emotionnelle\/les-bienfaits-des-exercices-de-relaxation\/\">\n\t\t\t\t\t\t<img decoding=\"async\" src=\"https:\/\/www.oncolifestyle.com\/wp-content\/uploads\/2024\/08\/group-young-sporty-people-sitting-sukhasana-close-up.jpg\" alt=\"Les bienfaits des exercices de relaxation\" class=\"post-thumbnail\" \/>\n\t\t\t\t\t<\/a>\n\t\t\t\t\t\t\t\t<div class=\"post-content\">\n\t\t\t\t\t\t\t\t\t\t\t<span class=\"post-category green-pill\">Sant\u00e9 \u00e9motionnelle<\/span>\n\t\t\t\t\t\t\t\t\t\n\t\t\t\t\t<h2 class=\"post-title\"><a href=\"https:\/\/www.oncolifestyle.com\/fr\/sante-emotionnelle\/les-bienfaits-des-exercices-de-relaxation\/\">Les bienfaits des exercices de relaxation<\/a><\/h2>\n\t\t\t\t\t<a href=\"https:\/\/www.oncolifestyle.com\/fr\/sante-emotionnelle\/les-bienfaits-des-exercices-de-relaxation\/\" class=\"read-more\">En savoir plus<\/a>\n\t\t\t\t<\/div>\n\t\t\t<\/div>\n\t\t\t\t\t\t<div class=\"custom-post-card\">\n\t\t\t\t\t\t\t\t\t<a class=\"post-thumbnail-wrapper\" href=\"https:\/\/www.oncolifestyle.com\/fr\/sante-emotionnelle\/10-conseils-pour-gerer-vos-emotions\/\">\n\t\t\t\t\t\t<img decoding=\"async\" src=\"https:\/\/www.oncolifestyle.com\/wp-content\/uploads\/2024\/08\/tranquil-retreat-middleaged-asian-woman-finds-serenity-comfort-her-home.jpg\" alt=\"10 conseils pour g\u00e9rer vos \u00e9motions\" class=\"post-thumbnail\" \/>\n\t\t\t\t\t<\/a>\n\t\t\t\t\t\t\t\t<div class=\"post-content\">\n\t\t\t\t\t\t\t\t\t\t\t<span class=\"post-category green-pill\">Sant\u00e9 \u00e9motionnelle<\/span>\n\t\t\t\t\t\t\t\t\t\n\t\t\t\t\t<h2 class=\"post-title\"><a href=\"https:\/\/www.oncolifestyle.com\/fr\/sante-emotionnelle\/10-conseils-pour-gerer-vos-emotions\/\">10 conseils pour g\u00e9rer vos \u00e9motions<\/a><\/h2>\n\t\t\t\t\t<a href=\"https:\/\/www.oncolifestyle.com\/fr\/sante-emotionnelle\/10-conseils-pour-gerer-vos-emotions\/\" class=\"read-more\">En savoir plus<\/a>\n\t\t\t\t<\/div>\n\t\t\t<\/div>\n\t\t\t<\/div><\/div>[\/vc_column_text][\/vc_column][\/vc_row][vc_row][vc_column][vc_custom_heading text=\u00a0\u00bbTout ce qu\u2019il faut savoir\u00a0\u00bb font_container=\u00a0\u00bbtag:h2|text_align:center\u00a0\u00bb use_theme_fonts=\u00a0\u00bbyes\u00a0\u00bb el_class=\u00a0\u00bbaccent-line center\u00a0\u00bb css=\u00a0\u00bb.vc_custom_1733132579181{margin-top: 130px !important;margin-bottom: 50px !important;}\u00a0\u00bb][\/vc_column][\/vc_row][vc_row][vc_column][vc_column_text css=\u00a0\u00bb.vc_custom_1733132613559{padding-right: 5% !important;padding-left: 5% !important;}\u00a0\u00bb]<\/p>\n<p class=\"p1\" style=\"text-align: center;\">Adopter un mode de vie sain a d\u00e9montr\u00e9 son efficacit\u00e9 dans la pr\u00e9vention du cancer, mais il est tout aussi important de maintenir ces habitudes en vivant avec le cancer. Cela peut vous aider \u00e0 vous sentir mieux, \u00e0 am\u00e9liorer vos niveaux d\u2019\u00e9nergie et m\u00eame \u00e0 ralentir la progression du cancer. En faisant des choix de vie sains, vous pouvez am\u00e9liorer votre qualit\u00e9 de vie et reprendre le contr\u00f4le de votre parcours contre le cancer.<\/p>\n<p>[\/vc_column_text][\/vc_column][\/vc_row][vc_row gap=\u00a0\u00bb30&Prime; equal_height=\u00a0\u00bbyes\u00a0\u00bb][vc_column width=\u00a0\u00bb1\/3&Prime; css=\u00a0\u00bb.vc_custom_1731311533950{background-image: url(https:\/\/www.oncolifestyle.com\/wp-content\/uploads\/2024\/11\/nutrition-card-bg.jpg?id=2715) !important;background-position: center !important;background-repeat: no-repeat !important;background-size: cover !important;}\u00a0\u00bb el_class=\u00a0\u00bbhome-cards\u00a0\u00bb][vc_single_image image=\u00a0\u00bb2733&Prime; img_size=\u00a0\u00bb210&#215;270&Prime; alignment=\u00a0\u00bbright\u00a0\u00bb][vc_column_text]<\/p>\n<h4 class=\"p1\"><b>NUTRITION<\/b><\/h4>\n<p class=\"p1\">D\u00e9couvrez comment une alimentation et des choix nutritionnels peuvent vous aider \u00e0 mieux vivre avec le cancer.<\/p>\n<p>[\/vc_column_text][vc_btn title=\u00a0\u00bbEn savoir plus\u00a0\u00bb style=\u00a0\u00bbclassic\u00a0\u00bb shape=\u00a0\u00bbsquare\u00a0\u00bb color=\u00a0\u00bbwhite\u00a0\u00bb link=\u00a0\u00bburl:https%3A%2F%2Fwww.oncolifestyle.com%2Ffr%2Fcancer-de-la-prostate%2Falimentation%2F|title:Nutrition\u00a0\u00bb][\/vc_column][vc_column width=\u00a0\u00bb1\/3&Prime; css=\u00a0\u00bb.vc_custom_1731311592120{background-image: url(https:\/\/www.oncolifestyle.com\/wp-content\/uploads\/2024\/11\/physical-activity-card-bg.jpg?id=2721) !important;background-position: center !important;background-repeat: no-repeat !important;background-size: cover !important;}\u00a0\u00bb el_class=\u00a0\u00bbhome-cards\u00a0\u00bb][vc_single_image image=\u00a0\u00bb2739&Prime; img_size=\u00a0\u00bb200&#215;220&Prime; alignment=\u00a0\u00bbright\u00a0\u00bb][vc_column_text]<\/p>\n<h4 class=\"p1\"><strong>ACTIVIT\u00c9 PHYSIQUE<\/strong><\/h4>\n<p>D\u00e9couvrez comment rester physiquement actif peut am\u00e9liorer votre bien-\u00eatre physique, mental et social.[\/vc_column_text][vc_btn title=\u00a0\u00bbEn savoir plus\u00a0\u00bb style=\u00a0\u00bbclassic\u00a0\u00bb shape=\u00a0\u00bbsquare\u00a0\u00bb color=\u00a0\u00bbwhite\u00a0\u00bb link=\u00a0\u00bburl:https%3A%2F%2Fwww.oncolifestyle.com%2Ffr%2Fcancer-de-la-prostate%2Factivite-physique%2F|title:Physical%20Activity\u00a0\u00bb][\/vc_column][vc_column width=\u00a0\u00bb1\/3&Prime; css=\u00a0\u00bb.vc_custom_1731311637708{background-image: url(https:\/\/www.oncolifestyle.com\/wp-content\/uploads\/2024\/11\/mental-health-card-bg.jpg?id=2709) !important;}\u00a0\u00bb el_class=\u00a0\u00bbhome-cards\u00a0\u00bb][vc_single_image image=\u00a0\u00bb2727&Prime; img_size=\u00a0\u00bb210&#215;240&Prime; alignment=\u00a0\u00bbright\u00a0\u00bb][vc_column_text]<\/p>\n<h4 class=\"p1\"><strong>SANT\u00c9 MENTALE<\/strong><\/h4>\n<p class=\"p1\">Comprenez comment le cancer affecte votre sant\u00e9 cognitive et \u00e9motionnelle \u2013 et comment vous pouvez prot\u00e9ger votre bien-\u00eatre mental.<\/p>\n<p>[\/vc_column_text][vc_btn title=\u00a0\u00bbEn savoir plus\u00a0\u00bb style=\u00a0\u00bbclassic\u00a0\u00bb shape=\u00a0\u00bbsquare\u00a0\u00bb color=\u00a0\u00bbwhite\u00a0\u00bb link=\u00a0\u00bburl:https%3A%2F%2Fwww.oncolifestyle.com%2Ffr%2Fcancer-de-la-prostate%2Fsante-cerebrale%2F|title:Mental%20Health\u00a0\u00bb][\/vc_column][\/vc_row][vc_row][vc_column][vc_custom_heading text=\u00a0\u00bbExplorer davantage\u00a0\u00bb font_container=\u00a0\u00bbtag:h2|text_align:center\u00a0\u00bb use_theme_fonts=\u00a0\u00bbyes\u00a0\u00bb el_class=\u00a0\u00bbaccent-line center\u00a0\u00bb css=\u00a0\u00bb.vc_custom_1733136324383{margin-top: 130px !important;margin-bottom: 50px !important;}\u00a0\u00bb][\/vc_column][\/vc_row][vc_row css=\u00a0\u00bb.vc_custom_1731270200621{padding-right: 10% !important;padding-left: 10% !important;}\u00a0\u00bb][vc_column][vc_column_text el_class=\u00a0\u00bbbox-shadow\u00a0\u00bb css=\u00a0\u00bb.vc_custom_1733136186097{padding-top: 50px !important;padding-right: 30px !important;padding-bottom: 50px !important;padding-left: 30px !important;}\u00a0\u00bb]<\/p>\n<p style=\"text-align: center; font-size: 24px;\"><strong>D\u00e9couvrez des informations et des conseils sp\u00e9cifiques \u00e0 votre type de cancer:<\/strong><\/p>\n<p style=\"text-align: center;\"><span class=\"disease-wrapper disease-pc\"><a class=\"\" href=\"https:\/\/www.oncolifestyle.com\/fr\/cancer-de-la-prostate\/\">Cancer de la Prostate<\/a><\/span><\/p>\n<p style=\"text-align: center; font-size: 14px; color: #7b7474;\">*D&rsquo;autres types de cancer seront ajout\u00e9s<\/p>\n<p>[\/vc_column_text][\/vc_column][\/vc_row][vc_row css=\u00a0\u00bb.vc_custom_1731271119296{padding-top: 100px !important;}\u00a0\u00bb][vc_column width=\u00a0\u00bb1\/12&Prime;][\/vc_column][vc_column width=\u00a0\u00bb10\/12&Prime;][vc_custom_heading text=\u00a0\u00bbDes informations fiables\u00a0\u00bb font_container=\u00a0\u00bbtag:h2|text_align:center\u00a0\u00bb use_theme_fonts=\u00a0\u00bbyes\u00a0\u00bb el_class=\u00a0\u00bbaccent-line center size-sm\u00a0\u00bb][vc_column_text]<\/p>\n<p class=\"p1\" style=\"text-align: center;\">Avec tant d&rsquo;opinions divergentes, il peut \u00eatre difficile de savoir qui suivre. Oncolifestyle veille \u00e0 vous fournir des informations fond\u00e9es sur des donn\u00e9es probantes qui ont fait l&rsquo;objet de recherches approfondies dans l&rsquo;optique de votre sant\u00e9.<\/p>\n<p>[\/vc_column_text][\/vc_column][vc_column width=\u00a0\u00bb1\/12&Prime;][\/vc_column][\/vc_row][vc_row css=\u00a0\u00bb.vc_custom_1731272629304{padding-top: 50px !important;padding-bottom: 100px !important;}\u00a0\u00bb][vc_column][vc_column_text]<\/p>\n<h6 class=\"p1\" style=\"text-align: center;\">Nos sources<span class=\"Apple-converted-space\">\u00a0<\/span><\/h6>\n<p style=\"text-align: center;\"><span class=\"sources-btn show-source\">D&rsquo;o\u00f9 proviennent ces informations?<\/span><\/p>\n<p>[\/vc_column_text][\/vc_column][\/vc_row][vc_row full_width=\u00a0\u00bbstretch_row\u00a0\u00bb el_class=\u00a0\u00bbsource\u00a0\u00bb][vc_column][vc_raw_html]JTNDZGl2JTIwY2xhc3MlM0QlMjJzdmdfX3dyYXBwZXIlMjBjbG9zZS1zb3VyY2UlMjIlM0UlMEElM0NzdmclMjBjbGFzcyUzRCUyMmljb24lMjBpY29uLS1jbG9zZSUyMiUyMGFyaWEtaGlkZGVuJTNEJTIydHJ1ZSUyMiUyMHJvbGUlM0QlMjJpbWclMjIlM0UlM0N1c2UlMjB4bGluayUzQWhyZWYlM0QlMjIlMjNpY29uLWNsb3NlJTIyJTNFJTNDJTJGdXNlJTNFJTNDJTJGc3ZnJTNFJTBBJTNDJTJGZGl2JTNFJTBB[\/vc_raw_html][vc_column_text]<\/p>\n<h6 class=\"accent-line green-pill\">Nos sources<\/h6>\n<h4><strong>D&rsquo;o\u00f9 proviennent ces informations ?<\/strong><\/h4>\n<ol>\n<li>Zhang, Y.-B. et al. Combined lifestyle factors, incident cancer, and cancer mortality: a systematic review and meta-analysis of prospective cohort studies.<\/li>\n<li>British Journal of Cancer 122, 1085\u20131093 (2020).<\/li>\n<li>Loibl, S. et al. Early breast cancer: ESMO Clinical Practice Guideline for diagnosis, treatment and follow-up. Annals of Oncology 35, 159\u2013182 (2024).<\/li>\n<li>Oaknin, A. et al. Endometrial cancer: ESMO Clinical Practice Guideline for diagnosis, treatment and follow-up\u2606. Annals of Oncology 33, 860\u2013877 (2022).<\/li>\n<li>Parker, C. et al. Prostate cancer: ESMO Clinical Practice Guidelines for diagnosis, treatment and follow-up\u2020. Annals of Oncology 31, 1119\u20131134 (2020).<\/li>\n<li>Mass General Brigham. Lifestyle Medicine in Cancer Care. https:\/\/www.massgeneralbrigham.org\/en\/about\/newsroom\/articles\/cancer-holistic-lifestyle-management.<\/li>\n<\/ol>\n<p>[\/vc_column_text][\/vc_column][\/vc_row]<\/p>\n<\/div>","protected":false},"excerpt":{"rendered":"<p>[vc_row full_width=\u00a0\u00bbstretch_row\u00a0\u00bb css=\u00a0\u00bb.vc_custom_1731243703204{background-image: url(https:\/\/www.oncolifestyle.com\/wp-content\/uploads\/2024\/11\/home-banner.jpg?id=2337) !important;background-position: center !important;background-repeat: no-repeat !important;background-size: cover !important;}\u00a0\u00bb el_class=\u00a0\u00bbpage-banner\u00a0\u00bb][vc_column width=\u00a0\u00bb1\/12&Prime;][\/vc_column][vc_column width=\u00a0\u00bb7\/12&Prime;][vc_empty_space height=\u00a0\u00bb17vw\u00a0\u00bb][vc_custom_heading text=\u00a0\u00bbVous aidez \u00e0 bien vivre [&hellip;]<\/p>\n","protected":false},"author":1,"featured_media":0,"parent":0,"menu_order":0,"comment_status":"closed","ping_status":"closed","template":"template-fullwidth.php","meta":{"_acf_changed":false,"inline_featured_image":false,"footnotes":""},"class_list":["post-373","page","type-page","status-publish","hentry"],"acf":[],"yoast_head":"<!-- This site is optimized with the Yoast SEO plugin v23.8 - https:\/\/yoast.com\/wordpress\/plugins\/seo\/ -->\n<title>Vivre bien avec le cancer : accompagnement fond\u00e9 sur les preuves | Oncolifestyle<\/title>\n<meta name=\"description\" content=\"Des conseils de mode de vie fond\u00e9s sur les preuves pour vivre bien avec et apr\u00e8s le cancer. Nutrition, activit\u00e9 physique et bien-\u00eatre au quotidien.\" \/>\n<meta name=\"robots\" content=\"index, follow, max-snippet:-1, max-image-preview:large, max-video-preview:-1\" \/>\n<link rel=\"canonical\" href=\"https:\/\/www.oncolifestyle.com\/fr\/\" \/>\n<meta property=\"og:locale\" content=\"fr_FR\" \/>\n<meta property=\"og:type\" content=\"article\" \/>\n<meta property=\"og:title\" content=\"Vivre bien avec le cancer : accompagnement fond\u00e9 sur les preuves | Oncolifestyle\" \/>\n<meta property=\"og:description\" content=\"Des conseils de mode de vie fond\u00e9s sur les preuves pour vivre bien avec et apr\u00e8s le cancer. Nutrition, activit\u00e9 physique et bien-\u00eatre au quotidien.\" \/>\n<meta property=\"og:url\" content=\"https:\/\/www.oncolifestyle.com\/fr\/\" \/>\n<meta property=\"og:site_name\" content=\"Oncolifestyle\" \/>\n<meta property=\"article:modified_time\" content=\"2024-12-02T12:48:38+00:00\" \/>\n<meta name=\"twitter:card\" content=\"summary_large_image\" \/>\n<meta name=\"twitter:label1\" content=\"Dur\u00e9e de lecture estim\u00e9e\" \/>\n\t<meta name=\"twitter:data1\" content=\"4 minutes\" \/>\n<script type=\"application\/ld+json\" class=\"yoast-schema-graph\">{\"@context\":\"https:\/\/schema.org\",\"@graph\":[{\"@type\":\"WebPage\",\"@id\":\"https:\/\/www.oncolifestyle.com\/fr\/\",\"url\":\"https:\/\/www.oncolifestyle.com\/fr\/\",\"name\":\"Vivre bien avec le cancer : accompagnement fond\u00e9 sur les preuves | Oncolifestyle\",\"isPartOf\":{\"@id\":\"https:\/\/www.oncolifestyle.com\/fr\/#website\"},\"datePublished\":\"2022-07-27T23:10:25+00:00\",\"dateModified\":\"2024-12-02T12:48:38+00:00\",\"description\":\"Des conseils de mode de vie fond\u00e9s sur les preuves pour vivre bien avec et apr\u00e8s le cancer. Nutrition, activit\u00e9 physique et bien-\u00eatre au quotidien.\",\"breadcrumb\":{\"@id\":\"https:\/\/www.oncolifestyle.com\/fr\/#breadcrumb\"},\"inLanguage\":\"fr-FR\",\"potentialAction\":[{\"@type\":\"ReadAction\",\"target\":[\"https:\/\/www.oncolifestyle.com\/fr\/\"]}]},{\"@type\":\"BreadcrumbList\",\"@id\":\"https:\/\/www.oncolifestyle.com\/fr\/#breadcrumb\",\"itemListElement\":[{\"@type\":\"ListItem\",\"position\":1,\"name\":\"Home\",\"item\":\"https:\/\/www.oncolifestyle.com\/fr\/\"},{\"@type\":\"ListItem\",\"position\":2,\"name\":\"Home\"}]},{\"@type\":\"WebSite\",\"@id\":\"https:\/\/www.oncolifestyle.com\/fr\/#website\",\"url\":\"https:\/\/www.oncolifestyle.com\/fr\/\",\"name\":\"Oncolifestyle\",\"description\":\"Helping people with cancer live well\",\"publisher\":{\"@id\":\"https:\/\/www.oncolifestyle.com\/fr\/#organization\"},\"potentialAction\":[{\"@type\":\"SearchAction\",\"target\":{\"@type\":\"EntryPoint\",\"urlTemplate\":\"https:\/\/www.oncolifestyle.com\/fr\/?s={search_term_string}\"},\"query-input\":{\"@type\":\"PropertyValueSpecification\",\"valueRequired\":true,\"valueName\":\"search_term_string\"}}],\"inLanguage\":\"fr-FR\"},{\"@type\":\"Organization\",\"@id\":\"https:\/\/www.oncolifestyle.com\/fr\/#organization\",\"name\":\"Oncolifestyle\",\"url\":\"https:\/\/www.oncolifestyle.com\/fr\/\",\"logo\":{\"@type\":\"ImageObject\",\"inLanguage\":\"fr-FR\",\"@id\":\"https:\/\/www.oncolifestyle.com\/fr\/#\/schema\/logo\/image\/\",\"url\":\"https:\/\/www.oncolifestyle.com\/wp-content\/uploads\/2022\/08\/ONCO_LOGO_RGB_horizontal.png\",\"contentUrl\":\"https:\/\/www.oncolifestyle.com\/wp-content\/uploads\/2022\/08\/ONCO_LOGO_RGB_horizontal.png\",\"width\":2062,\"height\":434,\"caption\":\"Oncolifestyle\"},\"image\":{\"@id\":\"https:\/\/www.oncolifestyle.com\/fr\/#\/schema\/logo\/image\/\"}}]}<\/script>\n<!-- \/ Yoast SEO plugin. -->","yoast_head_json":{"title":"Vivre bien avec le cancer : accompagnement fond\u00e9 sur les preuves | Oncolifestyle","description":"Des conseils de mode de vie fond\u00e9s sur les preuves pour vivre bien avec et apr\u00e8s le cancer. Nutrition, activit\u00e9 physique et bien-\u00eatre au quotidien.","robots":{"index":"index","follow":"follow","max-snippet":"max-snippet:-1","max-image-preview":"max-image-preview:large","max-video-preview":"max-video-preview:-1"},"canonical":"https:\/\/www.oncolifestyle.com\/fr\/","og_locale":"fr_FR","og_type":"article","og_title":"Vivre bien avec le cancer : accompagnement fond\u00e9 sur les preuves | Oncolifestyle","og_description":"Des conseils de mode de vie fond\u00e9s sur les preuves pour vivre bien avec et apr\u00e8s le cancer. Nutrition, activit\u00e9 physique et bien-\u00eatre au quotidien.","og_url":"https:\/\/www.oncolifestyle.com\/fr\/","og_site_name":"Oncolifestyle","article_modified_time":"2024-12-02T12:48:38+00:00","twitter_card":"summary_large_image","twitter_misc":{"Dur\u00e9e de lecture estim\u00e9e":"4 minutes"},"schema":{"@context":"https:\/\/schema.org","@graph":[{"@type":"WebPage","@id":"https:\/\/www.oncolifestyle.com\/fr\/","url":"https:\/\/www.oncolifestyle.com\/fr\/","name":"Vivre bien avec le cancer : accompagnement fond\u00e9 sur les preuves | Oncolifestyle","isPartOf":{"@id":"https:\/\/www.oncolifestyle.com\/fr\/#website"},"datePublished":"2022-07-27T23:10:25+00:00","dateModified":"2024-12-02T12:48:38+00:00","description":"Des conseils de mode de vie fond\u00e9s sur les preuves pour vivre bien avec et apr\u00e8s le cancer. Nutrition, activit\u00e9 physique et bien-\u00eatre au quotidien.","breadcrumb":{"@id":"https:\/\/www.oncolifestyle.com\/fr\/#breadcrumb"},"inLanguage":"fr-FR","potentialAction":[{"@type":"ReadAction","target":["https:\/\/www.oncolifestyle.com\/fr\/"]}]},{"@type":"BreadcrumbList","@id":"https:\/\/www.oncolifestyle.com\/fr\/#breadcrumb","itemListElement":[{"@type":"ListItem","position":1,"name":"Home","item":"https:\/\/www.oncolifestyle.com\/fr\/"},{"@type":"ListItem","position":2,"name":"Home"}]},{"@type":"WebSite","@id":"https:\/\/www.oncolifestyle.com\/fr\/#website","url":"https:\/\/www.oncolifestyle.com\/fr\/","name":"Oncolifestyle","description":"Helping people with cancer live well","publisher":{"@id":"https:\/\/www.oncolifestyle.com\/fr\/#organization"},"potentialAction":[{"@type":"SearchAction","target":{"@type":"EntryPoint","urlTemplate":"https:\/\/www.oncolifestyle.com\/fr\/?s={search_term_string}"},"query-input":{"@type":"PropertyValueSpecification","valueRequired":true,"valueName":"search_term_string"}}],"inLanguage":"fr-FR"},{"@type":"Organization","@id":"https:\/\/www.oncolifestyle.com\/fr\/#organization","name":"Oncolifestyle","url":"https:\/\/www.oncolifestyle.com\/fr\/","logo":{"@type":"ImageObject","inLanguage":"fr-FR","@id":"https:\/\/www.oncolifestyle.com\/fr\/#\/schema\/logo\/image\/","url":"https:\/\/www.oncolifestyle.com\/wp-content\/uploads\/2022\/08\/ONCO_LOGO_RGB_horizontal.png","contentUrl":"https:\/\/www.oncolifestyle.com\/wp-content\/uploads\/2022\/08\/ONCO_LOGO_RGB_horizontal.png","width":2062,"height":434,"caption":"Oncolifestyle"},"image":{"@id":"https:\/\/www.oncolifestyle.com\/fr\/#\/schema\/logo\/image\/"}}]}},"_links":{"self":[{"href":"https:\/\/www.oncolifestyle.com\/fr\/wp-json\/wp\/v2\/pages\/373","targetHints":{"allow":["GET"]}}],"collection":[{"href":"https:\/\/www.oncolifestyle.com\/fr\/wp-json\/wp\/v2\/pages"}],"about":[{"href":"https:\/\/www.oncolifestyle.com\/fr\/wp-json\/wp\/v2\/types\/page"}],"author":[{"embeddable":true,"href":"https:\/\/www.oncolifestyle.com\/fr\/wp-json\/wp\/v2\/users\/1"}],"replies":[{"embeddable":true,"href":"https:\/\/www.oncolifestyle.com\/fr\/wp-json\/wp\/v2\/comments?post=373"}],"version-history":[{"count":15,"href":"https:\/\/www.oncolifestyle.com\/fr\/wp-json\/wp\/v2\/pages\/373\/revisions"}],"predecessor-version":[{"id":3400,"href":"https:\/\/www.oncolifestyle.com\/fr\/wp-json\/wp\/v2\/pages\/373\/revisions\/3400"}],"wp:attachment":[{"href":"https:\/\/www.oncolifestyle.com\/fr\/wp-json\/wp\/v2\/media?parent=373"}],"curies":[{"name":"wp","href":"https:\/\/api.w.org\/{rel}","templated":true}]}}