{"id":379,"date":"2022-08-08T09:31:23","date_gmt":"2022-08-08T09:31:23","guid":{"rendered":"https:\/\/oncolifestyle-com.orientedhosting.com\/prostate-cancer\/"},"modified":"2024-12-02T14:15:19","modified_gmt":"2024-12-02T14:15:19","slug":"cancer-de-la-prostate","status":"publish","type":"page","link":"https:\/\/www.oncolifestyle.com\/fr\/cancer-de-la-prostate\/","title":{"rendered":"Cancer de la Prostate"},"content":{"rendered":"<div class=\"wpb-content-wrapper\"><p>[vc_row full_width=\u00a0\u00bbstretch_row\u00a0\u00bb css=\u00a0\u00bb.vc_custom_1731339146710{background-image: url(https:\/\/www.oncolifestyle.com\/wp-content\/uploads\/2022\/08\/banner-prostate.jpg?id=106) !important;background-position: center !important;background-repeat: no-repeat !important;background-size: cover !important;}\u00a0\u00bb el_class=\u00a0\u00bbpage-banner\u00a0\u00bb][vc_column width=\u00a0\u00bb1\/12&Prime;][\/vc_column][vc_column width=\u00a0\u00bb10\/12&Prime;][vc_empty_space height=\u00a0\u00bb23vw\u00a0\u00bb][vc_custom_heading text=\u00a0\u00bbCancer de la Prostate\u00a0\u00bb font_container=\u00a0\u00bbtag:h1|text_align:left|color:%23ffffff\u00a0\u00bb use_theme_fonts=\u00a0\u00bbyes\u00a0\u00bb css=\u00a0\u00bb.vc_custom_1733136480833{margin-top: 0px !important;}\u00a0\u00bb][vc_empty_space height=\u00a0\u00bb5vw\u00a0\u00bb][\/vc_column][vc_column width=\u00a0\u00bb1\/12&Prime;][\/vc_column][\/vc_row][vc_row][vc_column width=\u00a0\u00bb1\/12&Prime;][\/vc_column][vc_column width=\u00a0\u00bb1\/2&Prime;][vc_column_text el_class=\u00a0\u00bbbreadcrumbs\u00a0\u00bb]<!-- Breadcrumb NavXT 7.3.1 -->\n<span property=\"itemListElement\" typeof=\"ListItem\"><a property=\"item\" typeof=\"WebPage\" title=\"Aller \u00e0 Oncolifestyle.\" href=\"https:\/\/www.oncolifestyle.com\/fr\/\" class=\"home\" aria-current=\"page\"><span property=\"name\">Oncolifestyle<\/span><\/a><meta property=\"position\" content=\"1\"><\/span>[\/vc_column_text][vc_column_text css=\u00a0\u00bb.vc_custom_1733134256557{margin-top: 50px !important;}\u00a0\u00bb]<\/p>\n<h6 class=\"green-pill\">\u00c0 PROPOS DU CANCER DE LA PROSTATE<\/h6>\n<h2>La vie apr\u00e8s votre diagnostic de cancer de la prostate<\/h2>\n<p>&nbsp;<\/p>\n<p>Bien que vous puissiez ressentir un choc ou de l&rsquo;angoisse \u00e0 l&rsquo;annonce de votre diagnostic, il y a encore de la place pour l&rsquo;optimisme. Dans la plupart des cas, le cancer de la prostate \u00e9volue lentement et vous pouvez profiter d&rsquo;une bonne qualit\u00e9 de vie pendant de nombreuses ann\u00e9es.<\/p>\n<p>Oncolifestyle est l\u00e0 pour vous aider \u00e0 trouver de nouvelles fa\u00e7ons de bien vivre pendant et apr\u00e8s votre cancer de la prostate.[\/vc_column_text][\/vc_column][vc_column width=\u00a0\u00bb5\/12&Prime;][vc_single_image image=\u00a0\u00bb114&Prime; img_size=\u00a0\u00bblarge\u00a0\u00bb el_class=\u00a0\u00bbpage-circle-image\u00a0\u00bb][\/vc_column][\/vc_row][vc_row css=\u00a0\u00bb.vc_custom_1731416741759{padding-top: 100px !important;padding-bottom: 100px !important;}\u00a0\u00bb][vc_column width=\u00a0\u00bb2\/12&Prime;][\/vc_column][vc_column width=\u00a0\u00bb8\/12&Prime;][vc_custom_heading text=\u00a0\u00bbProfitez des bienfaits d\u2019une lutte active contre le cancer\u00a0\u00bb font_container=\u00a0\u00bbtag:h2|text_align:center\u00a0\u00bb use_theme_fonts=\u00a0\u00bbyes\u00a0\u00bb el_class=\u00a0\u00bbaccent-line center\u00a0\u00bb][vc_column_text]<\/p>\n<p style=\"text-align: center;\">Commencer une conversation sur le cancer de la prostate n&rsquo;est pas facile. Que vous d\u00e9cidiez de vous faire d\u00e9pister ou que vous vouliez simplement en savoir plus, nous sommes l\u00e0 pour vous aider \u00e0 trouver les informations dont vous avez besoin pour vous soutenir tout au long de votre parcours contre le cancer.<br \/>\nPlus vous avez d&rsquo;informations, mieux vous serez \u00e9quip\u00e9 pour vivre positivement et d\u00e9couvrir la vie apr\u00e8s votre diagnostic de cancer de la prostate.<\/p>\n<p>[\/vc_column_text][vc_btn title=\u00a0\u00bbEN SAVOIR PLUS SUR LE CANCER DE LA PROSTATE\u00a0\u00bb style=\u00a0\u00bbclassic\u00a0\u00bb shape=\u00a0\u00bbround\u00a0\u00bb color=\u00a0\u00bbsuccess\u00a0\u00bb align=\u00a0\u00bbcenter\u00a0\u00bb link=\u00a0\u00bburl:https%3A%2F%2Fwww.oncolifestyle.com%2Ffr%2Fa-propos-du-cancer-de-la-prostate%2F|title:%C3%80%20propos%20du%20cancer%20de%20la%20prostate\u00a0\u00bb el_class=\u00a0\u00bbview-more-articles\u00a0\u00bb][\/vc_column][vc_column width=\u00a0\u00bb2\/12&Prime;][\/vc_column][\/vc_row][vc_row][vc_column][vc_custom_heading text=\u00a0\u00bbTout ce qu&rsquo;il faut savoir\u00a0\u00bb font_container=\u00a0\u00bbtag:h2|text_align:center\u00a0\u00bb use_theme_fonts=\u00a0\u00bbyes\u00a0\u00bb el_class=\u00a0\u00bbaccent-line center\u00a0\u00bb css=\u00a0\u00bb.vc_custom_1733134388008{margin-top: 100px !important;padding-bottom: 150px !important;}\u00a0\u00bb][\/vc_column][\/vc_row][vc_row gap=\u00a0\u00bb30&Prime; equal_height=\u00a0\u00bbyes\u00a0\u00bb css=\u00a0\u00bb.vc_custom_1731338135175{padding-bottom: 100px !important;background-image: url(https:\/\/www.oncolifestyle.com\/wp-content\/uploads\/2022\/08\/news-bg.jpg?id=148) !important;background-position: center !important;background-repeat: no-repeat !important;background-size: cover !important;}\u00a0\u00bb el_class=\u00a0\u00bbexplore-cards\u00a0\u00bb][vc_column width=\u00a0\u00bb1\/4&Prime; css=\u00a0\u00bb.vc_custom_1731343083504{margin-top: -100px !important;background-image: url(https:\/\/www.oncolifestyle.com\/wp-content\/uploads\/2024\/11\/pc-nutrition-card-bg-1.jpg?id=2860) !important;background-position: center !important;background-repeat: no-repeat !important;background-size: cover !important;}\u00a0\u00bb el_class=\u00a0\u00bbhome-cards\u00a0\u00bb][vc_single_image image=\u00a0\u00bb2880&Prime; img_size=\u00a0\u00bbfull\u00a0\u00bb alignment=\u00a0\u00bbright\u00a0\u00bb][vc_column_text]<\/p>\n<h4>NUTRITION<\/h4>\n<p>Bien manger pour bien vivre[\/vc_column_text][vc_btn title=\u00a0\u00bbEn savoir plus\u00a0\u00bb style=\u00a0\u00bbclassic\u00a0\u00bb shape=\u00a0\u00bbsquare\u00a0\u00bb color=\u00a0\u00bbwhite\u00a0\u00bb link=\u00a0\u00bburl:https%3A%2F%2Fwww.oncolifestyle.com%2Ffr%2Fcancer-de-la-prostate%2Falimentation%2F|title:Nutrition\u00a0\u00bb][\/vc_column][vc_column width=\u00a0\u00bb1\/4&Prime; css=\u00a0\u00bb.vc_custom_1731343110118{margin-top: -100px !important;background-image: url(https:\/\/www.oncolifestyle.com\/wp-content\/uploads\/2024\/11\/pc-physical-activity-card-bg-1.jpg?id=2866) !important;}\u00a0\u00bb el_class=\u00a0\u00bbhome-cards\u00a0\u00bb][vc_single_image image=\u00a0\u00bb2886&Prime; img_size=\u00a0\u00bbfull\u00a0\u00bb alignment=\u00a0\u00bbright\u00a0\u00bb][vc_column_text]<\/p>\n<h4>ACTIVIT\u00c9 PHYSIQUE<\/h4>\n<p>Comment l&rsquo;exercice vous aide-t-il \u00e0 faire face \u00e0 votre traitement ?[\/vc_column_text][vc_btn title=\u00a0\u00bbEn savoir plus\u00a0\u00bb style=\u00a0\u00bbclassic\u00a0\u00bb shape=\u00a0\u00bbsquare\u00a0\u00bb color=\u00a0\u00bbwhite\u00a0\u00bb link=\u00a0\u00bburl:https%3A%2F%2Fwww.oncolifestyle.com%2Ffr%2Fcancer-de-la-prostate%2Factivite-physique%2F|title:Mental%20health\u00a0\u00bb][\/vc_column][vc_column width=\u00a0\u00bb1\/4&Prime; el_class=\u00a0\u00bbhome-cards\u00a0\u00bb css=\u00a0\u00bb.vc_custom_1731343123769{margin-top: -100px !important;background-image: url(https:\/\/www.oncolifestyle.com\/wp-content\/uploads\/2024\/11\/pc-mental-health-card-bg-1.jpg?id=2854) !important;background-position: center !important;background-repeat: no-repeat !important;background-size: cover !important;}\u00a0\u00bb][vc_single_image image=\u00a0\u00bb2812&Prime; img_size=\u00a0\u00bb210&#215;240&Prime; alignment=\u00a0\u00bbright\u00a0\u00bb][vc_column_text]<\/p>\n<h4>SANT\u00c9 MENTALE<\/h4>\n<p>Comment le cancer de la prostate et le traitement affectent-ils votre cerveau?[\/vc_column_text][vc_btn title=\u00a0\u00bbEn savoir plus\u00a0\u00bb style=\u00a0\u00bbclassic\u00a0\u00bb shape=\u00a0\u00bbsquare\u00a0\u00bb color=\u00a0\u00bbwhite\u00a0\u00bb link=\u00a0\u00bburl:https%3A%2F%2Fwww.oncolifestyle.com%2Ffr%2Fcancer-de-la-prostate%2Fsante-cerebrale%2F|title:Mental%20health\u00a0\u00bb][\/vc_column][vc_column width=\u00a0\u00bb1\/4&Prime; el_class=\u00a0\u00bbhome-cards\u00a0\u00bb css=\u00a0\u00bb.vc_custom_1731343135903{margin-top: -100px !important;background-image: url(https:\/\/www.oncolifestyle.com\/wp-content\/uploads\/2024\/11\/pc-sexual-health-card-bg-1.jpg?id=2872) !important;background-position: center !important;background-repeat: no-repeat !important;background-size: cover !important;}\u00a0\u00bb][vc_single_image image=\u00a0\u00bb2848&Prime; img_size=\u00a0\u00bb210&#215;240&Prime; alignment=\u00a0\u00bbright\u00a0\u00bb][vc_column_text]<\/p>\n<h4>SANT\u00c9 SEXUELLE<\/h4>\n<p class=\"p1\">Le cancer de la prostate et une vie sexuelle saine<\/p>\n<p>[\/vc_column_text][vc_btn title=\u00a0\u00bbEn savoir plus\u00a0\u00bb style=\u00a0\u00bbclassic\u00a0\u00bb shape=\u00a0\u00bbsquare\u00a0\u00bb color=\u00a0\u00bbwhite\u00a0\u00bb link=\u00a0\u00bburl:https%3A%2F%2Fwww.oncolifestyle.com%2Ffr%2Fcancer-de-la-prostate%2Fsante-sexuelle%2F|title:Mental%20health\u00a0\u00bb][\/vc_column][\/vc_row][vc_row][vc_column][vc_custom_heading text=\u00a0\u00bbD\u00e9couvrez les nouveaut\u00e9s\u00a0\u00bb font_container=\u00a0\u00bbtag:h2|text_align:center\u00a0\u00bb use_theme_fonts=\u00a0\u00bbyes\u00a0\u00bb el_class=\u00a0\u00bbaccent-line center\u00a0\u00bb css=\u00a0\u00bb.vc_custom_1733134911372{margin-top: 100px !important;margin-bottom: 100px !important;}\u00a0\u00bb][\/vc_column][\/vc_row][vc_row][vc_column][vc_column_text]<div class=\"category-filter-bar\" data-container-id=\"ajax-posts-container-3771684705\" data-posts-per-page=\"5\" data-limit=\"100\"><span>Filtrer par:<\/span> <a href=\"#\" class=\"filter-link active\" data-category=\"50,143,70,77,56\">Tous<\/a> <a href=\"#\" class=\"filter-link\" data-category=\"50\">Activit\u00e9 physique<\/a> <a href=\"#\" class=\"filter-link\" data-category=\"70\">Nutrition<\/a> <a href=\"#\" class=\"filter-link\" data-category=\"77\">Sant\u00e9 mentale<\/a> <a href=\"#\" class=\"filter-link\" data-category=\"56\">Sant\u00e9 sexuelle<\/a> <\/div><div class=\"ajax-posts-container feature-first\" id=\"ajax-posts-container-3771684705\" data-feature-first=\"true\"><div class=\"custom-post-grid\" data-categories=\"50,143,70,77,56\" data-active-categories=\"50,143,70,77,56\" data-posts-per-page=\"5\" data-limit=\"100\" data-paged=\"1\">\t\t\t<div class=\"custom-post-card\">\n\t\t\t\t\t\t\t\t\t<a class=\"post-thumbnail-wrapper\" href=\"https:\/\/www.oncolifestyle.com\/fr\/cancer-de-la-prostate\/understanding-prostate-cancer-in-9-questions\/\">\n\t\t\t\t\t\t<img decoding=\"async\" src=\"https:\/\/www.oncolifestyle.com\/wp-content\/uploads\/2022\/11\/banner-about.jpg\" alt=\"Comprendre le cancer de la prostate en 9 questions\" class=\"post-thumbnail\" \/>\n\t\t\t\t\t<\/a>\n\t\t\t\t\t\t\t\t<div class=\"post-content\">\n\t\t\t\t\t\t\t\t\t\t\t<span class=\"post-category green-pill\">Prostate cancer<\/span>\n\t\t\t\t\t\t\t\t\t\n\t\t\t\t\t<h2 class=\"post-title\"><a href=\"https:\/\/www.oncolifestyle.com\/fr\/cancer-de-la-prostate\/understanding-prostate-cancer-in-9-questions\/\">Comprendre le cancer de la prostate en 9 questions<\/a><\/h2>\n\t\t\t\t\t<a href=\"https:\/\/www.oncolifestyle.com\/fr\/cancer-de-la-prostate\/understanding-prostate-cancer-in-9-questions\/\" class=\"read-more\">En savoir plus<\/a>\n\t\t\t\t<\/div>\n\t\t\t<\/div>\n\t\t\t\t\t\t<div class=\"custom-post-card\">\n\t\t\t\t\t\t\t\t\t<a class=\"post-thumbnail-wrapper\" href=\"https:\/\/www.oncolifestyle.com\/fr\/sante-sexuelle\/aide-psychologique\/\">\n\t\t\t\t\t\t<img decoding=\"async\" src=\"https:\/\/www.oncolifestyle.com\/wp-content\/uploads\/2024\/11\/marriage-counselor-taking-notes-while-having-meeting-with-couple-office.jpg\" alt=\"Aide psychologique\" class=\"post-thumbnail\" \/>\n\t\t\t\t\t<\/a>\n\t\t\t\t\t\t\t\t<div class=\"post-content\">\n\t\t\t\t\t\t\t\t\t\t\t<span class=\"post-category green-pill\">Sant\u00e9 sexuelle<\/span>\n\t\t\t\t\t\t\t\t\t\n\t\t\t\t\t<h2 class=\"post-title\"><a href=\"https:\/\/www.oncolifestyle.com\/fr\/sante-sexuelle\/aide-psychologique\/\">Aide psychologique<\/a><\/h2>\n\t\t\t\t\t<a href=\"https:\/\/www.oncolifestyle.com\/fr\/sante-sexuelle\/aide-psychologique\/\" class=\"read-more\">En savoir plus<\/a>\n\t\t\t\t<\/div>\n\t\t\t<\/div>\n\t\t\t\t\t\t<div class=\"custom-post-card\">\n\t\t\t\t\t\t\t\t\t<a class=\"post-thumbnail-wrapper\" href=\"https:\/\/www.oncolifestyle.com\/fr\/sante-sexuelle\/retrouver-une-intimite-avec-votre-partenaire\/\">\n\t\t\t\t\t\t<img decoding=\"async\" src=\"https:\/\/www.oncolifestyle.com\/wp-content\/uploads\/2024\/11\/couple-sits-bench-park-smiling-looking-each-other.jpg\" alt=\"Retrouver une intimit\u00e9 avec votre partenaire\" class=\"post-thumbnail\" \/>\n\t\t\t\t\t<\/a>\n\t\t\t\t\t\t\t\t<div class=\"post-content\">\n\t\t\t\t\t\t\t\t\t\t\t<span class=\"post-category green-pill\">Sant\u00e9 sexuelle<\/span>\n\t\t\t\t\t\t\t\t\t\n\t\t\t\t\t<h2 class=\"post-title\"><a href=\"https:\/\/www.oncolifestyle.com\/fr\/sante-sexuelle\/retrouver-une-intimite-avec-votre-partenaire\/\">Retrouver une intimit\u00e9 avec votre partenaire<\/a><\/h2>\n\t\t\t\t\t<a href=\"https:\/\/www.oncolifestyle.com\/fr\/sante-sexuelle\/retrouver-une-intimite-avec-votre-partenaire\/\" class=\"read-more\">En savoir plus<\/a>\n\t\t\t\t<\/div>\n\t\t\t<\/div>\n\t\t\t\t\t\t<div class=\"custom-post-card\">\n\t\t\t\t\t\t\t\t\t<a class=\"post-thumbnail-wrapper\" href=\"https:\/\/www.oncolifestyle.com\/fr\/sante-sexuelle\/traitement-des-troubles-de-lerection\/\">\n\t\t\t\t\t\t<img decoding=\"async\" src=\"https:\/\/www.oncolifestyle.com\/wp-content\/uploads\/2024\/11\/medium-shot-smiley-people-hugging.jpg\" alt=\"Traitement des troubles de l\u2019\u00e9rection\" class=\"post-thumbnail\" \/>\n\t\t\t\t\t<\/a>\n\t\t\t\t\t\t\t\t<div class=\"post-content\">\n\t\t\t\t\t\t\t\t\t\t\t<span class=\"post-category green-pill\">Sant\u00e9 sexuelle<\/span>\n\t\t\t\t\t\t\t\t\t\n\t\t\t\t\t<h2 class=\"post-title\"><a href=\"https:\/\/www.oncolifestyle.com\/fr\/sante-sexuelle\/traitement-des-troubles-de-lerection\/\">Traitement des troubles de l\u2019\u00e9rection<\/a><\/h2>\n\t\t\t\t\t<a href=\"https:\/\/www.oncolifestyle.com\/fr\/sante-sexuelle\/traitement-des-troubles-de-lerection\/\" class=\"read-more\">En savoir plus<\/a>\n\t\t\t\t<\/div>\n\t\t\t<\/div>\n\t\t\t\t\t\t<div class=\"custom-post-card\">\n\t\t\t\t\t\t\t\t\t<a class=\"post-thumbnail-wrapper\" href=\"https:\/\/www.oncolifestyle.com\/fr\/mental-health-general-fr\/faire-face-au-cancer\/\">\n\t\t\t\t\t\t<img decoding=\"async\" src=\"https:\/\/www.oncolifestyle.com\/wp-content\/uploads\/2024\/11\/shutterstock_2476888627.jpg\" alt=\"Faire face au cancer\" class=\"post-thumbnail\" \/>\n\t\t\t\t\t<\/a>\n\t\t\t\t\t\t\t\t<div class=\"post-content\">\n\t\t\t\t\t\t\t\t\t\t\t<span class=\"post-category green-pill\">Passer \u00e0 l&#039;action<\/span>\n\t\t\t\t\t\t\t\t\t\n\t\t\t\t\t<h2 class=\"post-title\"><a href=\"https:\/\/www.oncolifestyle.com\/fr\/mental-health-general-fr\/faire-face-au-cancer\/\">Faire face au cancer<\/a><\/h2>\n\t\t\t\t\t<a href=\"https:\/\/www.oncolifestyle.com\/fr\/mental-health-general-fr\/faire-face-au-cancer\/\" class=\"read-more\">En savoir plus<\/a>\n\t\t\t\t<\/div>\n\t\t\t<\/div>\n\t\t\t<\/div>\n\t\t<div class=\"vc_btn3-container  view-more-articles vc_btn3-center\" style=\"margin-top: 20px;\">\n\t\t\t<button class=\"load-more vc_general vc_btn3 vc_btn3-size-md vc_btn3-shape-round vc_btn3-style-classic vc_btn3-color-danger\" data-paged=\"2\">Afficher plus d'articles<\/button>\n\t\t<\/div> <\/div>[\/vc_column_text][\/vc_column][\/vc_row][vc_row css=\u00a0\u00bb.vc_custom_1731277799166{padding-top: 100px !important;padding-bottom: 100px !important;}\u00a0\u00bb][vc_column width=\u00a0\u00bb1\/12&Prime;][\/vc_column][vc_column width=\u00a0\u00bb10\/12&Prime;][vc_custom_heading text=\u00a0\u00bbDes informations fiables\u00a0\u00bb font_container=\u00a0\u00bbtag:h2|text_align:center\u00a0\u00bb use_theme_fonts=\u00a0\u00bbyes\u00a0\u00bb el_class=\u00a0\u00bbaccent-line center size-sm\u00a0\u00bb][vc_column_text]<\/p>\n<p style=\"text-align: center;\">Avec tant d&rsquo;opinions divergentes, il peut \u00eatre difficile de savoir qui suivre. Oncolifestyle veille \u00e0 vous fournir des informations fond\u00e9es sur des donn\u00e9es probantes qui ont fait l&rsquo;objet de recherches approfondies dans l&rsquo;optique de votre sant\u00e9.<\/p>\n<p>[\/vc_column_text][\/vc_column][vc_column width=\u00a0\u00bb1\/12&Prime;][\/vc_column][\/vc_row]<\/p>\n<\/div>","protected":false},"excerpt":{"rendered":"<p>[vc_row full_width=\u00a0\u00bbstretch_row\u00a0\u00bb css=\u00a0\u00bb.vc_custom_1731339146710{background-image: url(https:\/\/www.oncolifestyle.com\/wp-content\/uploads\/2022\/08\/banner-prostate.jpg?id=106) !important;background-position: center !important;background-repeat: no-repeat !important;background-size: cover !important;}\u00a0\u00bb el_class=\u00a0\u00bbpage-banner\u00a0\u00bb][vc_column width=\u00a0\u00bb1\/12&Prime;][\/vc_column][vc_column width=\u00a0\u00bb10\/12&Prime;][vc_empty_space height=\u00a0\u00bb23vw\u00a0\u00bb][vc_custom_heading text=\u00a0\u00bbCancer de la Prostate\u00a0\u00bb font_container=\u00a0\u00bbtag:h1|text_align:left|color:%23ffffff\u00a0\u00bb [&hellip;]<\/p>\n","protected":false},"author":1,"featured_media":0,"parent":0,"menu_order":0,"comment_status":"closed","ping_status":"closed","template":"template-fullwidth.php","meta":{"_acf_changed":false,"inline_featured_image":false,"footnotes":""},"class_list":["post-379","page","type-page","status-publish","hentry"],"acf":[],"yoast_head":"<!-- This site is optimized with the Yoast SEO plugin v23.8 - https:\/\/yoast.com\/wordpress\/plugins\/seo\/ -->\n<title>Cancer de la prostate : informations et qualit\u00e9 de vie | Oncolifestyle<\/title>\n<meta name=\"description\" content=\"Accessible, evidence-based information to help you take an active role in your cancer journey, make positive lifestyle choices, and improve your quality of life.\" \/>\n<meta name=\"robots\" content=\"index, follow, max-snippet:-1, max-image-preview:large, max-video-preview:-1\" \/>\n<link rel=\"canonical\" href=\"https:\/\/www.oncolifestyle.com\/fr\/cancer-de-la-prostate\/\" \/>\n<meta property=\"og:locale\" content=\"fr_FR\" \/>\n<meta property=\"og:type\" content=\"article\" \/>\n<meta property=\"og:title\" content=\"Cancer de la prostate : informations et qualit\u00e9 de vie | Oncolifestyle\" \/>\n<meta property=\"og:description\" content=\"Accessible, evidence-based information to help you take an active role in your cancer journey, make positive lifestyle choices, and improve your quality of life.\" \/>\n<meta property=\"og:url\" content=\"https:\/\/www.oncolifestyle.com\/fr\/cancer-de-la-prostate\/\" \/>\n<meta property=\"og:site_name\" content=\"Oncolifestyle\" \/>\n<meta property=\"article:modified_time\" content=\"2024-12-02T14:15:19+00:00\" \/>\n<meta property=\"og:image\" content=\"https:\/\/www.oncolifestyle.com\/wp-content\/uploads\/2023\/07\/Oncolifestyle_Social-media-tile_1.png\" \/>\n\t<meta property=\"og:image:width\" content=\"2400\" \/>\n\t<meta property=\"og:image:height\" content=\"1254\" \/>\n\t<meta property=\"og:image:type\" content=\"image\/png\" \/>\n<meta name=\"twitter:card\" content=\"summary_large_image\" \/>\n<meta name=\"twitter:image\" content=\"https:\/\/www.oncolifestyle.com\/wp-content\/uploads\/2023\/07\/Oncolifestyle_Social-media-tile_1.png\" \/>\n<meta name=\"twitter:label1\" content=\"Dur\u00e9e de lecture estim\u00e9e\" \/>\n\t<meta name=\"twitter:data1\" content=\"4 minutes\" \/>\n<script type=\"application\/ld+json\" class=\"yoast-schema-graph\">{\"@context\":\"https:\/\/schema.org\",\"@graph\":[{\"@type\":\"WebPage\",\"@id\":\"https:\/\/www.oncolifestyle.com\/fr\/cancer-de-la-prostate\/\",\"url\":\"https:\/\/www.oncolifestyle.com\/fr\/cancer-de-la-prostate\/\",\"name\":\"Cancer de la prostate : informations et qualit\u00e9 de vie | Oncolifestyle\",\"isPartOf\":{\"@id\":\"https:\/\/www.oncolifestyle.com\/fr\/#website\"},\"datePublished\":\"2022-08-08T09:31:23+00:00\",\"dateModified\":\"2024-12-02T14:15:19+00:00\",\"description\":\"Accessible, evidence-based information to help you take an active role in your cancer journey, make positive lifestyle choices, and improve your quality of life.\",\"breadcrumb\":{\"@id\":\"https:\/\/www.oncolifestyle.com\/fr\/cancer-de-la-prostate\/#breadcrumb\"},\"inLanguage\":\"fr-FR\",\"potentialAction\":[{\"@type\":\"ReadAction\",\"target\":[\"https:\/\/www.oncolifestyle.com\/fr\/cancer-de-la-prostate\/\"]}]},{\"@type\":\"BreadcrumbList\",\"@id\":\"https:\/\/www.oncolifestyle.com\/fr\/cancer-de-la-prostate\/#breadcrumb\",\"itemListElement\":[{\"@type\":\"ListItem\",\"position\":1,\"name\":\"Home\",\"item\":\"https:\/\/www.oncolifestyle.com\/fr\/\"},{\"@type\":\"ListItem\",\"position\":2,\"name\":\"Cancer de la Prostate\"}]},{\"@type\":\"WebSite\",\"@id\":\"https:\/\/www.oncolifestyle.com\/fr\/#website\",\"url\":\"https:\/\/www.oncolifestyle.com\/fr\/\",\"name\":\"Oncolifestyle\",\"description\":\"Helping people with cancer live well\",\"publisher\":{\"@id\":\"https:\/\/www.oncolifestyle.com\/fr\/#organization\"},\"potentialAction\":[{\"@type\":\"SearchAction\",\"target\":{\"@type\":\"EntryPoint\",\"urlTemplate\":\"https:\/\/www.oncolifestyle.com\/fr\/?s={search_term_string}\"},\"query-input\":{\"@type\":\"PropertyValueSpecification\",\"valueRequired\":true,\"valueName\":\"search_term_string\"}}],\"inLanguage\":\"fr-FR\"},{\"@type\":\"Organization\",\"@id\":\"https:\/\/www.oncolifestyle.com\/fr\/#organization\",\"name\":\"Oncolifestyle\",\"url\":\"https:\/\/www.oncolifestyle.com\/fr\/\",\"logo\":{\"@type\":\"ImageObject\",\"inLanguage\":\"fr-FR\",\"@id\":\"https:\/\/www.oncolifestyle.com\/fr\/#\/schema\/logo\/image\/\",\"url\":\"https:\/\/www.oncolifestyle.com\/wp-content\/uploads\/2022\/08\/ONCO_LOGO_RGB_horizontal.png\",\"contentUrl\":\"https:\/\/www.oncolifestyle.com\/wp-content\/uploads\/2022\/08\/ONCO_LOGO_RGB_horizontal.png\",\"width\":2062,\"height\":434,\"caption\":\"Oncolifestyle\"},\"image\":{\"@id\":\"https:\/\/www.oncolifestyle.com\/fr\/#\/schema\/logo\/image\/\"}}]}<\/script>\n<!-- \/ Yoast SEO plugin. -->","yoast_head_json":{"title":"Cancer de la prostate : informations et qualit\u00e9 de vie | Oncolifestyle","description":"Accessible, evidence-based information to help you take an active role in your cancer journey, make positive lifestyle choices, and improve your quality of life.","robots":{"index":"index","follow":"follow","max-snippet":"max-snippet:-1","max-image-preview":"max-image-preview:large","max-video-preview":"max-video-preview:-1"},"canonical":"https:\/\/www.oncolifestyle.com\/fr\/cancer-de-la-prostate\/","og_locale":"fr_FR","og_type":"article","og_title":"Cancer de la prostate : informations et qualit\u00e9 de vie | Oncolifestyle","og_description":"Accessible, evidence-based information to help you take an active role in your cancer journey, make positive lifestyle choices, and improve your quality of life.","og_url":"https:\/\/www.oncolifestyle.com\/fr\/cancer-de-la-prostate\/","og_site_name":"Oncolifestyle","article_modified_time":"2024-12-02T14:15:19+00:00","og_image":[{"width":2400,"height":1254,"url":"https:\/\/www.oncolifestyle.com\/wp-content\/uploads\/2023\/07\/Oncolifestyle_Social-media-tile_1.png","type":"image\/png"}],"twitter_card":"summary_large_image","twitter_image":"https:\/\/www.oncolifestyle.com\/wp-content\/uploads\/2023\/07\/Oncolifestyle_Social-media-tile_1.png","twitter_misc":{"Dur\u00e9e de lecture estim\u00e9e":"4 minutes"},"schema":{"@context":"https:\/\/schema.org","@graph":[{"@type":"WebPage","@id":"https:\/\/www.oncolifestyle.com\/fr\/cancer-de-la-prostate\/","url":"https:\/\/www.oncolifestyle.com\/fr\/cancer-de-la-prostate\/","name":"Cancer de la prostate : informations et qualit\u00e9 de vie | Oncolifestyle","isPartOf":{"@id":"https:\/\/www.oncolifestyle.com\/fr\/#website"},"datePublished":"2022-08-08T09:31:23+00:00","dateModified":"2024-12-02T14:15:19+00:00","description":"Accessible, evidence-based information to help you take an active role in your cancer journey, make positive lifestyle choices, and improve your quality of life.","breadcrumb":{"@id":"https:\/\/www.oncolifestyle.com\/fr\/cancer-de-la-prostate\/#breadcrumb"},"inLanguage":"fr-FR","potentialAction":[{"@type":"ReadAction","target":["https:\/\/www.oncolifestyle.com\/fr\/cancer-de-la-prostate\/"]}]},{"@type":"BreadcrumbList","@id":"https:\/\/www.oncolifestyle.com\/fr\/cancer-de-la-prostate\/#breadcrumb","itemListElement":[{"@type":"ListItem","position":1,"name":"Home","item":"https:\/\/www.oncolifestyle.com\/fr\/"},{"@type":"ListItem","position":2,"name":"Cancer de la Prostate"}]},{"@type":"WebSite","@id":"https:\/\/www.oncolifestyle.com\/fr\/#website","url":"https:\/\/www.oncolifestyle.com\/fr\/","name":"Oncolifestyle","description":"Helping people with cancer live well","publisher":{"@id":"https:\/\/www.oncolifestyle.com\/fr\/#organization"},"potentialAction":[{"@type":"SearchAction","target":{"@type":"EntryPoint","urlTemplate":"https:\/\/www.oncolifestyle.com\/fr\/?s={search_term_string}"},"query-input":{"@type":"PropertyValueSpecification","valueRequired":true,"valueName":"search_term_string"}}],"inLanguage":"fr-FR"},{"@type":"Organization","@id":"https:\/\/www.oncolifestyle.com\/fr\/#organization","name":"Oncolifestyle","url":"https:\/\/www.oncolifestyle.com\/fr\/","logo":{"@type":"ImageObject","inLanguage":"fr-FR","@id":"https:\/\/www.oncolifestyle.com\/fr\/#\/schema\/logo\/image\/","url":"https:\/\/www.oncolifestyle.com\/wp-content\/uploads\/2022\/08\/ONCO_LOGO_RGB_horizontal.png","contentUrl":"https:\/\/www.oncolifestyle.com\/wp-content\/uploads\/2022\/08\/ONCO_LOGO_RGB_horizontal.png","width":2062,"height":434,"caption":"Oncolifestyle"},"image":{"@id":"https:\/\/www.oncolifestyle.com\/fr\/#\/schema\/logo\/image\/"}}]}},"_links":{"self":[{"href":"https:\/\/www.oncolifestyle.com\/fr\/wp-json\/wp\/v2\/pages\/379","targetHints":{"allow":["GET"]}}],"collection":[{"href":"https:\/\/www.oncolifestyle.com\/fr\/wp-json\/wp\/v2\/pages"}],"about":[{"href":"https:\/\/www.oncolifestyle.com\/fr\/wp-json\/wp\/v2\/types\/page"}],"author":[{"embeddable":true,"href":"https:\/\/www.oncolifestyle.com\/fr\/wp-json\/wp\/v2\/users\/1"}],"replies":[{"embeddable":true,"href":"https:\/\/www.oncolifestyle.com\/fr\/wp-json\/wp\/v2\/comments?post=379"}],"version-history":[{"count":12,"href":"https:\/\/www.oncolifestyle.com\/fr\/wp-json\/wp\/v2\/pages\/379\/revisions"}],"predecessor-version":[{"id":3417,"href":"https:\/\/www.oncolifestyle.com\/fr\/wp-json\/wp\/v2\/pages\/379\/revisions\/3417"}],"wp:attachment":[{"href":"https:\/\/www.oncolifestyle.com\/fr\/wp-json\/wp\/v2\/media?parent=379"}],"curies":[{"name":"wp","href":"https:\/\/api.w.org\/{rel}","templated":true}]}}