{"id":382,"date":"2022-08-08T09:32:09","date_gmt":"2022-08-08T09:32:09","guid":{"rendered":"https:\/\/oncolifestyle-com.orientedhosting.com\/prostate-cancer\/brain-health\/"},"modified":"2024-12-18T12:04:37","modified_gmt":"2024-12-18T12:04:37","slug":"sante-mentale","status":"publish","type":"page","link":"https:\/\/www.oncolifestyle.com\/fr\/cancer-de-la-prostate\/sante-mentale\/","title":{"rendered":"Sant\u00e9 mentale"},"content":{"rendered":"<div class=\"wpb-content-wrapper\"><p>[vc_row full_width=\u00a0\u00bbstretch_row\u00a0\u00bb css=\u00a0\u00bb.vc_custom_1660926214848{background-image: url(https:\/\/www.oncolifestyle.com\/wp-content\/uploads\/2022\/08\/banner-brain-health.jpg?id=90) !important;background-position: center !important;background-repeat: no-repeat !important;background-size: cover !important;}\u00a0\u00bb][vc_column width=\u00a0\u00bb1\/12&Prime;][\/vc_column][vc_column width=\u00a0\u00bb10\/12&Prime;][vc_empty_space height=\u00a0\u00bb22vw\u00a0\u00bb][vc_custom_heading source=\u00a0\u00bbpost_title\u00a0\u00bb font_container=\u00a0\u00bbtag:h1|text_align:left|color:%23ffffff\u00a0\u00bb use_theme_fonts=\u00a0\u00bbyes\u00a0\u00bb css=\u00a0\u00bb.vc_custom_1699607267007{margin-top: 0px !important;margin-bottom: 100px !important;}\u00a0\u00bb el_class=\u00a0\u00bbpage-title\u00a0\u00bb][\/vc_column][vc_column width=\u00a0\u00bb1\/12&Prime;][\/vc_column][\/vc_row][vc_row][vc_column width=\u00a0\u00bb1\/12&Prime;][\/vc_column][vc_column width=\u00a0\u00bb1\/2&Prime;][vc_column_text el_class=\u00a0\u00bbbreadcrumbs\u00a0\u00bb]<!-- Breadcrumb NavXT 7.3.1 -->\n<span property=\"itemListElement\" typeof=\"ListItem\"><a property=\"item\" typeof=\"WebPage\" title=\"Aller \u00e0 Oncolifestyle.\" href=\"https:\/\/www.oncolifestyle.com\/fr\/\" class=\"home\" aria-current=\"page\"><span property=\"name\">Oncolifestyle<\/span><\/a><meta property=\"position\" content=\"1\"><\/span>[\/vc_column_text][vc_column_text]<\/p>\n<h6 class=\"green-pill\">FAIRE DES CHOIX SAINS<\/h6>\n<h2>Comment le cancer de la prostate et son traitement peuvent-ils affecter votre cerveau\u00a0?<\/h2>\n<p>&nbsp;<\/p>\n<p><strong class=\"text-red\">Sant\u00e9 cognitive<\/strong><\/p>\n<p><strong>Votre sant\u00e9 cognitive est votre capacit\u00e9 \u00e0 penser clairement, \u00e0 effectuer des t\u00e2ches complexes, \u00e0 apprendre et \u00e0 vous souvenir<\/strong><\/p>\n<p>Nous avons tous ressenti les signes du \u00ab\u00a0brouillard c\u00e9r\u00e9bral\u00a0\u00bb. Chez certains hommes qui suivent une\u00a0<a href=\"https:\/\/www.oncolifestyle.com\/fr\/a-propos-du-cancer-de-la-prostate\/\">th\u00e9rapie de privation androg\u00e9nique<\/a>, ces sympt\u00f4mes cognitifs peuvent devenir plus r\u00e9guliers<sup>1<\/sup>. Cette th\u00e9rapie a \u00e9galement \u00e9t\u00e9 associ\u00e9e \u00e0 une hausse (marginale) du risque de maladie d\u2019Alzheimer et de d\u00e9mence<sup>2 \u2014<\/sup> bien que, \u00e0 long terme, les avantages du traitement l\u2019emportent g\u00e9n\u00e9ralement sur ce risque. En outre, les effets secondaires cognitifs de la th\u00e9rapie de privation androg\u00e9nique n\u2019apparaissent que chez certains hommes\u00a0: de nombreuses personnes ne ressentent aucun changement.<\/p>\n<p>&nbsp;<\/p>\n<p><strong class=\"text-red\">Sant\u00e9 \u00e9motionnelle<\/strong><\/p>\n<p><strong>Pilier essentiel de votre sant\u00e9 mentale globale, la sant\u00e9 \u00e9motionnelle concerne vos pens\u00e9es, votre humeur et votre capacit\u00e9 \u00e0 g\u00e9rer le stress<\/strong><\/p>\n<p>Il peut \u00eatre \u00e9prouvant d\u2019apprendre que l\u2019on a un cancer de la prostate et difficile de rester positif face \u00e0 ce diagnostic. Vous pouvez ressentir toute une gamme d\u2019\u00e9motions, notamment le choc, l\u2019incertitude, l\u2019anxi\u00e9t\u00e9, la torpeur et la col\u00e8re. Ces \u00e9motions sont tout \u00e0 fait naturelles mais, au fil du temps, elles peuvent avoir un impact n\u00e9gatif sur votre sant\u00e9 mentale et votre bien-\u00eatre. Une personne atteinte d\u2019un cancer de la prostate est malheureusement plus susceptible de souffrir de d\u00e9pression qu\u2019une personne qui ne l\u2019est pas<sup>3<\/sup>, d\u2019autant plus si elle suit une th\u00e9rapie de privation androg\u00e9nique<sup>4<\/sup>. Il importe donc tout autant de pr\u00e9server votre sant\u00e9 mentale que votre bien-\u00eatre physique.[\/vc_column_text][\/vc_column][vc_column width=\u00a0\u00bb5\/12&Prime;][vc_single_image image=\u00a0\u00bb2969&Prime; img_size=\u00a0\u00bblarge\u00a0\u00bb alignment=\u00a0\u00bbcenter\u00a0\u00bb el_class=\u00a0\u00bbpage-circle-image\u00a0\u00bb][\/vc_column][\/vc_row][vc_row][vc_column width=\u00a0\u00bb1\/12&Prime;][\/vc_column][vc_column width=\u00a0\u00bb10\/12&Prime;][vc_custom_heading text=\u00a0\u00bbLe saviez-vous\u2009?\u00a0\u00bb font_container=\u00a0\u00bbtag:h2|text_align:center\u00a0\u00bb use_theme_fonts=\u00a0\u00bbyes\u00a0\u00bb el_class=\u00a0\u00bbaccent-line center size-sm\u00a0\u00bb css=\u00a0\u00bb.vc_custom_1688111237638{margin-top: 100px !important;margin-bottom: 50px !important;}\u00a0\u00bb][vc_column_text]<\/p>\n<p style=\"text-align: center;\">Ce qui est bon pour le c\u0153ur est bon pour le cerveau. La sant\u00e9 cardiovasculaire est intimement li\u00e9e \u00e0 la sant\u00e9 cognitive<sup>5-7<\/sup>, de sorte que les <a href=\"https:\/\/www.oncolifestyle.com\/fr\/labc-de-la-sante-du-coeur-et-de-la-prostate\/\">activit\u00e9s b\u00e9n\u00e9fiques pour le c\u0153ur<\/a> (comme l\u2019exercice physique et une alimentation saine) font aussi du bien au cerveau.<\/p>\n<p>[\/vc_column_text][\/vc_column][vc_column width=\u00a0\u00bb1\/12&Prime;][\/vc_column][\/vc_row][vc_row content_placement=\u00a0\u00bbmiddle\u00a0\u00bb el_class=\u00a0\u00bbhealth-tab health-tab-cognitive reverse-xs\u00a0\u00bb][vc_column width=\u00a0\u00bb6\/12&Prime; el_class=\u00a0\u00bboverlap\u00a0\u00bb][vc_column_text el_class=\u00a0\u00bbbox-shadow\u00a0\u00bb css=\u00a0\u00bb.vc_custom_1734523430494{margin-bottom: 0px !important;padding-top: 50px !important;padding-right: 50px !important;padding-bottom: 50px !important;padding-left: 50px !important;}\u00a0\u00bb]<\/p>\n<h6>PASSER \u00c0 L\u2019ACTION<\/h6>\n<p><strong class=\"text-red\">Faites travailler vos m\u00e9ninges<\/strong><\/p>\n<p>La meilleure fa\u00e7on de prot\u00e9ger votre sant\u00e9 cognitive et \u00e9motionnelle est de maintenir votre cerveau en activit\u00e9. Toutes les activit\u00e9s qui sollicitent le cerveau peuvent contribuer \u00e0 enrayer le d\u00e9clin cognitif possible pendant la th\u00e9rapie de privation androg\u00e9nique. Pour garder votre cerveau en pleine forme, faites l\u2019effort de\u2026<\/p>\n<ul class=\"bh-offset-list\">\n<li>Rencontrer vos amis ou participer \u00e0 un groupe social \u2013 l\u2019activit\u00e9 sociale est une excellente forme de stimulation mentale<sup>8<\/sup><\/li>\n<li>Pratiquer des activit\u00e9s telles que l\u2019artisanat, les puzzles, l\u2019informatique et les jeux, qui sont autant de moyens de garder l\u2019esprit en \u00e9veil<sup>1<\/sup><\/li>\n<li>Am\u00e9liorer votre sant\u00e9 cardiovasculaire et votre sant\u00e9 c\u00e9r\u00e9brale en int\u00e9grant l\u2019<a href=\"https:\/\/www.oncolifestyle.com\/fr\/cancer-de-la-prostate\/activite-physique\/\">activit\u00e9 physique<\/a> dans votre routine\u00a0quotidienne<sup>9-11<\/sup>\u00a0et en optant pour un\u00a0<a href=\"https:\/\/www.oncolifestyle.com\/fr\/cancer-de-la-prostate\/alimentation\/\">r\u00e9gime m\u00e9diterran\u00e9en<\/a><sup>12,13<\/sup><\/li>\n<\/ul>\n<p>[\/vc_column_text][vc_single_image image=\u00a0\u00bb316&Prime; img_size=\u00a0\u00bbfull\u00a0\u00bb alignment=\u00a0\u00bbright\u00a0\u00bb el_id=\u00a0\u00bbfloating-image\u00a0\u00bb][\/vc_column][vc_column width=\u00a0\u00bb5\/12&Prime;][vc_single_image image=\u00a0\u00bb495&Prime; img_size=\u00a0\u00bbfull\u00a0\u00bb][\/vc_column][vc_column width=\u00a0\u00bb1\/12&Prime;][\/vc_column][\/vc_row][vc_row][vc_column][vc_btn title=\u00a0\u00bbEn savoir plus sur la sant\u00e9 mentale et le cancer\u00a0\u00bb style=\u00a0\u00bbclassic\u00a0\u00bb shape=\u00a0\u00bbround\u00a0\u00bb color=\u00a0\u00bbsuccess\u00a0\u00bb align=\u00a0\u00bbcenter\u00a0\u00bb el_class=\u00a0\u00bbview-more-articles\u00a0\u00bb link=\u00a0\u00bburl:https%3A%2F%2Fwww.oncolifestyle.com%2Ffr%2Fsante-mentale%2F\u00a0\u00bb][\/vc_column][\/vc_row][vc_row][vc_column width=\u00a0\u00bb1\/12&Prime;][\/vc_column][vc_column width=\u00a0\u00bb10\/12&Prime;][vc_custom_heading text=\u00a0\u00bbDes informations fiables\u00a0\u00bb font_container=\u00a0\u00bbtag:h2|text_align:center\u00a0\u00bb use_theme_fonts=\u00a0\u00bbyes\u00a0\u00bb el_class=\u00a0\u00bbaccent-line center size-sm\u00a0\u00bb][vc_column_text]<\/p>\n<p style=\"text-align: center;\">Face \u00e0 la multiplicit\u00e9 des opinions, il peut \u00eatre difficile de savoir \u00e0 qui se fier. Avec oncolifestyle, nous faisons de notre mieux pour vous fournir des informations scientifiquement fond\u00e9es qui ont fait l\u2019objet de recherches approfondies, dans l\u2019int\u00e9r\u00eat de votre sant\u00e9.<\/p>\n<p>[\/vc_column_text][\/vc_column][vc_column width=\u00a0\u00bb1\/12&Prime;][\/vc_column][\/vc_row][vc_row css=\u00a0\u00bb.vc_custom_1660737759822{margin-top: 50px !important;margin-bottom: 50px !important;}\u00a0\u00bb][vc_column][vc_column_text]<\/p>\n<h6 style=\"text-align: center;\">NOS SOURCES<\/h6>\n<p style=\"text-align: center;\"><span class=\"sources-btn show-source\">D\u2019o\u00f9 proviennent ces informations\u2009?<\/span><\/p>\n<p>[\/vc_column_text][\/vc_column][\/vc_row][vc_row full_width=\u00a0\u00bbstretch_row\u00a0\u00bb el_class=\u00a0\u00bbsource\u00a0\u00bb][vc_column][vc_raw_html]JTNDZGl2JTIwY2xhc3MlM0QlMjJzdmdfX3dyYXBwZXIlMjBjbG9zZS1zb3VyY2UlMjIlM0UlMEElM0NzdmclMjBjbGFzcyUzRCUyMmljb24lMjBpY29uLS1jbG9zZSUyMiUyMGFyaWEtaGlkZGVuJTNEJTIydHJ1ZSUyMiUyMHJvbGUlM0QlMjJpbWclMjIlM0UlM0N1c2UlMjB4bGluayUzQWhyZWYlM0QlMjIlMjNpY29uLWNsb3NlJTIyJTNFJTNDJTJGdXNlJTNFJTNDJTJGc3ZnJTNFJTBBJTNDJTJGZGl2JTNFJTBB[\/vc_raw_html][vc_column_text]<\/p>\n<h6 class=\"accent-line\">Nos sources<\/h6>\n<h4><strong>D\u2019o\u00f9 proviennent ces informations\u2009?<\/strong><\/h4>\n<ol>\n<li>Cherrier, M. M. &amp; Higano, C. S. Impact of androgen deprivation therapy on mood, cognition, and risk for AD. Urol. Oncol. Semin. Orig. Investig. 38, 53\u201361 (2020).<\/li>\n<li>Jayadevappa, R. et al. Association Between Androgen Deprivation Therapy Use and Diagnosis of Dementia in Men With Prostate Cancer. JAMA Netw. Open 2, e196562 (2019).<\/li>\n<li>Fervaha, G. et al. Psychological morbidity associated with prostate cancer: Rates and predictors of depression in the RADICAL PC study. Can. Urol. Assoc. J. 15, (2020).<\/li>\n<li>Dinh, K. T. et al. Association of Androgen Deprivation Therapy With Depression in Localized Prostate Cancer. J. Clin. Oncol. 34, 1905\u20131912 (2016).<\/li>\n<li>Chang, Y. K., Labban, J. D., Gapin, J. I. &amp; Etnier, J. L. The effects of acute exercise on cognitive performance: A meta-analysis. Brain Res. 1453, 87\u2013101 (2012).<\/li>\n<li>Northey, J. M., Cherbuin, N., Pumpa, K. L., Smee, D. J. &amp; Rattray, B. Exercise interventions for cognitive function in adults older than 50: a systematic review with meta-analysis. Br. J. Sports Med. 52, 154\u2013160 (2018).<\/li>\n<li>Fondell, E. et al. Physical activity across adulthood and subjective cognitive function in older men. Eur. J. Epidemiol. 33, 79\u201387 (2018).<\/li>\n<li>Elwood, P. et al. Healthy Lifestyles Reduce the Incidence of Chronic Diseases and Dementia: Evidence from the Caerphilly Cohort Study. PLoS ONE 8, e81877 (2013).<\/li>\n<li>Chang, Y. K., Labban, J. D., Gapin, J. I. &amp; Etnier, J. L. The effects of acute exercise on cognitive performance: A meta-analysis. Brain Res. 1453, 87\u2013101 (2012).<\/li>\n<li>Northey, J. M., Cherbuin, N., Pumpa, K. L., Smee, D. J. &amp; Rattray, B. Exercise interventions for cognitive function in adults older than 50: a systematic review with meta-analysis. Br. J. Sports Med. 52, 154\u2013160 (2018).<\/li>\n<li>Fondell, E. et al. Physical activity across adulthood and subjective cognitive function in older men. Eur. J. Epidemiol. 33, 79\u201387 (2018).<\/li>\n<li>Kl\u00edmov\u00e1, B. &amp; Vali\u0161, M. Nutritional Interventions as Beneficial Strategies to Delay Cognitive Decline in Healthy Older Individuals. Nutrients 10, 905 (2018).<\/li>\n<li>Anastasiou, C. et al. Mediterranean Lifestyle in Relation to Cognitive Health: Results from the HELIAD Study. Nutrients 10, 1557 (2018).<\/li>\n<\/ol>\n<p>[\/vc_column_text][\/vc_column][\/vc_row]<\/p>\n<\/div>","protected":false},"excerpt":{"rendered":"<p>[vc_row full_width=\u00a0\u00bbstretch_row\u00a0\u00bb css=\u00a0\u00bb.vc_custom_1660926214848{background-image: url(https:\/\/www.oncolifestyle.com\/wp-content\/uploads\/2022\/08\/banner-brain-health.jpg?id=90) !important;background-position: center !important;background-repeat: no-repeat !important;background-size: cover !important;}\u00a0\u00bb][vc_column width=\u00a0\u00bb1\/12&Prime;][\/vc_column][vc_column width=\u00a0\u00bb10\/12&Prime;][vc_empty_space height=\u00a0\u00bb22vw\u00a0\u00bb][vc_custom_heading source=\u00a0\u00bbpost_title\u00a0\u00bb font_container=\u00a0\u00bbtag:h1|text_align:left|color:%23ffffff\u00a0\u00bb use_theme_fonts=\u00a0\u00bbyes\u00a0\u00bb css=\u00a0\u00bb.vc_custom_1699607267007{margin-top: 0px !important;margin-bottom: [&hellip;]<\/p>\n","protected":false},"author":1,"featured_media":0,"parent":379,"menu_order":0,"comment_status":"closed","ping_status":"closed","template":"template-fullwidth.php","meta":{"_acf_changed":false,"inline_featured_image":false,"footnotes":""},"class_list":["post-382","page","type-page","status-publish","hentry"],"acf":[],"yoast_head":"<!-- This site is optimized with the Yoast SEO plugin v23.8 - https:\/\/yoast.com\/wordpress\/plugins\/seo\/ -->\n<title>Sant\u00e9 mentale apr\u00e8s un cancer de la prostate : soutien et \u00e9quilibre | Oncolifestyle<\/title>\n<meta name=\"description\" content=\"Comprenez l&#039;impact du cancer de la prostate sur la sant\u00e9 \u00e9motionnelle et cognitive, et ce que vous pouvez faire pour vivre de mani\u00e8re positive.\" \/>\n<meta name=\"robots\" content=\"index, follow, max-snippet:-1, max-image-preview:large, max-video-preview:-1\" \/>\n<link rel=\"canonical\" href=\"https:\/\/www.oncolifestyle.com\/fr\/cancer-de-la-prostate\/sante-mentale\/\" \/>\n<meta property=\"og:locale\" content=\"fr_FR\" \/>\n<meta property=\"og:type\" content=\"article\" \/>\n<meta property=\"og:title\" content=\"Sant\u00e9 mentale apr\u00e8s un cancer de la prostate : soutien et \u00e9quilibre | Oncolifestyle\" \/>\n<meta property=\"og:description\" content=\"Comprenez l&#039;impact du cancer de la prostate sur la sant\u00e9 \u00e9motionnelle et cognitive, et ce que vous pouvez faire pour vivre de mani\u00e8re positive.\" \/>\n<meta property=\"og:url\" content=\"https:\/\/www.oncolifestyle.com\/fr\/cancer-de-la-prostate\/sante-mentale\/\" \/>\n<meta property=\"og:site_name\" content=\"Oncolifestyle\" \/>\n<meta property=\"article:modified_time\" content=\"2024-12-18T12:04:37+00:00\" \/>\n<meta name=\"twitter:card\" content=\"summary_large_image\" \/>\n<meta name=\"twitter:label1\" content=\"Dur\u00e9e de lecture estim\u00e9e\" \/>\n\t<meta name=\"twitter:data1\" content=\"5 minutes\" \/>\n<script type=\"application\/ld+json\" class=\"yoast-schema-graph\">{\"@context\":\"https:\/\/schema.org\",\"@graph\":[{\"@type\":\"WebPage\",\"@id\":\"https:\/\/www.oncolifestyle.com\/fr\/cancer-de-la-prostate\/sante-mentale\/\",\"url\":\"https:\/\/www.oncolifestyle.com\/fr\/cancer-de-la-prostate\/sante-mentale\/\",\"name\":\"Sant\u00e9 mentale apr\u00e8s un cancer de la prostate : soutien et \u00e9quilibre | Oncolifestyle\",\"isPartOf\":{\"@id\":\"https:\/\/www.oncolifestyle.com\/fr\/#website\"},\"datePublished\":\"2022-08-08T09:32:09+00:00\",\"dateModified\":\"2024-12-18T12:04:37+00:00\",\"description\":\"Comprenez l'impact du cancer de la prostate sur la sant\u00e9 \u00e9motionnelle et cognitive, et ce que vous pouvez faire pour vivre de mani\u00e8re positive.\",\"breadcrumb\":{\"@id\":\"https:\/\/www.oncolifestyle.com\/fr\/cancer-de-la-prostate\/sante-mentale\/#breadcrumb\"},\"inLanguage\":\"fr-FR\",\"potentialAction\":[{\"@type\":\"ReadAction\",\"target\":[\"https:\/\/www.oncolifestyle.com\/fr\/cancer-de-la-prostate\/sante-mentale\/\"]}]},{\"@type\":\"BreadcrumbList\",\"@id\":\"https:\/\/www.oncolifestyle.com\/fr\/cancer-de-la-prostate\/sante-mentale\/#breadcrumb\",\"itemListElement\":[{\"@type\":\"ListItem\",\"position\":1,\"name\":\"Home\",\"item\":\"https:\/\/www.oncolifestyle.com\/fr\/\"},{\"@type\":\"ListItem\",\"position\":2,\"name\":\"Cancer de la Prostate\",\"item\":\"https:\/\/www.oncolifestyle.com\/fr\/cancer-de-la-prostate\/\"},{\"@type\":\"ListItem\",\"position\":3,\"name\":\"Sant\u00e9 mentale\"}]},{\"@type\":\"WebSite\",\"@id\":\"https:\/\/www.oncolifestyle.com\/fr\/#website\",\"url\":\"https:\/\/www.oncolifestyle.com\/fr\/\",\"name\":\"Oncolifestyle\",\"description\":\"Helping people with cancer live well\",\"publisher\":{\"@id\":\"https:\/\/www.oncolifestyle.com\/fr\/#organization\"},\"potentialAction\":[{\"@type\":\"SearchAction\",\"target\":{\"@type\":\"EntryPoint\",\"urlTemplate\":\"https:\/\/www.oncolifestyle.com\/fr\/?s={search_term_string}\"},\"query-input\":{\"@type\":\"PropertyValueSpecification\",\"valueRequired\":true,\"valueName\":\"search_term_string\"}}],\"inLanguage\":\"fr-FR\"},{\"@type\":\"Organization\",\"@id\":\"https:\/\/www.oncolifestyle.com\/fr\/#organization\",\"name\":\"Oncolifestyle\",\"url\":\"https:\/\/www.oncolifestyle.com\/fr\/\",\"logo\":{\"@type\":\"ImageObject\",\"inLanguage\":\"fr-FR\",\"@id\":\"https:\/\/www.oncolifestyle.com\/fr\/#\/schema\/logo\/image\/\",\"url\":\"https:\/\/www.oncolifestyle.com\/wp-content\/uploads\/2022\/08\/ONCO_LOGO_RGB_horizontal.png\",\"contentUrl\":\"https:\/\/www.oncolifestyle.com\/wp-content\/uploads\/2022\/08\/ONCO_LOGO_RGB_horizontal.png\",\"width\":2062,\"height\":434,\"caption\":\"Oncolifestyle\"},\"image\":{\"@id\":\"https:\/\/www.oncolifestyle.com\/fr\/#\/schema\/logo\/image\/\"}}]}<\/script>\n<!-- \/ Yoast SEO plugin. -->","yoast_head_json":{"title":"Sant\u00e9 mentale apr\u00e8s un cancer de la prostate : soutien et \u00e9quilibre | Oncolifestyle","description":"Comprenez l'impact du cancer de la prostate sur la sant\u00e9 \u00e9motionnelle et cognitive, et ce que vous pouvez faire pour vivre de mani\u00e8re positive.","robots":{"index":"index","follow":"follow","max-snippet":"max-snippet:-1","max-image-preview":"max-image-preview:large","max-video-preview":"max-video-preview:-1"},"canonical":"https:\/\/www.oncolifestyle.com\/fr\/cancer-de-la-prostate\/sante-mentale\/","og_locale":"fr_FR","og_type":"article","og_title":"Sant\u00e9 mentale apr\u00e8s un cancer de la prostate : soutien et \u00e9quilibre | Oncolifestyle","og_description":"Comprenez l'impact du cancer de la prostate sur la sant\u00e9 \u00e9motionnelle et cognitive, et ce que vous pouvez faire pour vivre de mani\u00e8re positive.","og_url":"https:\/\/www.oncolifestyle.com\/fr\/cancer-de-la-prostate\/sante-mentale\/","og_site_name":"Oncolifestyle","article_modified_time":"2024-12-18T12:04:37+00:00","twitter_card":"summary_large_image","twitter_misc":{"Dur\u00e9e de lecture estim\u00e9e":"5 minutes"},"schema":{"@context":"https:\/\/schema.org","@graph":[{"@type":"WebPage","@id":"https:\/\/www.oncolifestyle.com\/fr\/cancer-de-la-prostate\/sante-mentale\/","url":"https:\/\/www.oncolifestyle.com\/fr\/cancer-de-la-prostate\/sante-mentale\/","name":"Sant\u00e9 mentale apr\u00e8s un cancer de la prostate : soutien et \u00e9quilibre | Oncolifestyle","isPartOf":{"@id":"https:\/\/www.oncolifestyle.com\/fr\/#website"},"datePublished":"2022-08-08T09:32:09+00:00","dateModified":"2024-12-18T12:04:37+00:00","description":"Comprenez l'impact du cancer de la prostate sur la sant\u00e9 \u00e9motionnelle et cognitive, et ce que vous pouvez faire pour vivre de mani\u00e8re positive.","breadcrumb":{"@id":"https:\/\/www.oncolifestyle.com\/fr\/cancer-de-la-prostate\/sante-mentale\/#breadcrumb"},"inLanguage":"fr-FR","potentialAction":[{"@type":"ReadAction","target":["https:\/\/www.oncolifestyle.com\/fr\/cancer-de-la-prostate\/sante-mentale\/"]}]},{"@type":"BreadcrumbList","@id":"https:\/\/www.oncolifestyle.com\/fr\/cancer-de-la-prostate\/sante-mentale\/#breadcrumb","itemListElement":[{"@type":"ListItem","position":1,"name":"Home","item":"https:\/\/www.oncolifestyle.com\/fr\/"},{"@type":"ListItem","position":2,"name":"Cancer de la Prostate","item":"https:\/\/www.oncolifestyle.com\/fr\/cancer-de-la-prostate\/"},{"@type":"ListItem","position":3,"name":"Sant\u00e9 mentale"}]},{"@type":"WebSite","@id":"https:\/\/www.oncolifestyle.com\/fr\/#website","url":"https:\/\/www.oncolifestyle.com\/fr\/","name":"Oncolifestyle","description":"Helping people with cancer live well","publisher":{"@id":"https:\/\/www.oncolifestyle.com\/fr\/#organization"},"potentialAction":[{"@type":"SearchAction","target":{"@type":"EntryPoint","urlTemplate":"https:\/\/www.oncolifestyle.com\/fr\/?s={search_term_string}"},"query-input":{"@type":"PropertyValueSpecification","valueRequired":true,"valueName":"search_term_string"}}],"inLanguage":"fr-FR"},{"@type":"Organization","@id":"https:\/\/www.oncolifestyle.com\/fr\/#organization","name":"Oncolifestyle","url":"https:\/\/www.oncolifestyle.com\/fr\/","logo":{"@type":"ImageObject","inLanguage":"fr-FR","@id":"https:\/\/www.oncolifestyle.com\/fr\/#\/schema\/logo\/image\/","url":"https:\/\/www.oncolifestyle.com\/wp-content\/uploads\/2022\/08\/ONCO_LOGO_RGB_horizontal.png","contentUrl":"https:\/\/www.oncolifestyle.com\/wp-content\/uploads\/2022\/08\/ONCO_LOGO_RGB_horizontal.png","width":2062,"height":434,"caption":"Oncolifestyle"},"image":{"@id":"https:\/\/www.oncolifestyle.com\/fr\/#\/schema\/logo\/image\/"}}]}},"_links":{"self":[{"href":"https:\/\/www.oncolifestyle.com\/fr\/wp-json\/wp\/v2\/pages\/382","targetHints":{"allow":["GET"]}}],"collection":[{"href":"https:\/\/www.oncolifestyle.com\/fr\/wp-json\/wp\/v2\/pages"}],"about":[{"href":"https:\/\/www.oncolifestyle.com\/fr\/wp-json\/wp\/v2\/types\/page"}],"author":[{"embeddable":true,"href":"https:\/\/www.oncolifestyle.com\/fr\/wp-json\/wp\/v2\/users\/1"}],"replies":[{"embeddable":true,"href":"https:\/\/www.oncolifestyle.com\/fr\/wp-json\/wp\/v2\/comments?post=382"}],"version-history":[{"count":11,"href":"https:\/\/www.oncolifestyle.com\/fr\/wp-json\/wp\/v2\/pages\/382\/revisions"}],"predecessor-version":[{"id":3939,"href":"https:\/\/www.oncolifestyle.com\/fr\/wp-json\/wp\/v2\/pages\/382\/revisions\/3939"}],"up":[{"embeddable":true,"href":"https:\/\/www.oncolifestyle.com\/fr\/wp-json\/wp\/v2\/pages\/379"}],"wp:attachment":[{"href":"https:\/\/www.oncolifestyle.com\/fr\/wp-json\/wp\/v2\/media?parent=382"}],"curies":[{"name":"wp","href":"https:\/\/api.w.org\/{rel}","templated":true}]}}