{"id":385,"date":"2022-08-08T09:31:43","date_gmt":"2022-08-08T09:31:43","guid":{"rendered":"https:\/\/oncolifestyle-com.orientedhosting.com\/prostate-cancer\/nutrition\/"},"modified":"2024-12-15T21:45:55","modified_gmt":"2024-12-15T21:45:55","slug":"alimentation","status":"publish","type":"page","link":"https:\/\/www.oncolifestyle.com\/fr\/cancer-de-la-prostate\/alimentation\/","title":{"rendered":"Alimentation"},"content":{"rendered":"<div class=\"wpb-content-wrapper\"><p>[vc_row full_width=\u00a0\u00bbstretch_row\u00a0\u00bb css=\u00a0\u00bb.vc_custom_1660728718307{background-image: url(https:\/\/www.oncolifestyle.com\/wp-content\/uploads\/2022\/08\/banner-nutrition.jpg?id=98) !important;background-position: center !important;background-repeat: no-repeat !important;background-size: cover !important;}\u00a0\u00bb][vc_column width=\u00a0\u00bb1\/12&Prime;][\/vc_column][vc_column width=\u00a0\u00bb10\/12&Prime;][vc_empty_space height=\u00a0\u00bb22vw\u00a0\u00bb][vc_custom_heading source=\u00a0\u00bbpost_title\u00a0\u00bb font_container=\u00a0\u00bbtag:h1|text_align:left|color:%23ffffff\u00a0\u00bb use_theme_fonts=\u00a0\u00bbyes\u00a0\u00bb css=\u00a0\u00bb.vc_custom_1688397590715{margin-top: 0px !important;margin-bottom: 100px !important;}\u00a0\u00bb el_class=\u00a0\u00bbpage-title\u00a0\u00bb][\/vc_column][vc_column width=\u00a0\u00bb1\/12&Prime;][\/vc_column][\/vc_row][vc_row][vc_column width=\u00a0\u00bb1\/12&Prime;][\/vc_column][vc_column width=\u00a0\u00bb1\/2&Prime;][vc_column_text el_class=\u00a0\u00bbbreadcrumbs\u00a0\u00bb]<!-- Breadcrumb NavXT 7.3.1 -->\n<span property=\"itemListElement\" typeof=\"ListItem\"><a property=\"item\" typeof=\"WebPage\" title=\"Aller \u00e0 Oncolifestyle.\" href=\"https:\/\/www.oncolifestyle.com\/fr\/\" class=\"home\" aria-current=\"page\"><span property=\"name\">Oncolifestyle<\/span><\/a><meta property=\"position\" content=\"1\"><\/span>[\/vc_column_text][vc_column_text]<\/p>\n<h6 class=\"green-pill\">Faire des choix sains<\/h6>\n<h2>Bien manger pour vivre mieux<\/h2>\n<p>Peu importe o\u00f9 vous en \u00eates dans votre parcours de sant\u00e9, des choix de vie sains et une bonne alimentation lors de la lutte contre le cancer de la prostate peuvent vous aider \u00e0:<\/p>\n<ul id=\"nt-icon-list\">\n<li>Stimuler votre niveau d\u2019\u00e9nergie et am\u00e9liorer votre sant\u00e9 et votre bien-\u00eatre en g\u00e9n\u00e9ral<sup>1<\/sup><\/li>\n<li>Maintenir un poids sain et r\u00e9duire ainsi le risque d\u2019autres probl\u00e8mes de sant\u00e9 comme le diab\u00e8te<sup>2<\/sup>, les accidents vasculaires\u00a0c\u00e9r\u00e9braux<sup>3<\/sup>, l\u2019hypertension\u00a0art\u00e9rielle<sup>3<\/sup>, l\u2019apn\u00e9e du sommeil<sup>4<\/sup> et d\u2019autres cancers<sup>5<\/sup><\/li>\n<li>Ralentir la progression de la maladie et r\u00e9duire le risque de cancer de la prostate agressif<sup>6,7<\/sup><\/li>\n<li>Am\u00e9liorer votre <a href=\"https:\/\/www.oncolifestyle.com\/fr\/labc-de-la-sante-du-coeur-et-de-la-prostate\/\">sant\u00e9 cardiovasculaire<\/a>, en vous prot\u00e9geant contre des affections telles que l\u2019hypertension art\u00e9rielle et les maladies cardiaques<\/li>\n<li>Am\u00e9liorer votre qualit\u00e9 de vie<sup>1<\/sup>, voire votre esp\u00e9rance de vie<sup>9<\/sup><\/li>\n<\/ul>\n<p>[\/vc_column_text][\/vc_column][vc_column width=\u00a0\u00bb5\/12&Prime;][vc_single_image image=\u00a0\u00bb2925&Prime; img_size=\u00a0\u00bblarge\u00a0\u00bb alignment=\u00a0\u00bbcenter\u00a0\u00bb el_class=\u00a0\u00bbpage-circle-image\u00a0\u00bb][\/vc_column][\/vc_row][vc_row][vc_column width=\u00a0\u00bb1\/6&Prime;][\/vc_column][vc_column width=\u00a0\u00bb4\/6&Prime;][vc_custom_heading text=\u00a0\u00bbLe saviez-vous\u2009?\u00a0\u00bb font_container=\u00a0\u00bbtag:h2|text_align:center\u00a0\u00bb use_theme_fonts=\u00a0\u00bbyes\u00a0\u00bb el_class=\u00a0\u00bbaccent-line center size-sm\u00a0\u00bb][\/vc_column][vc_column width=\u00a0\u00bb1\/6&Prime;][\/vc_column][\/vc_row][vc_row][vc_column width=\u00a0\u00bb1\/12&Prime;][\/vc_column][vc_column width=\u00a0\u00bb10\/12&Prime;][vc_column_text]<\/p>\n<p style=\"text-align: center;\">Des \u00e9tudes ont montr\u00e9 que les\u00a0hommes qui adoptent un r\u00e9gime alimentaire sain apr\u00e8s un diagnostic de cancer de la prostate vivent plus longtemps que ceux qui suivent un r\u00e9gime \u00ab\u00a0occidental\u00a0\u00bb<sup>9<\/sup> \u2013 et jouissent d\u2019une meilleure qualit\u00e9 de vie<sup>1<\/sup>. Un r\u00e9gime alimentaire sain se compose essentiellement de l\u00e9gumes, de fruits, de c\u00e9r\u00e9ales compl\u00e8tes, de noix et de poisson (par opposition aux viandes rouges et transform\u00e9es, aux produits laitiers riches en graisses et aux c\u00e9r\u00e9ales raffin\u00e9es comme le riz blanc et la farine, qui constituent le r\u00e9gime \u00ab\u00a0occidental\u00a0\u00bb).<\/p>\n<p>[\/vc_column_text][\/vc_column][vc_column width=\u00a0\u00bb1\/12&Prime;][\/vc_column][\/vc_row][vc_row content_placement=\u00a0\u00bbmiddle\u00a0\u00bb][vc_column width=\u00a0\u00bb1\/12&Prime;][\/vc_column][vc_column width=\u00a0\u00bb1\/2&Prime; el_class=\u00a0\u00bboverlap\u00a0\u00bb][vc_column_text el_class=\u00a0\u00bbbox-shadow\u00a0\u00bb el_id=\u00a0\u00bbtake-action\u00a0\u00bb]Nous voulons plut\u00f4t vous aider \u00e0 d\u00e9couvrir comment les aliments que vous consommez peuvent avoir un impact sur votre qualit\u00e9 de vie \u2013 et vous inciter \u00e0 op\u00e9rer des changements simples mais durables de fa\u00e7on \u00e0 adopter de nouvelles habitudes sur le long terme. Apr\u00e8s tout, bien manger est un r\u00e9el plaisir et ne se d\u00e9livre pas sur prescription m\u00e9dicale ![\/vc_column_text][vc_single_image image=\u00a0\u00bb2931&Prime; img_size=\u00a0\u00bbfull\u00a0\u00bb alignment=\u00a0\u00bbcenter\u00a0\u00bb el_id=\u00a0\u00bbfloating-image\u00a0\u00bb][\/vc_column][vc_column width=\u00a0\u00bb5\/12&Prime;][vc_single_image image=\u00a0\u00bb2937&Prime; img_size=\u00a0\u00bbfull\u00a0\u00bb][\/vc_column][\/vc_row][vc_row][vc_column width=\u00a0\u00bb1\/12&Prime;][\/vc_column][vc_column width=\u00a0\u00bb10\/12&Prime;][vc_custom_heading text=\u00a0\u00bbDes informations fiables\u00a0\u00bb font_container=\u00a0\u00bbtag:h2|text_align:center\u00a0\u00bb use_theme_fonts=\u00a0\u00bbyes\u00a0\u00bb el_class=\u00a0\u00bbaccent-line center size-sm\u00a0\u00bb][vc_column_text]<\/p>\n<p style=\"text-align: center;\">Face \u00e0 la multiplicit\u00e9 des opinions, il peut \u00eatre difficile de savoir \u00e0 qui se fier. Avec oncolifestyle, nous faisons de notre mieux pour vous fournir des informations scientifiquement fond\u00e9es qui ont fait l\u2019objet de recherches approfondies, dans l\u2019int\u00e9r\u00eat de votre sant\u00e9.<\/p>\n<p>[\/vc_column_text][\/vc_column][vc_column width=\u00a0\u00bb1\/12&Prime;][\/vc_column][\/vc_row][vc_row css=\u00a0\u00bb.vc_custom_1660737759822{margin-top: 50px !important;margin-bottom: 50px !important;}\u00a0\u00bb][vc_column][vc_column_text]<\/p>\n<h6 style=\"text-align: center;\">NOS SOURCES<\/h6>\n<p style=\"text-align: center;\"><span class=\"sources-btn show-source\">D\u2019o\u00f9 proviennent ces informations\u2009?<\/span><\/p>\n<p>[\/vc_column_text][\/vc_column][\/vc_row][vc_row full_width=\u00a0\u00bbstretch_row\u00a0\u00bb el_class=\u00a0\u00bbsource\u00a0\u00bb][vc_column][vc_raw_html]JTNDZGl2JTIwY2xhc3MlM0QlMjJzdmdfX3dyYXBwZXIlMjBjbG9zZS1zb3VyY2UlMjIlM0UlMEElM0NzdmclMjBjbGFzcyUzRCUyMmljb24lMjBpY29uLS1jbG9zZSUyMiUyMGFyaWEtaGlkZGVuJTNEJTIydHJ1ZSUyMiUyMHJvbGUlM0QlMjJpbWclMjIlM0UlM0N1c2UlMjB4bGluayUzQWhyZWYlM0QlMjIlMjNpY29uLWNsb3NlJTIyJTNFJTNDJTJGdXNlJTNFJTNDJTJGc3ZnJTNFJTBBJTNDJTJGZGl2JTNFJTBB[\/vc_raw_html][vc_column_text]<\/p>\n<h6 class=\"accent-line\">Our sources<\/h6>\n<h4><strong>Where is this information coming from?<\/strong><\/h4>\n<ol>\n<li style=\"list-style-type: none;\">\n<ol>\n<li>Baguley, B., Bolam, K., Wright, O. &amp; Skinner, T. The Effect of Nutrition Therapy and Exercise on Cancer-Related Fatigue and Quality of Life in Men with Prostate Cancer: A Systematic Review. Nutrients 9, 1003 (2017).<\/li>\n<li>Wilding, J. P. H. The importance of weight management in type 2 diabetes mellitus. Int. J. Clin. Pract. 68, 682\u2013691 (2014).<\/li>\n<li>Akil, L. &amp; Ahmad, H. A. Relationships between Obesity and Cardiovascular Diseases in Four Southern States and Colorado. J. Health Care Poor Underserved 22, 61\u201372 (2011).<\/li>\n<li>Young, T., Peppard, P. E. &amp; Taheri, S. Excess weight and sleep-disordered breathing. J. Appl. Physiol. 99, 1592\u20131599 (2005).<\/li>\n<li>Islami, F., Goding Sauer, A., Gapstur, S. M. &amp; Jemal, A. Proportion of Cancer Cases Attributable to Excess Body Weight by US State, 2011-2015. JAMA Oncol. 5, 384 (2019).<\/li>\n<li>Castell\u00f3, A. et al. Mediterranean Dietary Pattern is Associated with Low Risk of Aggressive Prostate Cancer: MCC-Spain Study. J. Urol. 199, 430\u2013437 (2018).<\/li>\n<li>Gregg, J. R. et al. Adherence to the Mediterranean diet and grade group progression in localized prostate cancer: An active surveillance cohort. Cancer 127, 720\u2013728 (2021).<\/li>\n<li>Mart\u00ednez-Gonz\u00e1lez, M. A., Gea, A. &amp; Ruiz-Canela, M. The Mediterranean Diet and Cardiovascular Health: A Critical Review. Circ. Res. 124, 779\u2013798 (2019).<\/li>\n<li>Yang, M. et al. Dietary Patterns after Prostate Cancer Diagnosis in Relation to Disease-Specific and Total Mortality. Cancer Prev. Res. (Phila. Pa.) 8, 545\u2013551 (2015).<\/li>\n<\/ol>\n<\/li>\n<\/ol>\n<p>[\/vc_column_text][\/vc_column][\/vc_row]<\/p>\n<\/div>","protected":false},"excerpt":{"rendered":"<p>[vc_row full_width=\u00a0\u00bbstretch_row\u00a0\u00bb css=\u00a0\u00bb.vc_custom_1660728718307{background-image: url(https:\/\/www.oncolifestyle.com\/wp-content\/uploads\/2022\/08\/banner-nutrition.jpg?id=98) !important;background-position: center !important;background-repeat: no-repeat !important;background-size: cover !important;}\u00a0\u00bb][vc_column width=\u00a0\u00bb1\/12&Prime;][\/vc_column][vc_column width=\u00a0\u00bb10\/12&Prime;][vc_empty_space height=\u00a0\u00bb22vw\u00a0\u00bb][vc_custom_heading source=\u00a0\u00bbpost_title\u00a0\u00bb font_container=\u00a0\u00bbtag:h1|text_align:left|color:%23ffffff\u00a0\u00bb use_theme_fonts=\u00a0\u00bbyes\u00a0\u00bb css=\u00a0\u00bb.vc_custom_1688397590715{margin-top: 0px !important;margin-bottom: [&hellip;]<\/p>\n","protected":false},"author":1,"featured_media":0,"parent":379,"menu_order":0,"comment_status":"closed","ping_status":"closed","template":"template-fullwidth.php","meta":{"_acf_changed":false,"inline_featured_image":false,"footnotes":""},"class_list":["post-385","page","type-page","status-publish","hentry"],"acf":[],"yoast_head":"<!-- This site is optimized with the Yoast SEO plugin v23.8 - https:\/\/yoast.com\/wordpress\/plugins\/seo\/ -->\n<title>Alimentation et nutrition apr\u00e8s un cancer de la prostate | Onco Lifestyle<\/title>\n<meta name=\"description\" content=\"D\u00e9couvrez comment des choix de vie sains et une bonne alimentation avec le cancer de la prostate peuvent avoir un impact sur votre qualit\u00e9 de vie.\" \/>\n<meta name=\"robots\" content=\"index, follow, max-snippet:-1, max-image-preview:large, max-video-preview:-1\" \/>\n<link rel=\"canonical\" href=\"https:\/\/www.oncolifestyle.com\/fr\/cancer-de-la-prostate\/alimentation\/\" \/>\n<meta property=\"og:locale\" content=\"fr_FR\" \/>\n<meta property=\"og:type\" content=\"article\" \/>\n<meta property=\"og:title\" content=\"Alimentation et nutrition apr\u00e8s un cancer de la prostate | Onco Lifestyle\" \/>\n<meta property=\"og:description\" content=\"D\u00e9couvrez comment des choix de vie sains et une bonne alimentation avec le cancer de la prostate peuvent avoir un impact sur votre qualit\u00e9 de vie.\" \/>\n<meta property=\"og:url\" content=\"https:\/\/www.oncolifestyle.com\/fr\/cancer-de-la-prostate\/alimentation\/\" \/>\n<meta property=\"og:site_name\" content=\"Oncolifestyle\" \/>\n<meta property=\"article:modified_time\" content=\"2024-12-15T21:45:55+00:00\" \/>\n<meta name=\"twitter:card\" content=\"summary_large_image\" \/>\n<meta name=\"twitter:label1\" content=\"Dur\u00e9e de lecture estim\u00e9e\" \/>\n\t<meta name=\"twitter:data1\" content=\"4 minutes\" \/>\n<script type=\"application\/ld+json\" class=\"yoast-schema-graph\">{\"@context\":\"https:\/\/schema.org\",\"@graph\":[{\"@type\":\"WebPage\",\"@id\":\"https:\/\/www.oncolifestyle.com\/fr\/cancer-de-la-prostate\/alimentation\/\",\"url\":\"https:\/\/www.oncolifestyle.com\/fr\/cancer-de-la-prostate\/alimentation\/\",\"name\":\"Alimentation et nutrition apr\u00e8s un cancer de la prostate | Onco Lifestyle\",\"isPartOf\":{\"@id\":\"https:\/\/www.oncolifestyle.com\/fr\/#website\"},\"datePublished\":\"2022-08-08T09:31:43+00:00\",\"dateModified\":\"2024-12-15T21:45:55+00:00\",\"description\":\"D\u00e9couvrez comment des choix de vie sains et une bonne alimentation avec le cancer de la prostate peuvent avoir un impact sur votre qualit\u00e9 de vie.\",\"breadcrumb\":{\"@id\":\"https:\/\/www.oncolifestyle.com\/fr\/cancer-de-la-prostate\/alimentation\/#breadcrumb\"},\"inLanguage\":\"fr-FR\",\"potentialAction\":[{\"@type\":\"ReadAction\",\"target\":[\"https:\/\/www.oncolifestyle.com\/fr\/cancer-de-la-prostate\/alimentation\/\"]}]},{\"@type\":\"BreadcrumbList\",\"@id\":\"https:\/\/www.oncolifestyle.com\/fr\/cancer-de-la-prostate\/alimentation\/#breadcrumb\",\"itemListElement\":[{\"@type\":\"ListItem\",\"position\":1,\"name\":\"Home\",\"item\":\"https:\/\/www.oncolifestyle.com\/fr\/\"},{\"@type\":\"ListItem\",\"position\":2,\"name\":\"Cancer de la Prostate\",\"item\":\"https:\/\/www.oncolifestyle.com\/fr\/cancer-de-la-prostate\/\"},{\"@type\":\"ListItem\",\"position\":3,\"name\":\"Alimentation\"}]},{\"@type\":\"WebSite\",\"@id\":\"https:\/\/www.oncolifestyle.com\/fr\/#website\",\"url\":\"https:\/\/www.oncolifestyle.com\/fr\/\",\"name\":\"Oncolifestyle\",\"description\":\"Helping people with cancer live well\",\"publisher\":{\"@id\":\"https:\/\/www.oncolifestyle.com\/fr\/#organization\"},\"potentialAction\":[{\"@type\":\"SearchAction\",\"target\":{\"@type\":\"EntryPoint\",\"urlTemplate\":\"https:\/\/www.oncolifestyle.com\/fr\/?s={search_term_string}\"},\"query-input\":{\"@type\":\"PropertyValueSpecification\",\"valueRequired\":true,\"valueName\":\"search_term_string\"}}],\"inLanguage\":\"fr-FR\"},{\"@type\":\"Organization\",\"@id\":\"https:\/\/www.oncolifestyle.com\/fr\/#organization\",\"name\":\"Oncolifestyle\",\"url\":\"https:\/\/www.oncolifestyle.com\/fr\/\",\"logo\":{\"@type\":\"ImageObject\",\"inLanguage\":\"fr-FR\",\"@id\":\"https:\/\/www.oncolifestyle.com\/fr\/#\/schema\/logo\/image\/\",\"url\":\"https:\/\/www.oncolifestyle.com\/wp-content\/uploads\/2022\/08\/ONCO_LOGO_RGB_horizontal.png\",\"contentUrl\":\"https:\/\/www.oncolifestyle.com\/wp-content\/uploads\/2022\/08\/ONCO_LOGO_RGB_horizontal.png\",\"width\":2062,\"height\":434,\"caption\":\"Oncolifestyle\"},\"image\":{\"@id\":\"https:\/\/www.oncolifestyle.com\/fr\/#\/schema\/logo\/image\/\"}}]}<\/script>\n<!-- \/ Yoast SEO plugin. -->","yoast_head_json":{"title":"Alimentation et nutrition apr\u00e8s un cancer de la prostate | Onco Lifestyle","description":"D\u00e9couvrez comment des choix de vie sains et une bonne alimentation avec le cancer de la prostate peuvent avoir un impact sur votre qualit\u00e9 de vie.","robots":{"index":"index","follow":"follow","max-snippet":"max-snippet:-1","max-image-preview":"max-image-preview:large","max-video-preview":"max-video-preview:-1"},"canonical":"https:\/\/www.oncolifestyle.com\/fr\/cancer-de-la-prostate\/alimentation\/","og_locale":"fr_FR","og_type":"article","og_title":"Alimentation et nutrition apr\u00e8s un cancer de la prostate | Onco Lifestyle","og_description":"D\u00e9couvrez comment des choix de vie sains et une bonne alimentation avec le cancer de la prostate peuvent avoir un impact sur votre qualit\u00e9 de vie.","og_url":"https:\/\/www.oncolifestyle.com\/fr\/cancer-de-la-prostate\/alimentation\/","og_site_name":"Oncolifestyle","article_modified_time":"2024-12-15T21:45:55+00:00","twitter_card":"summary_large_image","twitter_misc":{"Dur\u00e9e de lecture estim\u00e9e":"4 minutes"},"schema":{"@context":"https:\/\/schema.org","@graph":[{"@type":"WebPage","@id":"https:\/\/www.oncolifestyle.com\/fr\/cancer-de-la-prostate\/alimentation\/","url":"https:\/\/www.oncolifestyle.com\/fr\/cancer-de-la-prostate\/alimentation\/","name":"Alimentation et nutrition apr\u00e8s un cancer de la prostate | Onco Lifestyle","isPartOf":{"@id":"https:\/\/www.oncolifestyle.com\/fr\/#website"},"datePublished":"2022-08-08T09:31:43+00:00","dateModified":"2024-12-15T21:45:55+00:00","description":"D\u00e9couvrez comment des choix de vie sains et une bonne alimentation avec le cancer de la prostate peuvent avoir un impact sur votre qualit\u00e9 de vie.","breadcrumb":{"@id":"https:\/\/www.oncolifestyle.com\/fr\/cancer-de-la-prostate\/alimentation\/#breadcrumb"},"inLanguage":"fr-FR","potentialAction":[{"@type":"ReadAction","target":["https:\/\/www.oncolifestyle.com\/fr\/cancer-de-la-prostate\/alimentation\/"]}]},{"@type":"BreadcrumbList","@id":"https:\/\/www.oncolifestyle.com\/fr\/cancer-de-la-prostate\/alimentation\/#breadcrumb","itemListElement":[{"@type":"ListItem","position":1,"name":"Home","item":"https:\/\/www.oncolifestyle.com\/fr\/"},{"@type":"ListItem","position":2,"name":"Cancer de la Prostate","item":"https:\/\/www.oncolifestyle.com\/fr\/cancer-de-la-prostate\/"},{"@type":"ListItem","position":3,"name":"Alimentation"}]},{"@type":"WebSite","@id":"https:\/\/www.oncolifestyle.com\/fr\/#website","url":"https:\/\/www.oncolifestyle.com\/fr\/","name":"Oncolifestyle","description":"Helping people with cancer live well","publisher":{"@id":"https:\/\/www.oncolifestyle.com\/fr\/#organization"},"potentialAction":[{"@type":"SearchAction","target":{"@type":"EntryPoint","urlTemplate":"https:\/\/www.oncolifestyle.com\/fr\/?s={search_term_string}"},"query-input":{"@type":"PropertyValueSpecification","valueRequired":true,"valueName":"search_term_string"}}],"inLanguage":"fr-FR"},{"@type":"Organization","@id":"https:\/\/www.oncolifestyle.com\/fr\/#organization","name":"Oncolifestyle","url":"https:\/\/www.oncolifestyle.com\/fr\/","logo":{"@type":"ImageObject","inLanguage":"fr-FR","@id":"https:\/\/www.oncolifestyle.com\/fr\/#\/schema\/logo\/image\/","url":"https:\/\/www.oncolifestyle.com\/wp-content\/uploads\/2022\/08\/ONCO_LOGO_RGB_horizontal.png","contentUrl":"https:\/\/www.oncolifestyle.com\/wp-content\/uploads\/2022\/08\/ONCO_LOGO_RGB_horizontal.png","width":2062,"height":434,"caption":"Oncolifestyle"},"image":{"@id":"https:\/\/www.oncolifestyle.com\/fr\/#\/schema\/logo\/image\/"}}]}},"_links":{"self":[{"href":"https:\/\/www.oncolifestyle.com\/fr\/wp-json\/wp\/v2\/pages\/385","targetHints":{"allow":["GET"]}}],"collection":[{"href":"https:\/\/www.oncolifestyle.com\/fr\/wp-json\/wp\/v2\/pages"}],"about":[{"href":"https:\/\/www.oncolifestyle.com\/fr\/wp-json\/wp\/v2\/types\/page"}],"author":[{"embeddable":true,"href":"https:\/\/www.oncolifestyle.com\/fr\/wp-json\/wp\/v2\/users\/1"}],"replies":[{"embeddable":true,"href":"https:\/\/www.oncolifestyle.com\/fr\/wp-json\/wp\/v2\/comments?post=385"}],"version-history":[{"count":7,"href":"https:\/\/www.oncolifestyle.com\/fr\/wp-json\/wp\/v2\/pages\/385\/revisions"}],"predecessor-version":[{"id":3908,"href":"https:\/\/www.oncolifestyle.com\/fr\/wp-json\/wp\/v2\/pages\/385\/revisions\/3908"}],"up":[{"embeddable":true,"href":"https:\/\/www.oncolifestyle.com\/fr\/wp-json\/wp\/v2\/pages\/379"}],"wp:attachment":[{"href":"https:\/\/www.oncolifestyle.com\/fr\/wp-json\/wp\/v2\/media?parent=385"}],"curies":[{"name":"wp","href":"https:\/\/api.w.org\/{rel}","templated":true}]}}