{"id":391,"date":"2022-08-08T09:32:21","date_gmt":"2022-08-08T09:32:21","guid":{"rendered":"https:\/\/oncolifestyle-com.orientedhosting.com\/prostate-cancer\/sexual-health\/"},"modified":"2025-09-11T11:53:00","modified_gmt":"2025-09-11T11:53:00","slug":"sante-sexuelle","status":"publish","type":"page","link":"https:\/\/www.oncolifestyle.com\/fr\/cancer-de-la-prostate\/sante-sexuelle\/","title":{"rendered":"Sant\u00e9 sexuelle"},"content":{"rendered":"<div class=\"wpb-content-wrapper\"><p>[vc_row full_width=\u00a0\u00bbstretch_row\u00a0\u00bb css=\u00a0\u00bb.vc_custom_1660927072894{background-image: url(https:\/\/www.oncolifestyle.com\/wp-content\/uploads\/2022\/08\/banner-sexual-health.jpg?id=110) !important;background-position: center !important;background-repeat: no-repeat !important;background-size: cover !important;}\u00a0\u00bb][vc_column width=\u00a0\u00bb1\/12&Prime;][\/vc_column][vc_column width=\u00a0\u00bb10\/12&Prime;][vc_empty_space height=\u00a0\u00bb22vw\u00a0\u00bb][vc_custom_heading source=\u00a0\u00bbpost_title\u00a0\u00bb font_container=\u00a0\u00bbtag:h1|text_align:left|color:%23ffffff\u00a0\u00bb use_theme_fonts=\u00a0\u00bbyes\u00a0\u00bb css=\u00a0\u00bb.vc_custom_1688539844921{margin-top: 0px !important;margin-bottom: 100px !important;}\u00a0\u00bb el_class=\u00a0\u00bbpage-title\u00a0\u00bb][\/vc_column][vc_column width=\u00a0\u00bb1\/12&Prime;][\/vc_column][\/vc_row][vc_row][vc_column width=\u00a0\u00bb1\/12&Prime;][\/vc_column][vc_column width=\u00a0\u00bb1\/2&Prime;][vc_column_text el_class=\u00a0\u00bbbreadcrumbs\u00a0\u00bb]<!-- Breadcrumb NavXT 7.3.1 -->\n<span property=\"itemListElement\" typeof=\"ListItem\"><a property=\"item\" typeof=\"WebPage\" title=\"Aller \u00e0 Oncolifestyle.\" href=\"https:\/\/www.oncolifestyle.com\/fr\/\" class=\"home\" aria-current=\"page\"><span property=\"name\">Oncolifestyle<\/span><\/a><meta property=\"position\" content=\"1\"><\/span>[\/vc_column_text][vc_column_text]<\/p>\n<h6 class=\"green-pill\">FAIRE DES CHOIX SAINS<\/h6>\n<h2>Une vie sexuelle \u00e9panouie malgr\u00e9 le cancer de la prostate<\/h2>\n<p>Pour beaucoup d\u2019entre nous, le sexe fait partie de la vie. Il nous fait nous sentir bien. Il cr\u00e9e de l\u2019intimit\u00e9, renforce les relations et nous permet de mieux profiter de la vie<sup>1<\/sup>. Il peut m\u00eame \u00eatre bon pour la sant\u00e9 physique<sup>2<\/sup> !<\/p>\n<p>Malheureusement, le traitement du cancer de la prostate peut avoir un impact r\u00e9el sur votre sant\u00e9 sexuelle. Les troubles de l\u2019\u00e9rection et la baisse de la libido ne sont pas rares \u2013 et cela peut avoir des cons\u00e9quences sur vous et sur vos relations. Mais il y a de la lumi\u00e8re au bout du tunnel. Que vous veniez pour vous ou pour votre partenaire, nous voulons vous aider \u00e0 comprendre l\u2019incidence du traitement du cancer de la prostate sur la sant\u00e9 sexuelle et \u00e0 trouver de nouvelles fa\u00e7ons de g\u00e9rer les effets secondaires ind\u00e9sirables. Avec de la patience et d\u2019excellentes options pour contr\u00f4ler et am\u00e9liorer la fonction \u00e9rectile, vous pouvez retrouver une vie sexuelle \u00e9panouie avec \u2014 et apr\u00e8s \u2013 le cancer de la prostate.[\/vc_column_text][\/vc_column][vc_column width=\u00a0\u00bb5\/12&Prime;][vc_single_image image=\u00a0\u00bb2963&Prime; img_size=\u00a0\u00bblarge\u00a0\u00bb el_class=\u00a0\u00bbpage-circle-image\u00a0\u00bb][\/vc_column][\/vc_row][vc_row css=\u00a0\u00bb.vc_custom_1731416878868{padding-bottom: 50px !important;}\u00a0\u00bb][vc_column width=\u00a0\u00bb1\/12&Prime;][\/vc_column][vc_column width=\u00a0\u00bb10\/12&Prime;][vc_video link=\u00a0\u00bbhttps:\/\/player.vimeo.com\/video\/1115761528&Prime;][\/vc_column][vc_column width=\u00a0\u00bb1\/12&Prime;][\/vc_column][\/vc_row][vc_row][vc_column width=\u00a0\u00bb1\/12&Prime;][\/vc_column][vc_column width=\u00a0\u00bb10\/12&Prime;][vc_custom_heading text=\u00a0\u00bbExplorez vos options th\u00e9rapeutiques\u00a0\u00bb font_container=\u00a0\u00bbtag:h2|text_align:center\u00a0\u00bb use_theme_fonts=\u00a0\u00bbyes\u00a0\u00bb el_class=\u00a0\u00bbaccent-line center size-sm\u00a0\u00bb css=\u00a0\u00bb.vc_custom_1733921773312{margin-top: 100px !important;margin-bottom: 50px !important;}\u00a0\u00bb][vc_column_text]<\/p>\n<p style=\"text-align: center;\">Avant de vous engager dans un traitement, vous devez comprendre l\u2019incidence que ce traitement peut avoir sur votre vie sexuelle et vos relations. Par exemple, si l\u2019on vous a diagnostiqu\u00e9 un cancer de la prostate localis\u00e9, vous voudrez peut-\u00eatre vous y attaquer de front avec un traitement agressif, tel que la chirurgie de la prostate ou la radioth\u00e9rapie. Malheureusement, ces deux traitements provoquent souvent des troubles de l\u2019\u00e9rection. Pour de nombreuses personnes, cela peut avoir un impact important sur leur qualit\u00e9 de vie<sup>3<\/sup>\u00a0et la surveillance active peut se r\u00e9v\u00e9ler un choix plus appropri\u00e9<sup>3<\/sup>.<\/p>\n<p>[\/vc_column_text][\/vc_column][vc_column width=\u00a0\u00bb1\/12&Prime;][\/vc_column][\/vc_row][vc_row equal_height=\u00a0\u00bbyes\u00a0\u00bb css=\u00a0\u00bb.vc_custom_1731374027941{padding-bottom: 100px !important;}\u00a0\u00bb][vc_column width=\u00a0\u00bb1\/12&Prime;][\/vc_column][vc_column width=\u00a0\u00bb10\/12&Prime;][vc_column_text el_class=\u00a0\u00bbbox-shadow\u00a0\u00bb css=\u00a0\u00bb.vc_custom_1733922959627{padding-top: 30px !important;padding-right: 50px !important;padding-bottom: 30px !important;padding-left: 50px !important;}\u00a0\u00bb]<\/p>\n<h6>diff\u00e9rentes options th\u00e9rapeutiques<\/h6>\n<p><span style=\"color: #69bfa8;\"><strong>Lorsque vous avez le choix parmi diff\u00e9rentes options th\u00e9rapeutiques, il importe de tenir compte de vos priorit\u00e9s et de vos valeurs et de vous assurer que le traitement propos\u00e9 y r\u00e9pond.<\/strong><\/span><\/p>\n<p>Pr\u00e9f\u00e9rez-vous avoir une longue vie, au cours de laquelle vous devrez g\u00e9rer des effets secondaires difficiles, ou privil\u00e9giez-vous une meilleure qualit\u00e9 de vie au prix d\u2019une long\u00e9vit\u00e9 potentiellement plus courte ? Il s\u2019agit d\u2019une d\u00e9cision tr\u00e8s personnelle, qui doit \u00eatre m\u00fbrement r\u00e9fl\u00e9chie avec l\u2019aide d\u2019un professionnel de la sant\u00e9.<\/p>\n<h6>Vous pourriez \u00e9galement trouver utile de:<\/h6>\n<ul id=\"sh-icon-list\"><\/ul>\n<ul id=\"sh-icon-list\">\n<li>Demander \u00e0 votre m\u00e9decin comment les traitements du cancer de la prostate affecteront votre sant\u00e9 sexuelle<\/li>\n<li>Rejoindre un groupe local de soutien pour b\u00e9n\u00e9ficier des conseils et de l\u2019exp\u00e9rience de ses membres<\/li>\n<li>Discuter de vos pens\u00e9es avec un psychologue<\/li>\n<li>D\u00e9couvrir les t\u00e9moignages d\u2019autres survivants du cancer de la prostate par le biais de podcasts, d\u2019articles et de forums<\/li>\n<\/ul>\n<p>[\/vc_column_text][\/vc_column][vc_column width=\u00a0\u00bb1\/12&Prime;][\/vc_column][\/vc_row][vc_row][vc_column width=\u00a0\u00bb1\/12&Prime;][\/vc_column][vc_column width=\u00a0\u00bb10\/12&Prime;][vc_custom_heading text=\u00a0\u00bbLe saviez-vous\u2009?\u00a0\u00bb font_container=\u00a0\u00bbtag:h2|text_align:center\u00a0\u00bb use_theme_fonts=\u00a0\u00bbyes\u00a0\u00bb el_class=\u00a0\u00bbaccent-line center size-sm\u00a0\u00bb css=\u00a0\u00bb.vc_custom_1688112111674{margin-top: 100px !important;margin-bottom: 50px !important;}\u00a0\u00bb][vc_column_text]<\/p>\n<p style=\"text-align: center;\">Les regrets concernant le choix du traitement du cancer de la prostate sont presque six fois plus fr\u00e9quents chez les personnes qui ont sous-estim\u00e9 les effets secondaires\u00a0possibles<sup>4<\/sup>. Pour g\u00e9rer au mieux vos attentes et prendre une d\u00e9cision en toute connaissance de cause, vous devez parler avec votre m\u00e9decin, lire et vous informer sur les options th\u00e9rapeutiques<\/p>\n<p>[\/vc_column_text][\/vc_column][vc_column width=\u00a0\u00bb1\/12&Prime;][\/vc_column][\/vc_row][vc_row content_placement=\u00a0\u00bbmiddle\u00a0\u00bb css=\u00a0\u00bb.vc_custom_1661956823642{background-image: url(https:\/\/www.oncolifestyle.com\/wp-content\/uploads\/2022\/08\/sh-bg.jpeg?id=351) !important;background-position: center !important;background-repeat: no-repeat !important;background-size: contain !important;}\u00a0\u00bb][vc_column width=\u00a0\u00bb2\/12&Prime;][\/vc_column][vc_column width=\u00a0\u00bb4\/12&Prime; el_class=\u00a0\u00bboverlap\u00a0\u00bb][vc_single_image image=\u00a0\u00bb483&Prime; img_size=\u00a0\u00bbfull\u00a0\u00bb alignment=\u00a0\u00bbright\u00a0\u00bb][\/vc_column][vc_column width=\u00a0\u00bb6\/12&Prime;][\/vc_column][\/vc_row][vc_row css=\u00a0\u00bb.vc_custom_1731373434427{padding-bottom: 250px !important;}\u00a0\u00bb][vc_column width=\u00a0\u00bb1\/12&Prime;][\/vc_column][vc_column width=\u00a0\u00bb10\/12&Prime;][vc_custom_heading text=\u00a0\u00bbD\u00e9couvrez les nouveaut\u00e9s\u00a0\u00bb font_container=\u00a0\u00bbtag:h2|text_align:center\u00a0\u00bb use_theme_fonts=\u00a0\u00bbyes\u00a0\u00bb el_class=\u00a0\u00bbaccent-line center size-sm\u00a0\u00bb css=\u00a0\u00bb.vc_custom_1733920937889{margin-top: 100px !important;margin-bottom: 50px !important;}\u00a0\u00bb][\/vc_column][vc_column width=\u00a0\u00bb1\/12&Prime;][\/vc_column][\/vc_row][vc_row css=\u00a0\u00bb.vc_custom_1732191381652{background-image: url(https:\/\/www.oncolifestyle.com\/wp-content\/uploads\/2022\/11\/news-bg.jpg?id=677) !important;}\u00a0\u00bb el_id=\u00a0\u00bbarticles-row-wrapper\u00a0\u00bb][vc_column][vc_column_text css=\u00a0\u00bb.vc_custom_1732191298854{margin-top: -200px !important;margin-bottom: 80px !important;}\u00a0\u00bb]<div class=\"ajax-posts-container \" id=\"ajax-posts-container-3085145269\" data-feature-first=\"false\"><div class=\"custom-post-grid\" data-categories=\"56\" data-active-categories=\"56\" data-posts-per-page=\"3\" data-limit=\"100\" data-paged=\"1\">\t\t\t<div class=\"custom-post-card\">\n\t\t\t\t\t\t\t\t\t<a class=\"post-thumbnail-wrapper\" href=\"https:\/\/www.oncolifestyle.com\/fr\/sante-sexuelle\/aide-psychologique\/\">\n\t\t\t\t\t\t<img decoding=\"async\" src=\"https:\/\/www.oncolifestyle.com\/wp-content\/uploads\/2024\/11\/marriage-counselor-taking-notes-while-having-meeting-with-couple-office.jpg\" alt=\"Aide psychologique\" class=\"post-thumbnail\" \/>\n\t\t\t\t\t<\/a>\n\t\t\t\t\t\t\t\t<div class=\"post-content\">\n\t\t\t\t\t\t\t\t\t\t\t<span class=\"post-category green-pill\">Sant\u00e9 sexuelle<\/span>\n\t\t\t\t\t\t\t\t\t\n\t\t\t\t\t<h2 class=\"post-title\"><a href=\"https:\/\/www.oncolifestyle.com\/fr\/sante-sexuelle\/aide-psychologique\/\">Aide psychologique<\/a><\/h2>\n\t\t\t\t\t<a href=\"https:\/\/www.oncolifestyle.com\/fr\/sante-sexuelle\/aide-psychologique\/\" class=\"read-more\">En savoir plus<\/a>\n\t\t\t\t<\/div>\n\t\t\t<\/div>\n\t\t\t\t\t\t<div class=\"custom-post-card\">\n\t\t\t\t\t\t\t\t\t<a class=\"post-thumbnail-wrapper\" href=\"https:\/\/www.oncolifestyle.com\/fr\/sante-sexuelle\/retrouver-une-intimite-avec-votre-partenaire\/\">\n\t\t\t\t\t\t<img decoding=\"async\" src=\"https:\/\/www.oncolifestyle.com\/wp-content\/uploads\/2024\/11\/couple-sits-bench-park-smiling-looking-each-other.jpg\" alt=\"Retrouver une intimit\u00e9 avec votre partenaire\" class=\"post-thumbnail\" \/>\n\t\t\t\t\t<\/a>\n\t\t\t\t\t\t\t\t<div class=\"post-content\">\n\t\t\t\t\t\t\t\t\t\t\t<span class=\"post-category green-pill\">Sant\u00e9 sexuelle<\/span>\n\t\t\t\t\t\t\t\t\t\n\t\t\t\t\t<h2 class=\"post-title\"><a href=\"https:\/\/www.oncolifestyle.com\/fr\/sante-sexuelle\/retrouver-une-intimite-avec-votre-partenaire\/\">Retrouver une intimit\u00e9 avec votre partenaire<\/a><\/h2>\n\t\t\t\t\t<a href=\"https:\/\/www.oncolifestyle.com\/fr\/sante-sexuelle\/retrouver-une-intimite-avec-votre-partenaire\/\" class=\"read-more\">En savoir plus<\/a>\n\t\t\t\t<\/div>\n\t\t\t<\/div>\n\t\t\t\t\t\t<div class=\"custom-post-card\">\n\t\t\t\t\t\t\t\t\t<a class=\"post-thumbnail-wrapper\" href=\"https:\/\/www.oncolifestyle.com\/fr\/sante-sexuelle\/traitement-des-troubles-de-lerection\/\">\n\t\t\t\t\t\t<img decoding=\"async\" src=\"https:\/\/www.oncolifestyle.com\/wp-content\/uploads\/2024\/11\/medium-shot-smiley-people-hugging.jpg\" alt=\"Traitement des troubles de l\u2019\u00e9rection\" class=\"post-thumbnail\" \/>\n\t\t\t\t\t<\/a>\n\t\t\t\t\t\t\t\t<div class=\"post-content\">\n\t\t\t\t\t\t\t\t\t\t\t<span class=\"post-category green-pill\">Sant\u00e9 sexuelle<\/span>\n\t\t\t\t\t\t\t\t\t\n\t\t\t\t\t<h2 class=\"post-title\"><a href=\"https:\/\/www.oncolifestyle.com\/fr\/sante-sexuelle\/traitement-des-troubles-de-lerection\/\">Traitement des troubles de l\u2019\u00e9rection<\/a><\/h2>\n\t\t\t\t\t<a href=\"https:\/\/www.oncolifestyle.com\/fr\/sante-sexuelle\/traitement-des-troubles-de-lerection\/\" class=\"read-more\">En savoir plus<\/a>\n\t\t\t\t<\/div>\n\t\t\t<\/div>\n\t\t\t<\/div>\n\t\t<div class=\"vc_btn3-container  view-more-articles vc_btn3-center\" style=\"margin-top: 20px;\">\n\t\t\t<button class=\"load-more vc_general vc_btn3 vc_btn3-size-md vc_btn3-shape-round vc_btn3-style-classic vc_btn3-color-danger\" data-paged=\"2\">Afficher plus d'articles<\/button>\n\t\t<\/div> <\/div>[\/vc_column_text][\/vc_column][\/vc_row][vc_row css=\u00a0\u00bb.vc_custom_1660737759822{margin-top: 50px !important;margin-bottom: 50px !important;}\u00a0\u00bb][vc_column][vc_column_text]<\/p>\n<h6 style=\"text-align: center;\">NOS SOURCES<\/h6>\n<p style=\"text-align: center;\"><span class=\"sources-btn show-source\">D\u2019o\u00f9 proviennent ces informations\u2009?<\/span><\/p>\n<p>[\/vc_column_text][\/vc_column][\/vc_row][vc_row full_width=\u00a0\u00bbstretch_row\u00a0\u00bb el_class=\u00a0\u00bbsource\u00a0\u00bb][vc_column][vc_raw_html]JTNDZGl2JTIwY2xhc3MlM0QlMjJzdmdfX3dyYXBwZXIlMjBjbG9zZS1zb3VyY2UlMjIlM0UlMEElM0NzdmclMjBjbGFzcyUzRCUyMmljb24lMjBpY29uLS1jbG9zZSUyMiUyMGFyaWEtaGlkZGVuJTNEJTIydHJ1ZSUyMiUyMHJvbGUlM0QlMjJpbWclMjIlM0UlM0N1c2UlMjB4bGluayUzQWhyZWYlM0QlMjIlMjNpY29uLWNsb3NlJTIyJTNFJTNDJTJGdXNlJTNFJTNDJTJGc3ZnJTNFJTBBJTNDJTJGZGl2JTNFJTBB[\/vc_raw_html][vc_column_text]<\/p>\n<h6 class=\"accent-line\">NOS SOURCES<\/h6>\n<h4><strong>D\u2019o\u00f9 proviennent ces informations\u2009?<\/strong><\/h4>\n<ol>\n<li style=\"list-style-type: none;\">\n<ol>\n<li>Smith, L. et al. Sexual Activity is Associated with Greater Enjoyment of Life in Older Adults. Sex. Med. 7, 11\u201318 (2019).<\/li>\n<li>Brody, S. The Relative Health Benefits of Different Sexual Activities. J. Sex. Med. 7, 1336\u20131361 (2010).<\/li>\n<li>EUPROMS. Europa Uomo\u2019s study on quality of life after prostate cancer treatment: summary of findings. https:\/\/www.europa-uomo.org\/wp-content\/uploads\/2021\/07\/EU_booklet_5July_web.pdf.<\/li>\n<li>Wallis, C. J. D. et al. Association of Treatment Modality, Functional Outcomes, and Baseline Characteristics With Treatment-Related Regret Among Men With Localized Prostate Cancer. JAMA Oncol. 8, 50 (2022).<\/li>\n<\/ol>\n<\/li>\n<\/ol>\n<p>[\/vc_column_text][\/vc_column][\/vc_row]<\/p>\n<\/div>","protected":false},"excerpt":{"rendered":"<p>[vc_row full_width=\u00a0\u00bbstretch_row\u00a0\u00bb css=\u00a0\u00bb.vc_custom_1660927072894{background-image: url(https:\/\/www.oncolifestyle.com\/wp-content\/uploads\/2022\/08\/banner-sexual-health.jpg?id=110) !important;background-position: center !important;background-repeat: no-repeat !important;background-size: cover !important;}\u00a0\u00bb][vc_column width=\u00a0\u00bb1\/12&Prime;][\/vc_column][vc_column width=\u00a0\u00bb10\/12&Prime;][vc_empty_space height=\u00a0\u00bb22vw\u00a0\u00bb][vc_custom_heading source=\u00a0\u00bbpost_title\u00a0\u00bb font_container=\u00a0\u00bbtag:h1|text_align:left|color:%23ffffff\u00a0\u00bb use_theme_fonts=\u00a0\u00bbyes\u00a0\u00bb css=\u00a0\u00bb.vc_custom_1688539844921{margin-top: 0px !important;margin-bottom: [&hellip;]<\/p>\n","protected":false},"author":1,"featured_media":0,"parent":379,"menu_order":0,"comment_status":"closed","ping_status":"closed","template":"template-fullwidth.php","meta":{"_acf_changed":false,"inline_featured_image":false,"footnotes":""},"class_list":["post-391","page","type-page","status-publish","hentry"],"acf":[],"yoast_head":"<!-- This site is optimized with the Yoast SEO plugin v23.8 - https:\/\/yoast.com\/wordpress\/plugins\/seo\/ -->\n<title>Sant\u00e9 sexuelle apr\u00e8s un cancer de la prostate | Oncolifestyle<\/title>\n<meta name=\"description\" content=\"D\u00e9couvrez comment les diff\u00e9rents traitements du cancer de la prostate peuvent affecter votre sant\u00e9 sexuelle et comment retrouver une vie sexuelle saine.\" \/>\n<meta name=\"robots\" content=\"index, follow, max-snippet:-1, max-image-preview:large, max-video-preview:-1\" \/>\n<link rel=\"canonical\" href=\"https:\/\/www.oncolifestyle.com\/fr\/cancer-de-la-prostate\/sante-sexuelle\/\" \/>\n<meta property=\"og:locale\" content=\"fr_FR\" \/>\n<meta property=\"og:type\" content=\"article\" \/>\n<meta property=\"og:title\" content=\"Sant\u00e9 sexuelle apr\u00e8s un cancer de la prostate | Oncolifestyle\" \/>\n<meta property=\"og:description\" content=\"D\u00e9couvrez comment les diff\u00e9rents traitements du cancer de la prostate peuvent affecter votre sant\u00e9 sexuelle et comment retrouver une vie sexuelle saine.\" \/>\n<meta property=\"og:url\" content=\"https:\/\/www.oncolifestyle.com\/fr\/cancer-de-la-prostate\/sante-sexuelle\/\" \/>\n<meta property=\"og:site_name\" content=\"Oncolifestyle\" \/>\n<meta property=\"article:modified_time\" content=\"2025-09-11T11:53:00+00:00\" \/>\n<meta name=\"twitter:card\" content=\"summary_large_image\" \/>\n<meta name=\"twitter:label1\" content=\"Dur\u00e9e de lecture estim\u00e9e\" \/>\n\t<meta name=\"twitter:data1\" content=\"4 minutes\" \/>\n<script type=\"application\/ld+json\" class=\"yoast-schema-graph\">{\"@context\":\"https:\/\/schema.org\",\"@graph\":[{\"@type\":\"WebPage\",\"@id\":\"https:\/\/www.oncolifestyle.com\/fr\/cancer-de-la-prostate\/sante-sexuelle\/\",\"url\":\"https:\/\/www.oncolifestyle.com\/fr\/cancer-de-la-prostate\/sante-sexuelle\/\",\"name\":\"Sant\u00e9 sexuelle apr\u00e8s un cancer de la prostate | Oncolifestyle\",\"isPartOf\":{\"@id\":\"https:\/\/www.oncolifestyle.com\/fr\/#website\"},\"datePublished\":\"2022-08-08T09:32:21+00:00\",\"dateModified\":\"2025-09-11T11:53:00+00:00\",\"description\":\"D\u00e9couvrez comment les diff\u00e9rents traitements du cancer de la prostate peuvent affecter votre sant\u00e9 sexuelle et comment retrouver une vie sexuelle saine.\",\"breadcrumb\":{\"@id\":\"https:\/\/www.oncolifestyle.com\/fr\/cancer-de-la-prostate\/sante-sexuelle\/#breadcrumb\"},\"inLanguage\":\"fr-FR\",\"potentialAction\":[{\"@type\":\"ReadAction\",\"target\":[\"https:\/\/www.oncolifestyle.com\/fr\/cancer-de-la-prostate\/sante-sexuelle\/\"]}]},{\"@type\":\"BreadcrumbList\",\"@id\":\"https:\/\/www.oncolifestyle.com\/fr\/cancer-de-la-prostate\/sante-sexuelle\/#breadcrumb\",\"itemListElement\":[{\"@type\":\"ListItem\",\"position\":1,\"name\":\"Home\",\"item\":\"https:\/\/www.oncolifestyle.com\/fr\/\"},{\"@type\":\"ListItem\",\"position\":2,\"name\":\"Cancer de la Prostate\",\"item\":\"https:\/\/www.oncolifestyle.com\/fr\/cancer-de-la-prostate\/\"},{\"@type\":\"ListItem\",\"position\":3,\"name\":\"Sant\u00e9 sexuelle\"}]},{\"@type\":\"WebSite\",\"@id\":\"https:\/\/www.oncolifestyle.com\/fr\/#website\",\"url\":\"https:\/\/www.oncolifestyle.com\/fr\/\",\"name\":\"Oncolifestyle\",\"description\":\"Helping people with cancer live well\",\"publisher\":{\"@id\":\"https:\/\/www.oncolifestyle.com\/fr\/#organization\"},\"potentialAction\":[{\"@type\":\"SearchAction\",\"target\":{\"@type\":\"EntryPoint\",\"urlTemplate\":\"https:\/\/www.oncolifestyle.com\/fr\/?s={search_term_string}\"},\"query-input\":{\"@type\":\"PropertyValueSpecification\",\"valueRequired\":true,\"valueName\":\"search_term_string\"}}],\"inLanguage\":\"fr-FR\"},{\"@type\":\"Organization\",\"@id\":\"https:\/\/www.oncolifestyle.com\/fr\/#organization\",\"name\":\"Oncolifestyle\",\"url\":\"https:\/\/www.oncolifestyle.com\/fr\/\",\"logo\":{\"@type\":\"ImageObject\",\"inLanguage\":\"fr-FR\",\"@id\":\"https:\/\/www.oncolifestyle.com\/fr\/#\/schema\/logo\/image\/\",\"url\":\"https:\/\/www.oncolifestyle.com\/wp-content\/uploads\/2022\/08\/ONCO_LOGO_RGB_horizontal.png\",\"contentUrl\":\"https:\/\/www.oncolifestyle.com\/wp-content\/uploads\/2022\/08\/ONCO_LOGO_RGB_horizontal.png\",\"width\":2062,\"height\":434,\"caption\":\"Oncolifestyle\"},\"image\":{\"@id\":\"https:\/\/www.oncolifestyle.com\/fr\/#\/schema\/logo\/image\/\"}}]}<\/script>\n<!-- \/ Yoast SEO plugin. -->","yoast_head_json":{"title":"Sant\u00e9 sexuelle apr\u00e8s un cancer de la prostate | Oncolifestyle","description":"D\u00e9couvrez comment les diff\u00e9rents traitements du cancer de la prostate peuvent affecter votre sant\u00e9 sexuelle et comment retrouver une vie sexuelle saine.","robots":{"index":"index","follow":"follow","max-snippet":"max-snippet:-1","max-image-preview":"max-image-preview:large","max-video-preview":"max-video-preview:-1"},"canonical":"https:\/\/www.oncolifestyle.com\/fr\/cancer-de-la-prostate\/sante-sexuelle\/","og_locale":"fr_FR","og_type":"article","og_title":"Sant\u00e9 sexuelle apr\u00e8s un cancer de la prostate | Oncolifestyle","og_description":"D\u00e9couvrez comment les diff\u00e9rents traitements du cancer de la prostate peuvent affecter votre sant\u00e9 sexuelle et comment retrouver une vie sexuelle saine.","og_url":"https:\/\/www.oncolifestyle.com\/fr\/cancer-de-la-prostate\/sante-sexuelle\/","og_site_name":"Oncolifestyle","article_modified_time":"2025-09-11T11:53:00+00:00","twitter_card":"summary_large_image","twitter_misc":{"Dur\u00e9e de lecture estim\u00e9e":"4 minutes"},"schema":{"@context":"https:\/\/schema.org","@graph":[{"@type":"WebPage","@id":"https:\/\/www.oncolifestyle.com\/fr\/cancer-de-la-prostate\/sante-sexuelle\/","url":"https:\/\/www.oncolifestyle.com\/fr\/cancer-de-la-prostate\/sante-sexuelle\/","name":"Sant\u00e9 sexuelle apr\u00e8s un cancer de la prostate | Oncolifestyle","isPartOf":{"@id":"https:\/\/www.oncolifestyle.com\/fr\/#website"},"datePublished":"2022-08-08T09:32:21+00:00","dateModified":"2025-09-11T11:53:00+00:00","description":"D\u00e9couvrez comment les diff\u00e9rents traitements du cancer de la prostate peuvent affecter votre sant\u00e9 sexuelle et comment retrouver une vie sexuelle saine.","breadcrumb":{"@id":"https:\/\/www.oncolifestyle.com\/fr\/cancer-de-la-prostate\/sante-sexuelle\/#breadcrumb"},"inLanguage":"fr-FR","potentialAction":[{"@type":"ReadAction","target":["https:\/\/www.oncolifestyle.com\/fr\/cancer-de-la-prostate\/sante-sexuelle\/"]}]},{"@type":"BreadcrumbList","@id":"https:\/\/www.oncolifestyle.com\/fr\/cancer-de-la-prostate\/sante-sexuelle\/#breadcrumb","itemListElement":[{"@type":"ListItem","position":1,"name":"Home","item":"https:\/\/www.oncolifestyle.com\/fr\/"},{"@type":"ListItem","position":2,"name":"Cancer de la Prostate","item":"https:\/\/www.oncolifestyle.com\/fr\/cancer-de-la-prostate\/"},{"@type":"ListItem","position":3,"name":"Sant\u00e9 sexuelle"}]},{"@type":"WebSite","@id":"https:\/\/www.oncolifestyle.com\/fr\/#website","url":"https:\/\/www.oncolifestyle.com\/fr\/","name":"Oncolifestyle","description":"Helping people with cancer live well","publisher":{"@id":"https:\/\/www.oncolifestyle.com\/fr\/#organization"},"potentialAction":[{"@type":"SearchAction","target":{"@type":"EntryPoint","urlTemplate":"https:\/\/www.oncolifestyle.com\/fr\/?s={search_term_string}"},"query-input":{"@type":"PropertyValueSpecification","valueRequired":true,"valueName":"search_term_string"}}],"inLanguage":"fr-FR"},{"@type":"Organization","@id":"https:\/\/www.oncolifestyle.com\/fr\/#organization","name":"Oncolifestyle","url":"https:\/\/www.oncolifestyle.com\/fr\/","logo":{"@type":"ImageObject","inLanguage":"fr-FR","@id":"https:\/\/www.oncolifestyle.com\/fr\/#\/schema\/logo\/image\/","url":"https:\/\/www.oncolifestyle.com\/wp-content\/uploads\/2022\/08\/ONCO_LOGO_RGB_horizontal.png","contentUrl":"https:\/\/www.oncolifestyle.com\/wp-content\/uploads\/2022\/08\/ONCO_LOGO_RGB_horizontal.png","width":2062,"height":434,"caption":"Oncolifestyle"},"image":{"@id":"https:\/\/www.oncolifestyle.com\/fr\/#\/schema\/logo\/image\/"}}]}},"_links":{"self":[{"href":"https:\/\/www.oncolifestyle.com\/fr\/wp-json\/wp\/v2\/pages\/391","targetHints":{"allow":["GET"]}}],"collection":[{"href":"https:\/\/www.oncolifestyle.com\/fr\/wp-json\/wp\/v2\/pages"}],"about":[{"href":"https:\/\/www.oncolifestyle.com\/fr\/wp-json\/wp\/v2\/types\/page"}],"author":[{"embeddable":true,"href":"https:\/\/www.oncolifestyle.com\/fr\/wp-json\/wp\/v2\/users\/1"}],"replies":[{"embeddable":true,"href":"https:\/\/www.oncolifestyle.com\/fr\/wp-json\/wp\/v2\/comments?post=391"}],"version-history":[{"count":15,"href":"https:\/\/www.oncolifestyle.com\/fr\/wp-json\/wp\/v2\/pages\/391\/revisions"}],"predecessor-version":[{"id":3990,"href":"https:\/\/www.oncolifestyle.com\/fr\/wp-json\/wp\/v2\/pages\/391\/revisions\/3990"}],"up":[{"embeddable":true,"href":"https:\/\/www.oncolifestyle.com\/fr\/wp-json\/wp\/v2\/pages\/379"}],"wp:attachment":[{"href":"https:\/\/www.oncolifestyle.com\/fr\/wp-json\/wp\/v2\/media?parent=391"}],"curies":[{"name":"wp","href":"https:\/\/api.w.org\/{rel}","templated":true}]}}