{"id":2770,"date":"2024-11-11T12:10:20","date_gmt":"2024-11-11T12:10:20","guid":{"rendered":"https:\/\/www.oncolifestyle.com\/?page_id=2770"},"modified":"2024-12-05T11:27:49","modified_gmt":"2024-12-05T11:27:49","slug":"salute-mentale","status":"publish","type":"page","link":"https:\/\/www.oncolifestyle.com\/it\/salute-mentale\/","title":{"rendered":"Salute mentale"},"content":{"rendered":"<div class=\"wpb-content-wrapper\"><p>[vc_row full_width=&#8221;stretch_row&#8221; css=&#8221;.vc_custom_1731326984151{background-image: url(https:\/\/www.oncolifestyle.com\/wp-content\/uploads\/2024\/11\/mental-health-banner.jpg?id=2778) !important;background-position: center !important;background-repeat: no-repeat !important;background-size: cover !important;}&#8221; el_class=&#8221;page-banner&#8221;][vc_column width=&#8221;1\/12&#8243;][\/vc_column][vc_column width=&#8221;7\/12&#8243;][vc_empty_space height=&#8221;17vw&#8221;][vc_custom_heading text=&#8221;Salute mentale&#8221; font_container=&#8221;tag:h1|text_align:left|color:%23ffffff&#8221; use_theme_fonts=&#8221;yes&#8221; css=&#8221;.vc_custom_1733397704731{margin-top: 0px !important;}&#8221;][vc_empty_space height=&#8221;5vw&#8221;][\/vc_column][vc_column width=&#8221;3\/12&#8243;][\/vc_column][vc_column width=&#8221;1\/12&#8243;][\/vc_column][\/vc_row][vc_row][vc_column width=&#8221;1\/12&#8243;][\/vc_column][vc_column width=&#8221;1\/2&#8243;][vc_column_text el_class=&#8221;breadcrumbs&#8221;]<!-- Breadcrumb NavXT 7.3.1 -->\n<span property=\"itemListElement\" typeof=\"ListItem\"><a property=\"item\" typeof=\"WebPage\" title=\"Vai a Oncolifestyle.\" href=\"https:\/\/www.oncolifestyle.com\/it\/\" class=\"home\" aria-current=\"page\"><span property=\"name\">Oncolifestyle<\/span><\/a><meta property=\"position\" content=\"1\"><\/span>[\/vc_column_text][vc_column_text css=&#8221;.vc_custom_1733397826405{margin-top: 50px !important;}&#8221;]<\/p>\n<h6 class=\"green-pill\">Oltre la diagnosi<\/h6>\n<h2>Mantenere il cervello in salute e in forma<\/h2>\n<p class=\"p1\">Mantenere il cervello in buona forma \u00e8 molto importante. Il cervello \u00e8 il centro di controllo di tutto il corpo, la fonte di tutto ci\u00f2 che pensi, senti e fai, ed \u00e8 fondamentale per il tuo benessere generale. Quando si convive con il cancro, si potrebbe pensare che la salute del cervello venga dopo la salute fisica, invece sono entrambe essenziali. In effetti il cervello e il corpo sono cos\u00ec strettamente interconnessi, che le azioni a beneficio dell\u2019uno di solito avvantaggiano anche l\u2019altro.<\/p>\n<p class=\"p2\">Che sia per te stesso o per qualcun altro, \u00e8 importante comprendere gli effetti che il cancro e i trattamenti possono avere sul cervello e come questi possano influire sulla vita quotidiana. Dagli effetti collaterali cognitivi di alcuni trattamenti alle sfide emotive legate all&#8217;affrontare il cancro, siamo qui per aiutarti a prendere l\u2019iniziativa e a trovare nuovi modi per vivere in modo positivo.<\/p>\n<p>[\/vc_column_text][\/vc_column][vc_column width=&#8221;5\/12&#8243;][vc_single_image image=&#8221;2772&#8243; img_size=&#8221;large&#8221; el_class=&#8221;page-circle-image&#8221;][\/vc_column][\/vc_row][vc_row][vc_column][vc_custom_heading text=&#8221;Scoprite le novit\u00e0&#8221; font_container=&#8221;tag:h2|text_align:center&#8221; use_theme_fonts=&#8221;yes&#8221; el_class=&#8221;accent-line center&#8221; css=&#8221;.vc_custom_1733397843219{margin-top: 100px !important;margin-bottom: 100px !important;}&#8221;][\/vc_column][\/vc_row][vc_row][vc_column][vc_column_text]<div class=\"category-filter-bar\" data-container-id=\"ajax-posts-container-2249194198\" data-posts-per-page=\"5\" data-limit=\"100\"><span>Filtra per:<\/span> <a href=\"#\" class=\"filter-link active\" data-category=\"53,55,81\">Tutti<\/a> <a href=\"#\" class=\"filter-link\" data-category=\"53\">Salute cognitiva<\/a> <a href=\"#\" class=\"filter-link\" data-category=\"55\">Salute emotiva<\/a> <\/div><div class=\"ajax-posts-container feature-first\" id=\"ajax-posts-container-2249194198\" data-feature-first=\"true\"><div class=\"custom-post-grid\" data-categories=\"53,55,81\" data-active-categories=\"53,55,81\" data-posts-per-page=\"5\" data-limit=\"100\" data-paged=\"1\">\t\t\t<div class=\"custom-post-card\">\n\t\t\t\t\t\t\t\t\t<a class=\"post-thumbnail-wrapper\" href=\"https:\/\/www.oncolifestyle.com\/it\/salute-mentale-general\/affrontare-il-tumore\/\">\n\t\t\t\t\t\t<img decoding=\"async\" src=\"https:\/\/www.oncolifestyle.com\/wp-content\/uploads\/2024\/11\/shutterstock_2476888627.jpg\" alt=\"Affrontare il tumore\" class=\"post-thumbnail\" \/>\n\t\t\t\t\t<\/a>\n\t\t\t\t\t\t\t\t<div class=\"post-content\">\n\t\t\t\t\t\t\t\t\t\t\t<span class=\"post-category green-pill\">AGIRE<\/span>\n\t\t\t\t\t\t\t\t\t\n\t\t\t\t\t<h2 class=\"post-title\"><a href=\"https:\/\/www.oncolifestyle.com\/it\/salute-mentale-general\/affrontare-il-tumore\/\">Affrontare il tumore<\/a><\/h2>\n\t\t\t\t\t<a href=\"https:\/\/www.oncolifestyle.com\/it\/salute-mentale-general\/affrontare-il-tumore\/\" class=\"read-more\">Scopri di pi\u00f9<\/a>\n\t\t\t\t<\/div>\n\t\t\t<\/div>\n\t\t\t\t\t\t<div class=\"custom-post-card\">\n\t\t\t\t\t\t\t\t\t<a class=\"post-thumbnail-wrapper\" href=\"https:\/\/www.oncolifestyle.com\/it\/salute-cognitiva\/9-consigli-per-migliorare-la-concentrazione\/\">\n\t\t\t\t\t\t<img decoding=\"async\" src=\"https:\/\/www.oncolifestyle.com\/wp-content\/uploads\/2024\/11\/happy-lady-seated-sofa-indoors.jpg\" alt=\"9 consigli per migliorare la concentrazione\" class=\"post-thumbnail\" \/>\n\t\t\t\t\t<\/a>\n\t\t\t\t\t\t\t\t<div class=\"post-content\">\n\t\t\t\t\t\t\t\t\t\t\t<span class=\"post-category green-pill\">Salute cognitiva<\/span>\n\t\t\t\t\t\t\t\t\t\n\t\t\t\t\t<h2 class=\"post-title\"><a href=\"https:\/\/www.oncolifestyle.com\/it\/salute-cognitiva\/9-consigli-per-migliorare-la-concentrazione\/\">9 consigli per migliorare la concentrazione<\/a><\/h2>\n\t\t\t\t\t<a href=\"https:\/\/www.oncolifestyle.com\/it\/salute-cognitiva\/9-consigli-per-migliorare-la-concentrazione\/\" class=\"read-more\">Scopri di pi\u00f9<\/a>\n\t\t\t\t<\/div>\n\t\t\t<\/div>\n\t\t\t\t\t\t<div class=\"custom-post-card\">\n\t\t\t\t\t\t\t\t\t<a class=\"post-thumbnail-wrapper\" href=\"https:\/\/www.oncolifestyle.com\/it\/salute-cognitiva\/che-cosa-posso-fare-per-prevenire-la-perdita-di-memoria\/\">\n\t\t\t\t\t\t<img decoding=\"async\" src=\"https:\/\/www.oncolifestyle.com\/wp-content\/uploads\/2024\/11\/old-couple-spending-leisure-time-home.jpg\" alt=\"Che cosa posso fare per prevenire la perdita di memoria?\" class=\"post-thumbnail\" \/>\n\t\t\t\t\t<\/a>\n\t\t\t\t\t\t\t\t<div class=\"post-content\">\n\t\t\t\t\t\t\t\t\t\t\t<span class=\"post-category green-pill\">Salute cognitiva<\/span>\n\t\t\t\t\t\t\t\t\t\n\t\t\t\t\t<h2 class=\"post-title\"><a href=\"https:\/\/www.oncolifestyle.com\/it\/salute-cognitiva\/che-cosa-posso-fare-per-prevenire-la-perdita-di-memoria\/\">Che cosa posso fare per prevenire la perdita di memoria?<\/a><\/h2>\n\t\t\t\t\t<a href=\"https:\/\/www.oncolifestyle.com\/it\/salute-cognitiva\/che-cosa-posso-fare-per-prevenire-la-perdita-di-memoria\/\" class=\"read-more\">Scopri di pi\u00f9<\/a>\n\t\t\t\t<\/div>\n\t\t\t<\/div>\n\t\t\t\t\t\t<div class=\"custom-post-card\">\n\t\t\t\t\t\t\t\t\t<a class=\"post-thumbnail-wrapper\" href=\"https:\/\/www.oncolifestyle.com\/it\/benessere-emotivo\/che-cosa-puo-fare-un-counsellor-per-te\/\">\n\t\t\t\t\t\t<img decoding=\"async\" src=\"https:\/\/www.oncolifestyle.com\/wp-content\/uploads\/2024\/08\/man-sitting-psychologist-s-office-talking-about-problems.jpg\" alt=\"Che cosa pu\u00f2 fare un counsellor per te?\" class=\"post-thumbnail\" \/>\n\t\t\t\t\t<\/a>\n\t\t\t\t\t\t\t\t<div class=\"post-content\">\n\t\t\t\t\t\t\t\t\t\t\t<span class=\"post-category green-pill\">Salute emotiva<\/span>\n\t\t\t\t\t\t\t\t\t\n\t\t\t\t\t<h2 class=\"post-title\"><a href=\"https:\/\/www.oncolifestyle.com\/it\/benessere-emotivo\/che-cosa-puo-fare-un-counsellor-per-te\/\">Che cosa pu\u00f2 fare un counsellor per te?<\/a><\/h2>\n\t\t\t\t\t<a href=\"https:\/\/www.oncolifestyle.com\/it\/benessere-emotivo\/che-cosa-puo-fare-un-counsellor-per-te\/\" class=\"read-more\">Scopri di pi\u00f9<\/a>\n\t\t\t\t<\/div>\n\t\t\t<\/div>\n\t\t\t\t\t\t<div class=\"custom-post-card\">\n\t\t\t\t\t\t\t\t\t<a class=\"post-thumbnail-wrapper\" href=\"https:\/\/www.oncolifestyle.com\/it\/benessere-emotivo\/i-benefici-degli-esercizi-di-rilassamento\/\">\n\t\t\t\t\t\t<img decoding=\"async\" src=\"https:\/\/www.oncolifestyle.com\/wp-content\/uploads\/2024\/08\/group-young-sporty-people-sitting-sukhasana-close-up.jpg\" alt=\"I benefici degli esercizi di rilassamento\" class=\"post-thumbnail\" \/>\n\t\t\t\t\t<\/a>\n\t\t\t\t\t\t\t\t<div class=\"post-content\">\n\t\t\t\t\t\t\t\t\t\t\t<span class=\"post-category green-pill\">Salute emotiva<\/span>\n\t\t\t\t\t\t\t\t\t\n\t\t\t\t\t<h2 class=\"post-title\"><a href=\"https:\/\/www.oncolifestyle.com\/it\/benessere-emotivo\/i-benefici-degli-esercizi-di-rilassamento\/\">I benefici degli esercizi di rilassamento<\/a><\/h2>\n\t\t\t\t\t<a href=\"https:\/\/www.oncolifestyle.com\/it\/benessere-emotivo\/i-benefici-degli-esercizi-di-rilassamento\/\" class=\"read-more\">Scopri di pi\u00f9<\/a>\n\t\t\t\t<\/div>\n\t\t\t<\/div>\n\t\t\t<\/div>\n\t\t<div class=\"vc_btn3-container  view-more-articles vc_btn3-center\" style=\"margin-top: 20px;\">\n\t\t\t<button class=\"load-more vc_general vc_btn3 vc_btn3-size-md vc_btn3-shape-round vc_btn3-style-classic vc_btn3-color-danger\" data-paged=\"2\">Visualizza altri articoli<\/button>\n\t\t<\/div> <\/div>[\/vc_column_text][\/vc_column][\/vc_row][vc_row][vc_column][vc_custom_heading text=&#8221;Esplora di pi\u00f9&#8221; font_container=&#8221;tag:h2|text_align:center&#8221; use_theme_fonts=&#8221;yes&#8221; el_class=&#8221;accent-line center&#8221; css=&#8221;.vc_custom_1733397859027{margin-top: 130px !important;padding-bottom: 150px !important;}&#8221;][\/vc_column][\/vc_row][vc_row gap=&#8221;30&#8243; equal_height=&#8221;yes&#8221; css=&#8221;.vc_custom_1731312530635{padding-bottom: 100px !important;background-image: url(https:\/\/www.oncolifestyle.com\/wp-content\/uploads\/2022\/08\/news-bg.jpg?id=148) !important;background-position: 0 0 !important;background-repeat: no-repeat !important;}&#8221; el_class=&#8221;explore-cards&#8221;][vc_column width=&#8221;1\/2&#8243; css=&#8221;.vc_custom_1731331520245{margin-top: -100px !important;background-image: url(https:\/\/www.oncolifestyle.com\/wp-content\/uploads\/2024\/11\/nutrition-card-bg.jpg?id=2715) !important;background-position: center !important;background-repeat: no-repeat !important;background-size: cover !important;}&#8221; el_class=&#8221;home-cards&#8221;][vc_single_image image=&#8221;2733&#8243; img_size=&#8221;210&#215;270&#8243; alignment=&#8221;right&#8221;][vc_column_text]<\/p>\n<h4>NUTRIZIONE<\/h4>\n<p>Scopri come la dieta e le scelte nutrizionali possono aiutarti a vivere meglio con il tumore.[\/vc_column_text][vc_btn title=&#8221;Scopri di pi\u00f9&#8221; style=&#8221;classic&#8221; shape=&#8221;square&#8221; color=&#8221;white&#8221; link=&#8221;url:https%3A%2F%2Fwww.oncolifestyle.com%2Fit%2Fnutrizione%2F|title:Nutrition&#8221;][\/vc_column][vc_column width=&#8221;1\/2&#8243; css=&#8221;.vc_custom_1731331607590{margin-top: -100px !important;background-image: url(https:\/\/www.oncolifestyle.com\/wp-content\/uploads\/2024\/11\/physical-activity-card-bg.jpg?id=2721) !important;background-position: center !important;background-repeat: no-repeat !important;background-size: cover !important;}&#8221; el_class=&#8221;home-cards&#8221;][vc_single_image image=&#8221;2739&#8243; img_size=&#8221;200&#215;220&#8243; alignment=&#8221;right&#8221;][vc_column_text]<\/p>\n<h4>ATTIVIT\u00c0 FISICA<\/h4>\n<p>Scopri come mantenerti fisicamente attivo pu\u00f2 migliorare il tuo benessere fisico, mentale e sociale.[\/vc_column_text][vc_btn title=&#8221;Scopri di pi\u00f9&#8221; style=&#8221;classic&#8221; shape=&#8221;square&#8221; color=&#8221;white&#8221; link=&#8221;url:https%3A%2F%2Fwww.oncolifestyle.com%2Fit%2Ftumore-alla-prostata%2Fattivita-fisica%2F|title:Physical%20activity&#8221;][\/vc_column][\/vc_row][vc_row css=&#8221;.vc_custom_1731277799166{padding-top: 100px !important;padding-bottom: 100px !important;}&#8221;][vc_column width=&#8221;1\/12&#8243;][\/vc_column][vc_column width=&#8221;10\/12&#8243;][vc_custom_heading text=&#8221;Informazioni di cui ti puoi fidare&#8221; font_container=&#8221;tag:h2|text_align:center&#8221; use_theme_fonts=&#8221;yes&#8221; el_class=&#8221;accent-line center size-sm&#8221;][vc_column_text]<\/p>\n<p style=\"text-align: center;\">Si sentono e leggono talmente tante opinioni diverse, che pu\u00f2 essere difficile sapere a chi affidarsi. Noi di Oncolifestyle facciamo del nostro meglio per fornirti informazioni scientifiche compilate pensando alla tua salute.<\/p>\n<p>[\/vc_column_text][\/vc_column][vc_column width=&#8221;1\/12&#8243;][\/vc_column][\/vc_row]<\/p>\n<\/div>","protected":false},"excerpt":{"rendered":"<p>[vc_row full_width=&#8221;stretch_row&#8221; css=&#8221;.vc_custom_1731326984151{background-image: url(https:\/\/www.oncolifestyle.com\/wp-content\/uploads\/2024\/11\/mental-health-banner.jpg?id=2778) !important;background-position: center !important;background-repeat: no-repeat !important;background-size: cover !important;}&#8221; el_class=&#8221;page-banner&#8221;][vc_column width=&#8221;1\/12&#8243;][\/vc_column][vc_column width=&#8221;7\/12&#8243;][vc_empty_space height=&#8221;17vw&#8221;][vc_custom_heading text=&#8221;Salute mentale&#8221; font_container=&#8221;tag:h1|text_align:left|color:%23ffffff&#8221; use_theme_fonts=&#8221;yes&#8221; css=&#8221;.vc_custom_1733397704731{margin-top: [&hellip;]<\/p>\n","protected":false},"author":1,"featured_media":0,"parent":0,"menu_order":0,"comment_status":"closed","ping_status":"closed","template":"template-fullwidth.php","meta":{"_acf_changed":false,"inline_featured_image":false,"footnotes":""},"class_list":["post-2770","page","type-page","status-publish","hentry"],"acf":[],"yoast_head":"<!-- This site is optimized with the Yoast SEO plugin v23.8 - https:\/\/yoast.com\/wordpress\/plugins\/seo\/ -->\n<title>Salute mentale durante e dopo il cancro | Oncolifestyle<\/title>\n<meta name=\"description\" content=\"Supporto e orientamento per la salute mentale durante e dopo il cancro, con risorse pratiche per il benessere emotivo.\" \/>\n<meta name=\"robots\" content=\"index, follow, max-snippet:-1, max-image-preview:large, max-video-preview:-1\" \/>\n<link rel=\"canonical\" href=\"https:\/\/www.oncolifestyle.com\/it\/salute-mentale\/\" \/>\n<meta property=\"og:locale\" content=\"it_IT\" \/>\n<meta property=\"og:type\" content=\"article\" \/>\n<meta property=\"og:title\" content=\"Salute mentale durante e dopo il cancro | Oncolifestyle\" \/>\n<meta property=\"og:description\" content=\"Supporto e orientamento per la salute mentale durante e dopo il cancro, con risorse pratiche per il benessere emotivo.\" \/>\n<meta property=\"og:url\" content=\"https:\/\/www.oncolifestyle.com\/it\/salute-mentale\/\" \/>\n<meta property=\"og:site_name\" content=\"Oncolifestyle\" \/>\n<meta property=\"article:modified_time\" content=\"2024-12-05T11:27:49+00:00\" \/>\n<meta name=\"twitter:card\" content=\"summary_large_image\" \/>\n<meta name=\"twitter:label1\" content=\"Tempo di lettura stimato\" \/>\n\t<meta name=\"twitter:data1\" content=\"3 minuti\" \/>\n<script type=\"application\/ld+json\" class=\"yoast-schema-graph\">{\"@context\":\"https:\/\/schema.org\",\"@graph\":[{\"@type\":\"WebPage\",\"@id\":\"https:\/\/www.oncolifestyle.com\/it\/salute-mentale\/\",\"url\":\"https:\/\/www.oncolifestyle.com\/it\/salute-mentale\/\",\"name\":\"Salute mentale durante e dopo il cancro | Oncolifestyle\",\"isPartOf\":{\"@id\":\"https:\/\/www.oncolifestyle.com\/it\/#website\"},\"datePublished\":\"2024-11-11T12:10:20+00:00\",\"dateModified\":\"2024-12-05T11:27:49+00:00\",\"description\":\"Supporto e orientamento per la salute mentale durante e dopo il cancro, con risorse pratiche per il benessere emotivo.\",\"breadcrumb\":{\"@id\":\"https:\/\/www.oncolifestyle.com\/it\/salute-mentale\/#breadcrumb\"},\"inLanguage\":\"it-IT\",\"potentialAction\":[{\"@type\":\"ReadAction\",\"target\":[\"https:\/\/www.oncolifestyle.com\/it\/salute-mentale\/\"]}]},{\"@type\":\"BreadcrumbList\",\"@id\":\"https:\/\/www.oncolifestyle.com\/it\/salute-mentale\/#breadcrumb\",\"itemListElement\":[{\"@type\":\"ListItem\",\"position\":1,\"name\":\"Home\",\"item\":\"https:\/\/www.oncolifestyle.com\/it\/\"},{\"@type\":\"ListItem\",\"position\":2,\"name\":\"Salute mentale\"}]},{\"@type\":\"WebSite\",\"@id\":\"https:\/\/www.oncolifestyle.com\/it\/#website\",\"url\":\"https:\/\/www.oncolifestyle.com\/it\/\",\"name\":\"Oncolifestyle\",\"description\":\"Helping people with cancer live well\",\"publisher\":{\"@id\":\"https:\/\/www.oncolifestyle.com\/it\/#organization\"},\"potentialAction\":[{\"@type\":\"SearchAction\",\"target\":{\"@type\":\"EntryPoint\",\"urlTemplate\":\"https:\/\/www.oncolifestyle.com\/it\/?s={search_term_string}\"},\"query-input\":{\"@type\":\"PropertyValueSpecification\",\"valueRequired\":true,\"valueName\":\"search_term_string\"}}],\"inLanguage\":\"it-IT\"},{\"@type\":\"Organization\",\"@id\":\"https:\/\/www.oncolifestyle.com\/it\/#organization\",\"name\":\"Oncolifestyle\",\"url\":\"https:\/\/www.oncolifestyle.com\/it\/\",\"logo\":{\"@type\":\"ImageObject\",\"inLanguage\":\"it-IT\",\"@id\":\"https:\/\/www.oncolifestyle.com\/it\/#\/schema\/logo\/image\/\",\"url\":\"https:\/\/www.oncolifestyle.com\/wp-content\/uploads\/2022\/08\/ONCO_LOGO_RGB_horizontal.png\",\"contentUrl\":\"https:\/\/www.oncolifestyle.com\/wp-content\/uploads\/2022\/08\/ONCO_LOGO_RGB_horizontal.png\",\"width\":2062,\"height\":434,\"caption\":\"Oncolifestyle\"},\"image\":{\"@id\":\"https:\/\/www.oncolifestyle.com\/it\/#\/schema\/logo\/image\/\"}}]}<\/script>\n<!-- \/ Yoast SEO plugin. -->","yoast_head_json":{"title":"Salute mentale durante e dopo il cancro | Oncolifestyle","description":"Supporto e orientamento per la salute mentale durante e dopo il cancro, con risorse pratiche per il benessere emotivo.","robots":{"index":"index","follow":"follow","max-snippet":"max-snippet:-1","max-image-preview":"max-image-preview:large","max-video-preview":"max-video-preview:-1"},"canonical":"https:\/\/www.oncolifestyle.com\/it\/salute-mentale\/","og_locale":"it_IT","og_type":"article","og_title":"Salute mentale durante e dopo il cancro | Oncolifestyle","og_description":"Supporto e orientamento per la salute mentale durante e dopo il cancro, con risorse pratiche per il benessere emotivo.","og_url":"https:\/\/www.oncolifestyle.com\/it\/salute-mentale\/","og_site_name":"Oncolifestyle","article_modified_time":"2024-12-05T11:27:49+00:00","twitter_card":"summary_large_image","twitter_misc":{"Tempo di lettura stimato":"3 minuti"},"schema":{"@context":"https:\/\/schema.org","@graph":[{"@type":"WebPage","@id":"https:\/\/www.oncolifestyle.com\/it\/salute-mentale\/","url":"https:\/\/www.oncolifestyle.com\/it\/salute-mentale\/","name":"Salute mentale durante e dopo il cancro | Oncolifestyle","isPartOf":{"@id":"https:\/\/www.oncolifestyle.com\/it\/#website"},"datePublished":"2024-11-11T12:10:20+00:00","dateModified":"2024-12-05T11:27:49+00:00","description":"Supporto e orientamento per la salute mentale durante e dopo il cancro, con risorse pratiche per il benessere emotivo.","breadcrumb":{"@id":"https:\/\/www.oncolifestyle.com\/it\/salute-mentale\/#breadcrumb"},"inLanguage":"it-IT","potentialAction":[{"@type":"ReadAction","target":["https:\/\/www.oncolifestyle.com\/it\/salute-mentale\/"]}]},{"@type":"BreadcrumbList","@id":"https:\/\/www.oncolifestyle.com\/it\/salute-mentale\/#breadcrumb","itemListElement":[{"@type":"ListItem","position":1,"name":"Home","item":"https:\/\/www.oncolifestyle.com\/it\/"},{"@type":"ListItem","position":2,"name":"Salute mentale"}]},{"@type":"WebSite","@id":"https:\/\/www.oncolifestyle.com\/it\/#website","url":"https:\/\/www.oncolifestyle.com\/it\/","name":"Oncolifestyle","description":"Helping people with cancer live well","publisher":{"@id":"https:\/\/www.oncolifestyle.com\/it\/#organization"},"potentialAction":[{"@type":"SearchAction","target":{"@type":"EntryPoint","urlTemplate":"https:\/\/www.oncolifestyle.com\/it\/?s={search_term_string}"},"query-input":{"@type":"PropertyValueSpecification","valueRequired":true,"valueName":"search_term_string"}}],"inLanguage":"it-IT"},{"@type":"Organization","@id":"https:\/\/www.oncolifestyle.com\/it\/#organization","name":"Oncolifestyle","url":"https:\/\/www.oncolifestyle.com\/it\/","logo":{"@type":"ImageObject","inLanguage":"it-IT","@id":"https:\/\/www.oncolifestyle.com\/it\/#\/schema\/logo\/image\/","url":"https:\/\/www.oncolifestyle.com\/wp-content\/uploads\/2022\/08\/ONCO_LOGO_RGB_horizontal.png","contentUrl":"https:\/\/www.oncolifestyle.com\/wp-content\/uploads\/2022\/08\/ONCO_LOGO_RGB_horizontal.png","width":2062,"height":434,"caption":"Oncolifestyle"},"image":{"@id":"https:\/\/www.oncolifestyle.com\/it\/#\/schema\/logo\/image\/"}}]}},"_links":{"self":[{"href":"https:\/\/www.oncolifestyle.com\/it\/wp-json\/wp\/v2\/pages\/2770","targetHints":{"allow":["GET"]}}],"collection":[{"href":"https:\/\/www.oncolifestyle.com\/it\/wp-json\/wp\/v2\/pages"}],"about":[{"href":"https:\/\/www.oncolifestyle.com\/it\/wp-json\/wp\/v2\/types\/page"}],"author":[{"embeddable":true,"href":"https:\/\/www.oncolifestyle.com\/it\/wp-json\/wp\/v2\/users\/1"}],"replies":[{"embeddable":true,"href":"https:\/\/www.oncolifestyle.com\/it\/wp-json\/wp\/v2\/comments?post=2770"}],"version-history":[{"count":3,"href":"https:\/\/www.oncolifestyle.com\/it\/wp-json\/wp\/v2\/pages\/2770\/revisions"}],"predecessor-version":[{"id":3470,"href":"https:\/\/www.oncolifestyle.com\/it\/wp-json\/wp\/v2\/pages\/2770\/revisions\/3470"}],"wp:attachment":[{"href":"https:\/\/www.oncolifestyle.com\/it\/wp-json\/wp\/v2\/media?parent=2770"}],"curies":[{"name":"wp","href":"https:\/\/api.w.org\/{rel}","templated":true}]}}