{"id":375,"date":"2022-07-27T23:10:25","date_gmt":"2022-07-27T23:10:25","guid":{"rendered":"https:\/\/oncolifestyle-com.orientedhosting.com\/home\/"},"modified":"2024-12-03T10:27:45","modified_gmt":"2024-12-03T10:27:45","slug":"home","status":"publish","type":"page","link":"https:\/\/www.oncolifestyle.com\/it\/","title":{"rendered":"Home"},"content":{"rendered":"<div class=\"wpb-content-wrapper\"><p>[vc_row full_width=&#8221;stretch_row&#8221; css=&#8221;.vc_custom_1731243703204{background-image: url(https:\/\/www.oncolifestyle.com\/wp-content\/uploads\/2024\/11\/home-banner.jpg?id=2337) !important;background-position: center !important;background-repeat: no-repeat !important;background-size: cover !important;}&#8221; el_class=&#8221;page-banner&#8221;][vc_column width=&#8221;1\/12&#8243;][\/vc_column][vc_column width=&#8221;7\/12&#8243;][vc_empty_space height=&#8221;17vw&#8221;][vc_custom_heading text=&#8221;Un aiuto per vivere bene con il tumore&#8221; font_container=&#8221;tag:h1|text_align:left|color:%23ffffff&#8221; use_theme_fonts=&#8221;yes&#8221; css=&#8221;.vc_custom_1733218720382{margin-top: 0px !important;}&#8221;][vc_empty_space height=&#8221;5vw&#8221;][\/vc_column][vc_column width=&#8221;3\/12&#8243;][\/vc_column][vc_column width=&#8221;1\/12&#8243;][\/vc_column][\/vc_row][vc_row][vc_column width=&#8221;1\/12&#8243;][\/vc_column][vc_column width=&#8221;1\/2&#8243;][vc_column_text css=&#8221;.vc_custom_1733218807417{margin-top: 50px !important;}&#8221;]<\/p>\n<h6 class=\"green-pill\">LA NOSTRA MISSIONE<\/h6>\n<h2>Un aiuto per vivere bene con il tumore<\/h2>\n<p>Il tumore influisce su ogni aspetto della tua vita. Che tu stia vivendo con una diagnosi \u2013 o che qualcuno a te vicino lo sia \u2013 siamo qui per aiutarti ad affrontare i cambiamenti.<\/p>\n<p>Su Oncolifestyle troverai informazioni accessibili e basate su evidenze scientifiche per svolgere un ruolo attivo nel percorso con il tumore, fare scelte di vita positive e trovare nuovi modi per migliorare la qualit\u00e0 della tua vita.[\/vc_column_text][\/vc_column][vc_column width=&#8221;5\/12&#8243;][vc_single_image image=&#8221;2343&#8243; img_size=&#8221;large&#8221; el_class=&#8221;page-circle-image&#8221;][\/vc_column][\/vc_row][vc_row css=&#8221;.vc_custom_1731265418453{padding-bottom: 150px !important;}&#8221;][vc_column][vc_custom_heading text=&#8221;Novit\u00e0&#8221; font_container=&#8221;tag:h2|text_align:center&#8221; use_theme_fonts=&#8221;yes&#8221; el_class=&#8221;accent-line center&#8221; css=&#8221;.vc_custom_1733218851518{margin-top: 100px !important;margin-bottom: 100px !important;}&#8221;][\/vc_column][\/vc_row][vc_row css=&#8221;.vc_custom_1731265407035{background-image: url(https:\/\/www.oncolifestyle.com\/wp-content\/uploads\/2022\/11\/news-bg.jpg?id=677) !important;}&#8221;][vc_column][vc_column_text css=&#8221;.vc_custom_1731404795383{margin-top: -200px !important;margin-bottom: 80px !important;}&#8221;]<div class=\"ajax-posts-container \" id=\"ajax-posts-container-530223161\" data-feature-first=\"false\"><div class=\"custom-post-grid\" data-categories=\"158\" data-active-categories=\"158\" data-posts-per-page=\"3\" data-limit=\"3\" data-paged=\"1\">\t\t\t<div class=\"custom-post-card\">\n\t\t\t\t\t\t\t\t\t<a class=\"post-thumbnail-wrapper\" href=\"https:\/\/www.oncolifestyle.com\/it\/benessere-emotivo\/che-cosa-puo-fare-un-counsellor-per-te\/\">\n\t\t\t\t\t\t<img decoding=\"async\" src=\"https:\/\/www.oncolifestyle.com\/wp-content\/uploads\/2024\/08\/man-sitting-psychologist-s-office-talking-about-problems.jpg\" alt=\"Che cosa pu\u00f2 fare un counsellor per te?\" class=\"post-thumbnail\" \/>\n\t\t\t\t\t<\/a>\n\t\t\t\t\t\t\t\t<div class=\"post-content\">\n\t\t\t\t\t\t\t\t\t\t\t<span class=\"post-category green-pill\">Salute emotiva<\/span>\n\t\t\t\t\t\t\t\t\t\n\t\t\t\t\t<h2 class=\"post-title\"><a href=\"https:\/\/www.oncolifestyle.com\/it\/benessere-emotivo\/che-cosa-puo-fare-un-counsellor-per-te\/\">Che cosa pu\u00f2 fare un counsellor per te?<\/a><\/h2>\n\t\t\t\t\t<a href=\"https:\/\/www.oncolifestyle.com\/it\/benessere-emotivo\/che-cosa-puo-fare-un-counsellor-per-te\/\" class=\"read-more\">Scopri di pi\u00f9<\/a>\n\t\t\t\t<\/div>\n\t\t\t<\/div>\n\t\t\t\t\t\t<div class=\"custom-post-card\">\n\t\t\t\t\t\t\t\t\t<a class=\"post-thumbnail-wrapper\" href=\"https:\/\/www.oncolifestyle.com\/it\/benessere-emotivo\/i-benefici-degli-esercizi-di-rilassamento\/\">\n\t\t\t\t\t\t<img decoding=\"async\" src=\"https:\/\/www.oncolifestyle.com\/wp-content\/uploads\/2024\/08\/group-young-sporty-people-sitting-sukhasana-close-up.jpg\" alt=\"I benefici degli esercizi di rilassamento\" class=\"post-thumbnail\" \/>\n\t\t\t\t\t<\/a>\n\t\t\t\t\t\t\t\t<div class=\"post-content\">\n\t\t\t\t\t\t\t\t\t\t\t<span class=\"post-category green-pill\">Salute emotiva<\/span>\n\t\t\t\t\t\t\t\t\t\n\t\t\t\t\t<h2 class=\"post-title\"><a href=\"https:\/\/www.oncolifestyle.com\/it\/benessere-emotivo\/i-benefici-degli-esercizi-di-rilassamento\/\">I benefici degli esercizi di rilassamento<\/a><\/h2>\n\t\t\t\t\t<a href=\"https:\/\/www.oncolifestyle.com\/it\/benessere-emotivo\/i-benefici-degli-esercizi-di-rilassamento\/\" class=\"read-more\">Scopri di pi\u00f9<\/a>\n\t\t\t\t<\/div>\n\t\t\t<\/div>\n\t\t\t\t\t\t<div class=\"custom-post-card\">\n\t\t\t\t\t\t\t\t\t<a class=\"post-thumbnail-wrapper\" href=\"https:\/\/www.oncolifestyle.com\/it\/benessere-emotivo\/10-consigli-per-gestire-le-tue-emozioni\/\">\n\t\t\t\t\t\t<img decoding=\"async\" src=\"https:\/\/www.oncolifestyle.com\/wp-content\/uploads\/2024\/08\/tranquil-retreat-middleaged-asian-woman-finds-serenity-comfort-her-home.jpg\" alt=\"10 consigli per gestire le tue emozioni\" class=\"post-thumbnail\" \/>\n\t\t\t\t\t<\/a>\n\t\t\t\t\t\t\t\t<div class=\"post-content\">\n\t\t\t\t\t\t\t\t\t\t\t<span class=\"post-category green-pill\">Salute emotiva<\/span>\n\t\t\t\t\t\t\t\t\t\n\t\t\t\t\t<h2 class=\"post-title\"><a href=\"https:\/\/www.oncolifestyle.com\/it\/benessere-emotivo\/10-consigli-per-gestire-le-tue-emozioni\/\">10 consigli per gestire le tue emozioni<\/a><\/h2>\n\t\t\t\t\t<a href=\"https:\/\/www.oncolifestyle.com\/it\/benessere-emotivo\/10-consigli-per-gestire-le-tue-emozioni\/\" class=\"read-more\">Scopri di pi\u00f9<\/a>\n\t\t\t\t<\/div>\n\t\t\t<\/div>\n\t\t\t<\/div><\/div>[\/vc_column_text][\/vc_column][\/vc_row][vc_row][vc_column][vc_custom_heading text=&#8221;Tutto ci\u00f2 che devi sapere&#8221; font_container=&#8221;tag:h2|text_align:center&#8221; use_theme_fonts=&#8221;yes&#8221; el_class=&#8221;accent-line center&#8221; css=&#8221;.vc_custom_1733218881933{margin-top: 130px !important;margin-bottom: 50px !important;}&#8221;][\/vc_column][\/vc_row][vc_row][vc_column][vc_column_text css=&#8221;.vc_custom_1733218903203{padding-right: 5% !important;padding-left: 5% !important;}&#8221;]<\/p>\n<p style=\"text-align: center;\">Adottare uno stile di vita sano ha dimostrato di prevenire il tumore, ma \u00e8 altrettanto importante mantenere queste abitudini durante il percorso con il tumore. Questo pu\u00f2 aiutarti a sentirti meglio, migliorare i tuoi livelli di energia e persino rallentare la progressione della malattia. Facendo scelte di vita salutari, puoi migliorare la tua qualit\u00e0 di vita e riprendere il controllo del tuo percorso con il tumore.<\/p>\n<p>[\/vc_column_text][\/vc_column][\/vc_row][vc_row gap=&#8221;30&#8243; equal_height=&#8221;yes&#8221;][vc_column width=&#8221;1\/3&#8243; css=&#8221;.vc_custom_1731311533950{background-image: url(https:\/\/www.oncolifestyle.com\/wp-content\/uploads\/2024\/11\/nutrition-card-bg.jpg?id=2715) !important;background-position: center !important;background-repeat: no-repeat !important;background-size: cover !important;}&#8221; el_class=&#8221;home-cards&#8221;][vc_single_image image=&#8221;2733&#8243; img_size=&#8221;210&#215;270&#8243; alignment=&#8221;right&#8221;][vc_column_text]<\/p>\n<h4>NUTRIZIONE<\/h4>\n<p>Scopri come la dieta e le scelte alimentari possono aiutarti a vivere bene con il tumore.[\/vc_column_text][vc_btn title=&#8221;Scopri di pi\u00f9&#8221; style=&#8221;classic&#8221; shape=&#8221;square&#8221; color=&#8221;white&#8221; link=&#8221;url:https%3A%2F%2Fwww.oncolifestyle.com%2Fit%2Fprostate-cancer%2Fnutrizione%2F|title:Nutrition&#8221;][\/vc_column][vc_column width=&#8221;1\/3&#8243; css=&#8221;.vc_custom_1731311592120{background-image: url(https:\/\/www.oncolifestyle.com\/wp-content\/uploads\/2024\/11\/physical-activity-card-bg.jpg?id=2721) !important;background-position: center !important;background-repeat: no-repeat !important;background-size: cover !important;}&#8221; el_class=&#8221;home-cards&#8221;][vc_single_image image=&#8221;2739&#8243; img_size=&#8221;200&#215;220&#8243; alignment=&#8221;right&#8221;][vc_column_text]<\/p>\n<h4>ATTIVIT\u00c0 FISICA<\/h4>\n<p>Scopri come mantenerti attivo fisicamente possa migliorare il tuo benessere fisico, mentale e sociale.[\/vc_column_text][vc_btn title=&#8221;Scopri di pi\u00f9&#8221; style=&#8221;classic&#8221; shape=&#8221;square&#8221; color=&#8221;white&#8221; link=&#8221;url:https%3A%2F%2Fwww.oncolifestyle.com%2Fit%2Fprostate-cancer%2Fattivita-fisica%2F|title:Physical%20Activity&#8221;][\/vc_column][vc_column width=&#8221;1\/3&#8243; css=&#8221;.vc_custom_1731311637708{background-image: url(https:\/\/www.oncolifestyle.com\/wp-content\/uploads\/2024\/11\/mental-health-card-bg.jpg?id=2709) !important;}&#8221; el_class=&#8221;home-cards&#8221;][vc_single_image image=&#8221;2727&#8243; img_size=&#8221;210&#215;240&#8243; alignment=&#8221;right&#8221;][vc_column_text]<\/p>\n<h4>SALUTE MENTALE<\/h4>\n<p>Comprendi come il tumore influisce sulla tua salute cognitiva ed emotiva \u2013 e come puoi proteggere il tuo benessere mentale.[\/vc_column_text][vc_btn title=&#8221;Scopri di pi\u00f9&#8221; style=&#8221;classic&#8221; shape=&#8221;square&#8221; color=&#8221;white&#8221; link=&#8221;url:https%3A%2F%2Fwww.oncolifestyle.com%2Fit%2Fprostate-cancer%2Fsalute-mentale%2F|title:Mental%20Health&#8221;][\/vc_column][\/vc_row][vc_row][vc_column][vc_custom_heading text=&#8221;Esplora di pi\u00f9&#8221; font_container=&#8221;tag:h2|text_align:center&#8221; use_theme_fonts=&#8221;yes&#8221; el_class=&#8221;accent-line center&#8221; css=&#8221;.vc_custom_1733219283435{margin-top: 130px !important;margin-bottom: 50px !important;}&#8221;][\/vc_column][\/vc_row][vc_row css=&#8221;.vc_custom_1731270200621{padding-right: 10% !important;padding-left: 10% !important;}&#8221;][vc_column][vc_column_text el_class=&#8221;box-shadow&#8221; css=&#8221;.vc_custom_1733219370983{padding-top: 50px !important;padding-right: 30px !important;padding-bottom: 50px !important;padding-left: 30px !important;}&#8221;]<\/p>\n<p style=\"text-align: center; font-size: 24px;\"><strong>Esplora informazioni e consigli specifici per il tuo tipo di cancro:<\/strong><\/p>\n<p style=\"text-align: center;\"><span class=\"disease-wrapper disease-pc\"><a class=\"\" href=\"https:\/\/www.oncolifestyle.com\/it\/tumore-alla-prostata\/\">Cancro alla Prostata<\/a><\/span><\/p>\n<p style=\"text-align: center; font-size: 14px; color: #7b7474;\">*Verranno aggiunti altri tipi di cancro<\/p>\n<p>[\/vc_column_text][\/vc_column][\/vc_row][vc_row css=&#8221;.vc_custom_1731271119296{padding-top: 100px !important;}&#8221;][vc_column width=&#8221;1\/12&#8243;][\/vc_column][vc_column width=&#8221;10\/12&#8243;][vc_custom_heading text=&#8221;Informazioni di cui ti puoi fidare&#8221; font_container=&#8221;tag:h2|text_align:center&#8221; use_theme_fonts=&#8221;yes&#8221; el_class=&#8221;accent-line center size-sm&#8221;][vc_column_text]<\/p>\n<p class=\"p1\">Con cos\u00ec tante opinioni l\u00e0 fuori, pu\u00f2 essere difficile sapere a chi dare retta. Su Oncolifestyle facciamo del nostro meglio per offrirti informazioni basate su evidenze scientifiche, attentamente ricercate per garantire la tua salute.<\/p>\n<p>[\/vc_column_text][\/vc_column][vc_column width=&#8221;1\/12&#8243;][\/vc_column][\/vc_row][vc_row css=&#8221;.vc_custom_1731272629304{padding-top: 50px !important;padding-bottom: 100px !important;}&#8221;][vc_column][vc_column_text]<\/p>\n<h6 style=\"text-align: center;\">Le nostre fonti<\/h6>\n<p style=\"text-align: center;\"><span class=\"sources-btn show-source\">Da dove provengono queste informazioni?<\/span><\/p>\n<p>[\/vc_column_text][\/vc_column][\/vc_row][vc_row full_width=&#8221;stretch_row&#8221; el_class=&#8221;source&#8221;][vc_column][vc_raw_html]JTNDZGl2JTIwY2xhc3MlM0QlMjJzdmdfX3dyYXBwZXIlMjBjbG9zZS1zb3VyY2UlMjIlM0UlMEElM0NzdmclMjBjbGFzcyUzRCUyMmljb24lMjBpY29uLS1jbG9zZSUyMiUyMGFyaWEtaGlkZGVuJTNEJTIydHJ1ZSUyMiUyMHJvbGUlM0QlMjJpbWclMjIlM0UlM0N1c2UlMjB4bGluayUzQWhyZWYlM0QlMjIlMjNpY29uLWNsb3NlJTIyJTNFJTNDJTJGdXNlJTNFJTNDJTJGc3ZnJTNFJTBBJTNDJTJGZGl2JTNFJTBB[\/vc_raw_html][vc_column_text]<\/p>\n<h6 class=\"accent-line green-pill\">Le nostre fonti<\/h6>\n<h4><strong>Da dove provengono queste informazioni?<\/strong><\/h4>\n<ol>\n<li>Zhang, Y.-B. et al. Combined lifestyle factors, incident cancer, and cancer mortality: a systematic review and meta-analysis of prospective cohort studies.<\/li>\n<li>British Journal of Cancer 122, 1085\u20131093 (2020).<\/li>\n<li>Loibl, S. et al. Early breast cancer: ESMO Clinical Practice Guideline for diagnosis, treatment and follow-up. Annals of Oncology 35, 159\u2013182 (2024).<\/li>\n<li>Oaknin, A. et al. Endometrial cancer: ESMO Clinical Practice Guideline for diagnosis, treatment and follow-up\u2606. Annals of Oncology 33, 860\u2013877 (2022).<\/li>\n<li>Parker, C. et al. Prostate cancer: ESMO Clinical Practice Guidelines for diagnosis, treatment and follow-up\u2020. Annals of Oncology 31, 1119\u20131134 (2020).<\/li>\n<li>Mass General Brigham. Lifestyle Medicine in Cancer Care. https:\/\/www.massgeneralbrigham.org\/en\/about\/newsroom\/articles\/cancer-holistic-lifestyle-management.<\/li>\n<\/ol>\n<p>[\/vc_column_text][\/vc_column][\/vc_row]<\/p>\n<\/div>","protected":false},"excerpt":{"rendered":"<p>[vc_row full_width=&#8221;stretch_row&#8221; css=&#8221;.vc_custom_1731243703204{background-image: url(https:\/\/www.oncolifestyle.com\/wp-content\/uploads\/2024\/11\/home-banner.jpg?id=2337) !important;background-position: center !important;background-repeat: no-repeat !important;background-size: cover !important;}&#8221; el_class=&#8221;page-banner&#8221;][vc_column width=&#8221;1\/12&#8243;][\/vc_column][vc_column width=&#8221;7\/12&#8243;][vc_empty_space height=&#8221;17vw&#8221;][vc_custom_heading text=&#8221;Un aiuto per vivere bene [&hellip;]<\/p>\n","protected":false},"author":1,"featured_media":0,"parent":0,"menu_order":0,"comment_status":"closed","ping_status":"closed","template":"template-fullwidth.php","meta":{"_acf_changed":false,"inline_featured_image":false,"footnotes":""},"class_list":["post-375","page","type-page","status-publish","hentry"],"acf":[],"yoast_head":"<!-- This site is optimized with the Yoast SEO plugin v23.8 - https:\/\/yoast.com\/wordpress\/plugins\/seo\/ -->\n<title>Vivere bene con il cancro: supporto basato sull\u2019evidenza | Oncolifestyle<\/title>\n<meta name=\"description\" content=\"Supporto sullo stile di vita basato sull\u2019evidenza per vivere bene durante e dopo il cancro, con consigli pratici su nutrizione e benessere.\" \/>\n<meta name=\"robots\" content=\"index, follow, max-snippet:-1, max-image-preview:large, max-video-preview:-1\" \/>\n<link rel=\"canonical\" href=\"https:\/\/www.oncolifestyle.com\/it\/\" \/>\n<meta property=\"og:locale\" content=\"it_IT\" \/>\n<meta property=\"og:type\" content=\"article\" \/>\n<meta property=\"og:title\" content=\"Vivere bene con il cancro: supporto basato sull\u2019evidenza | Oncolifestyle\" \/>\n<meta property=\"og:description\" content=\"Supporto sullo stile di vita basato sull\u2019evidenza per vivere bene durante e dopo il cancro, con consigli pratici su nutrizione e benessere.\" \/>\n<meta property=\"og:url\" content=\"https:\/\/www.oncolifestyle.com\/it\/\" \/>\n<meta property=\"og:site_name\" content=\"Oncolifestyle\" \/>\n<meta property=\"article:modified_time\" content=\"2024-12-03T10:27:45+00:00\" \/>\n<meta name=\"twitter:card\" content=\"summary_large_image\" \/>\n<meta name=\"twitter:label1\" content=\"Tempo di lettura stimato\" \/>\n\t<meta name=\"twitter:data1\" content=\"4 minuti\" \/>\n<script type=\"application\/ld+json\" class=\"yoast-schema-graph\">{\"@context\":\"https:\/\/schema.org\",\"@graph\":[{\"@type\":\"WebPage\",\"@id\":\"https:\/\/www.oncolifestyle.com\/it\/\",\"url\":\"https:\/\/www.oncolifestyle.com\/it\/\",\"name\":\"Vivere bene con il cancro: supporto basato sull\u2019evidenza | Oncolifestyle\",\"isPartOf\":{\"@id\":\"https:\/\/www.oncolifestyle.com\/it\/#website\"},\"datePublished\":\"2022-07-27T23:10:25+00:00\",\"dateModified\":\"2024-12-03T10:27:45+00:00\",\"description\":\"Supporto sullo stile di vita basato sull\u2019evidenza per vivere bene durante e dopo il cancro, con consigli pratici su nutrizione e benessere.\",\"breadcrumb\":{\"@id\":\"https:\/\/www.oncolifestyle.com\/it\/#breadcrumb\"},\"inLanguage\":\"it-IT\",\"potentialAction\":[{\"@type\":\"ReadAction\",\"target\":[\"https:\/\/www.oncolifestyle.com\/it\/\"]}]},{\"@type\":\"BreadcrumbList\",\"@id\":\"https:\/\/www.oncolifestyle.com\/it\/#breadcrumb\",\"itemListElement\":[{\"@type\":\"ListItem\",\"position\":1,\"name\":\"Home\",\"item\":\"https:\/\/www.oncolifestyle.com\/it\/\"},{\"@type\":\"ListItem\",\"position\":2,\"name\":\"Home\"}]},{\"@type\":\"WebSite\",\"@id\":\"https:\/\/www.oncolifestyle.com\/it\/#website\",\"url\":\"https:\/\/www.oncolifestyle.com\/it\/\",\"name\":\"Oncolifestyle\",\"description\":\"Helping people with cancer live well\",\"publisher\":{\"@id\":\"https:\/\/www.oncolifestyle.com\/it\/#organization\"},\"potentialAction\":[{\"@type\":\"SearchAction\",\"target\":{\"@type\":\"EntryPoint\",\"urlTemplate\":\"https:\/\/www.oncolifestyle.com\/it\/?s={search_term_string}\"},\"query-input\":{\"@type\":\"PropertyValueSpecification\",\"valueRequired\":true,\"valueName\":\"search_term_string\"}}],\"inLanguage\":\"it-IT\"},{\"@type\":\"Organization\",\"@id\":\"https:\/\/www.oncolifestyle.com\/it\/#organization\",\"name\":\"Oncolifestyle\",\"url\":\"https:\/\/www.oncolifestyle.com\/it\/\",\"logo\":{\"@type\":\"ImageObject\",\"inLanguage\":\"it-IT\",\"@id\":\"https:\/\/www.oncolifestyle.com\/it\/#\/schema\/logo\/image\/\",\"url\":\"https:\/\/www.oncolifestyle.com\/wp-content\/uploads\/2022\/08\/ONCO_LOGO_RGB_horizontal.png\",\"contentUrl\":\"https:\/\/www.oncolifestyle.com\/wp-content\/uploads\/2022\/08\/ONCO_LOGO_RGB_horizontal.png\",\"width\":2062,\"height\":434,\"caption\":\"Oncolifestyle\"},\"image\":{\"@id\":\"https:\/\/www.oncolifestyle.com\/it\/#\/schema\/logo\/image\/\"}}]}<\/script>\n<!-- \/ Yoast SEO plugin. -->","yoast_head_json":{"title":"Vivere bene con il cancro: supporto basato sull\u2019evidenza | Oncolifestyle","description":"Supporto sullo stile di vita basato sull\u2019evidenza per vivere bene durante e dopo il cancro, con consigli pratici su nutrizione e benessere.","robots":{"index":"index","follow":"follow","max-snippet":"max-snippet:-1","max-image-preview":"max-image-preview:large","max-video-preview":"max-video-preview:-1"},"canonical":"https:\/\/www.oncolifestyle.com\/it\/","og_locale":"it_IT","og_type":"article","og_title":"Vivere bene con il cancro: supporto basato sull\u2019evidenza | Oncolifestyle","og_description":"Supporto sullo stile di vita basato sull\u2019evidenza per vivere bene durante e dopo il cancro, con consigli pratici su nutrizione e benessere.","og_url":"https:\/\/www.oncolifestyle.com\/it\/","og_site_name":"Oncolifestyle","article_modified_time":"2024-12-03T10:27:45+00:00","twitter_card":"summary_large_image","twitter_misc":{"Tempo di lettura stimato":"4 minuti"},"schema":{"@context":"https:\/\/schema.org","@graph":[{"@type":"WebPage","@id":"https:\/\/www.oncolifestyle.com\/it\/","url":"https:\/\/www.oncolifestyle.com\/it\/","name":"Vivere bene con il cancro: supporto basato sull\u2019evidenza | Oncolifestyle","isPartOf":{"@id":"https:\/\/www.oncolifestyle.com\/it\/#website"},"datePublished":"2022-07-27T23:10:25+00:00","dateModified":"2024-12-03T10:27:45+00:00","description":"Supporto sullo stile di vita basato sull\u2019evidenza per vivere bene durante e dopo il cancro, con consigli pratici su nutrizione e benessere.","breadcrumb":{"@id":"https:\/\/www.oncolifestyle.com\/it\/#breadcrumb"},"inLanguage":"it-IT","potentialAction":[{"@type":"ReadAction","target":["https:\/\/www.oncolifestyle.com\/it\/"]}]},{"@type":"BreadcrumbList","@id":"https:\/\/www.oncolifestyle.com\/it\/#breadcrumb","itemListElement":[{"@type":"ListItem","position":1,"name":"Home","item":"https:\/\/www.oncolifestyle.com\/it\/"},{"@type":"ListItem","position":2,"name":"Home"}]},{"@type":"WebSite","@id":"https:\/\/www.oncolifestyle.com\/it\/#website","url":"https:\/\/www.oncolifestyle.com\/it\/","name":"Oncolifestyle","description":"Helping people with cancer live well","publisher":{"@id":"https:\/\/www.oncolifestyle.com\/it\/#organization"},"potentialAction":[{"@type":"SearchAction","target":{"@type":"EntryPoint","urlTemplate":"https:\/\/www.oncolifestyle.com\/it\/?s={search_term_string}"},"query-input":{"@type":"PropertyValueSpecification","valueRequired":true,"valueName":"search_term_string"}}],"inLanguage":"it-IT"},{"@type":"Organization","@id":"https:\/\/www.oncolifestyle.com\/it\/#organization","name":"Oncolifestyle","url":"https:\/\/www.oncolifestyle.com\/it\/","logo":{"@type":"ImageObject","inLanguage":"it-IT","@id":"https:\/\/www.oncolifestyle.com\/it\/#\/schema\/logo\/image\/","url":"https:\/\/www.oncolifestyle.com\/wp-content\/uploads\/2022\/08\/ONCO_LOGO_RGB_horizontal.png","contentUrl":"https:\/\/www.oncolifestyle.com\/wp-content\/uploads\/2022\/08\/ONCO_LOGO_RGB_horizontal.png","width":2062,"height":434,"caption":"Oncolifestyle"},"image":{"@id":"https:\/\/www.oncolifestyle.com\/it\/#\/schema\/logo\/image\/"}}]}},"_links":{"self":[{"href":"https:\/\/www.oncolifestyle.com\/it\/wp-json\/wp\/v2\/pages\/375","targetHints":{"allow":["GET"]}}],"collection":[{"href":"https:\/\/www.oncolifestyle.com\/it\/wp-json\/wp\/v2\/pages"}],"about":[{"href":"https:\/\/www.oncolifestyle.com\/it\/wp-json\/wp\/v2\/types\/page"}],"author":[{"embeddable":true,"href":"https:\/\/www.oncolifestyle.com\/it\/wp-json\/wp\/v2\/users\/1"}],"replies":[{"embeddable":true,"href":"https:\/\/www.oncolifestyle.com\/it\/wp-json\/wp\/v2\/comments?post=375"}],"version-history":[{"count":9,"href":"https:\/\/www.oncolifestyle.com\/it\/wp-json\/wp\/v2\/pages\/375\/revisions"}],"predecessor-version":[{"id":3428,"href":"https:\/\/www.oncolifestyle.com\/it\/wp-json\/wp\/v2\/pages\/375\/revisions\/3428"}],"wp:attachment":[{"href":"https:\/\/www.oncolifestyle.com\/it\/wp-json\/wp\/v2\/media?parent=375"}],"curies":[{"name":"wp","href":"https:\/\/api.w.org\/{rel}","templated":true}]}}