{"id":384,"date":"2022-08-08T09:32:09","date_gmt":"2022-08-08T09:32:09","guid":{"rendered":"https:\/\/oncolifestyle-com.orientedhosting.com\/prostate-cancer\/brain-health\/"},"modified":"2024-12-18T12:11:31","modified_gmt":"2024-12-18T12:11:31","slug":"salute-mentale","status":"publish","type":"page","link":"https:\/\/www.oncolifestyle.com\/it\/tumore-alla-prostata\/salute-mentale\/","title":{"rendered":"Salute mentale"},"content":{"rendered":"<div class=\"wpb-content-wrapper\"><p>[vc_row full_width=&#8221;stretch_row&#8221; css=&#8221;.vc_custom_1660926214848{background-image: url(https:\/\/www.oncolifestyle.com\/wp-content\/uploads\/2022\/08\/banner-brain-health.jpg?id=90) !important;background-position: center !important;background-repeat: no-repeat !important;background-size: cover !important;}&#8221;][vc_column width=&#8221;1\/12&#8243;][\/vc_column][vc_column width=&#8221;10\/12&#8243;][vc_empty_space height=&#8221;22vw&#8221;][vc_custom_heading source=&#8221;post_title&#8221; font_container=&#8221;tag:h1|text_align:left|color:%23ffffff&#8221; use_theme_fonts=&#8221;yes&#8221; css=&#8221;.vc_custom_1688383067404{margin-top: 0px !important;margin-bottom: 100px !important;}&#8221; el_class=&#8221;page-title&#8221;][\/vc_column][vc_column width=&#8221;1\/12&#8243;][\/vc_column][\/vc_row][vc_row][vc_column width=&#8221;1\/12&#8243;][\/vc_column][vc_column width=&#8221;1\/2&#8243;][vc_column_text el_class=&#8221;breadcrumbs&#8221;]<!-- Breadcrumb NavXT 7.3.1 -->\n<span property=\"itemListElement\" typeof=\"ListItem\"><a property=\"item\" typeof=\"WebPage\" title=\"Vai a Oncolifestyle.\" href=\"https:\/\/www.oncolifestyle.com\/it\/\" class=\"home\" aria-current=\"page\"><span property=\"name\">Oncolifestyle<\/span><\/a><meta property=\"position\" content=\"1\"><\/span>[\/vc_column_text][vc_column_text]<\/p>\n<h6 class=\"green-pill\">SCELTE SANE<\/h6>\n<h2>In che modo il cancro alla prostata e le relative cure possono influire sul cervello?<\/h2>\n<p><strong class=\"text-red\">Salute cognitiva<\/strong><\/p>\n<p><strong>La salute cognitiva \u00e8 la capacit\u00e0 di pensare chiaramente, svolgere compiti complessi, imparare e ricordare.<\/strong><\/p>\n<p>A tutti pu\u00f2 capitare di avere difficolt\u00e0 a concentrarsi, e una sensazione di \u201cnebbia mentale\u201d. Alcuni uomini che si sottopongono alla <a href=\"https:\/\/www.oncolifestyle.com\/it\/informazioni-sul-tumore-alla-prostata\/\">terapia di deprivazione androgenica (ADT)<\/a>\u00a0possono soffrire spesso di tali sintomi cognitivi.<sup>1<\/sup> L\u2019ADT \u00e8 anche correlata a un aumento (marginale) del rischio di Alzheimer e demenza<sup>2<\/sup>, anche se i benefici a lungo termine sono generalmente considerati superiori ai rischi. Inoltre gli effetti collaterali cognitivi dell\u2019ADT si manifestano solo in alcune persone: molte non notano alcun cambiamento.<\/p>\n<p><strong class=\"text-red\">Salute emotiva<\/strong><\/p>\n<p><strong>Un pilastro fondamentale della salute mentale \u00e8 la salute emotiva, che riguarda i pensieri, l\u2019umore e la capacit\u00e0 di far fronte alle difficolt\u00e0<\/strong><\/p>\n<p>Ricevere una diagnosi di tumore alla prostata e vivere positivamente con questa realt\u00e0 pu\u00f2 essere difficile. Si possono provare emozioni come shock, incertezza, ansia, intorpidimento e rabbia. \u00c8 naturale sentirsi in questo modo, ma nel tempo queste emozioni possono avere un impatto negativo sulla salute mentale e sul benessere. Inoltre, coloro che convivono con il tumore alla prostata sono purtroppo a maggior rischio di depressione<sup>3<\/sup>, e ancora di pi\u00f9 se seguono una terapia ADT. <sup>4<\/sup>\u00a0Dare priorit\u00e0 alla propria salute mentale \u00e8 quindi altrettanto importante che occuparsi del benessere fisico.[\/vc_column_text][\/vc_column][vc_column width=&#8221;5\/12&#8243;][vc_single_image image=&#8221;2969&#8243; img_size=&#8221;large&#8221; alignment=&#8221;center&#8221; el_class=&#8221;page-circle-image&#8221;][\/vc_column][\/vc_row][vc_row][vc_column width=&#8221;1\/12&#8243;][\/vc_column][vc_column width=&#8221;10\/12&#8243;][vc_custom_heading text=&#8221;Lo sapevi?&#8221; font_container=&#8221;tag:h2|text_align:center&#8221; use_theme_fonts=&#8221;yes&#8221; el_class=&#8221;accent-line center size-sm&#8221; css=&#8221;.vc_custom_1688383241083{margin-top: 100px !important;margin-bottom: 50px !important;}&#8221;][vc_column_text]<\/p>\n<p style=\"text-align: center;\">Ci\u00f2 che fa bene al cuore fa bene al cervello. La salute cardiovascolare \u00e8 intimamente legata a quella cognitiva,<sup>5-7<\/sup> quindi le <a href=\"https:\/\/www.oncolifestyle.com\/it\/labc-per-un-cuore-e-una-prostata-sani\/\">attivit\u00e0 come l\u2019esercizio fisico e un\u2019alimentazione sana<\/a> portano vantaggi su tutta la linea.<\/p>\n<p>[\/vc_column_text][\/vc_column][vc_column width=&#8221;1\/12&#8243;][\/vc_column][\/vc_row][vc_row content_placement=&#8221;middle&#8221; el_class=&#8221;health-tab health-tab-cognitive reverse-xs&#8221;][vc_column width=&#8221;6\/12&#8243; el_class=&#8221;overlap&#8221;][vc_column_text el_class=&#8221;box-shadow&#8221; css=&#8221;.vc_custom_1734523885568{margin-bottom: 0px !important;padding-top: 50px !important;padding-right: 50px !important;padding-bottom: 50px !important;padding-left: 50px !important;}&#8221;]<\/p>\n<h6>AGIRE<\/h6>\n<p><strong class=\"text-red\">Mantieni il cervello allenato<\/strong><\/p>\n<p>Il modo migliore per proteggere la salute cognitiva ed emotiva \u00e8 mantenere attivo il cervello. Qualsiasi attivit\u00e0 che coinvolga il cervello pu\u00f2 aiutare a prevenire il declino cognitivo durante l\u2019ADT. Per mantenere il cervello in forma, si pu\u00f2 provare a:<\/p>\n<ul class=\"bh-offset-list\">\n<li>passare del tempo con amici o frequentare un gruppo sociale, dato che l\u2019attivit\u00e0 sociale \u00e8 un\u2019ottima forma di stimolazione mentale <sup>8<\/sup><\/li>\n<li>fare attivit\u00e0 come artigianato, puzzle, uso del computer e giochi, tutti ottimi modi per mantenere la mente in movimento\u00a0<sup>1<\/sup><\/li>\n<li>migliorare sia la salute cardiovascolare che quella del cervello incorporando l\u2019<a href=\"https:\/\/www.oncolifestyle.com\/it\/tumore-alla-prostata\/attivita-fisica\/\">attivit\u00e0 fisica<\/a> nella routine quotidiana <sup>9-11<\/sup>e adottando una <a href=\"https:\/\/www.oncolifestyle.com\/it\/tumore-alla-prostata\/nutrizione\/\">dieta mediterranea<\/a>.<sup>12,13<\/sup><\/li>\n<\/ul>\n<p>[\/vc_column_text][vc_single_image image=&#8221;316&#8243; img_size=&#8221;full&#8221; alignment=&#8221;right&#8221; el_id=&#8221;floating-image&#8221;][\/vc_column][vc_column width=&#8221;5\/12&#8243;][vc_single_image image=&#8221;495&#8243; img_size=&#8221;full&#8221;][\/vc_column][vc_column width=&#8221;1\/12&#8243;][\/vc_column][\/vc_row][vc_row][vc_column][vc_btn title=&#8221;Scopri di pi\u00f9 sulla salute mentale e sul cancro&#8221; style=&#8221;classic&#8221; shape=&#8221;round&#8221; color=&#8221;success&#8221; align=&#8221;center&#8221; el_class=&#8221;view-more-articles&#8221; link=&#8221;url:https%3A%2F%2Fwww.oncolifestyle.com%2Fit%2Fsalute-mentale%2F&#8221;][\/vc_column][\/vc_row][vc_row][vc_column width=&#8221;1\/12&#8243;][\/vc_column][vc_column width=&#8221;10\/12&#8243;][vc_custom_heading text=&#8221;Informazioni di cui ti puoi fidare&#8221; font_container=&#8221;tag:h2|text_align:center&#8221; use_theme_fonts=&#8221;yes&#8221; el_class=&#8221;accent-line center size-sm&#8221;][vc_column_text]<\/p>\n<p style=\"text-align: center;\">Si sentono e leggono talmente tante opinioni diverse, che pu\u00f2 essere difficile sapere a chi affidarsi. Noi di Oncolifestyle facciamo del nostro meglio per fornirti informazioni scientifiche compilate pensando alla tua salute.<\/p>\n<p>[\/vc_column_text][\/vc_column][vc_column width=&#8221;1\/12&#8243;][\/vc_column][\/vc_row][vc_row css=&#8221;.vc_custom_1660737759822{margin-top: 50px !important;margin-bottom: 50px !important;}&#8221;][vc_column][vc_column_text]<\/p>\n<h6 style=\"text-align: center;\">LE NOSTRE FONTI<\/h6>\n<p style=\"text-align: center;\"><span class=\"sources-btn show-source\">Da dove provengono queste informazioni?<\/span><\/p>\n<p>[\/vc_column_text][\/vc_column][\/vc_row][vc_row full_width=&#8221;stretch_row&#8221; el_class=&#8221;source&#8221;][vc_column][vc_raw_html]JTNDZGl2JTIwY2xhc3MlM0QlMjJzdmdfX3dyYXBwZXIlMjBjbG9zZS1zb3VyY2UlMjIlM0UlMEElM0NzdmclMjBjbGFzcyUzRCUyMmljb24lMjBpY29uLS1jbG9zZSUyMiUyMGFyaWEtaGlkZGVuJTNEJTIydHJ1ZSUyMiUyMHJvbGUlM0QlMjJpbWclMjIlM0UlM0N1c2UlMjB4bGluayUzQWhyZWYlM0QlMjIlMjNpY29uLWNsb3NlJTIyJTNFJTNDJTJGdXNlJTNFJTNDJTJGc3ZnJTNFJTBBJTNDJTJGZGl2JTNFJTBB[\/vc_raw_html][vc_column_text]<\/p>\n<h6 class=\"accent-line\">LE NOSTRE FONTI<\/h6>\n<h4><strong>Da dove provengono queste informazioni?<\/strong><\/h4>\n<ol>\n<li>Cherrier, M. M. &amp; Higano, C. S. Impact of androgen deprivation therapy on mood, cognition, and risk for AD. Urol. Oncol. Semin. Orig. Investig. 38, 53\u201361 (2020).<\/li>\n<li>Jayadevappa, R. et al. Association Between Androgen Deprivation Therapy Use and Diagnosis of Dementia in Men With Prostate Cancer. JAMA Netw. Open 2, e196562 (2019).<\/li>\n<li>Fervaha, G. et al. Psychological morbidity associated with prostate cancer: Rates and predictors of depression in the RADICAL PC study. Can. Urol. Assoc. J. 15, (2020).<\/li>\n<li>Dinh, K. T. et al. Association of Androgen Deprivation Therapy With Depression in Localized Prostate Cancer. J. Clin. Oncol. 34, 1905\u20131912 (2016).<\/li>\n<li>Chang, Y. K., Labban, J. D., Gapin, J. I. &amp; Etnier, J. L. The effects of acute exercise on cognitive performance: A meta-analysis. Brain Res. 1453, 87\u2013101 (2012).<\/li>\n<li>Northey, J. M., Cherbuin, N., Pumpa, K. L., Smee, D. J. &amp; Rattray, B. Exercise interventions for cognitive function in adults older than 50: a systematic review with meta-analysis. Br. J. Sports Med. 52, 154\u2013160 (2018).<\/li>\n<li>Fondell, E. et al. Physical activity across adulthood and subjective cognitive function in older men. Eur. J. Epidemiol. 33, 79\u201387 (2018).<\/li>\n<li>Elwood, P. et al. Healthy Lifestyles Reduce the Incidence of Chronic Diseases and Dementia: Evidence from the Caerphilly Cohort Study. PLoS ONE 8, e81877 (2013).<\/li>\n<li>Chang, Y. K., Labban, J. D., Gapin, J. I. &amp; Etnier, J. L. The effects of acute exercise on cognitive performance: A meta-analysis. Brain Res. 1453, 87\u2013101 (2012).<\/li>\n<li>Northey, J. M., Cherbuin, N., Pumpa, K. L., Smee, D. J. &amp; Rattray, B. Exercise interventions for cognitive function in adults older than 50: a systematic review with meta-analysis. Br. J. Sports Med. 52, 154\u2013160 (2018).<\/li>\n<li>Fondell, E. et al. Physical activity across adulthood and subjective cognitive function in older men. Eur. J. Epidemiol. 33, 79\u201387 (2018).<\/li>\n<li>Kl\u00edmov\u00e1, B. &amp; Vali\u0161, M. Nutritional Interventions as Beneficial Strategies to Delay Cognitive Decline in Healthy Older Individuals. Nutrients 10, 905 (2018).<\/li>\n<li>Anastasiou, C. et al. Mediterranean Lifestyle in Relation to Cognitive Health: Results from the HELIAD Study. Nutrients 10, 1557 (2018).<\/li>\n<\/ol>\n<p>[\/vc_column_text][\/vc_column][\/vc_row]<\/p>\n<\/div>","protected":false},"excerpt":{"rendered":"<p>[vc_row full_width=&#8221;stretch_row&#8221; css=&#8221;.vc_custom_1660926214848{background-image: url(https:\/\/www.oncolifestyle.com\/wp-content\/uploads\/2022\/08\/banner-brain-health.jpg?id=90) !important;background-position: center !important;background-repeat: no-repeat !important;background-size: cover !important;}&#8221;][vc_column width=&#8221;1\/12&#8243;][\/vc_column][vc_column width=&#8221;10\/12&#8243;][vc_empty_space height=&#8221;22vw&#8221;][vc_custom_heading source=&#8221;post_title&#8221; font_container=&#8221;tag:h1|text_align:left|color:%23ffffff&#8221; use_theme_fonts=&#8221;yes&#8221; css=&#8221;.vc_custom_1688383067404{margin-top: 0px !important;margin-bottom: [&hellip;]<\/p>\n","protected":false},"author":1,"featured_media":0,"parent":381,"menu_order":0,"comment_status":"closed","ping_status":"closed","template":"template-fullwidth.php","meta":{"_acf_changed":false,"inline_featured_image":false,"footnotes":""},"class_list":["post-384","page","type-page","status-publish","hentry"],"acf":[],"yoast_head":"<!-- This site is optimized with the Yoast SEO plugin v23.8 - https:\/\/yoast.com\/wordpress\/plugins\/seo\/ -->\n<title>Salute mentale dopo il tumore alla prostata: supporto emotivo | Oncolifestyle<\/title>\n<meta name=\"description\" content=\"Scopri come il tumore influisce sulla tua salute cognitiva ed emotiva e come vivere in modo positivo.\" \/>\n<meta name=\"robots\" content=\"index, follow, max-snippet:-1, max-image-preview:large, max-video-preview:-1\" \/>\n<link rel=\"canonical\" href=\"https:\/\/www.oncolifestyle.com\/it\/tumore-alla-prostata\/salute-mentale\/\" \/>\n<meta property=\"og:locale\" content=\"it_IT\" \/>\n<meta property=\"og:type\" content=\"article\" \/>\n<meta property=\"og:title\" content=\"Salute mentale dopo il tumore alla prostata: supporto emotivo | Oncolifestyle\" \/>\n<meta property=\"og:description\" content=\"Scopri come il tumore influisce sulla tua salute cognitiva ed emotiva e come vivere in modo positivo.\" \/>\n<meta property=\"og:url\" content=\"https:\/\/www.oncolifestyle.com\/it\/tumore-alla-prostata\/salute-mentale\/\" \/>\n<meta property=\"og:site_name\" content=\"Oncolifestyle\" \/>\n<meta property=\"article:modified_time\" content=\"2024-12-18T12:11:31+00:00\" \/>\n<meta name=\"twitter:card\" content=\"summary_large_image\" \/>\n<meta name=\"twitter:label1\" content=\"Tempo di lettura stimato\" \/>\n\t<meta name=\"twitter:data1\" content=\"5 minuti\" \/>\n<script type=\"application\/ld+json\" class=\"yoast-schema-graph\">{\"@context\":\"https:\/\/schema.org\",\"@graph\":[{\"@type\":\"WebPage\",\"@id\":\"https:\/\/www.oncolifestyle.com\/it\/tumore-alla-prostata\/salute-mentale\/\",\"url\":\"https:\/\/www.oncolifestyle.com\/it\/tumore-alla-prostata\/salute-mentale\/\",\"name\":\"Salute mentale dopo il tumore alla prostata: supporto emotivo | Oncolifestyle\",\"isPartOf\":{\"@id\":\"https:\/\/www.oncolifestyle.com\/it\/#website\"},\"datePublished\":\"2022-08-08T09:32:09+00:00\",\"dateModified\":\"2024-12-18T12:11:31+00:00\",\"description\":\"Scopri come il tumore influisce sulla tua salute cognitiva ed emotiva e come vivere in modo positivo.\",\"breadcrumb\":{\"@id\":\"https:\/\/www.oncolifestyle.com\/it\/tumore-alla-prostata\/salute-mentale\/#breadcrumb\"},\"inLanguage\":\"it-IT\",\"potentialAction\":[{\"@type\":\"ReadAction\",\"target\":[\"https:\/\/www.oncolifestyle.com\/it\/tumore-alla-prostata\/salute-mentale\/\"]}]},{\"@type\":\"BreadcrumbList\",\"@id\":\"https:\/\/www.oncolifestyle.com\/it\/tumore-alla-prostata\/salute-mentale\/#breadcrumb\",\"itemListElement\":[{\"@type\":\"ListItem\",\"position\":1,\"name\":\"Home\",\"item\":\"https:\/\/www.oncolifestyle.com\/it\/\"},{\"@type\":\"ListItem\",\"position\":2,\"name\":\"Tumore alla Prostata\",\"item\":\"https:\/\/www.oncolifestyle.com\/it\/tumore-alla-prostata\/\"},{\"@type\":\"ListItem\",\"position\":3,\"name\":\"Salute mentale\"}]},{\"@type\":\"WebSite\",\"@id\":\"https:\/\/www.oncolifestyle.com\/it\/#website\",\"url\":\"https:\/\/www.oncolifestyle.com\/it\/\",\"name\":\"Oncolifestyle\",\"description\":\"Helping people with cancer live well\",\"publisher\":{\"@id\":\"https:\/\/www.oncolifestyle.com\/it\/#organization\"},\"potentialAction\":[{\"@type\":\"SearchAction\",\"target\":{\"@type\":\"EntryPoint\",\"urlTemplate\":\"https:\/\/www.oncolifestyle.com\/it\/?s={search_term_string}\"},\"query-input\":{\"@type\":\"PropertyValueSpecification\",\"valueRequired\":true,\"valueName\":\"search_term_string\"}}],\"inLanguage\":\"it-IT\"},{\"@type\":\"Organization\",\"@id\":\"https:\/\/www.oncolifestyle.com\/it\/#organization\",\"name\":\"Oncolifestyle\",\"url\":\"https:\/\/www.oncolifestyle.com\/it\/\",\"logo\":{\"@type\":\"ImageObject\",\"inLanguage\":\"it-IT\",\"@id\":\"https:\/\/www.oncolifestyle.com\/it\/#\/schema\/logo\/image\/\",\"url\":\"https:\/\/www.oncolifestyle.com\/wp-content\/uploads\/2022\/08\/ONCO_LOGO_RGB_horizontal.png\",\"contentUrl\":\"https:\/\/www.oncolifestyle.com\/wp-content\/uploads\/2022\/08\/ONCO_LOGO_RGB_horizontal.png\",\"width\":2062,\"height\":434,\"caption\":\"Oncolifestyle\"},\"image\":{\"@id\":\"https:\/\/www.oncolifestyle.com\/it\/#\/schema\/logo\/image\/\"}}]}<\/script>\n<!-- \/ Yoast SEO plugin. -->","yoast_head_json":{"title":"Salute mentale dopo il tumore alla prostata: supporto emotivo | Oncolifestyle","description":"Scopri come il tumore influisce sulla tua salute cognitiva ed emotiva e come vivere in modo positivo.","robots":{"index":"index","follow":"follow","max-snippet":"max-snippet:-1","max-image-preview":"max-image-preview:large","max-video-preview":"max-video-preview:-1"},"canonical":"https:\/\/www.oncolifestyle.com\/it\/tumore-alla-prostata\/salute-mentale\/","og_locale":"it_IT","og_type":"article","og_title":"Salute mentale dopo il tumore alla prostata: supporto emotivo | Oncolifestyle","og_description":"Scopri come il tumore influisce sulla tua salute cognitiva ed emotiva e come vivere in modo positivo.","og_url":"https:\/\/www.oncolifestyle.com\/it\/tumore-alla-prostata\/salute-mentale\/","og_site_name":"Oncolifestyle","article_modified_time":"2024-12-18T12:11:31+00:00","twitter_card":"summary_large_image","twitter_misc":{"Tempo di lettura stimato":"5 minuti"},"schema":{"@context":"https:\/\/schema.org","@graph":[{"@type":"WebPage","@id":"https:\/\/www.oncolifestyle.com\/it\/tumore-alla-prostata\/salute-mentale\/","url":"https:\/\/www.oncolifestyle.com\/it\/tumore-alla-prostata\/salute-mentale\/","name":"Salute mentale dopo il tumore alla prostata: supporto emotivo | Oncolifestyle","isPartOf":{"@id":"https:\/\/www.oncolifestyle.com\/it\/#website"},"datePublished":"2022-08-08T09:32:09+00:00","dateModified":"2024-12-18T12:11:31+00:00","description":"Scopri come il tumore influisce sulla tua salute cognitiva ed emotiva e come vivere in modo positivo.","breadcrumb":{"@id":"https:\/\/www.oncolifestyle.com\/it\/tumore-alla-prostata\/salute-mentale\/#breadcrumb"},"inLanguage":"it-IT","potentialAction":[{"@type":"ReadAction","target":["https:\/\/www.oncolifestyle.com\/it\/tumore-alla-prostata\/salute-mentale\/"]}]},{"@type":"BreadcrumbList","@id":"https:\/\/www.oncolifestyle.com\/it\/tumore-alla-prostata\/salute-mentale\/#breadcrumb","itemListElement":[{"@type":"ListItem","position":1,"name":"Home","item":"https:\/\/www.oncolifestyle.com\/it\/"},{"@type":"ListItem","position":2,"name":"Tumore alla Prostata","item":"https:\/\/www.oncolifestyle.com\/it\/tumore-alla-prostata\/"},{"@type":"ListItem","position":3,"name":"Salute mentale"}]},{"@type":"WebSite","@id":"https:\/\/www.oncolifestyle.com\/it\/#website","url":"https:\/\/www.oncolifestyle.com\/it\/","name":"Oncolifestyle","description":"Helping people with cancer live well","publisher":{"@id":"https:\/\/www.oncolifestyle.com\/it\/#organization"},"potentialAction":[{"@type":"SearchAction","target":{"@type":"EntryPoint","urlTemplate":"https:\/\/www.oncolifestyle.com\/it\/?s={search_term_string}"},"query-input":{"@type":"PropertyValueSpecification","valueRequired":true,"valueName":"search_term_string"}}],"inLanguage":"it-IT"},{"@type":"Organization","@id":"https:\/\/www.oncolifestyle.com\/it\/#organization","name":"Oncolifestyle","url":"https:\/\/www.oncolifestyle.com\/it\/","logo":{"@type":"ImageObject","inLanguage":"it-IT","@id":"https:\/\/www.oncolifestyle.com\/it\/#\/schema\/logo\/image\/","url":"https:\/\/www.oncolifestyle.com\/wp-content\/uploads\/2022\/08\/ONCO_LOGO_RGB_horizontal.png","contentUrl":"https:\/\/www.oncolifestyle.com\/wp-content\/uploads\/2022\/08\/ONCO_LOGO_RGB_horizontal.png","width":2062,"height":434,"caption":"Oncolifestyle"},"image":{"@id":"https:\/\/www.oncolifestyle.com\/it\/#\/schema\/logo\/image\/"}}]}},"_links":{"self":[{"href":"https:\/\/www.oncolifestyle.com\/it\/wp-json\/wp\/v2\/pages\/384","targetHints":{"allow":["GET"]}}],"collection":[{"href":"https:\/\/www.oncolifestyle.com\/it\/wp-json\/wp\/v2\/pages"}],"about":[{"href":"https:\/\/www.oncolifestyle.com\/it\/wp-json\/wp\/v2\/types\/page"}],"author":[{"embeddable":true,"href":"https:\/\/www.oncolifestyle.com\/it\/wp-json\/wp\/v2\/users\/1"}],"replies":[{"embeddable":true,"href":"https:\/\/www.oncolifestyle.com\/it\/wp-json\/wp\/v2\/comments?post=384"}],"version-history":[{"count":9,"href":"https:\/\/www.oncolifestyle.com\/it\/wp-json\/wp\/v2\/pages\/384\/revisions"}],"predecessor-version":[{"id":3943,"href":"https:\/\/www.oncolifestyle.com\/it\/wp-json\/wp\/v2\/pages\/384\/revisions\/3943"}],"up":[{"embeddable":true,"href":"https:\/\/www.oncolifestyle.com\/it\/wp-json\/wp\/v2\/pages\/381"}],"wp:attachment":[{"href":"https:\/\/www.oncolifestyle.com\/it\/wp-json\/wp\/v2\/media?parent=384"}],"curies":[{"name":"wp","href":"https:\/\/api.w.org\/{rel}","templated":true}]}}