{"id":393,"date":"2022-08-08T09:32:21","date_gmt":"2022-08-08T09:32:21","guid":{"rendered":"https:\/\/oncolifestyle-com.orientedhosting.com\/prostate-cancer\/sexual-health\/"},"modified":"2025-09-11T11:53:35","modified_gmt":"2025-09-11T11:53:35","slug":"salute-sessuale","status":"publish","type":"page","link":"https:\/\/www.oncolifestyle.com\/it\/tumore-alla-prostata\/salute-sessuale\/","title":{"rendered":"Salute sessuale"},"content":{"rendered":"<div class=\"wpb-content-wrapper\"><p>[vc_row full_width=&#8221;stretch_row&#8221; css=&#8221;.vc_custom_1660927072894{background-image: url(https:\/\/www.oncolifestyle.com\/wp-content\/uploads\/2022\/08\/banner-sexual-health.jpg?id=110) !important;background-position: center !important;background-repeat: no-repeat !important;background-size: cover !important;}&#8221;][vc_column width=&#8221;1\/12&#8243;][\/vc_column][vc_column width=&#8221;10\/12&#8243;][vc_empty_space height=&#8221;22vw&#8221;][vc_custom_heading source=&#8221;post_title&#8221; font_container=&#8221;tag:h1|text_align:left|color:%23ffffff&#8221; use_theme_fonts=&#8221;yes&#8221; css=&#8221;.vc_custom_1688383586397{margin-top: 0px !important;margin-bottom: 100px !important;}&#8221; el_class=&#8221;page-title&#8221;][\/vc_column][vc_column width=&#8221;1\/12&#8243;][\/vc_column][\/vc_row][vc_row][vc_column width=&#8221;1\/12&#8243;][\/vc_column][vc_column width=&#8221;1\/2&#8243;][vc_column_text el_class=&#8221;breadcrumbs&#8221;]<!-- Breadcrumb NavXT 7.3.1 -->\n<span property=\"itemListElement\" typeof=\"ListItem\"><a property=\"item\" typeof=\"WebPage\" title=\"Vai a Oncolifestyle.\" href=\"https:\/\/www.oncolifestyle.com\/it\/\" class=\"home\" aria-current=\"page\"><span property=\"name\">Oncolifestyle<\/span><\/a><meta property=\"position\" content=\"1\"><\/span>[\/vc_column_text][vc_column_text]<\/p>\n<h6 class=\"green-pill\">SCELTE SANE<\/h6>\n<h2>Tumore alla prostata e vita sessuale sana<\/h2>\n<p>Per molti di noi, il sesso fa parte della vita. Ci fa sentire bene, crea intimit\u00e0, rafforza le relazioni e ci permette di goderci maggiormente la vita.<sup>1<\/sup>\u00a0Pu\u00f2 inoltre giovare alla salute fisica.<sup>2<\/sup><\/p>\n<p>Purtroppo il trattamento del tumore alla prostata pu\u00f2 avere un impatto sulla salute sessuale. Non \u00e8 raro che si manifestino disfunzioni erettili e un basso livello di libido (desiderio sessuale) e questo pu\u00f2 avere un effetto negativo su di te e sulla tua relazione. Ma c\u2019\u00e8 una luce in fondo al tunnel. Sia che tu stia cercando informazioni per te stesso or per la tua coppia, siamo qui per aiutarti a capire come il trattamento influisce sulla salute sessuale e a trovare nuovi modi per gestire gli effetti collaterali indesiderati. Con un po\u2019 di pazienza e alcune eccellenti opzioni per gestire e migliorare le funzioni erettili, \u00e8 possibile tornare a godere di una vita sessuale sana durante, e dopo, il tumore alla prostata.[\/vc_column_text][\/vc_column][vc_column width=&#8221;5\/12&#8243;][vc_single_image image=&#8221;2963&#8243; img_size=&#8221;large&#8221; el_class=&#8221;page-circle-image&#8221;][\/vc_column][\/vc_row][vc_row css=&#8221;.vc_custom_1731416878868{padding-bottom: 50px !important;}&#8221;][vc_column width=&#8221;1\/12&#8243;][\/vc_column][vc_column width=&#8221;10\/12&#8243;][vc_video link=&#8221;https:\/\/player.vimeo.com\/video\/1115761476&#8243;][\/vc_column][vc_column width=&#8221;1\/12&#8243;][\/vc_column][\/vc_row][vc_row][vc_column width=&#8221;1\/12&#8243;][\/vc_column][vc_column width=&#8221;10\/12&#8243;][vc_custom_heading text=&#8221;Scopri le opzioni di trattamento&#8221; font_container=&#8221;tag:h2|text_align:center&#8221; use_theme_fonts=&#8221;yes&#8221; el_class=&#8221;accent-line center size-sm&#8221; css=&#8221;.vc_custom_1733922778843{margin-top: 100px !important;margin-bottom: 50px !important;}&#8221;][vc_column_text]<\/p>\n<p style=\"text-align: center;\">Prima di scegliere una terapia, \u00e8 necessario capire come ci\u00f2 potrebbe influenzare la tua vita sessuale e la tua relazione. Ad esempio, se la diagnosi indica la presenza di un tumore localizzato, potresti affrontarlo di petto con un trattamento aggressivo come la chirurgia della prostata o la radioterapia. Purtroppo entrambi questi trattamenti causano comunemente disfunzione erettile. Per molte persone questo pu\u00f2 avere un grande impatto sulla qualit\u00e0 della vita<sup>3<\/sup>, e per loro la sorveglianza attiva potrebbe essere una scelta pi\u00f9 adatta<sup>3<\/sup>.<\/p>\n<p>[\/vc_column_text][\/vc_column][vc_column width=&#8221;1\/12&#8243;][\/vc_column][\/vc_row][vc_row equal_height=&#8221;yes&#8221; css=&#8221;.vc_custom_1731374027941{padding-bottom: 100px !important;}&#8221;][vc_column width=&#8221;1\/12&#8243;][\/vc_column][vc_column width=&#8221;10\/12&#8243;][vc_column_text el_class=&#8221;box-shadow&#8221; css=&#8221;.vc_custom_1733922930152{padding-top: 30px !important;padding-right: 50px !important;padding-bottom: 30px !important;padding-left: 50px !important;}&#8221;]<\/p>\n<h6>diverse opzioni di trattamento<\/h6>\n<p><span style=\"color: #69bfa8;\"><strong>Quando ci si trova di fronte a diverse opzioni di trattamento, \u00e8 importante effettuare una scelta che corrisponda ai propri valori e alle proprie priorit\u00e0.<\/strong><\/span><\/p>\n<p>&nbsp;<\/p>\n<p>Preferisci una vita lunga, che per\u00f2 comporta effetti collaterali impegnativi, o una maggiore qualit\u00e0 di vita per, potenzialmente, meno anni? La decisione \u00e8 molto personale e dovrebbe essere valutata attentamente, anche con l\u2019aiuto di un medico.<\/p>\n<h6>Potresti anche trovare utile:<\/h6>\n<ul id=\"sh-icon-list\">\n<li>Chiedere al tuo medico in che modo i trattamenti per il tumore alla prostata influenzeranno la tua salute sessuale<\/li>\n<li>Unirti a un gruppo di supporto locale per sentire le esperienze di altri pazienti<\/li>\n<li>Discutere dei tuoi pensieri con uno psicologo<\/li>\n<li>Consultare testimonianze di sopravvissuti al tumore alla prostata pubblicate su podcast, articoli e forum<\/li>\n<\/ul>\n<ul id=\"sh-icon-list\"><\/ul>\n<p>[\/vc_column_text][\/vc_column][vc_column width=&#8221;1\/12&#8243;][\/vc_column][\/vc_row][vc_row][vc_column width=&#8221;1\/12&#8243;][\/vc_column][vc_column width=&#8221;10\/12&#8243;][vc_custom_heading text=&#8221;Lo sapevi?&#8221; font_container=&#8221;tag:h2|text_align:center&#8221; use_theme_fonts=&#8221;yes&#8221; el_class=&#8221;accent-line center size-sm&#8221; css=&#8221;.vc_custom_1688383250157{margin-top: 100px !important;margin-bottom: 50px !important;}&#8221;][vc_column_text]<\/p>\n<p style=\"text-align: center;\">Il rimpianto per la scelta del trattamento del tumore alla prostata \u00e8 quasi sei volte pi\u00f9 comune nelle persone che hanno sottovalutato i possibili effetti collaterali.<sup>4<\/sup> Parlare con il medico, leggere e informarsi sulle opzioni di trattamento \u00e8 un ottimo modo per capire a cosa si va incontro e fare una scelta informata.<\/p>\n<p>[\/vc_column_text][\/vc_column][vc_column width=&#8221;1\/12&#8243;][\/vc_column][\/vc_row][vc_row content_placement=&#8221;middle&#8221; css=&#8221;.vc_custom_1661956823642{background-image: url(https:\/\/www.oncolifestyle.com\/wp-content\/uploads\/2022\/08\/sh-bg.jpeg?id=351) !important;background-position: center !important;background-repeat: no-repeat !important;background-size: contain !important;}&#8221;][vc_column width=&#8221;2\/12&#8243;][\/vc_column][vc_column width=&#8221;4\/12&#8243; el_class=&#8221;overlap&#8221;][vc_single_image image=&#8221;483&#8243; img_size=&#8221;full&#8221; alignment=&#8221;right&#8221;][\/vc_column][vc_column width=&#8221;6\/12&#8243;][\/vc_column][\/vc_row][vc_row css=&#8221;.vc_custom_1731373434427{padding-bottom: 250px !important;}&#8221;][vc_column width=&#8221;1\/12&#8243;][\/vc_column][vc_column width=&#8221;10\/12&#8243;][vc_custom_heading text=&#8221;Scoprite le novit\u00e0&#8221; font_container=&#8221;tag:h2|text_align:center&#8221; use_theme_fonts=&#8221;yes&#8221; el_class=&#8221;accent-line center size-sm&#8221; css=&#8221;.vc_custom_1733920978149{margin-top: 100px !important;margin-bottom: 50px !important;}&#8221;][\/vc_column][vc_column width=&#8221;1\/12&#8243;][\/vc_column][\/vc_row][vc_row css=&#8221;.vc_custom_1732191381652{background-image: url(https:\/\/www.oncolifestyle.com\/wp-content\/uploads\/2022\/11\/news-bg.jpg?id=677) !important;}&#8221; el_id=&#8221;articles-row-wrapper&#8221;][vc_column][vc_column_text css=&#8221;.vc_custom_1732191298854{margin-top: -200px !important;margin-bottom: 80px !important;}&#8221;]<div class=\"ajax-posts-container \" id=\"ajax-posts-container-1462703765\" data-feature-first=\"false\"><div class=\"custom-post-grid\" data-categories=\"57\" data-active-categories=\"57\" data-posts-per-page=\"3\" data-limit=\"100\" data-paged=\"1\">\t\t\t<div class=\"custom-post-card\">\n\t\t\t\t\t\t\t\t\t<a class=\"post-thumbnail-wrapper\" href=\"https:\/\/www.oncolifestyle.com\/it\/salute-sessuale\/counselling-e-supporto\/\">\n\t\t\t\t\t\t<img decoding=\"async\" src=\"https:\/\/www.oncolifestyle.com\/wp-content\/uploads\/2024\/11\/marriage-counselor-taking-notes-while-having-meeting-with-couple-office.jpg\" alt=\"Counselling e supporto\" class=\"post-thumbnail\" \/>\n\t\t\t\t\t<\/a>\n\t\t\t\t\t\t\t\t<div class=\"post-content\">\n\t\t\t\t\t\t\t\t\t\t\t<span class=\"post-category green-pill\">Salute sessuale<\/span>\n\t\t\t\t\t\t\t\t\t\n\t\t\t\t\t<h2 class=\"post-title\"><a href=\"https:\/\/www.oncolifestyle.com\/it\/salute-sessuale\/counselling-e-supporto\/\">Counselling e supporto<\/a><\/h2>\n\t\t\t\t\t<a href=\"https:\/\/www.oncolifestyle.com\/it\/salute-sessuale\/counselling-e-supporto\/\" class=\"read-more\">Scopri di pi\u00f9<\/a>\n\t\t\t\t<\/div>\n\t\t\t<\/div>\n\t\t\t\t\t\t<div class=\"custom-post-card\">\n\t\t\t\t\t\t\t\t\t<a class=\"post-thumbnail-wrapper\" href=\"https:\/\/www.oncolifestyle.com\/it\/salute-sessuale\/migliora-lintimita-di-coppia\/\">\n\t\t\t\t\t\t<img decoding=\"async\" src=\"https:\/\/www.oncolifestyle.com\/wp-content\/uploads\/2024\/11\/couple-sits-bench-park-smiling-looking-each-other.jpg\" alt=\"Migliora l&#8217;intimit\u00e0 di coppia\" class=\"post-thumbnail\" \/>\n\t\t\t\t\t<\/a>\n\t\t\t\t\t\t\t\t<div class=\"post-content\">\n\t\t\t\t\t\t\t\t\t\t\t<span class=\"post-category green-pill\">Salute sessuale<\/span>\n\t\t\t\t\t\t\t\t\t\n\t\t\t\t\t<h2 class=\"post-title\"><a href=\"https:\/\/www.oncolifestyle.com\/it\/salute-sessuale\/migliora-lintimita-di-coppia\/\">Migliora l&#8217;intimit\u00e0 di coppia<\/a><\/h2>\n\t\t\t\t\t<a href=\"https:\/\/www.oncolifestyle.com\/it\/salute-sessuale\/migliora-lintimita-di-coppia\/\" class=\"read-more\">Scopri di pi\u00f9<\/a>\n\t\t\t\t<\/div>\n\t\t\t<\/div>\n\t\t\t\t\t\t<div class=\"custom-post-card\">\n\t\t\t\t\t\t\t\t\t<a class=\"post-thumbnail-wrapper\" href=\"https:\/\/www.oncolifestyle.com\/it\/salute-sessuale\/trattamento-della-disfunzione-erettile\/\">\n\t\t\t\t\t\t<img decoding=\"async\" src=\"https:\/\/www.oncolifestyle.com\/wp-content\/uploads\/2024\/11\/medium-shot-smiley-people-hugging.jpg\" alt=\"Trattamento della disfunzione erettile\" class=\"post-thumbnail\" \/>\n\t\t\t\t\t<\/a>\n\t\t\t\t\t\t\t\t<div class=\"post-content\">\n\t\t\t\t\t\t\t\t\t\t\t<span class=\"post-category green-pill\">Salute sessuale<\/span>\n\t\t\t\t\t\t\t\t\t\n\t\t\t\t\t<h2 class=\"post-title\"><a href=\"https:\/\/www.oncolifestyle.com\/it\/salute-sessuale\/trattamento-della-disfunzione-erettile\/\">Trattamento della disfunzione erettile<\/a><\/h2>\n\t\t\t\t\t<a href=\"https:\/\/www.oncolifestyle.com\/it\/salute-sessuale\/trattamento-della-disfunzione-erettile\/\" class=\"read-more\">Scopri di pi\u00f9<\/a>\n\t\t\t\t<\/div>\n\t\t\t<\/div>\n\t\t\t<\/div>\n\t\t<div class=\"vc_btn3-container  view-more-articles vc_btn3-center\" style=\"margin-top: 20px;\">\n\t\t\t<button class=\"load-more vc_general vc_btn3 vc_btn3-size-md vc_btn3-shape-round vc_btn3-style-classic vc_btn3-color-danger\" data-paged=\"2\">Visualizza altri articoli<\/button>\n\t\t<\/div> <\/div>[\/vc_column_text][\/vc_column][\/vc_row][vc_row css=&#8221;.vc_custom_1660737759822{margin-top: 50px !important;margin-bottom: 50px !important;}&#8221;][vc_column][vc_column_text]<\/p>\n<h6 style=\"text-align: center;\">LE NOSTRE FONTI<\/h6>\n<p style=\"text-align: center;\"><span class=\"sources-btn show-source\">Da dove provengono queste informazioni?<\/span><\/p>\n<p>[\/vc_column_text][\/vc_column][\/vc_row][vc_row full_width=&#8221;stretch_row&#8221; el_class=&#8221;source&#8221;][vc_column][vc_raw_html]JTNDZGl2JTIwY2xhc3MlM0QlMjJzdmdfX3dyYXBwZXIlMjBjbG9zZS1zb3VyY2UlMjIlM0UlMEElM0NzdmclMjBjbGFzcyUzRCUyMmljb24lMjBpY29uLS1jbG9zZSUyMiUyMGFyaWEtaGlkZGVuJTNEJTIydHJ1ZSUyMiUyMHJvbGUlM0QlMjJpbWclMjIlM0UlM0N1c2UlMjB4bGluayUzQWhyZWYlM0QlMjIlMjNpY29uLWNsb3NlJTIyJTNFJTNDJTJGdXNlJTNFJTNDJTJGc3ZnJTNFJTBBJTNDJTJGZGl2JTNFJTBB[\/vc_raw_html][vc_column_text]<\/p>\n<h6 class=\"accent-line\">LE NOSTRE FONTI<\/h6>\n<h4><strong>Da dove provengono queste informazioni?<\/strong><\/h4>\n<ol>\n<li>Smith, L. et al. Sexual Activity is Associated with Greater Enjoyment of Life in Older Adults. Sex. Med. 7, 11\u201318 (2019).<\/li>\n<li>Brody, S. The Relative Health Benefits of Different Sexual Activities. J. Sex. Med. 7, 1336\u20131361 (2010).<\/li>\n<li>EUPROMS. Europa Uomo\u2019s study on quality of life after prostate cancer treatment: summary of findings. https:\/\/www.europa-uomo.org\/wp-content\/uploads\/2021\/07\/EU_booklet_5July_web.pdf.<\/li>\n<li>Wallis, C. J. D. et al. Association of Treatment Modality, Functional Outcomes, and Baseline Characteristics With Treatment-Related Regret Among Men With Localized Prostate Cancer. JAMA Oncol. 8, 50 (2022).<\/li>\n<\/ol>\n<p>[\/vc_column_text][\/vc_column][\/vc_row]<\/p>\n<\/div>","protected":false},"excerpt":{"rendered":"<p>[vc_row full_width=&#8221;stretch_row&#8221; css=&#8221;.vc_custom_1660927072894{background-image: url(https:\/\/www.oncolifestyle.com\/wp-content\/uploads\/2022\/08\/banner-sexual-health.jpg?id=110) !important;background-position: center !important;background-repeat: no-repeat !important;background-size: cover !important;}&#8221;][vc_column width=&#8221;1\/12&#8243;][\/vc_column][vc_column width=&#8221;10\/12&#8243;][vc_empty_space height=&#8221;22vw&#8221;][vc_custom_heading source=&#8221;post_title&#8221; font_container=&#8221;tag:h1|text_align:left|color:%23ffffff&#8221; use_theme_fonts=&#8221;yes&#8221; css=&#8221;.vc_custom_1688383586397{margin-top: 0px !important;margin-bottom: [&hellip;]<\/p>\n","protected":false},"author":1,"featured_media":0,"parent":381,"menu_order":0,"comment_status":"closed","ping_status":"closed","template":"template-fullwidth.php","meta":{"_acf_changed":false,"inline_featured_image":false,"footnotes":""},"class_list":["post-393","page","type-page","status-publish","hentry"],"acf":[],"yoast_head":"<!-- This site is optimized with the Yoast SEO plugin v23.8 - https:\/\/yoast.com\/wordpress\/plugins\/seo\/ -->\n<title>Salute sessuale dopo il tumore alla prostata | Oncolifestyle<\/title>\n<meta name=\"description\" content=\"Informati sugli effetti dei vari trattamenti contro il tumore alla prostata e le modalit\u00e0 a disposizione per mantenere una vita sessuale attiva.\" \/>\n<meta name=\"robots\" content=\"index, follow, max-snippet:-1, max-image-preview:large, max-video-preview:-1\" \/>\n<link rel=\"canonical\" href=\"https:\/\/www.oncolifestyle.com\/it\/tumore-alla-prostata\/salute-sessuale\/\" \/>\n<meta property=\"og:locale\" content=\"it_IT\" \/>\n<meta property=\"og:type\" content=\"article\" \/>\n<meta property=\"og:title\" content=\"Salute sessuale dopo il tumore alla prostata | Oncolifestyle\" \/>\n<meta property=\"og:description\" content=\"Informati sugli effetti dei vari trattamenti contro il tumore alla prostata e le modalit\u00e0 a disposizione per mantenere una vita sessuale attiva.\" \/>\n<meta property=\"og:url\" content=\"https:\/\/www.oncolifestyle.com\/it\/tumore-alla-prostata\/salute-sessuale\/\" \/>\n<meta property=\"og:site_name\" content=\"Oncolifestyle\" \/>\n<meta property=\"article:modified_time\" content=\"2025-09-11T11:53:35+00:00\" \/>\n<meta name=\"twitter:card\" content=\"summary_large_image\" \/>\n<meta name=\"twitter:label1\" content=\"Tempo di lettura stimato\" \/>\n\t<meta name=\"twitter:data1\" content=\"4 minuti\" \/>\n<script type=\"application\/ld+json\" class=\"yoast-schema-graph\">{\"@context\":\"https:\/\/schema.org\",\"@graph\":[{\"@type\":\"WebPage\",\"@id\":\"https:\/\/www.oncolifestyle.com\/it\/tumore-alla-prostata\/salute-sessuale\/\",\"url\":\"https:\/\/www.oncolifestyle.com\/it\/tumore-alla-prostata\/salute-sessuale\/\",\"name\":\"Salute sessuale dopo il tumore alla prostata | Oncolifestyle\",\"isPartOf\":{\"@id\":\"https:\/\/www.oncolifestyle.com\/it\/#website\"},\"datePublished\":\"2022-08-08T09:32:21+00:00\",\"dateModified\":\"2025-09-11T11:53:35+00:00\",\"description\":\"Informati sugli effetti dei vari trattamenti contro il tumore alla prostata e le modalit\u00e0 a disposizione per mantenere una vita sessuale attiva.\",\"breadcrumb\":{\"@id\":\"https:\/\/www.oncolifestyle.com\/it\/tumore-alla-prostata\/salute-sessuale\/#breadcrumb\"},\"inLanguage\":\"it-IT\",\"potentialAction\":[{\"@type\":\"ReadAction\",\"target\":[\"https:\/\/www.oncolifestyle.com\/it\/tumore-alla-prostata\/salute-sessuale\/\"]}]},{\"@type\":\"BreadcrumbList\",\"@id\":\"https:\/\/www.oncolifestyle.com\/it\/tumore-alla-prostata\/salute-sessuale\/#breadcrumb\",\"itemListElement\":[{\"@type\":\"ListItem\",\"position\":1,\"name\":\"Home\",\"item\":\"https:\/\/www.oncolifestyle.com\/it\/\"},{\"@type\":\"ListItem\",\"position\":2,\"name\":\"Tumore alla Prostata\",\"item\":\"https:\/\/www.oncolifestyle.com\/it\/tumore-alla-prostata\/\"},{\"@type\":\"ListItem\",\"position\":3,\"name\":\"Salute sessuale\"}]},{\"@type\":\"WebSite\",\"@id\":\"https:\/\/www.oncolifestyle.com\/it\/#website\",\"url\":\"https:\/\/www.oncolifestyle.com\/it\/\",\"name\":\"Oncolifestyle\",\"description\":\"Helping people with cancer live well\",\"publisher\":{\"@id\":\"https:\/\/www.oncolifestyle.com\/it\/#organization\"},\"potentialAction\":[{\"@type\":\"SearchAction\",\"target\":{\"@type\":\"EntryPoint\",\"urlTemplate\":\"https:\/\/www.oncolifestyle.com\/it\/?s={search_term_string}\"},\"query-input\":{\"@type\":\"PropertyValueSpecification\",\"valueRequired\":true,\"valueName\":\"search_term_string\"}}],\"inLanguage\":\"it-IT\"},{\"@type\":\"Organization\",\"@id\":\"https:\/\/www.oncolifestyle.com\/it\/#organization\",\"name\":\"Oncolifestyle\",\"url\":\"https:\/\/www.oncolifestyle.com\/it\/\",\"logo\":{\"@type\":\"ImageObject\",\"inLanguage\":\"it-IT\",\"@id\":\"https:\/\/www.oncolifestyle.com\/it\/#\/schema\/logo\/image\/\",\"url\":\"https:\/\/www.oncolifestyle.com\/wp-content\/uploads\/2022\/08\/ONCO_LOGO_RGB_horizontal.png\",\"contentUrl\":\"https:\/\/www.oncolifestyle.com\/wp-content\/uploads\/2022\/08\/ONCO_LOGO_RGB_horizontal.png\",\"width\":2062,\"height\":434,\"caption\":\"Oncolifestyle\"},\"image\":{\"@id\":\"https:\/\/www.oncolifestyle.com\/it\/#\/schema\/logo\/image\/\"}}]}<\/script>\n<!-- \/ Yoast SEO plugin. -->","yoast_head_json":{"title":"Salute sessuale dopo il tumore alla prostata | Oncolifestyle","description":"Informati sugli effetti dei vari trattamenti contro il tumore alla prostata e le modalit\u00e0 a disposizione per mantenere una vita sessuale attiva.","robots":{"index":"index","follow":"follow","max-snippet":"max-snippet:-1","max-image-preview":"max-image-preview:large","max-video-preview":"max-video-preview:-1"},"canonical":"https:\/\/www.oncolifestyle.com\/it\/tumore-alla-prostata\/salute-sessuale\/","og_locale":"it_IT","og_type":"article","og_title":"Salute sessuale dopo il tumore alla prostata | Oncolifestyle","og_description":"Informati sugli effetti dei vari trattamenti contro il tumore alla prostata e le modalit\u00e0 a disposizione per mantenere una vita sessuale attiva.","og_url":"https:\/\/www.oncolifestyle.com\/it\/tumore-alla-prostata\/salute-sessuale\/","og_site_name":"Oncolifestyle","article_modified_time":"2025-09-11T11:53:35+00:00","twitter_card":"summary_large_image","twitter_misc":{"Tempo di lettura stimato":"4 minuti"},"schema":{"@context":"https:\/\/schema.org","@graph":[{"@type":"WebPage","@id":"https:\/\/www.oncolifestyle.com\/it\/tumore-alla-prostata\/salute-sessuale\/","url":"https:\/\/www.oncolifestyle.com\/it\/tumore-alla-prostata\/salute-sessuale\/","name":"Salute sessuale dopo il tumore alla prostata | Oncolifestyle","isPartOf":{"@id":"https:\/\/www.oncolifestyle.com\/it\/#website"},"datePublished":"2022-08-08T09:32:21+00:00","dateModified":"2025-09-11T11:53:35+00:00","description":"Informati sugli effetti dei vari trattamenti contro il tumore alla prostata e le modalit\u00e0 a disposizione per mantenere una vita sessuale attiva.","breadcrumb":{"@id":"https:\/\/www.oncolifestyle.com\/it\/tumore-alla-prostata\/salute-sessuale\/#breadcrumb"},"inLanguage":"it-IT","potentialAction":[{"@type":"ReadAction","target":["https:\/\/www.oncolifestyle.com\/it\/tumore-alla-prostata\/salute-sessuale\/"]}]},{"@type":"BreadcrumbList","@id":"https:\/\/www.oncolifestyle.com\/it\/tumore-alla-prostata\/salute-sessuale\/#breadcrumb","itemListElement":[{"@type":"ListItem","position":1,"name":"Home","item":"https:\/\/www.oncolifestyle.com\/it\/"},{"@type":"ListItem","position":2,"name":"Tumore alla Prostata","item":"https:\/\/www.oncolifestyle.com\/it\/tumore-alla-prostata\/"},{"@type":"ListItem","position":3,"name":"Salute sessuale"}]},{"@type":"WebSite","@id":"https:\/\/www.oncolifestyle.com\/it\/#website","url":"https:\/\/www.oncolifestyle.com\/it\/","name":"Oncolifestyle","description":"Helping people with cancer live well","publisher":{"@id":"https:\/\/www.oncolifestyle.com\/it\/#organization"},"potentialAction":[{"@type":"SearchAction","target":{"@type":"EntryPoint","urlTemplate":"https:\/\/www.oncolifestyle.com\/it\/?s={search_term_string}"},"query-input":{"@type":"PropertyValueSpecification","valueRequired":true,"valueName":"search_term_string"}}],"inLanguage":"it-IT"},{"@type":"Organization","@id":"https:\/\/www.oncolifestyle.com\/it\/#organization","name":"Oncolifestyle","url":"https:\/\/www.oncolifestyle.com\/it\/","logo":{"@type":"ImageObject","inLanguage":"it-IT","@id":"https:\/\/www.oncolifestyle.com\/it\/#\/schema\/logo\/image\/","url":"https:\/\/www.oncolifestyle.com\/wp-content\/uploads\/2022\/08\/ONCO_LOGO_RGB_horizontal.png","contentUrl":"https:\/\/www.oncolifestyle.com\/wp-content\/uploads\/2022\/08\/ONCO_LOGO_RGB_horizontal.png","width":2062,"height":434,"caption":"Oncolifestyle"},"image":{"@id":"https:\/\/www.oncolifestyle.com\/it\/#\/schema\/logo\/image\/"}}]}},"_links":{"self":[{"href":"https:\/\/www.oncolifestyle.com\/it\/wp-json\/wp\/v2\/pages\/393","targetHints":{"allow":["GET"]}}],"collection":[{"href":"https:\/\/www.oncolifestyle.com\/it\/wp-json\/wp\/v2\/pages"}],"about":[{"href":"https:\/\/www.oncolifestyle.com\/it\/wp-json\/wp\/v2\/types\/page"}],"author":[{"embeddable":true,"href":"https:\/\/www.oncolifestyle.com\/it\/wp-json\/wp\/v2\/users\/1"}],"replies":[{"embeddable":true,"href":"https:\/\/www.oncolifestyle.com\/it\/wp-json\/wp\/v2\/comments?post=393"}],"version-history":[{"count":12,"href":"https:\/\/www.oncolifestyle.com\/it\/wp-json\/wp\/v2\/pages\/393\/revisions"}],"predecessor-version":[{"id":3992,"href":"https:\/\/www.oncolifestyle.com\/it\/wp-json\/wp\/v2\/pages\/393\/revisions\/3992"}],"up":[{"embeddable":true,"href":"https:\/\/www.oncolifestyle.com\/it\/wp-json\/wp\/v2\/pages\/381"}],"wp:attachment":[{"href":"https:\/\/www.oncolifestyle.com\/it\/wp-json\/wp\/v2\/media?parent=393"}],"curies":[{"name":"wp","href":"https:\/\/api.w.org\/{rel}","templated":true}]}}