{"id":966,"date":"2022-07-26T12:58:38","date_gmt":"2022-07-26T12:58:38","guid":{"rendered":"https:\/\/www.oncolifestyle.com\/privacy-policy\/"},"modified":"2024-05-17T08:39:40","modified_gmt":"2024-05-17T08:39:40","slug":"privacy-policy","status":"publish","type":"page","link":"https:\/\/www.oncolifestyle.com\/it\/privacy-policy\/","title":{"rendered":"Politica sulla privacy"},"content":{"rendered":"<div class=\"wpb-content-wrapper\"><p>[vc_row full_width=&#8221;stretch_row&#8221; css=&#8221;.vc_custom_1668678132816{background-image: url(https:\/\/www.oncolifestyle.com\/wp-content\/uploads\/2022\/11\/banner-1.jpg?id=450) !important;background-position: center !important;background-repeat: no-repeat !important;background-size: cover !important;}&#8221;][vc_column width=&#8221;1\/2&#8243;][vc_custom_heading text=&#8221;Politica sulla privacy&#8221; font_container=&#8221;tag:h1|font_size:72px|text_align:center|color:%23ffffff|line_height:72px&#8221; use_theme_fonts=&#8221;yes&#8221; css=&#8221;.vc_custom_1715935109369{margin-top: 145px !important;margin-bottom: 200px !important;padding-top: 10px !important;padding-right: 20px !important;padding-bottom: 20px !important;padding-left: 20px !important;background-color: #064c78 !important;}&#8221;][\/vc_column][vc_column width=&#8221;1\/2&#8243;][\/vc_column][\/vc_row][vc_row][vc_column][vc_column_text el_class=&#8221;breadcrumbs&#8221;]<span><span><a href=\"https:\/\/www.oncolifestyle.com\/it\/\">Home<\/a><\/span><\/span>[\/vc_column_text][\/vc_column][\/vc_row][vc_row][vc_column][vc_row_inner][vc_column_inner width=&#8221;1\/12&#8243;][\/vc_column_inner][vc_column_inner width=&#8221;10\/12&#8243;][vc_column_text]<strong>In vigore dal 1\u00ba luglio 2023<\/strong><\/p>\n<p>La presente Dichiarazione sulla privacy si applica ai dati raccolti quando l\u2019utente visita il sito web di Debiopharm all\u2019indirizzo [Oncolifestyle] https:\/\/www.oncolifestyle.com\/\u00a0(il\u201cSito\u201d), quando richiede le nostre pubblicazioni o ci contatta attraverso il Sito. Debiopharm, la cui sede centrale si trova in Svizzera, fornisce questa Dichiarazione sulla privacy riconoscendo che per l\u2019utente \u00e8 importante sapere come vengono raccolti, usati, condivisi e conservati i propri dati personali (dati relativi al traffico web).<\/p>\n<p>Visitando il nostro Sito, l\u2019utente accetta i termini della presente Dichiarazione sulla privacy e i Termini d\u2019uso che la accompagnano.<\/p>\n<p><strong>Quali dati raccogliamo; l\u2019obiettivo della raccolta ed uso<\/strong><\/p>\n<p>Raccogliamo i dati che rientrano nelle seguenti categorie.<\/p>\n<p><strong>1 \u2013 Google Analytics<\/strong><\/p>\n<p>Come la maggior parte delle organizzazioni, quando l\u2019utente visita il nostro Sito ci affidiamo alla tecnologia di raccolta di dati automatica (Google Analytics 4 (GA4)). Questa tecnologia ci consente di ottimizzare l\u2019esperienza web dell\u2019utente, di analizzarne l\u2019uso del sito e di identificare e risolvere i problemi tecnici. Questi sono interessi legittimi. Google Analytics 4 potrebbe utilizzare tecnologie di monitoraggio quali, a titolo esemplificativo ma non esaustivo, cookies per raccogliere informazioni per nostro conto come l\u2019indirizzo IP, la posizione in base all\u2019indirizzo IP, il fornitore di servizi internet, il tipo di browser, il sistema operativo e la lingua, le pagine e gli URL di riferimento e di uscita, la data e l\u2019ora, la quantit\u00e0 di tempo passato su pagine particolari, le sezioni del Sito visitate dall\u2019utente, il numero di link su cui clicca mentre visita il Sito, i termini di ricerca e altri dati. Google trasferir\u00e0 e conserver\u00e0 le informazioni ottenute sui server di vari paesi, inclusi gli Stati Uniti. Effettuando l\u2019accesso al sito e utilizzandolo, l\u2019utente autorizza il trattamento dei propri dati da parte di Google Analytics secondo le modalit\u00e0 e per gli obiettivi stabiliti dalla presente dichiarazione sulla privacy. Maggiori informazioni su Google Analytics, ad esempio su come interrompere la raccolta di alcuni dati,sono disponibili alla pagina\u00a0<a href=\"https:\/\/www.google.com\/analytics\">https:\/\/www.google.com\/analytics<\/a>. In caso di cancellazione da qualsiasi servizio, \u00e8 possibile che non si possano utilizzare appieno le funzionalit\u00e0 del Sito.<\/p>\n<p><strong>2 \u2013 Cookies<\/strong><\/p>\n<p>I cookies sono dei piccoli pacchetti di dati archiviati da un sito web sull\u2019hard drive del computer, affinch\u00e9 quest\u2019ultimo possa \u201cricordare\u201d le informazioni inerenti alle visite al Sito e ad altri siti come descritto nel paragrafo \u201cGoogle Analytics\u201d. Se l\u2019utente non desidera che vengano registrati dei cookies sul proprio hard drive da parte nostra, di Google Analytics 4 o del Sito, dovrebbe disattivare tale funzionalit\u00e0 sul proprio dispositivo. Si prega di consultare i documenti del proprio browser Internet per accedere alle informazioni su come farlo, ad esempio per usare il proprio browser in modalit\u00e0 in incognito per bloccare i cookies. Tuttavia, se l\u2019utente decide di non accettare i cookies del nostro Sito, quest\u2019ultimo potrebbe non funzionare correttamente o l\u2019utente potrebbe non riuscire ad utilizzare alcune funzionalit\u00e0 del nostro sito web o di alcune pagine dedicate sui social media. Per i cookies pubblicitari o dei social media, \u00e8 necessario il consenso dell\u2019utente. \u00c8 possibile consentire o bloccare questi cookies cliccando su \u2018Gestisci cookies\u2019 nel footer del sito web.<\/p>\n<p><strong>3 \u2013 Dati aggregati<\/strong><\/p>\n<p>Come parte del nostro impegno continuo per comprendere meglio i nostri utenti e il Sito, potremmo analizzare i loro dati (dati relativi al traffico web) in modalit\u00e0 aggregata per operare, mantenere, gestire e migliorare il Sito. Questi dati aggregati non identificano l\u2019utente personalmente. Potremmo condividere questi dati aggregati con i nostri associati, agenti, licenziatari e altri fornitori all\u2019interno dello Spazio economico europeo (\u201cSEE\u201d) e della Svizzera. Inoltre, potremmo comunicare le statistiche aggregate dell\u2019utente con l\u2019obiettivo di descrivere il Sito ai licenziatari attuali e potenziali e ad altre terze parti per scopi legittimi.<\/p>\n<p><strong>Partecipazione di terze parti nel trattamento dei dati personali<\/strong><\/p>\n<p>Come molte altre societ\u00e0, assumiamo altre aziende per realizzare alcuni servizi associati ad alcuni settori di attivit\u00e0 e campi di ricerca. I tipi di aziende che potrebbero trattare i dati personali ora o in futuro e le relative funzioni sono: agenzie di comunicazione e di sviluppo web. Tutte queste terze parti operano in qualit\u00e0 di nostri incaricati del trattamento e realizzano dei servizi seguendo le nostre istruzioni e per conto nostro in forza di contratti che richiedono di fornire almeno lo stesso livello di protezione della privacy richiesto dalla presente Dichiarazione sulla privacy e implementato da Debiopharm. Uno dei requisiti \u00e8 un Contratto dell\u2019incaricato del trattamento. Quando il trattamento avviene al di fuori dello SEE, Debiopharm implementer\u00e0 le misure appropriate per rispettare la Legge federale svizzera sulla protezione dei dati (FADP) e il regolamento (EU) 2016\/679 (Regolamento Generale per la Protezione dei Dati). In particolare, trasferiamo i dati personali solo nei paesi per i quali la Commissione Europea ha stabilito un livello adeguato di protezione dei dati, o utilizziamo tutele addizionali come le Clausole contrattuali standard approvate dalla Commissione Europea.<\/p>\n<p><strong>Consenso per procedere con i trasferimenti<\/strong><\/p>\n<p>Salvo se obbligati dalla legge applicabile, non divulgheremo i dati personali dell\u2019utente a terze parti senza prima ottenere il suo consento esplicito. \u00c8 possibile ritirare in qualsiasi momento il proprio consenso espresso inviandoci un messaggio \u00a0all\u2019indirizzo\u00a0<a href=\"mailto:privacy@debiopharm.com\">privacy@debiopharm.com<\/a>.<\/p>\n<p>In ogni caso, elaboreremo una risposta in tempistiche ragionevoli..<\/p>\n<p><strong>Trasferimenti aziendali<\/strong><\/p>\n<p>Nell\u2019eventualit\u00e0 di una fusione, dissoluzione o evento corporativo simile, o della vendita di tutti o sostanzialmente tutti i nostri beni, ci aspettiamo che i dati che abbiamo raccolto, inclusi i dati personali, siano trasferiti all\u2019entit\u00e0 che sopravvive nella fusione o all\u2019entit\u00e0 acquirente. Tutti i trasferimenti di questa natura saranno soggetti al nostro impegno per il rispetto della privacy e della confidenzialit\u00e0 di tali dati personali, secondo quanto stabilito dalla presente Dichiarazione sulla privacy.<\/p>\n<p><strong>Divulgazione alle autorit\u00e0 pubbliche<\/strong><\/p>\n<p>Abbiamo l\u2019obbligo di rivelare i dati personali in risposta alle richieste legittime delle autorit\u00e0 pubbliche, anche allo scopo di soddisfare requisiti di sicurezza nazionale o di applicazione della legge. Potremmo anche divulgare i dati personali a terze parti quando siamo obbligati a farlo dalle autorit\u00e0 governative o se previsto da leggi e normative, ivi compreso, a titolo esemplificativo e non esaustivo, in risposta a citazioni in giudizio e ingiunzioni.<\/p>\n<p><strong>Come proteggiamo i dati personali; i diritti dell\u2019utente sui dati<\/strong><\/p>\n<p><strong>Accesso alle informazioni personali<\/strong><\/p>\n<p>Se l\u2019utente ne far\u00e0 richiesta a\u00a0<a href=\"mailto:privacy@debiopharm.com\">privacy@debiopharm.com<\/a>, confermeremo se stiamo trattando i suoi dati personali e comunicheremo i dati in tempistiche ragionevoli.\u00a0In circostanze eccezionali, potremmo richiedere il pagamento di una commissione per le spese relative alla fornitura di tali informazioni.<\/p>\n<p><strong>I diritti dell\u2019utente<\/strong><\/p>\n<p>L\u2019utente ha il diritto di accedere a, correggere, modificare o eliminare i propri dati personali se sono inaccurati o se sono stati trattati in violazione della presente Dichiarazione sulla Privacy. Inoltre, l\u2019utente ha il diritto di richiedere una copia dei propri dati personali in un modo generalmente comprensibile e ha il diritto di richiedere di restringere il trattamento dei propri dati personali qualora ne venga contestata l\u2019accuratezza o la legittimit\u00e0.<\/p>\n<p>L\u2019utente pu\u00f2 contattarci all\u2019indirizzo <a href=\"mailto:privacy@debiopharm.com\">privacy@debiopharm.com<\/a> per la richiesta, concedendoci delle tempistiche ragionevoli per elaborare una risposta.<\/p>\n<p><strong>Conservazione dei dati personali<\/strong><\/p>\n<p>Conserveremo i dati personali dell\u2019utente in una forma che lo identifica solo fintanto che soddisfaranno l\u2019obiettivo\/gli obiettivi per cui sono stati raccolti inizialmente come indicato nella presente Dichiarazione sulla privacy, o autorizzato successivamente. Potremmo continuare a trattare i dati personali dell\u2019utente per periodi pi\u00f9 lunghi, ma solo per la durata e nella misura in cui tale trattamento sia ragionevolmente utile per l\u2019archiviazione nell\u2019interesse pubblico, per giornalismo, letteratura e arte, ricerca scientifica o storica e analisi statistica e soggetto alla protezione di questa Dichiarazione sulla privacy. Alla scadenza di questi periodi di tempo, potremmo cancellare i dati personali dell\u2019utente o conservarli in un formato che non lo identifichi personalmente.<\/p>\n<p><strong>Come proteggiamo i dati dell\u2019utente<\/strong><\/p>\n<p>Debiopharm prende sul serio la sicurezza e la privacy dei dati personali che raccoglie ai sensi della presente Dichiarazione sulla privacy. Di conseguenza, implementeremo delle misure di sicurezza ragionevoli e appropriate per proteggere i dati personali dell\u2019utente da perdita, uso improprio e accesso non autorizzato, divulgazione, alterazione e distruzione, prendendo in considerazione i rischi derivanti dal trattamento e dalla natura di tali dati e rispettando le leggi e le normative applicabili.<\/p>\n<p><strong>Minori<\/strong><\/p>\n<p>Attraverso il Sito, non raccogliamo intenzionalmente i dati personali di utenti di et\u00e0 inferiore ai 16 anni. Se l\u2019utente ha meno di 16 anni non deve fornirci dati personali. Incoraggiamo i genitori e i tutori legali a monitorare l\u2019uso che i propri figli fanno di internet e ad aiutarci ad applicare la nostra Dichiarazione sulla privacy istruendo i propri figli a non fornirci mai dati personali senza il loro permesso. Se si ha motivo di credere che un bambino al di sotto dei 16 anni ci abbia fornito dati personali, contattare\u00a0<a href=\"mailto:privacy@debiopharm.com\">privacy@debiopharm.com<\/a>\u00a0e ci impegneremo a cancellare tali dati dai nostri database. Quando abbiamo qualsiasi motivo di pensare che abbiamo raccolto dei dati da un bambino, intraprenderemo le azioni appropriate per ottenere il consenso del titolare della potest\u00e0 genitoriale o per cancellare tali informazioni.<\/p>\n<p><strong>Link a siti esterni<\/strong><\/p>\n<p>Il Sito potrebbe contenere dei link a siti web di terze parti (\u201cSiti esterni\u201d).Debiopharm non ha alcun controllo sulle pratiche di privacy di questi Siti esterni. Pertanto, non siamo responsabili delle politiche sulla privacy dei suddetti siti. L\u2019utente dovrebbe controllare la dichiarazione sulla privacy e i termini d\u2019uso applicabili dalle terze parti quando visita qualsiasi sito esterno e prima di fornire qualsiasi informazione personale a tali siti.<\/p>\n<p><strong>Avviso importante per i residenti nello Spazio economico europeo e in Svizzera<\/strong><\/p>\n<p>Debiopharm rispetta la Legge federale svizzera sulla protezione dei dati (FADP) e il regolamento (EU) 2016\/679 (Regolamento Generale per la Protezione dei Dati, GDPR) per la raccolta, uso e conservazione dei dati personali dei paesi membri dell\u2019Unione europea, oltre a Islanda, Liechtenstein, Norvegia e Svizzera. Se il nostro agente tratta tali dati personali secondo delle modalit\u00e0 che non sono in linea con il GDPR la responsabilit\u00e0 \u00e8 nostra, salvo nel caso in cui dimostriamo il contrario. In caso di conflitto tra la presente Dichiarazione sulla privacy e il GDPR e\/o il FADP, prevarr\u00e0 il GDPR e\/o FADP.<\/p>\n<p>Debiopharm si impegna a risolvere i reclami sulla privacy e sulla nostra raccolta o uso dei dati personali dell\u2019utente.<\/p>\n<p>Nel caso in cui l\u2019utente non sia soddisfatto del modo in cui Debiopharm gestisce i suoi dati personali, pu\u00f2 inviare un reclamo all\u2019autorit\u00e0 di vigilanza competente.<\/p>\n<p><strong>Modifiche alla presente Dichiarazione sulla privacy<\/strong><\/p>\n<p>La presente Dichiarazione sulla privacy entrer\u00e0 in vigore a partire dalla data riportata nella parte superiore della Dichiarazione stessa. Di tanto in tanto, potremmo apportare delle modifiche a questa Dichiarazione sulla privacy e pubblicheremo sul Sito tali modifiche non appena entreranno in vigore. Si considera che, una volta che l\u2019utente effettua l\u2019accesso al Sito dopo la realizzazione di queste modifiche alla Dichiarazione sulla privacy, le accetta. In caso di modifiche sostanziali, chiederemo all\u2019utente di fornirci il suo consenso addizionale. Raccomandiamo agli utenti di consultare con regolarit\u00e0 questa Dichiarazione sulla privacy.<\/p>\n<p><strong>Come contattarci<\/strong><\/p>\n<p>In caso di domande su questa Dichiarazione sulla privacy, inviare un\u2019e-mail all\u2019indirizzo\u00a0<a href=\"mailto:privacy@debiopharm.com\">privacy@debiopharm.com<\/a>.<\/p>\n<p>Le persone arruolate o partecipanti a uno studio clinico sponsorizzato da Debiopharm e residenti nell\u2019Unione europea possono contattare Vivenics Consultancy B.V., rappresentante di Debiopharm nell\u2019Unione europea per la protezione dei dati e nel Regno Unito in collaborazione con il partner AssureMore. \u00c8 possibile contattare Vivenics Consultancy B.V. e AssureMore riguardo a qualsiasi problema sulla protezione dei dati, inclusa la richiesta di informazioni sui dati personali, la rettifica di tali dati o il ritiro di eventuali consensi.<\/p>\n<p><strong>Rappresentante dell\u2019Unione europea<\/strong><\/p>\n<p>Vivenics Consultancy B.V.<br \/>\nWethouder van Eschstraat 46<br \/>\n5342 AT Oss<br \/>\nThe Netherlands<\/p>\n<p>e-mail:\u00a0<a href=\"mailto:representative@vivenics.com\">representative@vivenics.com<\/a><\/p>\n<p>&nbsp;<\/p>\n<p><strong>Rappresentante del Regno Unito<\/strong><\/p>\n<p>AssureMore<br \/>\n3 Diamond Avenue<br \/>\nBelfast BT10 0HG<br \/>\nNorthern Ireland, United Kingdom<br \/>\ne-mail:\u00a0<a href=\"mailto:representative@assuremore.com\">representative@assuremore.com<\/a><\/p>\n<p>Per qualsiasi problematica relativa alla protezione dei dati, \u00e8 possibile contattare Debiopharm all\u2019indirizzo:\u00a0<a href=\"mailto:privacy@debiopharm.com\">privacy@debiopharm.com<\/a>[\/vc_column_text][\/vc_column_inner][vc_column_inner width=&#8221;1\/12&#8243;][\/vc_column_inner][\/vc_row_inner][\/vc_column][\/vc_row]<\/p>\n<\/div>","protected":false},"excerpt":{"rendered":"<p>[vc_row full_width=&#8221;stretch_row&#8221; css=&#8221;.vc_custom_1668678132816{background-image: url(https:\/\/www.oncolifestyle.com\/wp-content\/uploads\/2022\/11\/banner-1.jpg?id=450) !important;background-position: center !important;background-repeat: no-repeat !important;background-size: cover !important;}&#8221;][vc_column width=&#8221;1\/2&#8243;][vc_custom_heading text=&#8221;Politica sulla privacy&#8221; font_container=&#8221;tag:h1|font_size:72px|text_align:center|color:%23ffffff|line_height:72px&#8221; use_theme_fonts=&#8221;yes&#8221; css=&#8221;.vc_custom_1715935109369{margin-top: 145px !important;margin-bottom: [&hellip;]<\/p>\n","protected":false},"author":1,"featured_media":0,"parent":0,"menu_order":0,"comment_status":"closed","ping_status":"open","template":"","meta":{"_acf_changed":false,"inline_featured_image":false,"footnotes":""},"class_list":["post-966","page","type-page","status-publish","hentry"],"acf":[],"yoast_head":"<!-- This site is optimized with the Yoast SEO plugin v23.8 - https:\/\/yoast.com\/wordpress\/plugins\/seo\/ -->\n<title>Informativa sulla privacy | Oncolifestyle<\/title>\n<meta name=\"description\" content=\"Scopri come vengono raccolti, utilizzati e protetti i tuoi dati personali e quali sono i tuoi diritti in materia di privacy.\" \/>\n<meta name=\"robots\" content=\"index, follow, max-snippet:-1, max-image-preview:large, max-video-preview:-1\" \/>\n<link rel=\"canonical\" href=\"https:\/\/www.oncolifestyle.com\/it\/privacy-policy\/\" \/>\n<meta property=\"og:locale\" content=\"it_IT\" \/>\n<meta property=\"og:type\" content=\"article\" \/>\n<meta property=\"og:title\" content=\"Informativa sulla privacy | Oncolifestyle\" \/>\n<meta property=\"og:description\" content=\"Scopri come vengono raccolti, utilizzati e protetti i tuoi dati personali e quali sono i tuoi diritti in materia di privacy.\" \/>\n<meta property=\"og:url\" content=\"https:\/\/www.oncolifestyle.com\/it\/privacy-policy\/\" \/>\n<meta property=\"og:site_name\" content=\"Oncolifestyle\" \/>\n<meta property=\"article:modified_time\" content=\"2024-05-17T08:39:40+00:00\" \/>\n<meta name=\"twitter:card\" content=\"summary_large_image\" \/>\n<meta name=\"twitter:label1\" content=\"Tempo di lettura stimato\" \/>\n\t<meta name=\"twitter:data1\" content=\"9 minuti\" \/>\n<script type=\"application\/ld+json\" class=\"yoast-schema-graph\">{\"@context\":\"https:\/\/schema.org\",\"@graph\":[{\"@type\":\"WebPage\",\"@id\":\"https:\/\/www.oncolifestyle.com\/it\/privacy-policy\/\",\"url\":\"https:\/\/www.oncolifestyle.com\/it\/privacy-policy\/\",\"name\":\"Informativa sulla privacy | Oncolifestyle\",\"isPartOf\":{\"@id\":\"https:\/\/www.oncolifestyle.com\/it\/#website\"},\"datePublished\":\"2022-07-26T12:58:38+00:00\",\"dateModified\":\"2024-05-17T08:39:40+00:00\",\"description\":\"Scopri come vengono raccolti, utilizzati e protetti i tuoi dati personali e quali sono i tuoi diritti in materia di privacy.\",\"breadcrumb\":{\"@id\":\"https:\/\/www.oncolifestyle.com\/it\/privacy-policy\/#breadcrumb\"},\"inLanguage\":\"it-IT\",\"potentialAction\":[{\"@type\":\"ReadAction\",\"target\":[\"https:\/\/www.oncolifestyle.com\/it\/privacy-policy\/\"]}]},{\"@type\":\"BreadcrumbList\",\"@id\":\"https:\/\/www.oncolifestyle.com\/it\/privacy-policy\/#breadcrumb\",\"itemListElement\":[{\"@type\":\"ListItem\",\"position\":1,\"name\":\"Home\",\"item\":\"https:\/\/www.oncolifestyle.com\/it\/\"},{\"@type\":\"ListItem\",\"position\":2,\"name\":\"Politica sulla privacy\"}]},{\"@type\":\"WebSite\",\"@id\":\"https:\/\/www.oncolifestyle.com\/it\/#website\",\"url\":\"https:\/\/www.oncolifestyle.com\/it\/\",\"name\":\"Oncolifestyle\",\"description\":\"Helping people with cancer live well\",\"publisher\":{\"@id\":\"https:\/\/www.oncolifestyle.com\/it\/#organization\"},\"potentialAction\":[{\"@type\":\"SearchAction\",\"target\":{\"@type\":\"EntryPoint\",\"urlTemplate\":\"https:\/\/www.oncolifestyle.com\/it\/?s={search_term_string}\"},\"query-input\":{\"@type\":\"PropertyValueSpecification\",\"valueRequired\":true,\"valueName\":\"search_term_string\"}}],\"inLanguage\":\"it-IT\"},{\"@type\":\"Organization\",\"@id\":\"https:\/\/www.oncolifestyle.com\/it\/#organization\",\"name\":\"Oncolifestyle\",\"url\":\"https:\/\/www.oncolifestyle.com\/it\/\",\"logo\":{\"@type\":\"ImageObject\",\"inLanguage\":\"it-IT\",\"@id\":\"https:\/\/www.oncolifestyle.com\/it\/#\/schema\/logo\/image\/\",\"url\":\"https:\/\/www.oncolifestyle.com\/wp-content\/uploads\/2022\/08\/ONCO_LOGO_RGB_horizontal.png\",\"contentUrl\":\"https:\/\/www.oncolifestyle.com\/wp-content\/uploads\/2022\/08\/ONCO_LOGO_RGB_horizontal.png\",\"width\":2062,\"height\":434,\"caption\":\"Oncolifestyle\"},\"image\":{\"@id\":\"https:\/\/www.oncolifestyle.com\/it\/#\/schema\/logo\/image\/\"}}]}<\/script>\n<!-- \/ Yoast SEO plugin. -->","yoast_head_json":{"title":"Informativa sulla privacy | Oncolifestyle","description":"Scopri come vengono raccolti, utilizzati e protetti i tuoi dati personali e quali sono i tuoi diritti in materia di privacy.","robots":{"index":"index","follow":"follow","max-snippet":"max-snippet:-1","max-image-preview":"max-image-preview:large","max-video-preview":"max-video-preview:-1"},"canonical":"https:\/\/www.oncolifestyle.com\/it\/privacy-policy\/","og_locale":"it_IT","og_type":"article","og_title":"Informativa sulla privacy | Oncolifestyle","og_description":"Scopri come vengono raccolti, utilizzati e protetti i tuoi dati personali e quali sono i tuoi diritti in materia di privacy.","og_url":"https:\/\/www.oncolifestyle.com\/it\/privacy-policy\/","og_site_name":"Oncolifestyle","article_modified_time":"2024-05-17T08:39:40+00:00","twitter_card":"summary_large_image","twitter_misc":{"Tempo di lettura stimato":"9 minuti"},"schema":{"@context":"https:\/\/schema.org","@graph":[{"@type":"WebPage","@id":"https:\/\/www.oncolifestyle.com\/it\/privacy-policy\/","url":"https:\/\/www.oncolifestyle.com\/it\/privacy-policy\/","name":"Informativa sulla privacy | Oncolifestyle","isPartOf":{"@id":"https:\/\/www.oncolifestyle.com\/it\/#website"},"datePublished":"2022-07-26T12:58:38+00:00","dateModified":"2024-05-17T08:39:40+00:00","description":"Scopri come vengono raccolti, utilizzati e protetti i tuoi dati personali e quali sono i tuoi diritti in materia di privacy.","breadcrumb":{"@id":"https:\/\/www.oncolifestyle.com\/it\/privacy-policy\/#breadcrumb"},"inLanguage":"it-IT","potentialAction":[{"@type":"ReadAction","target":["https:\/\/www.oncolifestyle.com\/it\/privacy-policy\/"]}]},{"@type":"BreadcrumbList","@id":"https:\/\/www.oncolifestyle.com\/it\/privacy-policy\/#breadcrumb","itemListElement":[{"@type":"ListItem","position":1,"name":"Home","item":"https:\/\/www.oncolifestyle.com\/it\/"},{"@type":"ListItem","position":2,"name":"Politica sulla privacy"}]},{"@type":"WebSite","@id":"https:\/\/www.oncolifestyle.com\/it\/#website","url":"https:\/\/www.oncolifestyle.com\/it\/","name":"Oncolifestyle","description":"Helping people with cancer live well","publisher":{"@id":"https:\/\/www.oncolifestyle.com\/it\/#organization"},"potentialAction":[{"@type":"SearchAction","target":{"@type":"EntryPoint","urlTemplate":"https:\/\/www.oncolifestyle.com\/it\/?s={search_term_string}"},"query-input":{"@type":"PropertyValueSpecification","valueRequired":true,"valueName":"search_term_string"}}],"inLanguage":"it-IT"},{"@type":"Organization","@id":"https:\/\/www.oncolifestyle.com\/it\/#organization","name":"Oncolifestyle","url":"https:\/\/www.oncolifestyle.com\/it\/","logo":{"@type":"ImageObject","inLanguage":"it-IT","@id":"https:\/\/www.oncolifestyle.com\/it\/#\/schema\/logo\/image\/","url":"https:\/\/www.oncolifestyle.com\/wp-content\/uploads\/2022\/08\/ONCO_LOGO_RGB_horizontal.png","contentUrl":"https:\/\/www.oncolifestyle.com\/wp-content\/uploads\/2022\/08\/ONCO_LOGO_RGB_horizontal.png","width":2062,"height":434,"caption":"Oncolifestyle"},"image":{"@id":"https:\/\/www.oncolifestyle.com\/it\/#\/schema\/logo\/image\/"}}]}},"_links":{"self":[{"href":"https:\/\/www.oncolifestyle.com\/it\/wp-json\/wp\/v2\/pages\/966","targetHints":{"allow":["GET"]}}],"collection":[{"href":"https:\/\/www.oncolifestyle.com\/it\/wp-json\/wp\/v2\/pages"}],"about":[{"href":"https:\/\/www.oncolifestyle.com\/it\/wp-json\/wp\/v2\/types\/page"}],"author":[{"embeddable":true,"href":"https:\/\/www.oncolifestyle.com\/it\/wp-json\/wp\/v2\/users\/1"}],"replies":[{"embeddable":true,"href":"https:\/\/www.oncolifestyle.com\/it\/wp-json\/wp\/v2\/comments?post=966"}],"version-history":[{"count":6,"href":"https:\/\/www.oncolifestyle.com\/it\/wp-json\/wp\/v2\/pages\/966\/revisions"}],"predecessor-version":[{"id":2092,"href":"https:\/\/www.oncolifestyle.com\/it\/wp-json\/wp\/v2\/pages\/966\/revisions\/2092"}],"wp:attachment":[{"href":"https:\/\/www.oncolifestyle.com\/it\/wp-json\/wp\/v2\/media?parent=966"}],"curies":[{"name":"wp","href":"https:\/\/api.w.org\/{rel}","templated":true}]}}