{"id":1831,"date":"2022-08-08T09:32:21","date_gmt":"2022-08-08T09:32:21","guid":{"rendered":"https:\/\/www.oncolifestyle.com\/sexual-health\/"},"modified":"2025-09-11T11:58:44","modified_gmt":"2025-09-11T11:58:44","slug":"saude-sexual","status":"publish","type":"page","link":"https:\/\/www.oncolifestyle.com\/pt-pt\/cancro-da-prostata\/saude-sexual\/","title":{"rendered":"Sa\u00fade sexual"},"content":{"rendered":"<div class=\"wpb-content-wrapper\"><p>[vc_row full_width=&#8221;stretch_row&#8221; css=&#8221;.vc_custom_1660927072894{background-image: url(https:\/\/www.oncolifestyle.com\/wp-content\/uploads\/2022\/08\/banner-sexual-health.jpg?id=110) !important;background-position: center !important;background-repeat: no-repeat !important;background-size: cover !important;}&#8221;][vc_column width=&#8221;1\/12&#8243;][\/vc_column][vc_column width=&#8221;10\/12&#8243;][vc_empty_space height=&#8221;22vw&#8221;][vc_custom_heading source=&#8221;post_title&#8221; font_container=&#8221;tag:h1|text_align:left|color:%23ffffff&#8221; use_theme_fonts=&#8221;yes&#8221; css=&#8221;.vc_custom_1713782569900{margin-top: 0px !important;margin-bottom: 100px !important;}&#8221; el_class=&#8221;page-title&#8221;][\/vc_column][vc_column width=&#8221;1\/12&#8243;][\/vc_column][\/vc_row][vc_row][vc_column width=&#8221;1\/12&#8243;][\/vc_column][vc_column width=&#8221;1\/2&#8243;][vc_column_text el_class=&#8221;breadcrumbs&#8221;]<!-- Breadcrumb NavXT 7.3.1 -->\n<span property=\"itemListElement\" typeof=\"ListItem\"><a property=\"item\" typeof=\"WebPage\" title=\"Go to Oncolifestyle.\" href=\"https:\/\/www.oncolifestyle.com\/pt-pt\/\" class=\"home\" aria-current=\"page\"><span property=\"name\">Oncolifestyle<\/span><\/a><meta property=\"position\" content=\"1\"><\/span>[\/vc_column_text][vc_column_text]<\/p>\n<h6 class=\"green-pill\">ESCOLHAS SAUD\u00c1VEIS<\/h6>\n<h2>Cancro da pr\u00f3stata e vida sexual saud\u00e1vel<\/h2>\n<p>Para muitos de n\u00f3s, o sexo faz parte da vida. Faz-nos sentir bem. Cria la\u00e7os de intimidade, fortalece rela\u00e7\u00f5es e refor\u00e7a o prazer de estar vivos. <sup>1<\/sup> Pode at\u00e9 beneficiar a sa\u00fade f\u00edsica!<sup>2<\/sup><\/p>\n<p>Infelizmente, o tratamento para o cancro da pr\u00f3stata pode ter um impacto palp\u00e1vel na vida sexual. N\u00e3o \u00e9 invulgar sofrer de disfun\u00e7\u00e3o er\u00e9til e menos apetite sexual, o que o pode afetar, a si e \u00e0s pessoas com quem se relaciona. Mas h\u00e1 uma luz ao fundo do t\u00fanel. Quer esteja aqui por si ou por causa de um ente querido, queremos ajudar a perceber como \u00e9 que o tratamento do cancro da pr\u00f3stata afeta a sua vida sexual e como encontrar novas formas de limitar os efeitos secund\u00e1rios. Com paci\u00eancia e algumas op\u00e7\u00f5es para melhorar a fun\u00e7\u00e3o er\u00e9til, pode voltar a ter uma vida sexual saud\u00e1vel durante e ap\u00f3s o cancro da pr\u00f3stata.[\/vc_column_text][\/vc_column][vc_column width=&#8221;5\/12&#8243;][vc_single_image image=&#8221;2963&#8243; img_size=&#8221;large&#8221; el_class=&#8221;page-circle-image&#8221;][\/vc_column][\/vc_row][vc_row css=&#8221;.vc_custom_1731416878868{padding-bottom: 50px !important;}&#8221;][vc_column width=&#8221;1\/12&#8243;][\/vc_column][vc_column width=&#8221;10\/12&#8243;][vc_video link=&#8221;https:\/\/player.vimeo.com\/video\/1115761448&#8243;][\/vc_column][vc_column width=&#8221;1\/12&#8243;][\/vc_column][\/vc_row][vc_row][vc_column width=&#8221;1\/12&#8243;][\/vc_column][vc_column width=&#8221;10\/12&#8243;][vc_custom_heading text=&#8221;Explore as op\u00e7\u00f5es de tratamento&#8221; font_container=&#8221;tag:h2|text_align:center&#8221; use_theme_fonts=&#8221;yes&#8221; el_class=&#8221;accent-line center size-sm&#8221; css=&#8221;.vc_custom_1733923320240{margin-top: 100px !important;margin-bottom: 50px !important;}&#8221;][vc_column_text]<\/p>\n<p style=\"text-align: center;\">Antes de nos comprometermos com um tipo de tratamento, h\u00e1 que compreender de que forma pode afetar a nossa vida sexual e as nossas rela\u00e7\u00f5es. Por exemplo, se nos foi diagnosticado um cancro da pr\u00f3stata localizado, poderemos querer enfrent\u00e1-lo com um tratamento agressivo, como a cirurgia da pr\u00f3stata ou a radioterapia. No entanto, estes dois tratamentos costumam provocar disfun\u00e7\u00e3o er\u00e9til. Para muitas pessoas, isto pode ter um grande impacto na qualidade de vida<sup>3<\/sup> e a vigil\u00e2ncia ativa pode ser uma escolha mais adequada.<sup>3<\/sup><\/p>\n<p>[\/vc_column_text][\/vc_column][vc_column width=&#8221;1\/12&#8243;][\/vc_column][\/vc_row][vc_row equal_height=&#8221;yes&#8221; css=&#8221;.vc_custom_1731374027941{padding-bottom: 100px !important;}&#8221;][vc_column width=&#8221;1\/12&#8243;][\/vc_column][vc_column width=&#8221;10\/12&#8243;][vc_column_text el_class=&#8221;box-shadow&#8221; css=&#8221;.vc_custom_1733923821644{padding-top: 30px !important;padding-right: 50px !important;padding-bottom: 30px !important;padding-left: 50px !important;}&#8221;]<\/p>\n<h6>diferentes op\u00e7\u00f5es de tratamento<\/h6>\n<p><span style=\"color: #69bfa8;\"><strong>Ao depararmo-nos com as diferentes op\u00e7\u00f5es de tratamento, \u00e9 importante considerar as nossas prioridades e valores, e se o tratamento proposto vai ao encontro dos mesmos.<\/strong><\/span><\/p>\n<p>Damos mais valor a uma vida longa, durante a qual teremos que lidar com efeitos secund\u00e1rios dif\u00edceis, ou valorizamos uma maior qualidade de vida mesmo se isso implicar uma menor esperan\u00e7a de vida? A decis\u00e3o \u00e9 muito pessoal e deve ser muito bem ponderada com a ajuda de um profissional de sa\u00fade.<\/p>\n<h6>Tamb\u00e9m pode ser \u00fatil:<\/h6>\n<ul id=\"sh-icon-list\">\n<li>Perguntar ao seu m\u00e9dico como \u00e9 que os tratamentos para o cancro da pr\u00f3stata ir\u00e3o afetar a sua vida sexual<\/li>\n<li>Integrar um grupo de apoio para ouvir conselhos em primeira m\u00e3o<\/li>\n<li>Falar sobre o que pensa e sente com algu\u00e9m que acredite que lhe pode dar bons conselhos<\/li>\n<li>Saber mais sobre as experi\u00eancias de outros sobreviventes do cancro da pr\u00f3stata atrav\u00e9s de podcasts, artigos e f\u00f3runs<\/li>\n<\/ul>\n<p>[\/vc_column_text][\/vc_column][vc_column width=&#8221;1\/12&#8243;][\/vc_column][\/vc_row][vc_row][vc_column width=&#8221;1\/12&#8243;][\/vc_column][vc_column width=&#8221;10\/12&#8243;][vc_custom_heading text=&#8221;Sabia que?&#8221; font_container=&#8221;tag:h2|text_align:center&#8221; use_theme_fonts=&#8221;yes&#8221; el_class=&#8221;accent-line center size-sm&#8221; css=&#8221;.vc_custom_1713870324839{margin-top: 100px !important;margin-bottom: 50px !important;}&#8221;][vc_column_text]<\/p>\n<p style=\"text-align: center;\">O arrependimento relativamente \u00e0 escolha de tratamento do cancro da pr\u00f3stata \u00e9 seis vezes mais elevado em pessoas que subestimaram os poss\u00edveis efeitos secund\u00e1rios. <sup>4<\/sup> Falar com o seu m\u00e9dico, ler e informar-se sobre as suas op\u00e7\u00f5es de tratamento \u00e9 uma boa maneira de saber o que pode esperar de cada uma delas e tomar uma decis\u00e3o informada.<\/p>\n<p>[\/vc_column_text][\/vc_column][vc_column width=&#8221;1\/12&#8243;][\/vc_column][\/vc_row][vc_row content_placement=&#8221;middle&#8221; css=&#8221;.vc_custom_1661956823642{background-image: url(https:\/\/www.oncolifestyle.com\/wp-content\/uploads\/2022\/08\/sh-bg.jpeg?id=351) !important;background-position: center !important;background-repeat: no-repeat !important;background-size: contain !important;}&#8221;][vc_column width=&#8221;2\/12&#8243;][\/vc_column][vc_column width=&#8221;4\/12&#8243; el_class=&#8221;overlap&#8221;][vc_single_image image=&#8221;483&#8243; img_size=&#8221;full&#8221; alignment=&#8221;right&#8221;][\/vc_column][vc_column width=&#8221;6\/12&#8243;][\/vc_column][\/vc_row][vc_row css=&#8221;.vc_custom_1731373434427{padding-bottom: 250px !important;}&#8221;][vc_column width=&#8221;1\/12&#8243;][\/vc_column][vc_column width=&#8221;10\/12&#8243;][vc_custom_heading text=&#8221;Descubra o que h\u00e1 de novo&#8221; font_container=&#8221;tag:h2|text_align:center&#8221; use_theme_fonts=&#8221;yes&#8221; el_class=&#8221;accent-line center size-sm&#8221; css=&#8221;.vc_custom_1733921007729{margin-top: 100px !important;margin-bottom: 50px !important;}&#8221;][\/vc_column][vc_column width=&#8221;1\/12&#8243;][\/vc_column][\/vc_row][vc_row css=&#8221;.vc_custom_1732191381652{background-image: url(https:\/\/www.oncolifestyle.com\/wp-content\/uploads\/2022\/11\/news-bg.jpg?id=677) !important;}&#8221; el_id=&#8221;articles-row-wrapper&#8221;][vc_column][vc_column_text css=&#8221;.vc_custom_1732191298854{margin-top: -200px !important;margin-bottom: 80px !important;}&#8221;]<div class=\"ajax-posts-container \" id=\"ajax-posts-container-2136386397\" data-feature-first=\"false\"><div class=\"custom-post-grid\" data-categories=\"150\" data-active-categories=\"150\" data-posts-per-page=\"3\" data-limit=\"100\" data-paged=\"1\">\t\t\t<div class=\"custom-post-card\">\n\t\t\t\t\t\t\t\t\t<a class=\"post-thumbnail-wrapper\" href=\"https:\/\/www.oncolifestyle.com\/pt-pt\/saude-sexual\/orientacao-e-apoio\/\">\n\t\t\t\t\t\t<img decoding=\"async\" src=\"https:\/\/www.oncolifestyle.com\/wp-content\/uploads\/2024\/11\/marriage-counselor-taking-notes-while-having-meeting-with-couple-office.jpg\" alt=\"Orienta\u00e7\u00e3o e apoio\" class=\"post-thumbnail\" \/>\n\t\t\t\t\t<\/a>\n\t\t\t\t\t\t\t\t<div class=\"post-content\">\n\t\t\t\t\t\t\t\t\t\t\t<span class=\"post-category green-pill\">Sa\u00fade sexual<\/span>\n\t\t\t\t\t\t\t\t\t\n\t\t\t\t\t<h2 class=\"post-title\"><a href=\"https:\/\/www.oncolifestyle.com\/pt-pt\/saude-sexual\/orientacao-e-apoio\/\">Orienta\u00e7\u00e3o e apoio<\/a><\/h2>\n\t\t\t\t\t<a href=\"https:\/\/www.oncolifestyle.com\/pt-pt\/saude-sexual\/orientacao-e-apoio\/\" class=\"read-more\">Saiba mais<\/a>\n\t\t\t\t<\/div>\n\t\t\t<\/div>\n\t\t\t\t\t\t<div class=\"custom-post-card\">\n\t\t\t\t\t\t\t\t\t<a class=\"post-thumbnail-wrapper\" href=\"https:\/\/www.oncolifestyle.com\/pt-pt\/saude-sexual\/ampliar-os-limites-da-vida-intima\/\">\n\t\t\t\t\t\t<img decoding=\"async\" src=\"https:\/\/www.oncolifestyle.com\/wp-content\/uploads\/2024\/11\/couple-sits-bench-park-smiling-looking-each-other.jpg\" alt=\"Ampliar os limites da vida \u00edntima\" class=\"post-thumbnail\" \/>\n\t\t\t\t\t<\/a>\n\t\t\t\t\t\t\t\t<div class=\"post-content\">\n\t\t\t\t\t\t\t\t\t\t\t<span class=\"post-category green-pill\">Sa\u00fade Sexual<\/span>\n\t\t\t\t\t\t\t\t\t\n\t\t\t\t\t<h2 class=\"post-title\"><a href=\"https:\/\/www.oncolifestyle.com\/pt-pt\/saude-sexual\/ampliar-os-limites-da-vida-intima\/\">Ampliar os limites da vida \u00edntima<\/a><\/h2>\n\t\t\t\t\t<a href=\"https:\/\/www.oncolifestyle.com\/pt-pt\/saude-sexual\/ampliar-os-limites-da-vida-intima\/\" class=\"read-more\">Saiba mais<\/a>\n\t\t\t\t<\/div>\n\t\t\t<\/div>\n\t\t\t\t\t\t<div class=\"custom-post-card\">\n\t\t\t\t\t\t\t\t\t<a class=\"post-thumbnail-wrapper\" href=\"https:\/\/www.oncolifestyle.com\/pt-pt\/saude-sexual\/tratamento-da-disfuncao-eretil\/\">\n\t\t\t\t\t\t<img decoding=\"async\" src=\"https:\/\/www.oncolifestyle.com\/wp-content\/uploads\/2024\/11\/medium-shot-smiley-people-hugging.jpg\" alt=\"Tratamento da disfun\u00e7\u00e3o er\u00e9til\" class=\"post-thumbnail\" \/>\n\t\t\t\t\t<\/a>\n\t\t\t\t\t\t\t\t<div class=\"post-content\">\n\t\t\t\t\t\t\t\t\t\t\t<span class=\"post-category green-pill\">Sa\u00fade Sexual<\/span>\n\t\t\t\t\t\t\t\t\t\n\t\t\t\t\t<h2 class=\"post-title\"><a href=\"https:\/\/www.oncolifestyle.com\/pt-pt\/saude-sexual\/tratamento-da-disfuncao-eretil\/\">Tratamento da disfun\u00e7\u00e3o er\u00e9til<\/a><\/h2>\n\t\t\t\t\t<a href=\"https:\/\/www.oncolifestyle.com\/pt-pt\/saude-sexual\/tratamento-da-disfuncao-eretil\/\" class=\"read-more\">Saiba mais<\/a>\n\t\t\t\t<\/div>\n\t\t\t<\/div>\n\t\t\t<\/div>\n\t\t<div class=\"vc_btn3-container  view-more-articles vc_btn3-center\" style=\"margin-top: 20px;\">\n\t\t\t<button class=\"load-more vc_general vc_btn3 vc_btn3-size-md vc_btn3-shape-round vc_btn3-style-classic vc_btn3-color-danger\" data-paged=\"2\">Ver mais artigos<\/button>\n\t\t<\/div> <\/div>[\/vc_column_text][\/vc_column][\/vc_row][vc_row css=&#8221;.vc_custom_1660737759822{margin-top: 50px !important;margin-bottom: 50px !important;}&#8221;][vc_column][vc_column_text]<\/p>\n<h6 style=\"text-align: center;\">AS NOSSAS FONTES<\/h6>\n<p style=\"text-align: center;\"><span class=\"sources-btn show-source\">Onde foi obtida esta informa\u00e7\u00e3o?<\/span><\/p>\n<p>[\/vc_column_text][\/vc_column][\/vc_row][vc_row full_width=&#8221;stretch_row&#8221; el_class=&#8221;source&#8221;][vc_column][vc_raw_html]JTNDZGl2JTIwY2xhc3MlM0QlMjJzdmdfX3dyYXBwZXIlMjBjbG9zZS1zb3VyY2UlMjIlM0UlMEElM0NzdmclMjBjbGFzcyUzRCUyMmljb24lMjBpY29uLS1jbG9zZSUyMiUyMGFyaWEtaGlkZGVuJTNEJTIydHJ1ZSUyMiUyMHJvbGUlM0QlMjJpbWclMjIlM0UlM0N1c2UlMjB4bGluayUzQWhyZWYlM0QlMjIlMjNpY29uLWNsb3NlJTIyJTNFJTNDJTJGdXNlJTNFJTNDJTJGc3ZnJTNFJTBBJTNDJTJGZGl2JTNFJTBB[\/vc_raw_html][vc_column_text]<\/p>\n<h6>AS NOSSAS FONTES<\/h6>\n<h4><strong>Onde foi obtida esta informa\u00e7\u00e3o?<\/strong><\/h4>\n<ol>\n<li style=\"list-style-type: none;\">\n<ol>\n<li>Smith, L. et al. Sexual Activity is Associated with Greater Enjoyment of Life in Older Adults. Sex. Med. 7, 11\u201318 (2019).<\/li>\n<li>Brody, S. The Relative Health Benefits of Different Sexual Activities. J. Sex. Med. 7, 1336\u20131361 (2010).<\/li>\n<li>EUPROMS. Europa Uomo\u2019s study on quality of life after prostate cancer treatment: summary of findings. https:\/\/www.europa-uomo.org\/wp-content\/uploads\/2021\/07\/EU_booklet_5July_web.pdf.<\/li>\n<li>Wallis, C. J. D. et al. Association of Treatment Modality, Functional Outcomes, and Baseline Characteristics With Treatment-Related Regret Among Men With Localized Prostate Cancer. JAMA Oncol. 8, 50 (2022).<\/li>\n<\/ol>\n<\/li>\n<\/ol>\n<p>[\/vc_column_text][\/vc_column][\/vc_row]<\/p>\n<\/div>","protected":false},"excerpt":{"rendered":"<p>[vc_row full_width=&#8221;stretch_row&#8221; css=&#8221;.vc_custom_1660927072894{background-image: url(https:\/\/www.oncolifestyle.com\/wp-content\/uploads\/2022\/08\/banner-sexual-health.jpg?id=110) !important;background-position: center !important;background-repeat: no-repeat !important;background-size: cover !important;}&#8221;][vc_column width=&#8221;1\/12&#8243;][\/vc_column][vc_column width=&#8221;10\/12&#8243;][vc_empty_space height=&#8221;22vw&#8221;][vc_custom_heading source=&#8221;post_title&#8221; font_container=&#8221;tag:h1|text_align:left|color:%23ffffff&#8221; use_theme_fonts=&#8221;yes&#8221; css=&#8221;.vc_custom_1713782569900{margin-top: 0px !important;margin-bottom: [&hellip;]<\/p>\n","protected":false},"author":1,"featured_media":0,"parent":1835,"menu_order":0,"comment_status":"closed","ping_status":"closed","template":"template-fullwidth.php","meta":{"_acf_changed":false,"inline_featured_image":false,"footnotes":""},"class_list":["post-1831","page","type-page","status-publish","hentry"],"acf":[],"yoast_head":"<!-- This site is optimized with the Yoast SEO plugin v23.8 - https:\/\/yoast.com\/wordpress\/plugins\/seo\/ -->\n<title>Sa\u00fade sexual ap\u00f3s cancro da pr\u00f3stata: intimidade e bem-estar | Oncolifestyle<\/title>\n<meta name=\"description\" content=\"Aprenda de que modo os tratamentos dispon\u00edveis para o cancro da pr\u00f3stata podem afetar a sa\u00fade sexual e descubra como ter uma vida sexual saud\u00e1vel.\" \/>\n<meta name=\"robots\" content=\"index, follow, max-snippet:-1, max-image-preview:large, max-video-preview:-1\" \/>\n<link rel=\"canonical\" href=\"https:\/\/www.oncolifestyle.com\/pt-pt\/cancro-da-prostata\/saude-sexual\/\" \/>\n<meta property=\"og:locale\" content=\"pt_PT\" \/>\n<meta property=\"og:type\" content=\"article\" \/>\n<meta property=\"og:title\" content=\"Sa\u00fade sexual ap\u00f3s cancro da pr\u00f3stata: intimidade e bem-estar | Oncolifestyle\" \/>\n<meta property=\"og:description\" content=\"Aprenda de que modo os tratamentos dispon\u00edveis para o cancro da pr\u00f3stata podem afetar a sa\u00fade sexual e descubra como ter uma vida sexual saud\u00e1vel.\" \/>\n<meta property=\"og:url\" content=\"https:\/\/www.oncolifestyle.com\/pt-pt\/cancro-da-prostata\/saude-sexual\/\" \/>\n<meta property=\"og:site_name\" content=\"Oncolifestyle\" \/>\n<meta property=\"article:modified_time\" content=\"2025-09-11T11:58:44+00:00\" \/>\n<meta name=\"twitter:card\" content=\"summary_large_image\" \/>\n<meta name=\"twitter:label1\" content=\"Tempo estimado de leitura\" \/>\n\t<meta name=\"twitter:data1\" content=\"4 minutos\" \/>\n<script type=\"application\/ld+json\" class=\"yoast-schema-graph\">{\"@context\":\"https:\/\/schema.org\",\"@graph\":[{\"@type\":\"WebPage\",\"@id\":\"https:\/\/www.oncolifestyle.com\/pt-pt\/cancro-da-prostata\/saude-sexual\/\",\"url\":\"https:\/\/www.oncolifestyle.com\/pt-pt\/cancro-da-prostata\/saude-sexual\/\",\"name\":\"Sa\u00fade sexual ap\u00f3s cancro da pr\u00f3stata: intimidade e bem-estar | Oncolifestyle\",\"isPartOf\":{\"@id\":\"https:\/\/www.oncolifestyle.com\/pt-pt\/#website\"},\"datePublished\":\"2022-08-08T09:32:21+00:00\",\"dateModified\":\"2025-09-11T11:58:44+00:00\",\"description\":\"Aprenda de que modo os tratamentos dispon\u00edveis para o cancro da pr\u00f3stata podem afetar a sa\u00fade sexual e descubra como ter uma vida sexual saud\u00e1vel.\",\"breadcrumb\":{\"@id\":\"https:\/\/www.oncolifestyle.com\/pt-pt\/cancro-da-prostata\/saude-sexual\/#breadcrumb\"},\"inLanguage\":\"pt-PT\",\"potentialAction\":[{\"@type\":\"ReadAction\",\"target\":[\"https:\/\/www.oncolifestyle.com\/pt-pt\/cancro-da-prostata\/saude-sexual\/\"]}]},{\"@type\":\"BreadcrumbList\",\"@id\":\"https:\/\/www.oncolifestyle.com\/pt-pt\/cancro-da-prostata\/saude-sexual\/#breadcrumb\",\"itemListElement\":[{\"@type\":\"ListItem\",\"position\":1,\"name\":\"Home\",\"item\":\"https:\/\/www.oncolifestyle.com\/pt-pt\/\"},{\"@type\":\"ListItem\",\"position\":2,\"name\":\"Cancro da Pr\u00f3stata\",\"item\":\"https:\/\/www.oncolifestyle.com\/pt-pt\/cancro-da-prostata\/\"},{\"@type\":\"ListItem\",\"position\":3,\"name\":\"Sa\u00fade sexual\"}]},{\"@type\":\"WebSite\",\"@id\":\"https:\/\/www.oncolifestyle.com\/pt-pt\/#website\",\"url\":\"https:\/\/www.oncolifestyle.com\/pt-pt\/\",\"name\":\"Oncolifestyle\",\"description\":\"Helping people with cancer live well\",\"publisher\":{\"@id\":\"https:\/\/www.oncolifestyle.com\/pt-pt\/#organization\"},\"potentialAction\":[{\"@type\":\"SearchAction\",\"target\":{\"@type\":\"EntryPoint\",\"urlTemplate\":\"https:\/\/www.oncolifestyle.com\/pt-pt\/?s={search_term_string}\"},\"query-input\":{\"@type\":\"PropertyValueSpecification\",\"valueRequired\":true,\"valueName\":\"search_term_string\"}}],\"inLanguage\":\"pt-PT\"},{\"@type\":\"Organization\",\"@id\":\"https:\/\/www.oncolifestyle.com\/pt-pt\/#organization\",\"name\":\"Oncolifestyle\",\"url\":\"https:\/\/www.oncolifestyle.com\/pt-pt\/\",\"logo\":{\"@type\":\"ImageObject\",\"inLanguage\":\"pt-PT\",\"@id\":\"https:\/\/www.oncolifestyle.com\/pt-pt\/#\/schema\/logo\/image\/\",\"url\":\"https:\/\/www.oncolifestyle.com\/wp-content\/uploads\/2022\/08\/ONCO_LOGO_RGB_horizontal.png\",\"contentUrl\":\"https:\/\/www.oncolifestyle.com\/wp-content\/uploads\/2022\/08\/ONCO_LOGO_RGB_horizontal.png\",\"width\":2062,\"height\":434,\"caption\":\"Oncolifestyle\"},\"image\":{\"@id\":\"https:\/\/www.oncolifestyle.com\/pt-pt\/#\/schema\/logo\/image\/\"}}]}<\/script>\n<!-- \/ Yoast SEO plugin. -->","yoast_head_json":{"title":"Sa\u00fade sexual ap\u00f3s cancro da pr\u00f3stata: intimidade e bem-estar | Oncolifestyle","description":"Aprenda de que modo os tratamentos dispon\u00edveis para o cancro da pr\u00f3stata podem afetar a sa\u00fade sexual e descubra como ter uma vida sexual saud\u00e1vel.","robots":{"index":"index","follow":"follow","max-snippet":"max-snippet:-1","max-image-preview":"max-image-preview:large","max-video-preview":"max-video-preview:-1"},"canonical":"https:\/\/www.oncolifestyle.com\/pt-pt\/cancro-da-prostata\/saude-sexual\/","og_locale":"pt_PT","og_type":"article","og_title":"Sa\u00fade sexual ap\u00f3s cancro da pr\u00f3stata: intimidade e bem-estar | Oncolifestyle","og_description":"Aprenda de que modo os tratamentos dispon\u00edveis para o cancro da pr\u00f3stata podem afetar a sa\u00fade sexual e descubra como ter uma vida sexual saud\u00e1vel.","og_url":"https:\/\/www.oncolifestyle.com\/pt-pt\/cancro-da-prostata\/saude-sexual\/","og_site_name":"Oncolifestyle","article_modified_time":"2025-09-11T11:58:44+00:00","twitter_card":"summary_large_image","twitter_misc":{"Tempo estimado de leitura":"4 minutos"},"schema":{"@context":"https:\/\/schema.org","@graph":[{"@type":"WebPage","@id":"https:\/\/www.oncolifestyle.com\/pt-pt\/cancro-da-prostata\/saude-sexual\/","url":"https:\/\/www.oncolifestyle.com\/pt-pt\/cancro-da-prostata\/saude-sexual\/","name":"Sa\u00fade sexual ap\u00f3s cancro da pr\u00f3stata: intimidade e bem-estar | Oncolifestyle","isPartOf":{"@id":"https:\/\/www.oncolifestyle.com\/pt-pt\/#website"},"datePublished":"2022-08-08T09:32:21+00:00","dateModified":"2025-09-11T11:58:44+00:00","description":"Aprenda de que modo os tratamentos dispon\u00edveis para o cancro da pr\u00f3stata podem afetar a sa\u00fade sexual e descubra como ter uma vida sexual saud\u00e1vel.","breadcrumb":{"@id":"https:\/\/www.oncolifestyle.com\/pt-pt\/cancro-da-prostata\/saude-sexual\/#breadcrumb"},"inLanguage":"pt-PT","potentialAction":[{"@type":"ReadAction","target":["https:\/\/www.oncolifestyle.com\/pt-pt\/cancro-da-prostata\/saude-sexual\/"]}]},{"@type":"BreadcrumbList","@id":"https:\/\/www.oncolifestyle.com\/pt-pt\/cancro-da-prostata\/saude-sexual\/#breadcrumb","itemListElement":[{"@type":"ListItem","position":1,"name":"Home","item":"https:\/\/www.oncolifestyle.com\/pt-pt\/"},{"@type":"ListItem","position":2,"name":"Cancro da Pr\u00f3stata","item":"https:\/\/www.oncolifestyle.com\/pt-pt\/cancro-da-prostata\/"},{"@type":"ListItem","position":3,"name":"Sa\u00fade sexual"}]},{"@type":"WebSite","@id":"https:\/\/www.oncolifestyle.com\/pt-pt\/#website","url":"https:\/\/www.oncolifestyle.com\/pt-pt\/","name":"Oncolifestyle","description":"Helping people with cancer live well","publisher":{"@id":"https:\/\/www.oncolifestyle.com\/pt-pt\/#organization"},"potentialAction":[{"@type":"SearchAction","target":{"@type":"EntryPoint","urlTemplate":"https:\/\/www.oncolifestyle.com\/pt-pt\/?s={search_term_string}"},"query-input":{"@type":"PropertyValueSpecification","valueRequired":true,"valueName":"search_term_string"}}],"inLanguage":"pt-PT"},{"@type":"Organization","@id":"https:\/\/www.oncolifestyle.com\/pt-pt\/#organization","name":"Oncolifestyle","url":"https:\/\/www.oncolifestyle.com\/pt-pt\/","logo":{"@type":"ImageObject","inLanguage":"pt-PT","@id":"https:\/\/www.oncolifestyle.com\/pt-pt\/#\/schema\/logo\/image\/","url":"https:\/\/www.oncolifestyle.com\/wp-content\/uploads\/2022\/08\/ONCO_LOGO_RGB_horizontal.png","contentUrl":"https:\/\/www.oncolifestyle.com\/wp-content\/uploads\/2022\/08\/ONCO_LOGO_RGB_horizontal.png","width":2062,"height":434,"caption":"Oncolifestyle"},"image":{"@id":"https:\/\/www.oncolifestyle.com\/pt-pt\/#\/schema\/logo\/image\/"}}]}},"_links":{"self":[{"href":"https:\/\/www.oncolifestyle.com\/pt-pt\/wp-json\/wp\/v2\/pages\/1831","targetHints":{"allow":["GET"]}}],"collection":[{"href":"https:\/\/www.oncolifestyle.com\/pt-pt\/wp-json\/wp\/v2\/pages"}],"about":[{"href":"https:\/\/www.oncolifestyle.com\/pt-pt\/wp-json\/wp\/v2\/types\/page"}],"author":[{"embeddable":true,"href":"https:\/\/www.oncolifestyle.com\/pt-pt\/wp-json\/wp\/v2\/users\/1"}],"replies":[{"embeddable":true,"href":"https:\/\/www.oncolifestyle.com\/pt-pt\/wp-json\/wp\/v2\/comments?post=1831"}],"version-history":[{"count":11,"href":"https:\/\/www.oncolifestyle.com\/pt-pt\/wp-json\/wp\/v2\/pages\/1831\/revisions"}],"predecessor-version":[{"id":3993,"href":"https:\/\/www.oncolifestyle.com\/pt-pt\/wp-json\/wp\/v2\/pages\/1831\/revisions\/3993"}],"up":[{"embeddable":true,"href":"https:\/\/www.oncolifestyle.com\/pt-pt\/wp-json\/wp\/v2\/pages\/1835"}],"wp:attachment":[{"href":"https:\/\/www.oncolifestyle.com\/pt-pt\/wp-json\/wp\/v2\/media?parent=1831"}],"curies":[{"name":"wp","href":"https:\/\/api.w.org\/{rel}","templated":true}]}}