{"id":1835,"date":"2022-08-08T09:31:23","date_gmt":"2022-08-08T09:31:23","guid":{"rendered":"https:\/\/www.oncolifestyle.com\/prostate-cancer\/"},"modified":"2024-12-02T14:13:18","modified_gmt":"2024-12-02T14:13:18","slug":"cancro-da-prostata","status":"publish","type":"page","link":"https:\/\/www.oncolifestyle.com\/pt-pt\/cancro-da-prostata\/","title":{"rendered":"Cancro da Pr\u00f3stata"},"content":{"rendered":"<div class=\"wpb-content-wrapper\"><p>[vc_row full_width=&#8221;stretch_row&#8221; css=&#8221;.vc_custom_1731339146710{background-image: url(https:\/\/www.oncolifestyle.com\/wp-content\/uploads\/2022\/08\/banner-prostate.jpg?id=106) !important;background-position: center !important;background-repeat: no-repeat !important;background-size: cover !important;}&#8221; el_class=&#8221;page-banner&#8221;][vc_column width=&#8221;1\/12&#8243;][\/vc_column][vc_column width=&#8221;10\/12&#8243;][vc_empty_space height=&#8221;23vw&#8221;][vc_custom_heading text=&#8221;Cancro da Pr\u00f3stata&#8221; font_container=&#8221;tag:h1|text_align:left|color:%23ffffff&#8221; use_theme_fonts=&#8221;yes&#8221; css=&#8221;.vc_custom_1733148138252{margin-top: 0px !important;}&#8221;][vc_empty_space height=&#8221;5vw&#8221;][\/vc_column][vc_column width=&#8221;1\/12&#8243;][\/vc_column][\/vc_row][vc_row][vc_column width=&#8221;1\/12&#8243;][\/vc_column][vc_column width=&#8221;1\/2&#8243;][vc_column_text el_class=&#8221;breadcrumbs&#8221;]<!-- Breadcrumb NavXT 7.3.1 -->\n<span property=\"itemListElement\" typeof=\"ListItem\"><a property=\"item\" typeof=\"WebPage\" title=\"Go to Oncolifestyle.\" href=\"https:\/\/www.oncolifestyle.com\/pt-pt\/\" class=\"home\" aria-current=\"page\"><span property=\"name\">Oncolifestyle<\/span><\/a><meta property=\"position\" content=\"1\"><\/span>[\/vc_column_text][vc_column_text css=&#8221;.vc_custom_1733148233048{margin-top: 50px !important;}&#8221;]<\/p>\n<h6 class=\"green-pill\">Sobre o C\u00e2ncer de Pr\u00f3stata<\/h6>\n<h2>A vida para al\u00e9m do diagn\u00f3stico de cancro da pr\u00f3stata<\/h2>\n<p>&nbsp;<\/p>\n<p class=\"p1\">Embora possa estar a sentir-se chocado ou angustiado com o seu diagn\u00f3stico, ainda h\u00e1 espa\u00e7o para otimismo. Na maioria dos casos, o cancro da pr\u00f3stata progride lentamente e pode desfrutar de uma boa qualidade de vida durante muitos anos.<\/p>\n<p class=\"p1\">Na Oncolifestyle, estamos aqui para o ajudar a encontrar novas formas de viver bem durante e ap\u00f3s o seu percurso com cancro da pr\u00f3stata.<\/p>\n<p>[\/vc_column_text][\/vc_column][vc_column width=&#8221;5\/12&#8243;][vc_single_image image=&#8221;114&#8243; img_size=&#8221;large&#8221; el_class=&#8221;page-circle-image&#8221;][\/vc_column][\/vc_row][vc_row css=&#8221;.vc_custom_1731416741759{padding-top: 100px !important;padding-bottom: 100px !important;}&#8221;][vc_column width=&#8221;2\/12&#8243;][\/vc_column][vc_column width=&#8221;8\/12&#8243;][vc_custom_heading text=&#8221;Desfrute dos benef\u00edcios de uma viagem ativa contra o cancro&#8221; font_container=&#8221;tag:h2|text_align:center&#8221; use_theme_fonts=&#8221;yes&#8221; el_class=&#8221;accent-line center&#8221;][vc_column_text]<\/p>\n<p style=\"text-align: center;\">Iniciar uma conversa sobre o cancro da pr\u00f3stata n\u00e3o \u00e9 f\u00e1cil. Quer esteja a decidir fazer o rastreio ou queira simplesmente saber mais, estamos aqui para o ajudar a encontrar as informa\u00e7\u00f5es de que necessita para o apoiar na sua jornada oncol\u00f3gica.<br \/>\nQuanto mais informa\u00e7\u00f5es tiver, mais bem equipado estar\u00e1 para viver positivamente e descobrir a vida ap\u00f3s o diagn\u00f3stico de cancro da pr\u00f3stata.<\/p>\n<p>[\/vc_column_text][vc_btn title=&#8221;SAIBA MAIS SOBRE O C\u00c2NCER DE PR\u00d3STATA&#8221; style=&#8221;classic&#8221; shape=&#8221;round&#8221; color=&#8221;success&#8221; align=&#8221;center&#8221; link=&#8221;url:https%3A%2F%2Fwww.oncolifestyle.com%2Fpt-pt%2Fsobre-o-cancro-da-prostata%2F|title:Sobre%20o%20cancro%20da%20pr%C3%B3stata&#8221; el_class=&#8221;view-more-articles&#8221;][\/vc_column][vc_column width=&#8221;2\/12&#8243;][\/vc_column][\/vc_row][vc_row][vc_column][vc_custom_heading text=&#8221;Tudo o que precisa saber&#8221; font_container=&#8221;tag:h2|text_align:center&#8221; use_theme_fonts=&#8221;yes&#8221; el_class=&#8221;accent-line center&#8221; css=&#8221;.vc_custom_1733148364904{margin-top: 100px !important;padding-bottom: 150px !important;}&#8221;][\/vc_column][\/vc_row][vc_row gap=&#8221;30&#8243; equal_height=&#8221;yes&#8221; css=&#8221;.vc_custom_1731338135175{padding-bottom: 100px !important;background-image: url(https:\/\/www.oncolifestyle.com\/wp-content\/uploads\/2022\/08\/news-bg.jpg?id=148) !important;background-position: center !important;background-repeat: no-repeat !important;background-size: cover !important;}&#8221; el_class=&#8221;explore-cards&#8221;][vc_column width=&#8221;1\/4&#8243; css=&#8221;.vc_custom_1731343083504{margin-top: -100px !important;background-image: url(https:\/\/www.oncolifestyle.com\/wp-content\/uploads\/2024\/11\/pc-nutrition-card-bg-1.jpg?id=2860) !important;background-position: center !important;background-repeat: no-repeat !important;background-size: cover !important;}&#8221; el_class=&#8221;home-cards&#8221;][vc_single_image image=&#8221;2880&#8243; img_size=&#8221;full&#8221; alignment=&#8221;right&#8221;][vc_column_text]<\/p>\n<h4>NUTRI\u00c7\u00c3O<\/h4>\n<p class=\"p1\">Comer bem para viver bem<\/p>\n<p>[\/vc_column_text][vc_btn title=&#8221;Saber mais&#8221; style=&#8221;classic&#8221; shape=&#8221;square&#8221; color=&#8221;white&#8221; link=&#8221;url:https%3A%2F%2Fwww.oncolifestyle.com%2Fpt-pt%2Fprostate-cancer%2Fnutricao%2F|title:Nutrition&#8221;][\/vc_column][vc_column width=&#8221;1\/4&#8243; css=&#8221;.vc_custom_1731343110118{margin-top: -100px !important;background-image: url(https:\/\/www.oncolifestyle.com\/wp-content\/uploads\/2024\/11\/pc-physical-activity-card-bg-1.jpg?id=2866) !important;}&#8221; el_class=&#8221;home-cards&#8221;][vc_single_image image=&#8221;2886&#8243; img_size=&#8221;full&#8221; alignment=&#8221;right&#8221;][vc_column_text]<\/p>\n<h4>ATIVIDADE F\u00cdSICA<\/h4>\n<p class=\"p1\">Como \u00e9 que o exerc\u00edcio o ajuda a lidar com o seu tratamento?<\/p>\n<p>[\/vc_column_text][vc_btn title=&#8221;Saber mais&#8221; style=&#8221;classic&#8221; shape=&#8221;square&#8221; color=&#8221;white&#8221; link=&#8221;url:https%3A%2F%2Fwww.oncolifestyle.com%2Fpt-pt%2Fprostate-cancer%2Fatividade-fisica%2F|title:Mental%20health&#8221;][\/vc_column][vc_column width=&#8221;1\/4&#8243; el_class=&#8221;home-cards&#8221; css=&#8221;.vc_custom_1731343123769{margin-top: -100px !important;background-image: url(https:\/\/www.oncolifestyle.com\/wp-content\/uploads\/2024\/11\/pc-mental-health-card-bg-1.jpg?id=2854) !important;background-position: center !important;background-repeat: no-repeat !important;background-size: cover !important;}&#8221;][vc_single_image image=&#8221;2812&#8243; img_size=&#8221;210&#215;240&#8243; alignment=&#8221;right&#8221;][vc_column_text]<\/p>\n<h4>SA\u00daDE MENTAL<\/h4>\n<p class=\"p1\">Como \u00e9 que o cancro da pr\u00f3stata e o tratamento podem afetar o seu c\u00e9rebro?<\/p>\n<p>[\/vc_column_text][vc_btn title=&#8221;Saber mais&#8221; style=&#8221;classic&#8221; shape=&#8221;square&#8221; color=&#8221;white&#8221; link=&#8221;url:https%3A%2F%2Fwww.oncolifestyle.com%2Fpt-pt%2Fprostate-cancer%2Fsaude-mental%2F|title:Mental%20health&#8221;][\/vc_column][vc_column width=&#8221;1\/4&#8243; el_class=&#8221;home-cards&#8221; css=&#8221;.vc_custom_1731343135903{margin-top: -100px !important;background-image: url(https:\/\/www.oncolifestyle.com\/wp-content\/uploads\/2024\/11\/pc-sexual-health-card-bg-1.jpg?id=2872) !important;background-position: center !important;background-repeat: no-repeat !important;background-size: cover !important;}&#8221;][vc_single_image image=&#8221;2848&#8243; img_size=&#8221;210&#215;240&#8243; alignment=&#8221;right&#8221;][vc_column_text]<\/p>\n<h4>SA\u00daDE SEXUAL<\/h4>\n<p>O cancro da pr\u00f3stata e uma vida sexual saud\u00e1vel[\/vc_column_text][vc_btn title=&#8221;Saber mais&#8221; style=&#8221;classic&#8221; shape=&#8221;square&#8221; color=&#8221;white&#8221; link=&#8221;url:https%3A%2F%2Fwww.oncolifestyle.com%2Fpt-pt%2Fprostate-cancer%2Fsaude-sexual%2F|title:Mental%20health&#8221;][\/vc_column][\/vc_row][vc_row][vc_column][vc_custom_heading text=&#8221;Descubra o que h\u00e1 de novo&#8221; font_container=&#8221;tag:h2|text_align:center&#8221; use_theme_fonts=&#8221;yes&#8221; el_class=&#8221;accent-line center&#8221; css=&#8221;.vc_custom_1733148752434{margin-top: 100px !important;margin-bottom: 100px !important;}&#8221;][\/vc_column][\/vc_row][vc_row][vc_column][vc_column_text]<div class=\"category-filter-bar\" data-container-id=\"ajax-posts-container-4028761475\" data-posts-per-page=\"5\" data-limit=\"100\"><span>Filtrar por:<\/span> <a href=\"#\" class=\"filter-link active\" data-category=\"75,148,73,78,150\">Todos<\/a> <a href=\"#\" class=\"filter-link\" data-category=\"75\">Atividade F\u00edsica<\/a> <a href=\"#\" class=\"filter-link\" data-category=\"73\">Nutri\u00e7\u00e3o<\/a> <a href=\"#\" class=\"filter-link\" data-category=\"78\">Sa\u00fade Mental<\/a> <a href=\"#\" class=\"filter-link\" data-category=\"150\">Sa\u00fade Sexual<\/a> <\/div><div class=\"ajax-posts-container feature-first\" id=\"ajax-posts-container-4028761475\" data-feature-first=\"true\"><div class=\"custom-post-grid\" data-categories=\"75,148,73,78,150\" data-active-categories=\"75,148,73,78,150\" data-posts-per-page=\"5\" data-limit=\"100\" data-paged=\"1\">\t\t\t<div class=\"custom-post-card\">\n\t\t\t\t\t\t\t\t\t<a class=\"post-thumbnail-wrapper\" href=\"https:\/\/www.oncolifestyle.com\/pt-pt\/cancro-da-prostata\/understanding-prostate-cancer-in-9-questions\/\">\n\t\t\t\t\t\t<img decoding=\"async\" src=\"https:\/\/www.oncolifestyle.com\/wp-content\/uploads\/2022\/11\/banner-about.jpg\" alt=\"Entender o c\u00e2ncer de pr\u00f3stata em 9 perguntas\" class=\"post-thumbnail\" \/>\n\t\t\t\t\t<\/a>\n\t\t\t\t\t\t\t\t<div class=\"post-content\">\n\t\t\t\t\t\t\t\t\t\t\t<span class=\"post-category green-pill\">Prostate cancer<\/span>\n\t\t\t\t\t\t\t\t\t\n\t\t\t\t\t<h2 class=\"post-title\"><a href=\"https:\/\/www.oncolifestyle.com\/pt-pt\/cancro-da-prostata\/understanding-prostate-cancer-in-9-questions\/\">Entender o c\u00e2ncer de pr\u00f3stata em 9 perguntas<\/a><\/h2>\n\t\t\t\t\t<a href=\"https:\/\/www.oncolifestyle.com\/pt-pt\/cancro-da-prostata\/understanding-prostate-cancer-in-9-questions\/\" class=\"read-more\">Saiba mais<\/a>\n\t\t\t\t<\/div>\n\t\t\t<\/div>\n\t\t\t\t\t\t<div class=\"custom-post-card\">\n\t\t\t\t\t\t\t\t\t<a class=\"post-thumbnail-wrapper\" href=\"https:\/\/www.oncolifestyle.com\/pt-pt\/saude-sexual\/orientacao-e-apoio\/\">\n\t\t\t\t\t\t<img decoding=\"async\" src=\"https:\/\/www.oncolifestyle.com\/wp-content\/uploads\/2024\/11\/marriage-counselor-taking-notes-while-having-meeting-with-couple-office.jpg\" alt=\"Orienta\u00e7\u00e3o e apoio\" class=\"post-thumbnail\" \/>\n\t\t\t\t\t<\/a>\n\t\t\t\t\t\t\t\t<div class=\"post-content\">\n\t\t\t\t\t\t\t\t\t\t\t<span class=\"post-category green-pill\">Sa\u00fade sexual<\/span>\n\t\t\t\t\t\t\t\t\t\n\t\t\t\t\t<h2 class=\"post-title\"><a href=\"https:\/\/www.oncolifestyle.com\/pt-pt\/saude-sexual\/orientacao-e-apoio\/\">Orienta\u00e7\u00e3o e apoio<\/a><\/h2>\n\t\t\t\t\t<a href=\"https:\/\/www.oncolifestyle.com\/pt-pt\/saude-sexual\/orientacao-e-apoio\/\" class=\"read-more\">Saiba mais<\/a>\n\t\t\t\t<\/div>\n\t\t\t<\/div>\n\t\t\t\t\t\t<div class=\"custom-post-card\">\n\t\t\t\t\t\t\t\t\t<a class=\"post-thumbnail-wrapper\" href=\"https:\/\/www.oncolifestyle.com\/pt-pt\/saude-sexual\/ampliar-os-limites-da-vida-intima\/\">\n\t\t\t\t\t\t<img decoding=\"async\" src=\"https:\/\/www.oncolifestyle.com\/wp-content\/uploads\/2024\/11\/couple-sits-bench-park-smiling-looking-each-other.jpg\" alt=\"Ampliar os limites da vida \u00edntima\" class=\"post-thumbnail\" \/>\n\t\t\t\t\t<\/a>\n\t\t\t\t\t\t\t\t<div class=\"post-content\">\n\t\t\t\t\t\t\t\t\t\t\t<span class=\"post-category green-pill\">Sa\u00fade Sexual<\/span>\n\t\t\t\t\t\t\t\t\t\n\t\t\t\t\t<h2 class=\"post-title\"><a href=\"https:\/\/www.oncolifestyle.com\/pt-pt\/saude-sexual\/ampliar-os-limites-da-vida-intima\/\">Ampliar os limites da vida \u00edntima<\/a><\/h2>\n\t\t\t\t\t<a href=\"https:\/\/www.oncolifestyle.com\/pt-pt\/saude-sexual\/ampliar-os-limites-da-vida-intima\/\" class=\"read-more\">Saiba mais<\/a>\n\t\t\t\t<\/div>\n\t\t\t<\/div>\n\t\t\t\t\t\t<div class=\"custom-post-card\">\n\t\t\t\t\t\t\t\t\t<a class=\"post-thumbnail-wrapper\" href=\"https:\/\/www.oncolifestyle.com\/pt-pt\/saude-sexual\/tratamento-da-disfuncao-eretil\/\">\n\t\t\t\t\t\t<img decoding=\"async\" src=\"https:\/\/www.oncolifestyle.com\/wp-content\/uploads\/2024\/11\/medium-shot-smiley-people-hugging.jpg\" alt=\"Tratamento da disfun\u00e7\u00e3o er\u00e9til\" class=\"post-thumbnail\" \/>\n\t\t\t\t\t<\/a>\n\t\t\t\t\t\t\t\t<div class=\"post-content\">\n\t\t\t\t\t\t\t\t\t\t\t<span class=\"post-category green-pill\">Sa\u00fade Sexual<\/span>\n\t\t\t\t\t\t\t\t\t\n\t\t\t\t\t<h2 class=\"post-title\"><a href=\"https:\/\/www.oncolifestyle.com\/pt-pt\/saude-sexual\/tratamento-da-disfuncao-eretil\/\">Tratamento da disfun\u00e7\u00e3o er\u00e9til<\/a><\/h2>\n\t\t\t\t\t<a href=\"https:\/\/www.oncolifestyle.com\/pt-pt\/saude-sexual\/tratamento-da-disfuncao-eretil\/\" class=\"read-more\">Saiba mais<\/a>\n\t\t\t\t<\/div>\n\t\t\t<\/div>\n\t\t\t\t\t\t<div class=\"custom-post-card\">\n\t\t\t\t\t\t\t\t\t<a class=\"post-thumbnail-wrapper\" href=\"https:\/\/www.oncolifestyle.com\/pt-pt\/saude-mental\/lidar-com-o-cancro\/\">\n\t\t\t\t\t\t<img decoding=\"async\" src=\"https:\/\/www.oncolifestyle.com\/wp-content\/uploads\/2024\/11\/shutterstock_2476888627.jpg\" alt=\"Lidar com o cancro\" class=\"post-thumbnail\" \/>\n\t\t\t\t\t<\/a>\n\t\t\t\t\t\t\t\t<div class=\"post-content\">\n\t\t\t\t\t\t\t\t\t\t\t<span class=\"post-category green-pill\">Tomar medidas<\/span>\n\t\t\t\t\t\t\t\t\t\n\t\t\t\t\t<h2 class=\"post-title\"><a href=\"https:\/\/www.oncolifestyle.com\/pt-pt\/saude-mental\/lidar-com-o-cancro\/\">Lidar com o cancro<\/a><\/h2>\n\t\t\t\t\t<a href=\"https:\/\/www.oncolifestyle.com\/pt-pt\/saude-mental\/lidar-com-o-cancro\/\" class=\"read-more\">Saiba mais<\/a>\n\t\t\t\t<\/div>\n\t\t\t<\/div>\n\t\t\t<\/div>\n\t\t<div class=\"vc_btn3-container  view-more-articles vc_btn3-center\" style=\"margin-top: 20px;\">\n\t\t\t<button class=\"load-more vc_general vc_btn3 vc_btn3-size-md vc_btn3-shape-round vc_btn3-style-classic vc_btn3-color-danger\" data-paged=\"2\">Ver mais artigos<\/button>\n\t\t<\/div> <\/div>[\/vc_column_text][\/vc_column][\/vc_row][vc_row css=&#8221;.vc_custom_1731277799166{padding-top: 100px !important;padding-bottom: 100px !important;}&#8221;][vc_column width=&#8221;1\/12&#8243;][\/vc_column][vc_column width=&#8221;10\/12&#8243;][vc_custom_heading text=&#8221;Informa\u00e7\u00e3o em que pode confiar&#8221; font_container=&#8221;tag:h2|text_align:center&#8221; use_theme_fonts=&#8221;yes&#8221; el_class=&#8221;accent-line center size-sm&#8221;][vc_column_text]<\/p>\n<p style=\"text-align: center;\">Com tantas opini\u00f5es por a\u00ed, pode ser dif\u00edcil saber quem seguir. Na Oncolifestyle, fazemos o nosso melhor para lhe fornecer informa\u00e7\u00f5es baseadas em provas que foram cuidadosamente investigadas tendo em mente a sua sa\u00fade.<\/p>\n<p>[\/vc_column_text][\/vc_column][vc_column width=&#8221;1\/12&#8243;][\/vc_column][\/vc_row]<\/p>\n<\/div>","protected":false},"excerpt":{"rendered":"<p>[vc_row full_width=&#8221;stretch_row&#8221; css=&#8221;.vc_custom_1731339146710{background-image: url(https:\/\/www.oncolifestyle.com\/wp-content\/uploads\/2022\/08\/banner-prostate.jpg?id=106) !important;background-position: center !important;background-repeat: no-repeat !important;background-size: cover !important;}&#8221; el_class=&#8221;page-banner&#8221;][vc_column width=&#8221;1\/12&#8243;][\/vc_column][vc_column width=&#8221;10\/12&#8243;][vc_empty_space height=&#8221;23vw&#8221;][vc_custom_heading text=&#8221;Cancro da Pr\u00f3stata&#8221; font_container=&#8221;tag:h1|text_align:left|color:%23ffffff&#8221; use_theme_fonts=&#8221;yes&#8221; [&hellip;]<\/p>\n","protected":false},"author":1,"featured_media":0,"parent":0,"menu_order":0,"comment_status":"closed","ping_status":"closed","template":"template-fullwidth.php","meta":{"_acf_changed":false,"inline_featured_image":false,"footnotes":""},"class_list":["post-1835","page","type-page","status-publish","hentry"],"acf":[],"yoast_head":"<!-- This site is optimized with the Yoast SEO plugin v23.8 - https:\/\/yoast.com\/wordpress\/plugins\/seo\/ -->\n<title>Cancro da pr\u00f3stata: informa\u00e7\u00e3o, apoio e qualidade de vida | Oncolifestyle<\/title>\n<meta name=\"description\" content=\"Accessible, evidence-based information to help you take an active role in your cancer journey, make positive lifestyle choices, and improve your quality of life.\" \/>\n<meta name=\"robots\" content=\"index, follow, max-snippet:-1, max-image-preview:large, max-video-preview:-1\" \/>\n<link rel=\"canonical\" href=\"https:\/\/www.oncolifestyle.com\/pt-pt\/cancro-da-prostata\/\" \/>\n<meta property=\"og:locale\" content=\"pt_PT\" \/>\n<meta property=\"og:type\" content=\"article\" \/>\n<meta property=\"og:title\" content=\"Cancro da pr\u00f3stata: informa\u00e7\u00e3o, apoio e qualidade de vida | Oncolifestyle\" \/>\n<meta property=\"og:description\" content=\"Accessible, evidence-based information to help you take an active role in your cancer journey, make positive lifestyle choices, and improve your quality of life.\" \/>\n<meta property=\"og:url\" content=\"https:\/\/www.oncolifestyle.com\/pt-pt\/cancro-da-prostata\/\" \/>\n<meta property=\"og:site_name\" content=\"Oncolifestyle\" \/>\n<meta property=\"article:modified_time\" content=\"2024-12-02T14:13:18+00:00\" \/>\n<meta property=\"og:image\" content=\"https:\/\/www.oncolifestyle.com\/wp-content\/uploads\/2023\/07\/Oncolifestyle_Social-media-tile_1.png\" \/>\n\t<meta property=\"og:image:width\" content=\"2400\" \/>\n\t<meta property=\"og:image:height\" content=\"1254\" \/>\n\t<meta property=\"og:image:type\" content=\"image\/png\" \/>\n<meta name=\"twitter:card\" content=\"summary_large_image\" \/>\n<meta name=\"twitter:image\" content=\"https:\/\/www.oncolifestyle.com\/wp-content\/uploads\/2023\/07\/Oncolifestyle_Social-media-tile_1.png\" \/>\n<meta name=\"twitter:label1\" content=\"Tempo estimado de leitura\" \/>\n\t<meta name=\"twitter:data1\" content=\"9 minutos\" \/>\n<script type=\"application\/ld+json\" class=\"yoast-schema-graph\">{\"@context\":\"https:\/\/schema.org\",\"@graph\":[{\"@type\":\"WebPage\",\"@id\":\"https:\/\/www.oncolifestyle.com\/pt-pt\/cancro-da-prostata\/\",\"url\":\"https:\/\/www.oncolifestyle.com\/pt-pt\/cancro-da-prostata\/\",\"name\":\"Cancro da pr\u00f3stata: informa\u00e7\u00e3o, apoio e qualidade de vida | Oncolifestyle\",\"isPartOf\":{\"@id\":\"https:\/\/www.oncolifestyle.com\/pt-pt\/#website\"},\"datePublished\":\"2022-08-08T09:31:23+00:00\",\"dateModified\":\"2024-12-02T14:13:18+00:00\",\"description\":\"Accessible, evidence-based information to help you take an active role in your cancer journey, make positive lifestyle choices, and improve your quality of life.\",\"breadcrumb\":{\"@id\":\"https:\/\/www.oncolifestyle.com\/pt-pt\/cancro-da-prostata\/#breadcrumb\"},\"inLanguage\":\"pt-PT\",\"potentialAction\":[{\"@type\":\"ReadAction\",\"target\":[\"https:\/\/www.oncolifestyle.com\/pt-pt\/cancro-da-prostata\/\"]}]},{\"@type\":\"BreadcrumbList\",\"@id\":\"https:\/\/www.oncolifestyle.com\/pt-pt\/cancro-da-prostata\/#breadcrumb\",\"itemListElement\":[{\"@type\":\"ListItem\",\"position\":1,\"name\":\"Home\",\"item\":\"https:\/\/www.oncolifestyle.com\/pt-pt\/\"},{\"@type\":\"ListItem\",\"position\":2,\"name\":\"Cancro da Pr\u00f3stata\"}]},{\"@type\":\"WebSite\",\"@id\":\"https:\/\/www.oncolifestyle.com\/pt-pt\/#website\",\"url\":\"https:\/\/www.oncolifestyle.com\/pt-pt\/\",\"name\":\"Oncolifestyle\",\"description\":\"Helping people with cancer live well\",\"publisher\":{\"@id\":\"https:\/\/www.oncolifestyle.com\/pt-pt\/#organization\"},\"potentialAction\":[{\"@type\":\"SearchAction\",\"target\":{\"@type\":\"EntryPoint\",\"urlTemplate\":\"https:\/\/www.oncolifestyle.com\/pt-pt\/?s={search_term_string}\"},\"query-input\":{\"@type\":\"PropertyValueSpecification\",\"valueRequired\":true,\"valueName\":\"search_term_string\"}}],\"inLanguage\":\"pt-PT\"},{\"@type\":\"Organization\",\"@id\":\"https:\/\/www.oncolifestyle.com\/pt-pt\/#organization\",\"name\":\"Oncolifestyle\",\"url\":\"https:\/\/www.oncolifestyle.com\/pt-pt\/\",\"logo\":{\"@type\":\"ImageObject\",\"inLanguage\":\"pt-PT\",\"@id\":\"https:\/\/www.oncolifestyle.com\/pt-pt\/#\/schema\/logo\/image\/\",\"url\":\"https:\/\/www.oncolifestyle.com\/wp-content\/uploads\/2022\/08\/ONCO_LOGO_RGB_horizontal.png\",\"contentUrl\":\"https:\/\/www.oncolifestyle.com\/wp-content\/uploads\/2022\/08\/ONCO_LOGO_RGB_horizontal.png\",\"width\":2062,\"height\":434,\"caption\":\"Oncolifestyle\"},\"image\":{\"@id\":\"https:\/\/www.oncolifestyle.com\/pt-pt\/#\/schema\/logo\/image\/\"}}]}<\/script>\n<!-- \/ Yoast SEO plugin. -->","yoast_head_json":{"title":"Cancro da pr\u00f3stata: informa\u00e7\u00e3o, apoio e qualidade de vida | Oncolifestyle","description":"Accessible, evidence-based information to help you take an active role in your cancer journey, make positive lifestyle choices, and improve your quality of life.","robots":{"index":"index","follow":"follow","max-snippet":"max-snippet:-1","max-image-preview":"max-image-preview:large","max-video-preview":"max-video-preview:-1"},"canonical":"https:\/\/www.oncolifestyle.com\/pt-pt\/cancro-da-prostata\/","og_locale":"pt_PT","og_type":"article","og_title":"Cancro da pr\u00f3stata: informa\u00e7\u00e3o, apoio e qualidade de vida | Oncolifestyle","og_description":"Accessible, evidence-based information to help you take an active role in your cancer journey, make positive lifestyle choices, and improve your quality of life.","og_url":"https:\/\/www.oncolifestyle.com\/pt-pt\/cancro-da-prostata\/","og_site_name":"Oncolifestyle","article_modified_time":"2024-12-02T14:13:18+00:00","og_image":[{"width":2400,"height":1254,"url":"https:\/\/www.oncolifestyle.com\/wp-content\/uploads\/2023\/07\/Oncolifestyle_Social-media-tile_1.png","type":"image\/png"}],"twitter_card":"summary_large_image","twitter_image":"https:\/\/www.oncolifestyle.com\/wp-content\/uploads\/2023\/07\/Oncolifestyle_Social-media-tile_1.png","twitter_misc":{"Tempo estimado de leitura":"9 minutos"},"schema":{"@context":"https:\/\/schema.org","@graph":[{"@type":"WebPage","@id":"https:\/\/www.oncolifestyle.com\/pt-pt\/cancro-da-prostata\/","url":"https:\/\/www.oncolifestyle.com\/pt-pt\/cancro-da-prostata\/","name":"Cancro da pr\u00f3stata: informa\u00e7\u00e3o, apoio e qualidade de vida | Oncolifestyle","isPartOf":{"@id":"https:\/\/www.oncolifestyle.com\/pt-pt\/#website"},"datePublished":"2022-08-08T09:31:23+00:00","dateModified":"2024-12-02T14:13:18+00:00","description":"Accessible, evidence-based information to help you take an active role in your cancer journey, make positive lifestyle choices, and improve your quality of life.","breadcrumb":{"@id":"https:\/\/www.oncolifestyle.com\/pt-pt\/cancro-da-prostata\/#breadcrumb"},"inLanguage":"pt-PT","potentialAction":[{"@type":"ReadAction","target":["https:\/\/www.oncolifestyle.com\/pt-pt\/cancro-da-prostata\/"]}]},{"@type":"BreadcrumbList","@id":"https:\/\/www.oncolifestyle.com\/pt-pt\/cancro-da-prostata\/#breadcrumb","itemListElement":[{"@type":"ListItem","position":1,"name":"Home","item":"https:\/\/www.oncolifestyle.com\/pt-pt\/"},{"@type":"ListItem","position":2,"name":"Cancro da Pr\u00f3stata"}]},{"@type":"WebSite","@id":"https:\/\/www.oncolifestyle.com\/pt-pt\/#website","url":"https:\/\/www.oncolifestyle.com\/pt-pt\/","name":"Oncolifestyle","description":"Helping people with cancer live well","publisher":{"@id":"https:\/\/www.oncolifestyle.com\/pt-pt\/#organization"},"potentialAction":[{"@type":"SearchAction","target":{"@type":"EntryPoint","urlTemplate":"https:\/\/www.oncolifestyle.com\/pt-pt\/?s={search_term_string}"},"query-input":{"@type":"PropertyValueSpecification","valueRequired":true,"valueName":"search_term_string"}}],"inLanguage":"pt-PT"},{"@type":"Organization","@id":"https:\/\/www.oncolifestyle.com\/pt-pt\/#organization","name":"Oncolifestyle","url":"https:\/\/www.oncolifestyle.com\/pt-pt\/","logo":{"@type":"ImageObject","inLanguage":"pt-PT","@id":"https:\/\/www.oncolifestyle.com\/pt-pt\/#\/schema\/logo\/image\/","url":"https:\/\/www.oncolifestyle.com\/wp-content\/uploads\/2022\/08\/ONCO_LOGO_RGB_horizontal.png","contentUrl":"https:\/\/www.oncolifestyle.com\/wp-content\/uploads\/2022\/08\/ONCO_LOGO_RGB_horizontal.png","width":2062,"height":434,"caption":"Oncolifestyle"},"image":{"@id":"https:\/\/www.oncolifestyle.com\/pt-pt\/#\/schema\/logo\/image\/"}}]}},"_links":{"self":[{"href":"https:\/\/www.oncolifestyle.com\/pt-pt\/wp-json\/wp\/v2\/pages\/1835","targetHints":{"allow":["GET"]}}],"collection":[{"href":"https:\/\/www.oncolifestyle.com\/pt-pt\/wp-json\/wp\/v2\/pages"}],"about":[{"href":"https:\/\/www.oncolifestyle.com\/pt-pt\/wp-json\/wp\/v2\/types\/page"}],"author":[{"embeddable":true,"href":"https:\/\/www.oncolifestyle.com\/pt-pt\/wp-json\/wp\/v2\/users\/1"}],"replies":[{"embeddable":true,"href":"https:\/\/www.oncolifestyle.com\/pt-pt\/wp-json\/wp\/v2\/comments?post=1835"}],"version-history":[{"count":10,"href":"https:\/\/www.oncolifestyle.com\/pt-pt\/wp-json\/wp\/v2\/pages\/1835\/revisions"}],"predecessor-version":[{"id":3416,"href":"https:\/\/www.oncolifestyle.com\/pt-pt\/wp-json\/wp\/v2\/pages\/1835\/revisions\/3416"}],"wp:attachment":[{"href":"https:\/\/www.oncolifestyle.com\/pt-pt\/wp-json\/wp\/v2\/media?parent=1835"}],"curies":[{"name":"wp","href":"https:\/\/api.w.org\/{rel}","templated":true}]}}