{"id":2381,"date":"2022-07-27T23:10:25","date_gmt":"2022-07-27T23:10:25","guid":{"rendered":"https:\/\/www.oncolifestyle.com\/home\/"},"modified":"2024-12-02T14:01:09","modified_gmt":"2024-12-02T14:01:09","slug":"home","status":"publish","type":"page","link":"https:\/\/www.oncolifestyle.com\/pt-pt\/","title":{"rendered":"Home"},"content":{"rendered":"<div class=\"wpb-content-wrapper\"><p>[vc_row full_width=&#8221;stretch_row&#8221; css=&#8221;.vc_custom_1731243703204{background-image: url(https:\/\/www.oncolifestyle.com\/wp-content\/uploads\/2024\/11\/home-banner.jpg?id=2337) !important;background-position: center !important;background-repeat: no-repeat !important;background-size: cover !important;}&#8221; el_class=&#8221;page-banner&#8221;][vc_column width=&#8221;1\/12&#8243;][\/vc_column][vc_column width=&#8221;7\/12&#8243;][vc_empty_space height=&#8221;17vw&#8221;][vc_custom_heading text=&#8221;A ajud\u00e1-lo a viver bem com o cancro&#8221; font_container=&#8221;tag:h1|text_align:left|color:%23ffffff&#8221; use_theme_fonts=&#8221;yes&#8221; css=&#8221;.vc_custom_1733147366277{margin-top: 0px !important;}&#8221;][vc_empty_space height=&#8221;5vw&#8221;][\/vc_column][vc_column width=&#8221;3\/12&#8243;][\/vc_column][vc_column width=&#8221;1\/12&#8243;][\/vc_column][\/vc_row][vc_row][vc_column width=&#8221;1\/12&#8243;][\/vc_column][vc_column width=&#8221;1\/2&#8243;][vc_column_text css=&#8221;.vc_custom_1733147469990{margin-top: 50px !important;}&#8221;]<\/p>\n<h6 class=\"green-pill\">DECLARA\u00c7\u00c3O DE MISS\u00c3O<\/h6>\n<h2>A ajud\u00e1-lo a viver bem com o cancro<\/h2>\n<p class=\"p1\">O cancro tem um impacto em todas as \u00e1reas da sua vida. Se est\u00e1 a viver com um diagn\u00f3stico de cancro &#8211; ou algu\u00e9m pr\u00f3ximo de si est\u00e1 &#8211; estamos aqui para ajudar a lidar com as mudan\u00e7as.<\/p>\n<p class=\"p1\">Na Oncolifestyle, ir\u00e1 encontrar informa\u00e7\u00e3o acess\u00edvel, baseada em evid\u00eancias para poder desempenhar um papel ativo no percurso da vida com o cancro, fazer escolhas de vida mais positivas e encontrar novas formas para melhorar a qualidade de vida.<\/p>\n<p>[\/vc_column_text][\/vc_column][vc_column width=&#8221;5\/12&#8243;][vc_single_image image=&#8221;2343&#8243; img_size=&#8221;large&#8221; el_class=&#8221;page-circle-image&#8221;][\/vc_column][\/vc_row][vc_row css=&#8221;.vc_custom_1731265418453{padding-bottom: 150px !important;}&#8221;][vc_column][vc_custom_heading text=&#8221;O que h\u00e1 de novo&#8221; font_container=&#8221;tag:h2|text_align:center&#8221; use_theme_fonts=&#8221;yes&#8221; el_class=&#8221;accent-line center&#8221; css=&#8221;.vc_custom_1733147487700{margin-top: 100px !important;margin-bottom: 100px !important;}&#8221;][\/vc_column][\/vc_row][vc_row css=&#8221;.vc_custom_1731265407035{background-image: url(https:\/\/www.oncolifestyle.com\/wp-content\/uploads\/2022\/11\/news-bg.jpg?id=677) !important;}&#8221;][vc_column][vc_column_text css=&#8221;.vc_custom_1731404795383{margin-top: -200px !important;margin-bottom: 80px !important;}&#8221;]<div class=\"ajax-posts-container \" id=\"ajax-posts-container-3279996932\" data-feature-first=\"false\"><div class=\"custom-post-grid\" data-categories=\"85\" data-active-categories=\"85\" data-posts-per-page=\"3\" data-limit=\"3\" data-paged=\"1\">\t\t\t<div class=\"custom-post-card\">\n\t\t\t\t\t\t\t\t\t<a class=\"post-thumbnail-wrapper\" href=\"https:\/\/www.oncolifestyle.com\/pt-pt\/saude-emocional\/o-que-pode-uma-orientacao-psicologica-fazer-por-si\/\">\n\t\t\t\t\t\t<img decoding=\"async\" src=\"https:\/\/www.oncolifestyle.com\/wp-content\/uploads\/2024\/08\/man-sitting-psychologist-s-office-talking-about-problems.jpg\" alt=\"O que pode uma orienta\u00e7\u00e3o psicol\u00f3gica fazer por si?\" class=\"post-thumbnail\" \/>\n\t\t\t\t\t<\/a>\n\t\t\t\t\t\t\t\t<div class=\"post-content\">\n\t\t\t\t\t\t\t\t\t\t\t<span class=\"post-category green-pill\">Sa\u00fade emocional<\/span>\n\t\t\t\t\t\t\t\t\t\n\t\t\t\t\t<h2 class=\"post-title\"><a href=\"https:\/\/www.oncolifestyle.com\/pt-pt\/saude-emocional\/o-que-pode-uma-orientacao-psicologica-fazer-por-si\/\">O que pode uma orienta\u00e7\u00e3o psicol\u00f3gica fazer por si?<\/a><\/h2>\n\t\t\t\t\t<a href=\"https:\/\/www.oncolifestyle.com\/pt-pt\/saude-emocional\/o-que-pode-uma-orientacao-psicologica-fazer-por-si\/\" class=\"read-more\">Saiba mais<\/a>\n\t\t\t\t<\/div>\n\t\t\t<\/div>\n\t\t\t\t\t\t<div class=\"custom-post-card\">\n\t\t\t\t\t\t\t\t\t<a class=\"post-thumbnail-wrapper\" href=\"https:\/\/www.oncolifestyle.com\/pt-pt\/saude-emocional\/os-beneficios-dos-exercicios-de-relaxamento\/\">\n\t\t\t\t\t\t<img decoding=\"async\" src=\"https:\/\/www.oncolifestyle.com\/wp-content\/uploads\/2024\/08\/group-young-sporty-people-sitting-sukhasana-close-up.jpg\" alt=\"Os benef\u00edcios dos exerc\u00edcios de relaxamento\" class=\"post-thumbnail\" \/>\n\t\t\t\t\t<\/a>\n\t\t\t\t\t\t\t\t<div class=\"post-content\">\n\t\t\t\t\t\t\t\t\t\t\t<span class=\"post-category green-pill\">Sa\u00fade emocional<\/span>\n\t\t\t\t\t\t\t\t\t\n\t\t\t\t\t<h2 class=\"post-title\"><a href=\"https:\/\/www.oncolifestyle.com\/pt-pt\/saude-emocional\/os-beneficios-dos-exercicios-de-relaxamento\/\">Os benef\u00edcios dos exerc\u00edcios de relaxamento<\/a><\/h2>\n\t\t\t\t\t<a href=\"https:\/\/www.oncolifestyle.com\/pt-pt\/saude-emocional\/os-beneficios-dos-exercicios-de-relaxamento\/\" class=\"read-more\">Saiba mais<\/a>\n\t\t\t\t<\/div>\n\t\t\t<\/div>\n\t\t\t\t\t\t<div class=\"custom-post-card\">\n\t\t\t\t\t\t\t\t\t<a class=\"post-thumbnail-wrapper\" href=\"https:\/\/www.oncolifestyle.com\/pt-pt\/saude-emocional\/10-dicas-para-lidar-com-as-suas-emocoes\/\">\n\t\t\t\t\t\t<img decoding=\"async\" src=\"https:\/\/www.oncolifestyle.com\/wp-content\/uploads\/2024\/08\/tranquil-retreat-middleaged-asian-woman-finds-serenity-comfort-her-home.jpg\" alt=\"10 dicas para lidar com as suas emo\u00e7\u00f5es\" class=\"post-thumbnail\" \/>\n\t\t\t\t\t<\/a>\n\t\t\t\t\t\t\t\t<div class=\"post-content\">\n\t\t\t\t\t\t\t\t\t\t\t<span class=\"post-category green-pill\">Sa\u00fade emocional<\/span>\n\t\t\t\t\t\t\t\t\t\n\t\t\t\t\t<h2 class=\"post-title\"><a href=\"https:\/\/www.oncolifestyle.com\/pt-pt\/saude-emocional\/10-dicas-para-lidar-com-as-suas-emocoes\/\">10 dicas para lidar com as suas emo\u00e7\u00f5es<\/a><\/h2>\n\t\t\t\t\t<a href=\"https:\/\/www.oncolifestyle.com\/pt-pt\/saude-emocional\/10-dicas-para-lidar-com-as-suas-emocoes\/\" class=\"read-more\">Saiba mais<\/a>\n\t\t\t\t<\/div>\n\t\t\t<\/div>\n\t\t\t<\/div><\/div>[\/vc_column_text][\/vc_column][\/vc_row][vc_row][vc_column][vc_custom_heading text=&#8221;Tudo o que precisa de saber&#8221; font_container=&#8221;tag:h2|text_align:center&#8221; use_theme_fonts=&#8221;yes&#8221; el_class=&#8221;accent-line center&#8221; css=&#8221;.vc_custom_1733147512304{margin-top: 130px !important;margin-bottom: 50px !important;}&#8221;][\/vc_column][\/vc_row][vc_row][vc_column][vc_column_text css=&#8221;.vc_custom_1733147550338{padding-right: 5% !important;padding-left: 5% !important;}&#8221;]<\/p>\n<p class=\"p1\" style=\"text-align: center;\">Est\u00e1 provado que ter um estilo de vida saud\u00e1vel previne o cancro, mas \u00e9 igualmente importante manter estes h\u00e1bitos enquanto se vive com cancro. Isto pode ajud\u00e1-lo a sentir-se melhor, a melhorar os seus n\u00edveis de energia e at\u00e9 a retardar a progress\u00e3o do cancro. Ao fazer escolhas de estilo de vida saud\u00e1veis, pode melhorar a sua qualidade de vida e recuperar algum controlo no seu percurso oncol\u00f3gico.<\/p>\n<p>[\/vc_column_text][\/vc_column][\/vc_row][vc_row gap=&#8221;30&#8243; equal_height=&#8221;yes&#8221;][vc_column width=&#8221;1\/3&#8243; css=&#8221;.vc_custom_1731311533950{background-image: url(https:\/\/www.oncolifestyle.com\/wp-content\/uploads\/2024\/11\/nutrition-card-bg.jpg?id=2715) !important;background-position: center !important;background-repeat: no-repeat !important;background-size: cover !important;}&#8221; el_class=&#8221;home-cards&#8221;][vc_single_image image=&#8221;2733&#8243; img_size=&#8221;210&#215;270&#8243; alignment=&#8221;right&#8221;][vc_column_text]<\/p>\n<h4>NUTRI\u00c7\u00c3O<\/h4>\n<p class=\"p1\">Descubra como a dieta e as escolhas nutricionais podem ajud\u00e1-lo a viver bem com o cancro.<\/p>\n<p>[\/vc_column_text][vc_btn title=&#8221;Saber mais&#8221; style=&#8221;classic&#8221; shape=&#8221;square&#8221; color=&#8221;white&#8221; link=&#8221;url:https%3A%2F%2Fwww.oncolifestyle.com%2Fpt-pt%2Fprostate-cancer%2Fnutricao%2F|title:Nutrition&#8221;][\/vc_column][vc_column width=&#8221;1\/3&#8243; css=&#8221;.vc_custom_1731311592120{background-image: url(https:\/\/www.oncolifestyle.com\/wp-content\/uploads\/2024\/11\/physical-activity-card-bg.jpg?id=2721) !important;background-position: center !important;background-repeat: no-repeat !important;background-size: cover !important;}&#8221; el_class=&#8221;home-cards&#8221;][vc_single_image image=&#8221;2739&#8243; img_size=&#8221;200&#215;220&#8243; alignment=&#8221;right&#8221;][vc_column_text]<\/p>\n<h4>ATIVIDADE F\u00cdSICA<\/h4>\n<p class=\"p1\">Descubra como manter-se fisicamente ativo pode ajudar a melhorar o seu bem-estar f\u00edsico, mental e social.<\/p>\n<p>[\/vc_column_text][vc_btn title=&#8221;Saber mais&#8221; style=&#8221;classic&#8221; shape=&#8221;square&#8221; color=&#8221;white&#8221; link=&#8221;url:https%3A%2F%2Fwww.oncolifestyle.com%2Fpt-pt%2Fprostate-cancer%2Fatividade-fisica%2F|title:Physical%20Activity&#8221;][\/vc_column][vc_column width=&#8221;1\/3&#8243; css=&#8221;.vc_custom_1731311637708{background-image: url(https:\/\/www.oncolifestyle.com\/wp-content\/uploads\/2024\/11\/mental-health-card-bg.jpg?id=2709) !important;}&#8221; el_class=&#8221;home-cards&#8221;][vc_single_image image=&#8221;2727&#8243; img_size=&#8221;210&#215;240&#8243; alignment=&#8221;right&#8221;][vc_column_text]<\/p>\n<h4>SA\u00daDE MENTAL<\/h4>\n<p class=\"p1\">Compreenda como o cancro afecta a sua sa\u00fade cognitiva e emocional &#8211; e como pode proteger o seu bem-estar mental.<\/p>\n<p>[\/vc_column_text][vc_btn title=&#8221;Saber mais&#8221; style=&#8221;classic&#8221; shape=&#8221;square&#8221; color=&#8221;white&#8221; link=&#8221;url:https%3A%2F%2Fwww.oncolifestyle.com%2Fpt-pt%2Fprostate-cancer%2Fsaude-mental%2F|title:Mental%20Health&#8221;][\/vc_column][\/vc_row][vc_row][vc_column][vc_custom_heading text=&#8221;Explorar mais&#8221; font_container=&#8221;tag:h2|text_align:center&#8221; use_theme_fonts=&#8221;yes&#8221; el_class=&#8221;accent-line center&#8221; css=&#8221;.vc_custom_1733147854521{margin-top: 130px !important;margin-bottom: 50px !important;}&#8221;][\/vc_column][\/vc_row][vc_row css=&#8221;.vc_custom_1731270200621{padding-right: 10% !important;padding-left: 10% !important;}&#8221;][vc_column][vc_column_text el_class=&#8221;box-shadow&#8221; css=&#8221;.vc_custom_1733147941141{padding-top: 50px !important;padding-right: 30px !important;padding-bottom: 50px !important;padding-left: 30px !important;}&#8221;]<\/p>\n<p style=\"text-align: center; font-size: 24px;\"><strong>Explore informa\u00e7\u00f5es e conselhos espec\u00edficos para o seu tipo de c\u00e2ncer:<\/strong><\/p>\n<p style=\"text-align: center;\"><span class=\"disease-wrapper disease-pc\"><a class=\"\" href=\"https:\/\/www.oncolifestyle.com\/pt-pt\/prostate-cancer\/\">C\u00e2ncer de pr\u00f3stata<\/a><\/span><\/p>\n<p style=\"text-align: center; font-size: 14px; color: #7b7474;\">*Mais tipos de c\u00e2ncer ser\u00e3o adicionados<\/p>\n<p>[\/vc_column_text][\/vc_column][\/vc_row][vc_row css=&#8221;.vc_custom_1731271119296{padding-top: 100px !important;}&#8221;][vc_column width=&#8221;1\/12&#8243;][\/vc_column][vc_column width=&#8221;10\/12&#8243;][vc_custom_heading text=&#8221;Informa\u00e7\u00e3o em que pode confiar&#8221; font_container=&#8221;tag:h2|text_align:center&#8221; use_theme_fonts=&#8221;yes&#8221; el_class=&#8221;accent-line center size-sm&#8221;][vc_column_text]<\/p>\n<p style=\"text-align: center;\">Com tantas opini\u00f5es por a\u00ed, pode ser dif\u00edcil saber quem seguir. Na Oncolifestyle fazemos o nosso melhor para lhe fornecer informa\u00e7\u00f5es baseadas em provas que foram cuidadosamente investigadas tendo em mente a sua sa\u00fade.<\/p>\n<p>[\/vc_column_text][\/vc_column][vc_column width=&#8221;1\/12&#8243;][\/vc_column][\/vc_row][vc_row css=&#8221;.vc_custom_1731272629304{padding-top: 50px !important;padding-bottom: 100px !important;}&#8221;][vc_column][vc_column_text]<\/p>\n<h6 style=\"text-align: center;\">As nossas fontes<\/h6>\n<p style=\"text-align: center;\"><span class=\"sources-btn show-source\">Onde foi obtida esta informa\u00e7\u00e3o?<br \/>\n<\/span><\/p>\n<p>[\/vc_column_text][\/vc_column][\/vc_row][vc_row full_width=&#8221;stretch_row&#8221; el_class=&#8221;source&#8221;][vc_column][vc_raw_html]JTNDZGl2JTIwY2xhc3MlM0QlMjJzdmdfX3dyYXBwZXIlMjBjbG9zZS1zb3VyY2UlMjIlM0UlMEElM0NzdmclMjBjbGFzcyUzRCUyMmljb24lMjBpY29uLS1jbG9zZSUyMiUyMGFyaWEtaGlkZGVuJTNEJTIydHJ1ZSUyMiUyMHJvbGUlM0QlMjJpbWclMjIlM0UlM0N1c2UlMjB4bGluayUzQWhyZWYlM0QlMjIlMjNpY29uLWNsb3NlJTIyJTNFJTNDJTJGdXNlJTNFJTNDJTJGc3ZnJTNFJTBBJTNDJTJGZGl2JTNFJTBB[\/vc_raw_html][vc_column_text]<\/p>\n<h6 class=\"accent-line green-pill\">As nossas fontes<\/h6>\n<h4><strong>Onde foi obtida esta informa\u00e7\u00e3o?<\/strong><\/h4>\n<ol>\n<li>Zhang, Y.-B. et al. Combined lifestyle factors, incident cancer, and cancer mortality: a systematic review and meta-analysis of prospective cohort studies.<\/li>\n<li>British Journal of Cancer 122, 1085\u20131093 (2020).<\/li>\n<li>Loibl, S. et al. Early breast cancer: ESMO Clinical Practice Guideline for diagnosis, treatment and follow-up. Annals of Oncology 35, 159\u2013182 (2024).<\/li>\n<li>Oaknin, A. et al. Endometrial cancer: ESMO Clinical Practice Guideline for diagnosis, treatment and follow-up\u2606. Annals of Oncology 33, 860\u2013877 (2022).<\/li>\n<li>Parker, C. et al. Prostate cancer: ESMO Clinical Practice Guidelines for diagnosis, treatment and follow-up\u2020. Annals of Oncology 31, 1119\u20131134 (2020).<\/li>\n<li>Mass General Brigham. Lifestyle Medicine in Cancer Care. https:\/\/www.massgeneralbrigham.org\/en\/about\/newsroom\/articles\/cancer-holistic-lifestyle-management.<\/li>\n<\/ol>\n<p>[\/vc_column_text][\/vc_column][\/vc_row]<\/p>\n<\/div>","protected":false},"excerpt":{"rendered":"<p>[vc_row full_width=&#8221;stretch_row&#8221; css=&#8221;.vc_custom_1731243703204{background-image: url(https:\/\/www.oncolifestyle.com\/wp-content\/uploads\/2024\/11\/home-banner.jpg?id=2337) !important;background-position: center !important;background-repeat: no-repeat !important;background-size: cover !important;}&#8221; el_class=&#8221;page-banner&#8221;][vc_column width=&#8221;1\/12&#8243;][\/vc_column][vc_column width=&#8221;7\/12&#8243;][vc_empty_space height=&#8221;17vw&#8221;][vc_custom_heading text=&#8221;A ajud\u00e1-lo a viver bem [&hellip;]<\/p>\n","protected":false},"author":1,"featured_media":0,"parent":0,"menu_order":0,"comment_status":"closed","ping_status":"closed","template":"template-fullwidth.php","meta":{"_acf_changed":false,"inline_featured_image":false,"footnotes":""},"class_list":["post-2381","page","type-page","status-publish","hentry"],"acf":[],"yoast_head":"<!-- This site is optimized with the Yoast SEO plugin v23.8 - https:\/\/yoast.com\/wordpress\/plugins\/seo\/ -->\n<title>Viver bem com o cancro: apoio baseado em evid\u00eancia | Oncolifestyle<\/title>\n<meta name=\"description\" content=\"Orienta\u00e7\u00e3o de estilo de vida baseada em evid\u00eancia para viver bem durante e ap\u00f3s o cancro, com conselhos pr\u00e1ticos e acess\u00edveis.\" \/>\n<meta name=\"robots\" content=\"index, follow, max-snippet:-1, max-image-preview:large, max-video-preview:-1\" \/>\n<link rel=\"canonical\" href=\"https:\/\/www.oncolifestyle.com\/pt-pt\/\" \/>\n<meta property=\"og:locale\" content=\"pt_PT\" \/>\n<meta property=\"og:type\" content=\"article\" \/>\n<meta property=\"og:title\" content=\"Viver bem com o cancro: apoio baseado em evid\u00eancia | Oncolifestyle\" \/>\n<meta property=\"og:description\" content=\"Orienta\u00e7\u00e3o de estilo de vida baseada em evid\u00eancia para viver bem durante e ap\u00f3s o cancro, com conselhos pr\u00e1ticos e acess\u00edveis.\" \/>\n<meta property=\"og:url\" content=\"https:\/\/www.oncolifestyle.com\/pt-pt\/\" \/>\n<meta property=\"og:site_name\" content=\"Oncolifestyle\" \/>\n<meta property=\"article:modified_time\" content=\"2024-12-02T14:01:09+00:00\" \/>\n<meta name=\"twitter:card\" content=\"summary_large_image\" \/>\n<meta name=\"twitter:label1\" content=\"Tempo estimado de leitura\" \/>\n\t<meta name=\"twitter:data1\" content=\"4 minutos\" \/>\n<script type=\"application\/ld+json\" class=\"yoast-schema-graph\">{\"@context\":\"https:\/\/schema.org\",\"@graph\":[{\"@type\":\"WebPage\",\"@id\":\"https:\/\/www.oncolifestyle.com\/pt-pt\/\",\"url\":\"https:\/\/www.oncolifestyle.com\/pt-pt\/\",\"name\":\"Viver bem com o cancro: apoio baseado em evid\u00eancia | Oncolifestyle\",\"isPartOf\":{\"@id\":\"https:\/\/www.oncolifestyle.com\/pt-pt\/#website\"},\"datePublished\":\"2022-07-27T23:10:25+00:00\",\"dateModified\":\"2024-12-02T14:01:09+00:00\",\"description\":\"Orienta\u00e7\u00e3o de estilo de vida baseada em evid\u00eancia para viver bem durante e ap\u00f3s o cancro, com conselhos pr\u00e1ticos e acess\u00edveis.\",\"breadcrumb\":{\"@id\":\"https:\/\/www.oncolifestyle.com\/pt-pt\/#breadcrumb\"},\"inLanguage\":\"pt-PT\",\"potentialAction\":[{\"@type\":\"ReadAction\",\"target\":[\"https:\/\/www.oncolifestyle.com\/pt-pt\/\"]}]},{\"@type\":\"BreadcrumbList\",\"@id\":\"https:\/\/www.oncolifestyle.com\/pt-pt\/#breadcrumb\",\"itemListElement\":[{\"@type\":\"ListItem\",\"position\":1,\"name\":\"Home\",\"item\":\"https:\/\/www.oncolifestyle.com\/pt-pt\/\"},{\"@type\":\"ListItem\",\"position\":2,\"name\":\"Home\"}]},{\"@type\":\"WebSite\",\"@id\":\"https:\/\/www.oncolifestyle.com\/pt-pt\/#website\",\"url\":\"https:\/\/www.oncolifestyle.com\/pt-pt\/\",\"name\":\"Oncolifestyle\",\"description\":\"Helping people with cancer live well\",\"publisher\":{\"@id\":\"https:\/\/www.oncolifestyle.com\/pt-pt\/#organization\"},\"potentialAction\":[{\"@type\":\"SearchAction\",\"target\":{\"@type\":\"EntryPoint\",\"urlTemplate\":\"https:\/\/www.oncolifestyle.com\/pt-pt\/?s={search_term_string}\"},\"query-input\":{\"@type\":\"PropertyValueSpecification\",\"valueRequired\":true,\"valueName\":\"search_term_string\"}}],\"inLanguage\":\"pt-PT\"},{\"@type\":\"Organization\",\"@id\":\"https:\/\/www.oncolifestyle.com\/pt-pt\/#organization\",\"name\":\"Oncolifestyle\",\"url\":\"https:\/\/www.oncolifestyle.com\/pt-pt\/\",\"logo\":{\"@type\":\"ImageObject\",\"inLanguage\":\"pt-PT\",\"@id\":\"https:\/\/www.oncolifestyle.com\/pt-pt\/#\/schema\/logo\/image\/\",\"url\":\"https:\/\/www.oncolifestyle.com\/wp-content\/uploads\/2022\/08\/ONCO_LOGO_RGB_horizontal.png\",\"contentUrl\":\"https:\/\/www.oncolifestyle.com\/wp-content\/uploads\/2022\/08\/ONCO_LOGO_RGB_horizontal.png\",\"width\":2062,\"height\":434,\"caption\":\"Oncolifestyle\"},\"image\":{\"@id\":\"https:\/\/www.oncolifestyle.com\/pt-pt\/#\/schema\/logo\/image\/\"}}]}<\/script>\n<!-- \/ Yoast SEO plugin. -->","yoast_head_json":{"title":"Viver bem com o cancro: apoio baseado em evid\u00eancia | Oncolifestyle","description":"Orienta\u00e7\u00e3o de estilo de vida baseada em evid\u00eancia para viver bem durante e ap\u00f3s o cancro, com conselhos pr\u00e1ticos e acess\u00edveis.","robots":{"index":"index","follow":"follow","max-snippet":"max-snippet:-1","max-image-preview":"max-image-preview:large","max-video-preview":"max-video-preview:-1"},"canonical":"https:\/\/www.oncolifestyle.com\/pt-pt\/","og_locale":"pt_PT","og_type":"article","og_title":"Viver bem com o cancro: apoio baseado em evid\u00eancia | Oncolifestyle","og_description":"Orienta\u00e7\u00e3o de estilo de vida baseada em evid\u00eancia para viver bem durante e ap\u00f3s o cancro, com conselhos pr\u00e1ticos e acess\u00edveis.","og_url":"https:\/\/www.oncolifestyle.com\/pt-pt\/","og_site_name":"Oncolifestyle","article_modified_time":"2024-12-02T14:01:09+00:00","twitter_card":"summary_large_image","twitter_misc":{"Tempo estimado de leitura":"4 minutos"},"schema":{"@context":"https:\/\/schema.org","@graph":[{"@type":"WebPage","@id":"https:\/\/www.oncolifestyle.com\/pt-pt\/","url":"https:\/\/www.oncolifestyle.com\/pt-pt\/","name":"Viver bem com o cancro: apoio baseado em evid\u00eancia | Oncolifestyle","isPartOf":{"@id":"https:\/\/www.oncolifestyle.com\/pt-pt\/#website"},"datePublished":"2022-07-27T23:10:25+00:00","dateModified":"2024-12-02T14:01:09+00:00","description":"Orienta\u00e7\u00e3o de estilo de vida baseada em evid\u00eancia para viver bem durante e ap\u00f3s o cancro, com conselhos pr\u00e1ticos e acess\u00edveis.","breadcrumb":{"@id":"https:\/\/www.oncolifestyle.com\/pt-pt\/#breadcrumb"},"inLanguage":"pt-PT","potentialAction":[{"@type":"ReadAction","target":["https:\/\/www.oncolifestyle.com\/pt-pt\/"]}]},{"@type":"BreadcrumbList","@id":"https:\/\/www.oncolifestyle.com\/pt-pt\/#breadcrumb","itemListElement":[{"@type":"ListItem","position":1,"name":"Home","item":"https:\/\/www.oncolifestyle.com\/pt-pt\/"},{"@type":"ListItem","position":2,"name":"Home"}]},{"@type":"WebSite","@id":"https:\/\/www.oncolifestyle.com\/pt-pt\/#website","url":"https:\/\/www.oncolifestyle.com\/pt-pt\/","name":"Oncolifestyle","description":"Helping people with cancer live well","publisher":{"@id":"https:\/\/www.oncolifestyle.com\/pt-pt\/#organization"},"potentialAction":[{"@type":"SearchAction","target":{"@type":"EntryPoint","urlTemplate":"https:\/\/www.oncolifestyle.com\/pt-pt\/?s={search_term_string}"},"query-input":{"@type":"PropertyValueSpecification","valueRequired":true,"valueName":"search_term_string"}}],"inLanguage":"pt-PT"},{"@type":"Organization","@id":"https:\/\/www.oncolifestyle.com\/pt-pt\/#organization","name":"Oncolifestyle","url":"https:\/\/www.oncolifestyle.com\/pt-pt\/","logo":{"@type":"ImageObject","inLanguage":"pt-PT","@id":"https:\/\/www.oncolifestyle.com\/pt-pt\/#\/schema\/logo\/image\/","url":"https:\/\/www.oncolifestyle.com\/wp-content\/uploads\/2022\/08\/ONCO_LOGO_RGB_horizontal.png","contentUrl":"https:\/\/www.oncolifestyle.com\/wp-content\/uploads\/2022\/08\/ONCO_LOGO_RGB_horizontal.png","width":2062,"height":434,"caption":"Oncolifestyle"},"image":{"@id":"https:\/\/www.oncolifestyle.com\/pt-pt\/#\/schema\/logo\/image\/"}}]}},"_links":{"self":[{"href":"https:\/\/www.oncolifestyle.com\/pt-pt\/wp-json\/wp\/v2\/pages\/2381","targetHints":{"allow":["GET"]}}],"collection":[{"href":"https:\/\/www.oncolifestyle.com\/pt-pt\/wp-json\/wp\/v2\/pages"}],"about":[{"href":"https:\/\/www.oncolifestyle.com\/pt-pt\/wp-json\/wp\/v2\/types\/page"}],"author":[{"embeddable":true,"href":"https:\/\/www.oncolifestyle.com\/pt-pt\/wp-json\/wp\/v2\/users\/1"}],"replies":[{"embeddable":true,"href":"https:\/\/www.oncolifestyle.com\/pt-pt\/wp-json\/wp\/v2\/comments?post=2381"}],"version-history":[{"count":8,"href":"https:\/\/www.oncolifestyle.com\/pt-pt\/wp-json\/wp\/v2\/pages\/2381\/revisions"}],"predecessor-version":[{"id":3414,"href":"https:\/\/www.oncolifestyle.com\/pt-pt\/wp-json\/wp\/v2\/pages\/2381\/revisions\/3414"}],"wp:attachment":[{"href":"https:\/\/www.oncolifestyle.com\/pt-pt\/wp-json\/wp\/v2\/media?parent=2381"}],"curies":[{"name":"wp","href":"https:\/\/api.w.org\/{rel}","templated":true}]}}