{"id":2700,"date":"2024-11-10T22:10:16","date_gmt":"2024-11-10T22:10:16","guid":{"rendered":"https:\/\/www.oncolifestyle.com\/?page_id=2700"},"modified":"2024-12-03T11:06:05","modified_gmt":"2024-12-03T11:06:05","slug":"nutricao","status":"publish","type":"page","link":"https:\/\/www.oncolifestyle.com\/pt-pt\/nutricao\/","title":{"rendered":"Nutri\u00e7\u00e3o"},"content":{"rendered":"<div class=\"wpb-content-wrapper\"><p>[vc_row full_width=&#8221;stretch_row&#8221; css=&#8221;.vc_custom_1731276601809{background-image: url(https:\/\/www.oncolifestyle.com\/wp-content\/uploads\/2024\/11\/nutrition-banner.jpg?id=2349) !important;background-position: center !important;background-repeat: no-repeat !important;background-size: cover !important;}&#8221; el_class=&#8221;page-banner&#8221;][vc_column width=&#8221;1\/12&#8243;][\/vc_column][vc_column width=&#8221;7\/12&#8243;][vc_empty_space height=&#8221;17vw&#8221;][vc_custom_heading text=&#8221;Nutri\u00e7\u00e3o&#8221; font_container=&#8221;tag:h1|text_align:left|color:%23ffffff&#8221; use_theme_fonts=&#8221;yes&#8221; css=&#8221;.vc_custom_1733223658913{margin-top: 0px !important;}&#8221;][vc_empty_space height=&#8221;5vw&#8221;][\/vc_column][vc_column width=&#8221;3\/12&#8243;][\/vc_column][vc_column width=&#8221;1\/12&#8243;][\/vc_column][\/vc_row][vc_row][vc_column width=&#8221;1\/12&#8243;][\/vc_column][vc_column width=&#8221;1\/2&#8243;][vc_column_text el_class=&#8221;breadcrumbs&#8221;]<!-- Breadcrumb NavXT 7.3.1 -->\n<span property=\"itemListElement\" typeof=\"ListItem\"><a property=\"item\" typeof=\"WebPage\" title=\"Go to Oncolifestyle.\" href=\"https:\/\/www.oncolifestyle.com\/pt-pt\/\" class=\"home\" aria-current=\"page\"><span property=\"name\">Oncolifestyle<\/span><\/a><meta property=\"position\" content=\"1\"><\/span>[\/vc_column_text][vc_column_text css=&#8221;.vc_custom_1733223764884{margin-top: 50px !important;}&#8221;]<\/p>\n<h6 class=\"green-pill\">Para al\u00e9m do diagn\u00f3stico<\/h6>\n<h2>Aproveitar o poder de uma dieta saud\u00e1vel<\/h2>\n<p>Uma boa alimenta\u00e7\u00e3o pode fazer-nos sentir bem. Adotar uma dieta saud\u00e1vel ap\u00f3s o diagn\u00f3stico de cancro pode tamb\u00e9m ajud\u00e1-lo a viver bem, a viver mais tempo e a combater alguns dos efeitos indesej\u00e1veis do tratamento do cancro.<\/p>\n<p>Quer esteja aqui por si ou por causa de um ente querido, nunca \u00e9 tarde demais para fazer uma mudan\u00e7a. Isso n\u00e3o significa que precise de um plano de dieta. Em vez disso, queremos ajud\u00e1-lo a descobrir como os alimentos que ingere podem afetar a sua qualidade de vida &#8211; e inspir\u00e1-lo a fazer mudan\u00e7as pequenas, mas duradouras que criam h\u00e1bitos que pode manter. Afinal, a boa comida deve ser uma fonte de alegria, n\u00e3o algo receitado![\/vc_column_text][\/vc_column][vc_column width=&#8221;5\/12&#8243;][vc_single_image image=&#8221;2355&#8243; img_size=&#8221;large&#8221; el_class=&#8221;page-circle-image&#8221;][\/vc_column][\/vc_row][vc_row][vc_column][vc_custom_heading text=&#8221;Descubra o que h\u00e1 de novo&#8221; font_container=&#8221;tag:h2|text_align:center&#8221; use_theme_fonts=&#8221;yes&#8221; el_class=&#8221;accent-line center&#8221; css=&#8221;.vc_custom_1733223784472{margin-top: 100px !important;margin-bottom: 100px !important;}&#8221;][\/vc_column][\/vc_row][vc_row][vc_column][vc_column_text]<div class=\"category-filter-bar\" data-container-id=\"ajax-posts-container-810846474\" data-posts-per-page=\"5\" data-limit=\"100\"><span>Filtrar por:<\/span> <a href=\"#\" class=\"filter-link active\" data-category=\"146,73,149\">Todos<\/a> <a href=\"#\" class=\"filter-link\" data-category=\"146\">Dicas de alimenta\u00e7\u00e3o<\/a> <a href=\"#\" class=\"filter-link\" data-category=\"149\">Receitas<\/a> <\/div><div class=\"ajax-posts-container feature-first\" id=\"ajax-posts-container-810846474\" data-feature-first=\"true\"><div class=\"custom-post-grid\" data-categories=\"146,73,149\" data-active-categories=\"146,73,149\" data-posts-per-page=\"5\" data-limit=\"100\" data-paged=\"1\">\t\t\t<div class=\"custom-post-card\">\n\t\t\t\t\t\t\t\t\t<a class=\"post-thumbnail-wrapper\" href=\"https:\/\/www.oncolifestyle.com\/pt-pt\/nutricao\/como-os-alimentos-que-voce-consome-afetam-sua-saude\/\">\n\t\t\t\t\t\t<img decoding=\"async\" src=\"https:\/\/www.oncolifestyle.com\/wp-content\/uploads\/2024\/11\/shutterstock_1450969046.jpg\" alt=\"Como os alimentos que voc\u00ea consome afetam sua sa\u00fade?\" class=\"post-thumbnail\" \/>\n\t\t\t\t\t<\/a>\n\t\t\t\t\t\t\t\t<div class=\"post-content\">\n\t\t\t\t\t\t\t\t\t\t\t<span class=\"post-category green-pill\">Comer bem para viver bem<\/span>\n\t\t\t\t\t\t\t\t\t\n\t\t\t\t\t<h2 class=\"post-title\"><a href=\"https:\/\/www.oncolifestyle.com\/pt-pt\/nutricao\/como-os-alimentos-que-voce-consome-afetam-sua-saude\/\">Como os alimentos que voc\u00ea consome afetam sua sa\u00fade?<\/a><\/h2>\n\t\t\t\t\t<a href=\"https:\/\/www.oncolifestyle.com\/pt-pt\/nutricao\/como-os-alimentos-que-voce-consome-afetam-sua-saude\/\" class=\"read-more\">Saiba mais<\/a>\n\t\t\t\t<\/div>\n\t\t\t<\/div>\n\t\t\t\t\t\t<div class=\"custom-post-card\">\n\t\t\t\t\t\t\t\t\t<a class=\"post-thumbnail-wrapper\" href=\"https:\/\/www.oncolifestyle.com\/pt-pt\/dicas-de-alimentacao\/e-se-nao-tiver-apetite\/\">\n\t\t\t\t\t\t<img decoding=\"async\" src=\"https:\/\/www.oncolifestyle.com\/wp-content\/uploads\/2024\/11\/shutterstock_1050118058.jpg\" alt=\"E se n\u00e3o tiver apetite?\" class=\"post-thumbnail\" \/>\n\t\t\t\t\t<\/a>\n\t\t\t\t\t\t\t\t<div class=\"post-content\">\n\t\t\t\t\t\t\t\t\t\t\t<span class=\"post-category green-pill\">Dicas de alimenta\u00e7\u00e3o<\/span>\n\t\t\t\t\t\t\t\t\t\n\t\t\t\t\t<h2 class=\"post-title\"><a href=\"https:\/\/www.oncolifestyle.com\/pt-pt\/dicas-de-alimentacao\/e-se-nao-tiver-apetite\/\">E se n\u00e3o tiver apetite?<\/a><\/h2>\n\t\t\t\t\t<a href=\"https:\/\/www.oncolifestyle.com\/pt-pt\/dicas-de-alimentacao\/e-se-nao-tiver-apetite\/\" class=\"read-more\">Saiba mais<\/a>\n\t\t\t\t<\/div>\n\t\t\t<\/div>\n\t\t\t\t\t\t<div class=\"custom-post-card\">\n\t\t\t\t\t\t\t\t\t<a class=\"post-thumbnail-wrapper\" href=\"https:\/\/www.oncolifestyle.com\/pt-pt\/dicas-de-alimentacao\/orientacao-alimentar-para-evitar-a-sensacao-de-enjoo\/\">\n\t\t\t\t\t\t<img decoding=\"async\" src=\"https:\/\/www.oncolifestyle.com\/wp-content\/uploads\/2024\/11\/woman-bowing-her-head-toilet-bathroom-top-view.jpg\" alt=\"Orienta\u00e7\u00e3o alimentar para evitar a sensa\u00e7\u00e3o de enjoo\" class=\"post-thumbnail\" \/>\n\t\t\t\t\t<\/a>\n\t\t\t\t\t\t\t\t<div class=\"post-content\">\n\t\t\t\t\t\t\t\t\t\t\t<span class=\"post-category green-pill\">Dicas de alimenta\u00e7\u00e3o<\/span>\n\t\t\t\t\t\t\t\t\t\n\t\t\t\t\t<h2 class=\"post-title\"><a href=\"https:\/\/www.oncolifestyle.com\/pt-pt\/dicas-de-alimentacao\/orientacao-alimentar-para-evitar-a-sensacao-de-enjoo\/\">Orienta\u00e7\u00e3o alimentar para evitar a sensa\u00e7\u00e3o de enjoo<\/a><\/h2>\n\t\t\t\t\t<a href=\"https:\/\/www.oncolifestyle.com\/pt-pt\/dicas-de-alimentacao\/orientacao-alimentar-para-evitar-a-sensacao-de-enjoo\/\" class=\"read-more\">Saiba mais<\/a>\n\t\t\t\t<\/div>\n\t\t\t<\/div>\n\t\t\t\t\t\t<div class=\"custom-post-card\">\n\t\t\t\t\t\t\t\t\t<a class=\"post-thumbnail-wrapper\" href=\"https:\/\/www.oncolifestyle.com\/pt-pt\/dicas-de-alimentacao\/a-importancia-de-ingerir-proteina-suficiente\/\">\n\t\t\t\t\t\t<img decoding=\"async\" src=\"https:\/\/www.oncolifestyle.com\/wp-content\/uploads\/2024\/11\/fresh-tuna-eggs.jpg\" alt=\"A import\u00e2ncia de ingerir prote\u00edna suficiente\" class=\"post-thumbnail\" \/>\n\t\t\t\t\t<\/a>\n\t\t\t\t\t\t\t\t<div class=\"post-content\">\n\t\t\t\t\t\t\t\t\t\t\t<span class=\"post-category green-pill\">Dicas de alimenta\u00e7\u00e3o<\/span>\n\t\t\t\t\t\t\t\t\t\n\t\t\t\t\t<h2 class=\"post-title\"><a href=\"https:\/\/www.oncolifestyle.com\/pt-pt\/dicas-de-alimentacao\/a-importancia-de-ingerir-proteina-suficiente\/\">A import\u00e2ncia de ingerir prote\u00edna suficiente<\/a><\/h2>\n\t\t\t\t\t<a href=\"https:\/\/www.oncolifestyle.com\/pt-pt\/dicas-de-alimentacao\/a-importancia-de-ingerir-proteina-suficiente\/\" class=\"read-more\">Saiba mais<\/a>\n\t\t\t\t<\/div>\n\t\t\t<\/div>\n\t\t\t\t\t\t<div class=\"custom-post-card\">\n\t\t\t\t\t\t\t\t\t<a class=\"post-thumbnail-wrapper\" href=\"https:\/\/www.oncolifestyle.com\/pt-pt\/dicas-de-alimentacao\/receitas-sicilianas\/\">\n\t\t\t\t\t\t<img decoding=\"async\" src=\"https:\/\/www.oncolifestyle.com\/wp-content\/uploads\/2024\/11\/fresh-tuna-eggs.jpg\" alt=\"Receitas sicilianas\" class=\"post-thumbnail\" \/>\n\t\t\t\t\t<\/a>\n\t\t\t\t\t\t\t\t<div class=\"post-content\">\n\t\t\t\t\t\t\t\t\t\t\t<span class=\"post-category green-pill\">Dicas de alimenta\u00e7\u00e3o<\/span>\n\t\t\t\t\t\t\t\t\t\n\t\t\t\t\t<h2 class=\"post-title\"><a href=\"https:\/\/www.oncolifestyle.com\/pt-pt\/dicas-de-alimentacao\/receitas-sicilianas\/\">Receitas sicilianas<\/a><\/h2>\n\t\t\t\t\t<a href=\"https:\/\/www.oncolifestyle.com\/pt-pt\/dicas-de-alimentacao\/receitas-sicilianas\/\" class=\"read-more\">Saiba mais<\/a>\n\t\t\t\t<\/div>\n\t\t\t<\/div>\n\t\t\t<\/div>\n\t\t<div class=\"vc_btn3-container  view-more-articles vc_btn3-center\" style=\"margin-top: 20px;\">\n\t\t\t<button class=\"load-more vc_general vc_btn3 vc_btn3-size-md vc_btn3-shape-round vc_btn3-style-classic vc_btn3-color-danger\" data-paged=\"2\">Ver mais artigos<\/button>\n\t\t<\/div> <\/div>[\/vc_column_text][\/vc_column][\/vc_row][vc_row][vc_column][vc_custom_heading text=&#8221;Explore mais&#8221; font_container=&#8221;tag:h2|text_align:center&#8221; use_theme_fonts=&#8221;yes&#8221; el_class=&#8221;accent-line center&#8221; css=&#8221;.vc_custom_1733223802870{margin-top: 130px !important;padding-bottom: 150px !important;}&#8221;][\/vc_column][\/vc_row][vc_row gap=&#8221;30&#8243; equal_height=&#8221;yes&#8221; css=&#8221;.vc_custom_1731312530635{padding-bottom: 100px !important;background-image: url(https:\/\/www.oncolifestyle.com\/wp-content\/uploads\/2022\/08\/news-bg.jpg?id=148) !important;background-position: 0 0 !important;background-repeat: no-repeat !important;}&#8221; el_class=&#8221;explore-cards&#8221;][vc_column width=&#8221;1\/2&#8243; css=&#8221;.vc_custom_1731312481077{margin-top: -100px !important;background-image: url(https:\/\/www.oncolifestyle.com\/wp-content\/uploads\/2024\/11\/physical-activity-card-bg.jpg?id=2721) !important;background-position: center !important;background-repeat: no-repeat !important;background-size: cover !important;}&#8221; el_class=&#8221;home-cards&#8221;][vc_single_image image=&#8221;2739&#8243; img_size=&#8221;200&#215;220&#8243; alignment=&#8221;right&#8221;][vc_column_text]<\/p>\n<h4>ATIVIDADE F\u00cdSICA<\/h4>\n<p>Descubra como manter-se fisicamente ativo pode melhorar seu bem-estar f\u00edsico, mental e social.[\/vc_column_text][vc_btn title=&#8221;Saiba mais&#8221; style=&#8221;classic&#8221; shape=&#8221;square&#8221; color=&#8221;white&#8221; link=&#8221;url:https%3A%2F%2Fwww.oncolifestyle.com%2Fpt-pt%2Fcancro-da-prostata%2Fatividade-fisica%2F|title:Atividade%20f%C3%ADsica&#8221;][\/vc_column][vc_column width=&#8221;1\/2&#8243; css=&#8221;.vc_custom_1731312500410{margin-top: -100px !important;background-image: url(https:\/\/www.oncolifestyle.com\/wp-content\/uploads\/2024\/11\/mental-health-card-bg.jpg?id=2709) !important;}&#8221; el_class=&#8221;home-cards&#8221;][vc_single_image image=&#8221;2727&#8243; img_size=&#8221;210&#215;240&#8243; alignment=&#8221;right&#8221;][vc_column_text]<\/p>\n<h4>SA\u00daDE MENTAL<\/h4>\n<p>Entenda como o c\u00e2ncer afeta sua sa\u00fade cognitiva e emocional \u2013 e como voc\u00ea pode proteger seu bem-estar mental.[\/vc_column_text][vc_btn title=&#8221;Saiba mais&#8221; style=&#8221;classic&#8221; shape=&#8221;square&#8221; color=&#8221;white&#8221; link=&#8221;url:https%3A%2F%2Fwww.oncolifestyle.com%2Fpt-pt%2Fcancro-da-prostata%2Fsaude-mental%2F|title:Mental%20Health&#8221;][\/vc_column][\/vc_row][vc_row css=&#8221;.vc_custom_1731277799166{padding-top: 100px !important;padding-bottom: 100px !important;}&#8221;][vc_column width=&#8221;1\/12&#8243;][\/vc_column][vc_column width=&#8221;10\/12&#8243;][vc_custom_heading text=&#8221;Informa\u00e7\u00e3o em que pode confiar&#8221; font_container=&#8221;tag:h2|text_align:center&#8221; use_theme_fonts=&#8221;yes&#8221; el_class=&#8221;accent-line center size-sm&#8221;][vc_column_text]<\/p>\n<p style=\"text-align: center;\">Com tantas opini\u00f5es por a\u00ed, pode ser dif\u00edcil saber quem seguir. Na Oncolifestyle, fazemos o nosso melhor para lhe fornecer informa\u00e7\u00f5es baseadas em provas que foram cuidadosamente investigadas tendo em mente a sua sa\u00fade.<\/p>\n<p>[\/vc_column_text][\/vc_column][vc_column width=&#8221;1\/12&#8243;][\/vc_column][\/vc_row]<\/p>\n<\/div>","protected":false},"excerpt":{"rendered":"<p>[vc_row full_width=&#8221;stretch_row&#8221; css=&#8221;.vc_custom_1731276601809{background-image: url(https:\/\/www.oncolifestyle.com\/wp-content\/uploads\/2024\/11\/nutrition-banner.jpg?id=2349) !important;background-position: center !important;background-repeat: no-repeat !important;background-size: cover !important;}&#8221; el_class=&#8221;page-banner&#8221;][vc_column width=&#8221;1\/12&#8243;][\/vc_column][vc_column width=&#8221;7\/12&#8243;][vc_empty_space height=&#8221;17vw&#8221;][vc_custom_heading text=&#8221;Nutri\u00e7\u00e3o&#8221; font_container=&#8221;tag:h1|text_align:left|color:%23ffffff&#8221; use_theme_fonts=&#8221;yes&#8221; css=&#8221;.vc_custom_1733223658913{margin-top: 0px [&hellip;]<\/p>\n","protected":false},"author":1,"featured_media":0,"parent":0,"menu_order":0,"comment_status":"closed","ping_status":"closed","template":"template-fullwidth.php","meta":{"_acf_changed":false,"inline_featured_image":false,"footnotes":""},"class_list":["post-2700","page","type-page","status-publish","hentry"],"acf":[],"yoast_head":"<!-- This site is optimized with the Yoast SEO plugin v23.8 - https:\/\/yoast.com\/wordpress\/plugins\/seo\/ -->\n<title>Nutri\u00e7\u00e3o durante e ap\u00f3s o cancro: apoio alimentar | Oncolifestyle<\/title>\n<meta name=\"description\" content=\"Descubra como a nutri\u00e7\u00e3o pode apoiar a sa\u00fade e o bem-estar durante e ap\u00f3s o cancro, com orienta\u00e7\u00f5es pr\u00e1ticas e equilibradas.\" \/>\n<meta name=\"robots\" content=\"index, follow, max-snippet:-1, max-image-preview:large, max-video-preview:-1\" \/>\n<link rel=\"canonical\" href=\"https:\/\/www.oncolifestyle.com\/pt-pt\/nutricao\/\" \/>\n<meta property=\"og:locale\" content=\"pt_PT\" \/>\n<meta property=\"og:type\" content=\"article\" \/>\n<meta property=\"og:title\" content=\"Nutri\u00e7\u00e3o durante e ap\u00f3s o cancro: apoio alimentar | Oncolifestyle\" \/>\n<meta property=\"og:description\" content=\"Descubra como a nutri\u00e7\u00e3o pode apoiar a sa\u00fade e o bem-estar durante e ap\u00f3s o cancro, com orienta\u00e7\u00f5es pr\u00e1ticas e equilibradas.\" \/>\n<meta property=\"og:url\" content=\"https:\/\/www.oncolifestyle.com\/pt-pt\/nutricao\/\" \/>\n<meta property=\"og:site_name\" content=\"Oncolifestyle\" \/>\n<meta property=\"article:modified_time\" content=\"2024-12-03T11:06:05+00:00\" \/>\n<meta name=\"twitter:card\" content=\"summary_large_image\" \/>\n<meta name=\"twitter:label1\" content=\"Tempo estimado de leitura\" \/>\n\t<meta name=\"twitter:data1\" content=\"3 minutos\" \/>\n<script type=\"application\/ld+json\" class=\"yoast-schema-graph\">{\"@context\":\"https:\/\/schema.org\",\"@graph\":[{\"@type\":\"WebPage\",\"@id\":\"https:\/\/www.oncolifestyle.com\/pt-pt\/nutricao\/\",\"url\":\"https:\/\/www.oncolifestyle.com\/pt-pt\/nutricao\/\",\"name\":\"Nutri\u00e7\u00e3o durante e ap\u00f3s o cancro: apoio alimentar | Oncolifestyle\",\"isPartOf\":{\"@id\":\"https:\/\/www.oncolifestyle.com\/pt-pt\/#website\"},\"datePublished\":\"2024-11-10T22:10:16+00:00\",\"dateModified\":\"2024-12-03T11:06:05+00:00\",\"description\":\"Descubra como a nutri\u00e7\u00e3o pode apoiar a sa\u00fade e o bem-estar durante e ap\u00f3s o cancro, com orienta\u00e7\u00f5es pr\u00e1ticas e equilibradas.\",\"breadcrumb\":{\"@id\":\"https:\/\/www.oncolifestyle.com\/pt-pt\/nutricao\/#breadcrumb\"},\"inLanguage\":\"pt-PT\",\"potentialAction\":[{\"@type\":\"ReadAction\",\"target\":[\"https:\/\/www.oncolifestyle.com\/pt-pt\/nutricao\/\"]}]},{\"@type\":\"BreadcrumbList\",\"@id\":\"https:\/\/www.oncolifestyle.com\/pt-pt\/nutricao\/#breadcrumb\",\"itemListElement\":[{\"@type\":\"ListItem\",\"position\":1,\"name\":\"Home\",\"item\":\"https:\/\/www.oncolifestyle.com\/pt-pt\/\"},{\"@type\":\"ListItem\",\"position\":2,\"name\":\"Nutri\u00e7\u00e3o\"}]},{\"@type\":\"WebSite\",\"@id\":\"https:\/\/www.oncolifestyle.com\/pt-pt\/#website\",\"url\":\"https:\/\/www.oncolifestyle.com\/pt-pt\/\",\"name\":\"Oncolifestyle\",\"description\":\"Helping people with cancer live well\",\"publisher\":{\"@id\":\"https:\/\/www.oncolifestyle.com\/pt-pt\/#organization\"},\"potentialAction\":[{\"@type\":\"SearchAction\",\"target\":{\"@type\":\"EntryPoint\",\"urlTemplate\":\"https:\/\/www.oncolifestyle.com\/pt-pt\/?s={search_term_string}\"},\"query-input\":{\"@type\":\"PropertyValueSpecification\",\"valueRequired\":true,\"valueName\":\"search_term_string\"}}],\"inLanguage\":\"pt-PT\"},{\"@type\":\"Organization\",\"@id\":\"https:\/\/www.oncolifestyle.com\/pt-pt\/#organization\",\"name\":\"Oncolifestyle\",\"url\":\"https:\/\/www.oncolifestyle.com\/pt-pt\/\",\"logo\":{\"@type\":\"ImageObject\",\"inLanguage\":\"pt-PT\",\"@id\":\"https:\/\/www.oncolifestyle.com\/pt-pt\/#\/schema\/logo\/image\/\",\"url\":\"https:\/\/www.oncolifestyle.com\/wp-content\/uploads\/2022\/08\/ONCO_LOGO_RGB_horizontal.png\",\"contentUrl\":\"https:\/\/www.oncolifestyle.com\/wp-content\/uploads\/2022\/08\/ONCO_LOGO_RGB_horizontal.png\",\"width\":2062,\"height\":434,\"caption\":\"Oncolifestyle\"},\"image\":{\"@id\":\"https:\/\/www.oncolifestyle.com\/pt-pt\/#\/schema\/logo\/image\/\"}}]}<\/script>\n<!-- \/ Yoast SEO plugin. -->","yoast_head_json":{"title":"Nutri\u00e7\u00e3o durante e ap\u00f3s o cancro: apoio alimentar | Oncolifestyle","description":"Descubra como a nutri\u00e7\u00e3o pode apoiar a sa\u00fade e o bem-estar durante e ap\u00f3s o cancro, com orienta\u00e7\u00f5es pr\u00e1ticas e equilibradas.","robots":{"index":"index","follow":"follow","max-snippet":"max-snippet:-1","max-image-preview":"max-image-preview:large","max-video-preview":"max-video-preview:-1"},"canonical":"https:\/\/www.oncolifestyle.com\/pt-pt\/nutricao\/","og_locale":"pt_PT","og_type":"article","og_title":"Nutri\u00e7\u00e3o durante e ap\u00f3s o cancro: apoio alimentar | Oncolifestyle","og_description":"Descubra como a nutri\u00e7\u00e3o pode apoiar a sa\u00fade e o bem-estar durante e ap\u00f3s o cancro, com orienta\u00e7\u00f5es pr\u00e1ticas e equilibradas.","og_url":"https:\/\/www.oncolifestyle.com\/pt-pt\/nutricao\/","og_site_name":"Oncolifestyle","article_modified_time":"2024-12-03T11:06:05+00:00","twitter_card":"summary_large_image","twitter_misc":{"Tempo estimado de leitura":"3 minutos"},"schema":{"@context":"https:\/\/schema.org","@graph":[{"@type":"WebPage","@id":"https:\/\/www.oncolifestyle.com\/pt-pt\/nutricao\/","url":"https:\/\/www.oncolifestyle.com\/pt-pt\/nutricao\/","name":"Nutri\u00e7\u00e3o durante e ap\u00f3s o cancro: apoio alimentar | Oncolifestyle","isPartOf":{"@id":"https:\/\/www.oncolifestyle.com\/pt-pt\/#website"},"datePublished":"2024-11-10T22:10:16+00:00","dateModified":"2024-12-03T11:06:05+00:00","description":"Descubra como a nutri\u00e7\u00e3o pode apoiar a sa\u00fade e o bem-estar durante e ap\u00f3s o cancro, com orienta\u00e7\u00f5es pr\u00e1ticas e equilibradas.","breadcrumb":{"@id":"https:\/\/www.oncolifestyle.com\/pt-pt\/nutricao\/#breadcrumb"},"inLanguage":"pt-PT","potentialAction":[{"@type":"ReadAction","target":["https:\/\/www.oncolifestyle.com\/pt-pt\/nutricao\/"]}]},{"@type":"BreadcrumbList","@id":"https:\/\/www.oncolifestyle.com\/pt-pt\/nutricao\/#breadcrumb","itemListElement":[{"@type":"ListItem","position":1,"name":"Home","item":"https:\/\/www.oncolifestyle.com\/pt-pt\/"},{"@type":"ListItem","position":2,"name":"Nutri\u00e7\u00e3o"}]},{"@type":"WebSite","@id":"https:\/\/www.oncolifestyle.com\/pt-pt\/#website","url":"https:\/\/www.oncolifestyle.com\/pt-pt\/","name":"Oncolifestyle","description":"Helping people with cancer live well","publisher":{"@id":"https:\/\/www.oncolifestyle.com\/pt-pt\/#organization"},"potentialAction":[{"@type":"SearchAction","target":{"@type":"EntryPoint","urlTemplate":"https:\/\/www.oncolifestyle.com\/pt-pt\/?s={search_term_string}"},"query-input":{"@type":"PropertyValueSpecification","valueRequired":true,"valueName":"search_term_string"}}],"inLanguage":"pt-PT"},{"@type":"Organization","@id":"https:\/\/www.oncolifestyle.com\/pt-pt\/#organization","name":"Oncolifestyle","url":"https:\/\/www.oncolifestyle.com\/pt-pt\/","logo":{"@type":"ImageObject","inLanguage":"pt-PT","@id":"https:\/\/www.oncolifestyle.com\/pt-pt\/#\/schema\/logo\/image\/","url":"https:\/\/www.oncolifestyle.com\/wp-content\/uploads\/2022\/08\/ONCO_LOGO_RGB_horizontal.png","contentUrl":"https:\/\/www.oncolifestyle.com\/wp-content\/uploads\/2022\/08\/ONCO_LOGO_RGB_horizontal.png","width":2062,"height":434,"caption":"Oncolifestyle"},"image":{"@id":"https:\/\/www.oncolifestyle.com\/pt-pt\/#\/schema\/logo\/image\/"}}]}},"_links":{"self":[{"href":"https:\/\/www.oncolifestyle.com\/pt-pt\/wp-json\/wp\/v2\/pages\/2700","targetHints":{"allow":["GET"]}}],"collection":[{"href":"https:\/\/www.oncolifestyle.com\/pt-pt\/wp-json\/wp\/v2\/pages"}],"about":[{"href":"https:\/\/www.oncolifestyle.com\/pt-pt\/wp-json\/wp\/v2\/types\/page"}],"author":[{"embeddable":true,"href":"https:\/\/www.oncolifestyle.com\/pt-pt\/wp-json\/wp\/v2\/users\/1"}],"replies":[{"embeddable":true,"href":"https:\/\/www.oncolifestyle.com\/pt-pt\/wp-json\/wp\/v2\/comments?post=2700"}],"version-history":[{"count":3,"href":"https:\/\/www.oncolifestyle.com\/pt-pt\/wp-json\/wp\/v2\/pages\/2700\/revisions"}],"predecessor-version":[{"id":3435,"href":"https:\/\/www.oncolifestyle.com\/pt-pt\/wp-json\/wp\/v2\/pages\/2700\/revisions\/3435"}],"wp:attachment":[{"href":"https:\/\/www.oncolifestyle.com\/pt-pt\/wp-json\/wp\/v2\/media?parent=2700"}],"curies":[{"name":"wp","href":"https:\/\/api.w.org\/{rel}","templated":true}]}}